{"id":8,"date":"2016-08-01T10:27:52","date_gmt":"2016-08-01T13:27:52","guid":{"rendered":"http:\/\/itr.ufrrj.br\/sigabi\/?page_id=8"},"modified":"2019-07-15T11:20:33","modified_gmt":"2019-07-15T14:20:33","slug":"apresentacao","status":"publish","type":"page","link":"https:\/\/itr.ufrrj.br\/sigabi\/apresentacao\/","title":{"rendered":"Apresenta\u00e7\u00e3o"},"content":{"rendered":"<p style=\"font-weight: 400;\">O SIGABI \u00e9 voltado para alunos de gradua\u00e7\u00e3o, especializa\u00e7\u00e3o e p\u00f3s-gradua\u00e7\u00e3o, professores, pesquisadores e profissionais da \u00e1rea ambiental, e tem como objetivos principais a divulga\u00e7\u00e3o dos resultados de pesquisas, o interc\u00e2mbio de ideias, a inser\u00e7\u00e3o de novos talentos na comunidade cient\u00edfica e a integra\u00e7\u00e3o de profissionais, pesquisadores e estudantes engajados na conserva\u00e7\u00e3o dos recursos naturais, criando novos la\u00e7os profissionais e\/ou fortalecendo parcerias.<\/p>\n<p style=\"font-weight: 400;\">O evento anual de abrang\u00eancia nacional propicia, mediante programa\u00e7\u00e3o diversificada e de qualidade, a atualiza\u00e7\u00e3o dos participantes,\u00a0\u00a0al\u00e9m de fortalecer o papel da UFRRJ como geradora e divulgadora de conhecimento cient\u00edfico no interior Fluminense, mais precisamente na regi\u00e3o Centro-Sul Fluminense.<\/p>\n","protected":false},"excerpt":{"rendered":"<p>O SIGABI \u00e9 voltado para alunos de gradua\u00e7\u00e3o, especializa\u00e7\u00e3o e p\u00f3s-gradua\u00e7\u00e3o, professores, pesquisadores e profissionais da \u00e1rea ambiental, e tem como objetivos principais a divulga\u00e7\u00e3o dos resultados de pesquisas, o interc\u00e2mbio de ideias, a inser\u00e7\u00e3o de novos talentos na comunidade cient\u00edfica e a integra\u00e7\u00e3o de profissionais, pesquisadores e estudantes engajados na conserva\u00e7\u00e3o dos recursos naturais, [&hellip;]<\/p>\n","protected":false},"author":2,"featured_media":0,"parent":0,"menu_order":0,"comment_status":"closed","ping_status":"closed","template":"","meta":[],"yoast_head":"<!-- This site is optimized with the Yoast SEO plugin v20.6 - https:\/\/yoast.com\/wordpress\/plugins\/seo\/ -->\n<title>Apresenta\u00e7\u00e3o - SIGABI - Simp\u00f3sio de Gest\u00e3o Ambiental e Biodiversidade<\/title>\n<meta name=\"robots\" content=\"index, follow, max-snippet:-1, max-image-preview:large, max-video-preview:-1\" \/>\n<link rel=\"canonical\" href=\"https:\/\/itr.ufrrj.br\/sigabi\/apresentacao\/\" \/>\n<meta property=\"og:locale\" content=\"pt_BR\" \/>\n<meta property=\"og:type\" content=\"article\" \/>\n<meta property=\"og:title\" content=\"Apresenta\u00e7\u00e3o - SIGABI - Simp\u00f3sio de Gest\u00e3o Ambiental e Biodiversidade\" \/>\n<meta property=\"og:description\" content=\"O SIGABI \u00e9 voltado para alunos de gradua\u00e7\u00e3o, especializa\u00e7\u00e3o e p\u00f3s-gradua\u00e7\u00e3o, professores, pesquisadores e profissionais da \u00e1rea ambiental, e tem como objetivos principais a divulga\u00e7\u00e3o dos resultados de pesquisas, o interc\u00e2mbio de ideias, a inser\u00e7\u00e3o de novos talentos na comunidade cient\u00edfica e a integra\u00e7\u00e3o de profissionais, pesquisadores e estudantes engajados na conserva\u00e7\u00e3o dos recursos naturais, [&hellip;]\" \/>\n<meta property=\"og:url\" content=\"https:\/\/itr.ufrrj.br\/sigabi\/apresentacao\/\" \/>\n<meta property=\"og:site_name\" content=\"SIGABI - Simp\u00f3sio de Gest\u00e3o Ambiental e Biodiversidade\" \/>\n<meta property=\"article:modified_time\" content=\"2019-07-15T14:20:33+00:00\" \/>\n<meta name=\"twitter:card\" content=\"summary_large_image\" \/>\n<meta name=\"twitter:label1\" content=\"Est. tempo de leitura\" \/>\n\t<meta name=\"twitter:data1\" content=\"1 minuto\" \/>\n<script type=\"application\/ld+json\" class=\"yoast-schema-graph\">{\"@context\":\"https:\/\/schema.org\",\"@graph\":[{\"@type\":\"WebPage\",\"@id\":\"https:\/\/itr.ufrrj.br\/sigabi\/apresentacao\/\",\"url\":\"https:\/\/itr.ufrrj.br\/sigabi\/apresentacao\/\",\"name\":\"Apresenta\u00e7\u00e3o - SIGABI - Simp\u00f3sio de Gest\u00e3o Ambiental e Biodiversidade\",\"isPartOf\":{\"@id\":\"https:\/\/itr.ufrrj.br\/sigabi\/#website\"},\"datePublished\":\"2016-08-01T13:27:52+00:00\",\"dateModified\":\"2019-07-15T14:20:33+00:00\",\"breadcrumb\":{\"@id\":\"https:\/\/itr.ufrrj.br\/sigabi\/apresentacao\/#breadcrumb\"},\"inLanguage\":\"pt-BR\",\"potentialAction\":[{\"@type\":\"ReadAction\",\"target\":[\"https:\/\/itr.ufrrj.br\/sigabi\/apresentacao\/\"]}]},{\"@type\":\"BreadcrumbList\",\"@id\":\"https:\/\/itr.ufrrj.br\/sigabi\/apresentacao\/#breadcrumb\",\"itemListElement\":[{\"@type\":\"ListItem\",\"position\":1,\"name\":\"In\u00edcio\",\"item\":\"https:\/\/itr.ufrrj.br\/sigabi\/\"},{\"@type\":\"ListItem\",\"position\":2,\"name\":\"Apresenta\u00e7\u00e3o\"}]},{\"@type\":\"WebSite\",\"@id\":\"https:\/\/itr.ufrrj.br\/sigabi\/#website\",\"url\":\"https:\/\/itr.ufrrj.br\/sigabi\/\",\"name\":\"SIGABI - Simp\u00f3sio de Gest\u00e3o Ambiental e Biodiversidade\",\"description\":\"Simp\u00f3sio de Gest\u00e3o Ambiental e Biodiversidade\",\"potentialAction\":[{\"@type\":\"SearchAction\",\"target\":{\"@type\":\"EntryPoint\",\"urlTemplate\":\"https:\/\/itr.ufrrj.br\/sigabi\/?s={search_term_string}\"},\"query-input\":\"required name=search_term_string\"}],\"inLanguage\":\"pt-BR\"}]}<\/script>\n<!-- \/ Yoast SEO plugin. -->","yoast_head_json":{"title":"Apresenta\u00e7\u00e3o - SIGABI - Simp\u00f3sio de Gest\u00e3o Ambiental e Biodiversidade","robots":{"index":"index","follow":"follow","max-snippet":"max-snippet:-1","max-image-preview":"max-image-preview:large","max-video-preview":"max-video-preview:-1"},"canonical":"https:\/\/itr.ufrrj.br\/sigabi\/apresentacao\/","og_locale":"pt_BR","og_type":"article","og_title":"Apresenta\u00e7\u00e3o - SIGABI - Simp\u00f3sio de Gest\u00e3o Ambiental e Biodiversidade","og_description":"O SIGABI \u00e9 voltado para alunos de gradua\u00e7\u00e3o, especializa\u00e7\u00e3o e p\u00f3s-gradua\u00e7\u00e3o, professores, pesquisadores e profissionais da \u00e1rea ambiental, e tem como objetivos principais a divulga\u00e7\u00e3o dos resultados de pesquisas, o interc\u00e2mbio de ideias, a inser\u00e7\u00e3o de novos talentos na comunidade cient\u00edfica e a integra\u00e7\u00e3o de profissionais, pesquisadores e estudantes engajados na conserva\u00e7\u00e3o dos recursos naturais, [&hellip;]","og_url":"https:\/\/itr.ufrrj.br\/sigabi\/apresentacao\/","og_site_name":"SIGABI - Simp\u00f3sio de Gest\u00e3o Ambiental e Biodiversidade","article_modified_time":"2019-07-15T14:20:33+00:00","twitter_card":"summary_large_image","twitter_misc":{"Est. tempo de leitura":"1 minuto"},"schema":{"@context":"https:\/\/schema.org","@graph":[{"@type":"WebPage","@id":"https:\/\/itr.ufrrj.br\/sigabi\/apresentacao\/","url":"https:\/\/itr.ufrrj.br\/sigabi\/apresentacao\/","name":"Apresenta\u00e7\u00e3o - SIGABI - Simp\u00f3sio de Gest\u00e3o Ambiental e Biodiversidade","isPartOf":{"@id":"https:\/\/itr.ufrrj.br\/sigabi\/#website"},"datePublished":"2016-08-01T13:27:52+00:00","dateModified":"2019-07-15T14:20:33+00:00","breadcrumb":{"@id":"https:\/\/itr.ufrrj.br\/sigabi\/apresentacao\/#breadcrumb"},"inLanguage":"pt-BR","potentialAction":[{"@type":"ReadAction","target":["https:\/\/itr.ufrrj.br\/sigabi\/apresentacao\/"]}]},{"@type":"BreadcrumbList","@id":"https:\/\/itr.ufrrj.br\/sigabi\/apresentacao\/#breadcrumb","itemListElement":[{"@type":"ListItem","position":1,"name":"In\u00edcio","item":"https:\/\/itr.ufrrj.br\/sigabi\/"},{"@type":"ListItem","position":2,"name":"Apresenta\u00e7\u00e3o"}]},{"@type":"WebSite","@id":"https:\/\/itr.ufrrj.br\/sigabi\/#website","url":"https:\/\/itr.ufrrj.br\/sigabi\/","name":"SIGABI - Simp\u00f3sio de Gest\u00e3o Ambiental e Biodiversidade","description":"Simp\u00f3sio de Gest\u00e3o Ambiental e Biodiversidade","potentialAction":[{"@type":"SearchAction","target":{"@type":"EntryPoint","urlTemplate":"https:\/\/itr.ufrrj.br\/sigabi\/?s={search_term_string}"},"query-input":"required name=search_term_string"}],"inLanguage":"pt-BR"}]}},"_links":{"self":[{"href":"https:\/\/itr.ufrrj.br\/sigabi\/wp-json\/wp\/v2\/pages\/8"}],"collection":[{"href":"https:\/\/itr.ufrrj.br\/sigabi\/wp-json\/wp\/v2\/pages"}],"about":[{"href":"https:\/\/itr.ufrrj.br\/sigabi\/wp-json\/wp\/v2\/types\/page"}],"author":[{"embeddable":true,"href":"https:\/\/itr.ufrrj.br\/sigabi\/wp-json\/wp\/v2\/users\/2"}],"replies":[{"embeddable":true,"href":"https:\/\/itr.ufrrj.br\/sigabi\/wp-json\/wp\/v2\/comments?post=8"}],"version-history":[{"count":14,"href":"https:\/\/itr.ufrrj.br\/sigabi\/wp-json\/wp\/v2\/pages\/8\/revisions"}],"predecessor-version":[{"id":537,"href":"https:\/\/itr.ufrrj.br\/sigabi\/wp-json\/wp\/v2\/pages\/8\/revisions\/537"}],"wp:attachment":[{"href":"https:\/\/itr.ufrrj.br\/sigabi\/wp-json\/wp\/v2\/media?parent=8"}],"curies":[{"name":"wp","href":"https:\/\/api.w.org\/{rel}","templated":true}]}}