{"id":45,"date":"2016-08-01T10:53:32","date_gmt":"2016-08-01T13:53:32","guid":{"rendered":"http:\/\/itr.ufrrj.br\/sigabi\/?page_id=45"},"modified":"2018-07-02T14:47:01","modified_gmt":"2018-07-02T17:47:01","slug":"certificados","status":"publish","type":"page","link":"https:\/\/itr.ufrrj.br\/sigabi\/certificados\/","title":{"rendered":"Certificados"},"content":{"rendered":"<p style=\"text-align: center;\">Para fazer o download dos certificados do <strong>7\u00ba SIGABI<\/strong> clicar nos links abaixo.<\/p>\n<p style=\"text-align: center;\">Agradecemos a sua participa\u00e7\u00e3o!!!<\/p>\n<p style=\"text-align: center;\">\n<p style=\"text-align: center;\"><a href=\"http:\/\/itr.ufrrj.br\/sigabi\/wp-content\/uploads\/2018\/07\/Certificados-SIGABI-2018-trabalhos-1.pdf\">Certificados SIGABI 2018 trabalhos<\/a><\/p>\n<p style=\"text-align: center;\"><a href=\"http:\/\/itr.ufrrj.br\/sigabi\/wp-content\/uploads\/2018\/07\/Certificados-SIGABI-2018-participantes.pdf\">Certificados SIGABI 2018 participantes<\/a><\/p>\n<p>&nbsp;<\/p>\n<p>&nbsp;<\/p>\n<p>&nbsp;<\/p>\n<p style=\"text-align: center;\">Para fazer o download dos certificados do 6\u00ba SIGABI clicar nos links abaixo.<\/p>\n<p style=\"text-align: center;\">Agradecemos a sua participa\u00e7\u00e3o!!!<\/p>\n<p style=\"text-align: center;\"><a href=\"http:\/\/itr.ufrrj.br\/sigabi\/wp-content\/uploads\/2016\/08\/CERTIFICADOS-SIGABI-2017-trabalhos.pdf\">Certificados de Apresenta\u00e7\u00f5es Orais e Pain\u00e9is<\/a><\/p>\n<p style=\"text-align: center;\"><a href=\"http:\/\/itr.ufrrj.br\/sigabi\/wp-content\/uploads\/2016\/08\/CERTIFICADOS-SIGABI-2017-participantes.pdf\">Certificados de participa\u00e7\u00e3o, minicursos e oficinas<\/a><\/p>\n","protected":false},"excerpt":{"rendered":"<p>Para fazer o download dos certificados do 7\u00ba SIGABI clicar nos links abaixo. Agradecemos a sua participa\u00e7\u00e3o!!! Certificados SIGABI 2018 trabalhos Certificados SIGABI 2018 participantes &nbsp; &nbsp; &nbsp; Para fazer o download dos certificados do 6\u00ba SIGABI clicar nos links abaixo. Agradecemos a sua participa\u00e7\u00e3o!!! Certificados de Apresenta\u00e7\u00f5es Orais e Pain\u00e9is Certificados de participa\u00e7\u00e3o, minicursos [&hellip;]<\/p>\n","protected":false},"author":2,"featured_media":0,"parent":0,"menu_order":0,"comment_status":"closed","ping_status":"closed","template":"","meta":[],"yoast_head":"<!-- This site is optimized with the Yoast SEO plugin v20.6 - https:\/\/yoast.com\/wordpress\/plugins\/seo\/ -->\n<title>Certificados - SIGABI - Simp\u00f3sio de Gest\u00e3o Ambiental e Biodiversidade<\/title>\n<meta name=\"robots\" content=\"index, follow, max-snippet:-1, max-image-preview:large, max-video-preview:-1\" \/>\n<link rel=\"canonical\" href=\"https:\/\/itr.ufrrj.br\/sigabi\/certificados\/\" \/>\n<meta property=\"og:locale\" content=\"pt_BR\" \/>\n<meta property=\"og:type\" content=\"article\" \/>\n<meta property=\"og:title\" content=\"Certificados - SIGABI - Simp\u00f3sio de Gest\u00e3o Ambiental e Biodiversidade\" \/>\n<meta property=\"og:description\" content=\"Para fazer o download dos certificados do 7\u00ba SIGABI clicar nos links abaixo. Agradecemos a sua participa\u00e7\u00e3o!!! Certificados SIGABI 2018 trabalhos Certificados SIGABI 2018 participantes &nbsp; &nbsp; &nbsp; Para fazer o download dos certificados do 6\u00ba SIGABI clicar nos links abaixo. Agradecemos a sua participa\u00e7\u00e3o!!! Certificados de Apresenta\u00e7\u00f5es Orais e Pain\u00e9is Certificados de participa\u00e7\u00e3o, minicursos [&hellip;]\" \/>\n<meta property=\"og:url\" content=\"https:\/\/itr.ufrrj.br\/sigabi\/certificados\/\" \/>\n<meta property=\"og:site_name\" content=\"SIGABI - Simp\u00f3sio de Gest\u00e3o Ambiental e Biodiversidade\" \/>\n<meta property=\"article:modified_time\" content=\"2018-07-02T17:47:01+00:00\" \/>\n<meta name=\"twitter:card\" content=\"summary_large_image\" \/>\n<script type=\"application\/ld+json\" class=\"yoast-schema-graph\">{\"@context\":\"https:\/\/schema.org\",\"@graph\":[{\"@type\":\"WebPage\",\"@id\":\"https:\/\/itr.ufrrj.br\/sigabi\/certificados\/\",\"url\":\"https:\/\/itr.ufrrj.br\/sigabi\/certificados\/\",\"name\":\"Certificados - SIGABI - Simp\u00f3sio de Gest\u00e3o Ambiental e Biodiversidade\",\"isPartOf\":{\"@id\":\"https:\/\/itr.ufrrj.br\/sigabi\/#website\"},\"datePublished\":\"2016-08-01T13:53:32+00:00\",\"dateModified\":\"2018-07-02T17:47:01+00:00\",\"breadcrumb\":{\"@id\":\"https:\/\/itr.ufrrj.br\/sigabi\/certificados\/#breadcrumb\"},\"inLanguage\":\"pt-BR\",\"potentialAction\":[{\"@type\":\"ReadAction\",\"target\":[\"https:\/\/itr.ufrrj.br\/sigabi\/certificados\/\"]}]},{\"@type\":\"BreadcrumbList\",\"@id\":\"https:\/\/itr.ufrrj.br\/sigabi\/certificados\/#breadcrumb\",\"itemListElement\":[{\"@type\":\"ListItem\",\"position\":1,\"name\":\"In\u00edcio\",\"item\":\"https:\/\/itr.ufrrj.br\/sigabi\/\"},{\"@type\":\"ListItem\",\"position\":2,\"name\":\"Certificados\"}]},{\"@type\":\"WebSite\",\"@id\":\"https:\/\/itr.ufrrj.br\/sigabi\/#website\",\"url\":\"https:\/\/itr.ufrrj.br\/sigabi\/\",\"name\":\"SIGABI - Simp\u00f3sio de Gest\u00e3o Ambiental e Biodiversidade\",\"description\":\"Simp\u00f3sio de Gest\u00e3o Ambiental e Biodiversidade\",\"potentialAction\":[{\"@type\":\"SearchAction\",\"target\":{\"@type\":\"EntryPoint\",\"urlTemplate\":\"https:\/\/itr.ufrrj.br\/sigabi\/?s={search_term_string}\"},\"query-input\":\"required name=search_term_string\"}],\"inLanguage\":\"pt-BR\"}]}<\/script>\n<!-- \/ Yoast SEO plugin. -->","yoast_head_json":{"title":"Certificados - SIGABI - Simp\u00f3sio de Gest\u00e3o Ambiental e Biodiversidade","robots":{"index":"index","follow":"follow","max-snippet":"max-snippet:-1","max-image-preview":"max-image-preview:large","max-video-preview":"max-video-preview:-1"},"canonical":"https:\/\/itr.ufrrj.br\/sigabi\/certificados\/","og_locale":"pt_BR","og_type":"article","og_title":"Certificados - SIGABI - Simp\u00f3sio de Gest\u00e3o Ambiental e Biodiversidade","og_description":"Para fazer o download dos certificados do 7\u00ba SIGABI clicar nos links abaixo. Agradecemos a sua participa\u00e7\u00e3o!!! Certificados SIGABI 2018 trabalhos Certificados SIGABI 2018 participantes &nbsp; &nbsp; &nbsp; Para fazer o download dos certificados do 6\u00ba SIGABI clicar nos links abaixo. Agradecemos a sua participa\u00e7\u00e3o!!! Certificados de Apresenta\u00e7\u00f5es Orais e Pain\u00e9is Certificados de participa\u00e7\u00e3o, minicursos [&hellip;]","og_url":"https:\/\/itr.ufrrj.br\/sigabi\/certificados\/","og_site_name":"SIGABI - Simp\u00f3sio de Gest\u00e3o Ambiental e Biodiversidade","article_modified_time":"2018-07-02T17:47:01+00:00","twitter_card":"summary_large_image","schema":{"@context":"https:\/\/schema.org","@graph":[{"@type":"WebPage","@id":"https:\/\/itr.ufrrj.br\/sigabi\/certificados\/","url":"https:\/\/itr.ufrrj.br\/sigabi\/certificados\/","name":"Certificados - SIGABI - Simp\u00f3sio de Gest\u00e3o Ambiental e Biodiversidade","isPartOf":{"@id":"https:\/\/itr.ufrrj.br\/sigabi\/#website"},"datePublished":"2016-08-01T13:53:32+00:00","dateModified":"2018-07-02T17:47:01+00:00","breadcrumb":{"@id":"https:\/\/itr.ufrrj.br\/sigabi\/certificados\/#breadcrumb"},"inLanguage":"pt-BR","potentialAction":[{"@type":"ReadAction","target":["https:\/\/itr.ufrrj.br\/sigabi\/certificados\/"]}]},{"@type":"BreadcrumbList","@id":"https:\/\/itr.ufrrj.br\/sigabi\/certificados\/#breadcrumb","itemListElement":[{"@type":"ListItem","position":1,"name":"In\u00edcio","item":"https:\/\/itr.ufrrj.br\/sigabi\/"},{"@type":"ListItem","position":2,"name":"Certificados"}]},{"@type":"WebSite","@id":"https:\/\/itr.ufrrj.br\/sigabi\/#website","url":"https:\/\/itr.ufrrj.br\/sigabi\/","name":"SIGABI - Simp\u00f3sio de Gest\u00e3o Ambiental e Biodiversidade","description":"Simp\u00f3sio de Gest\u00e3o Ambiental e Biodiversidade","potentialAction":[{"@type":"SearchAction","target":{"@type":"EntryPoint","urlTemplate":"https:\/\/itr.ufrrj.br\/sigabi\/?s={search_term_string}"},"query-input":"required name=search_term_string"}],"inLanguage":"pt-BR"}]}},"_links":{"self":[{"href":"https:\/\/itr.ufrrj.br\/sigabi\/wp-json\/wp\/v2\/pages\/45"}],"collection":[{"href":"https:\/\/itr.ufrrj.br\/sigabi\/wp-json\/wp\/v2\/pages"}],"about":[{"href":"https:\/\/itr.ufrrj.br\/sigabi\/wp-json\/wp\/v2\/types\/page"}],"author":[{"embeddable":true,"href":"https:\/\/itr.ufrrj.br\/sigabi\/wp-json\/wp\/v2\/users\/2"}],"replies":[{"embeddable":true,"href":"https:\/\/itr.ufrrj.br\/sigabi\/wp-json\/wp\/v2\/comments?post=45"}],"version-history":[{"count":10,"href":"https:\/\/itr.ufrrj.br\/sigabi\/wp-json\/wp\/v2\/pages\/45\/revisions"}],"predecessor-version":[{"id":162,"href":"https:\/\/itr.ufrrj.br\/sigabi\/wp-json\/wp\/v2\/pages\/45\/revisions\/162"}],"wp:attachment":[{"href":"https:\/\/itr.ufrrj.br\/sigabi\/wp-json\/wp\/v2\/media?parent=45"}],"curies":[{"name":"wp","href":"https:\/\/api.w.org\/{rel}","templated":true}]}}