{"id":43,"date":"2016-08-01T10:53:25","date_gmt":"2016-08-01T13:53:25","guid":{"rendered":"http:\/\/itr.ufrrj.br\/sigabi\/?page_id=43"},"modified":"2021-06-30T11:08:49","modified_gmt":"2021-06-30T14:08:49","slug":"anais","status":"publish","type":"page","link":"https:\/\/itr.ufrrj.br\/sigabi\/anais\/","title":{"rendered":"Anais Simp\u00f3sio de Gest\u00e3o Ambiental e Biodiversidade ISSN 2525-4928"},"content":{"rendered":"<p style=\"text-align: justify;\">O Anais Simp\u00f3sio de Gest\u00e3o Ambiental e Biodiversidade \u00e9 uma publica\u00e7\u00e3o anual, que publica os trabalhos apresentados no Simp\u00f3sio de Gest\u00e3o Ambiental e Biodiversidade (SIGABI), nas sess\u00f5es t\u00e9cnicas: \u00c1reas Protegidas\/Uso da Terra; Agricultura; Gest\u00e3o Ambiental; Recupera\u00e7\u00e3o de \u00c1reas Degradadas e Contaminadas; Recursos H\u00eddricos; Biodiversidade; Ecologia; Geologia; Geoprocessamento; Educa\u00e7\u00e3o Ambiental; Mudan\u00e7as Clim\u00e1ticas; Biologia; Qu\u00edmica; Ecoturismo; Servi\u00e7os Ambientais; Sa\u00fade do meio ambiente; Economia Ambiental; Direito Ambiental; Geografia; Microbiologia; Marketing Ambiental; Pol\u00edticas P\u00fablicas; Energia e Meio Ambiente; Avalia\u00e7\u00e3o de Impactos Ambientais; Sustentabilidade e Urbanismo. Todos os trabalhos publicados s\u00e3o voltados para temas ambientais.<\/p>\n<p style=\"text-align: center;\"><strong>e-ISSN:\u00a0<\/strong>2525-4928<strong>\u2502 Ano de cria\u00e7\u00e3o: <\/strong>2012 (eletr\u00f4nico)<strong> \u2502 \u00c1rea de conhecimento: <\/strong>Ci\u00eancias Ambientais<\/p>\n<p style=\"text-align: center;\"><strong>Editores<br \/>\n<\/strong>Michaele Alvim Milward-de-Azevedo e Erika Cortines<\/p>\n<p><strong>\u00a0<\/strong><\/p>\n<h3>Expediente<\/h3>\n<p><strong>Coordena\u00e7\u00e3o<br \/>\n<\/strong>Michaele Alvim Milward de Azevedo e Erika Cortines<\/p>\n<p><strong>Correspond\u00eancia<br \/>\n<\/strong>Avenida Prefeito Alberto da Silva Lavinas 1847, Centro, Tr\u00eas Rios, RJ &#8211; CEP 25802-100.<br \/>\nE-mail:\u00a0<strong><a href=\"mailto:sigabi.resumos@gmail.com\"><strong>sigabi.resumos@gmail.com<\/strong><\/a><\/strong><\/p>\n<p><strong><a href=\"http:\/\/www.itr.ufrrj.br\/sigabi\/wp-content\/uploads\/sigabi_anteriores\/1_sigabi_2012.pdf\">1\u00ba Anais Simp\u00f3sio de Gest\u00e3o Ambiental e Biodiversidade (2012)<\/a> &#8211; DOI: <a href=\"https:\/\/doi.org\/10.29327\/538080\">https:\/\/doi.org\/10.29327\/538080<\/a><a href=\"https:\/\/doi.org\/10.29327\/538080\"><img src=\"https:\/\/publicacoes.even3.com.br\/badge\/doi?c=10.29327\/538080\" \/><\/a><\/strong><\/p>\n<p><strong><a href=\"http:\/\/www.itr.ufrrj.br\/sigabi\/wp-content\/uploads\/sigabi_anteriores\/2_sigabi_2013.pdf\">2\u00ba Anais Simp\u00f3sio de Gest\u00e3o Ambiental e Biodiversidade (2013)<\/a> &#8211;<\/strong> <strong>DOI: <a href=\"https:\/\/doi.org\/10.29327\/538083\">https:\/\/doi.org\/10.29327\/538083<\/a> <a href=\"https:\/\/doi.org\/10.29327\/538083\" data-toggle=\"modal\" data-target=\"#modalDoi\"><img src=\"https:\/\/publicacoes.even3.com.br\/badge\/doi?c=10.29327\/538083\" \/><\/a><\/strong><\/p>\n<p><strong><a href=\"http:\/\/www.itr.ufrrj.br\/sigabi\/wp-content\/uploads\/sigabi_anteriores\/3_sigabi_2014.pdf\">3\u00ba Anais Simp\u00f3sio de Gest\u00e3o Ambiental e Biodiversidade (2014)<\/a> &#8211; DOI: <a href=\"https:\/\/doi.org\/10.29327\/538103\">https:\/\/doi.org\/10.29327\/538103<\/a> <a href=\"https:\/\/doi.org\/10.29327\/538103\" data-toggle=\"modal\" data-target=\"#modalDoi\"><img src=\"https:\/\/publicacoes.even3.com.br\/badge\/doi?c=10.29327\/538103\" \/><\/a><\/strong><\/p>\n<p><strong><a href=\"http:\/\/www.itr.ufrrj.br\/sigabi\/wp-content\/uploads\/sigabi_anteriores\/4_sigabi_2015.pdf\">4\u00ba Anais Simp\u00f3sio de Gest\u00e3o Ambiental e Biodiversidade (2015)<\/a><\/strong><\/p>\n<p><a href=\"http:\/\/itr.ufrrj.br\/sigabi\/anais\/5o-sigabi\/\"><strong>5\u00ba Anais Simp\u00f3sio de Gest\u00e3o Ambiental e Biodiversidade (2016)<\/strong><\/a><\/p>\n<p><strong><a href=\"http:\/\/itr.ufrrj.br\/sigabi\/6o-anais-simposio-de-gestao-ambiental-e-biodiversidade-issn-2525-4928\/\">6\u00ba Anais Simp\u00f3sio de Gest\u00e3o Ambiental e Biodiversidade (2017)<\/a><\/strong><\/p>\n<p><a href=\"http:\/\/itr.ufrrj.br\/sigabi\/7o-anais-simposio-de-gestao-ambiental-e-biodiversidade-issn-2525-4928\/\"><strong>7\u00ba Anais Simp\u00f3sio de Gest\u00e3o Ambiental e Biodiversidade (2018)<\/strong><\/a><\/p>\n","protected":false},"excerpt":{"rendered":"<p>O Anais Simp\u00f3sio de Gest\u00e3o Ambiental e Biodiversidade \u00e9 uma publica\u00e7\u00e3o anual, que publica os trabalhos apresentados no Simp\u00f3sio de Gest\u00e3o Ambiental e Biodiversidade (SIGABI), nas sess\u00f5es t\u00e9cnicas: \u00c1reas Protegidas\/Uso da Terra; Agricultura; Gest\u00e3o Ambiental; Recupera\u00e7\u00e3o de \u00c1reas Degradadas e Contaminadas; Recursos H\u00eddricos; Biodiversidade; Ecologia; Geologia; Geoprocessamento; Educa\u00e7\u00e3o Ambiental; Mudan\u00e7as Clim\u00e1ticas; Biologia; Qu\u00edmica; Ecoturismo; Servi\u00e7os [&hellip;]<\/p>\n","protected":false},"author":2,"featured_media":0,"parent":0,"menu_order":0,"comment_status":"closed","ping_status":"closed","template":"","meta":[],"yoast_head":"<!-- This site is optimized with the Yoast SEO plugin v20.6 - https:\/\/yoast.com\/wordpress\/plugins\/seo\/ -->\n<title>Anais Simp\u00f3sio de Gest\u00e3o Ambiental e Biodiversidade ISSN 2525-4928 - SIGABI - Simp\u00f3sio de Gest\u00e3o Ambiental e Biodiversidade<\/title>\n<meta name=\"robots\" content=\"index, follow, max-snippet:-1, max-image-preview:large, max-video-preview:-1\" \/>\n<link rel=\"canonical\" href=\"https:\/\/itr.ufrrj.br\/sigabi\/anais\/\" \/>\n<meta property=\"og:locale\" content=\"pt_BR\" \/>\n<meta property=\"og:type\" content=\"article\" \/>\n<meta property=\"og:title\" content=\"Anais Simp\u00f3sio de Gest\u00e3o Ambiental e Biodiversidade ISSN 2525-4928 - SIGABI - Simp\u00f3sio de Gest\u00e3o Ambiental e Biodiversidade\" \/>\n<meta property=\"og:description\" content=\"O Anais Simp\u00f3sio de Gest\u00e3o Ambiental e Biodiversidade \u00e9 uma publica\u00e7\u00e3o anual, que publica os trabalhos apresentados no Simp\u00f3sio de Gest\u00e3o Ambiental e Biodiversidade (SIGABI), nas sess\u00f5es t\u00e9cnicas: \u00c1reas Protegidas\/Uso da Terra; Agricultura; Gest\u00e3o Ambiental; Recupera\u00e7\u00e3o de \u00c1reas Degradadas e Contaminadas; Recursos H\u00eddricos; Biodiversidade; Ecologia; Geologia; Geoprocessamento; Educa\u00e7\u00e3o Ambiental; Mudan\u00e7as Clim\u00e1ticas; Biologia; Qu\u00edmica; Ecoturismo; Servi\u00e7os [&hellip;]\" \/>\n<meta property=\"og:url\" content=\"https:\/\/itr.ufrrj.br\/sigabi\/anais\/\" \/>\n<meta property=\"og:site_name\" content=\"SIGABI - Simp\u00f3sio de Gest\u00e3o Ambiental e Biodiversidade\" \/>\n<meta property=\"article:modified_time\" content=\"2021-06-30T14:08:49+00:00\" \/>\n<meta property=\"og:image\" content=\"https:\/\/publicacoes.even3.com.br\/badge\/doi?c=10.29327\/538080\" \/>\n<meta name=\"twitter:card\" content=\"summary_large_image\" \/>\n<meta name=\"twitter:label1\" content=\"Est. tempo de leitura\" \/>\n\t<meta name=\"twitter:data1\" content=\"2 minutos\" \/>\n<script type=\"application\/ld+json\" class=\"yoast-schema-graph\">{\"@context\":\"https:\/\/schema.org\",\"@graph\":[{\"@type\":\"WebPage\",\"@id\":\"https:\/\/itr.ufrrj.br\/sigabi\/anais\/\",\"url\":\"https:\/\/itr.ufrrj.br\/sigabi\/anais\/\",\"name\":\"Anais Simp\u00f3sio de Gest\u00e3o Ambiental e Biodiversidade ISSN 2525-4928 - SIGABI - Simp\u00f3sio de Gest\u00e3o Ambiental e Biodiversidade\",\"isPartOf\":{\"@id\":\"https:\/\/itr.ufrrj.br\/sigabi\/#website\"},\"datePublished\":\"2016-08-01T13:53:25+00:00\",\"dateModified\":\"2021-06-30T14:08:49+00:00\",\"breadcrumb\":{\"@id\":\"https:\/\/itr.ufrrj.br\/sigabi\/anais\/#breadcrumb\"},\"inLanguage\":\"pt-BR\",\"potentialAction\":[{\"@type\":\"ReadAction\",\"target\":[\"https:\/\/itr.ufrrj.br\/sigabi\/anais\/\"]}]},{\"@type\":\"BreadcrumbList\",\"@id\":\"https:\/\/itr.ufrrj.br\/sigabi\/anais\/#breadcrumb\",\"itemListElement\":[{\"@type\":\"ListItem\",\"position\":1,\"name\":\"In\u00edcio\",\"item\":\"https:\/\/itr.ufrrj.br\/sigabi\/\"},{\"@type\":\"ListItem\",\"position\":2,\"name\":\"Anais Simp\u00f3sio de Gest\u00e3o Ambiental e Biodiversidade ISSN 2525-4928\"}]},{\"@type\":\"WebSite\",\"@id\":\"https:\/\/itr.ufrrj.br\/sigabi\/#website\",\"url\":\"https:\/\/itr.ufrrj.br\/sigabi\/\",\"name\":\"SIGABI - Simp\u00f3sio de Gest\u00e3o Ambiental e Biodiversidade\",\"description\":\"Simp\u00f3sio de Gest\u00e3o Ambiental e Biodiversidade\",\"potentialAction\":[{\"@type\":\"SearchAction\",\"target\":{\"@type\":\"EntryPoint\",\"urlTemplate\":\"https:\/\/itr.ufrrj.br\/sigabi\/?s={search_term_string}\"},\"query-input\":\"required name=search_term_string\"}],\"inLanguage\":\"pt-BR\"}]}<\/script>\n<!-- \/ Yoast SEO plugin. -->","yoast_head_json":{"title":"Anais Simp\u00f3sio de Gest\u00e3o Ambiental e Biodiversidade ISSN 2525-4928 - SIGABI - Simp\u00f3sio de Gest\u00e3o Ambiental e Biodiversidade","robots":{"index":"index","follow":"follow","max-snippet":"max-snippet:-1","max-image-preview":"max-image-preview:large","max-video-preview":"max-video-preview:-1"},"canonical":"https:\/\/itr.ufrrj.br\/sigabi\/anais\/","og_locale":"pt_BR","og_type":"article","og_title":"Anais Simp\u00f3sio de Gest\u00e3o Ambiental e Biodiversidade ISSN 2525-4928 - SIGABI - Simp\u00f3sio de Gest\u00e3o Ambiental e Biodiversidade","og_description":"O Anais Simp\u00f3sio de Gest\u00e3o Ambiental e Biodiversidade \u00e9 uma publica\u00e7\u00e3o anual, que publica os trabalhos apresentados no Simp\u00f3sio de Gest\u00e3o Ambiental e Biodiversidade (SIGABI), nas sess\u00f5es t\u00e9cnicas: \u00c1reas Protegidas\/Uso da Terra; Agricultura; Gest\u00e3o Ambiental; Recupera\u00e7\u00e3o de \u00c1reas Degradadas e Contaminadas; Recursos H\u00eddricos; Biodiversidade; Ecologia; Geologia; Geoprocessamento; Educa\u00e7\u00e3o Ambiental; Mudan\u00e7as Clim\u00e1ticas; Biologia; Qu\u00edmica; Ecoturismo; Servi\u00e7os [&hellip;]","og_url":"https:\/\/itr.ufrrj.br\/sigabi\/anais\/","og_site_name":"SIGABI - Simp\u00f3sio de Gest\u00e3o Ambiental e Biodiversidade","article_modified_time":"2021-06-30T14:08:49+00:00","og_image":[{"url":"https:\/\/publicacoes.even3.com.br\/badge\/doi?c=10.29327\/538080"}],"twitter_card":"summary_large_image","twitter_misc":{"Est. tempo de leitura":"2 minutos"},"schema":{"@context":"https:\/\/schema.org","@graph":[{"@type":"WebPage","@id":"https:\/\/itr.ufrrj.br\/sigabi\/anais\/","url":"https:\/\/itr.ufrrj.br\/sigabi\/anais\/","name":"Anais Simp\u00f3sio de Gest\u00e3o Ambiental e Biodiversidade ISSN 2525-4928 - SIGABI - Simp\u00f3sio de Gest\u00e3o Ambiental e Biodiversidade","isPartOf":{"@id":"https:\/\/itr.ufrrj.br\/sigabi\/#website"},"datePublished":"2016-08-01T13:53:25+00:00","dateModified":"2021-06-30T14:08:49+00:00","breadcrumb":{"@id":"https:\/\/itr.ufrrj.br\/sigabi\/anais\/#breadcrumb"},"inLanguage":"pt-BR","potentialAction":[{"@type":"ReadAction","target":["https:\/\/itr.ufrrj.br\/sigabi\/anais\/"]}]},{"@type":"BreadcrumbList","@id":"https:\/\/itr.ufrrj.br\/sigabi\/anais\/#breadcrumb","itemListElement":[{"@type":"ListItem","position":1,"name":"In\u00edcio","item":"https:\/\/itr.ufrrj.br\/sigabi\/"},{"@type":"ListItem","position":2,"name":"Anais Simp\u00f3sio de Gest\u00e3o Ambiental e Biodiversidade ISSN 2525-4928"}]},{"@type":"WebSite","@id":"https:\/\/itr.ufrrj.br\/sigabi\/#website","url":"https:\/\/itr.ufrrj.br\/sigabi\/","name":"SIGABI - Simp\u00f3sio de Gest\u00e3o Ambiental e Biodiversidade","description":"Simp\u00f3sio de Gest\u00e3o Ambiental e Biodiversidade","potentialAction":[{"@type":"SearchAction","target":{"@type":"EntryPoint","urlTemplate":"https:\/\/itr.ufrrj.br\/sigabi\/?s={search_term_string}"},"query-input":"required name=search_term_string"}],"inLanguage":"pt-BR"}]}},"_links":{"self":[{"href":"https:\/\/itr.ufrrj.br\/sigabi\/wp-json\/wp\/v2\/pages\/43"}],"collection":[{"href":"https:\/\/itr.ufrrj.br\/sigabi\/wp-json\/wp\/v2\/pages"}],"about":[{"href":"https:\/\/itr.ufrrj.br\/sigabi\/wp-json\/wp\/v2\/types\/page"}],"author":[{"embeddable":true,"href":"https:\/\/itr.ufrrj.br\/sigabi\/wp-json\/wp\/v2\/users\/2"}],"replies":[{"embeddable":true,"href":"https:\/\/itr.ufrrj.br\/sigabi\/wp-json\/wp\/v2\/comments?post=43"}],"version-history":[{"count":13,"href":"https:\/\/itr.ufrrj.br\/sigabi\/wp-json\/wp\/v2\/pages\/43\/revisions"}],"predecessor-version":[{"id":3189,"href":"https:\/\/itr.ufrrj.br\/sigabi\/wp-json\/wp\/v2\/pages\/43\/revisions\/3189"}],"wp:attachment":[{"href":"https:\/\/itr.ufrrj.br\/sigabi\/wp-json\/wp\/v2\/media?parent=43"}],"curies":[{"name":"wp","href":"https:\/\/api.w.org\/{rel}","templated":true}]}}