{"id":37,"date":"2016-08-01T10:52:54","date_gmt":"2016-08-01T13:52:54","guid":{"rendered":"http:\/\/itr.ufrrj.br\/sigabi\/?page_id=37"},"modified":"2019-03-06T21:05:11","modified_gmt":"2019-03-07T00:05:11","slug":"organizacao","status":"publish","type":"page","link":"https:\/\/itr.ufrrj.br\/sigabi\/organizacao\/","title":{"rendered":"Organiza\u00e7\u00e3o"},"content":{"rendered":"<p><b><span style=\"font-family: Roboto Slab;\">Coordenadoras<\/span><\/b><\/p>\n<p><span style=\"font-family: Roboto Slab;\">Dra. Michaele Alvim Milward de Azevedo (DCMA\/ITR\/UFRRJ)<\/span><\/p>\n<p><span style=\"font-family: Roboto Slab;\">Dra. Erika Cortines (DCMA\/ITR\/UFRRJ)<\/span><\/p>\n<p><span style=\"font-family: Roboto Slab;\"><b>Bol<\/b><b>sista Pr\u00f3-Reitoria de Extens\u00e3o Universidade Federal Rural do Rio de Janeiro (PROEXT\/UFRRJ)<\/b><\/span><\/p>\n<p><span style=\"font-family: Roboto Slab;\">Mariana Lemos Camarate (Discente Gest\u00e3o Ambiental &#8211; ITR\/UFRRJ)<\/span><\/p>\n<p><b><span style=\"font-family: Roboto Slab;\">Monitores<\/span><\/b><\/p>\n<p><span style=\"font-family: Roboto Slab;\">Bruna Benazi Vieira\u00a0(Discente Gest\u00e3o Ambiental &#8211; ITR\/UFRRJ)<br \/>\n<\/span><\/p>\n<p><span style=\"font-family: Roboto Slab;\">Crislaine da Silva Ramos\u00a0(Discente Gest\u00e3o Ambiental &#8211; ITR\/UFRRJ)<br \/>\n<\/span><\/p>\n<p><span style=\"font-family: Roboto Slab;\">Edlene Cardoso Souza\u00a0(Discente Gest\u00e3o Ambiental &#8211; ITR\/UFRRJ)<br \/>\n<\/span><\/p>\n<p><span style=\"font-family: Roboto Slab;\">Gisele Carvalhal Menezes Siqueira\u00a0(Discente Gest\u00e3o Ambiental &#8211; ITR\/UFRRJ)<\/span><\/p>\n<p><span style=\"font-family: Roboto Slab;\">Gisely Salvado Ribeiro\u00a0(Discente Gest\u00e3o Ambiental &#8211; ITR\/UFRRJ)<br \/>\n<\/span><\/p>\n<p><span style=\"font-family: Roboto Slab;\">Izabela Cristina Moreira Moraes\u00a0(Discente Gest\u00e3o Ambiental &#8211; ITR\/UFRRJ)<\/span><\/p>\n<p><span style=\"font-family: Roboto Slab;\">J\u00falia Ribeiro Maciel\u00a0(Discente Gest\u00e3o Ambiental &#8211; ITR\/UFRRJ)<br \/>\n<\/span><\/p>\n<p><span style=\"font-family: Roboto Slab;\">Larissa dos Santos Silva Amaral\u00a0(Discente Gest\u00e3o Ambiental &#8211; ITR\/UFRRJ)<br \/>\n<\/span><\/p>\n<p><span style=\"font-family: Roboto Slab;\">Maria Beatriz Pereira da Silva\u00a0(Discente Gest\u00e3o Ambiental &#8211; ITR\/UFRRJ)<br \/>\n<\/span><\/p>\n<p><span style=\"font-family: Roboto Slab;\">Mariana Motta de Freitas\u00a0(Discente Gest\u00e3o Ambiental &#8211; ITR\/UFRRJ)<br \/>\n<\/span><\/p>\n<p><span style=\"font-family: Roboto Slab;\">Nat\u00e1lia Brand\u00e3o Gon\u00e7alves Fernandes &#8211; Gestora Ambiental<\/span><\/p>\n<p><span style=\"font-family: Roboto Slab;\">Thayn\u00e1 Ribeiro Bromana\u00a0(Discente Gest\u00e3o Ambiental &#8211; ITR\/UFRRJ)<br \/>\n<\/span><\/p>\n<p><span style=\"font-family: Roboto Slab;\"><b>Fotografia<\/b><\/span><\/p>\n<p>Mariana Lemos Camarate (Discente Gest\u00e3o Ambiental &#8211; ITR\/UFRRJ)<span style=\"font-family: Roboto Slab;\"><br \/>\n<\/span><\/p>\n<p>J\u00falia Martins Gon\u00e7alves\u00a0(Discente Gest\u00e3o Ambiental &#8211; ITR\/UFRRJ)<\/p>\n<p><b>Edi\u00e7\u00e3o Web<\/b><\/p>\n<p>Dra. Michaele Alvim Milward de Azevedo<\/p>\n<p>Dra. Erika Cortines<\/p>\n<p>Mariana Lemos Camarate (Discente Gest\u00e3o Ambiental &#8211; ITR\/UFRRJ)<b><br \/>\n<\/b><\/p>\n<p><b>Apoio<\/b><\/p>\n<p>Dr. Alexandre Ferreira Lopes<\/p>\n","protected":false},"excerpt":{"rendered":"<p>Coordenadoras Dra. Michaele Alvim Milward de Azevedo (DCMA\/ITR\/UFRRJ) Dra. Erika Cortines (DCMA\/ITR\/UFRRJ) Bolsista Pr\u00f3-Reitoria de Extens\u00e3o Universidade Federal Rural do Rio de Janeiro (PROEXT\/UFRRJ) Mariana Lemos Camarate (Discente Gest\u00e3o Ambiental &#8211; ITR\/UFRRJ) Monitores Bruna Benazi Vieira\u00a0(Discente Gest\u00e3o Ambiental &#8211; ITR\/UFRRJ) Crislaine da Silva Ramos\u00a0(Discente Gest\u00e3o Ambiental &#8211; ITR\/UFRRJ) Edlene Cardoso Souza\u00a0(Discente Gest\u00e3o Ambiental &#8211; ITR\/UFRRJ) [&hellip;]<\/p>\n","protected":false},"author":2,"featured_media":0,"parent":0,"menu_order":0,"comment_status":"closed","ping_status":"closed","template":"","meta":[],"yoast_head":"<!-- This site is optimized with the Yoast SEO plugin v20.6 - https:\/\/yoast.com\/wordpress\/plugins\/seo\/ -->\n<title>Organiza\u00e7\u00e3o - SIGABI - Simp\u00f3sio de Gest\u00e3o Ambiental e Biodiversidade<\/title>\n<meta name=\"robots\" content=\"index, follow, max-snippet:-1, max-image-preview:large, max-video-preview:-1\" \/>\n<link rel=\"canonical\" href=\"https:\/\/itr.ufrrj.br\/sigabi\/organizacao\/\" \/>\n<meta property=\"og:locale\" content=\"pt_BR\" \/>\n<meta property=\"og:type\" content=\"article\" \/>\n<meta property=\"og:title\" content=\"Organiza\u00e7\u00e3o - SIGABI - Simp\u00f3sio de Gest\u00e3o Ambiental e Biodiversidade\" \/>\n<meta property=\"og:description\" content=\"Coordenadoras Dra. Michaele Alvim Milward de Azevedo (DCMA\/ITR\/UFRRJ) Dra. Erika Cortines (DCMA\/ITR\/UFRRJ) Bolsista Pr\u00f3-Reitoria de Extens\u00e3o Universidade Federal Rural do Rio de Janeiro (PROEXT\/UFRRJ) Mariana Lemos Camarate (Discente Gest\u00e3o Ambiental &#8211; ITR\/UFRRJ) Monitores Bruna Benazi Vieira\u00a0(Discente Gest\u00e3o Ambiental &#8211; ITR\/UFRRJ) Crislaine da Silva Ramos\u00a0(Discente Gest\u00e3o Ambiental &#8211; ITR\/UFRRJ) Edlene Cardoso Souza\u00a0(Discente Gest\u00e3o Ambiental &#8211; ITR\/UFRRJ) [&hellip;]\" \/>\n<meta property=\"og:url\" content=\"https:\/\/itr.ufrrj.br\/sigabi\/organizacao\/\" \/>\n<meta property=\"og:site_name\" content=\"SIGABI - Simp\u00f3sio de Gest\u00e3o Ambiental e Biodiversidade\" \/>\n<meta property=\"article:modified_time\" content=\"2019-03-07T00:05:11+00:00\" \/>\n<meta name=\"twitter:card\" content=\"summary_large_image\" \/>\n<meta name=\"twitter:label1\" content=\"Est. tempo de leitura\" \/>\n\t<meta name=\"twitter:data1\" content=\"1 minuto\" \/>\n<script type=\"application\/ld+json\" class=\"yoast-schema-graph\">{\"@context\":\"https:\/\/schema.org\",\"@graph\":[{\"@type\":\"WebPage\",\"@id\":\"https:\/\/itr.ufrrj.br\/sigabi\/organizacao\/\",\"url\":\"https:\/\/itr.ufrrj.br\/sigabi\/organizacao\/\",\"name\":\"Organiza\u00e7\u00e3o - SIGABI - Simp\u00f3sio de Gest\u00e3o Ambiental e Biodiversidade\",\"isPartOf\":{\"@id\":\"https:\/\/itr.ufrrj.br\/sigabi\/#website\"},\"datePublished\":\"2016-08-01T13:52:54+00:00\",\"dateModified\":\"2019-03-07T00:05:11+00:00\",\"breadcrumb\":{\"@id\":\"https:\/\/itr.ufrrj.br\/sigabi\/organizacao\/#breadcrumb\"},\"inLanguage\":\"pt-BR\",\"potentialAction\":[{\"@type\":\"ReadAction\",\"target\":[\"https:\/\/itr.ufrrj.br\/sigabi\/organizacao\/\"]}]},{\"@type\":\"BreadcrumbList\",\"@id\":\"https:\/\/itr.ufrrj.br\/sigabi\/organizacao\/#breadcrumb\",\"itemListElement\":[{\"@type\":\"ListItem\",\"position\":1,\"name\":\"In\u00edcio\",\"item\":\"https:\/\/itr.ufrrj.br\/sigabi\/\"},{\"@type\":\"ListItem\",\"position\":2,\"name\":\"Organiza\u00e7\u00e3o\"}]},{\"@type\":\"WebSite\",\"@id\":\"https:\/\/itr.ufrrj.br\/sigabi\/#website\",\"url\":\"https:\/\/itr.ufrrj.br\/sigabi\/\",\"name\":\"SIGABI - Simp\u00f3sio de Gest\u00e3o Ambiental e Biodiversidade\",\"description\":\"Simp\u00f3sio de Gest\u00e3o Ambiental e Biodiversidade\",\"potentialAction\":[{\"@type\":\"SearchAction\",\"target\":{\"@type\":\"EntryPoint\",\"urlTemplate\":\"https:\/\/itr.ufrrj.br\/sigabi\/?s={search_term_string}\"},\"query-input\":\"required name=search_term_string\"}],\"inLanguage\":\"pt-BR\"}]}<\/script>\n<!-- \/ Yoast SEO plugin. -->","yoast_head_json":{"title":"Organiza\u00e7\u00e3o - SIGABI - Simp\u00f3sio de Gest\u00e3o Ambiental e Biodiversidade","robots":{"index":"index","follow":"follow","max-snippet":"max-snippet:-1","max-image-preview":"max-image-preview:large","max-video-preview":"max-video-preview:-1"},"canonical":"https:\/\/itr.ufrrj.br\/sigabi\/organizacao\/","og_locale":"pt_BR","og_type":"article","og_title":"Organiza\u00e7\u00e3o - SIGABI - Simp\u00f3sio de Gest\u00e3o Ambiental e Biodiversidade","og_description":"Coordenadoras Dra. Michaele Alvim Milward de Azevedo (DCMA\/ITR\/UFRRJ) Dra. Erika Cortines (DCMA\/ITR\/UFRRJ) Bolsista Pr\u00f3-Reitoria de Extens\u00e3o Universidade Federal Rural do Rio de Janeiro (PROEXT\/UFRRJ) Mariana Lemos Camarate (Discente Gest\u00e3o Ambiental &#8211; ITR\/UFRRJ) Monitores Bruna Benazi Vieira\u00a0(Discente Gest\u00e3o Ambiental &#8211; ITR\/UFRRJ) Crislaine da Silva Ramos\u00a0(Discente Gest\u00e3o Ambiental &#8211; ITR\/UFRRJ) Edlene Cardoso Souza\u00a0(Discente Gest\u00e3o Ambiental &#8211; ITR\/UFRRJ) [&hellip;]","og_url":"https:\/\/itr.ufrrj.br\/sigabi\/organizacao\/","og_site_name":"SIGABI - Simp\u00f3sio de Gest\u00e3o Ambiental e Biodiversidade","article_modified_time":"2019-03-07T00:05:11+00:00","twitter_card":"summary_large_image","twitter_misc":{"Est. tempo de leitura":"1 minuto"},"schema":{"@context":"https:\/\/schema.org","@graph":[{"@type":"WebPage","@id":"https:\/\/itr.ufrrj.br\/sigabi\/organizacao\/","url":"https:\/\/itr.ufrrj.br\/sigabi\/organizacao\/","name":"Organiza\u00e7\u00e3o - SIGABI - Simp\u00f3sio de Gest\u00e3o Ambiental e Biodiversidade","isPartOf":{"@id":"https:\/\/itr.ufrrj.br\/sigabi\/#website"},"datePublished":"2016-08-01T13:52:54+00:00","dateModified":"2019-03-07T00:05:11+00:00","breadcrumb":{"@id":"https:\/\/itr.ufrrj.br\/sigabi\/organizacao\/#breadcrumb"},"inLanguage":"pt-BR","potentialAction":[{"@type":"ReadAction","target":["https:\/\/itr.ufrrj.br\/sigabi\/organizacao\/"]}]},{"@type":"BreadcrumbList","@id":"https:\/\/itr.ufrrj.br\/sigabi\/organizacao\/#breadcrumb","itemListElement":[{"@type":"ListItem","position":1,"name":"In\u00edcio","item":"https:\/\/itr.ufrrj.br\/sigabi\/"},{"@type":"ListItem","position":2,"name":"Organiza\u00e7\u00e3o"}]},{"@type":"WebSite","@id":"https:\/\/itr.ufrrj.br\/sigabi\/#website","url":"https:\/\/itr.ufrrj.br\/sigabi\/","name":"SIGABI - Simp\u00f3sio de Gest\u00e3o Ambiental e Biodiversidade","description":"Simp\u00f3sio de Gest\u00e3o Ambiental e Biodiversidade","potentialAction":[{"@type":"SearchAction","target":{"@type":"EntryPoint","urlTemplate":"https:\/\/itr.ufrrj.br\/sigabi\/?s={search_term_string}"},"query-input":"required name=search_term_string"}],"inLanguage":"pt-BR"}]}},"_links":{"self":[{"href":"https:\/\/itr.ufrrj.br\/sigabi\/wp-json\/wp\/v2\/pages\/37"}],"collection":[{"href":"https:\/\/itr.ufrrj.br\/sigabi\/wp-json\/wp\/v2\/pages"}],"about":[{"href":"https:\/\/itr.ufrrj.br\/sigabi\/wp-json\/wp\/v2\/types\/page"}],"author":[{"embeddable":true,"href":"https:\/\/itr.ufrrj.br\/sigabi\/wp-json\/wp\/v2\/users\/2"}],"replies":[{"embeddable":true,"href":"https:\/\/itr.ufrrj.br\/sigabi\/wp-json\/wp\/v2\/comments?post=37"}],"version-history":[{"count":15,"href":"https:\/\/itr.ufrrj.br\/sigabi\/wp-json\/wp\/v2\/pages\/37\/revisions"}],"predecessor-version":[{"id":525,"href":"https:\/\/itr.ufrrj.br\/sigabi\/wp-json\/wp\/v2\/pages\/37\/revisions\/525"}],"wp:attachment":[{"href":"https:\/\/itr.ufrrj.br\/sigabi\/wp-json\/wp\/v2\/media?parent=37"}],"curies":[{"name":"wp","href":"https:\/\/api.w.org\/{rel}","templated":true}]}}