{"id":298,"date":"2017-01-09T16:18:33","date_gmt":"2017-01-09T18:18:33","guid":{"rendered":"http:\/\/itr.ufrrj.br\/sigabi\/?page_id=298"},"modified":"2017-01-09T16:25:21","modified_gmt":"2017-01-09T18:25:21","slug":"patrocinadores-5o-sigabi","status":"publish","type":"page","link":"https:\/\/itr.ufrrj.br\/sigabi\/patrocinadores-5o-sigabi\/","title":{"rendered":"Patrocinadores 5\u00ba SIGABI"},"content":{"rendered":"<p><a href=\"http:\/\/itr.ufrrj.br\/sigabi\/wp-content\/uploads\/2016\/08\/LIVRARIA-FAVORITA-1.png\"><img loading=\"lazy\" class=\"alignleft size-thumbnail wp-image-84\" src=\"http:\/\/itr.ufrrj.br\/sigabi\/wp-content\/uploads\/2016\/08\/LIVRARIA-FAVORITA-1-150x150.png\" alt=\"LIVRARIA-FAVORITA\" width=\"150\" height=\"150\" srcset=\"https:\/\/itr.ufrrj.br\/sigabi\/wp-content\/uploads\/2016\/08\/LIVRARIA-FAVORITA-1-150x150.png 150w, https:\/\/itr.ufrrj.br\/sigabi\/wp-content\/uploads\/2016\/08\/LIVRARIA-FAVORITA-1-300x300.png 300w, https:\/\/itr.ufrrj.br\/sigabi\/wp-content\/uploads\/2016\/08\/LIVRARIA-FAVORITA-1-200x200.png 200w, https:\/\/itr.ufrrj.br\/sigabi\/wp-content\/uploads\/2016\/08\/LIVRARIA-FAVORITA-1-50x50.png 50w, https:\/\/itr.ufrrj.br\/sigabi\/wp-content\/uploads\/2016\/08\/LIVRARIA-FAVORITA-1-80x80.png 80w, https:\/\/itr.ufrrj.br\/sigabi\/wp-content\/uploads\/2016\/08\/LIVRARIA-FAVORITA-1.png 667w\" sizes=\"(max-width: 150px) 100vw, 150px\" \/><\/a><\/p>\n<p><a href=\"http:\/\/itr.ufrrj.br\/sigabi\/wp-content\/uploads\/2016\/08\/CRIATHOS-1.png\"><img loading=\"lazy\" class=\"alignleft size-thumbnail wp-image-83\" src=\"http:\/\/itr.ufrrj.br\/sigabi\/wp-content\/uploads\/2016\/08\/CRIATHOS-1-150x150.png\" alt=\"CRIATHOS\" width=\"150\" height=\"150\" srcset=\"https:\/\/itr.ufrrj.br\/sigabi\/wp-content\/uploads\/2016\/08\/CRIATHOS-1-150x150.png 150w, https:\/\/itr.ufrrj.br\/sigabi\/wp-content\/uploads\/2016\/08\/CRIATHOS-1-300x300.png 300w, https:\/\/itr.ufrrj.br\/sigabi\/wp-content\/uploads\/2016\/08\/CRIATHOS-1-200x200.png 200w, https:\/\/itr.ufrrj.br\/sigabi\/wp-content\/uploads\/2016\/08\/CRIATHOS-1-50x50.png 50w, https:\/\/itr.ufrrj.br\/sigabi\/wp-content\/uploads\/2016\/08\/CRIATHOS-1.png 303w, https:\/\/itr.ufrrj.br\/sigabi\/wp-content\/uploads\/2016\/08\/CRIATHOS-1-80x80.png 80w\" sizes=\"(max-width: 150px) 100vw, 150px\" \/><\/a><\/p>\n<p><a href=\"http:\/\/itr.ufrrj.br\/sigabi\/wp-content\/uploads\/2016\/08\/ZAAL-1.jpg\"><img loading=\"lazy\" class=\"alignleft size-thumbnail wp-image-82\" src=\"http:\/\/itr.ufrrj.br\/sigabi\/wp-content\/uploads\/2016\/08\/ZAAL-1-150x150.jpg\" alt=\"ZAAL\" width=\"150\" height=\"150\" srcset=\"https:\/\/itr.ufrrj.br\/sigabi\/wp-content\/uploads\/2016\/08\/ZAAL-1-150x150.jpg 150w, https:\/\/itr.ufrrj.br\/sigabi\/wp-content\/uploads\/2016\/08\/ZAAL-1-300x300.jpg 300w, https:\/\/itr.ufrrj.br\/sigabi\/wp-content\/uploads\/2016\/08\/ZAAL-1-768x768.jpg 768w, https:\/\/itr.ufrrj.br\/sigabi\/wp-content\/uploads\/2016\/08\/ZAAL-1-1024x1024.jpg 1024w, https:\/\/itr.ufrrj.br\/sigabi\/wp-content\/uploads\/2016\/08\/ZAAL-1-200x200.jpg 200w, https:\/\/itr.ufrrj.br\/sigabi\/wp-content\/uploads\/2016\/08\/ZAAL-1-50x50.jpg 50w, https:\/\/itr.ufrrj.br\/sigabi\/wp-content\/uploads\/2016\/08\/ZAAL-1-80x80.jpg 80w, https:\/\/itr.ufrrj.br\/sigabi\/wp-content\/uploads\/2016\/08\/ZAAL-1.jpg 1812w\" sizes=\"(max-width: 150px) 100vw, 150px\" \/><\/a><\/p>\n<p><a href=\"http:\/\/itr.ufrrj.br\/sigabi\/wp-content\/uploads\/2016\/08\/ROTARY.png\"><img loading=\"lazy\" class=\"alignleft size-thumbnail wp-image-81\" src=\"http:\/\/itr.ufrrj.br\/sigabi\/wp-content\/uploads\/2016\/08\/ROTARY-150x150.png\" alt=\"ROTARY\" width=\"150\" height=\"150\" srcset=\"https:\/\/itr.ufrrj.br\/sigabi\/wp-content\/uploads\/2016\/08\/ROTARY-150x150.png 150w, https:\/\/itr.ufrrj.br\/sigabi\/wp-content\/uploads\/2016\/08\/ROTARY-300x300.png 300w, https:\/\/itr.ufrrj.br\/sigabi\/wp-content\/uploads\/2016\/08\/ROTARY-200x200.png 200w, https:\/\/itr.ufrrj.br\/sigabi\/wp-content\/uploads\/2016\/08\/ROTARY-50x50.png 50w, https:\/\/itr.ufrrj.br\/sigabi\/wp-content\/uploads\/2016\/08\/ROTARY-80x80.png 80w, https:\/\/itr.ufrrj.br\/sigabi\/wp-content\/uploads\/2016\/08\/ROTARY.png 609w\" sizes=\"(max-width: 150px) 100vw, 150px\" \/><\/a><\/p>\n<p><a href=\"http:\/\/itr.ufrrj.br\/sigabi\/wp-content\/uploads\/2016\/08\/ASO-1.png\"><img loading=\"lazy\" class=\"alignleft size-thumbnail wp-image-80\" src=\"http:\/\/itr.ufrrj.br\/sigabi\/wp-content\/uploads\/2016\/08\/ASO-1-150x150.png\" alt=\"ASO\" width=\"150\" height=\"150\" srcset=\"https:\/\/itr.ufrrj.br\/sigabi\/wp-content\/uploads\/2016\/08\/ASO-1-150x150.png 150w, https:\/\/itr.ufrrj.br\/sigabi\/wp-content\/uploads\/2016\/08\/ASO-1-300x300.png 300w, https:\/\/itr.ufrrj.br\/sigabi\/wp-content\/uploads\/2016\/08\/ASO-1-768x768.png 768w, https:\/\/itr.ufrrj.br\/sigabi\/wp-content\/uploads\/2016\/08\/ASO-1-200x200.png 200w, https:\/\/itr.ufrrj.br\/sigabi\/wp-content\/uploads\/2016\/08\/ASO-1-50x50.png 50w, https:\/\/itr.ufrrj.br\/sigabi\/wp-content\/uploads\/2016\/08\/ASO-1-80x80.png 80w, https:\/\/itr.ufrrj.br\/sigabi\/wp-content\/uploads\/2016\/08\/ASO-1.png 905w\" sizes=\"(max-width: 150px) 100vw, 150px\" \/><\/a><\/p>\n<p><a href=\"http:\/\/itr.ufrrj.br\/sigabi\/wp-content\/uploads\/2016\/08\/FAPERJ.jpg\"><img loading=\"lazy\" class=\"alignleft size-thumbnail wp-image-79\" src=\"http:\/\/itr.ufrrj.br\/sigabi\/wp-content\/uploads\/2016\/08\/FAPERJ-150x150.jpg\" alt=\"FAPERJ\" width=\"150\" height=\"150\" srcset=\"https:\/\/itr.ufrrj.br\/sigabi\/wp-content\/uploads\/2016\/08\/FAPERJ-150x150.jpg 150w, https:\/\/itr.ufrrj.br\/sigabi\/wp-content\/uploads\/2016\/08\/FAPERJ-300x300.jpg 300w, https:\/\/itr.ufrrj.br\/sigabi\/wp-content\/uploads\/2016\/08\/FAPERJ-768x768.jpg 768w, https:\/\/itr.ufrrj.br\/sigabi\/wp-content\/uploads\/2016\/08\/FAPERJ-200x200.jpg 200w, https:\/\/itr.ufrrj.br\/sigabi\/wp-content\/uploads\/2016\/08\/FAPERJ-50x50.jpg 50w, https:\/\/itr.ufrrj.br\/sigabi\/wp-content\/uploads\/2016\/08\/FAPERJ-80x80.jpg 80w, https:\/\/itr.ufrrj.br\/sigabi\/wp-content\/uploads\/2016\/08\/FAPERJ.jpg 836w\" sizes=\"(max-width: 150px) 100vw, 150px\" \/><\/a><\/p>\n<p><a href=\"http:\/\/itr.ufrrj.br\/sigabi\/wp-content\/uploads\/2016\/08\/ROGRANE.jpg\"><img loading=\"lazy\" class=\"alignleft size-thumbnail wp-image-78\" src=\"http:\/\/itr.ufrrj.br\/sigabi\/wp-content\/uploads\/2016\/08\/ROGRANE-150x150.jpg\" alt=\"ROGRANE\" width=\"150\" height=\"150\" srcset=\"https:\/\/itr.ufrrj.br\/sigabi\/wp-content\/uploads\/2016\/08\/ROGRANE-150x150.jpg 150w, https:\/\/itr.ufrrj.br\/sigabi\/wp-content\/uploads\/2016\/08\/ROGRANE-300x300.jpg 300w, https:\/\/itr.ufrrj.br\/sigabi\/wp-content\/uploads\/2016\/08\/ROGRANE-200x200.jpg 200w, https:\/\/itr.ufrrj.br\/sigabi\/wp-content\/uploads\/2016\/08\/ROGRANE-50x50.jpg 50w, https:\/\/itr.ufrrj.br\/sigabi\/wp-content\/uploads\/2016\/08\/ROGRANE-80x80.jpg 80w, https:\/\/itr.ufrrj.br\/sigabi\/wp-content\/uploads\/2016\/08\/ROGRANE.jpg 501w\" sizes=\"(max-width: 150px) 100vw, 150px\" \/><\/a><\/p>\n<p><a href=\"http:\/\/itr.ufrrj.br\/sigabi\/wp-content\/uploads\/2016\/08\/COMITE-PIABANHA-1.jpg\"><img loading=\"lazy\" class=\"alignleft size-thumbnail wp-image-77\" src=\"http:\/\/itr.ufrrj.br\/sigabi\/wp-content\/uploads\/2016\/08\/COMITE-PIABANHA-1-150x150.jpg\" alt=\"COMITE-PIABANHA\" width=\"150\" height=\"150\" srcset=\"https:\/\/itr.ufrrj.br\/sigabi\/wp-content\/uploads\/2016\/08\/COMITE-PIABANHA-1-150x150.jpg 150w, https:\/\/itr.ufrrj.br\/sigabi\/wp-content\/uploads\/2016\/08\/COMITE-PIABANHA-1-300x300.jpg 300w, https:\/\/itr.ufrrj.br\/sigabi\/wp-content\/uploads\/2016\/08\/COMITE-PIABANHA-1-200x200.jpg 200w, https:\/\/itr.ufrrj.br\/sigabi\/wp-content\/uploads\/2016\/08\/COMITE-PIABANHA-1-50x50.jpg 50w, https:\/\/itr.ufrrj.br\/sigabi\/wp-content\/uploads\/2016\/08\/COMITE-PIABANHA-1-80x80.jpg 80w, https:\/\/itr.ufrrj.br\/sigabi\/wp-content\/uploads\/2016\/08\/COMITE-PIABANHA-1.jpg 397w\" sizes=\"(max-width: 150px) 100vw, 150px\" \/><\/a><\/p>\n<p><a href=\"http:\/\/itr.ufrrj.br\/sigabi\/wp-content\/uploads\/2016\/08\/HOTEL-OLIVIER-1.jpg\"><img loading=\"lazy\" class=\"alignleft size-thumbnail wp-image-76\" src=\"http:\/\/itr.ufrrj.br\/sigabi\/wp-content\/uploads\/2016\/08\/HOTEL-OLIVIER-1-150x150.jpg\" alt=\"HOTEL-OLIVIER\" width=\"150\" height=\"150\" srcset=\"https:\/\/itr.ufrrj.br\/sigabi\/wp-content\/uploads\/2016\/08\/HOTEL-OLIVIER-1-150x150.jpg 150w, https:\/\/itr.ufrrj.br\/sigabi\/wp-content\/uploads\/2016\/08\/HOTEL-OLIVIER-1-200x200.jpg 200w, https:\/\/itr.ufrrj.br\/sigabi\/wp-content\/uploads\/2016\/08\/HOTEL-OLIVIER-1-50x50.jpg 50w, https:\/\/itr.ufrrj.br\/sigabi\/wp-content\/uploads\/2016\/08\/HOTEL-OLIVIER-1-80x80.jpg 80w, https:\/\/itr.ufrrj.br\/sigabi\/wp-content\/uploads\/2016\/08\/HOTEL-OLIVIER-1.jpg 260w\" sizes=\"(max-width: 150px) 100vw, 150px\" \/><\/a><\/p>\n<p><a href=\"http:\/\/itr.ufrrj.br\/sigabi\/wp-content\/uploads\/2016\/08\/BRAMIL-1.png\"><img loading=\"lazy\" class=\"alignleft size-thumbnail wp-image-75\" src=\"http:\/\/itr.ufrrj.br\/sigabi\/wp-content\/uploads\/2016\/08\/BRAMIL-1-150x150.png\" alt=\"BRAMIL\" width=\"150\" height=\"150\" srcset=\"https:\/\/itr.ufrrj.br\/sigabi\/wp-content\/uploads\/2016\/08\/BRAMIL-1-150x150.png 150w, https:\/\/itr.ufrrj.br\/sigabi\/wp-content\/uploads\/2016\/08\/BRAMIL-1-50x50.png 50w, https:\/\/itr.ufrrj.br\/sigabi\/wp-content\/uploads\/2016\/08\/BRAMIL-1-80x80.png 80w, https:\/\/itr.ufrrj.br\/sigabi\/wp-content\/uploads\/2016\/08\/BRAMIL-1.png 198w\" sizes=\"(max-width: 150px) 100vw, 150px\" \/><\/a><\/p>\n","protected":false},"excerpt":{"rendered":"","protected":false},"author":2,"featured_media":0,"parent":0,"menu_order":0,"comment_status":"closed","ping_status":"closed","template":"","meta":[],"yoast_head":"<!-- This site is optimized with the Yoast SEO plugin v20.6 - https:\/\/yoast.com\/wordpress\/plugins\/seo\/ -->\n<title>Patrocinadores 5\u00ba SIGABI - SIGABI - Simp\u00f3sio de Gest\u00e3o Ambiental e Biodiversidade<\/title>\n<meta name=\"robots\" content=\"index, follow, max-snippet:-1, max-image-preview:large, max-video-preview:-1\" \/>\n<link rel=\"canonical\" href=\"https:\/\/itr.ufrrj.br\/sigabi\/patrocinadores-5o-sigabi\/\" \/>\n<meta property=\"og:locale\" content=\"pt_BR\" \/>\n<meta property=\"og:type\" content=\"article\" \/>\n<meta property=\"og:title\" content=\"Patrocinadores 5\u00ba SIGABI - SIGABI - Simp\u00f3sio de Gest\u00e3o Ambiental e Biodiversidade\" \/>\n<meta property=\"og:url\" content=\"https:\/\/itr.ufrrj.br\/sigabi\/patrocinadores-5o-sigabi\/\" \/>\n<meta property=\"og:site_name\" content=\"SIGABI - Simp\u00f3sio de Gest\u00e3o Ambiental e Biodiversidade\" \/>\n<meta property=\"article:modified_time\" content=\"2017-01-09T18:25:21+00:00\" \/>\n<meta property=\"og:image\" content=\"http:\/\/itr.ufrrj.br\/sigabi\/wp-content\/uploads\/2016\/08\/LIVRARIA-FAVORITA-1-150x150.png\" \/>\n<meta name=\"twitter:card\" content=\"summary_large_image\" \/>\n<script type=\"application\/ld+json\" class=\"yoast-schema-graph\">{\"@context\":\"https:\/\/schema.org\",\"@graph\":[{\"@type\":\"WebPage\",\"@id\":\"https:\/\/itr.ufrrj.br\/sigabi\/patrocinadores-5o-sigabi\/\",\"url\":\"https:\/\/itr.ufrrj.br\/sigabi\/patrocinadores-5o-sigabi\/\",\"name\":\"Patrocinadores 5\u00ba SIGABI - SIGABI - Simp\u00f3sio de Gest\u00e3o Ambiental e Biodiversidade\",\"isPartOf\":{\"@id\":\"https:\/\/itr.ufrrj.br\/sigabi\/#website\"},\"datePublished\":\"2017-01-09T18:18:33+00:00\",\"dateModified\":\"2017-01-09T18:25:21+00:00\",\"breadcrumb\":{\"@id\":\"https:\/\/itr.ufrrj.br\/sigabi\/patrocinadores-5o-sigabi\/#breadcrumb\"},\"inLanguage\":\"pt-BR\",\"potentialAction\":[{\"@type\":\"ReadAction\",\"target\":[\"https:\/\/itr.ufrrj.br\/sigabi\/patrocinadores-5o-sigabi\/\"]}]},{\"@type\":\"BreadcrumbList\",\"@id\":\"https:\/\/itr.ufrrj.br\/sigabi\/patrocinadores-5o-sigabi\/#breadcrumb\",\"itemListElement\":[{\"@type\":\"ListItem\",\"position\":1,\"name\":\"In\u00edcio\",\"item\":\"https:\/\/itr.ufrrj.br\/sigabi\/\"},{\"@type\":\"ListItem\",\"position\":2,\"name\":\"Patrocinadores 5\u00ba SIGABI\"}]},{\"@type\":\"WebSite\",\"@id\":\"https:\/\/itr.ufrrj.br\/sigabi\/#website\",\"url\":\"https:\/\/itr.ufrrj.br\/sigabi\/\",\"name\":\"SIGABI - Simp\u00f3sio de Gest\u00e3o Ambiental e Biodiversidade\",\"description\":\"Simp\u00f3sio de Gest\u00e3o Ambiental e Biodiversidade\",\"potentialAction\":[{\"@type\":\"SearchAction\",\"target\":{\"@type\":\"EntryPoint\",\"urlTemplate\":\"https:\/\/itr.ufrrj.br\/sigabi\/?s={search_term_string}\"},\"query-input\":\"required name=search_term_string\"}],\"inLanguage\":\"pt-BR\"}]}<\/script>\n<!-- \/ Yoast SEO plugin. -->","yoast_head_json":{"title":"Patrocinadores 5\u00ba SIGABI - SIGABI - Simp\u00f3sio de Gest\u00e3o Ambiental e Biodiversidade","robots":{"index":"index","follow":"follow","max-snippet":"max-snippet:-1","max-image-preview":"max-image-preview:large","max-video-preview":"max-video-preview:-1"},"canonical":"https:\/\/itr.ufrrj.br\/sigabi\/patrocinadores-5o-sigabi\/","og_locale":"pt_BR","og_type":"article","og_title":"Patrocinadores 5\u00ba SIGABI - SIGABI - Simp\u00f3sio de Gest\u00e3o Ambiental e Biodiversidade","og_url":"https:\/\/itr.ufrrj.br\/sigabi\/patrocinadores-5o-sigabi\/","og_site_name":"SIGABI - Simp\u00f3sio de Gest\u00e3o Ambiental e Biodiversidade","article_modified_time":"2017-01-09T18:25:21+00:00","og_image":[{"url":"http:\/\/itr.ufrrj.br\/sigabi\/wp-content\/uploads\/2016\/08\/LIVRARIA-FAVORITA-1-150x150.png"}],"twitter_card":"summary_large_image","schema":{"@context":"https:\/\/schema.org","@graph":[{"@type":"WebPage","@id":"https:\/\/itr.ufrrj.br\/sigabi\/patrocinadores-5o-sigabi\/","url":"https:\/\/itr.ufrrj.br\/sigabi\/patrocinadores-5o-sigabi\/","name":"Patrocinadores 5\u00ba SIGABI - SIGABI - Simp\u00f3sio de Gest\u00e3o Ambiental e Biodiversidade","isPartOf":{"@id":"https:\/\/itr.ufrrj.br\/sigabi\/#website"},"datePublished":"2017-01-09T18:18:33+00:00","dateModified":"2017-01-09T18:25:21+00:00","breadcrumb":{"@id":"https:\/\/itr.ufrrj.br\/sigabi\/patrocinadores-5o-sigabi\/#breadcrumb"},"inLanguage":"pt-BR","potentialAction":[{"@type":"ReadAction","target":["https:\/\/itr.ufrrj.br\/sigabi\/patrocinadores-5o-sigabi\/"]}]},{"@type":"BreadcrumbList","@id":"https:\/\/itr.ufrrj.br\/sigabi\/patrocinadores-5o-sigabi\/#breadcrumb","itemListElement":[{"@type":"ListItem","position":1,"name":"In\u00edcio","item":"https:\/\/itr.ufrrj.br\/sigabi\/"},{"@type":"ListItem","position":2,"name":"Patrocinadores 5\u00ba SIGABI"}]},{"@type":"WebSite","@id":"https:\/\/itr.ufrrj.br\/sigabi\/#website","url":"https:\/\/itr.ufrrj.br\/sigabi\/","name":"SIGABI - Simp\u00f3sio de Gest\u00e3o Ambiental e Biodiversidade","description":"Simp\u00f3sio de Gest\u00e3o Ambiental e Biodiversidade","potentialAction":[{"@type":"SearchAction","target":{"@type":"EntryPoint","urlTemplate":"https:\/\/itr.ufrrj.br\/sigabi\/?s={search_term_string}"},"query-input":"required name=search_term_string"}],"inLanguage":"pt-BR"}]}},"_links":{"self":[{"href":"https:\/\/itr.ufrrj.br\/sigabi\/wp-json\/wp\/v2\/pages\/298"}],"collection":[{"href":"https:\/\/itr.ufrrj.br\/sigabi\/wp-json\/wp\/v2\/pages"}],"about":[{"href":"https:\/\/itr.ufrrj.br\/sigabi\/wp-json\/wp\/v2\/types\/page"}],"author":[{"embeddable":true,"href":"https:\/\/itr.ufrrj.br\/sigabi\/wp-json\/wp\/v2\/users\/2"}],"replies":[{"embeddable":true,"href":"https:\/\/itr.ufrrj.br\/sigabi\/wp-json\/wp\/v2\/comments?post=298"}],"version-history":[{"count":3,"href":"https:\/\/itr.ufrrj.br\/sigabi\/wp-json\/wp\/v2\/pages\/298\/revisions"}],"predecessor-version":[{"id":304,"href":"https:\/\/itr.ufrrj.br\/sigabi\/wp-json\/wp\/v2\/pages\/298\/revisions\/304"}],"wp:attachment":[{"href":"https:\/\/itr.ufrrj.br\/sigabi\/wp-json\/wp\/v2\/media?parent=298"}],"curies":[{"name":"wp","href":"https:\/\/api.w.org\/{rel}","templated":true}]}}