{"id":290,"date":"2017-01-09T16:03:08","date_gmt":"2017-01-09T18:03:08","guid":{"rendered":"http:\/\/itr.ufrrj.br\/sigabi\/?page_id=290"},"modified":"2017-01-09T16:03:20","modified_gmt":"2017-01-09T18:03:20","slug":"certificados-5o-sigabi","status":"publish","type":"page","link":"https:\/\/itr.ufrrj.br\/sigabi\/certificados-5o-sigabi\/","title":{"rendered":"Certificados 5\u00ba SIGABI"},"content":{"rendered":"<p>Para fazer o download dos certificados do 5\u00ba SIGABI clicar nos links abaixo.<\/p>\n<p>Agradecemos a sua participa\u00e7\u00e3o!!!<\/p>\n<p><a href=\"http:\/\/itr.ufrrj.br\/sigabi\/wp-content\/uploads\/2016\/08\/Participac\u0327a\u0303o-5\u00ba-SIGABI-1.pdf\">Certificados Apresenta\u00e7\u00f5es Orais e Pain\u00e9is<\/a><\/p>\n<p><a href=\"http:\/\/itr.ufrrj.br\/sigabi\/wp-content\/uploads\/2016\/08\/Participac\u0327a\u0303o-5\u00ba-SIGABI-1.pdf\">Certificados de participa\u00e7\u00e3o, minicursos e oficinas<\/a><\/p>\n","protected":false},"excerpt":{"rendered":"<p>Para fazer o download dos certificados do 5\u00ba SIGABI clicar nos links abaixo. Agradecemos a sua participa\u00e7\u00e3o!!! Certificados Apresenta\u00e7\u00f5es Orais e Pain\u00e9is Certificados de participa\u00e7\u00e3o, minicursos e oficinas<\/p>\n","protected":false},"author":2,"featured_media":0,"parent":0,"menu_order":0,"comment_status":"closed","ping_status":"closed","template":"","meta":[],"yoast_head":"<!-- This site is optimized with the Yoast SEO plugin v20.6 - https:\/\/yoast.com\/wordpress\/plugins\/seo\/ -->\n<title>Certificados 5\u00ba SIGABI - SIGABI - Simp\u00f3sio de Gest\u00e3o Ambiental e Biodiversidade<\/title>\n<meta name=\"robots\" content=\"index, follow, max-snippet:-1, max-image-preview:large, max-video-preview:-1\" \/>\n<link rel=\"canonical\" href=\"https:\/\/itr.ufrrj.br\/sigabi\/certificados-5o-sigabi\/\" \/>\n<meta property=\"og:locale\" content=\"pt_BR\" \/>\n<meta property=\"og:type\" content=\"article\" \/>\n<meta property=\"og:title\" content=\"Certificados 5\u00ba SIGABI - SIGABI - Simp\u00f3sio de Gest\u00e3o Ambiental e Biodiversidade\" \/>\n<meta property=\"og:description\" content=\"Para fazer o download dos certificados do 5\u00ba SIGABI clicar nos links abaixo. Agradecemos a sua participa\u00e7\u00e3o!!! Certificados Apresenta\u00e7\u00f5es Orais e Pain\u00e9is Certificados de participa\u00e7\u00e3o, minicursos e oficinas\" \/>\n<meta property=\"og:url\" content=\"https:\/\/itr.ufrrj.br\/sigabi\/certificados-5o-sigabi\/\" \/>\n<meta property=\"og:site_name\" content=\"SIGABI - Simp\u00f3sio de Gest\u00e3o Ambiental e Biodiversidade\" \/>\n<meta property=\"article:modified_time\" content=\"2017-01-09T18:03:20+00:00\" \/>\n<meta name=\"twitter:card\" content=\"summary_large_image\" \/>\n<script type=\"application\/ld+json\" class=\"yoast-schema-graph\">{\"@context\":\"https:\/\/schema.org\",\"@graph\":[{\"@type\":\"WebPage\",\"@id\":\"https:\/\/itr.ufrrj.br\/sigabi\/certificados-5o-sigabi\/\",\"url\":\"https:\/\/itr.ufrrj.br\/sigabi\/certificados-5o-sigabi\/\",\"name\":\"Certificados 5\u00ba SIGABI - SIGABI - Simp\u00f3sio de Gest\u00e3o Ambiental e Biodiversidade\",\"isPartOf\":{\"@id\":\"https:\/\/itr.ufrrj.br\/sigabi\/#website\"},\"datePublished\":\"2017-01-09T18:03:08+00:00\",\"dateModified\":\"2017-01-09T18:03:20+00:00\",\"breadcrumb\":{\"@id\":\"https:\/\/itr.ufrrj.br\/sigabi\/certificados-5o-sigabi\/#breadcrumb\"},\"inLanguage\":\"pt-BR\",\"potentialAction\":[{\"@type\":\"ReadAction\",\"target\":[\"https:\/\/itr.ufrrj.br\/sigabi\/certificados-5o-sigabi\/\"]}]},{\"@type\":\"BreadcrumbList\",\"@id\":\"https:\/\/itr.ufrrj.br\/sigabi\/certificados-5o-sigabi\/#breadcrumb\",\"itemListElement\":[{\"@type\":\"ListItem\",\"position\":1,\"name\":\"In\u00edcio\",\"item\":\"https:\/\/itr.ufrrj.br\/sigabi\/\"},{\"@type\":\"ListItem\",\"position\":2,\"name\":\"Certificados 5\u00ba SIGABI\"}]},{\"@type\":\"WebSite\",\"@id\":\"https:\/\/itr.ufrrj.br\/sigabi\/#website\",\"url\":\"https:\/\/itr.ufrrj.br\/sigabi\/\",\"name\":\"SIGABI - Simp\u00f3sio de Gest\u00e3o Ambiental e Biodiversidade\",\"description\":\"Simp\u00f3sio de Gest\u00e3o Ambiental e Biodiversidade\",\"potentialAction\":[{\"@type\":\"SearchAction\",\"target\":{\"@type\":\"EntryPoint\",\"urlTemplate\":\"https:\/\/itr.ufrrj.br\/sigabi\/?s={search_term_string}\"},\"query-input\":\"required name=search_term_string\"}],\"inLanguage\":\"pt-BR\"}]}<\/script>\n<!-- \/ Yoast SEO plugin. -->","yoast_head_json":{"title":"Certificados 5\u00ba SIGABI - SIGABI - Simp\u00f3sio de Gest\u00e3o Ambiental e Biodiversidade","robots":{"index":"index","follow":"follow","max-snippet":"max-snippet:-1","max-image-preview":"max-image-preview:large","max-video-preview":"max-video-preview:-1"},"canonical":"https:\/\/itr.ufrrj.br\/sigabi\/certificados-5o-sigabi\/","og_locale":"pt_BR","og_type":"article","og_title":"Certificados 5\u00ba SIGABI - SIGABI - Simp\u00f3sio de Gest\u00e3o Ambiental e Biodiversidade","og_description":"Para fazer o download dos certificados do 5\u00ba SIGABI clicar nos links abaixo. Agradecemos a sua participa\u00e7\u00e3o!!! Certificados Apresenta\u00e7\u00f5es Orais e Pain\u00e9is Certificados de participa\u00e7\u00e3o, minicursos e oficinas","og_url":"https:\/\/itr.ufrrj.br\/sigabi\/certificados-5o-sigabi\/","og_site_name":"SIGABI - Simp\u00f3sio de Gest\u00e3o Ambiental e Biodiversidade","article_modified_time":"2017-01-09T18:03:20+00:00","twitter_card":"summary_large_image","schema":{"@context":"https:\/\/schema.org","@graph":[{"@type":"WebPage","@id":"https:\/\/itr.ufrrj.br\/sigabi\/certificados-5o-sigabi\/","url":"https:\/\/itr.ufrrj.br\/sigabi\/certificados-5o-sigabi\/","name":"Certificados 5\u00ba SIGABI - SIGABI - Simp\u00f3sio de Gest\u00e3o Ambiental e Biodiversidade","isPartOf":{"@id":"https:\/\/itr.ufrrj.br\/sigabi\/#website"},"datePublished":"2017-01-09T18:03:08+00:00","dateModified":"2017-01-09T18:03:20+00:00","breadcrumb":{"@id":"https:\/\/itr.ufrrj.br\/sigabi\/certificados-5o-sigabi\/#breadcrumb"},"inLanguage":"pt-BR","potentialAction":[{"@type":"ReadAction","target":["https:\/\/itr.ufrrj.br\/sigabi\/certificados-5o-sigabi\/"]}]},{"@type":"BreadcrumbList","@id":"https:\/\/itr.ufrrj.br\/sigabi\/certificados-5o-sigabi\/#breadcrumb","itemListElement":[{"@type":"ListItem","position":1,"name":"In\u00edcio","item":"https:\/\/itr.ufrrj.br\/sigabi\/"},{"@type":"ListItem","position":2,"name":"Certificados 5\u00ba SIGABI"}]},{"@type":"WebSite","@id":"https:\/\/itr.ufrrj.br\/sigabi\/#website","url":"https:\/\/itr.ufrrj.br\/sigabi\/","name":"SIGABI - Simp\u00f3sio de Gest\u00e3o Ambiental e Biodiversidade","description":"Simp\u00f3sio de Gest\u00e3o Ambiental e Biodiversidade","potentialAction":[{"@type":"SearchAction","target":{"@type":"EntryPoint","urlTemplate":"https:\/\/itr.ufrrj.br\/sigabi\/?s={search_term_string}"},"query-input":"required name=search_term_string"}],"inLanguage":"pt-BR"}]}},"_links":{"self":[{"href":"https:\/\/itr.ufrrj.br\/sigabi\/wp-json\/wp\/v2\/pages\/290"}],"collection":[{"href":"https:\/\/itr.ufrrj.br\/sigabi\/wp-json\/wp\/v2\/pages"}],"about":[{"href":"https:\/\/itr.ufrrj.br\/sigabi\/wp-json\/wp\/v2\/types\/page"}],"author":[{"embeddable":true,"href":"https:\/\/itr.ufrrj.br\/sigabi\/wp-json\/wp\/v2\/users\/2"}],"replies":[{"embeddable":true,"href":"https:\/\/itr.ufrrj.br\/sigabi\/wp-json\/wp\/v2\/comments?post=290"}],"version-history":[{"count":1,"href":"https:\/\/itr.ufrrj.br\/sigabi\/wp-json\/wp\/v2\/pages\/290\/revisions"}],"predecessor-version":[{"id":291,"href":"https:\/\/itr.ufrrj.br\/sigabi\/wp-json\/wp\/v2\/pages\/290\/revisions\/291"}],"wp:attachment":[{"href":"https:\/\/itr.ufrrj.br\/sigabi\/wp-json\/wp\/v2\/media?parent=290"}],"curies":[{"name":"wp","href":"https:\/\/api.w.org\/{rel}","templated":true}]}}