{"id":286,"date":"2017-01-09T16:01:49","date_gmt":"2017-01-09T18:01:49","guid":{"rendered":"http:\/\/itr.ufrrj.br\/sigabi\/?page_id=286"},"modified":"2017-01-09T16:02:28","modified_gmt":"2017-01-09T18:02:28","slug":"concurso-de-fotos-5o-sigabi","status":"publish","type":"page","link":"https:\/\/itr.ufrrj.br\/sigabi\/concurso-de-fotos-5o-sigabi\/","title":{"rendered":"Concurso de Fotos 5\u00ba\u00a0SIGABI"},"content":{"rendered":"<p style=\"text-align: justify;\">Nesse menu, voc\u00ea encontrar\u00e1 informa\u00e7\u00f5es sobre o Concurso de Fotos do 5\u00ba SIGABI e a foto vencedora do concurso de 2015.<\/p>\n<h3 style=\"text-align: justify;\">CONCURSO DE FOTOS 5\u00ba SIGABI &#8211; REGULAMENTO<\/h3>\n<ul style=\"text-align: justify;\">\n<li>O Concurso de Fotos receber\u00e1 inscri\u00e7\u00f5es de 07\/03\/2016 at\u00e9 31\/05\/2016.<\/li>\n<li>Para participar do Concurso de Fotos do 5\u00ba SIGABI, basta enviar sua foto em formato .JPEG para o e-mail sigabi.contato@gmail.com<\/li>\n<li>Para ter sua participa\u00e7\u00e3o efetivada, ser\u00e1 necess\u00e1rio que a inscri\u00e7\u00e3o no evento tamb\u00e9m seja confirmada.<\/li>\n<li>Cada participante poder\u00e1 enviar 1(uma) foto em formato .JPEG com tamanho m\u00e1ximo de 5MB.<\/li>\n<li>Ser\u00e3o aceitas todas as fotos que permearem temas ambientais.<\/li>\n<li>Ao enviar a foto, favor identificar a localidade do clique.<\/li>\n<li>Dentre as fotos enviadas, ser\u00e3o escolhidas 10(dez) imagens pela comiss\u00e3o organizadora do evento. A comiss\u00e3o do SIGABI se responsabiliza em imprimir e expor todas as fotos finalistas.<\/li>\n<li>Ao enviar a foto, o participante concordar\u00e1 em ceder os direitos de uso da imagem para a organiza\u00e7\u00e3o do SIGABI.<\/li>\n<li>As 10 fotos selecionadas por uma fot\u00f3grafa profissional ficar\u00e3o expostas durante o per\u00edodo de 21 a 23 de Junho de 2016 no Instituto Tr\u00eas Rios &#8211; UFRRJ e ser\u00e3o votadas pelos participantes do evento.<\/li>\n<li>A foto que receber o maior n\u00famero de votos ser\u00e1 contemplada com um pr\u00eamio a ser definido pela Comiss\u00e3o Organizadora. Divulga\u00e7\u00e3o da foto vencedora: Encerramento do Evento (23 de junho).<\/li>\n<\/ul>\n<h3 style=\"text-align: justify;\">Veja abaixo a foto vencedora do 4\u00ba SIGABI<\/h3>\n<div id=\"attachment_133\" style=\"width: 310px\" class=\"wp-caption alignnone\"><a href=\"http:\/\/itr.ufrrj.br\/sigabi\/wp-content\/uploads\/2016\/08\/vencedor-4sigabi.jpg\"><img aria-describedby=\"caption-attachment-133\" loading=\"lazy\" class=\"wp-image-133 size-medium\" src=\"http:\/\/itr.ufrrj.br\/sigabi\/wp-content\/uploads\/2016\/08\/vencedor-4sigabi-300x199.jpg\" alt=\"Foto Vencedora 4\u00ba SIGABI: Artur Pedro\" width=\"300\" height=\"199\" srcset=\"https:\/\/itr.ufrrj.br\/sigabi\/wp-content\/uploads\/2016\/08\/vencedor-4sigabi-300x199.jpg 300w, https:\/\/itr.ufrrj.br\/sigabi\/wp-content\/uploads\/2016\/08\/vencedor-4sigabi-768x510.jpg 768w, https:\/\/itr.ufrrj.br\/sigabi\/wp-content\/uploads\/2016\/08\/vencedor-4sigabi.jpg 836w\" sizes=\"(max-width: 300px) 100vw, 300px\" \/><\/a><p id=\"caption-attachment-133\" class=\"wp-caption-text\">Foto Vencedora 4\u00ba SIGABI: Artur Pedro<\/p><\/div>\n","protected":false},"excerpt":{"rendered":"<p>Nesse menu, voc\u00ea encontrar\u00e1 informa\u00e7\u00f5es sobre o Concurso de Fotos do 5\u00ba SIGABI e a foto vencedora do concurso de 2015. CONCURSO DE FOTOS 5\u00ba SIGABI &#8211; REGULAMENTO O Concurso de Fotos receber\u00e1 inscri\u00e7\u00f5es de 07\/03\/2016 at\u00e9 31\/05\/2016. Para participar do Concurso de Fotos do 5\u00ba SIGABI, basta enviar sua foto em formato .JPEG para [&hellip;]<\/p>\n","protected":false},"author":2,"featured_media":0,"parent":0,"menu_order":0,"comment_status":"closed","ping_status":"closed","template":"","meta":[],"yoast_head":"<!-- This site is optimized with the Yoast SEO plugin v20.6 - https:\/\/yoast.com\/wordpress\/plugins\/seo\/ -->\n<title>Concurso de Fotos 5\u00ba\u00a0SIGABI - SIGABI - Simp\u00f3sio de Gest\u00e3o Ambiental e Biodiversidade<\/title>\n<meta name=\"robots\" content=\"index, follow, max-snippet:-1, max-image-preview:large, max-video-preview:-1\" \/>\n<link rel=\"canonical\" href=\"https:\/\/itr.ufrrj.br\/sigabi\/concurso-de-fotos-5o-sigabi\/\" \/>\n<meta property=\"og:locale\" content=\"pt_BR\" \/>\n<meta property=\"og:type\" content=\"article\" \/>\n<meta property=\"og:title\" content=\"Concurso de Fotos 5\u00ba\u00a0SIGABI - SIGABI - Simp\u00f3sio de Gest\u00e3o Ambiental e Biodiversidade\" \/>\n<meta property=\"og:description\" content=\"Nesse menu, voc\u00ea encontrar\u00e1 informa\u00e7\u00f5es sobre o Concurso de Fotos do 5\u00ba SIGABI e a foto vencedora do concurso de 2015. CONCURSO DE FOTOS 5\u00ba SIGABI &#8211; REGULAMENTO O Concurso de Fotos receber\u00e1 inscri\u00e7\u00f5es de 07\/03\/2016 at\u00e9 31\/05\/2016. Para participar do Concurso de Fotos do 5\u00ba SIGABI, basta enviar sua foto em formato .JPEG para [&hellip;]\" \/>\n<meta property=\"og:url\" content=\"https:\/\/itr.ufrrj.br\/sigabi\/concurso-de-fotos-5o-sigabi\/\" \/>\n<meta property=\"og:site_name\" content=\"SIGABI - Simp\u00f3sio de Gest\u00e3o Ambiental e Biodiversidade\" \/>\n<meta property=\"article:modified_time\" content=\"2017-01-09T18:02:28+00:00\" \/>\n<meta property=\"og:image\" content=\"http:\/\/itr.ufrrj.br\/sigabi\/wp-content\/uploads\/2016\/08\/vencedor-4sigabi-300x199.jpg\" \/>\n<meta name=\"twitter:card\" content=\"summary_large_image\" \/>\n<meta name=\"twitter:label1\" content=\"Est. tempo de leitura\" \/>\n\t<meta name=\"twitter:data1\" content=\"1 minuto\" \/>\n<script type=\"application\/ld+json\" class=\"yoast-schema-graph\">{\"@context\":\"https:\/\/schema.org\",\"@graph\":[{\"@type\":\"WebPage\",\"@id\":\"https:\/\/itr.ufrrj.br\/sigabi\/concurso-de-fotos-5o-sigabi\/\",\"url\":\"https:\/\/itr.ufrrj.br\/sigabi\/concurso-de-fotos-5o-sigabi\/\",\"name\":\"Concurso de Fotos 5\u00ba\u00a0SIGABI - SIGABI - Simp\u00f3sio de Gest\u00e3o Ambiental e Biodiversidade\",\"isPartOf\":{\"@id\":\"https:\/\/itr.ufrrj.br\/sigabi\/#website\"},\"datePublished\":\"2017-01-09T18:01:49+00:00\",\"dateModified\":\"2017-01-09T18:02:28+00:00\",\"breadcrumb\":{\"@id\":\"https:\/\/itr.ufrrj.br\/sigabi\/concurso-de-fotos-5o-sigabi\/#breadcrumb\"},\"inLanguage\":\"pt-BR\",\"potentialAction\":[{\"@type\":\"ReadAction\",\"target\":[\"https:\/\/itr.ufrrj.br\/sigabi\/concurso-de-fotos-5o-sigabi\/\"]}]},{\"@type\":\"BreadcrumbList\",\"@id\":\"https:\/\/itr.ufrrj.br\/sigabi\/concurso-de-fotos-5o-sigabi\/#breadcrumb\",\"itemListElement\":[{\"@type\":\"ListItem\",\"position\":1,\"name\":\"In\u00edcio\",\"item\":\"https:\/\/itr.ufrrj.br\/sigabi\/\"},{\"@type\":\"ListItem\",\"position\":2,\"name\":\"Concurso de Fotos 5\u00ba\u00a0SIGABI\"}]},{\"@type\":\"WebSite\",\"@id\":\"https:\/\/itr.ufrrj.br\/sigabi\/#website\",\"url\":\"https:\/\/itr.ufrrj.br\/sigabi\/\",\"name\":\"SIGABI - Simp\u00f3sio de Gest\u00e3o Ambiental e Biodiversidade\",\"description\":\"Simp\u00f3sio de Gest\u00e3o Ambiental e Biodiversidade\",\"potentialAction\":[{\"@type\":\"SearchAction\",\"target\":{\"@type\":\"EntryPoint\",\"urlTemplate\":\"https:\/\/itr.ufrrj.br\/sigabi\/?s={search_term_string}\"},\"query-input\":\"required name=search_term_string\"}],\"inLanguage\":\"pt-BR\"}]}<\/script>\n<!-- \/ Yoast SEO plugin. -->","yoast_head_json":{"title":"Concurso de Fotos 5\u00ba\u00a0SIGABI - SIGABI - Simp\u00f3sio de Gest\u00e3o Ambiental e Biodiversidade","robots":{"index":"index","follow":"follow","max-snippet":"max-snippet:-1","max-image-preview":"max-image-preview:large","max-video-preview":"max-video-preview:-1"},"canonical":"https:\/\/itr.ufrrj.br\/sigabi\/concurso-de-fotos-5o-sigabi\/","og_locale":"pt_BR","og_type":"article","og_title":"Concurso de Fotos 5\u00ba\u00a0SIGABI - SIGABI - Simp\u00f3sio de Gest\u00e3o Ambiental e Biodiversidade","og_description":"Nesse menu, voc\u00ea encontrar\u00e1 informa\u00e7\u00f5es sobre o Concurso de Fotos do 5\u00ba SIGABI e a foto vencedora do concurso de 2015. CONCURSO DE FOTOS 5\u00ba SIGABI &#8211; REGULAMENTO O Concurso de Fotos receber\u00e1 inscri\u00e7\u00f5es de 07\/03\/2016 at\u00e9 31\/05\/2016. Para participar do Concurso de Fotos do 5\u00ba SIGABI, basta enviar sua foto em formato .JPEG para [&hellip;]","og_url":"https:\/\/itr.ufrrj.br\/sigabi\/concurso-de-fotos-5o-sigabi\/","og_site_name":"SIGABI - Simp\u00f3sio de Gest\u00e3o Ambiental e Biodiversidade","article_modified_time":"2017-01-09T18:02:28+00:00","og_image":[{"url":"http:\/\/itr.ufrrj.br\/sigabi\/wp-content\/uploads\/2016\/08\/vencedor-4sigabi-300x199.jpg"}],"twitter_card":"summary_large_image","twitter_misc":{"Est. tempo de leitura":"1 minuto"},"schema":{"@context":"https:\/\/schema.org","@graph":[{"@type":"WebPage","@id":"https:\/\/itr.ufrrj.br\/sigabi\/concurso-de-fotos-5o-sigabi\/","url":"https:\/\/itr.ufrrj.br\/sigabi\/concurso-de-fotos-5o-sigabi\/","name":"Concurso de Fotos 5\u00ba\u00a0SIGABI - SIGABI - Simp\u00f3sio de Gest\u00e3o Ambiental e Biodiversidade","isPartOf":{"@id":"https:\/\/itr.ufrrj.br\/sigabi\/#website"},"datePublished":"2017-01-09T18:01:49+00:00","dateModified":"2017-01-09T18:02:28+00:00","breadcrumb":{"@id":"https:\/\/itr.ufrrj.br\/sigabi\/concurso-de-fotos-5o-sigabi\/#breadcrumb"},"inLanguage":"pt-BR","potentialAction":[{"@type":"ReadAction","target":["https:\/\/itr.ufrrj.br\/sigabi\/concurso-de-fotos-5o-sigabi\/"]}]},{"@type":"BreadcrumbList","@id":"https:\/\/itr.ufrrj.br\/sigabi\/concurso-de-fotos-5o-sigabi\/#breadcrumb","itemListElement":[{"@type":"ListItem","position":1,"name":"In\u00edcio","item":"https:\/\/itr.ufrrj.br\/sigabi\/"},{"@type":"ListItem","position":2,"name":"Concurso de Fotos 5\u00ba\u00a0SIGABI"}]},{"@type":"WebSite","@id":"https:\/\/itr.ufrrj.br\/sigabi\/#website","url":"https:\/\/itr.ufrrj.br\/sigabi\/","name":"SIGABI - Simp\u00f3sio de Gest\u00e3o Ambiental e Biodiversidade","description":"Simp\u00f3sio de Gest\u00e3o Ambiental e Biodiversidade","potentialAction":[{"@type":"SearchAction","target":{"@type":"EntryPoint","urlTemplate":"https:\/\/itr.ufrrj.br\/sigabi\/?s={search_term_string}"},"query-input":"required name=search_term_string"}],"inLanguage":"pt-BR"}]}},"_links":{"self":[{"href":"https:\/\/itr.ufrrj.br\/sigabi\/wp-json\/wp\/v2\/pages\/286"}],"collection":[{"href":"https:\/\/itr.ufrrj.br\/sigabi\/wp-json\/wp\/v2\/pages"}],"about":[{"href":"https:\/\/itr.ufrrj.br\/sigabi\/wp-json\/wp\/v2\/types\/page"}],"author":[{"embeddable":true,"href":"https:\/\/itr.ufrrj.br\/sigabi\/wp-json\/wp\/v2\/users\/2"}],"replies":[{"embeddable":true,"href":"https:\/\/itr.ufrrj.br\/sigabi\/wp-json\/wp\/v2\/comments?post=286"}],"version-history":[{"count":1,"href":"https:\/\/itr.ufrrj.br\/sigabi\/wp-json\/wp\/v2\/pages\/286\/revisions"}],"predecessor-version":[{"id":287,"href":"https:\/\/itr.ufrrj.br\/sigabi\/wp-json\/wp\/v2\/pages\/286\/revisions\/287"}],"wp:attachment":[{"href":"https:\/\/itr.ufrrj.br\/sigabi\/wp-json\/wp\/v2\/media?parent=286"}],"curies":[{"name":"wp","href":"https:\/\/api.w.org\/{rel}","templated":true}]}}