{"id":274,"date":"2017-01-09T15:47:07","date_gmt":"2017-01-09T17:47:07","guid":{"rendered":"http:\/\/itr.ufrrj.br\/sigabi\/?page_id=274"},"modified":"2017-01-09T15:47:07","modified_gmt":"2017-01-09T17:47:07","slug":"normas-dos-trabalhos-completos-5o-sigabi","status":"publish","type":"page","link":"https:\/\/itr.ufrrj.br\/sigabi\/envio-de-trabalhos-completos-5o-sigabi\/normas-dos-trabalhos-completos-5o-sigabi\/","title":{"rendered":"Normas dos Trabalhos Completos &#8211; 5\u00ba SIGABI"},"content":{"rendered":"<p style=\"text-align: justify;\">Envio de trabalhos completos de 7 de mar\u00e7o a 31 de maio de 2016.<\/p>\n<p style=\"text-align: justify;\">Os trabalhos completos dever\u00e3o ser enviados para <a href=\"mailto:sigabi.resumos@gmail.com\"><strong>sigabi.resumos@gmail.com<\/strong><\/a> ap\u00f3s o recebimento do n\u00famero de inscri\u00e7\u00e3o.<\/p>\n<p style=\"text-align: justify;\">Sess\u00f5es t\u00e9cnicas: \u00c1reas Protegidas\/Uso da Terra; Agricultura; Gest\u00e3o Ambiental; Recupera\u00e7\u00e3o de \u00c1reas Degradadas e Contaminadas; Recursos H\u00eddricos; Biodiversidade; Ecologia; Geologia; Geoprocessamento; Educa\u00e7\u00e3o Ambiental; Mudan\u00e7as Clim\u00e1ticas; Biologia; Qu\u00edmica; Ecoturismo; Servi\u00e7os Ambientais; Sa\u00fade do meio ambiente; Economia Ambiental; Direito Ambiental; Geografia; Microbiologia; Marketing Ambiental; Pol\u00edticas P\u00fablicas; Energia e Meio Ambiente; Avalia\u00e7\u00e3o de Impactos Ambientais; Sustentabilidade e Urbanismo.<\/p>\n<p style=\"text-align: justify;\">OBS.: TODOS OS TRABALHOS COMPLETOS ENVIADOS DEVEM SER VOLTADOS PARA TEMAS AMBIENTAIS. OS TRABALHOS COMPLETOS QUE ESTIVEREM FORA DO TEMA AMBIENTAL N\u00c3O SER\u00c3O ACEITOS<\/p>\n<h3 style=\"text-align: justify;\">NORMAS PARA PREPARA\u00c7\u00c3O E SUBMISS\u00c3O DE TRABALHOS COMPLETOS<\/h3>\n<p style=\"text-align: justify;\">Data para submiss\u00e3o de trabalhos completos: De 07\/03\/2016 a 07\/05\/2016.<\/p>\n<p style=\"text-align: justify;\">Cada inscri\u00e7\u00e3o dar\u00e1 direito \u00e0 submiss\u00e3o de 1 (um) trabalho completo de at\u00e9 10 p\u00e1ginas.<\/p>\n<p style=\"text-align: justify;\">Fa\u00e7a o download do arquivo (Modelo do Artigo &#8211; 5\u00ba SIGABI.DOC). Salve o seu artigo EM DOC, com o nome e sobrenome do primeiro autor, ou de um dos autores inscritos, e o n\u00famero gerado ap\u00f3s a efetiva\u00e7\u00e3o da inscri\u00e7\u00e3o (Ex.:ANDERSON_SILVA_235).<\/p>\n<p style=\"text-align: justify;\">Quando abrir o modelo, ver\u00e1 que o documento est\u00e1 preenchido conforme as normas. Substitua o texto do modelo de artigo, pelo texto a ser enviado, mantendo a formata\u00e7\u00e3o especificada e detalhada abaixo.<br \/>\nOs manuscritos submetidos dever\u00e3o ser formatados em A4, com margens de 2,5 cm e alinhamento justificado, fonte: Times New Roman, corpo 12, em espa\u00e7o simples.<\/p>\n<p style=\"text-align: justify;\">Palavras em latim devem estar em it\u00e1lico, bem como os nomes cient\u00edficos gen\u00e9ricos e infragen\u00e9ricos. Utilizar nomes cient\u00edficos completos (g\u00eanero, esp\u00e9cie e autor) na primeira men\u00e7\u00e3o, abreviando o nome gen\u00e9rico subsequentemente, exceto onde refer\u00eancia a outros g\u00eaneros cause confus\u00e3o.<\/p>\n<p style=\"text-align: justify;\">As cita\u00e7\u00f5es de refer\u00eancias no texto devem seguir os seguintes exemplos: Azevedo (1993), Azevedo &amp; Pereira (1994), Silva et al. (1996) para tr\u00eas ou mais autores; ou (Azevedo 1993), (Azevedo &amp; Pereira 1994), (Silva et al. 1996), (Azevedo 1993; Azevedo &amp; Pereira 1994). Artigos do mesmo autor ou sequencia de cita\u00e7\u00f5es devem estar em ordem cronol\u00f3gica.<\/p>\n<p style=\"text-align: justify;\">As refer\u00eancias bibliogr\u00e1ficas devem ser relacionadas em ordem alfab\u00e9tica, pelo sobrenome do primeiro autor, com apenas a primeira letra em caixa alta, seguido de todos os demais autores. Quando o mesmo autor publicar v\u00e1rios trabalhos num mesmo ano, dever\u00e3o ser acrescentadas letras alfab\u00e9ticas ap\u00f3s a data. Os t\u00edtulos de peri\u00f3dicos n\u00e3o devem ser abreviados.<\/p>\n<p style=\"text-align: justify;\">Exemplos:<br \/>\nCosta, C.G. 1989. Morfologia e anatomia dos \u00f3rg\u00e3os vegetativos em desenvolvimento de Marcgravia polyantha Delp. (Marcgraviaceae). Tese de Doutorado. Universidade de S\u00e3o Paulo, S\u00e3o Paulo. 325p.<br \/>\nEngler, H.G.A. 1878. Araceae. In: Martius, C.F.P. von; Eichler, A. W. &amp; Urban, I. Flora brasiliensis. Munchen, Wien, Leipzig. Vol. 3. Pp. 26-223.<br \/>\nPunt, W.; Blackmore, S.; Nilsson, S. &amp; Thomas, A. 1999. Glossary of pollen and spore Terminology. Dispon\u00edvel em &lt;http:\/\/www.biol.ruu.nl.\/~palaeo\/glossary\/glos-int.htm&gt;. Acesso em 15 outubro 2006.<br \/>\nSass, J.E. 1951. Botanical microtechnique. 2ed. Iowa State College Press, Iowa. 228p.<br \/>\nTolbert, R.J. &amp; Johnson, M.A. 1966. A survey of the vegetative shoot apices in the family Malvaceae. American Journal of Botany 53: 961-970.<\/p>\n<p style=\"text-align: justify;\">Salvar em formato.DOC (tamanho limite do arquivo 10MB) e submeter. O aceite do trabalho completo depende da decis\u00e3o da Comiss\u00e3o Cient\u00edfica.<\/p>\n<p style=\"text-align: justify;\">Para a submiss\u00e3o dos trabalhos completos, colocar no assunto do email a sess\u00e3o t\u00e9cnica do trabalho cient\u00edfico. Anexar o trabalho cient\u00edfico, salvo EM DOC, com o nome e sobrenome do primeiro autor, ou de um dos autores inscritos, e o n\u00famero gerado ap\u00f3s a efetiva\u00e7\u00e3o da inscri\u00e7\u00e3o (Ex.:ANDERSON_SILVA_235). Al\u00e9m de anexar o trabalho completo, pedimos a gentileza de anexar o comprovante de pagamento da inscri\u00e7\u00e3o para agilizar o processo de avalia\u00e7\u00e3o do trabalho completo.<\/p>\n<p style=\"text-align: justify;\">Demais especifica\u00e7\u00f5es est\u00e3o no arquivo para download abaixo.<\/p>\n<p style=\"text-align: justify;\">A Comiss\u00e3o Organizadora n\u00e3o se responsabiliza por erros ortogr\u00e1ficos ou por revis\u00e3o gramatical dos trabalhos completos enviados, sendo o conte\u00fado cient\u00edfico e a reda\u00e7\u00e3o do trabalho de inteira responsabilidade dos autores.<\/p>\n","protected":false},"excerpt":{"rendered":"<p>Envio de trabalhos completos de 7 de mar\u00e7o a 31 de maio de 2016. Os trabalhos completos dever\u00e3o ser enviados para sigabi.resumos@gmail.com ap\u00f3s o recebimento do n\u00famero de inscri\u00e7\u00e3o. Sess\u00f5es t\u00e9cnicas: \u00c1reas Protegidas\/Uso da Terra; Agricultura; Gest\u00e3o Ambiental; Recupera\u00e7\u00e3o de \u00c1reas Degradadas e Contaminadas; Recursos H\u00eddricos; Biodiversidade; Ecologia; Geologia; Geoprocessamento; Educa\u00e7\u00e3o Ambiental; Mudan\u00e7as Clim\u00e1ticas; Biologia; [&hellip;]<\/p>\n","protected":false},"author":2,"featured_media":0,"parent":270,"menu_order":0,"comment_status":"closed","ping_status":"closed","template":"","meta":[],"yoast_head":"<!-- This site is optimized with the Yoast SEO plugin v20.6 - https:\/\/yoast.com\/wordpress\/plugins\/seo\/ -->\n<title>Normas dos Trabalhos Completos - 5\u00ba SIGABI - SIGABI - Simp\u00f3sio de Gest\u00e3o Ambiental e Biodiversidade<\/title>\n<meta name=\"robots\" content=\"index, follow, max-snippet:-1, max-image-preview:large, max-video-preview:-1\" \/>\n<link rel=\"canonical\" href=\"https:\/\/itr.ufrrj.br\/sigabi\/envio-de-trabalhos-completos-5o-sigabi\/normas-dos-trabalhos-completos-5o-sigabi\/\" \/>\n<meta property=\"og:locale\" content=\"pt_BR\" \/>\n<meta property=\"og:type\" content=\"article\" \/>\n<meta property=\"og:title\" content=\"Normas dos Trabalhos Completos - 5\u00ba SIGABI - SIGABI - Simp\u00f3sio de Gest\u00e3o Ambiental e Biodiversidade\" \/>\n<meta property=\"og:description\" content=\"Envio de trabalhos completos de 7 de mar\u00e7o a 31 de maio de 2016. Os trabalhos completos dever\u00e3o ser enviados para sigabi.resumos@gmail.com ap\u00f3s o recebimento do n\u00famero de inscri\u00e7\u00e3o. Sess\u00f5es t\u00e9cnicas: \u00c1reas Protegidas\/Uso da Terra; Agricultura; Gest\u00e3o Ambiental; Recupera\u00e7\u00e3o de \u00c1reas Degradadas e Contaminadas; Recursos H\u00eddricos; Biodiversidade; Ecologia; Geologia; Geoprocessamento; Educa\u00e7\u00e3o Ambiental; Mudan\u00e7as Clim\u00e1ticas; Biologia; [&hellip;]\" \/>\n<meta property=\"og:url\" content=\"https:\/\/itr.ufrrj.br\/sigabi\/envio-de-trabalhos-completos-5o-sigabi\/normas-dos-trabalhos-completos-5o-sigabi\/\" \/>\n<meta property=\"og:site_name\" content=\"SIGABI - Simp\u00f3sio de Gest\u00e3o Ambiental e Biodiversidade\" \/>\n<meta name=\"twitter:card\" content=\"summary_large_image\" \/>\n<meta name=\"twitter:label1\" content=\"Est. tempo de leitura\" \/>\n\t<meta name=\"twitter:data1\" content=\"4 minutos\" \/>\n<script type=\"application\/ld+json\" class=\"yoast-schema-graph\">{\"@context\":\"https:\/\/schema.org\",\"@graph\":[{\"@type\":\"WebPage\",\"@id\":\"https:\/\/itr.ufrrj.br\/sigabi\/envio-de-trabalhos-completos-5o-sigabi\/normas-dos-trabalhos-completos-5o-sigabi\/\",\"url\":\"https:\/\/itr.ufrrj.br\/sigabi\/envio-de-trabalhos-completos-5o-sigabi\/normas-dos-trabalhos-completos-5o-sigabi\/\",\"name\":\"Normas dos Trabalhos Completos - 5\u00ba SIGABI - SIGABI - Simp\u00f3sio de Gest\u00e3o Ambiental e Biodiversidade\",\"isPartOf\":{\"@id\":\"https:\/\/itr.ufrrj.br\/sigabi\/#website\"},\"datePublished\":\"2017-01-09T17:47:07+00:00\",\"dateModified\":\"2017-01-09T17:47:07+00:00\",\"breadcrumb\":{\"@id\":\"https:\/\/itr.ufrrj.br\/sigabi\/envio-de-trabalhos-completos-5o-sigabi\/normas-dos-trabalhos-completos-5o-sigabi\/#breadcrumb\"},\"inLanguage\":\"pt-BR\",\"potentialAction\":[{\"@type\":\"ReadAction\",\"target\":[\"https:\/\/itr.ufrrj.br\/sigabi\/envio-de-trabalhos-completos-5o-sigabi\/normas-dos-trabalhos-completos-5o-sigabi\/\"]}]},{\"@type\":\"BreadcrumbList\",\"@id\":\"https:\/\/itr.ufrrj.br\/sigabi\/envio-de-trabalhos-completos-5o-sigabi\/normas-dos-trabalhos-completos-5o-sigabi\/#breadcrumb\",\"itemListElement\":[{\"@type\":\"ListItem\",\"position\":1,\"name\":\"In\u00edcio\",\"item\":\"https:\/\/itr.ufrrj.br\/sigabi\/\"},{\"@type\":\"ListItem\",\"position\":2,\"name\":\"Envio de Trabalhos Completos 5\u00ba SIGABI\",\"item\":\"https:\/\/itr.ufrrj.br\/sigabi\/envio-de-trabalhos-completos-5o-sigabi\/\"},{\"@type\":\"ListItem\",\"position\":3,\"name\":\"Normas dos Trabalhos Completos &#8211; 5\u00ba SIGABI\"}]},{\"@type\":\"WebSite\",\"@id\":\"https:\/\/itr.ufrrj.br\/sigabi\/#website\",\"url\":\"https:\/\/itr.ufrrj.br\/sigabi\/\",\"name\":\"SIGABI - Simp\u00f3sio de Gest\u00e3o Ambiental e Biodiversidade\",\"description\":\"Simp\u00f3sio de Gest\u00e3o Ambiental e Biodiversidade\",\"potentialAction\":[{\"@type\":\"SearchAction\",\"target\":{\"@type\":\"EntryPoint\",\"urlTemplate\":\"https:\/\/itr.ufrrj.br\/sigabi\/?s={search_term_string}\"},\"query-input\":\"required name=search_term_string\"}],\"inLanguage\":\"pt-BR\"}]}<\/script>\n<!-- \/ Yoast SEO plugin. -->","yoast_head_json":{"title":"Normas dos Trabalhos Completos - 5\u00ba SIGABI - SIGABI - Simp\u00f3sio de Gest\u00e3o Ambiental e Biodiversidade","robots":{"index":"index","follow":"follow","max-snippet":"max-snippet:-1","max-image-preview":"max-image-preview:large","max-video-preview":"max-video-preview:-1"},"canonical":"https:\/\/itr.ufrrj.br\/sigabi\/envio-de-trabalhos-completos-5o-sigabi\/normas-dos-trabalhos-completos-5o-sigabi\/","og_locale":"pt_BR","og_type":"article","og_title":"Normas dos Trabalhos Completos - 5\u00ba SIGABI - SIGABI - Simp\u00f3sio de Gest\u00e3o Ambiental e Biodiversidade","og_description":"Envio de trabalhos completos de 7 de mar\u00e7o a 31 de maio de 2016. Os trabalhos completos dever\u00e3o ser enviados para sigabi.resumos@gmail.com ap\u00f3s o recebimento do n\u00famero de inscri\u00e7\u00e3o. Sess\u00f5es t\u00e9cnicas: \u00c1reas Protegidas\/Uso da Terra; Agricultura; Gest\u00e3o Ambiental; Recupera\u00e7\u00e3o de \u00c1reas Degradadas e Contaminadas; Recursos H\u00eddricos; Biodiversidade; Ecologia; Geologia; Geoprocessamento; Educa\u00e7\u00e3o Ambiental; Mudan\u00e7as Clim\u00e1ticas; Biologia; [&hellip;]","og_url":"https:\/\/itr.ufrrj.br\/sigabi\/envio-de-trabalhos-completos-5o-sigabi\/normas-dos-trabalhos-completos-5o-sigabi\/","og_site_name":"SIGABI - Simp\u00f3sio de Gest\u00e3o Ambiental e Biodiversidade","twitter_card":"summary_large_image","twitter_misc":{"Est. tempo de leitura":"4 minutos"},"schema":{"@context":"https:\/\/schema.org","@graph":[{"@type":"WebPage","@id":"https:\/\/itr.ufrrj.br\/sigabi\/envio-de-trabalhos-completos-5o-sigabi\/normas-dos-trabalhos-completos-5o-sigabi\/","url":"https:\/\/itr.ufrrj.br\/sigabi\/envio-de-trabalhos-completos-5o-sigabi\/normas-dos-trabalhos-completos-5o-sigabi\/","name":"Normas dos Trabalhos Completos - 5\u00ba SIGABI - SIGABI - Simp\u00f3sio de Gest\u00e3o Ambiental e Biodiversidade","isPartOf":{"@id":"https:\/\/itr.ufrrj.br\/sigabi\/#website"},"datePublished":"2017-01-09T17:47:07+00:00","dateModified":"2017-01-09T17:47:07+00:00","breadcrumb":{"@id":"https:\/\/itr.ufrrj.br\/sigabi\/envio-de-trabalhos-completos-5o-sigabi\/normas-dos-trabalhos-completos-5o-sigabi\/#breadcrumb"},"inLanguage":"pt-BR","potentialAction":[{"@type":"ReadAction","target":["https:\/\/itr.ufrrj.br\/sigabi\/envio-de-trabalhos-completos-5o-sigabi\/normas-dos-trabalhos-completos-5o-sigabi\/"]}]},{"@type":"BreadcrumbList","@id":"https:\/\/itr.ufrrj.br\/sigabi\/envio-de-trabalhos-completos-5o-sigabi\/normas-dos-trabalhos-completos-5o-sigabi\/#breadcrumb","itemListElement":[{"@type":"ListItem","position":1,"name":"In\u00edcio","item":"https:\/\/itr.ufrrj.br\/sigabi\/"},{"@type":"ListItem","position":2,"name":"Envio de Trabalhos Completos 5\u00ba SIGABI","item":"https:\/\/itr.ufrrj.br\/sigabi\/envio-de-trabalhos-completos-5o-sigabi\/"},{"@type":"ListItem","position":3,"name":"Normas dos Trabalhos Completos &#8211; 5\u00ba SIGABI"}]},{"@type":"WebSite","@id":"https:\/\/itr.ufrrj.br\/sigabi\/#website","url":"https:\/\/itr.ufrrj.br\/sigabi\/","name":"SIGABI - Simp\u00f3sio de Gest\u00e3o Ambiental e Biodiversidade","description":"Simp\u00f3sio de Gest\u00e3o Ambiental e Biodiversidade","potentialAction":[{"@type":"SearchAction","target":{"@type":"EntryPoint","urlTemplate":"https:\/\/itr.ufrrj.br\/sigabi\/?s={search_term_string}"},"query-input":"required name=search_term_string"}],"inLanguage":"pt-BR"}]}},"_links":{"self":[{"href":"https:\/\/itr.ufrrj.br\/sigabi\/wp-json\/wp\/v2\/pages\/274"}],"collection":[{"href":"https:\/\/itr.ufrrj.br\/sigabi\/wp-json\/wp\/v2\/pages"}],"about":[{"href":"https:\/\/itr.ufrrj.br\/sigabi\/wp-json\/wp\/v2\/types\/page"}],"author":[{"embeddable":true,"href":"https:\/\/itr.ufrrj.br\/sigabi\/wp-json\/wp\/v2\/users\/2"}],"replies":[{"embeddable":true,"href":"https:\/\/itr.ufrrj.br\/sigabi\/wp-json\/wp\/v2\/comments?post=274"}],"version-history":[{"count":1,"href":"https:\/\/itr.ufrrj.br\/sigabi\/wp-json\/wp\/v2\/pages\/274\/revisions"}],"predecessor-version":[{"id":275,"href":"https:\/\/itr.ufrrj.br\/sigabi\/wp-json\/wp\/v2\/pages\/274\/revisions\/275"}],"up":[{"embeddable":true,"href":"https:\/\/itr.ufrrj.br\/sigabi\/wp-json\/wp\/v2\/pages\/270"}],"wp:attachment":[{"href":"https:\/\/itr.ufrrj.br\/sigabi\/wp-json\/wp\/v2\/media?parent=274"}],"curies":[{"name":"wp","href":"https:\/\/api.w.org\/{rel}","templated":true}]}}