{"id":259,"date":"2017-01-09T15:09:20","date_gmt":"2017-01-09T17:09:20","guid":{"rendered":"http:\/\/itr.ufrrj.br\/sigabi\/?page_id=259"},"modified":"2017-01-09T15:09:46","modified_gmt":"2017-01-09T17:09:46","slug":"oficinas-5o-sigabi","status":"publish","type":"page","link":"https:\/\/itr.ufrrj.br\/sigabi\/programacao-5o-sigabi\/oficinas-5o-sigabi\/","title":{"rendered":"Oficinas 5\u00ba SIGABI"},"content":{"rendered":"<p><b>21\/06\/2016 (ter\u00e7a-feira) &#8211; <\/b><b>10:30 \u00e0s 12:00h<\/b><\/p>\n<p><span style=\"color: #ff0000;\">(Cada participante s\u00f3 poder\u00e1 participar de uma oficina, pois as mesmas ocorrer\u00e3o simultaneamente).<\/span><\/p>\n<p><b>Oficina 1 \u2013 Artesanato com reutiliza\u00e7\u00e3o de material<br \/>\nMinistrante: <\/b>Luana Alves Riente e L\u00edvia Correia Froes<br \/>\nVagas: 50<\/p>\n<p><b>Oficina 2 \u2013 Ecogastronomia<br \/>\nMinistrante:<\/b> Lorran Marques<br \/>\nVagas: 50<\/p>\n<p><b>Oficina 3 \u2013 Bioj\u00f3ias<br \/>\nMinistrante: <\/b>Jessica Felipino<br \/>\nVagas: 50<\/p>\n<p><b>Oficina 4 \u2013 <\/b><b>Conflitos sociais &#8211; O ambientalismo e sua preserva\u00e7\u00e3o<br \/>\nMinistrante: <\/b>Viviane Am\u00e9lia Cardoso e Dolvani Barbosa<br \/>\nVagas: 50<\/p>\n<p><b>Oficina 5 \u2013 Produtos de limpeza e Cosm\u00e9ticos caseiros<br \/>\nMinistrante: <\/b>Giuliana Faillace Camilo, L\u00e9cio de Carvalho J\u00fanior e Lorena Rodrigues de Vasconcelos<br \/>\nVagas: 50<\/p>\n<p><b>Oficina 6 \u2013 Entalhes com reaproveitamento de madeiras<br \/>\nMinistrante: <\/b>Andr\u00e9 Luiz Pereira<br \/>\nVagas: 15<\/p>\n","protected":false},"excerpt":{"rendered":"<p>21\/06\/2016 (ter\u00e7a-feira) &#8211; 10:30 \u00e0s 12:00h (Cada participante s\u00f3 poder\u00e1 participar de uma oficina, pois as mesmas ocorrer\u00e3o simultaneamente). Oficina 1 \u2013 Artesanato com reutiliza\u00e7\u00e3o de material Ministrante: Luana Alves Riente e L\u00edvia Correia Froes Vagas: 50 Oficina 2 \u2013 Ecogastronomia Ministrante: Lorran Marques Vagas: 50 Oficina 3 \u2013 Bioj\u00f3ias Ministrante: Jessica Felipino Vagas: 50 [&hellip;]<\/p>\n","protected":false},"author":2,"featured_media":0,"parent":254,"menu_order":0,"comment_status":"closed","ping_status":"closed","template":"","meta":[],"yoast_head":"<!-- This site is optimized with the Yoast SEO plugin v20.6 - https:\/\/yoast.com\/wordpress\/plugins\/seo\/ -->\n<title>Oficinas 5\u00ba SIGABI - SIGABI - Simp\u00f3sio de Gest\u00e3o Ambiental e Biodiversidade<\/title>\n<meta name=\"robots\" content=\"index, follow, max-snippet:-1, max-image-preview:large, max-video-preview:-1\" \/>\n<link rel=\"canonical\" href=\"https:\/\/itr.ufrrj.br\/sigabi\/programacao-5o-sigabi\/oficinas-5o-sigabi\/\" \/>\n<meta property=\"og:locale\" content=\"pt_BR\" \/>\n<meta property=\"og:type\" content=\"article\" \/>\n<meta property=\"og:title\" content=\"Oficinas 5\u00ba SIGABI - SIGABI - Simp\u00f3sio de Gest\u00e3o Ambiental e Biodiversidade\" \/>\n<meta property=\"og:description\" content=\"21\/06\/2016 (ter\u00e7a-feira) &#8211; 10:30 \u00e0s 12:00h (Cada participante s\u00f3 poder\u00e1 participar de uma oficina, pois as mesmas ocorrer\u00e3o simultaneamente). Oficina 1 \u2013 Artesanato com reutiliza\u00e7\u00e3o de material Ministrante: Luana Alves Riente e L\u00edvia Correia Froes Vagas: 50 Oficina 2 \u2013 Ecogastronomia Ministrante: Lorran Marques Vagas: 50 Oficina 3 \u2013 Bioj\u00f3ias Ministrante: Jessica Felipino Vagas: 50 [&hellip;]\" \/>\n<meta property=\"og:url\" content=\"https:\/\/itr.ufrrj.br\/sigabi\/programacao-5o-sigabi\/oficinas-5o-sigabi\/\" \/>\n<meta property=\"og:site_name\" content=\"SIGABI - Simp\u00f3sio de Gest\u00e3o Ambiental e Biodiversidade\" \/>\n<meta property=\"article:modified_time\" content=\"2017-01-09T17:09:46+00:00\" \/>\n<meta name=\"twitter:card\" content=\"summary_large_image\" \/>\n<meta name=\"twitter:label1\" content=\"Est. tempo de leitura\" \/>\n\t<meta name=\"twitter:data1\" content=\"1 minuto\" \/>\n<script type=\"application\/ld+json\" class=\"yoast-schema-graph\">{\"@context\":\"https:\/\/schema.org\",\"@graph\":[{\"@type\":\"WebPage\",\"@id\":\"https:\/\/itr.ufrrj.br\/sigabi\/programacao-5o-sigabi\/oficinas-5o-sigabi\/\",\"url\":\"https:\/\/itr.ufrrj.br\/sigabi\/programacao-5o-sigabi\/oficinas-5o-sigabi\/\",\"name\":\"Oficinas 5\u00ba SIGABI - SIGABI - Simp\u00f3sio de Gest\u00e3o Ambiental e Biodiversidade\",\"isPartOf\":{\"@id\":\"https:\/\/itr.ufrrj.br\/sigabi\/#website\"},\"datePublished\":\"2017-01-09T17:09:20+00:00\",\"dateModified\":\"2017-01-09T17:09:46+00:00\",\"breadcrumb\":{\"@id\":\"https:\/\/itr.ufrrj.br\/sigabi\/programacao-5o-sigabi\/oficinas-5o-sigabi\/#breadcrumb\"},\"inLanguage\":\"pt-BR\",\"potentialAction\":[{\"@type\":\"ReadAction\",\"target\":[\"https:\/\/itr.ufrrj.br\/sigabi\/programacao-5o-sigabi\/oficinas-5o-sigabi\/\"]}]},{\"@type\":\"BreadcrumbList\",\"@id\":\"https:\/\/itr.ufrrj.br\/sigabi\/programacao-5o-sigabi\/oficinas-5o-sigabi\/#breadcrumb\",\"itemListElement\":[{\"@type\":\"ListItem\",\"position\":1,\"name\":\"In\u00edcio\",\"item\":\"https:\/\/itr.ufrrj.br\/sigabi\/\"},{\"@type\":\"ListItem\",\"position\":2,\"name\":\"Programa\u00e7\u00e3o 5\u00ba SIGABI\",\"item\":\"https:\/\/itr.ufrrj.br\/sigabi\/programacao-5o-sigabi\/\"},{\"@type\":\"ListItem\",\"position\":3,\"name\":\"Oficinas 5\u00ba SIGABI\"}]},{\"@type\":\"WebSite\",\"@id\":\"https:\/\/itr.ufrrj.br\/sigabi\/#website\",\"url\":\"https:\/\/itr.ufrrj.br\/sigabi\/\",\"name\":\"SIGABI - Simp\u00f3sio de Gest\u00e3o Ambiental e Biodiversidade\",\"description\":\"Simp\u00f3sio de Gest\u00e3o Ambiental e Biodiversidade\",\"potentialAction\":[{\"@type\":\"SearchAction\",\"target\":{\"@type\":\"EntryPoint\",\"urlTemplate\":\"https:\/\/itr.ufrrj.br\/sigabi\/?s={search_term_string}\"},\"query-input\":\"required name=search_term_string\"}],\"inLanguage\":\"pt-BR\"}]}<\/script>\n<!-- \/ Yoast SEO plugin. -->","yoast_head_json":{"title":"Oficinas 5\u00ba SIGABI - SIGABI - Simp\u00f3sio de Gest\u00e3o Ambiental e Biodiversidade","robots":{"index":"index","follow":"follow","max-snippet":"max-snippet:-1","max-image-preview":"max-image-preview:large","max-video-preview":"max-video-preview:-1"},"canonical":"https:\/\/itr.ufrrj.br\/sigabi\/programacao-5o-sigabi\/oficinas-5o-sigabi\/","og_locale":"pt_BR","og_type":"article","og_title":"Oficinas 5\u00ba SIGABI - SIGABI - Simp\u00f3sio de Gest\u00e3o Ambiental e Biodiversidade","og_description":"21\/06\/2016 (ter\u00e7a-feira) &#8211; 10:30 \u00e0s 12:00h (Cada participante s\u00f3 poder\u00e1 participar de uma oficina, pois as mesmas ocorrer\u00e3o simultaneamente). Oficina 1 \u2013 Artesanato com reutiliza\u00e7\u00e3o de material Ministrante: Luana Alves Riente e L\u00edvia Correia Froes Vagas: 50 Oficina 2 \u2013 Ecogastronomia Ministrante: Lorran Marques Vagas: 50 Oficina 3 \u2013 Bioj\u00f3ias Ministrante: Jessica Felipino Vagas: 50 [&hellip;]","og_url":"https:\/\/itr.ufrrj.br\/sigabi\/programacao-5o-sigabi\/oficinas-5o-sigabi\/","og_site_name":"SIGABI - Simp\u00f3sio de Gest\u00e3o Ambiental e Biodiversidade","article_modified_time":"2017-01-09T17:09:46+00:00","twitter_card":"summary_large_image","twitter_misc":{"Est. tempo de leitura":"1 minuto"},"schema":{"@context":"https:\/\/schema.org","@graph":[{"@type":"WebPage","@id":"https:\/\/itr.ufrrj.br\/sigabi\/programacao-5o-sigabi\/oficinas-5o-sigabi\/","url":"https:\/\/itr.ufrrj.br\/sigabi\/programacao-5o-sigabi\/oficinas-5o-sigabi\/","name":"Oficinas 5\u00ba SIGABI - SIGABI - Simp\u00f3sio de Gest\u00e3o Ambiental e Biodiversidade","isPartOf":{"@id":"https:\/\/itr.ufrrj.br\/sigabi\/#website"},"datePublished":"2017-01-09T17:09:20+00:00","dateModified":"2017-01-09T17:09:46+00:00","breadcrumb":{"@id":"https:\/\/itr.ufrrj.br\/sigabi\/programacao-5o-sigabi\/oficinas-5o-sigabi\/#breadcrumb"},"inLanguage":"pt-BR","potentialAction":[{"@type":"ReadAction","target":["https:\/\/itr.ufrrj.br\/sigabi\/programacao-5o-sigabi\/oficinas-5o-sigabi\/"]}]},{"@type":"BreadcrumbList","@id":"https:\/\/itr.ufrrj.br\/sigabi\/programacao-5o-sigabi\/oficinas-5o-sigabi\/#breadcrumb","itemListElement":[{"@type":"ListItem","position":1,"name":"In\u00edcio","item":"https:\/\/itr.ufrrj.br\/sigabi\/"},{"@type":"ListItem","position":2,"name":"Programa\u00e7\u00e3o 5\u00ba SIGABI","item":"https:\/\/itr.ufrrj.br\/sigabi\/programacao-5o-sigabi\/"},{"@type":"ListItem","position":3,"name":"Oficinas 5\u00ba SIGABI"}]},{"@type":"WebSite","@id":"https:\/\/itr.ufrrj.br\/sigabi\/#website","url":"https:\/\/itr.ufrrj.br\/sigabi\/","name":"SIGABI - Simp\u00f3sio de Gest\u00e3o Ambiental e Biodiversidade","description":"Simp\u00f3sio de Gest\u00e3o Ambiental e Biodiversidade","potentialAction":[{"@type":"SearchAction","target":{"@type":"EntryPoint","urlTemplate":"https:\/\/itr.ufrrj.br\/sigabi\/?s={search_term_string}"},"query-input":"required name=search_term_string"}],"inLanguage":"pt-BR"}]}},"_links":{"self":[{"href":"https:\/\/itr.ufrrj.br\/sigabi\/wp-json\/wp\/v2\/pages\/259"}],"collection":[{"href":"https:\/\/itr.ufrrj.br\/sigabi\/wp-json\/wp\/v2\/pages"}],"about":[{"href":"https:\/\/itr.ufrrj.br\/sigabi\/wp-json\/wp\/v2\/types\/page"}],"author":[{"embeddable":true,"href":"https:\/\/itr.ufrrj.br\/sigabi\/wp-json\/wp\/v2\/users\/2"}],"replies":[{"embeddable":true,"href":"https:\/\/itr.ufrrj.br\/sigabi\/wp-json\/wp\/v2\/comments?post=259"}],"version-history":[{"count":2,"href":"https:\/\/itr.ufrrj.br\/sigabi\/wp-json\/wp\/v2\/pages\/259\/revisions"}],"predecessor-version":[{"id":262,"href":"https:\/\/itr.ufrrj.br\/sigabi\/wp-json\/wp\/v2\/pages\/259\/revisions\/262"}],"up":[{"embeddable":true,"href":"https:\/\/itr.ufrrj.br\/sigabi\/wp-json\/wp\/v2\/pages\/254"}],"wp:attachment":[{"href":"https:\/\/itr.ufrrj.br\/sigabi\/wp-json\/wp\/v2\/media?parent=259"}],"curies":[{"name":"wp","href":"https:\/\/api.w.org\/{rel}","templated":true}]}}