{"id":258,"date":"2017-01-09T15:09:25","date_gmt":"2017-01-09T17:09:25","guid":{"rendered":"http:\/\/itr.ufrrj.br\/sigabi\/?page_id=258"},"modified":"2017-01-09T15:09:48","modified_gmt":"2017-01-09T17:09:48","slug":"minicursos-5o-sigabi","status":"publish","type":"page","link":"https:\/\/itr.ufrrj.br\/sigabi\/programacao-5o-sigabi\/minicursos-5o-sigabi\/","title":{"rendered":"Minicursos 5\u00ba SIGABI"},"content":{"rendered":"<p>21\/06\/2016 (ter\u00e7a-feira) &#8211; 13:30 \u00e0s 17:30h<\/p>\n<p><span style=\"color: #ff0000;\">(Cada participante s\u00f3 poder\u00e1 participar de um minicurso, pois os mesmos ocorrer\u00e3o simultaneamente).<\/span><\/p>\n<p><strong>Minicurso 1: Florestas Urbanas e arboricultura<\/strong><br \/>\nMinistrante: Luis Ot\u00e1vio Pedreira (Prefeitura da Cidade do Rio de Janeiro)<br \/>\nVagas: 40<\/p>\n<p><strong>Minicurso 2: Sistemas de Avalia\u00e7\u00e3o de Desempenho Ambiental de Edifica\u00e7\u00f5es<\/strong><br \/>\nMinistrante: Marcus Vin\u00edcius Ros\u00e1rio da Silva<br \/>\nVagas: 40<\/p>\n<p><strong>Minicurso 3: Conting\u00eancias Ambientais e Gest\u00e3o da Biodiversidade em Unidades de Conserva\u00e7\u00e3o<\/strong><br \/>\nMinistrante: Ricardo Ganem Leal (Chefe da Reserva Biol\u00f3gica Araras-RJ)<br \/>\nVagas: 40<\/p>\n<p><strong>Minicurso 4: Ecologia e Conserva\u00e7\u00e3o Marinha<\/strong><br \/>\nMinistrante: Prof. Dr. Leonardo Mitrano Neves (ITR\/UFRRJ) e Dra. Tatiana Pires Teixeira Neves (UFRRJ).<br \/>\nVagas: 40<\/p>\n<p><strong>Minicurso 5: Cadastro Ambiental Rural (CANCELADO)<\/strong><br \/>\nMinistrante: Juliane Dornellas Nunes (T\u00e9cnica de N\u00edvel Superior &#8211; Equipe CAR\/CNARH M\u00e9dio Para\u00edba do Sul AGEVAP\/INEA).<br \/>\nVagas: 40<\/p>\n<p><strong>Minicurso 6 (VAGAS ESGOTADAS): Utiliza\u00e7\u00e3o de Sistemas de Informa\u00e7\u00e3o Geogr\u00e1fica na gest\u00e3o e conserva\u00e7\u00e3o de \u00e1reas protegidas<\/strong><br \/>\nMinistrante: Verena Lima Van Der Ven (UERJ).<br \/>\nVagas: 40<\/p>\n","protected":false},"excerpt":{"rendered":"<p>21\/06\/2016 (ter\u00e7a-feira) &#8211; 13:30 \u00e0s 17:30h (Cada participante s\u00f3 poder\u00e1 participar de um minicurso, pois os mesmos ocorrer\u00e3o simultaneamente). Minicurso 1: Florestas Urbanas e arboricultura Ministrante: Luis Ot\u00e1vio Pedreira (Prefeitura da Cidade do Rio de Janeiro) Vagas: 40 Minicurso 2: Sistemas de Avalia\u00e7\u00e3o de Desempenho Ambiental de Edifica\u00e7\u00f5es Ministrante: Marcus Vin\u00edcius Ros\u00e1rio da Silva Vagas: [&hellip;]<\/p>\n","protected":false},"author":2,"featured_media":0,"parent":254,"menu_order":0,"comment_status":"closed","ping_status":"closed","template":"","meta":[],"yoast_head":"<!-- This site is optimized with the Yoast SEO plugin v20.6 - https:\/\/yoast.com\/wordpress\/plugins\/seo\/ -->\n<title>Minicursos 5\u00ba SIGABI - SIGABI - Simp\u00f3sio de Gest\u00e3o Ambiental e Biodiversidade<\/title>\n<meta name=\"robots\" content=\"index, follow, max-snippet:-1, max-image-preview:large, max-video-preview:-1\" \/>\n<link rel=\"canonical\" href=\"https:\/\/itr.ufrrj.br\/sigabi\/programacao-5o-sigabi\/minicursos-5o-sigabi\/\" \/>\n<meta property=\"og:locale\" content=\"pt_BR\" \/>\n<meta property=\"og:type\" content=\"article\" \/>\n<meta property=\"og:title\" content=\"Minicursos 5\u00ba SIGABI - SIGABI - Simp\u00f3sio de Gest\u00e3o Ambiental e Biodiversidade\" \/>\n<meta property=\"og:description\" content=\"21\/06\/2016 (ter\u00e7a-feira) &#8211; 13:30 \u00e0s 17:30h (Cada participante s\u00f3 poder\u00e1 participar de um minicurso, pois os mesmos ocorrer\u00e3o simultaneamente). Minicurso 1: Florestas Urbanas e arboricultura Ministrante: Luis Ot\u00e1vio Pedreira (Prefeitura da Cidade do Rio de Janeiro) Vagas: 40 Minicurso 2: Sistemas de Avalia\u00e7\u00e3o de Desempenho Ambiental de Edifica\u00e7\u00f5es Ministrante: Marcus Vin\u00edcius Ros\u00e1rio da Silva Vagas: [&hellip;]\" \/>\n<meta property=\"og:url\" content=\"https:\/\/itr.ufrrj.br\/sigabi\/programacao-5o-sigabi\/minicursos-5o-sigabi\/\" \/>\n<meta property=\"og:site_name\" content=\"SIGABI - Simp\u00f3sio de Gest\u00e3o Ambiental e Biodiversidade\" \/>\n<meta property=\"article:modified_time\" content=\"2017-01-09T17:09:48+00:00\" \/>\n<meta name=\"twitter:card\" content=\"summary_large_image\" \/>\n<meta name=\"twitter:label1\" content=\"Est. tempo de leitura\" \/>\n\t<meta name=\"twitter:data1\" content=\"1 minuto\" \/>\n<script type=\"application\/ld+json\" class=\"yoast-schema-graph\">{\"@context\":\"https:\/\/schema.org\",\"@graph\":[{\"@type\":\"WebPage\",\"@id\":\"https:\/\/itr.ufrrj.br\/sigabi\/programacao-5o-sigabi\/minicursos-5o-sigabi\/\",\"url\":\"https:\/\/itr.ufrrj.br\/sigabi\/programacao-5o-sigabi\/minicursos-5o-sigabi\/\",\"name\":\"Minicursos 5\u00ba SIGABI - SIGABI - Simp\u00f3sio de Gest\u00e3o Ambiental e Biodiversidade\",\"isPartOf\":{\"@id\":\"https:\/\/itr.ufrrj.br\/sigabi\/#website\"},\"datePublished\":\"2017-01-09T17:09:25+00:00\",\"dateModified\":\"2017-01-09T17:09:48+00:00\",\"breadcrumb\":{\"@id\":\"https:\/\/itr.ufrrj.br\/sigabi\/programacao-5o-sigabi\/minicursos-5o-sigabi\/#breadcrumb\"},\"inLanguage\":\"pt-BR\",\"potentialAction\":[{\"@type\":\"ReadAction\",\"target\":[\"https:\/\/itr.ufrrj.br\/sigabi\/programacao-5o-sigabi\/minicursos-5o-sigabi\/\"]}]},{\"@type\":\"BreadcrumbList\",\"@id\":\"https:\/\/itr.ufrrj.br\/sigabi\/programacao-5o-sigabi\/minicursos-5o-sigabi\/#breadcrumb\",\"itemListElement\":[{\"@type\":\"ListItem\",\"position\":1,\"name\":\"In\u00edcio\",\"item\":\"https:\/\/itr.ufrrj.br\/sigabi\/\"},{\"@type\":\"ListItem\",\"position\":2,\"name\":\"Programa\u00e7\u00e3o 5\u00ba SIGABI\",\"item\":\"https:\/\/itr.ufrrj.br\/sigabi\/programacao-5o-sigabi\/\"},{\"@type\":\"ListItem\",\"position\":3,\"name\":\"Minicursos 5\u00ba SIGABI\"}]},{\"@type\":\"WebSite\",\"@id\":\"https:\/\/itr.ufrrj.br\/sigabi\/#website\",\"url\":\"https:\/\/itr.ufrrj.br\/sigabi\/\",\"name\":\"SIGABI - Simp\u00f3sio de Gest\u00e3o Ambiental e Biodiversidade\",\"description\":\"Simp\u00f3sio de Gest\u00e3o Ambiental e Biodiversidade\",\"potentialAction\":[{\"@type\":\"SearchAction\",\"target\":{\"@type\":\"EntryPoint\",\"urlTemplate\":\"https:\/\/itr.ufrrj.br\/sigabi\/?s={search_term_string}\"},\"query-input\":\"required name=search_term_string\"}],\"inLanguage\":\"pt-BR\"}]}<\/script>\n<!-- \/ Yoast SEO plugin. -->","yoast_head_json":{"title":"Minicursos 5\u00ba SIGABI - SIGABI - Simp\u00f3sio de Gest\u00e3o Ambiental e Biodiversidade","robots":{"index":"index","follow":"follow","max-snippet":"max-snippet:-1","max-image-preview":"max-image-preview:large","max-video-preview":"max-video-preview:-1"},"canonical":"https:\/\/itr.ufrrj.br\/sigabi\/programacao-5o-sigabi\/minicursos-5o-sigabi\/","og_locale":"pt_BR","og_type":"article","og_title":"Minicursos 5\u00ba SIGABI - SIGABI - Simp\u00f3sio de Gest\u00e3o Ambiental e Biodiversidade","og_description":"21\/06\/2016 (ter\u00e7a-feira) &#8211; 13:30 \u00e0s 17:30h (Cada participante s\u00f3 poder\u00e1 participar de um minicurso, pois os mesmos ocorrer\u00e3o simultaneamente). Minicurso 1: Florestas Urbanas e arboricultura Ministrante: Luis Ot\u00e1vio Pedreira (Prefeitura da Cidade do Rio de Janeiro) Vagas: 40 Minicurso 2: Sistemas de Avalia\u00e7\u00e3o de Desempenho Ambiental de Edifica\u00e7\u00f5es Ministrante: Marcus Vin\u00edcius Ros\u00e1rio da Silva Vagas: [&hellip;]","og_url":"https:\/\/itr.ufrrj.br\/sigabi\/programacao-5o-sigabi\/minicursos-5o-sigabi\/","og_site_name":"SIGABI - Simp\u00f3sio de Gest\u00e3o Ambiental e Biodiversidade","article_modified_time":"2017-01-09T17:09:48+00:00","twitter_card":"summary_large_image","twitter_misc":{"Est. tempo de leitura":"1 minuto"},"schema":{"@context":"https:\/\/schema.org","@graph":[{"@type":"WebPage","@id":"https:\/\/itr.ufrrj.br\/sigabi\/programacao-5o-sigabi\/minicursos-5o-sigabi\/","url":"https:\/\/itr.ufrrj.br\/sigabi\/programacao-5o-sigabi\/minicursos-5o-sigabi\/","name":"Minicursos 5\u00ba SIGABI - SIGABI - Simp\u00f3sio de Gest\u00e3o Ambiental e Biodiversidade","isPartOf":{"@id":"https:\/\/itr.ufrrj.br\/sigabi\/#website"},"datePublished":"2017-01-09T17:09:25+00:00","dateModified":"2017-01-09T17:09:48+00:00","breadcrumb":{"@id":"https:\/\/itr.ufrrj.br\/sigabi\/programacao-5o-sigabi\/minicursos-5o-sigabi\/#breadcrumb"},"inLanguage":"pt-BR","potentialAction":[{"@type":"ReadAction","target":["https:\/\/itr.ufrrj.br\/sigabi\/programacao-5o-sigabi\/minicursos-5o-sigabi\/"]}]},{"@type":"BreadcrumbList","@id":"https:\/\/itr.ufrrj.br\/sigabi\/programacao-5o-sigabi\/minicursos-5o-sigabi\/#breadcrumb","itemListElement":[{"@type":"ListItem","position":1,"name":"In\u00edcio","item":"https:\/\/itr.ufrrj.br\/sigabi\/"},{"@type":"ListItem","position":2,"name":"Programa\u00e7\u00e3o 5\u00ba SIGABI","item":"https:\/\/itr.ufrrj.br\/sigabi\/programacao-5o-sigabi\/"},{"@type":"ListItem","position":3,"name":"Minicursos 5\u00ba SIGABI"}]},{"@type":"WebSite","@id":"https:\/\/itr.ufrrj.br\/sigabi\/#website","url":"https:\/\/itr.ufrrj.br\/sigabi\/","name":"SIGABI - Simp\u00f3sio de Gest\u00e3o Ambiental e Biodiversidade","description":"Simp\u00f3sio de Gest\u00e3o Ambiental e Biodiversidade","potentialAction":[{"@type":"SearchAction","target":{"@type":"EntryPoint","urlTemplate":"https:\/\/itr.ufrrj.br\/sigabi\/?s={search_term_string}"},"query-input":"required name=search_term_string"}],"inLanguage":"pt-BR"}]}},"_links":{"self":[{"href":"https:\/\/itr.ufrrj.br\/sigabi\/wp-json\/wp\/v2\/pages\/258"}],"collection":[{"href":"https:\/\/itr.ufrrj.br\/sigabi\/wp-json\/wp\/v2\/pages"}],"about":[{"href":"https:\/\/itr.ufrrj.br\/sigabi\/wp-json\/wp\/v2\/types\/page"}],"author":[{"embeddable":true,"href":"https:\/\/itr.ufrrj.br\/sigabi\/wp-json\/wp\/v2\/users\/2"}],"replies":[{"embeddable":true,"href":"https:\/\/itr.ufrrj.br\/sigabi\/wp-json\/wp\/v2\/comments?post=258"}],"version-history":[{"count":2,"href":"https:\/\/itr.ufrrj.br\/sigabi\/wp-json\/wp\/v2\/pages\/258\/revisions"}],"predecessor-version":[{"id":263,"href":"https:\/\/itr.ufrrj.br\/sigabi\/wp-json\/wp\/v2\/pages\/258\/revisions\/263"}],"up":[{"embeddable":true,"href":"https:\/\/itr.ufrrj.br\/sigabi\/wp-json\/wp\/v2\/pages\/254"}],"wp:attachment":[{"href":"https:\/\/itr.ufrrj.br\/sigabi\/wp-json\/wp\/v2\/media?parent=258"}],"curies":[{"name":"wp","href":"https:\/\/api.w.org\/{rel}","templated":true}]}}