{"id":254,"date":"2017-01-09T15:07:13","date_gmt":"2017-01-09T17:07:13","guid":{"rendered":"http:\/\/itr.ufrrj.br\/sigabi\/?page_id=254"},"modified":"2017-01-09T15:07:13","modified_gmt":"2017-01-09T17:07:13","slug":"programacao-5o-sigabi","status":"publish","type":"page","link":"https:\/\/itr.ufrrj.br\/sigabi\/programacao-5o-sigabi\/","title":{"rendered":"Programa\u00e7\u00e3o 5\u00ba SIGABI"},"content":{"rendered":"<p><strong>O 5\u00ba SIGABI ser\u00e1 realizado de 21 a 23 de Junho de 2016 no novo audit\u00f3rio do Instituto Tr\u00eas Rios &#8211; UFRRJ.<\/strong><\/p>\n<p><img loading=\"lazy\" class=\"alignnone size-full wp-image-116\" src=\"http:\/\/itr.ufrrj.br\/sigabi\/wp-content\/uploads\/2016\/08\/programacao.jpg\" alt=\"programacao\" width=\"426\" height=\"507\" srcset=\"https:\/\/itr.ufrrj.br\/sigabi\/wp-content\/uploads\/2016\/08\/programacao.jpg 426w, https:\/\/itr.ufrrj.br\/sigabi\/wp-content\/uploads\/2016\/08\/programacao-252x300.jpg 252w\" sizes=\"(max-width: 426px) 100vw, 426px\" \/><\/p>\n<p><strong>ITR\/UFRRJ \u2013 Av. Prefeito Alberto da Silva Lavinas 1847, Centro.<\/strong><\/p>\n<p><b>21\/06\/2016 (ter\u00e7a-feira)<\/b><\/p>\n<p><b>9:00 \u00e0s 10:30h &#8211; INSCRI\u00c7\u00c3O E ENTREGA DE MATERIAL<\/b><\/p>\n<p><b>10:30 \u00e0s 12:00h &#8211; OFICINAS<\/b><\/p>\n<p><b>13:30 \u00e0s 17:30h &#8211; MINICURSOS<\/b><\/p>\n<p><b>18:00 \u00e0s 19:30h &#8211; PALESTRA DE ABERTURA<\/b><\/p>\n<p><b>Efetividade na Gest\u00e3o de Unidades de Conserva\u00e7\u00e3o: Exemplo do <\/b><b><i>Kruger National Park<\/i><\/b><b>&#8211; \u00c1frica do Sul<\/b><\/p>\n<p>Eng. Florestal Luana Almeida Bianquini &#8211; Instituto Estadual do Ambiente do RJ<\/p>\n<p>&nbsp;<\/p>\n<p><b>20:00 \u00e0s 21:30h &#8211; <\/b><b>COQUETEL DE ABERTURA<\/b><\/p>\n<p><b>22\/06\/2016 (quarta-feira)<\/b><\/p>\n<p><b>MESA REDONDA 1 \u2013 Inclus\u00e3o Social e Meio Ambiente<\/b><\/p>\n<p>Moderador: Prof. Dr. Alexandre Ferreira Lopes (ITR\/UFRRJ)<\/p>\n<ul>\n<li><b>Projeto Viveiro Educacional Ecoaprendiz<\/b> &#8211; Evandro Negr\u00e3o (ONG Grupo Dispersores)<\/li>\n<li><b>Associa\u00e7\u00e3o de catadores da popula\u00e7\u00e3o em situa\u00e7\u00e3o de rua do Estado do Rio de Janeiro (ACPRURJ)<\/b>&#8211; Josu\u00e9 de Araujo e K\u00e1tia da Silva Ribeiro (ACPRURJ)<\/li>\n<li><b>Programa de reflorestamento da cidade do Rio de Janeiro<\/b> &#8211; Marcelo Hudson (Prefeitura da Cidade do Rio de Janeiro)<\/li>\n<li><b>Projeto Replantando Vidas<\/b> &#8211; Elton Abel (Representante CEDAE)<\/li>\n<\/ul>\n<p>&nbsp;<\/p>\n<p>&nbsp;<\/p>\n<p><b>PALESTRA 2 (13:30h-14:45h) &#8211; Insetos como indicadores ambientais<\/b><\/p>\n<p>Prof. Jarbas Mar\u00e7al de Queiroz (IF\/UFRRJ)<\/p>\n<p><b>PALESTRA 3 (14:45h-16:00h) &#8211; Monitoramento da restaura\u00e7\u00e3o Florestal <\/b><\/p>\n<p>Eng. Florestal MSc. Ciro Jos\u00e9 Ribeiro de Moura (Sociedade EcoAtl\u00e2ntica)<\/p>\n<p><b>PALESTRA 4 (16:15h-17:30h) &#8211; <\/b><strong>Gest\u00e3o Estrat\u00e9gica Sustent\u00e1vel e a Intelig\u00eancia Geogr\u00e1fica: Mapas para Decis\u00e3o<\/strong> Prof. Dr. Abimael Cereda Junior (Gestor de Educa\u00e7\u00e3o na Imagem \/ Vertical de Educa\u00e7\u00e3o)<\/p>\n<p>&nbsp;<\/p>\n<p>&nbsp;<\/p>\n<p><b>APRESENTA\u00c7\u00c3O DE PAIN\u00c9IS (18:00h-19:30h)<\/b><\/p>\n<p>&nbsp;<\/p>\n<p>&nbsp;<\/p>\n<p><strong>23\/06\/2016 (quinta-feira)<\/strong><\/p>\n<p><b>APRESENTA\u00c7\u00c3O DE PAIN\u00c9IS (9:00-10:30h)<\/b><\/p>\n<p><b>APRESENTA\u00c7\u00c3O ORAL DOS TRABALHOS (08:30-12:30h)<\/b><\/p>\n<p>Ser\u00e3o escolhidos os 5 melhores trabalhos para serem apresentados de forma oral durante o evento.<\/p>\n<p><b>MESA REDONDA 2 (13:30-16:00h) &#8211; Gest\u00e3o e uso m\u00faltiplo da \u00e1gua: desafios em diversas escalas<\/b><\/p>\n<p>Moderadora- Prof. Dra. Erika Cortines (ITR\/UFRRJ)<\/p>\n<ul>\n<li>Desafios para a Gest\u00e3o de Rios Federais &#8211; Juliana Gon\u00e7alves Fernandes (AGEVAP)<\/li>\n<li>A Gest\u00e3o dos Recursos H\u00eddricos e o papel do Conselho Estadual de Recursos H\u00eddricos \u2013 D\u00e9cio Tubbs (UFRRJ \/ CERHI)<\/li>\n<li>Gest\u00e3o de Recursos H\u00eddricos e o Comit\u00ea Piabanha &#8211; Paulo de Souza Leite (Comit\u00ea da Bacia Hidrogr\u00e1fica do Rio Piabanha)<\/li>\n<li>Produ\u00e7\u00e3o de \u00e1gua em Unidades de Conserva\u00e7\u00e3o &#8211; S\u00e9rgio de Siqueira Bertoche (ICMBio)<\/li>\n<\/ul>\n<p>&nbsp;<\/p>\n<p>&nbsp;<\/p>\n<p><b>PALESTRA DE ENCERRAMENTO (16:15h-17:30h)<\/b><\/p>\n<p><b>Conserva\u00e7\u00e3o da Natureza: das estrat\u00e9gias internacionais \u00e0s demandas locais<\/b><\/p>\n<p>Palestrante: Dr. Rodrigo Medeiros (Vice Presidente da Conservation International no Brasil)<\/p>\n<p>&nbsp;<\/p>\n<p>&nbsp;<\/p>\n<p><b>ENCERRAMENTO (18:00h)<\/b><\/p>\n<p>Premia\u00e7\u00e3o dos melhores trabalhos, sorteio de brindes e encerramento.<\/p>\n","protected":false},"excerpt":{"rendered":"<p>O 5\u00ba SIGABI ser\u00e1 realizado de 21 a 23 de Junho de 2016 no novo audit\u00f3rio do Instituto Tr\u00eas Rios &#8211; UFRRJ. ITR\/UFRRJ \u2013 Av. Prefeito Alberto da Silva Lavinas 1847, Centro. 21\/06\/2016 (ter\u00e7a-feira) 9:00 \u00e0s 10:30h &#8211; INSCRI\u00c7\u00c3O E ENTREGA DE MATERIAL 10:30 \u00e0s 12:00h &#8211; OFICINAS 13:30 \u00e0s 17:30h &#8211; MINICURSOS 18:00 \u00e0s [&hellip;]<\/p>\n","protected":false},"author":2,"featured_media":0,"parent":0,"menu_order":0,"comment_status":"closed","ping_status":"closed","template":"","meta":[],"yoast_head":"<!-- This site is optimized with the Yoast SEO plugin v20.6 - https:\/\/yoast.com\/wordpress\/plugins\/seo\/ -->\n<title>Programa\u00e7\u00e3o 5\u00ba SIGABI - SIGABI - Simp\u00f3sio de Gest\u00e3o Ambiental e Biodiversidade<\/title>\n<meta name=\"robots\" content=\"index, follow, max-snippet:-1, max-image-preview:large, max-video-preview:-1\" \/>\n<link rel=\"canonical\" href=\"https:\/\/itr.ufrrj.br\/sigabi\/programacao-5o-sigabi\/\" \/>\n<meta property=\"og:locale\" content=\"pt_BR\" \/>\n<meta property=\"og:type\" content=\"article\" \/>\n<meta property=\"og:title\" content=\"Programa\u00e7\u00e3o 5\u00ba SIGABI - SIGABI - Simp\u00f3sio de Gest\u00e3o Ambiental e Biodiversidade\" \/>\n<meta property=\"og:description\" content=\"O 5\u00ba SIGABI ser\u00e1 realizado de 21 a 23 de Junho de 2016 no novo audit\u00f3rio do Instituto Tr\u00eas Rios &#8211; UFRRJ. ITR\/UFRRJ \u2013 Av. Prefeito Alberto da Silva Lavinas 1847, Centro. 21\/06\/2016 (ter\u00e7a-feira) 9:00 \u00e0s 10:30h &#8211; INSCRI\u00c7\u00c3O E ENTREGA DE MATERIAL 10:30 \u00e0s 12:00h &#8211; OFICINAS 13:30 \u00e0s 17:30h &#8211; MINICURSOS 18:00 \u00e0s [&hellip;]\" \/>\n<meta property=\"og:url\" content=\"https:\/\/itr.ufrrj.br\/sigabi\/programacao-5o-sigabi\/\" \/>\n<meta property=\"og:site_name\" content=\"SIGABI - Simp\u00f3sio de Gest\u00e3o Ambiental e Biodiversidade\" \/>\n<meta property=\"og:image\" content=\"http:\/\/itr.ufrrj.br\/sigabi\/wp-content\/uploads\/2016\/08\/programacao.jpg\" \/>\n<meta name=\"twitter:card\" content=\"summary_large_image\" \/>\n<meta name=\"twitter:label1\" content=\"Est. tempo de leitura\" \/>\n\t<meta name=\"twitter:data1\" content=\"2 minutos\" \/>\n<script type=\"application\/ld+json\" class=\"yoast-schema-graph\">{\"@context\":\"https:\/\/schema.org\",\"@graph\":[{\"@type\":\"WebPage\",\"@id\":\"https:\/\/itr.ufrrj.br\/sigabi\/programacao-5o-sigabi\/\",\"url\":\"https:\/\/itr.ufrrj.br\/sigabi\/programacao-5o-sigabi\/\",\"name\":\"Programa\u00e7\u00e3o 5\u00ba SIGABI - SIGABI - Simp\u00f3sio de Gest\u00e3o Ambiental e Biodiversidade\",\"isPartOf\":{\"@id\":\"https:\/\/itr.ufrrj.br\/sigabi\/#website\"},\"datePublished\":\"2017-01-09T17:07:13+00:00\",\"dateModified\":\"2017-01-09T17:07:13+00:00\",\"breadcrumb\":{\"@id\":\"https:\/\/itr.ufrrj.br\/sigabi\/programacao-5o-sigabi\/#breadcrumb\"},\"inLanguage\":\"pt-BR\",\"potentialAction\":[{\"@type\":\"ReadAction\",\"target\":[\"https:\/\/itr.ufrrj.br\/sigabi\/programacao-5o-sigabi\/\"]}]},{\"@type\":\"BreadcrumbList\",\"@id\":\"https:\/\/itr.ufrrj.br\/sigabi\/programacao-5o-sigabi\/#breadcrumb\",\"itemListElement\":[{\"@type\":\"ListItem\",\"position\":1,\"name\":\"In\u00edcio\",\"item\":\"https:\/\/itr.ufrrj.br\/sigabi\/\"},{\"@type\":\"ListItem\",\"position\":2,\"name\":\"Programa\u00e7\u00e3o 5\u00ba SIGABI\"}]},{\"@type\":\"WebSite\",\"@id\":\"https:\/\/itr.ufrrj.br\/sigabi\/#website\",\"url\":\"https:\/\/itr.ufrrj.br\/sigabi\/\",\"name\":\"SIGABI - Simp\u00f3sio de Gest\u00e3o Ambiental e Biodiversidade\",\"description\":\"Simp\u00f3sio de Gest\u00e3o Ambiental e Biodiversidade\",\"potentialAction\":[{\"@type\":\"SearchAction\",\"target\":{\"@type\":\"EntryPoint\",\"urlTemplate\":\"https:\/\/itr.ufrrj.br\/sigabi\/?s={search_term_string}\"},\"query-input\":\"required name=search_term_string\"}],\"inLanguage\":\"pt-BR\"}]}<\/script>\n<!-- \/ Yoast SEO plugin. -->","yoast_head_json":{"title":"Programa\u00e7\u00e3o 5\u00ba SIGABI - SIGABI - Simp\u00f3sio de Gest\u00e3o Ambiental e Biodiversidade","robots":{"index":"index","follow":"follow","max-snippet":"max-snippet:-1","max-image-preview":"max-image-preview:large","max-video-preview":"max-video-preview:-1"},"canonical":"https:\/\/itr.ufrrj.br\/sigabi\/programacao-5o-sigabi\/","og_locale":"pt_BR","og_type":"article","og_title":"Programa\u00e7\u00e3o 5\u00ba SIGABI - SIGABI - Simp\u00f3sio de Gest\u00e3o Ambiental e Biodiversidade","og_description":"O 5\u00ba SIGABI ser\u00e1 realizado de 21 a 23 de Junho de 2016 no novo audit\u00f3rio do Instituto Tr\u00eas Rios &#8211; UFRRJ. ITR\/UFRRJ \u2013 Av. Prefeito Alberto da Silva Lavinas 1847, Centro. 21\/06\/2016 (ter\u00e7a-feira) 9:00 \u00e0s 10:30h &#8211; INSCRI\u00c7\u00c3O E ENTREGA DE MATERIAL 10:30 \u00e0s 12:00h &#8211; OFICINAS 13:30 \u00e0s 17:30h &#8211; MINICURSOS 18:00 \u00e0s [&hellip;]","og_url":"https:\/\/itr.ufrrj.br\/sigabi\/programacao-5o-sigabi\/","og_site_name":"SIGABI - Simp\u00f3sio de Gest\u00e3o Ambiental e Biodiversidade","og_image":[{"url":"http:\/\/itr.ufrrj.br\/sigabi\/wp-content\/uploads\/2016\/08\/programacao.jpg"}],"twitter_card":"summary_large_image","twitter_misc":{"Est. tempo de leitura":"2 minutos"},"schema":{"@context":"https:\/\/schema.org","@graph":[{"@type":"WebPage","@id":"https:\/\/itr.ufrrj.br\/sigabi\/programacao-5o-sigabi\/","url":"https:\/\/itr.ufrrj.br\/sigabi\/programacao-5o-sigabi\/","name":"Programa\u00e7\u00e3o 5\u00ba SIGABI - SIGABI - Simp\u00f3sio de Gest\u00e3o Ambiental e Biodiversidade","isPartOf":{"@id":"https:\/\/itr.ufrrj.br\/sigabi\/#website"},"datePublished":"2017-01-09T17:07:13+00:00","dateModified":"2017-01-09T17:07:13+00:00","breadcrumb":{"@id":"https:\/\/itr.ufrrj.br\/sigabi\/programacao-5o-sigabi\/#breadcrumb"},"inLanguage":"pt-BR","potentialAction":[{"@type":"ReadAction","target":["https:\/\/itr.ufrrj.br\/sigabi\/programacao-5o-sigabi\/"]}]},{"@type":"BreadcrumbList","@id":"https:\/\/itr.ufrrj.br\/sigabi\/programacao-5o-sigabi\/#breadcrumb","itemListElement":[{"@type":"ListItem","position":1,"name":"In\u00edcio","item":"https:\/\/itr.ufrrj.br\/sigabi\/"},{"@type":"ListItem","position":2,"name":"Programa\u00e7\u00e3o 5\u00ba SIGABI"}]},{"@type":"WebSite","@id":"https:\/\/itr.ufrrj.br\/sigabi\/#website","url":"https:\/\/itr.ufrrj.br\/sigabi\/","name":"SIGABI - Simp\u00f3sio de Gest\u00e3o Ambiental e Biodiversidade","description":"Simp\u00f3sio de Gest\u00e3o Ambiental e Biodiversidade","potentialAction":[{"@type":"SearchAction","target":{"@type":"EntryPoint","urlTemplate":"https:\/\/itr.ufrrj.br\/sigabi\/?s={search_term_string}"},"query-input":"required name=search_term_string"}],"inLanguage":"pt-BR"}]}},"_links":{"self":[{"href":"https:\/\/itr.ufrrj.br\/sigabi\/wp-json\/wp\/v2\/pages\/254"}],"collection":[{"href":"https:\/\/itr.ufrrj.br\/sigabi\/wp-json\/wp\/v2\/pages"}],"about":[{"href":"https:\/\/itr.ufrrj.br\/sigabi\/wp-json\/wp\/v2\/types\/page"}],"author":[{"embeddable":true,"href":"https:\/\/itr.ufrrj.br\/sigabi\/wp-json\/wp\/v2\/users\/2"}],"replies":[{"embeddable":true,"href":"https:\/\/itr.ufrrj.br\/sigabi\/wp-json\/wp\/v2\/comments?post=254"}],"version-history":[{"count":1,"href":"https:\/\/itr.ufrrj.br\/sigabi\/wp-json\/wp\/v2\/pages\/254\/revisions"}],"predecessor-version":[{"id":255,"href":"https:\/\/itr.ufrrj.br\/sigabi\/wp-json\/wp\/v2\/pages\/254\/revisions\/255"}],"wp:attachment":[{"href":"https:\/\/itr.ufrrj.br\/sigabi\/wp-json\/wp\/v2\/media?parent=254"}],"curies":[{"name":"wp","href":"https:\/\/api.w.org\/{rel}","templated":true}]}}