{"id":244,"date":"2017-01-09T14:58:24","date_gmt":"2017-01-09T16:58:24","guid":{"rendered":"http:\/\/itr.ufrrj.br\/sigabi\/?page_id=244"},"modified":"2019-03-06T20:57:19","modified_gmt":"2019-03-06T23:57:19","slug":"inscricoes-6o-sigabi","status":"publish","type":"page","link":"https:\/\/itr.ufrrj.br\/sigabi\/inscricoes-6o-sigabi\/","title":{"rendered":"Inscri\u00e7\u00f5es 8\u00ba SIGABI"},"content":{"rendered":"<div class=\"text-center\"><\/div>\n<div class=\"text-center ng-scope\">\n<div class=\"ng-scope\">\n<div class=\"row valores\">\n<div class=\"col-md-4 fim ng-binding\"><\/div>\n<\/div>\n<\/div>\n<\/div>\n<div class=\"text-center acoes\" style=\"text-align: center;\"><a class=\"bt-free-trial-hero\" href=\"https:\/\/www.even3.com.br\/evento\/login?evento=8sigabi&amp;ReturnUrl=%2fparticipante%2finscricao%2f\" target=\"_blank\" rel=\"noopener\"><span class=\"ng-scope\" translate=\"Link_RealizarInscricao\">REALIZAR INSCRI\u00c7\u00c3O<\/span><\/a><\/div>\n","protected":false},"excerpt":{"rendered":"<p>REALIZAR INSCRI\u00c7\u00c3O<\/p>\n","protected":false},"author":2,"featured_media":0,"parent":0,"menu_order":0,"comment_status":"closed","ping_status":"closed","template":"","meta":[],"yoast_head":"<!-- This site is optimized with the Yoast SEO plugin v20.6 - https:\/\/yoast.com\/wordpress\/plugins\/seo\/ -->\n<title>Inscri\u00e7\u00f5es 8\u00ba SIGABI - SIGABI - Simp\u00f3sio de Gest\u00e3o Ambiental e Biodiversidade<\/title>\n<meta name=\"robots\" content=\"index, follow, max-snippet:-1, max-image-preview:large, max-video-preview:-1\" \/>\n<link rel=\"canonical\" href=\"https:\/\/itr.ufrrj.br\/sigabi\/inscricoes-6o-sigabi\/\" \/>\n<meta property=\"og:locale\" content=\"pt_BR\" \/>\n<meta property=\"og:type\" content=\"article\" \/>\n<meta property=\"og:title\" content=\"Inscri\u00e7\u00f5es 8\u00ba SIGABI - SIGABI - Simp\u00f3sio de Gest\u00e3o Ambiental e Biodiversidade\" \/>\n<meta property=\"og:description\" content=\"REALIZAR INSCRI\u00c7\u00c3O\" \/>\n<meta property=\"og:url\" content=\"https:\/\/itr.ufrrj.br\/sigabi\/inscricoes-6o-sigabi\/\" \/>\n<meta property=\"og:site_name\" content=\"SIGABI - Simp\u00f3sio de Gest\u00e3o Ambiental e Biodiversidade\" \/>\n<meta property=\"article:modified_time\" content=\"2019-03-06T23:57:19+00:00\" \/>\n<meta name=\"twitter:card\" content=\"summary_large_image\" \/>\n<script type=\"application\/ld+json\" class=\"yoast-schema-graph\">{\"@context\":\"https:\/\/schema.org\",\"@graph\":[{\"@type\":\"WebPage\",\"@id\":\"https:\/\/itr.ufrrj.br\/sigabi\/inscricoes-6o-sigabi\/\",\"url\":\"https:\/\/itr.ufrrj.br\/sigabi\/inscricoes-6o-sigabi\/\",\"name\":\"Inscri\u00e7\u00f5es 8\u00ba SIGABI - SIGABI - Simp\u00f3sio de Gest\u00e3o Ambiental e Biodiversidade\",\"isPartOf\":{\"@id\":\"https:\/\/itr.ufrrj.br\/sigabi\/#website\"},\"datePublished\":\"2017-01-09T16:58:24+00:00\",\"dateModified\":\"2019-03-06T23:57:19+00:00\",\"breadcrumb\":{\"@id\":\"https:\/\/itr.ufrrj.br\/sigabi\/inscricoes-6o-sigabi\/#breadcrumb\"},\"inLanguage\":\"pt-BR\",\"potentialAction\":[{\"@type\":\"ReadAction\",\"target\":[\"https:\/\/itr.ufrrj.br\/sigabi\/inscricoes-6o-sigabi\/\"]}]},{\"@type\":\"BreadcrumbList\",\"@id\":\"https:\/\/itr.ufrrj.br\/sigabi\/inscricoes-6o-sigabi\/#breadcrumb\",\"itemListElement\":[{\"@type\":\"ListItem\",\"position\":1,\"name\":\"In\u00edcio\",\"item\":\"https:\/\/itr.ufrrj.br\/sigabi\/\"},{\"@type\":\"ListItem\",\"position\":2,\"name\":\"Inscri\u00e7\u00f5es 8\u00ba SIGABI\"}]},{\"@type\":\"WebSite\",\"@id\":\"https:\/\/itr.ufrrj.br\/sigabi\/#website\",\"url\":\"https:\/\/itr.ufrrj.br\/sigabi\/\",\"name\":\"SIGABI - Simp\u00f3sio de Gest\u00e3o Ambiental e Biodiversidade\",\"description\":\"Simp\u00f3sio de Gest\u00e3o Ambiental e Biodiversidade\",\"potentialAction\":[{\"@type\":\"SearchAction\",\"target\":{\"@type\":\"EntryPoint\",\"urlTemplate\":\"https:\/\/itr.ufrrj.br\/sigabi\/?s={search_term_string}\"},\"query-input\":\"required name=search_term_string\"}],\"inLanguage\":\"pt-BR\"}]}<\/script>\n<!-- \/ Yoast SEO plugin. -->","yoast_head_json":{"title":"Inscri\u00e7\u00f5es 8\u00ba SIGABI - SIGABI - Simp\u00f3sio de Gest\u00e3o Ambiental e Biodiversidade","robots":{"index":"index","follow":"follow","max-snippet":"max-snippet:-1","max-image-preview":"max-image-preview:large","max-video-preview":"max-video-preview:-1"},"canonical":"https:\/\/itr.ufrrj.br\/sigabi\/inscricoes-6o-sigabi\/","og_locale":"pt_BR","og_type":"article","og_title":"Inscri\u00e7\u00f5es 8\u00ba SIGABI - SIGABI - Simp\u00f3sio de Gest\u00e3o Ambiental e Biodiversidade","og_description":"REALIZAR INSCRI\u00c7\u00c3O","og_url":"https:\/\/itr.ufrrj.br\/sigabi\/inscricoes-6o-sigabi\/","og_site_name":"SIGABI - Simp\u00f3sio de Gest\u00e3o Ambiental e Biodiversidade","article_modified_time":"2019-03-06T23:57:19+00:00","twitter_card":"summary_large_image","schema":{"@context":"https:\/\/schema.org","@graph":[{"@type":"WebPage","@id":"https:\/\/itr.ufrrj.br\/sigabi\/inscricoes-6o-sigabi\/","url":"https:\/\/itr.ufrrj.br\/sigabi\/inscricoes-6o-sigabi\/","name":"Inscri\u00e7\u00f5es 8\u00ba SIGABI - SIGABI - Simp\u00f3sio de Gest\u00e3o Ambiental e Biodiversidade","isPartOf":{"@id":"https:\/\/itr.ufrrj.br\/sigabi\/#website"},"datePublished":"2017-01-09T16:58:24+00:00","dateModified":"2019-03-06T23:57:19+00:00","breadcrumb":{"@id":"https:\/\/itr.ufrrj.br\/sigabi\/inscricoes-6o-sigabi\/#breadcrumb"},"inLanguage":"pt-BR","potentialAction":[{"@type":"ReadAction","target":["https:\/\/itr.ufrrj.br\/sigabi\/inscricoes-6o-sigabi\/"]}]},{"@type":"BreadcrumbList","@id":"https:\/\/itr.ufrrj.br\/sigabi\/inscricoes-6o-sigabi\/#breadcrumb","itemListElement":[{"@type":"ListItem","position":1,"name":"In\u00edcio","item":"https:\/\/itr.ufrrj.br\/sigabi\/"},{"@type":"ListItem","position":2,"name":"Inscri\u00e7\u00f5es 8\u00ba SIGABI"}]},{"@type":"WebSite","@id":"https:\/\/itr.ufrrj.br\/sigabi\/#website","url":"https:\/\/itr.ufrrj.br\/sigabi\/","name":"SIGABI - Simp\u00f3sio de Gest\u00e3o Ambiental e Biodiversidade","description":"Simp\u00f3sio de Gest\u00e3o Ambiental e Biodiversidade","potentialAction":[{"@type":"SearchAction","target":{"@type":"EntryPoint","urlTemplate":"https:\/\/itr.ufrrj.br\/sigabi\/?s={search_term_string}"},"query-input":"required name=search_term_string"}],"inLanguage":"pt-BR"}]}},"_links":{"self":[{"href":"https:\/\/itr.ufrrj.br\/sigabi\/wp-json\/wp\/v2\/pages\/244"}],"collection":[{"href":"https:\/\/itr.ufrrj.br\/sigabi\/wp-json\/wp\/v2\/pages"}],"about":[{"href":"https:\/\/itr.ufrrj.br\/sigabi\/wp-json\/wp\/v2\/types\/page"}],"author":[{"embeddable":true,"href":"https:\/\/itr.ufrrj.br\/sigabi\/wp-json\/wp\/v2\/users\/2"}],"replies":[{"embeddable":true,"href":"https:\/\/itr.ufrrj.br\/sigabi\/wp-json\/wp\/v2\/comments?post=244"}],"version-history":[{"count":20,"href":"https:\/\/itr.ufrrj.br\/sigabi\/wp-json\/wp\/v2\/pages\/244\/revisions"}],"predecessor-version":[{"id":521,"href":"https:\/\/itr.ufrrj.br\/sigabi\/wp-json\/wp\/v2\/pages\/244\/revisions\/521"}],"wp:attachment":[{"href":"https:\/\/itr.ufrrj.br\/sigabi\/wp-json\/wp\/v2\/media?parent=244"}],"curies":[{"name":"wp","href":"https:\/\/api.w.org\/{rel}","templated":true}]}}