{"id":17,"date":"2016-08-01T10:29:18","date_gmt":"2016-08-01T13:29:18","guid":{"rendered":"http:\/\/itr.ufrrj.br\/sigabi\/?page_id=17"},"modified":"2018-06-06T23:00:06","modified_gmt":"2018-06-07T02:00:06","slug":"normas-painel","status":"publish","type":"page","link":"https:\/\/itr.ufrrj.br\/sigabi\/envio-de-trabalhos-completos\/normas-painel\/","title":{"rendered":"Normas &#8211; Painel"},"content":{"rendered":"<p>Os pain\u00e9is devem medir\u00a0<b>0,90&#215;1,00m (largura x comprimento)<\/b>, al\u00e9m de\u00a0<b>acabamento com bast\u00e3o e cordinha<\/b>\u00a0para auxiliar na afixa\u00e7\u00e3o dos mesmos nos cavaletes.<\/p>\n<div><\/div>\n<div>Os pain\u00e9is poder\u00e3o seguir o modelo que poder\u00e1 ser solicitado atrav\u00e9s dos emails de comunica\u00e7\u00e3o do evento:<\/div>\n<div><\/div>\n<div><strong>sigabi.resumos@gmail.com \/ sigabi.contato@gmail.com<\/strong><\/div>\n<div><\/div>\n<div><\/div>\n<div>Os pain\u00e9is dever\u00e3o ser afixados pelo pr\u00f3prio autor em local e data informados pela Comiss\u00e3o Organizadora.<\/div>\n<div><\/div>\n<div><\/div>\n","protected":false},"excerpt":{"rendered":"<p>Os pain\u00e9is devem medir\u00a00,90&#215;1,00m (largura x comprimento), al\u00e9m de\u00a0acabamento com bast\u00e3o e cordinha\u00a0para auxiliar na afixa\u00e7\u00e3o dos mesmos nos cavaletes. Os pain\u00e9is poder\u00e3o seguir o modelo que poder\u00e1 ser solicitado atrav\u00e9s dos emails de comunica\u00e7\u00e3o do evento: sigabi.resumos@gmail.com \/ sigabi.contato@gmail.com Os pain\u00e9is dever\u00e3o ser afixados pelo pr\u00f3prio autor em local e data informados pela Comiss\u00e3o [&hellip;]<\/p>\n","protected":false},"author":2,"featured_media":0,"parent":13,"menu_order":0,"comment_status":"closed","ping_status":"closed","template":"","meta":[],"yoast_head":"<!-- This site is optimized with the Yoast SEO plugin v20.6 - https:\/\/yoast.com\/wordpress\/plugins\/seo\/ -->\n<title>Normas - Painel - SIGABI - Simp\u00f3sio de Gest\u00e3o Ambiental e Biodiversidade<\/title>\n<meta name=\"robots\" content=\"index, follow, max-snippet:-1, max-image-preview:large, max-video-preview:-1\" \/>\n<link rel=\"canonical\" href=\"https:\/\/itr.ufrrj.br\/sigabi\/envio-de-trabalhos-completos\/normas-painel\/\" \/>\n<meta property=\"og:locale\" content=\"pt_BR\" \/>\n<meta property=\"og:type\" content=\"article\" \/>\n<meta property=\"og:title\" content=\"Normas - Painel - SIGABI - Simp\u00f3sio de Gest\u00e3o Ambiental e Biodiversidade\" \/>\n<meta property=\"og:description\" content=\"Os pain\u00e9is devem medir\u00a00,90&#215;1,00m (largura x comprimento), al\u00e9m de\u00a0acabamento com bast\u00e3o e cordinha\u00a0para auxiliar na afixa\u00e7\u00e3o dos mesmos nos cavaletes. Os pain\u00e9is poder\u00e3o seguir o modelo que poder\u00e1 ser solicitado atrav\u00e9s dos emails de comunica\u00e7\u00e3o do evento: sigabi.resumos@gmail.com \/ sigabi.contato@gmail.com Os pain\u00e9is dever\u00e3o ser afixados pelo pr\u00f3prio autor em local e data informados pela Comiss\u00e3o [&hellip;]\" \/>\n<meta property=\"og:url\" content=\"https:\/\/itr.ufrrj.br\/sigabi\/envio-de-trabalhos-completos\/normas-painel\/\" \/>\n<meta property=\"og:site_name\" content=\"SIGABI - Simp\u00f3sio de Gest\u00e3o Ambiental e Biodiversidade\" \/>\n<meta property=\"article:modified_time\" content=\"2018-06-07T02:00:06+00:00\" \/>\n<meta name=\"twitter:card\" content=\"summary_large_image\" \/>\n<script type=\"application\/ld+json\" class=\"yoast-schema-graph\">{\"@context\":\"https:\/\/schema.org\",\"@graph\":[{\"@type\":\"WebPage\",\"@id\":\"https:\/\/itr.ufrrj.br\/sigabi\/envio-de-trabalhos-completos\/normas-painel\/\",\"url\":\"https:\/\/itr.ufrrj.br\/sigabi\/envio-de-trabalhos-completos\/normas-painel\/\",\"name\":\"Normas - Painel - SIGABI - Simp\u00f3sio de Gest\u00e3o Ambiental e Biodiversidade\",\"isPartOf\":{\"@id\":\"https:\/\/itr.ufrrj.br\/sigabi\/#website\"},\"datePublished\":\"2016-08-01T13:29:18+00:00\",\"dateModified\":\"2018-06-07T02:00:06+00:00\",\"breadcrumb\":{\"@id\":\"https:\/\/itr.ufrrj.br\/sigabi\/envio-de-trabalhos-completos\/normas-painel\/#breadcrumb\"},\"inLanguage\":\"pt-BR\",\"potentialAction\":[{\"@type\":\"ReadAction\",\"target\":[\"https:\/\/itr.ufrrj.br\/sigabi\/envio-de-trabalhos-completos\/normas-painel\/\"]}]},{\"@type\":\"BreadcrumbList\",\"@id\":\"https:\/\/itr.ufrrj.br\/sigabi\/envio-de-trabalhos-completos\/normas-painel\/#breadcrumb\",\"itemListElement\":[{\"@type\":\"ListItem\",\"position\":1,\"name\":\"In\u00edcio\",\"item\":\"https:\/\/itr.ufrrj.br\/sigabi\/\"},{\"@type\":\"ListItem\",\"position\":2,\"name\":\"Normas de Trabalhos Completos\",\"item\":\"https:\/\/itr.ufrrj.br\/sigabi\/envio-de-trabalhos-completos\/\"},{\"@type\":\"ListItem\",\"position\":3,\"name\":\"Normas &#8211; Painel\"}]},{\"@type\":\"WebSite\",\"@id\":\"https:\/\/itr.ufrrj.br\/sigabi\/#website\",\"url\":\"https:\/\/itr.ufrrj.br\/sigabi\/\",\"name\":\"SIGABI - Simp\u00f3sio de Gest\u00e3o Ambiental e Biodiversidade\",\"description\":\"Simp\u00f3sio de Gest\u00e3o Ambiental e Biodiversidade\",\"potentialAction\":[{\"@type\":\"SearchAction\",\"target\":{\"@type\":\"EntryPoint\",\"urlTemplate\":\"https:\/\/itr.ufrrj.br\/sigabi\/?s={search_term_string}\"},\"query-input\":\"required name=search_term_string\"}],\"inLanguage\":\"pt-BR\"}]}<\/script>\n<!-- \/ Yoast SEO plugin. -->","yoast_head_json":{"title":"Normas - Painel - SIGABI - Simp\u00f3sio de Gest\u00e3o Ambiental e Biodiversidade","robots":{"index":"index","follow":"follow","max-snippet":"max-snippet:-1","max-image-preview":"max-image-preview:large","max-video-preview":"max-video-preview:-1"},"canonical":"https:\/\/itr.ufrrj.br\/sigabi\/envio-de-trabalhos-completos\/normas-painel\/","og_locale":"pt_BR","og_type":"article","og_title":"Normas - Painel - SIGABI - Simp\u00f3sio de Gest\u00e3o Ambiental e Biodiversidade","og_description":"Os pain\u00e9is devem medir\u00a00,90&#215;1,00m (largura x comprimento), al\u00e9m de\u00a0acabamento com bast\u00e3o e cordinha\u00a0para auxiliar na afixa\u00e7\u00e3o dos mesmos nos cavaletes. Os pain\u00e9is poder\u00e3o seguir o modelo que poder\u00e1 ser solicitado atrav\u00e9s dos emails de comunica\u00e7\u00e3o do evento: sigabi.resumos@gmail.com \/ sigabi.contato@gmail.com Os pain\u00e9is dever\u00e3o ser afixados pelo pr\u00f3prio autor em local e data informados pela Comiss\u00e3o [&hellip;]","og_url":"https:\/\/itr.ufrrj.br\/sigabi\/envio-de-trabalhos-completos\/normas-painel\/","og_site_name":"SIGABI - Simp\u00f3sio de Gest\u00e3o Ambiental e Biodiversidade","article_modified_time":"2018-06-07T02:00:06+00:00","twitter_card":"summary_large_image","schema":{"@context":"https:\/\/schema.org","@graph":[{"@type":"WebPage","@id":"https:\/\/itr.ufrrj.br\/sigabi\/envio-de-trabalhos-completos\/normas-painel\/","url":"https:\/\/itr.ufrrj.br\/sigabi\/envio-de-trabalhos-completos\/normas-painel\/","name":"Normas - Painel - SIGABI - Simp\u00f3sio de Gest\u00e3o Ambiental e Biodiversidade","isPartOf":{"@id":"https:\/\/itr.ufrrj.br\/sigabi\/#website"},"datePublished":"2016-08-01T13:29:18+00:00","dateModified":"2018-06-07T02:00:06+00:00","breadcrumb":{"@id":"https:\/\/itr.ufrrj.br\/sigabi\/envio-de-trabalhos-completos\/normas-painel\/#breadcrumb"},"inLanguage":"pt-BR","potentialAction":[{"@type":"ReadAction","target":["https:\/\/itr.ufrrj.br\/sigabi\/envio-de-trabalhos-completos\/normas-painel\/"]}]},{"@type":"BreadcrumbList","@id":"https:\/\/itr.ufrrj.br\/sigabi\/envio-de-trabalhos-completos\/normas-painel\/#breadcrumb","itemListElement":[{"@type":"ListItem","position":1,"name":"In\u00edcio","item":"https:\/\/itr.ufrrj.br\/sigabi\/"},{"@type":"ListItem","position":2,"name":"Normas de Trabalhos Completos","item":"https:\/\/itr.ufrrj.br\/sigabi\/envio-de-trabalhos-completos\/"},{"@type":"ListItem","position":3,"name":"Normas &#8211; Painel"}]},{"@type":"WebSite","@id":"https:\/\/itr.ufrrj.br\/sigabi\/#website","url":"https:\/\/itr.ufrrj.br\/sigabi\/","name":"SIGABI - Simp\u00f3sio de Gest\u00e3o Ambiental e Biodiversidade","description":"Simp\u00f3sio de Gest\u00e3o Ambiental e Biodiversidade","potentialAction":[{"@type":"SearchAction","target":{"@type":"EntryPoint","urlTemplate":"https:\/\/itr.ufrrj.br\/sigabi\/?s={search_term_string}"},"query-input":"required name=search_term_string"}],"inLanguage":"pt-BR"}]}},"_links":{"self":[{"href":"https:\/\/itr.ufrrj.br\/sigabi\/wp-json\/wp\/v2\/pages\/17"}],"collection":[{"href":"https:\/\/itr.ufrrj.br\/sigabi\/wp-json\/wp\/v2\/pages"}],"about":[{"href":"https:\/\/itr.ufrrj.br\/sigabi\/wp-json\/wp\/v2\/types\/page"}],"author":[{"embeddable":true,"href":"https:\/\/itr.ufrrj.br\/sigabi\/wp-json\/wp\/v2\/users\/2"}],"replies":[{"embeddable":true,"href":"https:\/\/itr.ufrrj.br\/sigabi\/wp-json\/wp\/v2\/comments?post=17"}],"version-history":[{"count":5,"href":"https:\/\/itr.ufrrj.br\/sigabi\/wp-json\/wp\/v2\/pages\/17\/revisions"}],"predecessor-version":[{"id":486,"href":"https:\/\/itr.ufrrj.br\/sigabi\/wp-json\/wp\/v2\/pages\/17\/revisions\/486"}],"up":[{"embeddable":true,"href":"https:\/\/itr.ufrrj.br\/sigabi\/wp-json\/wp\/v2\/pages\/13"}],"wp:attachment":[{"href":"https:\/\/itr.ufrrj.br\/sigabi\/wp-json\/wp\/v2\/media?parent=17"}],"curies":[{"name":"wp","href":"https:\/\/api.w.org\/{rel}","templated":true}]}}