{"id":16,"date":"2016-08-01T10:29:06","date_gmt":"2016-08-01T13:29:06","guid":{"rendered":"http:\/\/itr.ufrrj.br\/sigabi\/?page_id=16"},"modified":"2019-03-06T21:03:57","modified_gmt":"2019-03-07T00:03:57","slug":"normas-dos-trabalhos-completos","status":"publish","type":"page","link":"https:\/\/itr.ufrrj.br\/sigabi\/envio-de-trabalhos-completos\/normas-dos-trabalhos-completos\/","title":{"rendered":"Concurso de Fotos"},"content":{"rendered":"<p align=\"center\"><span style=\"font-family: Roboto Slab;\"><b>REGULAMENTO CONCURSO DE FOTOS AMBIENTAIS 8\u00ba SIGABI<\/b><\/span><\/p>\n<p><span style=\"font-family: Roboto Slab;\"><b>1 &#8211; Informa\u00e7\u00f5es Gerais<\/b><\/span><\/p>\n<p><span style=\"font-family: Roboto Slab;\">1.1 Somente poder\u00e3o enviar as fotos ambientais para participar do concurso, os participantes queestiverem efetivamente inscritos no 8\u00ba SIGABI.<\/span><\/p>\n<p><span style=\"font-family: Roboto Slab;\">1.2 S\u00f3 ser\u00e3o aceitas fotos ambientais no formato .JPEG. Com tamanho m\u00e1ximo de 5 MB. O envio das fotos ambientais ser\u00e1 at\u00e9 \u00e0s 23:59 horas do dia\u00a0<span style=\"color: #ff0000;\"><b>24 de mar\u00e7o de 2019<\/b><\/span>, para o email:\u00a0<b>sigabi.resumos@gmail.com<\/b><\/span><\/p>\n<p><span style=\"font-family: Roboto Slab;\">1.3 Ao inscrever sua foto ambiental para o concurso, o autor da foto estar\u00e1 automaticamente autorizando o SIGABI a utilizar a obra de sua autoria, em publica\u00e7\u00e3o impressa, digital, internet, CD-ROM, em seus ve\u00edculos institucionais e documentos editados, ou em qualquer outra m\u00eddia.<\/span><\/p>\n<p><span style=\"font-family: Roboto Slab;\">1.4 As fotos dever\u00e3o ser in\u00e9ditas e serem voltados para temas ambientais. As fotos que estiverem fora do tema ambiental n\u00e3o ser\u00e3o aceitas.<\/span><\/p>\n<p><span style=\"font-family: Roboto Slab;\">1.5\u00a0Cada participante poder\u00e1 enviar somente uma foto por inscri\u00e7\u00e3o confirmada.<\/span><\/p>\n<p><span style=\"font-family: Roboto Slab;\">1.6. N\u00c3O SER\u00c3O ACEITAS FOTOS QUE CONTENHAM CONOTA\u00c7\u00c3O SEXUAL, DE\u00a0IMPRUD\u00caNCIA, E QUE FA\u00c7AM APOLOGIA \u00c0 VIOL\u00caNCIA, INCLUSIVE CONTRA MENORES DE\u00a0IDADE E ANIMAIS, \u00c0S DROGAS E A QUALQUER TIPO DE BEBIDA ALCO\u00d3LICA E\/OU QUE\u00a0INFRINJAM OU UTILIZEM, INDEVIDAMENTE, QUAISQUER DIREITOS AUTORAIS E DE\u00a0PROPRIEDADE INTELECTUAL.<\/span><\/p>\n<p><span style=\"font-family: Roboto Slab;\">1.7 As fotos cadastradas neste Concurso n\u00e3o sofrer\u00e3o nenhuma edi\u00e7\u00e3o\/altera\u00e7\u00e3o em\u00a0sua ess\u00eancia por parte da Comiss\u00e3o Julgadora que os avaliar\u00e1.<\/span><\/p>\n<p><span style=\"font-family: Roboto Slab;\">1.8 D\u00favidas, \u00e9 s\u00f3 entrar em contato com o email:\u00a0<b>sigabi.contato@gmail.com<\/b>\u00a0<\/span><\/p>\n<p><span style=\"font-family: Roboto Slab;\"><br \/>\n<b>2 \u2013 Avalia\u00e7\u00e3o e Sele\u00e7\u00e3o<\/b><\/span><\/p>\n<p><span style=\"font-family: Roboto Slab;\">2.1 A sele\u00e7\u00e3o das fotos ambientais ser\u00e1 realizada por uma Comiss\u00e3o Julgadora formada por fot\u00f3grafos profissionais que ir\u00e3o escolher as dez (10) melhores fotos ambientais enviadas.<\/span><\/p>\n<p><span style=\"font-family: Roboto Slab;\">2.2 A escolha das dez (10) fotos ambientais finalistas, realizada pela Comiss\u00e3o Julgadora, dar-se-\u00e1 atrav\u00e9s dos\u00a0crit\u00e9rios de (i) originalidade; (ii) criatividade; e (iii) adequa\u00e7\u00e3o ao tema proposto.<\/span><\/p>\n<p><span style=\"font-family: Roboto Slab;\">2.3 Todas as decis\u00f5es da Comiss\u00e3o Julgadora neste Concurso s\u00e3o soberanas e irrecorr\u00edveis.<\/span><\/p>\n<p><span style=\"font-family: Roboto Slab;\">2.4 A comiss\u00e3o organizadora do 8\u00ba SIGABI se responsabiliza em imprimir e expor todas as dez (10) fotos ambientais finalistas.<\/span><\/p>\n<p><span style=\"font-family: Roboto Slab;\">2.5\u00a0<b>As dez (10) fotos ambientais selecionadas ficar\u00e3o expostas para vota\u00e7\u00e3o do p\u00fablico participante do evento, em c\u00e9dula espec\u00edfica entregue pela comiss\u00e3o organizadora no momento da retirada do material de participa\u00e7\u00e3o do evento, entregue na mesa de credenciamento, durante o per\u00edodo de 07 a 09 de maio de 2019.<\/b><\/span><\/p>\n<p><span style=\"font-family: Roboto Slab;\">\u00a0<\/span><\/p>\n<p><span style=\"font-family: Roboto Slab;\"><b>3 \u2013 Premia\u00e7\u00e3o<\/b><\/span><\/p>\n<p><span style=\"font-family: Roboto Slab;\">3.1 A foto que receber o maior n\u00famero de votos ser\u00e1 contemplada com um pr\u00eamio a ser definido pela Comiss\u00e3o Organizadora do 8\u00ba SIGABI. A contagem dos votos ser\u00e1 realizado no dia\u00a0<b>09 de maio de 2019<\/b>, e a divulga\u00e7\u00e3o da foto ambiental vencedora ser\u00e1 no encerramento do evento, junto com a premia\u00e7\u00e3o dos melhores trabalhos apresentados durante o evento.<\/span><\/p>\n<p><span style=\"font-family: Roboto Slab;\"><br \/>\n<b>4 &#8211; Cess\u00e3o de Direitos<\/b><\/span><\/p>\n<p><span style=\"font-family: Roboto Slab;\">4.1 OS AUTORES DAS FOTOS AMBIENTAIS INSCRITAS E\/OU VENCEDORA EXPRESSAM CONCORDAM EM AUTORIZAR O USO DE SUAS FOTOS E DE SEU NOMES NOS SITES LIGADOS AO SIGABI, SEM\u00a0NENHUM \u00d4NUS, PELO PRAZO\u00a0DE 1 (UM) ANO, CONTADOS DO T\u00c9RMINO DO CONCURSO, N\u00c3O SIGNIFICANDO, IMPLICANDO\u00a0OU RESULTANDO EM QUALQUER OBRIGA\u00c7\u00c3O DE DIVULGA\u00c7\u00c3O, NEM DE PAGAMENTO, BEM\u00a0COMO ATESTAM TER OBTIDO TODAS AS AUTORIZA\u00c7\u00d5ES PORVENTURA NECESS\u00c1RIAS,\u00a0RELATIVAS \u00c0S FOTOS ENVIADAS.\u00a0EM CASO DE UTILIZA\u00c7\u00c3O O MATERIAL RESPEITAR\u00c1 O CONTEXTO DO CONCURSO E DAR\u00c1 OS\u00a0DEVIDOS CR\u00c9DITOS AOS PARTICIPANTES.<\/span><\/p>\n<p><span style=\"font-family: Roboto Slab;\">4.2 PELO PER\u00cdODO DE 1 (UM) ANO, FICAM OS PARTICIPANTES, INCLUSIVE O VENCEDOR,\u00a0CIENTES QUE CEDEM, EM CAR\u00c1TER IRREVOG\u00c1VEL E IRRETRAT\u00c1VEL, O USO GRATUITO E LIVRE\u00a0DE QUALQUER \u00d4NUS OU ENCARGO, COM A PARTICIPA\u00c7\u00c3O NESTE CONCURSO, OS DIREITOS AUTORAIS QUE POSSUEM SOBRE AS FOTOS AMBIENTAIS ELABORADAS E\u00a0ENCAMINHADAS, ESPECIALMENTE NA DIVULGA\u00c7\u00c3O DO SIGABI, NOS TERMOS DO ARTIGO 29 DA LEI 9.610\/98 (LEI DE DIREITOS AUTORAIS). EM\u00a0CASO DE UTILIZA\u00c7\u00c3O O MATERIAL RESPEITAR\u00c1 O CONTEXTO DO CONCURSO E DAR\u00c1 OS\u00a0DEVIDOS CR\u00c9DITOS AOS PARTICIPANTES.<\/span><\/p>\n<p><span style=\"font-family: Roboto Slab;\">4.3 Os participantes assumem, com a participa\u00e7\u00e3o neste Concurso, sua plena e exclusiva\u00a0responsabilidade, para com a foto ambiental enviada, com rela\u00e7\u00e3o \u00e0 sua titularidade, originalidade e por\u00a0sua imagem, sem limita\u00e7\u00e3o, e responsabilidade por eventuais viola\u00e7\u00f5es \u00e0 intimidade,\u00a0privacidade, honra e imagem de qualquer pessoa, a deveres de segredo, \u00e0 propriedade\u00a0industrial, direito autoral e\/ou a quaisquer outros bens juridicamente protegidos, eximindo a Comiss\u00e3o Organizadora do SIGABI de qualquer responsabilidade relativamente a tais fatos, aspectos,\u00a0direitos e\/ou situa\u00e7\u00f5es.<\/span><\/p>\n<p><span style=\"font-family: Roboto Slab;\">4.4 Havendo alega\u00e7\u00e3o de autoria por parte de terceiros com rela\u00e7\u00e3o a qualquer foto ambiental\u00a0encaminhada pelos participantes do Concurso, a participa\u00e7\u00e3o deste usu\u00e1rio ser\u00e1\u00a0temporariamente suspensa, para que se apure o fato, sendo o participante comunicado a\u00a0respeito do ocorrido e, se comprovado, desclassificado do Concurso.<\/span><\/p>\n","protected":false},"excerpt":{"rendered":"<p>REGULAMENTO CONCURSO DE FOTOS AMBIENTAIS 8\u00ba SIGABI 1 &#8211; Informa\u00e7\u00f5es Gerais 1.1 Somente poder\u00e3o enviar as fotos ambientais para participar do concurso, os participantes queestiverem efetivamente inscritos no 8\u00ba SIGABI. 1.2 S\u00f3 ser\u00e3o aceitas fotos ambientais no formato .JPEG. Com tamanho m\u00e1ximo de 5 MB. O envio das fotos ambientais ser\u00e1 at\u00e9 \u00e0s 23:59 horas [&hellip;]<\/p>\n","protected":false},"author":2,"featured_media":0,"parent":13,"menu_order":0,"comment_status":"closed","ping_status":"closed","template":"","meta":[],"yoast_head":"<!-- This site is optimized with the Yoast SEO plugin v20.6 - https:\/\/yoast.com\/wordpress\/plugins\/seo\/ -->\n<title>Concurso de Fotos - SIGABI - Simp\u00f3sio de Gest\u00e3o Ambiental e Biodiversidade<\/title>\n<meta name=\"robots\" content=\"index, follow, max-snippet:-1, max-image-preview:large, max-video-preview:-1\" \/>\n<link rel=\"canonical\" href=\"https:\/\/itr.ufrrj.br\/sigabi\/envio-de-trabalhos-completos\/normas-dos-trabalhos-completos\/\" \/>\n<meta property=\"og:locale\" content=\"pt_BR\" \/>\n<meta property=\"og:type\" content=\"article\" \/>\n<meta property=\"og:title\" content=\"Concurso de Fotos - SIGABI - Simp\u00f3sio de Gest\u00e3o Ambiental e Biodiversidade\" \/>\n<meta property=\"og:description\" content=\"REGULAMENTO CONCURSO DE FOTOS AMBIENTAIS 8\u00ba SIGABI 1 &#8211; Informa\u00e7\u00f5es Gerais 1.1 Somente poder\u00e3o enviar as fotos ambientais para participar do concurso, os participantes queestiverem efetivamente inscritos no 8\u00ba SIGABI. 1.2 S\u00f3 ser\u00e3o aceitas fotos ambientais no formato .JPEG. Com tamanho m\u00e1ximo de 5 MB. O envio das fotos ambientais ser\u00e1 at\u00e9 \u00e0s 23:59 horas [&hellip;]\" \/>\n<meta property=\"og:url\" content=\"https:\/\/itr.ufrrj.br\/sigabi\/envio-de-trabalhos-completos\/normas-dos-trabalhos-completos\/\" \/>\n<meta property=\"og:site_name\" content=\"SIGABI - Simp\u00f3sio de Gest\u00e3o Ambiental e Biodiversidade\" \/>\n<meta property=\"article:modified_time\" content=\"2019-03-07T00:03:57+00:00\" \/>\n<meta name=\"twitter:card\" content=\"summary_large_image\" \/>\n<meta name=\"twitter:label1\" content=\"Est. tempo de leitura\" \/>\n\t<meta name=\"twitter:data1\" content=\"4 minutos\" \/>\n<script type=\"application\/ld+json\" class=\"yoast-schema-graph\">{\"@context\":\"https:\/\/schema.org\",\"@graph\":[{\"@type\":\"WebPage\",\"@id\":\"https:\/\/itr.ufrrj.br\/sigabi\/envio-de-trabalhos-completos\/normas-dos-trabalhos-completos\/\",\"url\":\"https:\/\/itr.ufrrj.br\/sigabi\/envio-de-trabalhos-completos\/normas-dos-trabalhos-completos\/\",\"name\":\"Concurso de Fotos - SIGABI - Simp\u00f3sio de Gest\u00e3o Ambiental e Biodiversidade\",\"isPartOf\":{\"@id\":\"https:\/\/itr.ufrrj.br\/sigabi\/#website\"},\"datePublished\":\"2016-08-01T13:29:06+00:00\",\"dateModified\":\"2019-03-07T00:03:57+00:00\",\"breadcrumb\":{\"@id\":\"https:\/\/itr.ufrrj.br\/sigabi\/envio-de-trabalhos-completos\/normas-dos-trabalhos-completos\/#breadcrumb\"},\"inLanguage\":\"pt-BR\",\"potentialAction\":[{\"@type\":\"ReadAction\",\"target\":[\"https:\/\/itr.ufrrj.br\/sigabi\/envio-de-trabalhos-completos\/normas-dos-trabalhos-completos\/\"]}]},{\"@type\":\"BreadcrumbList\",\"@id\":\"https:\/\/itr.ufrrj.br\/sigabi\/envio-de-trabalhos-completos\/normas-dos-trabalhos-completos\/#breadcrumb\",\"itemListElement\":[{\"@type\":\"ListItem\",\"position\":1,\"name\":\"In\u00edcio\",\"item\":\"https:\/\/itr.ufrrj.br\/sigabi\/\"},{\"@type\":\"ListItem\",\"position\":2,\"name\":\"Normas de Trabalhos Completos\",\"item\":\"https:\/\/itr.ufrrj.br\/sigabi\/envio-de-trabalhos-completos\/\"},{\"@type\":\"ListItem\",\"position\":3,\"name\":\"Concurso de Fotos\"}]},{\"@type\":\"WebSite\",\"@id\":\"https:\/\/itr.ufrrj.br\/sigabi\/#website\",\"url\":\"https:\/\/itr.ufrrj.br\/sigabi\/\",\"name\":\"SIGABI - Simp\u00f3sio de Gest\u00e3o Ambiental e Biodiversidade\",\"description\":\"Simp\u00f3sio de Gest\u00e3o Ambiental e Biodiversidade\",\"potentialAction\":[{\"@type\":\"SearchAction\",\"target\":{\"@type\":\"EntryPoint\",\"urlTemplate\":\"https:\/\/itr.ufrrj.br\/sigabi\/?s={search_term_string}\"},\"query-input\":\"required name=search_term_string\"}],\"inLanguage\":\"pt-BR\"}]}<\/script>\n<!-- \/ Yoast SEO plugin. -->","yoast_head_json":{"title":"Concurso de Fotos - SIGABI - Simp\u00f3sio de Gest\u00e3o Ambiental e Biodiversidade","robots":{"index":"index","follow":"follow","max-snippet":"max-snippet:-1","max-image-preview":"max-image-preview:large","max-video-preview":"max-video-preview:-1"},"canonical":"https:\/\/itr.ufrrj.br\/sigabi\/envio-de-trabalhos-completos\/normas-dos-trabalhos-completos\/","og_locale":"pt_BR","og_type":"article","og_title":"Concurso de Fotos - SIGABI - Simp\u00f3sio de Gest\u00e3o Ambiental e Biodiversidade","og_description":"REGULAMENTO CONCURSO DE FOTOS AMBIENTAIS 8\u00ba SIGABI 1 &#8211; Informa\u00e7\u00f5es Gerais 1.1 Somente poder\u00e3o enviar as fotos ambientais para participar do concurso, os participantes queestiverem efetivamente inscritos no 8\u00ba SIGABI. 1.2 S\u00f3 ser\u00e3o aceitas fotos ambientais no formato .JPEG. Com tamanho m\u00e1ximo de 5 MB. O envio das fotos ambientais ser\u00e1 at\u00e9 \u00e0s 23:59 horas [&hellip;]","og_url":"https:\/\/itr.ufrrj.br\/sigabi\/envio-de-trabalhos-completos\/normas-dos-trabalhos-completos\/","og_site_name":"SIGABI - Simp\u00f3sio de Gest\u00e3o Ambiental e Biodiversidade","article_modified_time":"2019-03-07T00:03:57+00:00","twitter_card":"summary_large_image","twitter_misc":{"Est. tempo de leitura":"4 minutos"},"schema":{"@context":"https:\/\/schema.org","@graph":[{"@type":"WebPage","@id":"https:\/\/itr.ufrrj.br\/sigabi\/envio-de-trabalhos-completos\/normas-dos-trabalhos-completos\/","url":"https:\/\/itr.ufrrj.br\/sigabi\/envio-de-trabalhos-completos\/normas-dos-trabalhos-completos\/","name":"Concurso de Fotos - SIGABI - Simp\u00f3sio de Gest\u00e3o Ambiental e Biodiversidade","isPartOf":{"@id":"https:\/\/itr.ufrrj.br\/sigabi\/#website"},"datePublished":"2016-08-01T13:29:06+00:00","dateModified":"2019-03-07T00:03:57+00:00","breadcrumb":{"@id":"https:\/\/itr.ufrrj.br\/sigabi\/envio-de-trabalhos-completos\/normas-dos-trabalhos-completos\/#breadcrumb"},"inLanguage":"pt-BR","potentialAction":[{"@type":"ReadAction","target":["https:\/\/itr.ufrrj.br\/sigabi\/envio-de-trabalhos-completos\/normas-dos-trabalhos-completos\/"]}]},{"@type":"BreadcrumbList","@id":"https:\/\/itr.ufrrj.br\/sigabi\/envio-de-trabalhos-completos\/normas-dos-trabalhos-completos\/#breadcrumb","itemListElement":[{"@type":"ListItem","position":1,"name":"In\u00edcio","item":"https:\/\/itr.ufrrj.br\/sigabi\/"},{"@type":"ListItem","position":2,"name":"Normas de Trabalhos Completos","item":"https:\/\/itr.ufrrj.br\/sigabi\/envio-de-trabalhos-completos\/"},{"@type":"ListItem","position":3,"name":"Concurso de Fotos"}]},{"@type":"WebSite","@id":"https:\/\/itr.ufrrj.br\/sigabi\/#website","url":"https:\/\/itr.ufrrj.br\/sigabi\/","name":"SIGABI - Simp\u00f3sio de Gest\u00e3o Ambiental e Biodiversidade","description":"Simp\u00f3sio de Gest\u00e3o Ambiental e Biodiversidade","potentialAction":[{"@type":"SearchAction","target":{"@type":"EntryPoint","urlTemplate":"https:\/\/itr.ufrrj.br\/sigabi\/?s={search_term_string}"},"query-input":"required name=search_term_string"}],"inLanguage":"pt-BR"}]}},"_links":{"self":[{"href":"https:\/\/itr.ufrrj.br\/sigabi\/wp-json\/wp\/v2\/pages\/16"}],"collection":[{"href":"https:\/\/itr.ufrrj.br\/sigabi\/wp-json\/wp\/v2\/pages"}],"about":[{"href":"https:\/\/itr.ufrrj.br\/sigabi\/wp-json\/wp\/v2\/types\/page"}],"author":[{"embeddable":true,"href":"https:\/\/itr.ufrrj.br\/sigabi\/wp-json\/wp\/v2\/users\/2"}],"replies":[{"embeddable":true,"href":"https:\/\/itr.ufrrj.br\/sigabi\/wp-json\/wp\/v2\/comments?post=16"}],"version-history":[{"count":16,"href":"https:\/\/itr.ufrrj.br\/sigabi\/wp-json\/wp\/v2\/pages\/16\/revisions"}],"predecessor-version":[{"id":524,"href":"https:\/\/itr.ufrrj.br\/sigabi\/wp-json\/wp\/v2\/pages\/16\/revisions\/524"}],"up":[{"embeddable":true,"href":"https:\/\/itr.ufrrj.br\/sigabi\/wp-json\/wp\/v2\/pages\/13"}],"wp:attachment":[{"href":"https:\/\/itr.ufrrj.br\/sigabi\/wp-json\/wp\/v2\/media?parent=16"}],"curies":[{"name":"wp","href":"https:\/\/api.w.org\/{rel}","templated":true}]}}