{"id":141,"date":"2016-08-02T11:01:23","date_gmt":"2016-08-02T14:01:23","guid":{"rendered":"http:\/\/itr.ufrrj.br\/sigabi\/?page_id=141"},"modified":"2019-03-06T21:09:32","modified_gmt":"2019-03-07T00:09:32","slug":"republicas","status":"publish","type":"page","link":"https:\/\/itr.ufrrj.br\/sigabi\/onde-ficar\/republicas\/","title":{"rendered":"Rep\u00fablicas"},"content":{"rendered":"<p><span style=\"color: #004466; font-family: 'Trebuchet MS', Arial, Helvetica, sans-serif; font-size: large;\">A Organiza\u00e7\u00e3o do 8\u00ba SIGABI mant\u00e9m contato com rep\u00fablicas para acomoda\u00e7\u00e3o dos participantes durante o evento.\u00a0<\/span><\/p>\n<div><span style=\"font-family: 'Trebuchet MS', Arial, Helvetica, sans-serif; font-size: large;\">A acomoda\u00e7\u00e3o em rep\u00fablicas visa o menor gasto com hospedagem\u00a0da parte dos participantes.\u00a0<\/span>O participante dever\u00e1 comunicar-se com a rep\u00fablica desejada e se informar sobre regras, endere\u00e7o, n\u00famero de vagas e di\u00e1rias, que ser\u00e3o pagas diretamente ao membro respons\u00e1vel pela rep\u00fablica impreterivelmente no 1\u00ba dia de acomoda\u00e7\u00e3o. Lembramos que os que desejarem se hospedar em rep\u00fablicas dever\u00e3o trazer colch\u00e3o\/colchonete; travesseiro e roupa de cama\/banho. Ou o que for combinado com o respons\u00e1vel pela Rep\u00fablica.<\/div>\n<div><\/div>\n<div>Se voc\u00ea \u00e9 um estudante do ITR e deseja oferecer sua rep\u00fablica para acomoda\u00e7\u00e3o, entre em contato conosco:\u00a0<b>sigabi.contato@gmail.com<\/b><\/div>\n<p><span style=\"color: #000066; font-size: x-large;\">REP\u00daBLICAS DISPON\u00cdVEIS:<\/span><\/p>\n","protected":false},"excerpt":{"rendered":"<p>A Organiza\u00e7\u00e3o do 8\u00ba SIGABI mant\u00e9m contato com rep\u00fablicas para acomoda\u00e7\u00e3o dos participantes durante o evento.\u00a0 A acomoda\u00e7\u00e3o em rep\u00fablicas visa o menor gasto com hospedagem\u00a0da parte dos participantes.\u00a0O participante dever\u00e1 comunicar-se com a rep\u00fablica desejada e se informar sobre regras, endere\u00e7o, n\u00famero de vagas e di\u00e1rias, que ser\u00e3o pagas diretamente ao membro respons\u00e1vel pela [&hellip;]<\/p>\n","protected":false},"author":2,"featured_media":0,"parent":39,"menu_order":0,"comment_status":"closed","ping_status":"closed","template":"","meta":[],"yoast_head":"<!-- This site is optimized with the Yoast SEO plugin v20.6 - https:\/\/yoast.com\/wordpress\/plugins\/seo\/ -->\n<title>Rep\u00fablicas - SIGABI - Simp\u00f3sio de Gest\u00e3o Ambiental e Biodiversidade<\/title>\n<meta name=\"robots\" content=\"index, follow, max-snippet:-1, max-image-preview:large, max-video-preview:-1\" \/>\n<link rel=\"canonical\" href=\"https:\/\/itr.ufrrj.br\/sigabi\/onde-ficar\/republicas\/\" \/>\n<meta property=\"og:locale\" content=\"pt_BR\" \/>\n<meta property=\"og:type\" content=\"article\" \/>\n<meta property=\"og:title\" content=\"Rep\u00fablicas - SIGABI - Simp\u00f3sio de Gest\u00e3o Ambiental e Biodiversidade\" \/>\n<meta property=\"og:description\" content=\"A Organiza\u00e7\u00e3o do 8\u00ba SIGABI mant\u00e9m contato com rep\u00fablicas para acomoda\u00e7\u00e3o dos participantes durante o evento.\u00a0 A acomoda\u00e7\u00e3o em rep\u00fablicas visa o menor gasto com hospedagem\u00a0da parte dos participantes.\u00a0O participante dever\u00e1 comunicar-se com a rep\u00fablica desejada e se informar sobre regras, endere\u00e7o, n\u00famero de vagas e di\u00e1rias, que ser\u00e3o pagas diretamente ao membro respons\u00e1vel pela [&hellip;]\" \/>\n<meta property=\"og:url\" content=\"https:\/\/itr.ufrrj.br\/sigabi\/onde-ficar\/republicas\/\" \/>\n<meta property=\"og:site_name\" content=\"SIGABI - Simp\u00f3sio de Gest\u00e3o Ambiental e Biodiversidade\" \/>\n<meta property=\"article:modified_time\" content=\"2019-03-07T00:09:32+00:00\" \/>\n<meta name=\"twitter:card\" content=\"summary_large_image\" \/>\n<meta name=\"twitter:label1\" content=\"Est. tempo de leitura\" \/>\n\t<meta name=\"twitter:data1\" content=\"1 minuto\" \/>\n<script type=\"application\/ld+json\" class=\"yoast-schema-graph\">{\"@context\":\"https:\/\/schema.org\",\"@graph\":[{\"@type\":\"WebPage\",\"@id\":\"https:\/\/itr.ufrrj.br\/sigabi\/onde-ficar\/republicas\/\",\"url\":\"https:\/\/itr.ufrrj.br\/sigabi\/onde-ficar\/republicas\/\",\"name\":\"Rep\u00fablicas - SIGABI - Simp\u00f3sio de Gest\u00e3o Ambiental e Biodiversidade\",\"isPartOf\":{\"@id\":\"https:\/\/itr.ufrrj.br\/sigabi\/#website\"},\"datePublished\":\"2016-08-02T14:01:23+00:00\",\"dateModified\":\"2019-03-07T00:09:32+00:00\",\"breadcrumb\":{\"@id\":\"https:\/\/itr.ufrrj.br\/sigabi\/onde-ficar\/republicas\/#breadcrumb\"},\"inLanguage\":\"pt-BR\",\"potentialAction\":[{\"@type\":\"ReadAction\",\"target\":[\"https:\/\/itr.ufrrj.br\/sigabi\/onde-ficar\/republicas\/\"]}]},{\"@type\":\"BreadcrumbList\",\"@id\":\"https:\/\/itr.ufrrj.br\/sigabi\/onde-ficar\/republicas\/#breadcrumb\",\"itemListElement\":[{\"@type\":\"ListItem\",\"position\":1,\"name\":\"In\u00edcio\",\"item\":\"https:\/\/itr.ufrrj.br\/sigabi\/\"},{\"@type\":\"ListItem\",\"position\":2,\"name\":\"Onde Ficar\",\"item\":\"https:\/\/itr.ufrrj.br\/sigabi\/onde-ficar\/\"},{\"@type\":\"ListItem\",\"position\":3,\"name\":\"Rep\u00fablicas\"}]},{\"@type\":\"WebSite\",\"@id\":\"https:\/\/itr.ufrrj.br\/sigabi\/#website\",\"url\":\"https:\/\/itr.ufrrj.br\/sigabi\/\",\"name\":\"SIGABI - Simp\u00f3sio de Gest\u00e3o Ambiental e Biodiversidade\",\"description\":\"Simp\u00f3sio de Gest\u00e3o Ambiental e Biodiversidade\",\"potentialAction\":[{\"@type\":\"SearchAction\",\"target\":{\"@type\":\"EntryPoint\",\"urlTemplate\":\"https:\/\/itr.ufrrj.br\/sigabi\/?s={search_term_string}\"},\"query-input\":\"required name=search_term_string\"}],\"inLanguage\":\"pt-BR\"}]}<\/script>\n<!-- \/ Yoast SEO plugin. -->","yoast_head_json":{"title":"Rep\u00fablicas - SIGABI - Simp\u00f3sio de Gest\u00e3o Ambiental e Biodiversidade","robots":{"index":"index","follow":"follow","max-snippet":"max-snippet:-1","max-image-preview":"max-image-preview:large","max-video-preview":"max-video-preview:-1"},"canonical":"https:\/\/itr.ufrrj.br\/sigabi\/onde-ficar\/republicas\/","og_locale":"pt_BR","og_type":"article","og_title":"Rep\u00fablicas - SIGABI - Simp\u00f3sio de Gest\u00e3o Ambiental e Biodiversidade","og_description":"A Organiza\u00e7\u00e3o do 8\u00ba SIGABI mant\u00e9m contato com rep\u00fablicas para acomoda\u00e7\u00e3o dos participantes durante o evento.\u00a0 A acomoda\u00e7\u00e3o em rep\u00fablicas visa o menor gasto com hospedagem\u00a0da parte dos participantes.\u00a0O participante dever\u00e1 comunicar-se com a rep\u00fablica desejada e se informar sobre regras, endere\u00e7o, n\u00famero de vagas e di\u00e1rias, que ser\u00e3o pagas diretamente ao membro respons\u00e1vel pela [&hellip;]","og_url":"https:\/\/itr.ufrrj.br\/sigabi\/onde-ficar\/republicas\/","og_site_name":"SIGABI - Simp\u00f3sio de Gest\u00e3o Ambiental e Biodiversidade","article_modified_time":"2019-03-07T00:09:32+00:00","twitter_card":"summary_large_image","twitter_misc":{"Est. tempo de leitura":"1 minuto"},"schema":{"@context":"https:\/\/schema.org","@graph":[{"@type":"WebPage","@id":"https:\/\/itr.ufrrj.br\/sigabi\/onde-ficar\/republicas\/","url":"https:\/\/itr.ufrrj.br\/sigabi\/onde-ficar\/republicas\/","name":"Rep\u00fablicas - SIGABI - Simp\u00f3sio de Gest\u00e3o Ambiental e Biodiversidade","isPartOf":{"@id":"https:\/\/itr.ufrrj.br\/sigabi\/#website"},"datePublished":"2016-08-02T14:01:23+00:00","dateModified":"2019-03-07T00:09:32+00:00","breadcrumb":{"@id":"https:\/\/itr.ufrrj.br\/sigabi\/onde-ficar\/republicas\/#breadcrumb"},"inLanguage":"pt-BR","potentialAction":[{"@type":"ReadAction","target":["https:\/\/itr.ufrrj.br\/sigabi\/onde-ficar\/republicas\/"]}]},{"@type":"BreadcrumbList","@id":"https:\/\/itr.ufrrj.br\/sigabi\/onde-ficar\/republicas\/#breadcrumb","itemListElement":[{"@type":"ListItem","position":1,"name":"In\u00edcio","item":"https:\/\/itr.ufrrj.br\/sigabi\/"},{"@type":"ListItem","position":2,"name":"Onde Ficar","item":"https:\/\/itr.ufrrj.br\/sigabi\/onde-ficar\/"},{"@type":"ListItem","position":3,"name":"Rep\u00fablicas"}]},{"@type":"WebSite","@id":"https:\/\/itr.ufrrj.br\/sigabi\/#website","url":"https:\/\/itr.ufrrj.br\/sigabi\/","name":"SIGABI - Simp\u00f3sio de Gest\u00e3o Ambiental e Biodiversidade","description":"Simp\u00f3sio de Gest\u00e3o Ambiental e Biodiversidade","potentialAction":[{"@type":"SearchAction","target":{"@type":"EntryPoint","urlTemplate":"https:\/\/itr.ufrrj.br\/sigabi\/?s={search_term_string}"},"query-input":"required name=search_term_string"}],"inLanguage":"pt-BR"}]}},"_links":{"self":[{"href":"https:\/\/itr.ufrrj.br\/sigabi\/wp-json\/wp\/v2\/pages\/141"}],"collection":[{"href":"https:\/\/itr.ufrrj.br\/sigabi\/wp-json\/wp\/v2\/pages"}],"about":[{"href":"https:\/\/itr.ufrrj.br\/sigabi\/wp-json\/wp\/v2\/types\/page"}],"author":[{"embeddable":true,"href":"https:\/\/itr.ufrrj.br\/sigabi\/wp-json\/wp\/v2\/users\/2"}],"replies":[{"embeddable":true,"href":"https:\/\/itr.ufrrj.br\/sigabi\/wp-json\/wp\/v2\/comments?post=141"}],"version-history":[{"count":7,"href":"https:\/\/itr.ufrrj.br\/sigabi\/wp-json\/wp\/v2\/pages\/141\/revisions"}],"predecessor-version":[{"id":529,"href":"https:\/\/itr.ufrrj.br\/sigabi\/wp-json\/wp\/v2\/pages\/141\/revisions\/529"}],"up":[{"embeddable":true,"href":"https:\/\/itr.ufrrj.br\/sigabi\/wp-json\/wp\/v2\/pages\/39"}],"wp:attachment":[{"href":"https:\/\/itr.ufrrj.br\/sigabi\/wp-json\/wp\/v2\/media?parent=141"}],"curies":[{"name":"wp","href":"https:\/\/api.w.org\/{rel}","templated":true}]}}