{"id":13,"date":"2016-08-01T10:28:21","date_gmt":"2016-08-01T13:28:21","guid":{"rendered":"http:\/\/itr.ufrrj.br\/sigabi\/?page_id=13"},"modified":"2019-03-06T21:00:05","modified_gmt":"2019-03-07T00:00:05","slug":"envio-de-trabalhos-completos","status":"publish","type":"page","link":"https:\/\/itr.ufrrj.br\/sigabi\/envio-de-trabalhos-completos\/","title":{"rendered":"Normas de Trabalhos Completos"},"content":{"rendered":"<div id=\"Ic4206b1303a048beb329bd4ac9ffba50\" class=\"Text_Default\">\n<div id=\"Ic4206b1303a048beb329bd4ac9ffba50_sys_txt\" class=\"sys_txt old_text_widget clear_fix\">\n<div id=\"Ic4206b1303a048beb329bd4ac9ffba50\" class=\"Text_Default\">\n<div id=\"Ic4206b1303a048beb329bd4ac9ffba50_sys_txt\" class=\"sys_txt old_text_widget clear_fix\">\n<h3>Chamada de Resumos e Trabalhos Completos<\/h3>\n<p style=\"font-weight: 400;\"><b><strong>1\u00a0&#8211; Informa\u00e7\u00f5es Gerais<\/strong><\/b><\/p>\n<p style=\"font-weight: 400;\">\n<p style=\"font-weight: 400;\">1.1 Somente poder\u00e3o submeter os\u00a0<b><strong>Resumos\u00a0\u00a0ou Trabalhos Completos<\/strong><\/b>, os participantes que estiverem efetivamente inscritos no 8\u00ba SIGABI.<\/p>\n<p style=\"font-weight: 400;\">\n<p style=\"font-weight: 400;\">1.2 A data limite para envio dos\u00a0<b><strong>Resumos\u00a0\u00a0ou Trabalhos Completos<\/strong><\/b>\u00a0ser\u00e1 at\u00e9 \u00e0s 23:59 horas do dia\u00a0<b><strong>\u00a024 de mar\u00e7o de 2019<\/strong><\/b>.<\/p>\n<p style=\"font-weight: 400;\">\n<p style=\"font-weight: 400;\">1.3 Ao inscrever seu\u00a0<b><strong>Resumo\u00a0\u00a0ou Trabalho Completo<\/strong><\/b>, o autor estar\u00e1 automaticamente autorizando o SIGABI a utilizar a obra de sua autoria, em publica\u00e7\u00e3o impressa, digital, internet, CD-ROM, em seus ve\u00edculos institucionais e documentos editados, ou em qualquer outra m\u00eddia.<\/p>\n<p style=\"font-weight: 400;\">\n<p style=\"font-weight: 400;\">1.4 Os\u00a0<b><strong>Resumos\u00a0\u00a0ou Trabalhos Completos<\/strong><\/b>\u00a0dever\u00e3o ser in\u00e9ditos e serem voltados para temas ambientais. Os\u00a0<b><strong>Resumos\u00a0\u00a0ou Trabalhos Completos<\/strong><\/b>\u00a0que estiverem fora do tema ambiental n\u00e3o ser\u00e3o aceitos.<\/p>\n<p style=\"font-weight: 400;\">\n<p style=\"font-weight: 400;\">1.5\u00a0<u>N\u00e3o ser\u00e3o aceitos relat\u00f3rios e projetos<\/u>.<\/p>\n<p style=\"font-weight: 400;\">\n<p style=\"font-weight: 400;\">1.6\u00a0<b><strong>Cada participante poder\u00e1 enviar at\u00e9 dois (2) Resumos e\/ou Trabalhos Completos<\/strong><\/b>\u00a0<b><strong>por inscri\u00e7\u00e3o, como autor ou co-autor.<\/strong><\/b><\/p>\n<p style=\"font-weight: 400;\">\n<p style=\"font-weight: 400;\">1.7 N\u00e3o ser\u00e3o aceitas inclus\u00f5es e\/ou exclus\u00f5es de autores e altera\u00e7\u00f5es no t\u00edtulo do trabalho ap\u00f3s o envio dos\u00a0<b><strong>Resumos\u00a0\u00a0ou Trabalhos Completos<\/strong><\/b>.<\/p>\n<p style=\"font-weight: 400;\">\n<p style=\"font-weight: 400;\">1.8 Receber\u00e3o Certificado de Apresenta\u00e7\u00e3o de\u00a0<b><strong>Resumos\u00a0\u00a0ou Trabalhos Completos<\/strong><\/b>\u00a0somente os trabalhos efetivamente apresentados durante o 8\u00ba SIGABI. O simples envio dos\u00a0<b><strong>Resumos\u00a0\u00a0ou Trabalhos Completos\u00a0<\/strong><\/b>n\u00e3o dar\u00e1 direito ao Certificado e\/ou publica\u00e7\u00e3o nos Anais do 8\u00ba SIGABI.<\/p>\n<p style=\"font-weight: 400;\">\n<p style=\"font-weight: 400;\">1.9 Os anais do evento ser\u00e3o publicados unicamente em meio eletr\u00f4nico e disponibilizados no endere\u00e7o:\u00a0<b><strong><a href=\"http:\/\/itr.ufrrj.br\/sigabi\/anais\/\">http:\/\/itr.ufrrj.br\/sigabi\/anais\/<\/a><\/strong><\/b>\u00a0. A publica\u00e7\u00e3o conter\u00e1 a \u00edntegra de todos os\u00a0<b><strong>Resumos\u00a0\u00a0ou Trabalhos Completos<\/strong><\/b>\u00a0que foram aprovados e efetivamente apresentados durante o 8\u00ba SIGABI.<\/p>\n<p style=\"font-weight: 400;\">\n<p style=\"font-weight: 400;\">1.10 O SIGABI n\u00e3o patrocinar\u00e1 qualquer despesa do autor inscrito no evento.<\/p>\n<p style=\"font-weight: 400;\">\n<p style=\"font-weight: 400;\">1.11 D\u00favidas, \u00e9 s\u00f3 entrar em contato com o email:\u00a0<b><strong>sigabi.contato@gmail.com<\/strong><\/b><\/p>\n<p style=\"font-weight: 400;\">\n<p style=\"font-weight: 400;\"><b><strong>2 \u2013 Apresenta\u00e7\u00e3o e envio dos Resumos\u00a0\u00a0e\/ou Trabalhos Completos<\/strong><\/b><\/p>\n<p style=\"font-weight: 400;\">\n<p style=\"font-weight: 400;\">2.1 S\u00f3 ser\u00e3o aceitos os\u00a0<b><strong>Resumos ou Trabalhos Completos<\/strong><\/b>\u00a0que forem enviados no formato &#8220;.doc&#8221; ou \u201c.docx\u201d. Todos os demais formatos de arquivos, inclusive os compactados, ser\u00e3o bloqueados.<\/p>\n<p style=\"font-weight: 400;\">\n<p style=\"font-weight: 400;\">2.2\u00a0Os trabalhos enviados no formato de resumo ser\u00e3o apresentados em forma de p\u00f4ster, enquanto que os trabalhos enviados no formato Trabalho Completo ser\u00e3o apresentados em forma oral.<\/p>\n<p style=\"font-weight: 400;\">\n<p style=\"font-weight: 400;\">2.3 As normas para os\u00a0<b><strong>Resumos ou Trabalhos Completos<\/strong><\/b>\u00a0est\u00e3o nos modelos disponibilizados no site do evento.<\/p>\n<p style=\"font-weight: 400;\">\n<p style=\"font-weight: 400;\">2.4 A Comiss\u00e3o Organizadora n\u00e3o se responsabiliza por erros ortogr\u00e1ficos ou por revis\u00e3o gramatical dos trabalhos completos enviados, sendo o conte\u00fado cient\u00edfico e a reda\u00e7\u00e3o do trabalho de inteira responsabilidade dos autores.<\/p>\n<p style=\"font-weight: 400;\">\n<p style=\"font-weight: 400;\"><b><strong>3 \u2013 Avalia\u00e7\u00e3o, Sele\u00e7\u00e3o e Prazos<\/strong><\/b><\/p>\n<p style=\"font-weight: 400;\">\n<p style=\"font-weight: 400;\">3.1 A sele\u00e7\u00e3o dos trabalhos ser\u00e1 realizada pelos Membros do Comit\u00ea Cient\u00edfico do 8\u00ba SIGABI.<\/p>\n<p style=\"font-weight: 400;\">\n<p style=\"font-weight: 400;\">3.2 A cada trabalho ser\u00e3o atribu\u00eddas duas (2) notas proferidas por diferentes avaliadores, que resultar\u00e3o numa m\u00e9dia final.<\/p>\n<p style=\"font-weight: 400;\">\n<p style=\"font-weight: 400;\">3.3\u00a0O resultados dos trabalhos ser\u00e1 divulgado na \u00e1rea restrita do Autor at\u00e9 o dia\u00a0<b><strong>08 de abril de 2019<\/strong><\/b>.<\/p>\n<p style=\"font-weight: 400;\">\n<p style=\"font-weight: 400;\">3.4 Os\u00a0<b><strong>Resumos ou Trabalhos Completos<\/strong><\/b>\u00a0n\u00e3o selecionados \/ n\u00e3o aprovados, n\u00e3o constar\u00e3o da listagem disponibilizada no site do evento para apresenta\u00e7\u00e3o durante o evento.<\/p>\n<\/div>\n<\/div>\n<\/div>\n<\/div>\n<p>&nbsp;<\/p>\n<div class=\"text-center\">\n<h3 class=\"with-subtitle ng-binding\">Submiss\u00f5es<\/h3>\n<h5 class=\"ng-scope\" translate=\"Label_PrazoParaSubmissao\">Prazo para submiss\u00e3o<\/h5>\n<p class=\"subtitle ng-binding ng-scope\">07\/01\/2019 a 24\/03\/2019<\/p>\n<\/div>\n<h5 class=\"ng-scope\" style=\"box-sizing: border-box; font-family: 'Open Sans', sans-serif; font-weight: bold; line-height: 1.1; color: #666666; margin-top: 60px; margin-bottom: 40px; font-size: 24px; text-align: center; font-style: normal; font-variant-ligatures: normal; font-variant-caps: normal; letter-spacing: normal; orphans: 2; text-indent: 0px; text-transform: none; white-space: normal; widows: 2; word-spacing: 0px; -webkit-text-stroke-width: 0px; text-decoration-style: initial; text-decoration-color: initial;\" translate=\"Titulo_Modalidade\">Modalidade<\/h5>\n<div class=\"area-wrapper ng-scope\">\n<div class=\"areas\" style=\"text-align: center;\"><a class=\"ng-binding ng-scope\" href=\"https:\/\/even3.blob.core.windows.net\/geral\/ModeloeNormas-TrabalhoCompleto8SIGABI.55ae274bacaf4b1a9ab2.docx\" target=\"_blank\" rel=\"noopener\">Trabalho Completo<\/a><\/p>\n<div class=\"clearfix\"><\/div>\n<\/div>\n<\/div>\n<div class=\"area-wrapper ng-scope\">\n<div class=\"areas\" style=\"text-align: center;\"><a class=\"ng-binding ng-scope\" href=\"https:\/\/even3.blob.core.windows.net\/geral\/ModeloeNormas-Resumo8SIGABI.66fc92274b0a4c18a527.docx\" target=\"_blank\" rel=\"noopener\">Resumo<\/a><\/p>\n<div class=\"clearfix\"><\/div>\n<\/div>\n<\/div>\n<h5 class=\"ng-scope\" style=\"box-sizing: border-box; font-family: 'Open Sans', sans-serif; font-weight: bold; line-height: 1.1; color: #666666; margin-top: 60px; margin-bottom: 40px; font-size: 24px; text-align: center; font-style: normal; font-variant-ligatures: normal; font-variant-caps: normal; letter-spacing: normal; orphans: 2; text-indent: 0px; text-transform: none; white-space: normal; widows: 2; word-spacing: 0px; -webkit-text-stroke-width: 0px; text-decoration-style: initial; text-decoration-color: initial;\" translate=\"Titulo_AreaTematica\">\u00c1rea Tem\u00e1tica<\/h5>\n<div class=\"area-wrapper ng-scope\">\n<div class=\"areas ng-binding\">Diversidade Vegetal<\/div>\n<\/div>\n<div class=\"area-wrapper ng-scope\">\n<div class=\"areas ng-binding\">Diversidade Animal<\/div>\n<\/div>\n<div class=\"area-wrapper ng-scope\">\n<div class=\"areas ng-binding\">Ecologia<\/div>\n<\/div>\n<div class=\"area-wrapper ng-scope\">\n<div class=\"areas ng-binding\">Educa\u00e7\u00e3o Ambiental<\/div>\n<\/div>\n<div class=\"area-wrapper ng-scope\">\n<div class=\"areas ng-binding\">Conserva\u00e7\u00e3o<\/div>\n<\/div>\n<div class=\"area-wrapper ng-scope\">\n<div class=\"areas ng-binding\">Biologia Marinha<\/div>\n<\/div>\n<div class=\"area-wrapper ng-scope\">\n<div class=\"areas ng-binding\">Gest\u00e3o Ambiental<\/div>\n<\/div>\n<div class=\"area-wrapper ng-scope\">\n<div class=\"areas ng-binding\">Qu\u00edmica Ambiental<\/div>\n<\/div>\n<div class=\"area-wrapper ng-scope\">\n<div class=\"areas ng-binding\">Geografia Ambiental<\/div>\n<\/div>\n<div class=\"area-wrapper ng-scope\">\n<div class=\"areas ng-binding\">Geologia Ambiental<\/div>\n<\/div>\n<div class=\"area-wrapper ng-scope\">\n<div class=\"areas ng-binding\">Recupera\u00e7\u00e3o de \u00c1reas Degradadas<\/div>\n<\/div>\n<div class=\"area-wrapper ng-scope\">\n<div class=\"areas ng-binding\">Recursos H\u00eddricos<\/div>\n<\/div>\n<div class=\"area-wrapper ng-scope\">\n<div class=\"areas ng-binding\">Agroecologia<\/div>\n<\/div>\n<div class=\"area-wrapper ng-scope\">\n<div class=\"areas ng-binding\">Licenciamento Ambiental<\/div>\n<\/div>\n<div class=\"area-wrapper ng-scope\">\n<div class=\"areas ng-binding\">Planejamento Territorial<\/div>\n<\/div>\n<div class=\"area-wrapper ng-scope\">\n<div class=\"areas ng-binding\">Sistemas de Informa\u00e7\u00e3o Geogr\u00e1fica<\/div>\n<\/div>\n<div class=\"area-wrapper ng-scope\">\n<div class=\"areas ng-binding\">Res\u00edduos<\/div>\n<\/div>\n<div class=\"area-wrapper ng-scope\">\n<div class=\"areas ng-binding\">Direito Ambiental<\/div>\n<\/div>\n<div class=\"area-wrapper ng-scope\">\n<div class=\"areas ng-binding\">Microbiologia Ambiental<\/div>\n<\/div>\n<div class=\"area-wrapper ng-scope\">\n<div class=\"areas ng-binding\">Etnoconserva\u00e7\u00e3o<\/div>\n<\/div>\n<div class=\"area-wrapper ng-scope\">\n<div class=\"areas ng-binding\">Economia Ambiental<\/div>\n<\/div>\n<div class=\"area-wrapper ng-scope\">\n<div class=\"areas ng-binding\">Biogeografia<\/div>\n<\/div>\n<div class=\"area-wrapper ng-scope\">\n<div class=\"areas ng-binding\">Manejo e uso do solo<\/div>\n<\/div>\n<div><\/div>\n<div><\/div>\n<div class=\"text-center acoes\" style=\"text-align: center;\"><a class=\"bt-free-trial-hero ng-scope\" translate=\"Link_QueroSubmeterTrabalho\" href=\"https:\/\/www.even3.com.br\/evento\/login?evento=8sigabi&amp;ReturnUrl=%2fparticipante%2ftrabalhocientifico%2f\">QUERO SUBMETER TRABALHO<\/a><\/div>\n","protected":false},"excerpt":{"rendered":"<p>Chamada de Resumos e Trabalhos Completos 1\u00a0&#8211; Informa\u00e7\u00f5es Gerais 1.1 Somente poder\u00e3o submeter os\u00a0Resumos\u00a0\u00a0ou Trabalhos Completos, os participantes que estiverem efetivamente inscritos no 8\u00ba SIGABI. 1.2 A data limite para envio dos\u00a0Resumos\u00a0\u00a0ou Trabalhos Completos\u00a0ser\u00e1 at\u00e9 \u00e0s 23:59 horas do dia\u00a0\u00a024 de mar\u00e7o de 2019. 1.3 Ao inscrever seu\u00a0Resumo\u00a0\u00a0ou Trabalho Completo, o autor estar\u00e1 automaticamente autorizando [&hellip;]<\/p>\n","protected":false},"author":2,"featured_media":0,"parent":0,"menu_order":0,"comment_status":"closed","ping_status":"closed","template":"","meta":[],"yoast_head":"<!-- This site is optimized with the Yoast SEO plugin v20.6 - https:\/\/yoast.com\/wordpress\/plugins\/seo\/ -->\n<title>Normas de Trabalhos Completos - SIGABI - Simp\u00f3sio de Gest\u00e3o Ambiental e Biodiversidade<\/title>\n<meta name=\"robots\" content=\"index, follow, max-snippet:-1, max-image-preview:large, max-video-preview:-1\" \/>\n<link rel=\"canonical\" href=\"https:\/\/itr.ufrrj.br\/sigabi\/envio-de-trabalhos-completos\/\" \/>\n<meta property=\"og:locale\" content=\"pt_BR\" \/>\n<meta property=\"og:type\" content=\"article\" \/>\n<meta property=\"og:title\" content=\"Normas de Trabalhos Completos - SIGABI - Simp\u00f3sio de Gest\u00e3o Ambiental e Biodiversidade\" \/>\n<meta property=\"og:description\" content=\"Chamada de Resumos e Trabalhos Completos 1\u00a0&#8211; Informa\u00e7\u00f5es Gerais 1.1 Somente poder\u00e3o submeter os\u00a0Resumos\u00a0\u00a0ou Trabalhos Completos, os participantes que estiverem efetivamente inscritos no 8\u00ba SIGABI. 1.2 A data limite para envio dos\u00a0Resumos\u00a0\u00a0ou Trabalhos Completos\u00a0ser\u00e1 at\u00e9 \u00e0s 23:59 horas do dia\u00a0\u00a024 de mar\u00e7o de 2019. 1.3 Ao inscrever seu\u00a0Resumo\u00a0\u00a0ou Trabalho Completo, o autor estar\u00e1 automaticamente autorizando [&hellip;]\" \/>\n<meta property=\"og:url\" content=\"https:\/\/itr.ufrrj.br\/sigabi\/envio-de-trabalhos-completos\/\" \/>\n<meta property=\"og:site_name\" content=\"SIGABI - Simp\u00f3sio de Gest\u00e3o Ambiental e Biodiversidade\" \/>\n<meta property=\"article:modified_time\" content=\"2019-03-07T00:00:05+00:00\" \/>\n<meta name=\"twitter:card\" content=\"summary_large_image\" \/>\n<meta name=\"twitter:label1\" content=\"Est. tempo de leitura\" \/>\n\t<meta name=\"twitter:data1\" content=\"3 minutos\" \/>\n<script type=\"application\/ld+json\" class=\"yoast-schema-graph\">{\"@context\":\"https:\/\/schema.org\",\"@graph\":[{\"@type\":\"WebPage\",\"@id\":\"https:\/\/itr.ufrrj.br\/sigabi\/envio-de-trabalhos-completos\/\",\"url\":\"https:\/\/itr.ufrrj.br\/sigabi\/envio-de-trabalhos-completos\/\",\"name\":\"Normas de Trabalhos Completos - SIGABI - Simp\u00f3sio de Gest\u00e3o Ambiental e Biodiversidade\",\"isPartOf\":{\"@id\":\"https:\/\/itr.ufrrj.br\/sigabi\/#website\"},\"datePublished\":\"2016-08-01T13:28:21+00:00\",\"dateModified\":\"2019-03-07T00:00:05+00:00\",\"breadcrumb\":{\"@id\":\"https:\/\/itr.ufrrj.br\/sigabi\/envio-de-trabalhos-completos\/#breadcrumb\"},\"inLanguage\":\"pt-BR\",\"potentialAction\":[{\"@type\":\"ReadAction\",\"target\":[\"https:\/\/itr.ufrrj.br\/sigabi\/envio-de-trabalhos-completos\/\"]}]},{\"@type\":\"BreadcrumbList\",\"@id\":\"https:\/\/itr.ufrrj.br\/sigabi\/envio-de-trabalhos-completos\/#breadcrumb\",\"itemListElement\":[{\"@type\":\"ListItem\",\"position\":1,\"name\":\"In\u00edcio\",\"item\":\"https:\/\/itr.ufrrj.br\/sigabi\/\"},{\"@type\":\"ListItem\",\"position\":2,\"name\":\"Normas de Trabalhos Completos\"}]},{\"@type\":\"WebSite\",\"@id\":\"https:\/\/itr.ufrrj.br\/sigabi\/#website\",\"url\":\"https:\/\/itr.ufrrj.br\/sigabi\/\",\"name\":\"SIGABI - Simp\u00f3sio de Gest\u00e3o Ambiental e Biodiversidade\",\"description\":\"Simp\u00f3sio de Gest\u00e3o Ambiental e Biodiversidade\",\"potentialAction\":[{\"@type\":\"SearchAction\",\"target\":{\"@type\":\"EntryPoint\",\"urlTemplate\":\"https:\/\/itr.ufrrj.br\/sigabi\/?s={search_term_string}\"},\"query-input\":\"required name=search_term_string\"}],\"inLanguage\":\"pt-BR\"}]}<\/script>\n<!-- \/ Yoast SEO plugin. -->","yoast_head_json":{"title":"Normas de Trabalhos Completos - SIGABI - Simp\u00f3sio de Gest\u00e3o Ambiental e Biodiversidade","robots":{"index":"index","follow":"follow","max-snippet":"max-snippet:-1","max-image-preview":"max-image-preview:large","max-video-preview":"max-video-preview:-1"},"canonical":"https:\/\/itr.ufrrj.br\/sigabi\/envio-de-trabalhos-completos\/","og_locale":"pt_BR","og_type":"article","og_title":"Normas de Trabalhos Completos - SIGABI - Simp\u00f3sio de Gest\u00e3o Ambiental e Biodiversidade","og_description":"Chamada de Resumos e Trabalhos Completos 1\u00a0&#8211; Informa\u00e7\u00f5es Gerais 1.1 Somente poder\u00e3o submeter os\u00a0Resumos\u00a0\u00a0ou Trabalhos Completos, os participantes que estiverem efetivamente inscritos no 8\u00ba SIGABI. 1.2 A data limite para envio dos\u00a0Resumos\u00a0\u00a0ou Trabalhos Completos\u00a0ser\u00e1 at\u00e9 \u00e0s 23:59 horas do dia\u00a0\u00a024 de mar\u00e7o de 2019. 1.3 Ao inscrever seu\u00a0Resumo\u00a0\u00a0ou Trabalho Completo, o autor estar\u00e1 automaticamente autorizando [&hellip;]","og_url":"https:\/\/itr.ufrrj.br\/sigabi\/envio-de-trabalhos-completos\/","og_site_name":"SIGABI - Simp\u00f3sio de Gest\u00e3o Ambiental e Biodiversidade","article_modified_time":"2019-03-07T00:00:05+00:00","twitter_card":"summary_large_image","twitter_misc":{"Est. tempo de leitura":"3 minutos"},"schema":{"@context":"https:\/\/schema.org","@graph":[{"@type":"WebPage","@id":"https:\/\/itr.ufrrj.br\/sigabi\/envio-de-trabalhos-completos\/","url":"https:\/\/itr.ufrrj.br\/sigabi\/envio-de-trabalhos-completos\/","name":"Normas de Trabalhos Completos - SIGABI - Simp\u00f3sio de Gest\u00e3o Ambiental e Biodiversidade","isPartOf":{"@id":"https:\/\/itr.ufrrj.br\/sigabi\/#website"},"datePublished":"2016-08-01T13:28:21+00:00","dateModified":"2019-03-07T00:00:05+00:00","breadcrumb":{"@id":"https:\/\/itr.ufrrj.br\/sigabi\/envio-de-trabalhos-completos\/#breadcrumb"},"inLanguage":"pt-BR","potentialAction":[{"@type":"ReadAction","target":["https:\/\/itr.ufrrj.br\/sigabi\/envio-de-trabalhos-completos\/"]}]},{"@type":"BreadcrumbList","@id":"https:\/\/itr.ufrrj.br\/sigabi\/envio-de-trabalhos-completos\/#breadcrumb","itemListElement":[{"@type":"ListItem","position":1,"name":"In\u00edcio","item":"https:\/\/itr.ufrrj.br\/sigabi\/"},{"@type":"ListItem","position":2,"name":"Normas de Trabalhos Completos"}]},{"@type":"WebSite","@id":"https:\/\/itr.ufrrj.br\/sigabi\/#website","url":"https:\/\/itr.ufrrj.br\/sigabi\/","name":"SIGABI - Simp\u00f3sio de Gest\u00e3o Ambiental e Biodiversidade","description":"Simp\u00f3sio de Gest\u00e3o Ambiental e Biodiversidade","potentialAction":[{"@type":"SearchAction","target":{"@type":"EntryPoint","urlTemplate":"https:\/\/itr.ufrrj.br\/sigabi\/?s={search_term_string}"},"query-input":"required name=search_term_string"}],"inLanguage":"pt-BR"}]}},"_links":{"self":[{"href":"https:\/\/itr.ufrrj.br\/sigabi\/wp-json\/wp\/v2\/pages\/13"}],"collection":[{"href":"https:\/\/itr.ufrrj.br\/sigabi\/wp-json\/wp\/v2\/pages"}],"about":[{"href":"https:\/\/itr.ufrrj.br\/sigabi\/wp-json\/wp\/v2\/types\/page"}],"author":[{"embeddable":true,"href":"https:\/\/itr.ufrrj.br\/sigabi\/wp-json\/wp\/v2\/users\/2"}],"replies":[{"embeddable":true,"href":"https:\/\/itr.ufrrj.br\/sigabi\/wp-json\/wp\/v2\/comments?post=13"}],"version-history":[{"count":13,"href":"https:\/\/itr.ufrrj.br\/sigabi\/wp-json\/wp\/v2\/pages\/13\/revisions"}],"predecessor-version":[{"id":522,"href":"https:\/\/itr.ufrrj.br\/sigabi\/wp-json\/wp\/v2\/pages\/13\/revisions\/522"}],"wp:attachment":[{"href":"https:\/\/itr.ufrrj.br\/sigabi\/wp-json\/wp\/v2\/media?parent=13"}],"curies":[{"name":"wp","href":"https:\/\/api.w.org\/{rel}","templated":true}]}}