{"id":12,"date":"2016-08-01T10:28:15","date_gmt":"2016-08-01T13:28:15","guid":{"rendered":"http:\/\/itr.ufrrj.br\/sigabi\/?page_id=12"},"modified":"2017-01-09T14:17:38","modified_gmt":"2017-01-09T16:17:38","slug":"inscricoes","status":"publish","type":"page","link":"https:\/\/itr.ufrrj.br\/sigabi\/inscricoes\/","title":{"rendered":"Inscri\u00e7\u00f5es 5\u00ba SIGABI"},"content":{"rendered":"<p style=\"text-align: justify;\"><img loading=\"lazy\" class=\"alignnone size-full wp-image-122\" src=\"http:\/\/itr.ufrrj.br\/sigabi\/wp-content\/uploads\/2016\/08\/PAGAMENTOS.jpg\" alt=\"PAGAMENTOS\" width=\"531\" height=\"120\" srcset=\"https:\/\/itr.ufrrj.br\/sigabi\/wp-content\/uploads\/2016\/08\/PAGAMENTOS.jpg 531w, https:\/\/itr.ufrrj.br\/sigabi\/wp-content\/uploads\/2016\/08\/PAGAMENTOS-300x68.jpg 300w\" sizes=\"(max-width: 531px) 100vw, 531px\" \/><\/p>\n<p style=\"text-align: justify;\"><strong>DESCONTO PRORROGADO AT\u00c9 31 DE MAIO<\/strong><\/p>\n<p style=\"text-align: justify;\">As inscri\u00e7\u00f5es dar\u00e3o direito \u00e0 escolha de uma oficina e um minicurso, al\u00e9m de envio de 1\u00a0(um) artigo cient\u00edfico de at\u00e9 10 p\u00e1ginas, 1 (uma) foto para o concurso de fotos, participa\u00e7\u00e3o em palestras, mesas redondas e sess\u00f5es de pain\u00e9is.<\/p>\n<p style=\"text-align: justify;\">Todos os inscritos confirmados ter\u00e3o direito a um Kit do 5\u00ba SIGABI (Ecobag, Adesivo, Caneca, Caneta, Blocos, Programa\u00e7\u00e3o). Para a retirada do kit, o inscrito dever\u00e1 apresentar um documento de identidade no momento do credenciamento.<\/p>\n<p style=\"text-align: justify;\">Para realizar sua inscri\u00e7\u00e3o, o participante deve realizar um dep\u00f3sito identificado, preencher o formul\u00e1rio de inscri\u00e7\u00e3o dispon\u00edvel no site do evento, e enviar o\u00a0comprovante de pagamento para o email: <a href=\"mailto:sigabi.inscricoes@gmail.com\"><strong>sigabi.inscricoes@gmail.com<\/strong><\/a><\/p>\n<p style=\"text-align: justify;\">Ap\u00f3s este procedimento, a comiss\u00e3o organizadora retornar\u00e1 o email do participante com o n\u00famero de inscri\u00e7\u00e3o que dever\u00e1 ser utilizado para a submiss\u00e3o\u00a0de artigo e envio da foto para o concurso de fotos ambientais.<\/p>\n<p style=\"text-align: justify;\"><strong>Dados banc\u00e1rios para o dep\u00f3sito:<\/strong><br \/>\nBanco Bradesco<br \/>\nMEI: Jana\u00edna Gama Lacerda<br \/>\nAg\u00eancia: 0540-1<br \/>\nConta Corrente: 124848-0<\/p>\n<p style=\"text-align: justify;\">A inscri\u00e7\u00e3o na modalidade de estudante s\u00f3 ser\u00e1 aceita mediante o envio do comprovante de estudante junto ao comprovante de pagamento para o email: <a href=\"mailto:sigabi.inscricoes@gmail.com\"><strong>sigabi.inscricoes@gmail.com<\/strong><\/a><\/p>\n<p style=\"text-align: justify;\">Alunos do ITR\/UFRRJ dever\u00e3o realizar sua inscri\u00e7\u00e3o com algum membro da comiss\u00e3o organizadora do 5\u00ba SIGABI, para obter o desconto na inscri\u00e7\u00e3o, e para efetivar sua inscri\u00e7\u00e3o no site, devem enviar o recibo de pagamento emitido pela comiss\u00e3o para o email:\u00a0<a href=\"mailto:sigabi.inscricoes@gmail.com\"><strong>sigabi.inscricoes@gmail.com<\/strong><\/a><\/p>\n<p style=\"text-align: justify;\">A inscri\u00e7\u00e3o \u00e9 intransfer\u00edvel. N\u00e3o h\u00e1 devolu\u00e7\u00e3o de taxa de inscri\u00e7\u00e3o para os participantes que submeterem trabalho completo ou enviarem foto. Em caso de n\u00e3o comparecimento no evento, o valor de inscri\u00e7\u00e3o n\u00e3o ser\u00e1 devolvido.<\/p>\n","protected":false},"excerpt":{"rendered":"<p>DESCONTO PRORROGADO AT\u00c9 31 DE MAIO As inscri\u00e7\u00f5es dar\u00e3o direito \u00e0 escolha de uma oficina e um minicurso, al\u00e9m de envio de 1\u00a0(um) artigo cient\u00edfico de at\u00e9 10 p\u00e1ginas, 1 (uma) foto para o concurso de fotos, participa\u00e7\u00e3o em palestras, mesas redondas e sess\u00f5es de pain\u00e9is. Todos os inscritos confirmados ter\u00e3o direito a um Kit [&hellip;]<\/p>\n","protected":false},"author":2,"featured_media":0,"parent":0,"menu_order":0,"comment_status":"closed","ping_status":"closed","template":"","meta":[],"yoast_head":"<!-- This site is optimized with the Yoast SEO plugin v20.6 - https:\/\/yoast.com\/wordpress\/plugins\/seo\/ -->\n<title>Inscri\u00e7\u00f5es 5\u00ba SIGABI - SIGABI - Simp\u00f3sio de Gest\u00e3o Ambiental e Biodiversidade<\/title>\n<meta name=\"robots\" content=\"index, follow, max-snippet:-1, max-image-preview:large, max-video-preview:-1\" \/>\n<link rel=\"canonical\" href=\"https:\/\/itr.ufrrj.br\/sigabi\/inscricoes\/\" \/>\n<meta property=\"og:locale\" content=\"pt_BR\" \/>\n<meta property=\"og:type\" content=\"article\" \/>\n<meta property=\"og:title\" content=\"Inscri\u00e7\u00f5es 5\u00ba SIGABI - SIGABI - Simp\u00f3sio de Gest\u00e3o Ambiental e Biodiversidade\" \/>\n<meta property=\"og:description\" content=\"DESCONTO PRORROGADO AT\u00c9 31 DE MAIO As inscri\u00e7\u00f5es dar\u00e3o direito \u00e0 escolha de uma oficina e um minicurso, al\u00e9m de envio de 1\u00a0(um) artigo cient\u00edfico de at\u00e9 10 p\u00e1ginas, 1 (uma) foto para o concurso de fotos, participa\u00e7\u00e3o em palestras, mesas redondas e sess\u00f5es de pain\u00e9is. Todos os inscritos confirmados ter\u00e3o direito a um Kit [&hellip;]\" \/>\n<meta property=\"og:url\" content=\"https:\/\/itr.ufrrj.br\/sigabi\/inscricoes\/\" \/>\n<meta property=\"og:site_name\" content=\"SIGABI - Simp\u00f3sio de Gest\u00e3o Ambiental e Biodiversidade\" \/>\n<meta property=\"article:modified_time\" content=\"2017-01-09T16:17:38+00:00\" \/>\n<meta property=\"og:image\" content=\"http:\/\/itr.ufrrj.br\/sigabi\/wp-content\/uploads\/2016\/08\/PAGAMENTOS.jpg\" \/>\n<meta name=\"twitter:card\" content=\"summary_large_image\" \/>\n<meta name=\"twitter:label1\" content=\"Est. tempo de leitura\" \/>\n\t<meta name=\"twitter:data1\" content=\"2 minutos\" \/>\n<script type=\"application\/ld+json\" class=\"yoast-schema-graph\">{\"@context\":\"https:\/\/schema.org\",\"@graph\":[{\"@type\":\"WebPage\",\"@id\":\"https:\/\/itr.ufrrj.br\/sigabi\/inscricoes\/\",\"url\":\"https:\/\/itr.ufrrj.br\/sigabi\/inscricoes\/\",\"name\":\"Inscri\u00e7\u00f5es 5\u00ba SIGABI - SIGABI - Simp\u00f3sio de Gest\u00e3o Ambiental e Biodiversidade\",\"isPartOf\":{\"@id\":\"https:\/\/itr.ufrrj.br\/sigabi\/#website\"},\"datePublished\":\"2016-08-01T13:28:15+00:00\",\"dateModified\":\"2017-01-09T16:17:38+00:00\",\"breadcrumb\":{\"@id\":\"https:\/\/itr.ufrrj.br\/sigabi\/inscricoes\/#breadcrumb\"},\"inLanguage\":\"pt-BR\",\"potentialAction\":[{\"@type\":\"ReadAction\",\"target\":[\"https:\/\/itr.ufrrj.br\/sigabi\/inscricoes\/\"]}]},{\"@type\":\"BreadcrumbList\",\"@id\":\"https:\/\/itr.ufrrj.br\/sigabi\/inscricoes\/#breadcrumb\",\"itemListElement\":[{\"@type\":\"ListItem\",\"position\":1,\"name\":\"In\u00edcio\",\"item\":\"https:\/\/itr.ufrrj.br\/sigabi\/\"},{\"@type\":\"ListItem\",\"position\":2,\"name\":\"Inscri\u00e7\u00f5es 5\u00ba SIGABI\"}]},{\"@type\":\"WebSite\",\"@id\":\"https:\/\/itr.ufrrj.br\/sigabi\/#website\",\"url\":\"https:\/\/itr.ufrrj.br\/sigabi\/\",\"name\":\"SIGABI - Simp\u00f3sio de Gest\u00e3o Ambiental e Biodiversidade\",\"description\":\"Simp\u00f3sio de Gest\u00e3o Ambiental e Biodiversidade\",\"potentialAction\":[{\"@type\":\"SearchAction\",\"target\":{\"@type\":\"EntryPoint\",\"urlTemplate\":\"https:\/\/itr.ufrrj.br\/sigabi\/?s={search_term_string}\"},\"query-input\":\"required name=search_term_string\"}],\"inLanguage\":\"pt-BR\"}]}<\/script>\n<!-- \/ Yoast SEO plugin. -->","yoast_head_json":{"title":"Inscri\u00e7\u00f5es 5\u00ba SIGABI - SIGABI - Simp\u00f3sio de Gest\u00e3o Ambiental e Biodiversidade","robots":{"index":"index","follow":"follow","max-snippet":"max-snippet:-1","max-image-preview":"max-image-preview:large","max-video-preview":"max-video-preview:-1"},"canonical":"https:\/\/itr.ufrrj.br\/sigabi\/inscricoes\/","og_locale":"pt_BR","og_type":"article","og_title":"Inscri\u00e7\u00f5es 5\u00ba SIGABI - SIGABI - Simp\u00f3sio de Gest\u00e3o Ambiental e Biodiversidade","og_description":"DESCONTO PRORROGADO AT\u00c9 31 DE MAIO As inscri\u00e7\u00f5es dar\u00e3o direito \u00e0 escolha de uma oficina e um minicurso, al\u00e9m de envio de 1\u00a0(um) artigo cient\u00edfico de at\u00e9 10 p\u00e1ginas, 1 (uma) foto para o concurso de fotos, participa\u00e7\u00e3o em palestras, mesas redondas e sess\u00f5es de pain\u00e9is. Todos os inscritos confirmados ter\u00e3o direito a um Kit [&hellip;]","og_url":"https:\/\/itr.ufrrj.br\/sigabi\/inscricoes\/","og_site_name":"SIGABI - Simp\u00f3sio de Gest\u00e3o Ambiental e Biodiversidade","article_modified_time":"2017-01-09T16:17:38+00:00","og_image":[{"url":"http:\/\/itr.ufrrj.br\/sigabi\/wp-content\/uploads\/2016\/08\/PAGAMENTOS.jpg"}],"twitter_card":"summary_large_image","twitter_misc":{"Est. tempo de leitura":"2 minutos"},"schema":{"@context":"https:\/\/schema.org","@graph":[{"@type":"WebPage","@id":"https:\/\/itr.ufrrj.br\/sigabi\/inscricoes\/","url":"https:\/\/itr.ufrrj.br\/sigabi\/inscricoes\/","name":"Inscri\u00e7\u00f5es 5\u00ba SIGABI - SIGABI - Simp\u00f3sio de Gest\u00e3o Ambiental e Biodiversidade","isPartOf":{"@id":"https:\/\/itr.ufrrj.br\/sigabi\/#website"},"datePublished":"2016-08-01T13:28:15+00:00","dateModified":"2017-01-09T16:17:38+00:00","breadcrumb":{"@id":"https:\/\/itr.ufrrj.br\/sigabi\/inscricoes\/#breadcrumb"},"inLanguage":"pt-BR","potentialAction":[{"@type":"ReadAction","target":["https:\/\/itr.ufrrj.br\/sigabi\/inscricoes\/"]}]},{"@type":"BreadcrumbList","@id":"https:\/\/itr.ufrrj.br\/sigabi\/inscricoes\/#breadcrumb","itemListElement":[{"@type":"ListItem","position":1,"name":"In\u00edcio","item":"https:\/\/itr.ufrrj.br\/sigabi\/"},{"@type":"ListItem","position":2,"name":"Inscri\u00e7\u00f5es 5\u00ba SIGABI"}]},{"@type":"WebSite","@id":"https:\/\/itr.ufrrj.br\/sigabi\/#website","url":"https:\/\/itr.ufrrj.br\/sigabi\/","name":"SIGABI - Simp\u00f3sio de Gest\u00e3o Ambiental e Biodiversidade","description":"Simp\u00f3sio de Gest\u00e3o Ambiental e Biodiversidade","potentialAction":[{"@type":"SearchAction","target":{"@type":"EntryPoint","urlTemplate":"https:\/\/itr.ufrrj.br\/sigabi\/?s={search_term_string}"},"query-input":"required name=search_term_string"}],"inLanguage":"pt-BR"}]}},"_links":{"self":[{"href":"https:\/\/itr.ufrrj.br\/sigabi\/wp-json\/wp\/v2\/pages\/12"}],"collection":[{"href":"https:\/\/itr.ufrrj.br\/sigabi\/wp-json\/wp\/v2\/pages"}],"about":[{"href":"https:\/\/itr.ufrrj.br\/sigabi\/wp-json\/wp\/v2\/types\/page"}],"author":[{"embeddable":true,"href":"https:\/\/itr.ufrrj.br\/sigabi\/wp-json\/wp\/v2\/users\/2"}],"replies":[{"embeddable":true,"href":"https:\/\/itr.ufrrj.br\/sigabi\/wp-json\/wp\/v2\/comments?post=12"}],"version-history":[{"count":6,"href":"https:\/\/itr.ufrrj.br\/sigabi\/wp-json\/wp\/v2\/pages\/12\/revisions"}],"predecessor-version":[{"id":123,"href":"https:\/\/itr.ufrrj.br\/sigabi\/wp-json\/wp\/v2\/pages\/12\/revisions\/123"}],"wp:attachment":[{"href":"https:\/\/itr.ufrrj.br\/sigabi\/wp-json\/wp\/v2\/media?parent=12"}],"curies":[{"name":"wp","href":"https:\/\/api.w.org\/{rel}","templated":true}]}}