{"id":88,"date":"2011-02-28T14:26:11","date_gmt":"2011-02-28T17:26:11","guid":{"rendered":"http:\/\/r1.ufrrj.br\/wp\/itr\/"},"modified":"2019-03-21T11:25:06","modified_gmt":"2019-03-21T14:25:06","slug":"historia","status":"publish","type":"page","link":"https:\/\/itr.ufrrj.br\/portal\/departamentos\/dceex\/historia\/","title":{"rendered":"Hist\u00f3ria"},"content":{"rendered":"<h2><strong>Breve Hist\u00f3rico<\/strong><\/h2>\n<p style=\"text-align: justify;\">O Curso de gradua\u00e7\u00e3o em Ci\u00eancias Econ\u00f4micas de Tr\u00eas Rios faz parte do Departamento de Ci\u00eancias Econ\u00f4micas e Exatas (DCEEx), do Instituo Tr\u00eas Rios (ITR), desta Universidade, e existe desde 1998. Nasceu atrav\u00e9s do processo de interioriza\u00e7\u00e3o da UFRRJ, que, por sua vez, foi ratificado em 2007. Como resultado, o n\u00famero de professores efetivos se alterou significativamente. Em 2008 o DCEEX contava com apenas dois professores em regime de dedica\u00e7\u00e3o exclusiva, em 2009 eram sete, e dever\u00e1 fechar o ano de 2010 com 18 docentes que se dedicam exclusivamente \u00e0s atividades de ensino, pesquisa e extens\u00e3o.<\/p>\n<p style=\"text-align: justify;\">Concomitantemente, uma nova infraestrutura necess\u00e1ria para o bom andamento destas atividades, com salas de aula apropriadas, biblioteca, laborat\u00f3rios, salas de pesquisa, anfiteatro, enfim, com espa\u00e7o f\u00edsico para constru\u00e7\u00e3o de um ambiente acad\u00eamico, est\u00e1 em fase final de acabamento.<\/p>\n<h2 class=\"texto_titulo\"><strong>Inser\u00e7\u00e3o Regional<\/strong><\/h2>\n<p class=\"texto\" style=\"text-align: justify;\">O Curso de Ci\u00eancias Econ\u00f4micas est\u00e1 inserido na regi\u00e3o de governo centro-sul fluminense, que \u00e9 formada pelos munic\u00edpios de Areal, Comendador Levy Gasparian, Engenheiro Paulo de Frontin, Mendes, Miguel Pereira, Para\u00edba do Sul, Paty do Alferes, Sapucaia, Vassouras e Tr\u00eas Rios. Al\u00e9m de ser o centro regional centro-sul fluminense, a cidade de Tr\u00eas Rios est\u00e1 localiza pr\u00f3xima a centros urbanos de m\u00e9dio porte, tais como Volta Redonda, Petr\u00f3polis e Teres\u00f3polis, al\u00e9m da capital do estado. O Curso se orienta para a constru\u00e7\u00e3o de um profissional que consiga, portanto, lidar com quest\u00f5es de cunho nacional, internacional e regional.<\/p>\n<h3><strong><a class=\"texto_titulo_mini\">Mapa 1 \u2013 Regi\u00e3o Centro-Sul Fluminense<\/a><\/strong><\/h3>\n<p><strong><img loading=\"lazy\" decoding=\"async\" src=\"http:\/\/r1.ufrrj.br\/wp\/itr\/wp-content\/uploads\/image\/ITR\/dceex\/reg_centro_sul-flu.png\" alt=\"\" width=\"700\" height=\"475\" align=\"middle\"><\/strong><\/p>\n<p class=\"texto\"><em>Fonte: CIDE (Centro de Informa\u00e7\u00f5es e dados do Rio de Janeiro)<\/em><\/p>\n<h2 class=\"texto_titulo\"><strong>Princ\u00edpios norteadores do Curso<\/strong><\/h2>\n<p class=\"texto\" style=\"text-align: justify;\">A Economia \u00e9, por excel\u00eancia, uma ci\u00eancia humana, socialmente aplicada. Em sendo assim, o Curso de gradua\u00e7\u00e3o em Ci\u00eancias Econ\u00f4micas tem como objetivo a forma\u00e7\u00e3o s\u00f3lida de um profissional com capacidade de a\u00e7\u00f5es pr\u00e1ticas, reflex\u00f5es te\u00f3ricas e formula\u00e7\u00f5es program\u00e1ticas, tanto no setor p\u00fablico quanto no setor privado. Este \u00e9 o principio b\u00e1sico que norteia o curso de gradua\u00e7\u00e3o em Ci\u00eancias Econ\u00f4micas do Departamento de Ci\u00eancias Econ\u00f4micas e Exatas (DCEEX). Para cumprir os objetivos propostos, o Curso se desenvolve sob os seguintes par\u00e2metros:<br \/>\na) o est\u00edmulo ao pensamento cr\u00edtico, a \u00e9tica e ao desenvolvimento de a\u00e7\u00f5es que vislumbrem a dissemina\u00e7\u00e3o do conhecimento e a melhoria da sociedade como um todo;<br \/>\nb) a articula\u00e7\u00e3o entre as disciplinas, entre os diversos saberes e as demais atividades curriculares, que repudie a forma\u00e7\u00e3o estanque e fragmentada e que privilegie as articula\u00e7\u00f5es entre as diferentes atividades acad\u00eamicas;<br \/>\nc) a constru\u00e7\u00e3o do conhecimento baseada no rigoroso trato te\u00f3rico-pr\u00e1tico, hist\u00f3rico e metodol\u00f3gico;<br \/>\nd) a constru\u00e7\u00e3o e desenvolvimento de avalia\u00e7\u00f5es qualitativas consoantes com o perfil pretendido do formando.<br \/>\nAdemais, procura-se, ao desenvolver as potencialidades da academia, vincular o ensino, a pesquisa e a extens\u00e3o a necessidade de interpreta\u00e7\u00e3o da realidade concreta, bem como as associa\u00e7\u00f5es entre o local, o regional, o nacional e o internacional. Paralelamente, n\u00e3o se deve perder de vista as associa\u00e7\u00f5es existentes entre as quest\u00f5es econ\u00f4micas com aquelas de outras ordens, como pol\u00edtica, social e cultural, percebendo as ci\u00eancias econ\u00f4micas como inseridas na grande \u00e1rea das Ci\u00eancias Humanas e Sociais.<\/p>\n<h2 class=\"texto_titulo\" style=\"text-align: justify;\"><strong>\u00c1rea de atua\u00e7\u00e3o do Economista<\/strong><\/h2>\n<p style=\"text-align: justify;\">De acordo com a Resolu\u00e7\u00e3o do Conselho Nacional de Educa\u00e7\u00e3o, inserem-se entre as atividades inerentes a profiss\u00e3o do economista:<br \/>\na) assessoria, consultoria e pesquisa econ\u00f4mico-financeira;<br \/>\nb) estudo de mercado e de viabilidade econ\u00f4mico-financeira;<br \/>\nc) an\u00e1lise e elabora\u00e7\u00e3o de cen\u00e1rios econ\u00f4micos, planejamento estrat\u00e9gico nas \u00e1reas social, econ\u00f4mica e financeira;<br \/>\nd) estudo e an\u00e1lise de mercado financeiro e de capitais e derivativos;<br \/>\ne) estudo de viabilidade e de mercado relacionado a economia da tecnologia, do conhecimento e da informa\u00e7\u00e3o, da cultura e do turismo;<br \/>\nf) produ\u00e7\u00e3o e an\u00e1lise de informa\u00e7\u00f5es estat\u00edsticas de natureza econ\u00f4mica e financeira, incluindo contas nacionais e \u00edndices de pre\u00e7os;<br \/>\ng) planejamento, formula\u00e7\u00e3o, implementa\u00e7\u00e3o, acompanhamento e avalia\u00e7\u00e3o econ\u00f4mico-financeira de pol\u00edtica tribut\u00e1ria e finan\u00e7as p\u00fablicas;<br \/>\nh) assessoria, consultoria, formula\u00e7\u00e3o, an\u00e1lise e implementa\u00e7\u00e3o de pol\u00edtica econ\u00f4mica, fiscal, monet\u00e1ria, cambial e credit\u00edcia;<br \/>\ni) planejamento, formula\u00e7\u00e3o, implementa\u00e7\u00e3o, acompanhamento e avalia\u00e7\u00e3o de planos, programas, projetos de natureza econ\u00f4mico-financeira;<br \/>\nj) avalia\u00e7\u00e3o patrimonial econ\u00f4mico-financeira de empresas e avalia\u00e7\u00e3o econ\u00f4mica de bens intang\u00edveis;<br \/>\nk) per\u00edcia judicial e extrajudicial e assist\u00eancia t\u00e9cnica, media\u00e7\u00e3o e arbitragem, em mat\u00e9ria de natureza econ\u00f4mico-financeira, incluindo c\u00e1lculos de liquida\u00e7\u00e3o;<br \/>\nl) an\u00e1lise financeira de investimentos;<br \/>\nm) estudo e an\u00e1lise para elabora\u00e7\u00e3o de or\u00e7amentos p\u00fablicos e privados e avalia\u00e7\u00e3o de seus resultados;<br \/>\nn) estudos de mercado, de viabilidade e de impacto econ\u00f4mico-social relacionados ao meio ambiente, a ecologia, ao desenvolvimento sustent\u00e1vel e aos recursos naturais;<br \/>\no) auditoria e fiscaliza\u00e7\u00e3o de natureza econ\u00f4mico-financeira;<br \/>\np) formula\u00e7\u00e3o, an\u00e1lise e implementa\u00e7\u00e3o de estrat\u00e9gias empresariais e concorrenciais;<br \/>\nq) economia e finan\u00e7as internacionais, rela\u00e7\u00f5es econ\u00f4micas internacionais, aduanas; e com\u00e9rcio exterior;<br \/>\nr) certifica\u00e7\u00e3o de renda de pessoas f\u00edsicas e jur\u00eddicas e consultoria em finan\u00e7as pessoais;<br \/>\ns) regula\u00e7\u00e3o de servi\u00e7os p\u00fablicos e defesa da concorr\u00eancia;<br \/>\nt) estudos e c\u00e1lculos atuariais nos \u00e2mbitos previdenci\u00e1rio e de seguros.<\/p>\n<h2 class=\"texto_titulo\"><strong>Estrutura Curricular<\/strong><\/h2>\n<p style=\"text-align: justify;\">A estrutura curricular do Curso de Ci\u00eancias Econ\u00f4micas, materializada pela seq\u00fc\u00eancia de disciplinas e de atividades previstas, enseja a constru\u00e7\u00e3o de um conjunto de compet\u00eancias e habilidades segundo o perfil profissional desejado. Em conson\u00e2ncia com as Diretrizes Curriculares (Resolu\u00e7\u00e3o n\u00ba 4 de 13\/07\/2007), buscou-se configurar uma matriz curricular que englobe \u201cconte\u00fados que revelem inter-rela\u00e7\u00f5es com a realidade nacional e internacional, segundo uma perspectiva hist\u00f3rica e contextualizada dos diferentes fen\u00f4menos relacionados com a economia, utilizando tecnologias inovadoras\u201d. Esta estrutura dever\u00e1 dar destaque ao desenvolvimento integrado das atividades de ensino, pesquisa e extens\u00e3o ao longo do Curso, realizadas tanto pelos alunos quanto pelo corpo docente.<\/p>\n<p style=\"text-align: justify;\">A organiza\u00e7\u00e3o curricular do Curso, que representa a melhor forma do estudante concluir o curso na dura\u00e7\u00e3o prevista, estabelece a seq\u00fc\u00eancia de disciplinas e atividades ordenadas por matr\u00edculas semestrais. A seria\u00e7\u00e3o recomendada do conjunto de disciplinas est\u00e1 ordenada por meio de uma cadeia de pr\u00e9-requisitos que podem envolver a exig\u00eancia do conte\u00fado de disciplinas cursadas anteriormente. As disciplinas oferecidas na estrutura curricular est\u00e3o divididas entre disciplinas obrigat\u00f3rias optativas. Conjunto este que dever\u00e1 ser cumprido pelos estudantes para a obten\u00e7\u00e3o do diploma de Bacharel em Ci\u00eancias Econ\u00f4micas.<\/p>\n<p style=\"text-align: justify;\">A estrutura pol\u00edtico pedag\u00f3gica do Curso, em processo de implementa\u00e7\u00e3o, est\u00e1 em conformidade com as Diretrizes Curriculares que definem que, no m\u00ednimo de 50% da carga hor\u00e1ria do curso, ou 1500 horas, contemple os conte\u00fados das disciplinas em:<\/p>\n<p>a) Forma\u00e7\u00e3o geral;<br \/>\nb) Te\u00f3rico-quantitativa;<br \/>\nc) Hist\u00f3ria;<br \/>\nd) Te\u00f3rico-pr\u00e1ticos.<\/p>\n<p>A carga hor\u00e1ria total do curso \u00e9 de 3020 h\/a, distribu\u00eddas da seguinte forma, conforme pode ser observado na tabela abaixo:<br \/>\n\u2022 Disciplinas Obrigat\u00f3rias: 2130 h\/a, correspondentes a 34 disciplinas de 60 h\/a e tr\u00eas de 30 h\/a;<br \/>\n\u2022 Disciplinas Optativas: 360 h\/a, correspondentes a 6 disciplinas de 60 h\/a;<br \/>\n\u2022 Atividades Acad\u00eamicas (AAs): 330 h\/a;<br \/>\n\u2022 Atividades Complementares (ACs): 200 h\/a.<\/p>\n<h2 class=\"texto_titulo\"><strong>Forma de ingresso e regime de integraliza\u00e7\u00e3o<\/strong><\/h2>\n<p style=\"text-align: justify;\">O ingresso no Curso ocorre por meio do Exame Nacional do Ensino M\u00e9dio &#8211; ENEM. S\u00e3o oferecidas anualmente 40 vagas no per\u00edodo noturno e o DCEEX se prepara para a cria\u00e7\u00e3o de um curso em tempo integral, tamb\u00e9m em Ci\u00eancias Econ\u00f4micas, para os pr\u00f3ximos anos.<\/p>\n<p style=\"text-align: justify;\">O regime escolar seguido no curso \u00e9 o de cr\u00e9ditos, adotado pela UFRRJ. Cada cr\u00e9dito corresponde a 15 horas semestrais de aula ou atividade acad\u00eamica cumprida com regularidade ao longo de um semestre letivo inteiro. Desta forma, uma disciplina de quatro cr\u00e9ditos representa para o aluno aprovado a integraliza\u00e7\u00e3o de 60 horas no curso. A garantia de adequa\u00e7\u00e3o de uma seria\u00e7\u00e3o l\u00f3gica e pertinente ao projeto pedag\u00f3gico \u00e9 assegurada atrav\u00e9s do mecanismo de pr\u00e9-requisitos.<\/p>\n<p style=\"text-align: justify;\">Para obter o diploma de Bacharel em Ci\u00eancias Econ\u00f4micas o aluno ter\u00e1 que cumprir uma carga hor\u00e1ria total de 3.020 horas, divididas da seguinte forma: i) ser aprovado nas disciplinas obrigat\u00f3rias do curso, incluindo o Trabalho de Conclus\u00e3o de Curso (totalizando 2.460 horas); ii) comprovar participa\u00e7\u00e3o em 200 horas de atividades complementares; ii) ser aprovado nas disciplinas optativas, totalizando 420 horas. O Curso est\u00e1 projetado para uma integraliza\u00e7\u00e3o em nove semestres. A extens\u00e3o m\u00e1xima correspondente a cada turno de ingresso \u00e9 de dezesseis. O prazo esperado para integraliza\u00e7\u00e3o do curso \u00e9 de 9 semestres, podendo ser conclu\u00eddo no m\u00ednimo em 8 semestres, e, no m\u00e1ximo, 16 semestres.<\/p>\n","protected":false},"excerpt":{"rendered":"<p>Breve Hist\u00f3rico O Curso de gradua\u00e7\u00e3o em Ci\u00eancias Econ\u00f4micas de Tr\u00eas Rios faz parte do Departamento de Ci\u00eancias Econ\u00f4micas e Exatas (DCEEx), do Instituo Tr\u00eas Rios (ITR), desta Universidade, e [&hellip;]<\/p>\n","protected":false},"author":1,"featured_media":0,"parent":31,"menu_order":0,"comment_status":"open","ping_status":"open","template":"page-cursos.php","meta":{"_acf_changed":false,"editor_plus_copied_stylings":"{}","footnotes":""},"class_list":["post-88","page","type-page","status-publish","hentry"],"acf":[],"yoast_head":"<!-- This site is optimized with the Yoast SEO plugin v27.4 - https:\/\/yoast.com\/product\/yoast-seo-wordpress\/ -->\n<title>Hist\u00f3ria - Campus Tr\u00eas Rios | UFRRJ<\/title>\n<meta name=\"robots\" content=\"index, follow, max-snippet:-1, max-image-preview:large, max-video-preview:-1\" \/>\n<link rel=\"canonical\" href=\"https:\/\/itr.ufrrj.br\/portal\/departamentos\/dceex\/historia\/\" \/>\n<meta property=\"og:locale\" content=\"pt_BR\" \/>\n<meta property=\"og:type\" content=\"article\" \/>\n<meta property=\"og:title\" content=\"Hist\u00f3ria - Campus Tr\u00eas Rios | UFRRJ\" \/>\n<meta property=\"og:description\" content=\"Breve Hist\u00f3rico O Curso de gradua\u00e7\u00e3o em Ci\u00eancias Econ\u00f4micas de Tr\u00eas Rios faz parte do Departamento de Ci\u00eancias Econ\u00f4micas e Exatas (DCEEx), do Instituo Tr\u00eas Rios (ITR), desta Universidade, e [&hellip;]\" \/>\n<meta property=\"og:url\" content=\"https:\/\/itr.ufrrj.br\/portal\/departamentos\/dceex\/historia\/\" \/>\n<meta property=\"og:site_name\" content=\"Campus Tr\u00eas Rios | UFRRJ\" \/>\n<meta property=\"article:publisher\" content=\"https:\/\/www.facebook.com\/itr.ufrrj\" \/>\n<meta property=\"article:modified_time\" content=\"2019-03-21T14:25:06+00:00\" \/>\n<meta property=\"og:image\" content=\"http:\/\/r1.ufrrj.br\/wp\/itr\/wp-content\/uploads\/image\/ITR\/dceex\/reg_centro_sul-flu.png\" \/>\n<meta name=\"twitter:card\" content=\"summary_large_image\" \/>\n<meta name=\"twitter:label1\" content=\"Est. tempo de leitura\" \/>\n\t<meta name=\"twitter:data1\" content=\"8 minutos\" \/>\n<script type=\"application\/ld+json\" class=\"yoast-schema-graph\">{\"@context\":\"https:\\\/\\\/schema.org\",\"@graph\":[{\"@type\":\"WebPage\",\"@id\":\"https:\\\/\\\/itr.ufrrj.br\\\/portal\\\/departamentos\\\/dceex\\\/historia\\\/\",\"url\":\"https:\\\/\\\/itr.ufrrj.br\\\/portal\\\/departamentos\\\/dceex\\\/historia\\\/\",\"name\":\"Hist\u00f3ria - Campus Tr\u00eas Rios | UFRRJ\",\"isPartOf\":{\"@id\":\"https:\\\/\\\/itr.ufrrj.br\\\/portal\\\/#website\"},\"primaryImageOfPage\":{\"@id\":\"https:\\\/\\\/itr.ufrrj.br\\\/portal\\\/departamentos\\\/dceex\\\/historia\\\/#primaryimage\"},\"image\":{\"@id\":\"https:\\\/\\\/itr.ufrrj.br\\\/portal\\\/departamentos\\\/dceex\\\/historia\\\/#primaryimage\"},\"thumbnailUrl\":\"http:\\\/\\\/r1.ufrrj.br\\\/wp\\\/itr\\\/wp-content\\\/uploads\\\/image\\\/ITR\\\/dceex\\\/reg_centro_sul-flu.png\",\"datePublished\":\"2011-02-28T17:26:11+00:00\",\"dateModified\":\"2019-03-21T14:25:06+00:00\",\"breadcrumb\":{\"@id\":\"https:\\\/\\\/itr.ufrrj.br\\\/portal\\\/departamentos\\\/dceex\\\/historia\\\/#breadcrumb\"},\"inLanguage\":\"pt-BR\",\"potentialAction\":[{\"@type\":\"ReadAction\",\"target\":[\"https:\\\/\\\/itr.ufrrj.br\\\/portal\\\/departamentos\\\/dceex\\\/historia\\\/\"]}]},{\"@type\":\"ImageObject\",\"inLanguage\":\"pt-BR\",\"@id\":\"https:\\\/\\\/itr.ufrrj.br\\\/portal\\\/departamentos\\\/dceex\\\/historia\\\/#primaryimage\",\"url\":\"http:\\\/\\\/r1.ufrrj.br\\\/wp\\\/itr\\\/wp-content\\\/uploads\\\/image\\\/ITR\\\/dceex\\\/reg_centro_sul-flu.png\",\"contentUrl\":\"http:\\\/\\\/r1.ufrrj.br\\\/wp\\\/itr\\\/wp-content\\\/uploads\\\/image\\\/ITR\\\/dceex\\\/reg_centro_sul-flu.png\"},{\"@type\":\"BreadcrumbList\",\"@id\":\"https:\\\/\\\/itr.ufrrj.br\\\/portal\\\/departamentos\\\/dceex\\\/historia\\\/#breadcrumb\",\"itemListElement\":[{\"@type\":\"ListItem\",\"position\":1,\"name\":\"In\u00edcio\",\"item\":\"https:\\\/\\\/itr.ufrrj.br\\\/portal\\\/\"},{\"@type\":\"ListItem\",\"position\":2,\"name\":\"Departamentos\",\"item\":\"https:\\\/\\\/itr.ufrrj.br\\\/portal\\\/departamentos\\\/\"},{\"@type\":\"ListItem\",\"position\":3,\"name\":\"DCEEx\",\"item\":\"https:\\\/\\\/itr.ufrrj.br\\\/portal\\\/departamentos\\\/dceex\\\/\"},{\"@type\":\"ListItem\",\"position\":4,\"name\":\"Hist\u00f3ria\"}]},{\"@type\":\"WebSite\",\"@id\":\"https:\\\/\\\/itr.ufrrj.br\\\/portal\\\/#website\",\"url\":\"https:\\\/\\\/itr.ufrrj.br\\\/portal\\\/\",\"name\":\"Campus Tr\u00eas Rios | UFRRJ\",\"description\":\"Localizado na cidade de Tr\u00eas Rios - RJ\",\"publisher\":{\"@id\":\"https:\\\/\\\/itr.ufrrj.br\\\/portal\\\/#organization\"},\"potentialAction\":[{\"@type\":\"SearchAction\",\"target\":{\"@type\":\"EntryPoint\",\"urlTemplate\":\"https:\\\/\\\/itr.ufrrj.br\\\/portal\\\/?s={search_term_string}\"},\"query-input\":{\"@type\":\"PropertyValueSpecification\",\"valueRequired\":true,\"valueName\":\"search_term_string\"}}],\"inLanguage\":\"pt-BR\"},{\"@type\":\"Organization\",\"@id\":\"https:\\\/\\\/itr.ufrrj.br\\\/portal\\\/#organization\",\"name\":\"Instituto Tr\u00eas Rios\\\/UFRRJ\",\"url\":\"https:\\\/\\\/itr.ufrrj.br\\\/portal\\\/\",\"logo\":{\"@type\":\"ImageObject\",\"inLanguage\":\"pt-BR\",\"@id\":\"https:\\\/\\\/itr.ufrrj.br\\\/portal\\\/#\\\/schema\\\/logo\\\/image\\\/\",\"url\":\"https:\\\/\\\/itr.ufrrj.br\\\/portal\\\/wp-content\\\/uploads\\\/2020\\\/04\\\/logo-institutotresrios-ufrrj.png\",\"contentUrl\":\"https:\\\/\\\/itr.ufrrj.br\\\/portal\\\/wp-content\\\/uploads\\\/2020\\\/04\\\/logo-institutotresrios-ufrrj.png\",\"width\":1067,\"height\":240,\"caption\":\"Instituto Tr\u00eas Rios\\\/UFRRJ\"},\"image\":{\"@id\":\"https:\\\/\\\/itr.ufrrj.br\\\/portal\\\/#\\\/schema\\\/logo\\\/image\\\/\"},\"sameAs\":[\"https:\\\/\\\/www.facebook.com\\\/itr.ufrrj\"]}]}<\/script>\n<!-- \/ Yoast SEO plugin. -->","yoast_head_json":{"title":"Hist\u00f3ria - Campus Tr\u00eas Rios | UFRRJ","robots":{"index":"index","follow":"follow","max-snippet":"max-snippet:-1","max-image-preview":"max-image-preview:large","max-video-preview":"max-video-preview:-1"},"canonical":"https:\/\/itr.ufrrj.br\/portal\/departamentos\/dceex\/historia\/","og_locale":"pt_BR","og_type":"article","og_title":"Hist\u00f3ria - Campus Tr\u00eas Rios | UFRRJ","og_description":"Breve Hist\u00f3rico O Curso de gradua\u00e7\u00e3o em Ci\u00eancias Econ\u00f4micas de Tr\u00eas Rios faz parte do Departamento de Ci\u00eancias Econ\u00f4micas e Exatas (DCEEx), do Instituo Tr\u00eas Rios (ITR), desta Universidade, e [&hellip;]","og_url":"https:\/\/itr.ufrrj.br\/portal\/departamentos\/dceex\/historia\/","og_site_name":"Campus Tr\u00eas Rios | UFRRJ","article_publisher":"https:\/\/www.facebook.com\/itr.ufrrj","article_modified_time":"2019-03-21T14:25:06+00:00","og_image":[{"url":"http:\/\/r1.ufrrj.br\/wp\/itr\/wp-content\/uploads\/image\/ITR\/dceex\/reg_centro_sul-flu.png","type":"","width":"","height":""}],"twitter_card":"summary_large_image","twitter_misc":{"Est. tempo de leitura":"8 minutos"},"schema":{"@context":"https:\/\/schema.org","@graph":[{"@type":"WebPage","@id":"https:\/\/itr.ufrrj.br\/portal\/departamentos\/dceex\/historia\/","url":"https:\/\/itr.ufrrj.br\/portal\/departamentos\/dceex\/historia\/","name":"Hist\u00f3ria - Campus Tr\u00eas Rios | UFRRJ","isPartOf":{"@id":"https:\/\/itr.ufrrj.br\/portal\/#website"},"primaryImageOfPage":{"@id":"https:\/\/itr.ufrrj.br\/portal\/departamentos\/dceex\/historia\/#primaryimage"},"image":{"@id":"https:\/\/itr.ufrrj.br\/portal\/departamentos\/dceex\/historia\/#primaryimage"},"thumbnailUrl":"http:\/\/r1.ufrrj.br\/wp\/itr\/wp-content\/uploads\/image\/ITR\/dceex\/reg_centro_sul-flu.png","datePublished":"2011-02-28T17:26:11+00:00","dateModified":"2019-03-21T14:25:06+00:00","breadcrumb":{"@id":"https:\/\/itr.ufrrj.br\/portal\/departamentos\/dceex\/historia\/#breadcrumb"},"inLanguage":"pt-BR","potentialAction":[{"@type":"ReadAction","target":["https:\/\/itr.ufrrj.br\/portal\/departamentos\/dceex\/historia\/"]}]},{"@type":"ImageObject","inLanguage":"pt-BR","@id":"https:\/\/itr.ufrrj.br\/portal\/departamentos\/dceex\/historia\/#primaryimage","url":"http:\/\/r1.ufrrj.br\/wp\/itr\/wp-content\/uploads\/image\/ITR\/dceex\/reg_centro_sul-flu.png","contentUrl":"http:\/\/r1.ufrrj.br\/wp\/itr\/wp-content\/uploads\/image\/ITR\/dceex\/reg_centro_sul-flu.png"},{"@type":"BreadcrumbList","@id":"https:\/\/itr.ufrrj.br\/portal\/departamentos\/dceex\/historia\/#breadcrumb","itemListElement":[{"@type":"ListItem","position":1,"name":"In\u00edcio","item":"https:\/\/itr.ufrrj.br\/portal\/"},{"@type":"ListItem","position":2,"name":"Departamentos","item":"https:\/\/itr.ufrrj.br\/portal\/departamentos\/"},{"@type":"ListItem","position":3,"name":"DCEEx","item":"https:\/\/itr.ufrrj.br\/portal\/departamentos\/dceex\/"},{"@type":"ListItem","position":4,"name":"Hist\u00f3ria"}]},{"@type":"WebSite","@id":"https:\/\/itr.ufrrj.br\/portal\/#website","url":"https:\/\/itr.ufrrj.br\/portal\/","name":"Campus Tr\u00eas Rios | UFRRJ","description":"Localizado na cidade de Tr\u00eas Rios - RJ","publisher":{"@id":"https:\/\/itr.ufrrj.br\/portal\/#organization"},"potentialAction":[{"@type":"SearchAction","target":{"@type":"EntryPoint","urlTemplate":"https:\/\/itr.ufrrj.br\/portal\/?s={search_term_string}"},"query-input":{"@type":"PropertyValueSpecification","valueRequired":true,"valueName":"search_term_string"}}],"inLanguage":"pt-BR"},{"@type":"Organization","@id":"https:\/\/itr.ufrrj.br\/portal\/#organization","name":"Instituto Tr\u00eas Rios\/UFRRJ","url":"https:\/\/itr.ufrrj.br\/portal\/","logo":{"@type":"ImageObject","inLanguage":"pt-BR","@id":"https:\/\/itr.ufrrj.br\/portal\/#\/schema\/logo\/image\/","url":"https:\/\/itr.ufrrj.br\/portal\/wp-content\/uploads\/2020\/04\/logo-institutotresrios-ufrrj.png","contentUrl":"https:\/\/itr.ufrrj.br\/portal\/wp-content\/uploads\/2020\/04\/logo-institutotresrios-ufrrj.png","width":1067,"height":240,"caption":"Instituto Tr\u00eas Rios\/UFRRJ"},"image":{"@id":"https:\/\/itr.ufrrj.br\/portal\/#\/schema\/logo\/image\/"},"sameAs":["https:\/\/www.facebook.com\/itr.ufrrj"]}]}},"jetpack_sharing_enabled":true,"amp_enabled":false,"_links":{"self":[{"href":"https:\/\/itr.ufrrj.br\/portal\/wp-json\/wp\/v2\/pages\/88","targetHints":{"allow":["GET"]}}],"collection":[{"href":"https:\/\/itr.ufrrj.br\/portal\/wp-json\/wp\/v2\/pages"}],"about":[{"href":"https:\/\/itr.ufrrj.br\/portal\/wp-json\/wp\/v2\/types\/page"}],"author":[{"embeddable":true,"href":"https:\/\/itr.ufrrj.br\/portal\/wp-json\/wp\/v2\/users\/1"}],"replies":[{"embeddable":true,"href":"https:\/\/itr.ufrrj.br\/portal\/wp-json\/wp\/v2\/comments?post=88"}],"version-history":[{"count":12,"href":"https:\/\/itr.ufrrj.br\/portal\/wp-json\/wp\/v2\/pages\/88\/revisions"}],"predecessor-version":[{"id":9083,"href":"https:\/\/itr.ufrrj.br\/portal\/wp-json\/wp\/v2\/pages\/88\/revisions\/9083"}],"up":[{"embeddable":true,"href":"https:\/\/itr.ufrrj.br\/portal\/wp-json\/wp\/v2\/pages\/31"}],"wp:attachment":[{"href":"https:\/\/itr.ufrrj.br\/portal\/wp-json\/wp\/v2\/media?parent=88"}],"curies":[{"name":"wp","href":"https:\/\/api.w.org\/{rel}","templated":true}]}}