{"id":8718,"date":"2018-10-30T10:08:31","date_gmt":"2018-10-30T13:08:31","guid":{"rendered":"https:\/\/itr.ufrrj.br\/portal\/?page_id=8718"},"modified":"2019-03-20T15:30:11","modified_gmt":"2019-03-20T18:30:11","slug":"projeto-visitas-orientadas","status":"publish","type":"page","link":"https:\/\/itr.ufrrj.br\/portal\/npj\/projeto-visitas-orientadas\/","title":{"rendered":"Projeto &#8220;Visitas Orientadas&#8221;"},"content":{"rendered":"<p style=\"text-align: justify;\">O Projeto Visitas Orientadas foi criado em 2013 no \u00e2mbito do N\u00facleo de Pr\u00e1tica Jur\u00eddica do Curso de Direito do Campus Tr\u00eas Rios da Universidade Federal Rural do Rio de Janeiro. O objetivo \u00e9 proporcionar aos alunos matriculados nas disciplinas de \u201cPr\u00e1tica Simulada e Est\u00e1gio Supervisionado\u201d experi\u00eancias jur\u00eddicas emp\u00edricas junto ao Tribunal de Justi\u00e7a do Estado do Rio de Janeiro, ao Tribunal Regional Federal da 2\u00aa Regi\u00e3o e aos Tribunais Superiores \u2013 Superior Tribunal de Justi\u00e7a e Supremo Tribunal Federal.<\/p>\n<p style=\"text-align: justify;\">As visitas proporcionam, ainda, aos alunos-estagi\u00e1rios conhecer as estruturas f\u00edsicas e administrativas desses principais Tribunais, de forma que possam ter contato com o exerc\u00edcio da pr\u00e1tica jur\u00eddica, vivenciar a rotina burocr\u00e1tica desses \u00f3rg\u00e3os do Poder Judici\u00e1rio, bem como, assistir sess\u00f5es de julgamento nesses tribunais depreendendo seus ritos protocolares regulares.<\/p>\n<p style=\"text-align: justify;\">Outro objetivo do Projeto \u00e9 proporcionar aos alunos-estagi\u00e1rios o conhecimento pr\u00e1tico e conceitual do desenvolvimento hist\u00f3rico do Poder Judici\u00e1rio atrav\u00e9s da visita\u00e7\u00e3o de Centros Culturais e Museus do Poder Judici\u00e1rio.<\/p>\n<p style=\"text-align: justify;\">Em resumo, o projeto visa complementar a experi\u00eancia pr\u00e1tico-jur\u00eddica dos alunos-estagi\u00e1rios nas disciplinas de Pr\u00e1tica Jur\u00eddica, proporcionando aos discentes uma viv\u00eancia real, rica e mais ampla poss\u00edvel.<\/p>\n<h2 style=\"text-align: justify;\">Respons\u00e1veis pelo Projeto<\/h2>\n<p style=\"text-align: justify;\"><strong>Professores:<\/strong><\/p>\n<p style=\"text-align: justify;\">\u00c9rica Guerra da Silva<br \/>\nRulian Emmerick<br \/>\nKlever Paulo Leal Filpo<\/p>\n<h2><\/h2>\n<p>&nbsp;<\/p>\n\r\n    <div style=\"max-width:500px;\">        \r\n    <video id=\"plyr69e2df831c2e6\" controls class=\"easy-video-player\">\r\n       <source src=\"https:\/\/itr.ufrrj.br\/videos\/projetovisitasorientadas.mp4\" type=\"video\/mp4\" \/>\r\n    <\/video>\r\n    <\/div>    <script>\r\n        const evplayerplyr69e2df831c2e6 = new Plyr(document.getElementById('plyr69e2df831c2e6'));\r\n        evplayerplyr69e2df831c2e6.ratio = '0.75';\r\n        evplayerplyr69e2df831c2e6.iconUrl = 'https:\/\/itr.ufrrj.br\/portal\/wp-content\/plugins\/easy-video-player\/lib\/plyr.svg';\r\n        evplayerplyr69e2df831c2e6.blankVideo = 'https:\/\/itr.ufrrj.br\/portal\/wp-content\/plugins\/easy-video-player\/lib\/blank.mp4';  \r\n    <\/script>\n","protected":false},"excerpt":{"rendered":"<p>O Projeto Visitas Orientadas foi criado em 2013 no \u00e2mbito do N\u00facleo de Pr\u00e1tica Jur\u00eddica do Curso de Direito do Campus Tr\u00eas Rios da Universidade Federal Rural do Rio de [&hellip;]<\/p>\n","protected":false},"author":4,"featured_media":0,"parent":8200,"menu_order":0,"comment_status":"closed","ping_status":"closed","template":"page-cursos.php","meta":{"_acf_changed":false,"editor_plus_copied_stylings":"{}","footnotes":""},"class_list":["post-8718","page","type-page","status-publish","hentry"],"acf":[],"yoast_head":"<!-- This site is optimized with the Yoast SEO plugin v27.4 - https:\/\/yoast.com\/product\/yoast-seo-wordpress\/ -->\n<title>Projeto &quot;Visitas Orientadas&quot; - Campus Tr\u00eas Rios | UFRRJ<\/title>\n<meta name=\"robots\" content=\"index, follow, max-snippet:-1, max-image-preview:large, max-video-preview:-1\" \/>\n<link rel=\"canonical\" href=\"https:\/\/itr.ufrrj.br\/portal\/npj\/projeto-visitas-orientadas\/\" \/>\n<meta property=\"og:locale\" content=\"pt_BR\" \/>\n<meta property=\"og:type\" content=\"article\" \/>\n<meta property=\"og:title\" content=\"Projeto &quot;Visitas Orientadas&quot; - Campus Tr\u00eas Rios | UFRRJ\" \/>\n<meta property=\"og:description\" content=\"O Projeto Visitas Orientadas foi criado em 2013 no \u00e2mbito do N\u00facleo de Pr\u00e1tica Jur\u00eddica do Curso de Direito do Campus Tr\u00eas Rios da Universidade Federal Rural do Rio de [&hellip;]\" \/>\n<meta property=\"og:url\" content=\"https:\/\/itr.ufrrj.br\/portal\/npj\/projeto-visitas-orientadas\/\" \/>\n<meta property=\"og:site_name\" content=\"Campus Tr\u00eas Rios | UFRRJ\" \/>\n<meta property=\"article:publisher\" content=\"https:\/\/www.facebook.com\/itr.ufrrj\" \/>\n<meta property=\"article:modified_time\" content=\"2019-03-20T18:30:11+00:00\" \/>\n<meta name=\"twitter:card\" content=\"summary_large_image\" \/>\n<meta name=\"twitter:label1\" content=\"Est. tempo de leitura\" \/>\n\t<meta name=\"twitter:data1\" content=\"1 minuto\" \/>\n<script type=\"application\/ld+json\" class=\"yoast-schema-graph\">{\"@context\":\"https:\\\/\\\/schema.org\",\"@graph\":[{\"@type\":\"WebPage\",\"@id\":\"https:\\\/\\\/itr.ufrrj.br\\\/portal\\\/npj\\\/projeto-visitas-orientadas\\\/\",\"url\":\"https:\\\/\\\/itr.ufrrj.br\\\/portal\\\/npj\\\/projeto-visitas-orientadas\\\/\",\"name\":\"Projeto \\\"Visitas Orientadas\\\" - Campus Tr\u00eas Rios | UFRRJ\",\"isPartOf\":{\"@id\":\"https:\\\/\\\/itr.ufrrj.br\\\/portal\\\/#website\"},\"datePublished\":\"2018-10-30T13:08:31+00:00\",\"dateModified\":\"2019-03-20T18:30:11+00:00\",\"breadcrumb\":{\"@id\":\"https:\\\/\\\/itr.ufrrj.br\\\/portal\\\/npj\\\/projeto-visitas-orientadas\\\/#breadcrumb\"},\"inLanguage\":\"pt-BR\",\"potentialAction\":[{\"@type\":\"ReadAction\",\"target\":[\"https:\\\/\\\/itr.ufrrj.br\\\/portal\\\/npj\\\/projeto-visitas-orientadas\\\/\"]}]},{\"@type\":\"BreadcrumbList\",\"@id\":\"https:\\\/\\\/itr.ufrrj.br\\\/portal\\\/npj\\\/projeto-visitas-orientadas\\\/#breadcrumb\",\"itemListElement\":[{\"@type\":\"ListItem\",\"position\":1,\"name\":\"In\u00edcio\",\"item\":\"https:\\\/\\\/itr.ufrrj.br\\\/portal\\\/\"},{\"@type\":\"ListItem\",\"position\":2,\"name\":\"NPJ &#8211; N\u00facleo de Pr\u00e1tica Jur\u00eddica\",\"item\":\"https:\\\/\\\/itr.ufrrj.br\\\/portal\\\/npj\\\/\"},{\"@type\":\"ListItem\",\"position\":3,\"name\":\"Projeto &#8220;Visitas Orientadas&#8221;\"}]},{\"@type\":\"WebSite\",\"@id\":\"https:\\\/\\\/itr.ufrrj.br\\\/portal\\\/#website\",\"url\":\"https:\\\/\\\/itr.ufrrj.br\\\/portal\\\/\",\"name\":\"Campus Tr\u00eas Rios | UFRRJ\",\"description\":\"Localizado na cidade de Tr\u00eas Rios - RJ\",\"publisher\":{\"@id\":\"https:\\\/\\\/itr.ufrrj.br\\\/portal\\\/#organization\"},\"potentialAction\":[{\"@type\":\"SearchAction\",\"target\":{\"@type\":\"EntryPoint\",\"urlTemplate\":\"https:\\\/\\\/itr.ufrrj.br\\\/portal\\\/?s={search_term_string}\"},\"query-input\":{\"@type\":\"PropertyValueSpecification\",\"valueRequired\":true,\"valueName\":\"search_term_string\"}}],\"inLanguage\":\"pt-BR\"},{\"@type\":\"Organization\",\"@id\":\"https:\\\/\\\/itr.ufrrj.br\\\/portal\\\/#organization\",\"name\":\"Instituto Tr\u00eas Rios\\\/UFRRJ\",\"url\":\"https:\\\/\\\/itr.ufrrj.br\\\/portal\\\/\",\"logo\":{\"@type\":\"ImageObject\",\"inLanguage\":\"pt-BR\",\"@id\":\"https:\\\/\\\/itr.ufrrj.br\\\/portal\\\/#\\\/schema\\\/logo\\\/image\\\/\",\"url\":\"https:\\\/\\\/itr.ufrrj.br\\\/portal\\\/wp-content\\\/uploads\\\/2020\\\/04\\\/logo-institutotresrios-ufrrj.png\",\"contentUrl\":\"https:\\\/\\\/itr.ufrrj.br\\\/portal\\\/wp-content\\\/uploads\\\/2020\\\/04\\\/logo-institutotresrios-ufrrj.png\",\"width\":1067,\"height\":240,\"caption\":\"Instituto Tr\u00eas Rios\\\/UFRRJ\"},\"image\":{\"@id\":\"https:\\\/\\\/itr.ufrrj.br\\\/portal\\\/#\\\/schema\\\/logo\\\/image\\\/\"},\"sameAs\":[\"https:\\\/\\\/www.facebook.com\\\/itr.ufrrj\"]}]}<\/script>\n<!-- \/ Yoast SEO plugin. -->","yoast_head_json":{"title":"Projeto \"Visitas Orientadas\" - Campus Tr\u00eas Rios | UFRRJ","robots":{"index":"index","follow":"follow","max-snippet":"max-snippet:-1","max-image-preview":"max-image-preview:large","max-video-preview":"max-video-preview:-1"},"canonical":"https:\/\/itr.ufrrj.br\/portal\/npj\/projeto-visitas-orientadas\/","og_locale":"pt_BR","og_type":"article","og_title":"Projeto \"Visitas Orientadas\" - Campus Tr\u00eas Rios | UFRRJ","og_description":"O Projeto Visitas Orientadas foi criado em 2013 no \u00e2mbito do N\u00facleo de Pr\u00e1tica Jur\u00eddica do Curso de Direito do Campus Tr\u00eas Rios da Universidade Federal Rural do Rio de [&hellip;]","og_url":"https:\/\/itr.ufrrj.br\/portal\/npj\/projeto-visitas-orientadas\/","og_site_name":"Campus Tr\u00eas Rios | UFRRJ","article_publisher":"https:\/\/www.facebook.com\/itr.ufrrj","article_modified_time":"2019-03-20T18:30:11+00:00","twitter_card":"summary_large_image","twitter_misc":{"Est. tempo de leitura":"1 minuto"},"schema":{"@context":"https:\/\/schema.org","@graph":[{"@type":"WebPage","@id":"https:\/\/itr.ufrrj.br\/portal\/npj\/projeto-visitas-orientadas\/","url":"https:\/\/itr.ufrrj.br\/portal\/npj\/projeto-visitas-orientadas\/","name":"Projeto \"Visitas Orientadas\" - Campus Tr\u00eas Rios | UFRRJ","isPartOf":{"@id":"https:\/\/itr.ufrrj.br\/portal\/#website"},"datePublished":"2018-10-30T13:08:31+00:00","dateModified":"2019-03-20T18:30:11+00:00","breadcrumb":{"@id":"https:\/\/itr.ufrrj.br\/portal\/npj\/projeto-visitas-orientadas\/#breadcrumb"},"inLanguage":"pt-BR","potentialAction":[{"@type":"ReadAction","target":["https:\/\/itr.ufrrj.br\/portal\/npj\/projeto-visitas-orientadas\/"]}]},{"@type":"BreadcrumbList","@id":"https:\/\/itr.ufrrj.br\/portal\/npj\/projeto-visitas-orientadas\/#breadcrumb","itemListElement":[{"@type":"ListItem","position":1,"name":"In\u00edcio","item":"https:\/\/itr.ufrrj.br\/portal\/"},{"@type":"ListItem","position":2,"name":"NPJ &#8211; N\u00facleo de Pr\u00e1tica Jur\u00eddica","item":"https:\/\/itr.ufrrj.br\/portal\/npj\/"},{"@type":"ListItem","position":3,"name":"Projeto &#8220;Visitas Orientadas&#8221;"}]},{"@type":"WebSite","@id":"https:\/\/itr.ufrrj.br\/portal\/#website","url":"https:\/\/itr.ufrrj.br\/portal\/","name":"Campus Tr\u00eas Rios | UFRRJ","description":"Localizado na cidade de Tr\u00eas Rios - RJ","publisher":{"@id":"https:\/\/itr.ufrrj.br\/portal\/#organization"},"potentialAction":[{"@type":"SearchAction","target":{"@type":"EntryPoint","urlTemplate":"https:\/\/itr.ufrrj.br\/portal\/?s={search_term_string}"},"query-input":{"@type":"PropertyValueSpecification","valueRequired":true,"valueName":"search_term_string"}}],"inLanguage":"pt-BR"},{"@type":"Organization","@id":"https:\/\/itr.ufrrj.br\/portal\/#organization","name":"Instituto Tr\u00eas Rios\/UFRRJ","url":"https:\/\/itr.ufrrj.br\/portal\/","logo":{"@type":"ImageObject","inLanguage":"pt-BR","@id":"https:\/\/itr.ufrrj.br\/portal\/#\/schema\/logo\/image\/","url":"https:\/\/itr.ufrrj.br\/portal\/wp-content\/uploads\/2020\/04\/logo-institutotresrios-ufrrj.png","contentUrl":"https:\/\/itr.ufrrj.br\/portal\/wp-content\/uploads\/2020\/04\/logo-institutotresrios-ufrrj.png","width":1067,"height":240,"caption":"Instituto Tr\u00eas Rios\/UFRRJ"},"image":{"@id":"https:\/\/itr.ufrrj.br\/portal\/#\/schema\/logo\/image\/"},"sameAs":["https:\/\/www.facebook.com\/itr.ufrrj"]}]}},"jetpack_sharing_enabled":true,"amp_enabled":false,"_links":{"self":[{"href":"https:\/\/itr.ufrrj.br\/portal\/wp-json\/wp\/v2\/pages\/8718","targetHints":{"allow":["GET"]}}],"collection":[{"href":"https:\/\/itr.ufrrj.br\/portal\/wp-json\/wp\/v2\/pages"}],"about":[{"href":"https:\/\/itr.ufrrj.br\/portal\/wp-json\/wp\/v2\/types\/page"}],"author":[{"embeddable":true,"href":"https:\/\/itr.ufrrj.br\/portal\/wp-json\/wp\/v2\/users\/4"}],"replies":[{"embeddable":true,"href":"https:\/\/itr.ufrrj.br\/portal\/wp-json\/wp\/v2\/comments?post=8718"}],"version-history":[{"count":17,"href":"https:\/\/itr.ufrrj.br\/portal\/wp-json\/wp\/v2\/pages\/8718\/revisions"}],"predecessor-version":[{"id":9051,"href":"https:\/\/itr.ufrrj.br\/portal\/wp-json\/wp\/v2\/pages\/8718\/revisions\/9051"}],"up":[{"embeddable":true,"href":"https:\/\/itr.ufrrj.br\/portal\/wp-json\/wp\/v2\/pages\/8200"}],"wp:attachment":[{"href":"https:\/\/itr.ufrrj.br\/portal\/wp-json\/wp\/v2\/media?parent=8718"}],"curies":[{"name":"wp","href":"https:\/\/api.w.org\/{rel}","templated":true}]}}