{"id":85,"date":"2011-02-28T14:24:40","date_gmt":"2011-02-28T17:24:40","guid":{"rendered":"http:\/\/r1.ufrrj.br\/wp\/itr\/"},"modified":"2019-05-10T16:39:21","modified_gmt":"2019-05-10T19:39:21","slug":"historia","status":"publish","type":"page","link":"https:\/\/itr.ufrrj.br\/portal\/departamentos\/ddhl\/historia\/","title":{"rendered":"Hist\u00f3ria"},"content":{"rendered":"<p style=\"text-align: justify;\">A fim de abrigar o Curso de \u00a0Direito, rec\u00e9m criado na UFRRJ em 2009, \u00a0no mesmo ano \u00a0foi criado o DCJS \u2013 Departamento de Ci\u00eancias Jur\u00eddicas e Sociais, o qual contava, em seu in\u00edcio, com apenas tr\u00eas professores efetivos, sendo o restante do quadro composto de professores tempor\u00e1rios. Gradativamente o corpo docente foi sendo complementado pelos professores efetivos aprovados nos concursos p\u00fablicos realizados, passando o corpo docente a ser composto por professores de Direito, Ci\u00eancias Sociais, Hist\u00f3ria e Portugu\u00eas.<\/p>\n<p style=\"text-align: justify;\">No segundo semestre 2013, sete professores do DCJS solicitaram transfer\u00eancia para o ent\u00e3o, DCAA \u2013 Departamento de Ci\u00eancias Administrativas e Ambientais, por entenderem que suas linhas de pesquisa se adequavam mais a este departamento do que ao DCJS. Em virtude dessa migra\u00e7\u00e3o de docentes, o antigo DCJS passou a congregar em seu corpo docente professores de Direito, Hist\u00f3ria, Psicologia, Antropologia e Portugu\u00eas, motivo pelo qual foi aprovada sua nova denomina\u00e7\u00e3o: <strong>DDHL \u2013 DEPARTAMENTO DE DIREITO, HUMANIDADES E LETRAS<\/strong>, ao qual o Curso de Direito encontra-se subordinado.<\/p>\n<p style=\"text-align: justify;\">Al\u00e9m do seu curso, o DDHL ainda disponibiliza professores para ministrarem disciplinas afins no Curso Economia do DCEE, no Curso de Administra\u00e7\u00e3o do DCA e no Curso de Gest\u00e3o Ambiental do DCMA.<\/p>\n<p style=\"text-align: justify;\">O DDHL, cujo corpo docente atualmente \u00e9 composto por 70% de doutores, conta com 17 (dezessete) professores efetivos e 3 (tr\u00eas) professores substitutos, sendo que proximamente o departamento estar\u00e1 concursando mais 5 (cinco) vagas, o que complementar\u00e1 o quadro docente do curso para os pr\u00f3ximos anos.<\/p>\n","protected":false},"excerpt":{"rendered":"<p>A fim de abrigar o Curso de \u00a0Direito, rec\u00e9m criado na UFRRJ em 2009, \u00a0no mesmo ano \u00a0foi criado o DCJS \u2013 Departamento de Ci\u00eancias Jur\u00eddicas e Sociais, o qual [&hellip;]<\/p>\n","protected":false},"author":1,"featured_media":0,"parent":23,"menu_order":0,"comment_status":"open","ping_status":"open","template":"page-cursos.php","meta":{"_acf_changed":false,"editor_plus_copied_stylings":"{}","footnotes":""},"class_list":["post-85","page","type-page","status-publish","hentry"],"acf":[],"yoast_head":"<!-- This site is optimized with the Yoast SEO plugin v27.3 - https:\/\/yoast.com\/product\/yoast-seo-wordpress\/ -->\n<title>Hist\u00f3ria - Campus Tr\u00eas Rios | UFRRJ<\/title>\n<meta name=\"robots\" content=\"index, follow, max-snippet:-1, max-image-preview:large, max-video-preview:-1\" \/>\n<link rel=\"canonical\" href=\"https:\/\/itr.ufrrj.br\/portal\/departamentos\/ddhl\/historia\/\" \/>\n<meta property=\"og:locale\" content=\"pt_BR\" \/>\n<meta property=\"og:type\" content=\"article\" \/>\n<meta property=\"og:title\" content=\"Hist\u00f3ria - Campus Tr\u00eas Rios | UFRRJ\" \/>\n<meta property=\"og:description\" content=\"A fim de abrigar o Curso de \u00a0Direito, rec\u00e9m criado na UFRRJ em 2009, \u00a0no mesmo ano \u00a0foi criado o DCJS \u2013 Departamento de Ci\u00eancias Jur\u00eddicas e Sociais, o qual [&hellip;]\" \/>\n<meta property=\"og:url\" content=\"https:\/\/itr.ufrrj.br\/portal\/departamentos\/ddhl\/historia\/\" \/>\n<meta property=\"og:site_name\" content=\"Campus Tr\u00eas Rios | UFRRJ\" \/>\n<meta property=\"article:publisher\" content=\"https:\/\/www.facebook.com\/itr.ufrrj\" \/>\n<meta property=\"article:modified_time\" content=\"2019-05-10T19:39:21+00:00\" \/>\n<meta name=\"twitter:card\" content=\"summary_large_image\" \/>\n<meta name=\"twitter:label1\" content=\"Est. tempo de leitura\" \/>\n\t<meta name=\"twitter:data1\" content=\"1 minuto\" \/>\n<script type=\"application\/ld+json\" class=\"yoast-schema-graph\">{\"@context\":\"https:\\\/\\\/schema.org\",\"@graph\":[{\"@type\":\"WebPage\",\"@id\":\"https:\\\/\\\/itr.ufrrj.br\\\/portal\\\/departamentos\\\/ddhl\\\/historia\\\/\",\"url\":\"https:\\\/\\\/itr.ufrrj.br\\\/portal\\\/departamentos\\\/ddhl\\\/historia\\\/\",\"name\":\"Hist\u00f3ria - Campus Tr\u00eas Rios | UFRRJ\",\"isPartOf\":{\"@id\":\"https:\\\/\\\/itr.ufrrj.br\\\/portal\\\/#website\"},\"datePublished\":\"2011-02-28T17:24:40+00:00\",\"dateModified\":\"2019-05-10T19:39:21+00:00\",\"breadcrumb\":{\"@id\":\"https:\\\/\\\/itr.ufrrj.br\\\/portal\\\/departamentos\\\/ddhl\\\/historia\\\/#breadcrumb\"},\"inLanguage\":\"pt-BR\",\"potentialAction\":[{\"@type\":\"ReadAction\",\"target\":[\"https:\\\/\\\/itr.ufrrj.br\\\/portal\\\/departamentos\\\/ddhl\\\/historia\\\/\"]}]},{\"@type\":\"BreadcrumbList\",\"@id\":\"https:\\\/\\\/itr.ufrrj.br\\\/portal\\\/departamentos\\\/ddhl\\\/historia\\\/#breadcrumb\",\"itemListElement\":[{\"@type\":\"ListItem\",\"position\":1,\"name\":\"In\u00edcio\",\"item\":\"https:\\\/\\\/itr.ufrrj.br\\\/portal\\\/\"},{\"@type\":\"ListItem\",\"position\":2,\"name\":\"Departamentos\",\"item\":\"https:\\\/\\\/itr.ufrrj.br\\\/portal\\\/departamentos\\\/\"},{\"@type\":\"ListItem\",\"position\":3,\"name\":\"DDHL\",\"item\":\"https:\\\/\\\/itr.ufrrj.br\\\/portal\\\/departamentos\\\/ddhl\\\/\"},{\"@type\":\"ListItem\",\"position\":4,\"name\":\"Hist\u00f3ria\"}]},{\"@type\":\"WebSite\",\"@id\":\"https:\\\/\\\/itr.ufrrj.br\\\/portal\\\/#website\",\"url\":\"https:\\\/\\\/itr.ufrrj.br\\\/portal\\\/\",\"name\":\"Campus Tr\u00eas Rios | UFRRJ\",\"description\":\"Localizado na cidade de Tr\u00eas Rios - RJ\",\"publisher\":{\"@id\":\"https:\\\/\\\/itr.ufrrj.br\\\/portal\\\/#organization\"},\"potentialAction\":[{\"@type\":\"SearchAction\",\"target\":{\"@type\":\"EntryPoint\",\"urlTemplate\":\"https:\\\/\\\/itr.ufrrj.br\\\/portal\\\/?s={search_term_string}\"},\"query-input\":{\"@type\":\"PropertyValueSpecification\",\"valueRequired\":true,\"valueName\":\"search_term_string\"}}],\"inLanguage\":\"pt-BR\"},{\"@type\":\"Organization\",\"@id\":\"https:\\\/\\\/itr.ufrrj.br\\\/portal\\\/#organization\",\"name\":\"Instituto Tr\u00eas Rios\\\/UFRRJ\",\"url\":\"https:\\\/\\\/itr.ufrrj.br\\\/portal\\\/\",\"logo\":{\"@type\":\"ImageObject\",\"inLanguage\":\"pt-BR\",\"@id\":\"https:\\\/\\\/itr.ufrrj.br\\\/portal\\\/#\\\/schema\\\/logo\\\/image\\\/\",\"url\":\"https:\\\/\\\/itr.ufrrj.br\\\/portal\\\/wp-content\\\/uploads\\\/2020\\\/04\\\/logo-institutotresrios-ufrrj.png\",\"contentUrl\":\"https:\\\/\\\/itr.ufrrj.br\\\/portal\\\/wp-content\\\/uploads\\\/2020\\\/04\\\/logo-institutotresrios-ufrrj.png\",\"width\":1067,\"height\":240,\"caption\":\"Instituto Tr\u00eas Rios\\\/UFRRJ\"},\"image\":{\"@id\":\"https:\\\/\\\/itr.ufrrj.br\\\/portal\\\/#\\\/schema\\\/logo\\\/image\\\/\"},\"sameAs\":[\"https:\\\/\\\/www.facebook.com\\\/itr.ufrrj\"]}]}<\/script>\n<!-- \/ Yoast SEO plugin. -->","yoast_head_json":{"title":"Hist\u00f3ria - Campus Tr\u00eas Rios | UFRRJ","robots":{"index":"index","follow":"follow","max-snippet":"max-snippet:-1","max-image-preview":"max-image-preview:large","max-video-preview":"max-video-preview:-1"},"canonical":"https:\/\/itr.ufrrj.br\/portal\/departamentos\/ddhl\/historia\/","og_locale":"pt_BR","og_type":"article","og_title":"Hist\u00f3ria - Campus Tr\u00eas Rios | UFRRJ","og_description":"A fim de abrigar o Curso de \u00a0Direito, rec\u00e9m criado na UFRRJ em 2009, \u00a0no mesmo ano \u00a0foi criado o DCJS \u2013 Departamento de Ci\u00eancias Jur\u00eddicas e Sociais, o qual [&hellip;]","og_url":"https:\/\/itr.ufrrj.br\/portal\/departamentos\/ddhl\/historia\/","og_site_name":"Campus Tr\u00eas Rios | UFRRJ","article_publisher":"https:\/\/www.facebook.com\/itr.ufrrj","article_modified_time":"2019-05-10T19:39:21+00:00","twitter_card":"summary_large_image","twitter_misc":{"Est. tempo de leitura":"1 minuto"},"schema":{"@context":"https:\/\/schema.org","@graph":[{"@type":"WebPage","@id":"https:\/\/itr.ufrrj.br\/portal\/departamentos\/ddhl\/historia\/","url":"https:\/\/itr.ufrrj.br\/portal\/departamentos\/ddhl\/historia\/","name":"Hist\u00f3ria - Campus Tr\u00eas Rios | UFRRJ","isPartOf":{"@id":"https:\/\/itr.ufrrj.br\/portal\/#website"},"datePublished":"2011-02-28T17:24:40+00:00","dateModified":"2019-05-10T19:39:21+00:00","breadcrumb":{"@id":"https:\/\/itr.ufrrj.br\/portal\/departamentos\/ddhl\/historia\/#breadcrumb"},"inLanguage":"pt-BR","potentialAction":[{"@type":"ReadAction","target":["https:\/\/itr.ufrrj.br\/portal\/departamentos\/ddhl\/historia\/"]}]},{"@type":"BreadcrumbList","@id":"https:\/\/itr.ufrrj.br\/portal\/departamentos\/ddhl\/historia\/#breadcrumb","itemListElement":[{"@type":"ListItem","position":1,"name":"In\u00edcio","item":"https:\/\/itr.ufrrj.br\/portal\/"},{"@type":"ListItem","position":2,"name":"Departamentos","item":"https:\/\/itr.ufrrj.br\/portal\/departamentos\/"},{"@type":"ListItem","position":3,"name":"DDHL","item":"https:\/\/itr.ufrrj.br\/portal\/departamentos\/ddhl\/"},{"@type":"ListItem","position":4,"name":"Hist\u00f3ria"}]},{"@type":"WebSite","@id":"https:\/\/itr.ufrrj.br\/portal\/#website","url":"https:\/\/itr.ufrrj.br\/portal\/","name":"Campus Tr\u00eas Rios | UFRRJ","description":"Localizado na cidade de Tr\u00eas Rios - RJ","publisher":{"@id":"https:\/\/itr.ufrrj.br\/portal\/#organization"},"potentialAction":[{"@type":"SearchAction","target":{"@type":"EntryPoint","urlTemplate":"https:\/\/itr.ufrrj.br\/portal\/?s={search_term_string}"},"query-input":{"@type":"PropertyValueSpecification","valueRequired":true,"valueName":"search_term_string"}}],"inLanguage":"pt-BR"},{"@type":"Organization","@id":"https:\/\/itr.ufrrj.br\/portal\/#organization","name":"Instituto Tr\u00eas Rios\/UFRRJ","url":"https:\/\/itr.ufrrj.br\/portal\/","logo":{"@type":"ImageObject","inLanguage":"pt-BR","@id":"https:\/\/itr.ufrrj.br\/portal\/#\/schema\/logo\/image\/","url":"https:\/\/itr.ufrrj.br\/portal\/wp-content\/uploads\/2020\/04\/logo-institutotresrios-ufrrj.png","contentUrl":"https:\/\/itr.ufrrj.br\/portal\/wp-content\/uploads\/2020\/04\/logo-institutotresrios-ufrrj.png","width":1067,"height":240,"caption":"Instituto Tr\u00eas Rios\/UFRRJ"},"image":{"@id":"https:\/\/itr.ufrrj.br\/portal\/#\/schema\/logo\/image\/"},"sameAs":["https:\/\/www.facebook.com\/itr.ufrrj"]}]}},"jetpack_sharing_enabled":true,"amp_enabled":false,"_links":{"self":[{"href":"https:\/\/itr.ufrrj.br\/portal\/wp-json\/wp\/v2\/pages\/85","targetHints":{"allow":["GET"]}}],"collection":[{"href":"https:\/\/itr.ufrrj.br\/portal\/wp-json\/wp\/v2\/pages"}],"about":[{"href":"https:\/\/itr.ufrrj.br\/portal\/wp-json\/wp\/v2\/types\/page"}],"author":[{"embeddable":true,"href":"https:\/\/itr.ufrrj.br\/portal\/wp-json\/wp\/v2\/users\/1"}],"replies":[{"embeddable":true,"href":"https:\/\/itr.ufrrj.br\/portal\/wp-json\/wp\/v2\/comments?post=85"}],"version-history":[{"count":17,"href":"https:\/\/itr.ufrrj.br\/portal\/wp-json\/wp\/v2\/pages\/85\/revisions"}],"predecessor-version":[{"id":9310,"href":"https:\/\/itr.ufrrj.br\/portal\/wp-json\/wp\/v2\/pages\/85\/revisions\/9310"}],"up":[{"embeddable":true,"href":"https:\/\/itr.ufrrj.br\/portal\/wp-json\/wp\/v2\/pages\/23"}],"wp:attachment":[{"href":"https:\/\/itr.ufrrj.br\/portal\/wp-json\/wp\/v2\/media?parent=85"}],"curies":[{"name":"wp","href":"https:\/\/api.w.org\/{rel}","templated":true}]}}