{"id":8332,"date":"2018-09-13T10:48:32","date_gmt":"2018-09-13T13:48:32","guid":{"rendered":"https:\/\/itr.ufrrj.br\/portal\/?page_id=8332"},"modified":"2022-08-30T15:57:38","modified_gmt":"2022-08-30T18:57:38","slug":"documentos-importantes","status":"publish","type":"page","link":"https:\/\/itr.ufrrj.br\/portal\/cursos\/direito\/documentos-importantes\/","title":{"rendered":"Documentos importantes"},"content":{"rendered":"<h2>Normatiza\u00e7\u00e3o e atos regulat\u00f3rios<\/h2>\n<ul>\n<li><a href=\"http:\/\/www.itr.ufrrj.br\/portal\/wp-content\/uploads\/cursos\/direito\/ato_regulatorio_mec.pdf\">Ato Regulat\u00f3rio MEC<\/a><\/li>\n<li><a href=\"http:\/\/www.itr.ufrrj.br\/portal\/wp-content\/uploads\/cursos\/direito\/ato_reconhecimento_direito_2015.pdf\" target=\"_blank\" rel=\"noopener noreferrer\">Ato de Reconhecimento do Curso de 2015<\/a><\/li>\n<li><a href=\"http:\/\/www.itr.ufrrj.br\/portal\/wp-content\/uploads\/cursos\/direito\/DOU-portaria_autorizacao_funcionamento_curso_direito.pdf\">DOU &#8211; Portaria de Autoriza\u00e7\u00e3o para Funcionamento do Curso de Direito<\/a><\/li>\n<li><a href=\"http:\/\/www.itr.ufrrj.br\/portal\/wp-content\/uploads\/cursos\/direito\/npj_estatuto.pdf\">Estatuto do N\u00facleo de Pr\u00e1tica Jur\u00eddica<\/a><\/li>\n<li><a href=\"https:\/\/itr.ufrrj.br\/portal\/wp-content\/uploads\/2021\/08\/REGULAMENTO-TCC-antigo-PPC-2013.pdf\">Regulamento TCC &#8211; antigo PPC 2013<\/a><\/li>\n<li><a href=\"https:\/\/itr.ufrrj.br\/portal\/wp-content\/uploads\/2021\/08\/REGULAMENTO-TCC-novo-PPC-versao-2021.pdf\">Regulamento TCC &#8211; novo PPC 2021<\/a><\/li>\n<li><a href=\"https:\/\/itr.ufrrj.br\/portal\/wp-content\/uploads\/2021\/10\/PORTARIA-N-5636-de-2021-PROGRAD.pdf\">Portaria n\u00ba 5636\/2021 &#8211; PROGRAD<\/a><\/li>\n<li><a href=\"https:\/\/itr.ufrrj.br\/portal\/wp-content\/uploads\/2021\/10\/PORTARIA-N-5735-DE-2021-ITR.pdf\">Portaria n\u00ba 5735\/2021 &#8211; ITR<\/a><\/li>\n<\/ul>\n<h2>Formul\u00e1rios<\/h2>\n<ul>\n<li><a href=\"https:\/\/www.itr.ufrrj.br\/portal\/wp-content\/uploads\/cursos\/direito\/Acompanhamento_de_Audiencia.pdf\">Acompanhamento de Audi\u00eancia<\/a><\/li>\n<li><a href=\"https:\/\/www.itr.ufrrj.br\/portal\/wp-content\/uploads\/cursos\/direito\/Exercicio_domiciliar.pdf\">Exerc\u00edcio Domiciliar<\/a><\/li>\n<li><a href=\"https:\/\/www.itr.ufrrj.br\/portal\/wp-content\/uploads\/cursos\/direito\/Requerimento_DAARG_Requisicoes_especificas.pdf\">Requerimento para DAARG (Requisi\u00e7\u00f5es Espec\u00edficas)<\/a><\/li>\n<li><a href=\"https:\/\/www.itr.ufrrj.br\/portal\/wp-content\/uploads\/cursos\/direito\/Requerimento-para-Mobilidade-intra-campi-DAARG.pdf\">Requerimento para Mobilidade intra-campi &#8211; DAARG<\/a><\/li>\n<li><a href=\"http:\/\/www.itr.ufrrj.br\/portal\/wp-content\/uploads\/cursos\/direito\/Requerimento-para-PROGRAD-Documentos-Gerais.pdf\">Requerimento para PROGRAD (Documentos Gerais)<\/a><\/li>\n<li><a href=\"https:\/\/www.itr.ufrrj.br\/portal\/wp-content\/uploads\/cursos\/direito\/mobilidade_academica.pdf\">Mobilidade Acad\u00eamica<\/a><\/li>\n<li><a href=\"https:\/\/www.itr.ufrrj.br\/portal\/wp-content\/uploads\/cursos\/direito\/Formulario-Plano-de-Estudos-Prorrogacao-de-Prazo.pdf\">Plano de Estudos para Solicita\u00e7\u00e3o de Prorroga\u00e7\u00e3o de Prazo para Conclus\u00e3o de Curso<\/a><\/li>\n<\/ul>\n<h2>Portarias e delibera\u00e7\u00f5es<\/h2>\n<ul>\n<li>Atividades aut\u00f4nomas &#8211; <a href=\"https:\/\/www.itr.ufrrj.br\/portal\/wp-content\/uploads\/cursos\/direito\/atividades_complementares-delib_CEPE_78_2007_AA.pdf\" rel=\"noopener\">Delibera\u00e7\u00e3o n\u00ba 078, de 05 de outubro de 2007<\/a><\/li>\n<li>Mobilidade acad\u00eamica &#8211; <a href=\"https:\/\/www.itr.ufrrj.br\/portal\/wp-content\/uploads\/2014\/07\/mobilidade_academica.pdf\" rel=\"noopener\">Delibera\u00e7\u00e3o n\u00ba 136, de 04 de dezembro de 2008<\/a><\/li>\n<li>Ocupa\u00e7\u00e3o de vagas dispon\u00edveis &#8211; <a href=\"https:\/\/www.itr.ufrrj.br\/portal\/wp-content\/uploads\/cursos\/direito\/ocupacao_vagas_disponiveis-Delib_06-2010_CEPE.pdf\" rel=\"noopener\">Delibera\u00e7\u00e3o n\u00ba 06, de 26 de fevereiro de 2010<\/a><\/li>\n<li>Normas para est\u00e1gio curricular &#8211; <a href=\"https:\/\/www.itr.ufrrj.br\/portal\/wp-content\/uploads\/2014\/07\/normas_estagio_curricular-Delib_21_CEPE_2011.pdf\">Delibera\u00e7\u00e3o n\u00ba 021, de 19 de abril de 2011<\/a><\/li>\n<li>Atividades aut\u00f4nomas &#8211; <a href=\"http:\/\/www.itr.ufrrj.br\/portal\/wp-content\/uploads\/cursos\/direito\/atividades_complementares-delib_CEPE_78_2007_AA.pdf\">Delibera\u00e7\u00e3o do CEPE &#8211; 78 \/ 2007<\/a><\/li>\n<li>Quebra de pr\u00e9-requisito &#8211; flexibiliza\u00e7\u00e3o a concluintes &#8211; <a href=\"https:\/\/itr.ufrrj.br\/portal\/wp-content\/uploads\/2020\/02\/delib-cepe-59-2019.pdf\">Delibera\u00e7\u00e3o CEPE n\u00ba 59\/2019<\/a><\/li>\n<li>Normas para Est\u00e1gio Curricular &#8211; <a style=\"line-height: 1.6em;\" href=\"http:\/\/www.itr.ufrrj.br\/portal\/wp-content\/uploads\/cursos\/direito\/normas_estagio_curricular-Delib_21_CEPE_2011.pdf\">Delibera\u00e7\u00e3o CEPE &#8211; 21 \/ 2011<\/a><\/li>\n<li>Ocupa\u00e7\u00e3o de Vagas Dispon\u00edveis &#8211; <a href=\"https:\/\/www.itr.ufrrj.br\/portal\/wp-content\/uploads\/cursos\/direito\/ocupacao_vagas_disponiveis_delib_06-2010_CEPE.pdf\">Delibera\u00e7\u00e3o 06-2010&nbsp;CEPE<\/a><\/li>\n<li><a href=\"https:\/\/itr.ufrrj.br\/portal\/wp-content\/uploads\/2020\/03\/delib_128_alt.pdf\">Delibera\u00e7\u00e3o 128 CEPE 03\/03\/1982<\/a><\/li>\n<\/ul>\n<h2>Projetos Pol\u00edticos Pedag\u00f3gicos<\/h2>\n<ul>\n<li><a href=\"https:\/\/itr.ufrrj.br\/portal\/wp-content\/uploads\/2022\/03\/PPC-DIREITO-ITR-2020.pdf\">Projeto Pol\u00edtico Pedag\u00f3gico 2020<\/a><\/li>\n<li><a href=\"http:\/\/www.itr.ufrrj.br\/portal\/wp-content\/uploads\/cursos\/direito\/ppp_direito_cepe2013.pdf\">Projeto Pol\u00edtico Pedag\u00f3gico 2013<\/a><\/li>\n<li><a href=\"http:\/\/www.itr.ufrrj.br\/portal\/wp-content\/uploads\/cursos\/direito\/ppp_direito_cepe2010.pdf\">Projeto Pol\u00edtico Pedag\u00f3gico 2010<\/a><\/li>\n<\/ul>\n<p class=\"texto\">\n","protected":false},"excerpt":{"rendered":"<p>Normatiza\u00e7\u00e3o e atos regulat\u00f3rios Ato Regulat\u00f3rio MEC Ato de Reconhecimento do Curso de 2015 DOU &#8211; Portaria de Autoriza\u00e7\u00e3o para Funcionamento do Curso de Direito Estatuto do N\u00facleo de Pr\u00e1tica [&hellip;]<\/p>\n","protected":false},"author":4,"featured_media":0,"parent":8268,"menu_order":0,"comment_status":"closed","ping_status":"closed","template":"page-cursos.php","meta":{"_acf_changed":false,"editor_plus_copied_stylings":"{}","footnotes":""},"class_list":["post-8332","page","type-page","status-publish","hentry"],"acf":[],"yoast_head":"<!-- This site is optimized with the Yoast SEO plugin v27.4 - https:\/\/yoast.com\/product\/yoast-seo-wordpress\/ -->\n<title>Documentos importantes - Campus Tr\u00eas Rios | UFRRJ<\/title>\n<meta name=\"robots\" content=\"index, follow, max-snippet:-1, max-image-preview:large, max-video-preview:-1\" \/>\n<link rel=\"canonical\" href=\"https:\/\/itr.ufrrj.br\/portal\/cursos\/direito\/documentos-importantes\/\" \/>\n<meta property=\"og:locale\" content=\"pt_BR\" \/>\n<meta property=\"og:type\" content=\"article\" \/>\n<meta property=\"og:title\" content=\"Documentos importantes - Campus Tr\u00eas Rios | UFRRJ\" \/>\n<meta property=\"og:description\" content=\"Normatiza\u00e7\u00e3o e atos regulat\u00f3rios Ato Regulat\u00f3rio MEC Ato de Reconhecimento do Curso de 2015 DOU &#8211; Portaria de Autoriza\u00e7\u00e3o para Funcionamento do Curso de Direito Estatuto do N\u00facleo de Pr\u00e1tica [&hellip;]\" \/>\n<meta property=\"og:url\" content=\"https:\/\/itr.ufrrj.br\/portal\/cursos\/direito\/documentos-importantes\/\" \/>\n<meta property=\"og:site_name\" content=\"Campus Tr\u00eas Rios | UFRRJ\" \/>\n<meta property=\"article:publisher\" content=\"https:\/\/www.facebook.com\/itr.ufrrj\" \/>\n<meta property=\"article:modified_time\" content=\"2022-08-30T18:57:38+00:00\" \/>\n<meta name=\"twitter:card\" content=\"summary_large_image\" \/>\n<meta name=\"twitter:label1\" content=\"Est. tempo de leitura\" \/>\n\t<meta name=\"twitter:data1\" content=\"2 minutos\" \/>\n<script type=\"application\/ld+json\" class=\"yoast-schema-graph\">{\"@context\":\"https:\\\/\\\/schema.org\",\"@graph\":[{\"@type\":\"WebPage\",\"@id\":\"https:\\\/\\\/itr.ufrrj.br\\\/portal\\\/cursos\\\/direito\\\/documentos-importantes\\\/\",\"url\":\"https:\\\/\\\/itr.ufrrj.br\\\/portal\\\/cursos\\\/direito\\\/documentos-importantes\\\/\",\"name\":\"Documentos importantes - Campus Tr\u00eas Rios | UFRRJ\",\"isPartOf\":{\"@id\":\"https:\\\/\\\/itr.ufrrj.br\\\/portal\\\/#website\"},\"datePublished\":\"2018-09-13T13:48:32+00:00\",\"dateModified\":\"2022-08-30T18:57:38+00:00\",\"breadcrumb\":{\"@id\":\"https:\\\/\\\/itr.ufrrj.br\\\/portal\\\/cursos\\\/direito\\\/documentos-importantes\\\/#breadcrumb\"},\"inLanguage\":\"pt-BR\",\"potentialAction\":[{\"@type\":\"ReadAction\",\"target\":[\"https:\\\/\\\/itr.ufrrj.br\\\/portal\\\/cursos\\\/direito\\\/documentos-importantes\\\/\"]}]},{\"@type\":\"BreadcrumbList\",\"@id\":\"https:\\\/\\\/itr.ufrrj.br\\\/portal\\\/cursos\\\/direito\\\/documentos-importantes\\\/#breadcrumb\",\"itemListElement\":[{\"@type\":\"ListItem\",\"position\":1,\"name\":\"In\u00edcio\",\"item\":\"https:\\\/\\\/itr.ufrrj.br\\\/portal\\\/\"},{\"@type\":\"ListItem\",\"position\":2,\"name\":\"Cursos\",\"item\":\"https:\\\/\\\/itr.ufrrj.br\\\/portal\\\/cursos\\\/\"},{\"@type\":\"ListItem\",\"position\":3,\"name\":\"Direito\",\"item\":\"https:\\\/\\\/itr.ufrrj.br\\\/portal\\\/?page_id=8268\"},{\"@type\":\"ListItem\",\"position\":4,\"name\":\"Documentos importantes\"}]},{\"@type\":\"WebSite\",\"@id\":\"https:\\\/\\\/itr.ufrrj.br\\\/portal\\\/#website\",\"url\":\"https:\\\/\\\/itr.ufrrj.br\\\/portal\\\/\",\"name\":\"Campus Tr\u00eas Rios | UFRRJ\",\"description\":\"Localizado na cidade de Tr\u00eas Rios - RJ\",\"publisher\":{\"@id\":\"https:\\\/\\\/itr.ufrrj.br\\\/portal\\\/#organization\"},\"potentialAction\":[{\"@type\":\"SearchAction\",\"target\":{\"@type\":\"EntryPoint\",\"urlTemplate\":\"https:\\\/\\\/itr.ufrrj.br\\\/portal\\\/?s={search_term_string}\"},\"query-input\":{\"@type\":\"PropertyValueSpecification\",\"valueRequired\":true,\"valueName\":\"search_term_string\"}}],\"inLanguage\":\"pt-BR\"},{\"@type\":\"Organization\",\"@id\":\"https:\\\/\\\/itr.ufrrj.br\\\/portal\\\/#organization\",\"name\":\"Instituto Tr\u00eas Rios\\\/UFRRJ\",\"url\":\"https:\\\/\\\/itr.ufrrj.br\\\/portal\\\/\",\"logo\":{\"@type\":\"ImageObject\",\"inLanguage\":\"pt-BR\",\"@id\":\"https:\\\/\\\/itr.ufrrj.br\\\/portal\\\/#\\\/schema\\\/logo\\\/image\\\/\",\"url\":\"https:\\\/\\\/itr.ufrrj.br\\\/portal\\\/wp-content\\\/uploads\\\/2020\\\/04\\\/logo-institutotresrios-ufrrj.png\",\"contentUrl\":\"https:\\\/\\\/itr.ufrrj.br\\\/portal\\\/wp-content\\\/uploads\\\/2020\\\/04\\\/logo-institutotresrios-ufrrj.png\",\"width\":1067,\"height\":240,\"caption\":\"Instituto Tr\u00eas Rios\\\/UFRRJ\"},\"image\":{\"@id\":\"https:\\\/\\\/itr.ufrrj.br\\\/portal\\\/#\\\/schema\\\/logo\\\/image\\\/\"},\"sameAs\":[\"https:\\\/\\\/www.facebook.com\\\/itr.ufrrj\"]}]}<\/script>\n<!-- \/ Yoast SEO plugin. -->","yoast_head_json":{"title":"Documentos importantes - Campus Tr\u00eas Rios | UFRRJ","robots":{"index":"index","follow":"follow","max-snippet":"max-snippet:-1","max-image-preview":"max-image-preview:large","max-video-preview":"max-video-preview:-1"},"canonical":"https:\/\/itr.ufrrj.br\/portal\/cursos\/direito\/documentos-importantes\/","og_locale":"pt_BR","og_type":"article","og_title":"Documentos importantes - Campus Tr\u00eas Rios | UFRRJ","og_description":"Normatiza\u00e7\u00e3o e atos regulat\u00f3rios Ato Regulat\u00f3rio MEC Ato de Reconhecimento do Curso de 2015 DOU &#8211; Portaria de Autoriza\u00e7\u00e3o para Funcionamento do Curso de Direito Estatuto do N\u00facleo de Pr\u00e1tica [&hellip;]","og_url":"https:\/\/itr.ufrrj.br\/portal\/cursos\/direito\/documentos-importantes\/","og_site_name":"Campus Tr\u00eas Rios | UFRRJ","article_publisher":"https:\/\/www.facebook.com\/itr.ufrrj","article_modified_time":"2022-08-30T18:57:38+00:00","twitter_card":"summary_large_image","twitter_misc":{"Est. tempo de leitura":"2 minutos"},"schema":{"@context":"https:\/\/schema.org","@graph":[{"@type":"WebPage","@id":"https:\/\/itr.ufrrj.br\/portal\/cursos\/direito\/documentos-importantes\/","url":"https:\/\/itr.ufrrj.br\/portal\/cursos\/direito\/documentos-importantes\/","name":"Documentos importantes - Campus Tr\u00eas Rios | UFRRJ","isPartOf":{"@id":"https:\/\/itr.ufrrj.br\/portal\/#website"},"datePublished":"2018-09-13T13:48:32+00:00","dateModified":"2022-08-30T18:57:38+00:00","breadcrumb":{"@id":"https:\/\/itr.ufrrj.br\/portal\/cursos\/direito\/documentos-importantes\/#breadcrumb"},"inLanguage":"pt-BR","potentialAction":[{"@type":"ReadAction","target":["https:\/\/itr.ufrrj.br\/portal\/cursos\/direito\/documentos-importantes\/"]}]},{"@type":"BreadcrumbList","@id":"https:\/\/itr.ufrrj.br\/portal\/cursos\/direito\/documentos-importantes\/#breadcrumb","itemListElement":[{"@type":"ListItem","position":1,"name":"In\u00edcio","item":"https:\/\/itr.ufrrj.br\/portal\/"},{"@type":"ListItem","position":2,"name":"Cursos","item":"https:\/\/itr.ufrrj.br\/portal\/cursos\/"},{"@type":"ListItem","position":3,"name":"Direito","item":"https:\/\/itr.ufrrj.br\/portal\/?page_id=8268"},{"@type":"ListItem","position":4,"name":"Documentos importantes"}]},{"@type":"WebSite","@id":"https:\/\/itr.ufrrj.br\/portal\/#website","url":"https:\/\/itr.ufrrj.br\/portal\/","name":"Campus Tr\u00eas Rios | UFRRJ","description":"Localizado na cidade de Tr\u00eas Rios - RJ","publisher":{"@id":"https:\/\/itr.ufrrj.br\/portal\/#organization"},"potentialAction":[{"@type":"SearchAction","target":{"@type":"EntryPoint","urlTemplate":"https:\/\/itr.ufrrj.br\/portal\/?s={search_term_string}"},"query-input":{"@type":"PropertyValueSpecification","valueRequired":true,"valueName":"search_term_string"}}],"inLanguage":"pt-BR"},{"@type":"Organization","@id":"https:\/\/itr.ufrrj.br\/portal\/#organization","name":"Instituto Tr\u00eas Rios\/UFRRJ","url":"https:\/\/itr.ufrrj.br\/portal\/","logo":{"@type":"ImageObject","inLanguage":"pt-BR","@id":"https:\/\/itr.ufrrj.br\/portal\/#\/schema\/logo\/image\/","url":"https:\/\/itr.ufrrj.br\/portal\/wp-content\/uploads\/2020\/04\/logo-institutotresrios-ufrrj.png","contentUrl":"https:\/\/itr.ufrrj.br\/portal\/wp-content\/uploads\/2020\/04\/logo-institutotresrios-ufrrj.png","width":1067,"height":240,"caption":"Instituto Tr\u00eas Rios\/UFRRJ"},"image":{"@id":"https:\/\/itr.ufrrj.br\/portal\/#\/schema\/logo\/image\/"},"sameAs":["https:\/\/www.facebook.com\/itr.ufrrj"]}]}},"jetpack_sharing_enabled":true,"amp_enabled":false,"_links":{"self":[{"href":"https:\/\/itr.ufrrj.br\/portal\/wp-json\/wp\/v2\/pages\/8332","targetHints":{"allow":["GET"]}}],"collection":[{"href":"https:\/\/itr.ufrrj.br\/portal\/wp-json\/wp\/v2\/pages"}],"about":[{"href":"https:\/\/itr.ufrrj.br\/portal\/wp-json\/wp\/v2\/types\/page"}],"author":[{"embeddable":true,"href":"https:\/\/itr.ufrrj.br\/portal\/wp-json\/wp\/v2\/users\/4"}],"replies":[{"embeddable":true,"href":"https:\/\/itr.ufrrj.br\/portal\/wp-json\/wp\/v2\/comments?post=8332"}],"version-history":[{"count":13,"href":"https:\/\/itr.ufrrj.br\/portal\/wp-json\/wp\/v2\/pages\/8332\/revisions"}],"predecessor-version":[{"id":13723,"href":"https:\/\/itr.ufrrj.br\/portal\/wp-json\/wp\/v2\/pages\/8332\/revisions\/13723"}],"up":[{"embeddable":true,"href":"https:\/\/itr.ufrrj.br\/portal\/wp-json\/wp\/v2\/pages\/8268"}],"wp:attachment":[{"href":"https:\/\/itr.ufrrj.br\/portal\/wp-json\/wp\/v2\/media?parent=8332"}],"curies":[{"name":"wp","href":"https:\/\/api.w.org\/{rel}","templated":true}]}}