{"id":8274,"date":"2018-09-12T11:27:22","date_gmt":"2018-09-12T14:27:22","guid":{"rendered":"https:\/\/itr.ufrrj.br\/portal\/?page_id=8274"},"modified":"2018-09-12T11:27:22","modified_gmt":"2018-09-12T14:27:22","slug":"perfil-do-profissional-do-curso-de-direito","status":"publish","type":"page","link":"https:\/\/itr.ufrrj.br\/portal\/cursos\/direito\/perfil-do-profissional-do-curso-de-direito\/","title":{"rendered":"Perfil do profissional do curso de Direito"},"content":{"rendered":"<p style=\"text-align: justify;\">O profissional formado \u00e9 o bacharel em Direito, que estar\u00e1 apto a se habilitar ao exerc\u00edcio da Advocacia e ao ingresso nas carreiras da Administra\u00e7\u00e3o P\u00fablica dos Poderes Executivo, Legislativo e Judici\u00e1rio.<\/p>\n<p style=\"text-align: justify;\"><strong>As \u00e1reas de atua\u00e7\u00e3o s\u00e3o:<\/strong><br \/>\n\u2043 Doc\u00eancia no ensino superior;<br \/>\n\u2043 Carreiras das Justi\u00e7as Estadual e Federal;<br \/>\n\u2043 Defensorias P\u00fablicas Estaduais e da Uni\u00e3o;<br \/>\n\u2043 Advocacia Geral da Uni\u00e3o;<br \/>\n\u2043 Procuradorias Municipais e Estaduais;<br \/>\n\u2043 Carreiras da Seguran\u00e7a P\u00fablica;<br \/>\n\u2043 Advogado.<\/p>\n","protected":false},"excerpt":{"rendered":"<p>O profissional formado \u00e9 o bacharel em Direito, que estar\u00e1 apto a se habilitar ao exerc\u00edcio da Advocacia e ao ingresso nas carreiras da Administra\u00e7\u00e3o P\u00fablica dos Poderes Executivo, Legislativo [&hellip;]<\/p>\n","protected":false},"author":4,"featured_media":0,"parent":8268,"menu_order":0,"comment_status":"closed","ping_status":"closed","template":"page-cursos.php","meta":{"_acf_changed":false,"editor_plus_copied_stylings":"{}","footnotes":""},"class_list":["post-8274","page","type-page","status-publish","hentry"],"acf":[],"yoast_head":"<!-- This site is optimized with the Yoast SEO plugin v27.4 - https:\/\/yoast.com\/product\/yoast-seo-wordpress\/ -->\n<title>Perfil do profissional do curso de Direito - Campus Tr\u00eas Rios | UFRRJ<\/title>\n<meta name=\"robots\" content=\"index, follow, max-snippet:-1, max-image-preview:large, max-video-preview:-1\" \/>\n<link rel=\"canonical\" href=\"https:\/\/itr.ufrrj.br\/portal\/cursos\/direito\/perfil-do-profissional-do-curso-de-direito\/\" \/>\n<meta property=\"og:locale\" content=\"pt_BR\" \/>\n<meta property=\"og:type\" content=\"article\" \/>\n<meta property=\"og:title\" content=\"Perfil do profissional do curso de Direito - Campus Tr\u00eas Rios | UFRRJ\" \/>\n<meta property=\"og:description\" content=\"O profissional formado \u00e9 o bacharel em Direito, que estar\u00e1 apto a se habilitar ao exerc\u00edcio da Advocacia e ao ingresso nas carreiras da Administra\u00e7\u00e3o P\u00fablica dos Poderes Executivo, Legislativo [&hellip;]\" \/>\n<meta property=\"og:url\" content=\"https:\/\/itr.ufrrj.br\/portal\/cursos\/direito\/perfil-do-profissional-do-curso-de-direito\/\" \/>\n<meta property=\"og:site_name\" content=\"Campus Tr\u00eas Rios | UFRRJ\" \/>\n<meta property=\"article:publisher\" content=\"https:\/\/www.facebook.com\/itr.ufrrj\" \/>\n<meta name=\"twitter:card\" content=\"summary_large_image\" \/>\n<script type=\"application\/ld+json\" class=\"yoast-schema-graph\">{\"@context\":\"https:\\\/\\\/schema.org\",\"@graph\":[{\"@type\":\"WebPage\",\"@id\":\"https:\\\/\\\/itr.ufrrj.br\\\/portal\\\/cursos\\\/direito\\\/perfil-do-profissional-do-curso-de-direito\\\/\",\"url\":\"https:\\\/\\\/itr.ufrrj.br\\\/portal\\\/cursos\\\/direito\\\/perfil-do-profissional-do-curso-de-direito\\\/\",\"name\":\"Perfil do profissional do curso de Direito - Campus Tr\u00eas Rios | UFRRJ\",\"isPartOf\":{\"@id\":\"https:\\\/\\\/itr.ufrrj.br\\\/portal\\\/#website\"},\"datePublished\":\"2018-09-12T14:27:22+00:00\",\"breadcrumb\":{\"@id\":\"https:\\\/\\\/itr.ufrrj.br\\\/portal\\\/cursos\\\/direito\\\/perfil-do-profissional-do-curso-de-direito\\\/#breadcrumb\"},\"inLanguage\":\"pt-BR\",\"potentialAction\":[{\"@type\":\"ReadAction\",\"target\":[\"https:\\\/\\\/itr.ufrrj.br\\\/portal\\\/cursos\\\/direito\\\/perfil-do-profissional-do-curso-de-direito\\\/\"]}]},{\"@type\":\"BreadcrumbList\",\"@id\":\"https:\\\/\\\/itr.ufrrj.br\\\/portal\\\/cursos\\\/direito\\\/perfil-do-profissional-do-curso-de-direito\\\/#breadcrumb\",\"itemListElement\":[{\"@type\":\"ListItem\",\"position\":1,\"name\":\"In\u00edcio\",\"item\":\"https:\\\/\\\/itr.ufrrj.br\\\/portal\\\/\"},{\"@type\":\"ListItem\",\"position\":2,\"name\":\"Cursos\",\"item\":\"https:\\\/\\\/itr.ufrrj.br\\\/portal\\\/cursos\\\/\"},{\"@type\":\"ListItem\",\"position\":3,\"name\":\"Direito\",\"item\":\"https:\\\/\\\/itr.ufrrj.br\\\/portal\\\/?page_id=8268\"},{\"@type\":\"ListItem\",\"position\":4,\"name\":\"Perfil do profissional do curso de Direito\"}]},{\"@type\":\"WebSite\",\"@id\":\"https:\\\/\\\/itr.ufrrj.br\\\/portal\\\/#website\",\"url\":\"https:\\\/\\\/itr.ufrrj.br\\\/portal\\\/\",\"name\":\"Campus Tr\u00eas Rios | UFRRJ\",\"description\":\"Localizado na cidade de Tr\u00eas Rios - RJ\",\"publisher\":{\"@id\":\"https:\\\/\\\/itr.ufrrj.br\\\/portal\\\/#organization\"},\"potentialAction\":[{\"@type\":\"SearchAction\",\"target\":{\"@type\":\"EntryPoint\",\"urlTemplate\":\"https:\\\/\\\/itr.ufrrj.br\\\/portal\\\/?s={search_term_string}\"},\"query-input\":{\"@type\":\"PropertyValueSpecification\",\"valueRequired\":true,\"valueName\":\"search_term_string\"}}],\"inLanguage\":\"pt-BR\"},{\"@type\":\"Organization\",\"@id\":\"https:\\\/\\\/itr.ufrrj.br\\\/portal\\\/#organization\",\"name\":\"Instituto Tr\u00eas Rios\\\/UFRRJ\",\"url\":\"https:\\\/\\\/itr.ufrrj.br\\\/portal\\\/\",\"logo\":{\"@type\":\"ImageObject\",\"inLanguage\":\"pt-BR\",\"@id\":\"https:\\\/\\\/itr.ufrrj.br\\\/portal\\\/#\\\/schema\\\/logo\\\/image\\\/\",\"url\":\"https:\\\/\\\/itr.ufrrj.br\\\/portal\\\/wp-content\\\/uploads\\\/2020\\\/04\\\/logo-institutotresrios-ufrrj.png\",\"contentUrl\":\"https:\\\/\\\/itr.ufrrj.br\\\/portal\\\/wp-content\\\/uploads\\\/2020\\\/04\\\/logo-institutotresrios-ufrrj.png\",\"width\":1067,\"height\":240,\"caption\":\"Instituto Tr\u00eas Rios\\\/UFRRJ\"},\"image\":{\"@id\":\"https:\\\/\\\/itr.ufrrj.br\\\/portal\\\/#\\\/schema\\\/logo\\\/image\\\/\"},\"sameAs\":[\"https:\\\/\\\/www.facebook.com\\\/itr.ufrrj\"]}]}<\/script>\n<!-- \/ Yoast SEO plugin. -->","yoast_head_json":{"title":"Perfil do profissional do curso de Direito - Campus Tr\u00eas Rios | UFRRJ","robots":{"index":"index","follow":"follow","max-snippet":"max-snippet:-1","max-image-preview":"max-image-preview:large","max-video-preview":"max-video-preview:-1"},"canonical":"https:\/\/itr.ufrrj.br\/portal\/cursos\/direito\/perfil-do-profissional-do-curso-de-direito\/","og_locale":"pt_BR","og_type":"article","og_title":"Perfil do profissional do curso de Direito - Campus Tr\u00eas Rios | UFRRJ","og_description":"O profissional formado \u00e9 o bacharel em Direito, que estar\u00e1 apto a se habilitar ao exerc\u00edcio da Advocacia e ao ingresso nas carreiras da Administra\u00e7\u00e3o P\u00fablica dos Poderes Executivo, Legislativo [&hellip;]","og_url":"https:\/\/itr.ufrrj.br\/portal\/cursos\/direito\/perfil-do-profissional-do-curso-de-direito\/","og_site_name":"Campus Tr\u00eas Rios | UFRRJ","article_publisher":"https:\/\/www.facebook.com\/itr.ufrrj","twitter_card":"summary_large_image","schema":{"@context":"https:\/\/schema.org","@graph":[{"@type":"WebPage","@id":"https:\/\/itr.ufrrj.br\/portal\/cursos\/direito\/perfil-do-profissional-do-curso-de-direito\/","url":"https:\/\/itr.ufrrj.br\/portal\/cursos\/direito\/perfil-do-profissional-do-curso-de-direito\/","name":"Perfil do profissional do curso de Direito - Campus Tr\u00eas Rios | UFRRJ","isPartOf":{"@id":"https:\/\/itr.ufrrj.br\/portal\/#website"},"datePublished":"2018-09-12T14:27:22+00:00","breadcrumb":{"@id":"https:\/\/itr.ufrrj.br\/portal\/cursos\/direito\/perfil-do-profissional-do-curso-de-direito\/#breadcrumb"},"inLanguage":"pt-BR","potentialAction":[{"@type":"ReadAction","target":["https:\/\/itr.ufrrj.br\/portal\/cursos\/direito\/perfil-do-profissional-do-curso-de-direito\/"]}]},{"@type":"BreadcrumbList","@id":"https:\/\/itr.ufrrj.br\/portal\/cursos\/direito\/perfil-do-profissional-do-curso-de-direito\/#breadcrumb","itemListElement":[{"@type":"ListItem","position":1,"name":"In\u00edcio","item":"https:\/\/itr.ufrrj.br\/portal\/"},{"@type":"ListItem","position":2,"name":"Cursos","item":"https:\/\/itr.ufrrj.br\/portal\/cursos\/"},{"@type":"ListItem","position":3,"name":"Direito","item":"https:\/\/itr.ufrrj.br\/portal\/?page_id=8268"},{"@type":"ListItem","position":4,"name":"Perfil do profissional do curso de Direito"}]},{"@type":"WebSite","@id":"https:\/\/itr.ufrrj.br\/portal\/#website","url":"https:\/\/itr.ufrrj.br\/portal\/","name":"Campus Tr\u00eas Rios | UFRRJ","description":"Localizado na cidade de Tr\u00eas Rios - RJ","publisher":{"@id":"https:\/\/itr.ufrrj.br\/portal\/#organization"},"potentialAction":[{"@type":"SearchAction","target":{"@type":"EntryPoint","urlTemplate":"https:\/\/itr.ufrrj.br\/portal\/?s={search_term_string}"},"query-input":{"@type":"PropertyValueSpecification","valueRequired":true,"valueName":"search_term_string"}}],"inLanguage":"pt-BR"},{"@type":"Organization","@id":"https:\/\/itr.ufrrj.br\/portal\/#organization","name":"Instituto Tr\u00eas Rios\/UFRRJ","url":"https:\/\/itr.ufrrj.br\/portal\/","logo":{"@type":"ImageObject","inLanguage":"pt-BR","@id":"https:\/\/itr.ufrrj.br\/portal\/#\/schema\/logo\/image\/","url":"https:\/\/itr.ufrrj.br\/portal\/wp-content\/uploads\/2020\/04\/logo-institutotresrios-ufrrj.png","contentUrl":"https:\/\/itr.ufrrj.br\/portal\/wp-content\/uploads\/2020\/04\/logo-institutotresrios-ufrrj.png","width":1067,"height":240,"caption":"Instituto Tr\u00eas Rios\/UFRRJ"},"image":{"@id":"https:\/\/itr.ufrrj.br\/portal\/#\/schema\/logo\/image\/"},"sameAs":["https:\/\/www.facebook.com\/itr.ufrrj"]}]}},"jetpack_sharing_enabled":true,"amp_enabled":false,"_links":{"self":[{"href":"https:\/\/itr.ufrrj.br\/portal\/wp-json\/wp\/v2\/pages\/8274","targetHints":{"allow":["GET"]}}],"collection":[{"href":"https:\/\/itr.ufrrj.br\/portal\/wp-json\/wp\/v2\/pages"}],"about":[{"href":"https:\/\/itr.ufrrj.br\/portal\/wp-json\/wp\/v2\/types\/page"}],"author":[{"embeddable":true,"href":"https:\/\/itr.ufrrj.br\/portal\/wp-json\/wp\/v2\/users\/4"}],"replies":[{"embeddable":true,"href":"https:\/\/itr.ufrrj.br\/portal\/wp-json\/wp\/v2\/comments?post=8274"}],"version-history":[{"count":1,"href":"https:\/\/itr.ufrrj.br\/portal\/wp-json\/wp\/v2\/pages\/8274\/revisions"}],"predecessor-version":[{"id":8275,"href":"https:\/\/itr.ufrrj.br\/portal\/wp-json\/wp\/v2\/pages\/8274\/revisions\/8275"}],"up":[{"embeddable":true,"href":"https:\/\/itr.ufrrj.br\/portal\/wp-json\/wp\/v2\/pages\/8268"}],"wp:attachment":[{"href":"https:\/\/itr.ufrrj.br\/portal\/wp-json\/wp\/v2\/media?parent=8274"}],"curies":[{"name":"wp","href":"https:\/\/api.w.org\/{rel}","templated":true}]}}