{"id":8200,"date":"2018-09-10T14:46:05","date_gmt":"2018-09-10T17:46:05","guid":{"rendered":"https:\/\/itr.ufrrj.br\/portal\/?page_id=8200"},"modified":"2019-04-17T11:24:59","modified_gmt":"2019-04-17T14:24:59","slug":"npj","status":"publish","type":"page","link":"https:\/\/itr.ufrrj.br\/portal\/npj\/","title":{"rendered":"NPJ &#8211; N\u00facleo de Pr\u00e1tica Jur\u00eddica"},"content":{"rendered":"<div class=\"page\" title=\"Page 1\">\n<div class=\"layoutArea\">\n<div class=\"column\">\n<p style=\"text-align: justify;\">O N\u00facleo de Pr\u00e1tica Jur\u00eddica <strong>J\u00e9ssica Philipp Giusti<\/strong><sup><a href=\"#_edn1\" name=\"_ednref1\">[1]<\/a><\/sup>\u00a0\u00e9 vinculado ao <a href=\"https:\/\/itr.ufrrj.br\/portal\/cursos\/direito\/\">Curso de Gradua\u00e7\u00e3o em Direito do Instituto Tr\u00eas Rios,<\/a> regido por regulamento pr\u00f3prio, cuja finalidade \u00e9 proporcionar aos alunos do Curso de Gradua\u00e7\u00e3o em Direito, o Est\u00e1gio de Pr\u00e1tica Jur\u00eddica (curricular \u2013 MEC) e o Est\u00e1gio Profissional de Advocacia (extracurricular \u2013 OAB), de acordo com as respectivas normas vigentes.<\/p>\n<p style=\"text-align: justify;\">Neste sentido, o \u201cEst\u00e1gio Curricular Supervisionado Obrigat\u00f3rio\u201d \u00e9 a parte pr\u00e1tica da disciplina \u201cPr\u00e1tica Simulada e Estagio Supervisionado\u201d. Tem como objetivos gerais oferecer oportunidade de aprendizagem em ambiente profissional aos alunos do curso de gradua\u00e7\u00e3o. Constitui-se como instrumento de integra\u00e7\u00e3o e capacita\u00e7\u00e3o para o trabalho, de aperfei\u00e7oamento t\u00e9cnico-cultural-cient\u00edfico e de relacionamento humano, al\u00e9m de proporcionar aprendizado de compet\u00eancias pr\u00f3prias da atividade profissional, objetivando a contextualiza\u00e7\u00e3o curricular, a articula\u00e7\u00e3o teoria-pr\u00e1tica, o desenvolvimento para a vida cidad\u00e3 e para o exerc\u00edcio profissional em suas diversas especialidades.<\/p>\n<p style=\"text-align: justify;\">O \u201cEst\u00e1gio Curricular Supervisionado Obrigat\u00f3rio\u201d \u00e9 uma disciplina pr\u00e1tico\/te\u00f3rica voltada para: (i) \u00e0 forma\u00e7\u00e3o humana, cient\u00edfica e cultural do estagi\u00e1rio; (ii) \u00e0 inser\u00e7\u00e3o do estagi\u00e1rio no mundo do trabalho por meio do desenvolvimento de atividades concretas e diversificadas; (iii) promo\u00e7\u00e3o da unidade entre teoria e pr\u00e1xis jur\u00eddica; (iv) \u00e0 intera\u00e7\u00e3o da universidade com os demais segmentos sociais desenvolvendo a\u00e7\u00f5es de ensino, pesquisa e extens\u00e3o. Estes preceitos permeiam o car\u00e1ter interdisciplinar adotado no \u201cPrograma Anal\u00edtico do Curso\u201d que, por ocasi\u00e3o de sua elabora\u00e7\u00e3o, buscou estreitar a rela\u00e7\u00e3o entre as v\u00e1rias vertentes de conhecimento acad\u00eamico.<\/p>\n<p style=\"text-align: justify;\">A pr\u00e1tica jur\u00eddica \u00e9 efetivada por meio de formula\u00e7\u00e3o de pe\u00e7as processuais e extraprocessuais a partir de estudos de casos concretos reais ou fict\u00edcios propostos pelos Professores-Orientadores. Al\u00e9m disto, s\u00e3o realizadas simula\u00e7\u00f5es de atos processuais, debates, visitas orientadas aos \u00f3rg\u00e3os do Poder Judici\u00e1rio, tais como Tribunal de Justi\u00e7a Estadual, Federal e Tribunais Superiores em Bras\u00edlia.<\/p>\n<p style=\"text-align: justify;\">As quatro disciplinas de 90hs cada s\u00e3o oferecidas entre o 7\u00ba e o 10\u00ba per\u00edodos do curso, totalizado um total de 360hs de est\u00e1gio curricular obrigat\u00f3rio, e dever\u00e3o propiciar ao aluno a participa\u00e7\u00e3o e an\u00e1lise jur\u00eddica de casos simulados, bem como situa\u00e7\u00f5es reais e a experi\u00eancia da advocacia, proporcionando a oportunidade da aplica\u00e7\u00e3o concreta dos conhecimentos acumulados durante a sua forma\u00e7\u00e3o.<\/p>\n<p style=\"text-align: justify;\">O Est\u00e1gio de Pr\u00e1tica Jur\u00eddica \u00e9 prestado pelos alunos do Curso de Gradua\u00e7\u00e3o em Direito do Instituto Tr\u00eas Rios atrav\u00e9s da matr\u00edcula nas disciplinas Pr\u00e1tica Jur\u00eddica e Est\u00e1gio Supervisionado I (Pr\u00e1tica em Direito Administrativo e Pr\u00e1tica em Direito Empresarial),\u00a0Pr\u00e1tica Jur\u00eddica e Est\u00e1gio Supervisionado\u00a0 II (Pr\u00e1tica em Direito Constitucional e Pr\u00e1tica em Direito Civil),\u00a0Pr\u00e1tica Jur\u00eddica e Est\u00e1gio Supervisionado\u00a0 III (Pr\u00e1tica em Direito Penal e Pr\u00e1tica em Direito Civil), e\u00a0Pr\u00e1tica Jur\u00eddica e Est\u00e1gio Supervisionado\u00a0 IV(Pr\u00e1tica em Direito do Trabalho).<\/p>\n<p style=\"text-align: justify;\">O ensino da pr\u00e1tica jur\u00eddica ainda proporciona aos alunos a participa\u00e7\u00e3o em plant\u00f5es de atendimento no Escrit\u00f3rio Modelo de Advocacia do ITR\/UFRRJ. Neste contexto, sob a supervis\u00e3o dos advogados docentes, as disciplinas de pr\u00e1tica jur\u00eddica tem o compromisso de nortear os alunos em sua busca por realizar o melhor atendimento jur\u00eddico poss\u00edvel, de forma a atender \u00e0s demandas oferecidas pelos assistidos. O atendimento oferecido pelo Escrit\u00f3rio Modelo \u00e9 direcionado a cidad\u00e3os que n\u00e3o t\u00eam condi\u00e7\u00f5es econ\u00f4micas de arcar com os custos advocat\u00edcios.<\/p>\n<p style=\"text-align: justify;\">Para fins de efetivar o funcionamento do escrit\u00f3rio modelo, a coordena\u00e7\u00e3o do NPJ mant\u00e9m parcerias com outras entidades, tais como Justi\u00e7a Federal, Tribunal de Justi\u00e7a do Estado do Rio de Janeiro, Defensoria P\u00fablica do Estado do Rio de Janeiro e outros.<\/p>\n<p style=\"text-align: justify;\"><a href=\"#_ednref1\" name=\"_edn1\">[1]<\/a> <em>J\u00e9ssica Philipp Giust<\/em>: Foi aluna do curso de direito do Instituto Tr\u00eas Rios.\u00a0 No ano de 2010 a jovem foi brutalmente assassinada. O crime permanece n\u00e3o esclarecido. No ano de 2018 foi proposto pelo Centro Acad\u00eamico em reuni\u00e3o do Colegiado do Departamento que o nome do NPJ a homenageasse. A proposta foi acolhida pelo DDHL. A homenagem mant\u00e9m acesa a mem\u00f3ria de J\u00e9ssica e inspira nosso ideal de busca pela justi\u00e7a e garantia dos direitos humanos.<\/p>\n<\/div>\n<\/div>\n<\/div>\n","protected":false},"excerpt":{"rendered":"<p>O N\u00facleo de Pr\u00e1tica Jur\u00eddica J\u00e9ssica Philipp Giusti[1]\u00a0\u00e9 vinculado ao Curso de Gradua\u00e7\u00e3o em Direito do Instituto Tr\u00eas Rios, regido por regulamento pr\u00f3prio, cuja finalidade \u00e9 proporcionar aos alunos do [&hellip;]<\/p>\n","protected":false},"author":4,"featured_media":8852,"parent":0,"menu_order":0,"comment_status":"closed","ping_status":"closed","template":"page-cursos.php","meta":{"_acf_changed":false,"editor_plus_copied_stylings":"{}","footnotes":""},"class_list":["post-8200","page","type-page","status-publish","has-post-thumbnail","hentry"],"acf":[],"yoast_head":"<!-- This site is optimized with the Yoast SEO plugin v27.3 - https:\/\/yoast.com\/product\/yoast-seo-wordpress\/ -->\n<title>NPJ - N\u00facleo de Pr\u00e1tica Jur\u00eddica - Campus Tr\u00eas Rios | UFRRJ<\/title>\n<meta name=\"robots\" content=\"index, follow, max-snippet:-1, max-image-preview:large, max-video-preview:-1\" \/>\n<link rel=\"canonical\" href=\"https:\/\/itr.ufrrj.br\/portal\/npj\/\" \/>\n<meta property=\"og:locale\" content=\"pt_BR\" \/>\n<meta property=\"og:type\" content=\"article\" \/>\n<meta property=\"og:title\" content=\"NPJ - N\u00facleo de Pr\u00e1tica Jur\u00eddica - Campus Tr\u00eas Rios | UFRRJ\" \/>\n<meta property=\"og:description\" content=\"O N\u00facleo de Pr\u00e1tica Jur\u00eddica J\u00e9ssica Philipp Giusti[1]\u00a0\u00e9 vinculado ao Curso de Gradua\u00e7\u00e3o em Direito do Instituto Tr\u00eas Rios, regido por regulamento pr\u00f3prio, cuja finalidade \u00e9 proporcionar aos alunos do [&hellip;]\" \/>\n<meta property=\"og:url\" content=\"https:\/\/itr.ufrrj.br\/portal\/npj\/\" \/>\n<meta property=\"og:site_name\" content=\"Campus Tr\u00eas Rios | UFRRJ\" \/>\n<meta property=\"article:publisher\" content=\"https:\/\/www.facebook.com\/itr.ufrrj\" \/>\n<meta property=\"article:modified_time\" content=\"2019-04-17T14:24:59+00:00\" \/>\n<meta property=\"og:image\" content=\"https:\/\/itr.ufrrj.br\/portal\/wp-content\/uploads\/2018\/11\/topo-npj.jpg\" \/>\n\t<meta property=\"og:image:width\" content=\"1200\" \/>\n\t<meta property=\"og:image:height\" content=\"250\" \/>\n\t<meta property=\"og:image:type\" content=\"image\/jpeg\" \/>\n<meta name=\"twitter:card\" content=\"summary_large_image\" \/>\n<meta name=\"twitter:label1\" content=\"Est. tempo de leitura\" \/>\n\t<meta name=\"twitter:data1\" content=\"4 minutos\" \/>\n<script type=\"application\/ld+json\" class=\"yoast-schema-graph\">{\"@context\":\"https:\\\/\\\/schema.org\",\"@graph\":[{\"@type\":\"WebPage\",\"@id\":\"https:\\\/\\\/itr.ufrrj.br\\\/portal\\\/npj\\\/\",\"url\":\"https:\\\/\\\/itr.ufrrj.br\\\/portal\\\/npj\\\/\",\"name\":\"NPJ - N\u00facleo de Pr\u00e1tica Jur\u00eddica - Campus Tr\u00eas Rios | UFRRJ\",\"isPartOf\":{\"@id\":\"https:\\\/\\\/itr.ufrrj.br\\\/portal\\\/#website\"},\"primaryImageOfPage\":{\"@id\":\"https:\\\/\\\/itr.ufrrj.br\\\/portal\\\/npj\\\/#primaryimage\"},\"image\":{\"@id\":\"https:\\\/\\\/itr.ufrrj.br\\\/portal\\\/npj\\\/#primaryimage\"},\"thumbnailUrl\":\"https:\\\/\\\/itr.ufrrj.br\\\/portal\\\/wp-content\\\/uploads\\\/2018\\\/11\\\/topo-npj.jpg\",\"datePublished\":\"2018-09-10T17:46:05+00:00\",\"dateModified\":\"2019-04-17T14:24:59+00:00\",\"breadcrumb\":{\"@id\":\"https:\\\/\\\/itr.ufrrj.br\\\/portal\\\/npj\\\/#breadcrumb\"},\"inLanguage\":\"pt-BR\",\"potentialAction\":[{\"@type\":\"ReadAction\",\"target\":[\"https:\\\/\\\/itr.ufrrj.br\\\/portal\\\/npj\\\/\"]}]},{\"@type\":\"ImageObject\",\"inLanguage\":\"pt-BR\",\"@id\":\"https:\\\/\\\/itr.ufrrj.br\\\/portal\\\/npj\\\/#primaryimage\",\"url\":\"https:\\\/\\\/itr.ufrrj.br\\\/portal\\\/wp-content\\\/uploads\\\/2018\\\/11\\\/topo-npj.jpg\",\"contentUrl\":\"https:\\\/\\\/itr.ufrrj.br\\\/portal\\\/wp-content\\\/uploads\\\/2018\\\/11\\\/topo-npj.jpg\",\"width\":1200,\"height\":250,\"caption\":\"N\u00facleo de Pr\u00e1tica Jur\u00eddica - ITR - UFRRJ\"},{\"@type\":\"BreadcrumbList\",\"@id\":\"https:\\\/\\\/itr.ufrrj.br\\\/portal\\\/npj\\\/#breadcrumb\",\"itemListElement\":[{\"@type\":\"ListItem\",\"position\":1,\"name\":\"In\u00edcio\",\"item\":\"https:\\\/\\\/itr.ufrrj.br\\\/portal\\\/\"},{\"@type\":\"ListItem\",\"position\":2,\"name\":\"NPJ &#8211; N\u00facleo de Pr\u00e1tica Jur\u00eddica\"}]},{\"@type\":\"WebSite\",\"@id\":\"https:\\\/\\\/itr.ufrrj.br\\\/portal\\\/#website\",\"url\":\"https:\\\/\\\/itr.ufrrj.br\\\/portal\\\/\",\"name\":\"Campus Tr\u00eas Rios | UFRRJ\",\"description\":\"Localizado na cidade de Tr\u00eas Rios - RJ\",\"publisher\":{\"@id\":\"https:\\\/\\\/itr.ufrrj.br\\\/portal\\\/#organization\"},\"potentialAction\":[{\"@type\":\"SearchAction\",\"target\":{\"@type\":\"EntryPoint\",\"urlTemplate\":\"https:\\\/\\\/itr.ufrrj.br\\\/portal\\\/?s={search_term_string}\"},\"query-input\":{\"@type\":\"PropertyValueSpecification\",\"valueRequired\":true,\"valueName\":\"search_term_string\"}}],\"inLanguage\":\"pt-BR\"},{\"@type\":\"Organization\",\"@id\":\"https:\\\/\\\/itr.ufrrj.br\\\/portal\\\/#organization\",\"name\":\"Instituto Tr\u00eas Rios\\\/UFRRJ\",\"url\":\"https:\\\/\\\/itr.ufrrj.br\\\/portal\\\/\",\"logo\":{\"@type\":\"ImageObject\",\"inLanguage\":\"pt-BR\",\"@id\":\"https:\\\/\\\/itr.ufrrj.br\\\/portal\\\/#\\\/schema\\\/logo\\\/image\\\/\",\"url\":\"https:\\\/\\\/itr.ufrrj.br\\\/portal\\\/wp-content\\\/uploads\\\/2020\\\/04\\\/logo-institutotresrios-ufrrj.png\",\"contentUrl\":\"https:\\\/\\\/itr.ufrrj.br\\\/portal\\\/wp-content\\\/uploads\\\/2020\\\/04\\\/logo-institutotresrios-ufrrj.png\",\"width\":1067,\"height\":240,\"caption\":\"Instituto Tr\u00eas Rios\\\/UFRRJ\"},\"image\":{\"@id\":\"https:\\\/\\\/itr.ufrrj.br\\\/portal\\\/#\\\/schema\\\/logo\\\/image\\\/\"},\"sameAs\":[\"https:\\\/\\\/www.facebook.com\\\/itr.ufrrj\"]}]}<\/script>\n<!-- \/ Yoast SEO plugin. -->","yoast_head_json":{"title":"NPJ - N\u00facleo de Pr\u00e1tica Jur\u00eddica - Campus Tr\u00eas Rios | UFRRJ","robots":{"index":"index","follow":"follow","max-snippet":"max-snippet:-1","max-image-preview":"max-image-preview:large","max-video-preview":"max-video-preview:-1"},"canonical":"https:\/\/itr.ufrrj.br\/portal\/npj\/","og_locale":"pt_BR","og_type":"article","og_title":"NPJ - N\u00facleo de Pr\u00e1tica Jur\u00eddica - Campus Tr\u00eas Rios | UFRRJ","og_description":"O N\u00facleo de Pr\u00e1tica Jur\u00eddica J\u00e9ssica Philipp Giusti[1]\u00a0\u00e9 vinculado ao Curso de Gradua\u00e7\u00e3o em Direito do Instituto Tr\u00eas Rios, regido por regulamento pr\u00f3prio, cuja finalidade \u00e9 proporcionar aos alunos do [&hellip;]","og_url":"https:\/\/itr.ufrrj.br\/portal\/npj\/","og_site_name":"Campus Tr\u00eas Rios | UFRRJ","article_publisher":"https:\/\/www.facebook.com\/itr.ufrrj","article_modified_time":"2019-04-17T14:24:59+00:00","og_image":[{"width":1200,"height":250,"url":"https:\/\/itr.ufrrj.br\/portal\/wp-content\/uploads\/2018\/11\/topo-npj.jpg","type":"image\/jpeg"}],"twitter_card":"summary_large_image","twitter_misc":{"Est. tempo de leitura":"4 minutos"},"schema":{"@context":"https:\/\/schema.org","@graph":[{"@type":"WebPage","@id":"https:\/\/itr.ufrrj.br\/portal\/npj\/","url":"https:\/\/itr.ufrrj.br\/portal\/npj\/","name":"NPJ - N\u00facleo de Pr\u00e1tica Jur\u00eddica - Campus Tr\u00eas Rios | UFRRJ","isPartOf":{"@id":"https:\/\/itr.ufrrj.br\/portal\/#website"},"primaryImageOfPage":{"@id":"https:\/\/itr.ufrrj.br\/portal\/npj\/#primaryimage"},"image":{"@id":"https:\/\/itr.ufrrj.br\/portal\/npj\/#primaryimage"},"thumbnailUrl":"https:\/\/itr.ufrrj.br\/portal\/wp-content\/uploads\/2018\/11\/topo-npj.jpg","datePublished":"2018-09-10T17:46:05+00:00","dateModified":"2019-04-17T14:24:59+00:00","breadcrumb":{"@id":"https:\/\/itr.ufrrj.br\/portal\/npj\/#breadcrumb"},"inLanguage":"pt-BR","potentialAction":[{"@type":"ReadAction","target":["https:\/\/itr.ufrrj.br\/portal\/npj\/"]}]},{"@type":"ImageObject","inLanguage":"pt-BR","@id":"https:\/\/itr.ufrrj.br\/portal\/npj\/#primaryimage","url":"https:\/\/itr.ufrrj.br\/portal\/wp-content\/uploads\/2018\/11\/topo-npj.jpg","contentUrl":"https:\/\/itr.ufrrj.br\/portal\/wp-content\/uploads\/2018\/11\/topo-npj.jpg","width":1200,"height":250,"caption":"N\u00facleo de Pr\u00e1tica Jur\u00eddica - ITR - UFRRJ"},{"@type":"BreadcrumbList","@id":"https:\/\/itr.ufrrj.br\/portal\/npj\/#breadcrumb","itemListElement":[{"@type":"ListItem","position":1,"name":"In\u00edcio","item":"https:\/\/itr.ufrrj.br\/portal\/"},{"@type":"ListItem","position":2,"name":"NPJ &#8211; N\u00facleo de Pr\u00e1tica Jur\u00eddica"}]},{"@type":"WebSite","@id":"https:\/\/itr.ufrrj.br\/portal\/#website","url":"https:\/\/itr.ufrrj.br\/portal\/","name":"Campus Tr\u00eas Rios | UFRRJ","description":"Localizado na cidade de Tr\u00eas Rios - RJ","publisher":{"@id":"https:\/\/itr.ufrrj.br\/portal\/#organization"},"potentialAction":[{"@type":"SearchAction","target":{"@type":"EntryPoint","urlTemplate":"https:\/\/itr.ufrrj.br\/portal\/?s={search_term_string}"},"query-input":{"@type":"PropertyValueSpecification","valueRequired":true,"valueName":"search_term_string"}}],"inLanguage":"pt-BR"},{"@type":"Organization","@id":"https:\/\/itr.ufrrj.br\/portal\/#organization","name":"Instituto Tr\u00eas Rios\/UFRRJ","url":"https:\/\/itr.ufrrj.br\/portal\/","logo":{"@type":"ImageObject","inLanguage":"pt-BR","@id":"https:\/\/itr.ufrrj.br\/portal\/#\/schema\/logo\/image\/","url":"https:\/\/itr.ufrrj.br\/portal\/wp-content\/uploads\/2020\/04\/logo-institutotresrios-ufrrj.png","contentUrl":"https:\/\/itr.ufrrj.br\/portal\/wp-content\/uploads\/2020\/04\/logo-institutotresrios-ufrrj.png","width":1067,"height":240,"caption":"Instituto Tr\u00eas Rios\/UFRRJ"},"image":{"@id":"https:\/\/itr.ufrrj.br\/portal\/#\/schema\/logo\/image\/"},"sameAs":["https:\/\/www.facebook.com\/itr.ufrrj"]}]}},"jetpack_sharing_enabled":true,"amp_enabled":false,"_links":{"self":[{"href":"https:\/\/itr.ufrrj.br\/portal\/wp-json\/wp\/v2\/pages\/8200","targetHints":{"allow":["GET"]}}],"collection":[{"href":"https:\/\/itr.ufrrj.br\/portal\/wp-json\/wp\/v2\/pages"}],"about":[{"href":"https:\/\/itr.ufrrj.br\/portal\/wp-json\/wp\/v2\/types\/page"}],"author":[{"embeddable":true,"href":"https:\/\/itr.ufrrj.br\/portal\/wp-json\/wp\/v2\/users\/4"}],"replies":[{"embeddable":true,"href":"https:\/\/itr.ufrrj.br\/portal\/wp-json\/wp\/v2\/comments?post=8200"}],"version-history":[{"count":12,"href":"https:\/\/itr.ufrrj.br\/portal\/wp-json\/wp\/v2\/pages\/8200\/revisions"}],"predecessor-version":[{"id":11241,"href":"https:\/\/itr.ufrrj.br\/portal\/wp-json\/wp\/v2\/pages\/8200\/revisions\/11241"}],"wp:featuredmedia":[{"embeddable":true,"href":"https:\/\/itr.ufrrj.br\/portal\/wp-json\/wp\/v2\/media\/8852"}],"wp:attachment":[{"href":"https:\/\/itr.ufrrj.br\/portal\/wp-json\/wp\/v2\/media?parent=8200"}],"curies":[{"name":"wp","href":"https:\/\/api.w.org\/{rel}","templated":true}]}}