{"id":8162,"date":"2018-09-10T11:29:33","date_gmt":"2018-09-10T14:29:33","guid":{"rendered":"https:\/\/itr.ufrrj.br\/portal\/?page_id=8162"},"modified":"2018-09-13T14:59:54","modified_gmt":"2018-09-13T17:59:54","slug":"matriz-curricular-do-curso-de-ciencias-economicas","status":"publish","type":"page","link":"https:\/\/itr.ufrrj.br\/portal\/cursos\/ciencias-economicas\/matriz-curricular-do-curso-de-ciencias-economicas\/","title":{"rendered":"Matriz Curricular do Curso de Ci\u00eancias Econ\u00f4micas"},"content":{"rendered":"<p>Para visualizar as matrizes curriculares do curso de Ci\u00eancias Econ\u00f4micas Noturno do Instituto Tr\u00eas Rios, condensadas em arquivos PDF \u00fanicos, selecione entre as op\u00e7\u00f5es abaixo:<\/p>\n<ul>\n<li><a href=\"https:\/\/www.itr.ufrrj.br\/portal\/wp-content\/uploads\/2011\/02\/ppp_eco_2016.rar\">Matriz curricular 2016<\/a><\/li>\n<li><a href=\"https:\/\/www.itr.ufrrj.br\/portal\/wp-content\/uploads\/cursos\/eco\/ppp_eco.pdf\">Matriz curricular 2010<\/a><\/li>\n<li><a href=\"http:\/\/www.itr.ufrrj.br\/portal\/wp-content\/uploads\/cursos\/eco\/grade_2006.pdf\">Matriz curricular 2006<\/a><\/li>\n<li><a href=\"http:\/\/www.itr.ufrrj.br\/portal\/wp-content\/uploads\/cursos\/eco\/grade-2005.pdf\">Matriz curricular 2005<\/a><\/li>\n<\/ul>\n<p><strong>Informa\u00e7\u00f5es pertinentes para grades curriculares anteriores:<\/strong><\/p>\n<ul>\n<li><a href=\"http:\/\/www.itr.ufrrj.br\/portal\/wp-content\/uploads\/cursos\/eco\/equivalencia.pdf\">Equival\u00eancia de disciplinas<\/a><\/li>\n<li><a href=\"http:\/\/www.itr.ufrrj.br\/portal\/wp-content\/uploads\/cursos\/eco\/deliberacao.pdf\">Delibera\u00e7\u00e3o N\u00ba 082, de 22 de junho de 2004<\/a><\/li>\n<\/ul>\n<p>&nbsp;<\/p>\n<p>Caso prefira, visualize a seguir a matriz curricular mais atual. Para ver a ementa da disciplina, clique sobre o nome da mesma.<\/p>\n<h2>Matriz curricular 2010<\/h2>\n<h3 style=\"text-align: center;\">DISCIPLINAS OBRIGAT\u00d3RIAS<\/h3>\n<p style=\"text-align: center;\"><span style=\"color: #ff6600;\"><strong>1\u00ba SEMESTRE<\/strong><\/span><\/p>\n<p style=\"text-align: center;\"><div id=\"footable_parent_8364\"\n         class=\" footable_parent ninja_table_wrapper loading_ninja_table wp_table_data_press_parent bootstrap3 \">\n                <table data-ninja_table_instance=\"ninja_table_instance_0\" data-footable_id=\"8364\" data-filter-delay=\"1000\" aria-label=\"ECO - 1\u00ba Semestre\"            id=\"footable_8364\"\n           data-unique_identifier=\"ninja_table_unique_id_2215377881_8364\"\n           class=\" foo-table ninja_footable foo_table_8364 ninja_table_unique_id_2215377881_8364 table  nt_type_ajax_table table-striped table-bordered table-hover table-condensed  footable-paging-right ninja_table_search_disabled\">\n                <colgroup>\n                            <col class=\"ninja_column_0 \">\n                            <col class=\"ninja_column_1 \">\n                            <col class=\"ninja_column_2 \">\n                            <col class=\"ninja_column_3 \">\n                            <col class=\"ninja_column_4 \">\n                    <\/colgroup>\n            <\/table>\n    \n    \n    \n<\/div>\n<\/p>\n<p style=\"text-align: center;\"><span style=\"color: #ff6600;\"><strong>2\u00ba SEMESTRE<\/strong><\/span><\/p>\n<p style=\"text-align: center;\"><div id=\"footable_parent_8365\"\n         class=\" footable_parent ninja_table_wrapper loading_ninja_table wp_table_data_press_parent bootstrap3 \">\n                <table data-ninja_table_instance=\"ninja_table_instance_1\" data-footable_id=\"8365\" data-filter-delay=\"1000\" aria-label=\"ECO - 2\u00ba Semestre\"            id=\"footable_8365\"\n           data-unique_identifier=\"ninja_table_unique_id_2667533534_8365\"\n           class=\" foo-table ninja_footable foo_table_8365 ninja_table_unique_id_2667533534_8365 table  nt_type_ajax_table table-striped table-bordered table-hover table-condensed  footable-paging-right ninja_table_search_disabled\">\n                <colgroup>\n                            <col class=\"ninja_column_0 \">\n                            <col class=\"ninja_column_1 \">\n                            <col class=\"ninja_column_2 \">\n                            <col class=\"ninja_column_3 \">\n                            <col class=\"ninja_column_4 \">\n                    <\/colgroup>\n            <\/table>\n    \n    \n    \n<\/div>\n<\/p>\n<p style=\"text-align: center;\"><span style=\"color: #ff6600;\"><strong>3\u00ba SEMESTRE<\/strong><\/span><\/p>\n<p style=\"text-align: center;\"><div id=\"footable_parent_8366\"\n         class=\" footable_parent ninja_table_wrapper loading_ninja_table wp_table_data_press_parent bootstrap3 \">\n                <table data-ninja_table_instance=\"ninja_table_instance_2\" data-footable_id=\"8366\" data-filter-delay=\"1000\" aria-label=\"ECO - 3\u00ba Semestre\"            id=\"footable_8366\"\n           data-unique_identifier=\"ninja_table_unique_id_1638350977_8366\"\n           class=\" foo-table ninja_footable foo_table_8366 ninja_table_unique_id_1638350977_8366 table  nt_type_ajax_table table-striped table-bordered table-hover table-condensed  footable-paging-right ninja_table_search_disabled\">\n                <colgroup>\n                            <col class=\"ninja_column_0 \">\n                            <col class=\"ninja_column_1 \">\n                            <col class=\"ninja_column_2 \">\n                            <col class=\"ninja_column_3 \">\n                            <col class=\"ninja_column_4 \">\n                    <\/colgroup>\n            <\/table>\n    \n    \n    \n<\/div>\n<\/p>\n<p style=\"text-align: center;\"><span style=\"color: #ff6600;\"><strong>4\u00ba SEMESTRE<\/strong><\/span><\/p>\n<p style=\"text-align: center;\"><div id=\"footable_parent_8367\"\n         class=\" footable_parent ninja_table_wrapper loading_ninja_table wp_table_data_press_parent bootstrap3 \">\n                <table data-ninja_table_instance=\"ninja_table_instance_3\" data-footable_id=\"8367\" data-filter-delay=\"1000\" aria-label=\"ECO - 4\u00ba Semestre\"            id=\"footable_8367\"\n           data-unique_identifier=\"ninja_table_unique_id_2851461400_8367\"\n           class=\" foo-table ninja_footable foo_table_8367 ninja_table_unique_id_2851461400_8367 table  nt_type_ajax_table table-striped table-bordered table-hover table-condensed  footable-paging-right ninja_table_search_disabled\">\n                <colgroup>\n                            <col class=\"ninja_column_0 \">\n                            <col class=\"ninja_column_1 \">\n                            <col class=\"ninja_column_2 \">\n                            <col class=\"ninja_column_3 \">\n                            <col class=\"ninja_column_4 \">\n                    <\/colgroup>\n            <\/table>\n    \n    \n    \n<\/div>\n<\/p>\n<p style=\"text-align: center;\"><span style=\"color: #ff6600;\"><strong>5\u00ba SEMESTRE<\/strong><\/span><\/p>\n<p style=\"text-align: center;\"><div id=\"footable_parent_8368\"\n         class=\" footable_parent ninja_table_wrapper loading_ninja_table wp_table_data_press_parent bootstrap3 \">\n                <table data-ninja_table_instance=\"ninja_table_instance_4\" data-footable_id=\"8368\" data-filter-delay=\"1000\" aria-label=\"ECO - 5\u00ba Semestre\"            id=\"footable_8368\"\n           data-unique_identifier=\"ninja_table_unique_id_3811705517_8368\"\n           class=\" foo-table ninja_footable foo_table_8368 ninja_table_unique_id_3811705517_8368 table  nt_type_ajax_table table-striped table-bordered table-hover table-condensed  footable-paging-right ninja_table_search_disabled\">\n                <colgroup>\n                            <col class=\"ninja_column_0 \">\n                            <col class=\"ninja_column_1 \">\n                            <col class=\"ninja_column_2 \">\n                            <col class=\"ninja_column_3 \">\n                            <col class=\"ninja_column_4 \">\n                    <\/colgroup>\n            <\/table>\n    \n    \n    \n<\/div>\n<\/p>\n<p style=\"text-align: center;\"><span style=\"color: #ff6600;\"><strong>6\u00ba SEMESTRE<\/strong><\/span><\/p>\n<p style=\"text-align: center;\"><div id=\"footable_parent_8369\"\n         class=\" footable_parent ninja_table_wrapper loading_ninja_table wp_table_data_press_parent bootstrap3 \">\n                <table data-ninja_table_instance=\"ninja_table_instance_5\" data-footable_id=\"8369\" data-filter-delay=\"1000\" aria-label=\"ECO - 6\u00ba Semestre\"            id=\"footable_8369\"\n           data-unique_identifier=\"ninja_table_unique_id_3963211673_8369\"\n           class=\" foo-table ninja_footable foo_table_8369 ninja_table_unique_id_3963211673_8369 table  nt_type_ajax_table table-striped table-bordered table-hover table-condensed  footable-paging-right ninja_table_search_disabled\">\n                <colgroup>\n                            <col class=\"ninja_column_0 \">\n                            <col class=\"ninja_column_1 \">\n                            <col class=\"ninja_column_2 \">\n                            <col class=\"ninja_column_3 \">\n                            <col class=\"ninja_column_4 \">\n                    <\/colgroup>\n            <\/table>\n    \n    \n    \n<\/div>\n<\/p>\n<p style=\"text-align: center;\"><span style=\"color: #ff6600;\"><strong>7\u00ba SEMESTRE<\/strong><\/span><\/p>\n<p style=\"text-align: center;\"><div id=\"footable_parent_8370\"\n         class=\" footable_parent ninja_table_wrapper loading_ninja_table wp_table_data_press_parent bootstrap3 \">\n                <table data-ninja_table_instance=\"ninja_table_instance_6\" data-footable_id=\"8370\" data-filter-delay=\"1000\" aria-label=\"ECO - 7\u00ba Semestre\"            id=\"footable_8370\"\n           data-unique_identifier=\"ninja_table_unique_id_1424622770_8370\"\n           class=\" foo-table ninja_footable foo_table_8370 ninja_table_unique_id_1424622770_8370 table  nt_type_ajax_table table-striped table-bordered table-hover table-condensed  footable-paging-right ninja_table_search_disabled\">\n                <colgroup>\n                            <col class=\"ninja_column_0 \">\n                            <col class=\"ninja_column_1 \">\n                            <col class=\"ninja_column_2 \">\n                            <col class=\"ninja_column_3 \">\n                            <col class=\"ninja_column_4 \">\n                    <\/colgroup>\n            <\/table>\n    \n    \n    \n<\/div>\n<\/p>\n<p style=\"text-align: center;\"><span style=\"color: #ff6600;\"><strong>8\u00ba SEMESTRE<\/strong><\/span><\/p>\n<p style=\"text-align: center;\"><div id=\"footable_parent_8371\"\n         class=\" footable_parent ninja_table_wrapper loading_ninja_table wp_table_data_press_parent bootstrap3 \">\n                <table data-ninja_table_instance=\"ninja_table_instance_7\" data-footable_id=\"8371\" data-filter-delay=\"1000\" aria-label=\"ECO - 8\u00ba Semestre\"            id=\"footable_8371\"\n           data-unique_identifier=\"ninja_table_unique_id_3674295799_8371\"\n           class=\" foo-table ninja_footable foo_table_8371 ninja_table_unique_id_3674295799_8371 table  nt_type_ajax_table table-striped table-bordered table-hover table-condensed  footable-paging-right ninja_table_search_disabled\">\n                <colgroup>\n                            <col class=\"ninja_column_0 \">\n                            <col class=\"ninja_column_1 \">\n                            <col class=\"ninja_column_2 \">\n                            <col class=\"ninja_column_3 \">\n                            <col class=\"ninja_column_4 \">\n                    <\/colgroup>\n            <\/table>\n    \n    \n    \n<\/div>\n<\/p>\n<p style=\"text-align: center;\"><span style=\"color: #ff6600;\"><strong>9\u00ba SEMESTRE<\/strong><\/span><\/p>\n<p style=\"text-align: center;\"><div id=\"footable_parent_8372\"\n         class=\" footable_parent ninja_table_wrapper loading_ninja_table wp_table_data_press_parent bootstrap3 \">\n                <table data-ninja_table_instance=\"ninja_table_instance_8\" data-footable_id=\"8372\" data-filter-delay=\"1000\" aria-label=\"ECO - 9\u00ba Semestre\"            id=\"footable_8372\"\n           data-unique_identifier=\"ninja_table_unique_id_4094118852_8372\"\n           class=\" foo-table ninja_footable foo_table_8372 ninja_table_unique_id_4094118852_8372 table  nt_type_ajax_table table-striped table-bordered table-hover table-condensed  footable-paging-right ninja_table_search_disabled\">\n                <colgroup>\n                            <col class=\"ninja_column_0 \">\n                            <col class=\"ninja_column_1 \">\n                            <col class=\"ninja_column_2 \">\n                            <col class=\"ninja_column_3 \">\n                            <col class=\"ninja_column_4 \">\n                    <\/colgroup>\n            <\/table>\n    \n    \n    \n<\/div>\n<\/p>\n<p style=\"text-align: center;\"><span style=\"color: #ff6600;\"><strong>10\u00ba SEMESTRE<\/strong><\/span><\/p>\n<p style=\"text-align: center;\"><div id=\"footable_parent_8374\"\n         class=\" footable_parent ninja_table_wrapper loading_ninja_table wp_table_data_press_parent bootstrap3 \">\n                <table data-ninja_table_instance=\"ninja_table_instance_9\" data-footable_id=\"8374\" data-filter-delay=\"1000\" aria-label=\"ECO - 10\u00ba Semestre\"            id=\"footable_8374\"\n           data-unique_identifier=\"ninja_table_unique_id_2799098692_8374\"\n           class=\" foo-table ninja_footable foo_table_8374 ninja_table_unique_id_2799098692_8374 table  nt_type_ajax_table table-striped table-bordered table-hover table-condensed  footable-paging-right ninja_table_search_disabled\">\n                <colgroup>\n                            <col class=\"ninja_column_0 \">\n                            <col class=\"ninja_column_1 \">\n                            <col class=\"ninja_column_2 \">\n                            <col class=\"ninja_column_3 \">\n                            <col class=\"ninja_column_4 \">\n                    <\/colgroup>\n            <\/table>\n    \n    \n    \n<\/div>\n<\/p>\n<p>&nbsp;<\/p>\n<hr \/>\n<p>&nbsp;<\/p>\n<h3 style=\"text-align: center;\">DISCIPLINAS OPTATIVAS<\/h3>\n<p style=\"text-align: center;\"><div id=\"footable_parent_8375\"\n         class=\" footable_parent ninja_table_wrapper loading_ninja_table wp_table_data_press_parent bootstrap3 \">\n                <table data-ninja_table_instance=\"ninja_table_instance_10\" data-footable_id=\"8375\" data-filter-delay=\"1000\" aria-label=\"ECO - OPTATIVAS\"            id=\"footable_8375\"\n           data-unique_identifier=\"ninja_table_unique_id_3453025282_8375\"\n           class=\" foo-table ninja_footable foo_table_8375 ninja_table_unique_id_3453025282_8375 table  nt_type_ajax_table table-striped table-bordered table-hover table-condensed  footable-paging-right ninja_table_search_disabled\">\n                <colgroup>\n                            <col class=\"ninja_column_0 \">\n                            <col class=\"ninja_column_1 \">\n                            <col class=\"ninja_column_2 \">\n                            <col class=\"ninja_column_3 \">\n                            <col class=\"ninja_column_4 \">\n                    <\/colgroup>\n            <\/table>\n    \n    \n    \n<\/div>\n<\/p>\n<h2><\/h2>\n","protected":false},"excerpt":{"rendered":"<p>Para visualizar as matrizes curriculares do curso de Ci\u00eancias Econ\u00f4micas Noturno do Instituto Tr\u00eas Rios, condensadas em arquivos PDF \u00fanicos, selecione entre as op\u00e7\u00f5es abaixo: Matriz curricular 2016 Matriz curricular [&hellip;]<\/p>\n","protected":false},"author":4,"featured_media":0,"parent":8150,"menu_order":0,"comment_status":"closed","ping_status":"closed","template":"page-cursos.php","meta":{"_acf_changed":false,"editor_plus_copied_stylings":"{}","footnotes":""},"class_list":["post-8162","page","type-page","status-publish","hentry"],"acf":[],"yoast_head":"<!-- This site is optimized with the Yoast SEO plugin v27.4 - https:\/\/yoast.com\/product\/yoast-seo-wordpress\/ -->\n<title>Matriz Curricular do Curso de Ci\u00eancias Econ\u00f4micas - Campus Tr\u00eas Rios | UFRRJ<\/title>\n<meta name=\"robots\" content=\"index, follow, max-snippet:-1, max-image-preview:large, max-video-preview:-1\" \/>\n<link rel=\"canonical\" href=\"https:\/\/itr.ufrrj.br\/portal\/cursos\/ciencias-economicas\/matriz-curricular-do-curso-de-ciencias-economicas\/\" \/>\n<meta property=\"og:locale\" content=\"pt_BR\" \/>\n<meta property=\"og:type\" content=\"article\" \/>\n<meta property=\"og:title\" content=\"Matriz Curricular do Curso de Ci\u00eancias Econ\u00f4micas - Campus Tr\u00eas Rios | UFRRJ\" \/>\n<meta property=\"og:description\" content=\"Para visualizar as matrizes curriculares do curso de Ci\u00eancias Econ\u00f4micas Noturno do Instituto Tr\u00eas Rios, condensadas em arquivos PDF \u00fanicos, selecione entre as op\u00e7\u00f5es abaixo: Matriz curricular 2016 Matriz curricular [&hellip;]\" \/>\n<meta property=\"og:url\" content=\"https:\/\/itr.ufrrj.br\/portal\/cursos\/ciencias-economicas\/matriz-curricular-do-curso-de-ciencias-economicas\/\" \/>\n<meta property=\"og:site_name\" content=\"Campus Tr\u00eas Rios | UFRRJ\" \/>\n<meta property=\"article:publisher\" content=\"https:\/\/www.facebook.com\/itr.ufrrj\" \/>\n<meta property=\"article:modified_time\" content=\"2018-09-13T17:59:54+00:00\" \/>\n<meta name=\"twitter:card\" content=\"summary_large_image\" \/>\n<meta name=\"twitter:label1\" content=\"Est. tempo de leitura\" \/>\n\t<meta name=\"twitter:data1\" content=\"1 minuto\" \/>\n<script type=\"application\/ld+json\" class=\"yoast-schema-graph\">{\"@context\":\"https:\\\/\\\/schema.org\",\"@graph\":[{\"@type\":\"WebPage\",\"@id\":\"https:\\\/\\\/itr.ufrrj.br\\\/portal\\\/cursos\\\/ciencias-economicas\\\/matriz-curricular-do-curso-de-ciencias-economicas\\\/\",\"url\":\"https:\\\/\\\/itr.ufrrj.br\\\/portal\\\/cursos\\\/ciencias-economicas\\\/matriz-curricular-do-curso-de-ciencias-economicas\\\/\",\"name\":\"Matriz Curricular do Curso de Ci\u00eancias Econ\u00f4micas - Campus Tr\u00eas Rios | UFRRJ\",\"isPartOf\":{\"@id\":\"https:\\\/\\\/itr.ufrrj.br\\\/portal\\\/#website\"},\"datePublished\":\"2018-09-10T14:29:33+00:00\",\"dateModified\":\"2018-09-13T17:59:54+00:00\",\"breadcrumb\":{\"@id\":\"https:\\\/\\\/itr.ufrrj.br\\\/portal\\\/cursos\\\/ciencias-economicas\\\/matriz-curricular-do-curso-de-ciencias-economicas\\\/#breadcrumb\"},\"inLanguage\":\"pt-BR\",\"potentialAction\":[{\"@type\":\"ReadAction\",\"target\":[\"https:\\\/\\\/itr.ufrrj.br\\\/portal\\\/cursos\\\/ciencias-economicas\\\/matriz-curricular-do-curso-de-ciencias-economicas\\\/\"]}]},{\"@type\":\"BreadcrumbList\",\"@id\":\"https:\\\/\\\/itr.ufrrj.br\\\/portal\\\/cursos\\\/ciencias-economicas\\\/matriz-curricular-do-curso-de-ciencias-economicas\\\/#breadcrumb\",\"itemListElement\":[{\"@type\":\"ListItem\",\"position\":1,\"name\":\"In\u00edcio\",\"item\":\"https:\\\/\\\/itr.ufrrj.br\\\/portal\\\/\"},{\"@type\":\"ListItem\",\"position\":2,\"name\":\"Cursos\",\"item\":\"https:\\\/\\\/itr.ufrrj.br\\\/portal\\\/cursos\\\/\"},{\"@type\":\"ListItem\",\"position\":3,\"name\":\"Ci\u00eancias Econ\u00f4micas\",\"item\":\"https:\\\/\\\/itr.ufrrj.br\\\/portal\\\/cursos\\\/ciencias-economicas\\\/\"},{\"@type\":\"ListItem\",\"position\":4,\"name\":\"Matriz Curricular do Curso de Ci\u00eancias Econ\u00f4micas\"}]},{\"@type\":\"WebSite\",\"@id\":\"https:\\\/\\\/itr.ufrrj.br\\\/portal\\\/#website\",\"url\":\"https:\\\/\\\/itr.ufrrj.br\\\/portal\\\/\",\"name\":\"Campus Tr\u00eas Rios | UFRRJ\",\"description\":\"Localizado na cidade de Tr\u00eas Rios - RJ\",\"publisher\":{\"@id\":\"https:\\\/\\\/itr.ufrrj.br\\\/portal\\\/#organization\"},\"potentialAction\":[{\"@type\":\"SearchAction\",\"target\":{\"@type\":\"EntryPoint\",\"urlTemplate\":\"https:\\\/\\\/itr.ufrrj.br\\\/portal\\\/?s={search_term_string}\"},\"query-input\":{\"@type\":\"PropertyValueSpecification\",\"valueRequired\":true,\"valueName\":\"search_term_string\"}}],\"inLanguage\":\"pt-BR\"},{\"@type\":\"Organization\",\"@id\":\"https:\\\/\\\/itr.ufrrj.br\\\/portal\\\/#organization\",\"name\":\"Instituto Tr\u00eas Rios\\\/UFRRJ\",\"url\":\"https:\\\/\\\/itr.ufrrj.br\\\/portal\\\/\",\"logo\":{\"@type\":\"ImageObject\",\"inLanguage\":\"pt-BR\",\"@id\":\"https:\\\/\\\/itr.ufrrj.br\\\/portal\\\/#\\\/schema\\\/logo\\\/image\\\/\",\"url\":\"https:\\\/\\\/itr.ufrrj.br\\\/portal\\\/wp-content\\\/uploads\\\/2020\\\/04\\\/logo-institutotresrios-ufrrj.png\",\"contentUrl\":\"https:\\\/\\\/itr.ufrrj.br\\\/portal\\\/wp-content\\\/uploads\\\/2020\\\/04\\\/logo-institutotresrios-ufrrj.png\",\"width\":1067,\"height\":240,\"caption\":\"Instituto Tr\u00eas Rios\\\/UFRRJ\"},\"image\":{\"@id\":\"https:\\\/\\\/itr.ufrrj.br\\\/portal\\\/#\\\/schema\\\/logo\\\/image\\\/\"},\"sameAs\":[\"https:\\\/\\\/www.facebook.com\\\/itr.ufrrj\"]}]}<\/script>\n<!-- \/ Yoast SEO plugin. -->","yoast_head_json":{"title":"Matriz Curricular do Curso de Ci\u00eancias Econ\u00f4micas - Campus Tr\u00eas Rios | UFRRJ","robots":{"index":"index","follow":"follow","max-snippet":"max-snippet:-1","max-image-preview":"max-image-preview:large","max-video-preview":"max-video-preview:-1"},"canonical":"https:\/\/itr.ufrrj.br\/portal\/cursos\/ciencias-economicas\/matriz-curricular-do-curso-de-ciencias-economicas\/","og_locale":"pt_BR","og_type":"article","og_title":"Matriz Curricular do Curso de Ci\u00eancias Econ\u00f4micas - Campus Tr\u00eas Rios | UFRRJ","og_description":"Para visualizar as matrizes curriculares do curso de Ci\u00eancias Econ\u00f4micas Noturno do Instituto Tr\u00eas Rios, condensadas em arquivos PDF \u00fanicos, selecione entre as op\u00e7\u00f5es abaixo: Matriz curricular 2016 Matriz curricular [&hellip;]","og_url":"https:\/\/itr.ufrrj.br\/portal\/cursos\/ciencias-economicas\/matriz-curricular-do-curso-de-ciencias-economicas\/","og_site_name":"Campus Tr\u00eas Rios | UFRRJ","article_publisher":"https:\/\/www.facebook.com\/itr.ufrrj","article_modified_time":"2018-09-13T17:59:54+00:00","twitter_card":"summary_large_image","twitter_misc":{"Est. tempo de leitura":"1 minuto"},"schema":{"@context":"https:\/\/schema.org","@graph":[{"@type":"WebPage","@id":"https:\/\/itr.ufrrj.br\/portal\/cursos\/ciencias-economicas\/matriz-curricular-do-curso-de-ciencias-economicas\/","url":"https:\/\/itr.ufrrj.br\/portal\/cursos\/ciencias-economicas\/matriz-curricular-do-curso-de-ciencias-economicas\/","name":"Matriz Curricular do Curso de Ci\u00eancias Econ\u00f4micas - Campus Tr\u00eas Rios | UFRRJ","isPartOf":{"@id":"https:\/\/itr.ufrrj.br\/portal\/#website"},"datePublished":"2018-09-10T14:29:33+00:00","dateModified":"2018-09-13T17:59:54+00:00","breadcrumb":{"@id":"https:\/\/itr.ufrrj.br\/portal\/cursos\/ciencias-economicas\/matriz-curricular-do-curso-de-ciencias-economicas\/#breadcrumb"},"inLanguage":"pt-BR","potentialAction":[{"@type":"ReadAction","target":["https:\/\/itr.ufrrj.br\/portal\/cursos\/ciencias-economicas\/matriz-curricular-do-curso-de-ciencias-economicas\/"]}]},{"@type":"BreadcrumbList","@id":"https:\/\/itr.ufrrj.br\/portal\/cursos\/ciencias-economicas\/matriz-curricular-do-curso-de-ciencias-economicas\/#breadcrumb","itemListElement":[{"@type":"ListItem","position":1,"name":"In\u00edcio","item":"https:\/\/itr.ufrrj.br\/portal\/"},{"@type":"ListItem","position":2,"name":"Cursos","item":"https:\/\/itr.ufrrj.br\/portal\/cursos\/"},{"@type":"ListItem","position":3,"name":"Ci\u00eancias Econ\u00f4micas","item":"https:\/\/itr.ufrrj.br\/portal\/cursos\/ciencias-economicas\/"},{"@type":"ListItem","position":4,"name":"Matriz Curricular do Curso de Ci\u00eancias Econ\u00f4micas"}]},{"@type":"WebSite","@id":"https:\/\/itr.ufrrj.br\/portal\/#website","url":"https:\/\/itr.ufrrj.br\/portal\/","name":"Campus Tr\u00eas Rios | UFRRJ","description":"Localizado na cidade de Tr\u00eas Rios - RJ","publisher":{"@id":"https:\/\/itr.ufrrj.br\/portal\/#organization"},"potentialAction":[{"@type":"SearchAction","target":{"@type":"EntryPoint","urlTemplate":"https:\/\/itr.ufrrj.br\/portal\/?s={search_term_string}"},"query-input":{"@type":"PropertyValueSpecification","valueRequired":true,"valueName":"search_term_string"}}],"inLanguage":"pt-BR"},{"@type":"Organization","@id":"https:\/\/itr.ufrrj.br\/portal\/#organization","name":"Instituto Tr\u00eas Rios\/UFRRJ","url":"https:\/\/itr.ufrrj.br\/portal\/","logo":{"@type":"ImageObject","inLanguage":"pt-BR","@id":"https:\/\/itr.ufrrj.br\/portal\/#\/schema\/logo\/image\/","url":"https:\/\/itr.ufrrj.br\/portal\/wp-content\/uploads\/2020\/04\/logo-institutotresrios-ufrrj.png","contentUrl":"https:\/\/itr.ufrrj.br\/portal\/wp-content\/uploads\/2020\/04\/logo-institutotresrios-ufrrj.png","width":1067,"height":240,"caption":"Instituto Tr\u00eas Rios\/UFRRJ"},"image":{"@id":"https:\/\/itr.ufrrj.br\/portal\/#\/schema\/logo\/image\/"},"sameAs":["https:\/\/www.facebook.com\/itr.ufrrj"]}]}},"jetpack_sharing_enabled":true,"amp_enabled":false,"_links":{"self":[{"href":"https:\/\/itr.ufrrj.br\/portal\/wp-json\/wp\/v2\/pages\/8162","targetHints":{"allow":["GET"]}}],"collection":[{"href":"https:\/\/itr.ufrrj.br\/portal\/wp-json\/wp\/v2\/pages"}],"about":[{"href":"https:\/\/itr.ufrrj.br\/portal\/wp-json\/wp\/v2\/types\/page"}],"author":[{"embeddable":true,"href":"https:\/\/itr.ufrrj.br\/portal\/wp-json\/wp\/v2\/users\/4"}],"replies":[{"embeddable":true,"href":"https:\/\/itr.ufrrj.br\/portal\/wp-json\/wp\/v2\/comments?post=8162"}],"version-history":[{"count":14,"href":"https:\/\/itr.ufrrj.br\/portal\/wp-json\/wp\/v2\/pages\/8162\/revisions"}],"predecessor-version":[{"id":8377,"href":"https:\/\/itr.ufrrj.br\/portal\/wp-json\/wp\/v2\/pages\/8162\/revisions\/8377"}],"up":[{"embeddable":true,"href":"https:\/\/itr.ufrrj.br\/portal\/wp-json\/wp\/v2\/pages\/8150"}],"wp:attachment":[{"href":"https:\/\/itr.ufrrj.br\/portal\/wp-json\/wp\/v2\/media?parent=8162"}],"curies":[{"name":"wp","href":"https:\/\/api.w.org\/{rel}","templated":true}]}}