{"id":7824,"date":"2018-06-25T15:59:32","date_gmt":"2018-06-25T18:59:32","guid":{"rendered":"https:\/\/www.itr.ufrrj.br\/portal\/?page_id=7824"},"modified":"2022-03-15T14:32:58","modified_gmt":"2022-03-15T17:32:58","slug":"atas-do-colegiado-do-curso-de-direito","status":"publish","type":"page","link":"https:\/\/itr.ufrrj.br\/portal\/cursos\/direito\/atas-do-colegiado-do-curso-de-direito\/","title":{"rendered":"Atas"},"content":{"rendered":"<h1>Atas da Coordena\u00e7\u00e3o do Direito<\/h1>\n<h2>2019<\/h2>\n<ul>\n<li><a href=\"https:\/\/itr.ufrrj.br\/portal\/wp-content\/uploads\/2019\/08\/ata-direito-2019-08-12.pdf\">1\u00aa Reuni\u00e3o Ordin\u00e1ria do NDE<\/a> &#8211; 12 de agosto<\/li>\n<\/ul>\n<h2>2018<\/h2>\n<ul>\n<li><a href=\"https:\/\/www.itr.ufrrj.br\/portal\/wp-content\/uploads\/atas\/ata_curso_dir_ro_2018_2.pdf\">2\u00aa Reuni\u00e3o<\/a>\u00a0&#8211; 05 de junho<\/li>\n<li><a href=\"https:\/\/www.itr.ufrrj.br\/portal\/wp-content\/uploads\/atas\/ata_curso_dir_ro_2018_1.pdf\">1\u00aa Reuni\u00e3o<\/a> &#8211; 11 de abril<\/li>\n<\/ul>\n<h2>2017<\/h2>\n<ul>\n<li><a href=\"https:\/\/itr.ufrrj.br\/portal\/wp-content\/uploads\/2019\/06\/ATA-2-RO-2017.pdf\">2\u00aa Reuni\u00e3o<\/a>\u00a0&#8211; 21 de agosto<\/li>\n<li><a href=\"https:\/\/itr.ufrrj.br\/portal\/wp-content\/uploads\/2019\/06\/ATA-1-RO-2017.pdf\">1\u00aa Reuni\u00e3o<\/a>\u00a0&#8211; 23 de maio<\/li>\n<\/ul>\n<h1>Atas do Colegiado do Direito<\/h1>\n<h2>2021<\/h2>\n<ul>\n<li><a href=\"https:\/\/itr.ufrrj.br\/portal\/wp-content\/uploads\/2022\/03\/6a-REUNIAO-ORDINARIA-DE-06-DE-NOVEMBRO-DE-2021.pdf\">6\u00aa Reuni\u00e3o Ordin\u00e1ria<\/a>\u00a0&#8211; 08\/11\/2021<\/li>\n<li><a href=\"https:\/\/itr.ufrrj.br\/portal\/wp-content\/uploads\/2021\/09\/Ata-da-5a-Reuniao-Ordinaria-de-2021-do-Colegiado-do-curso-de-Direito.pdf\">5\u00aa Reuni\u00e3o Ordin\u00e1ria<\/a> &#8211; 06\/08\/2021<\/li>\n<li><a href=\"https:\/\/itr.ufrrj.br\/portal\/wp-content\/uploads\/2021\/07\/ATA-4a-RO-COLEGIADO-DE-07-DE-JULHO-DE-2021.pdf\">4\u00aa Reuni\u00e3o Ordin\u00e1ria<\/a> &#8211; 07\/07\/2021<\/li>\n<li><a href=\"https:\/\/itr.ufrrj.br\/portal\/wp-content\/uploads\/2021\/07\/Ata-3a-RO-Colegiado-do-curso-de-Direito-de-04-de-maio-de-2021.pdf\">3\u00aa Reuni\u00e3o Ordin\u00e1ria<\/a> &#8211; 04\/05\/2021<\/li>\n<li><a href=\"https:\/\/itr.ufrrj.br\/portal\/wp-content\/uploads\/2021\/04\/ATA_2_RO_COLEGIADO_DO_CURSO_DE_DIREITO-2021.pdf\">2\u00aa Reuni\u00e3o Ordin\u00e1ria<\/a> &#8211; 22\/03\/2021<\/li>\n<li><a href=\"https:\/\/itr.ufrrj.br\/portal\/wp-content\/uploads\/2021\/03\/ATA_DA_1_RO_COLEGIADO_fevereiro_2021-Assinada.pdf\">1\u00aa Reuni\u00e3o Ordin\u00e1ria<\/a>\u00a0&#8211; 22\/02\/2021<\/li>\n<\/ul>\n<h2>2020<\/h2>\n<ul>\n<li><a href=\"https:\/\/itr.ufrrj.br\/portal\/wp-content\/uploads\/2020\/10\/1a-RO-do-Colegiado-do-Curso-de-Direito-2020.pdf\">1\u00aa Reuni\u00e3o Ordin\u00e1ria<\/a> &#8211; 22\/06\/2020<\/li>\n<\/ul>\n<h2>2019<\/h2>\n<ul>\n<li><a href=\"https:\/\/itr.ufrrj.br\/portal\/wp-content\/uploads\/2019\/06\/Reunia\u0303o-03-de-junho.pdf\">Reunia\u0303o &#8211; 03 de junho<\/a><\/li>\n<li><a href=\"https:\/\/itr.ufrrj.br\/portal\/wp-content\/uploads\/2019\/06\/Reunia\u0303o-29-de-abril.pdf\">Reunia\u0303o &#8211; 29 de abril<\/a><\/li>\n<\/ul>\n<h2>2010<\/h2>\n<ul>\n<li><a href=\"https:\/\/itr.ufrrj.br\/portal\/wp-content\/uploads\/2019\/06\/Reunia\u0303o-21-de-outubro.pdf\">Reunia\u0303o &#8211; 21 de outubro<\/a><\/li>\n<li><a href=\"https:\/\/itr.ufrrj.br\/portal\/wp-content\/uploads\/2019\/06\/Reunia\u0303o-14-de-setembro.pdf\">Reunia\u0303o &#8211; 14 de setembro<\/a><\/li>\n<li><a href=\"https:\/\/itr.ufrrj.br\/portal\/wp-content\/uploads\/2019\/06\/Reunia\u0303o-27-de-abril.pdf\">Reunia\u0303o &#8211; 27 de abril<\/a><\/li>\n<li><a href=\"https:\/\/itr.ufrrj.br\/portal\/wp-content\/uploads\/2019\/06\/Reunia\u0303o-23-de-marc\u0327o.pdf\">Reunia\u0303o &#8211; 23 de marc\u0327o<\/a><\/li>\n<\/ul>\n<h1>Atas do N\u00facleo Docente Estruturante<\/h1>\n<h2>2021<\/h2>\n<ul>\n<li><a href=\"https:\/\/itr.ufrrj.br\/portal\/wp-content\/uploads\/2021\/07\/Ata-3a-RO-do-NDE-de-09-de-junho-de-2021.pdf\">3\u00aa Reuni\u00e3o Ordin\u00e1ria<\/a> &#8211; 09\/06\/2021<\/li>\n<li><a href=\"https:\/\/itr.ufrrj.br\/portal\/wp-content\/uploads\/2021\/06\/Ata-2a-RO-do-NDE-de-maio-de-2021.pdf\">2\u00aa Reuni\u00e3o Ordin\u00e1ria<\/a>\u00a0&#8211; 05\/05\/2021<\/li>\n<li><a href=\"https:\/\/itr.ufrrj.br\/portal\/wp-content\/uploads\/2021\/06\/Ata-1a-RO-do-NDE-19-de-abril-de-2021.pdf\">1\u00aa Reuni\u00e3o Ordin\u00e1ria<\/a> &#8211; 19\/04\/2021<\/li>\n<\/ul>\n<h2>2020<\/h2>\n<ul>\n<li><a href=\"https:\/\/itr.ufrrj.br\/portal\/wp-content\/uploads\/2021\/08\/Ata-2a-Reuniao-Ordinaria-NDE-26-DE-JUNHO-DE-2020.pdf\">2\u00aa Reuni\u00e3o Ordin\u00e1ria<\/a>\u00a0&#8211; 26\/06\/2020<\/li>\n<li><a href=\"https:\/\/itr.ufrrj.br\/portal\/wp-content\/uploads\/2021\/08\/Ata-1a-Reuniao-Ordinaria-NDE-05-de-junho-de-2020.pdf\">1\u00aa Reuni\u00e3o Ordin\u00e1ria<\/a>\u00a0&#8211; 05\/06\/2020<\/li>\n<\/ul>\n","protected":false},"excerpt":{"rendered":"<p>Atas da Coordena\u00e7\u00e3o do Direito 2019 1\u00aa Reuni\u00e3o Ordin\u00e1ria do NDE &#8211; 12 de agosto 2018 2\u00aa Reuni\u00e3o\u00a0&#8211; 05 de junho 1\u00aa Reuni\u00e3o &#8211; 11 de abril 2017 2\u00aa Reuni\u00e3o\u00a0&#8211; [&hellip;]<\/p>\n","protected":false},"author":4,"featured_media":0,"parent":8268,"menu_order":0,"comment_status":"closed","ping_status":"closed","template":"page-cursos.php","meta":{"_acf_changed":false,"editor_plus_copied_stylings":"{}","footnotes":""},"class_list":["post-7824","page","type-page","status-publish","hentry"],"acf":[],"yoast_head":"<!-- This site is optimized with the Yoast SEO plugin v27.4 - https:\/\/yoast.com\/product\/yoast-seo-wordpress\/ -->\n<title>Atas - Campus Tr\u00eas Rios | UFRRJ<\/title>\n<meta name=\"robots\" content=\"index, follow, max-snippet:-1, max-image-preview:large, max-video-preview:-1\" \/>\n<link rel=\"canonical\" href=\"https:\/\/itr.ufrrj.br\/portal\/cursos\/direito\/atas-do-colegiado-do-curso-de-direito\/\" \/>\n<meta property=\"og:locale\" content=\"pt_BR\" \/>\n<meta property=\"og:type\" content=\"article\" \/>\n<meta property=\"og:title\" content=\"Atas - Campus Tr\u00eas Rios | UFRRJ\" \/>\n<meta property=\"og:description\" content=\"Atas da Coordena\u00e7\u00e3o do Direito 2019 1\u00aa Reuni\u00e3o Ordin\u00e1ria do NDE &#8211; 12 de agosto 2018 2\u00aa Reuni\u00e3o\u00a0&#8211; 05 de junho 1\u00aa Reuni\u00e3o &#8211; 11 de abril 2017 2\u00aa Reuni\u00e3o\u00a0&#8211; [&hellip;]\" \/>\n<meta property=\"og:url\" content=\"https:\/\/itr.ufrrj.br\/portal\/cursos\/direito\/atas-do-colegiado-do-curso-de-direito\/\" \/>\n<meta property=\"og:site_name\" content=\"Campus Tr\u00eas Rios | UFRRJ\" \/>\n<meta property=\"article:publisher\" content=\"https:\/\/www.facebook.com\/itr.ufrrj\" \/>\n<meta property=\"article:modified_time\" content=\"2022-03-15T17:32:58+00:00\" \/>\n<meta name=\"twitter:card\" content=\"summary_large_image\" \/>\n<meta name=\"twitter:label1\" content=\"Est. tempo de leitura\" \/>\n\t<meta name=\"twitter:data1\" content=\"1 minuto\" \/>\n<script type=\"application\/ld+json\" class=\"yoast-schema-graph\">{\"@context\":\"https:\\\/\\\/schema.org\",\"@graph\":[{\"@type\":\"WebPage\",\"@id\":\"https:\\\/\\\/itr.ufrrj.br\\\/portal\\\/cursos\\\/direito\\\/atas-do-colegiado-do-curso-de-direito\\\/\",\"url\":\"https:\\\/\\\/itr.ufrrj.br\\\/portal\\\/cursos\\\/direito\\\/atas-do-colegiado-do-curso-de-direito\\\/\",\"name\":\"Atas - Campus Tr\u00eas Rios | UFRRJ\",\"isPartOf\":{\"@id\":\"https:\\\/\\\/itr.ufrrj.br\\\/portal\\\/#website\"},\"datePublished\":\"2018-06-25T18:59:32+00:00\",\"dateModified\":\"2022-03-15T17:32:58+00:00\",\"breadcrumb\":{\"@id\":\"https:\\\/\\\/itr.ufrrj.br\\\/portal\\\/cursos\\\/direito\\\/atas-do-colegiado-do-curso-de-direito\\\/#breadcrumb\"},\"inLanguage\":\"pt-BR\",\"potentialAction\":[{\"@type\":\"ReadAction\",\"target\":[\"https:\\\/\\\/itr.ufrrj.br\\\/portal\\\/cursos\\\/direito\\\/atas-do-colegiado-do-curso-de-direito\\\/\"]}]},{\"@type\":\"BreadcrumbList\",\"@id\":\"https:\\\/\\\/itr.ufrrj.br\\\/portal\\\/cursos\\\/direito\\\/atas-do-colegiado-do-curso-de-direito\\\/#breadcrumb\",\"itemListElement\":[{\"@type\":\"ListItem\",\"position\":1,\"name\":\"In\u00edcio\",\"item\":\"https:\\\/\\\/itr.ufrrj.br\\\/portal\\\/\"},{\"@type\":\"ListItem\",\"position\":2,\"name\":\"Cursos\",\"item\":\"https:\\\/\\\/itr.ufrrj.br\\\/portal\\\/cursos\\\/\"},{\"@type\":\"ListItem\",\"position\":3,\"name\":\"Direito\",\"item\":\"https:\\\/\\\/itr.ufrrj.br\\\/portal\\\/?page_id=8268\"},{\"@type\":\"ListItem\",\"position\":4,\"name\":\"Atas\"}]},{\"@type\":\"WebSite\",\"@id\":\"https:\\\/\\\/itr.ufrrj.br\\\/portal\\\/#website\",\"url\":\"https:\\\/\\\/itr.ufrrj.br\\\/portal\\\/\",\"name\":\"Campus Tr\u00eas Rios | UFRRJ\",\"description\":\"Localizado na cidade de Tr\u00eas Rios - RJ\",\"publisher\":{\"@id\":\"https:\\\/\\\/itr.ufrrj.br\\\/portal\\\/#organization\"},\"potentialAction\":[{\"@type\":\"SearchAction\",\"target\":{\"@type\":\"EntryPoint\",\"urlTemplate\":\"https:\\\/\\\/itr.ufrrj.br\\\/portal\\\/?s={search_term_string}\"},\"query-input\":{\"@type\":\"PropertyValueSpecification\",\"valueRequired\":true,\"valueName\":\"search_term_string\"}}],\"inLanguage\":\"pt-BR\"},{\"@type\":\"Organization\",\"@id\":\"https:\\\/\\\/itr.ufrrj.br\\\/portal\\\/#organization\",\"name\":\"Instituto Tr\u00eas Rios\\\/UFRRJ\",\"url\":\"https:\\\/\\\/itr.ufrrj.br\\\/portal\\\/\",\"logo\":{\"@type\":\"ImageObject\",\"inLanguage\":\"pt-BR\",\"@id\":\"https:\\\/\\\/itr.ufrrj.br\\\/portal\\\/#\\\/schema\\\/logo\\\/image\\\/\",\"url\":\"https:\\\/\\\/itr.ufrrj.br\\\/portal\\\/wp-content\\\/uploads\\\/2020\\\/04\\\/logo-institutotresrios-ufrrj.png\",\"contentUrl\":\"https:\\\/\\\/itr.ufrrj.br\\\/portal\\\/wp-content\\\/uploads\\\/2020\\\/04\\\/logo-institutotresrios-ufrrj.png\",\"width\":1067,\"height\":240,\"caption\":\"Instituto Tr\u00eas Rios\\\/UFRRJ\"},\"image\":{\"@id\":\"https:\\\/\\\/itr.ufrrj.br\\\/portal\\\/#\\\/schema\\\/logo\\\/image\\\/\"},\"sameAs\":[\"https:\\\/\\\/www.facebook.com\\\/itr.ufrrj\"]}]}<\/script>\n<!-- \/ Yoast SEO plugin. -->","yoast_head_json":{"title":"Atas - Campus Tr\u00eas Rios | UFRRJ","robots":{"index":"index","follow":"follow","max-snippet":"max-snippet:-1","max-image-preview":"max-image-preview:large","max-video-preview":"max-video-preview:-1"},"canonical":"https:\/\/itr.ufrrj.br\/portal\/cursos\/direito\/atas-do-colegiado-do-curso-de-direito\/","og_locale":"pt_BR","og_type":"article","og_title":"Atas - Campus Tr\u00eas Rios | UFRRJ","og_description":"Atas da Coordena\u00e7\u00e3o do Direito 2019 1\u00aa Reuni\u00e3o Ordin\u00e1ria do NDE &#8211; 12 de agosto 2018 2\u00aa Reuni\u00e3o\u00a0&#8211; 05 de junho 1\u00aa Reuni\u00e3o &#8211; 11 de abril 2017 2\u00aa Reuni\u00e3o\u00a0&#8211; [&hellip;]","og_url":"https:\/\/itr.ufrrj.br\/portal\/cursos\/direito\/atas-do-colegiado-do-curso-de-direito\/","og_site_name":"Campus Tr\u00eas Rios | UFRRJ","article_publisher":"https:\/\/www.facebook.com\/itr.ufrrj","article_modified_time":"2022-03-15T17:32:58+00:00","twitter_card":"summary_large_image","twitter_misc":{"Est. tempo de leitura":"1 minuto"},"schema":{"@context":"https:\/\/schema.org","@graph":[{"@type":"WebPage","@id":"https:\/\/itr.ufrrj.br\/portal\/cursos\/direito\/atas-do-colegiado-do-curso-de-direito\/","url":"https:\/\/itr.ufrrj.br\/portal\/cursos\/direito\/atas-do-colegiado-do-curso-de-direito\/","name":"Atas - Campus Tr\u00eas Rios | UFRRJ","isPartOf":{"@id":"https:\/\/itr.ufrrj.br\/portal\/#website"},"datePublished":"2018-06-25T18:59:32+00:00","dateModified":"2022-03-15T17:32:58+00:00","breadcrumb":{"@id":"https:\/\/itr.ufrrj.br\/portal\/cursos\/direito\/atas-do-colegiado-do-curso-de-direito\/#breadcrumb"},"inLanguage":"pt-BR","potentialAction":[{"@type":"ReadAction","target":["https:\/\/itr.ufrrj.br\/portal\/cursos\/direito\/atas-do-colegiado-do-curso-de-direito\/"]}]},{"@type":"BreadcrumbList","@id":"https:\/\/itr.ufrrj.br\/portal\/cursos\/direito\/atas-do-colegiado-do-curso-de-direito\/#breadcrumb","itemListElement":[{"@type":"ListItem","position":1,"name":"In\u00edcio","item":"https:\/\/itr.ufrrj.br\/portal\/"},{"@type":"ListItem","position":2,"name":"Cursos","item":"https:\/\/itr.ufrrj.br\/portal\/cursos\/"},{"@type":"ListItem","position":3,"name":"Direito","item":"https:\/\/itr.ufrrj.br\/portal\/?page_id=8268"},{"@type":"ListItem","position":4,"name":"Atas"}]},{"@type":"WebSite","@id":"https:\/\/itr.ufrrj.br\/portal\/#website","url":"https:\/\/itr.ufrrj.br\/portal\/","name":"Campus Tr\u00eas Rios | UFRRJ","description":"Localizado na cidade de Tr\u00eas Rios - RJ","publisher":{"@id":"https:\/\/itr.ufrrj.br\/portal\/#organization"},"potentialAction":[{"@type":"SearchAction","target":{"@type":"EntryPoint","urlTemplate":"https:\/\/itr.ufrrj.br\/portal\/?s={search_term_string}"},"query-input":{"@type":"PropertyValueSpecification","valueRequired":true,"valueName":"search_term_string"}}],"inLanguage":"pt-BR"},{"@type":"Organization","@id":"https:\/\/itr.ufrrj.br\/portal\/#organization","name":"Instituto Tr\u00eas Rios\/UFRRJ","url":"https:\/\/itr.ufrrj.br\/portal\/","logo":{"@type":"ImageObject","inLanguage":"pt-BR","@id":"https:\/\/itr.ufrrj.br\/portal\/#\/schema\/logo\/image\/","url":"https:\/\/itr.ufrrj.br\/portal\/wp-content\/uploads\/2020\/04\/logo-institutotresrios-ufrrj.png","contentUrl":"https:\/\/itr.ufrrj.br\/portal\/wp-content\/uploads\/2020\/04\/logo-institutotresrios-ufrrj.png","width":1067,"height":240,"caption":"Instituto Tr\u00eas Rios\/UFRRJ"},"image":{"@id":"https:\/\/itr.ufrrj.br\/portal\/#\/schema\/logo\/image\/"},"sameAs":["https:\/\/www.facebook.com\/itr.ufrrj"]}]}},"jetpack_sharing_enabled":true,"amp_enabled":false,"_links":{"self":[{"href":"https:\/\/itr.ufrrj.br\/portal\/wp-json\/wp\/v2\/pages\/7824","targetHints":{"allow":["GET"]}}],"collection":[{"href":"https:\/\/itr.ufrrj.br\/portal\/wp-json\/wp\/v2\/pages"}],"about":[{"href":"https:\/\/itr.ufrrj.br\/portal\/wp-json\/wp\/v2\/types\/page"}],"author":[{"embeddable":true,"href":"https:\/\/itr.ufrrj.br\/portal\/wp-json\/wp\/v2\/users\/4"}],"replies":[{"embeddable":true,"href":"https:\/\/itr.ufrrj.br\/portal\/wp-json\/wp\/v2\/comments?post=7824"}],"version-history":[{"count":21,"href":"https:\/\/itr.ufrrj.br\/portal\/wp-json\/wp\/v2\/pages\/7824\/revisions"}],"predecessor-version":[{"id":12821,"href":"https:\/\/itr.ufrrj.br\/portal\/wp-json\/wp\/v2\/pages\/7824\/revisions\/12821"}],"up":[{"embeddable":true,"href":"https:\/\/itr.ufrrj.br\/portal\/wp-json\/wp\/v2\/pages\/8268"}],"wp:attachment":[{"href":"https:\/\/itr.ufrrj.br\/portal\/wp-json\/wp\/v2\/media?parent=7824"}],"curies":[{"name":"wp","href":"https:\/\/api.w.org\/{rel}","templated":true}]}}