{"id":7726,"date":"2018-06-12T15:53:46","date_gmt":"2018-06-12T18:53:46","guid":{"rendered":"https:\/\/www.itr.ufrrj.br\/portal\/?page_id=7726"},"modified":"2023-10-09T16:25:19","modified_gmt":"2023-10-09T19:25:19","slug":"atas","status":"publish","type":"page","link":"https:\/\/itr.ufrrj.br\/portal\/departamentos\/ddhl\/atas\/","title":{"rendered":"Atas de Reuni\u00f5es do DDHL"},"content":{"rendered":"<h2>2023<\/h2>\n<ul>\n<li><a href=\"https:\/\/itr.ufrrj.br\/portal\/wp-content\/uploads\/2023\/10\/Ata_6_RO_2023-1.pdf\">6\u00aa Reuni\u00e3o Ordin\u00e1ria<\/a> &#8211; 30\/08\/2023<\/li>\n<li><a href=\"https:\/\/itr.ufrrj.br\/portal\/wp-content\/uploads\/2023\/10\/Ata_5_RO_2023.pdf\">5\u00aa Reuni\u00e3o Ordin\u00e1ria<\/a> &#8211; 11\/07\/2023<\/li>\n<li><a href=\"https:\/\/itr.ufrrj.br\/portal\/wp-content\/uploads\/2023\/07\/Ata_4_RO_2023-final.pdf\">4\u00aa Reuni\u00e3o Ordin\u00e1ria<\/a> &#8211; 22\/06\/2023<\/li>\n<li><a href=\"https:\/\/itr.ufrrj.br\/portal\/wp-content\/uploads\/2023\/07\/Ata_da_3_RO_24_de_maio_de_2023_corrigida.pdf\">3\u00aa Reuni\u00e3o Ordin\u00e1ria<\/a> &#8211; 24\/05\/2023<\/li>\n<li><a href=\"https:\/\/itr.ufrrj.br\/portal\/wp-content\/uploads\/2023\/04\/Ata_da_2_RO_07_de_maro_de_2023.pdf\">2\u00aa Reuni\u00e3o Ordin\u00e1ria<\/a> &#8211; 07\/03\/2023<\/li>\n<li><a href=\"https:\/\/itr.ufrrj.br\/portal\/wp-content\/uploads\/2023\/05\/Ata-da-1-RO-02-de-fevereiro-de-2023.pdf\">1\u00aa Reuni\u00e3o Ordin\u00e1ria<\/a> &#8211; 02\/02\/2023<\/li>\n<\/ul>\n<h2>2022<\/h2>\n<ul>\n<li><a href=\"https:\/\/itr.ufrrj.br\/portal\/wp-content\/uploads\/2023\/01\/Ata_da_9_RO_06_de_dezembro_de_2022_final-2.pdf\">9\u00aa Reuni\u00e3o Ordin\u00e1ria<\/a> &#8211; 06\/12\/2022<\/li>\n<li><a href=\"https:\/\/itr.ufrrj.br\/portal\/wp-content\/uploads\/2022\/12\/Ata_da_3_REx_17_de_novembro_de_2022.pdf\">3\u00aa Reuni\u00e3o Extraordin\u00e1ria<\/a> &#8211; 17\/11\/2022<\/li>\n<li><a href=\"https:\/\/itr.ufrrj.br\/portal\/wp-content\/uploads\/2022\/12\/Ata_da_8_RO_17_de_novembro_de_2022_1.pdf\">8\u00aa Reuni\u00e3o Ordin\u00e1ria<\/a> &#8211; 17\/11\/2022<\/li>\n<li><a href=\"https:\/\/itr.ufrrj.br\/portal\/wp-content\/uploads\/2022\/11\/Ata_da_7_RO_26_de_outubro_de_2022_final.pdf\">7\u00aa Reuni\u00e3o Ordin\u00e1ria<\/a> &#8211; 27\/10\/2022<\/li>\n<li><a href=\"https:\/\/itr.ufrrj.br\/portal\/wp-content\/uploads\/2022\/11\/Ata_da_2_REx_01_de_setembro_de_2022-2.pdf\">2\u00aa Reuni\u00e3o Extraordin\u00e1ria<\/a> &#8211; 01\/09\/2022<\/li>\n<li><a href=\"https:\/\/itr.ufrrj.br\/portal\/wp-content\/uploads\/2022\/11\/Ata_da_6_RO_25_de_agosto_de_2022_2-2.pdf\">6\u00aa Reuni\u00e3o Ordin\u00e1ria<\/a> &#8211; 25\/08\/2022<\/li>\n<li><a href=\"https:\/\/itr.ufrrj.br\/portal\/wp-content\/uploads\/2022\/11\/Ata_1_Rex_2022_10_de_agosto_de_2022-1.pdf\">1\u00aa Reuni\u00e3o Extraordin\u00e1ria<\/a> &#8211; 10\/08\/2022<\/li>\n<li><a href=\"https:\/\/itr.ufrrj.br\/portal\/wp-content\/uploads\/2022\/11\/Ata_da_5_RO_28_de_julho_de_2022-4.pdf\">5\u00aa Reuni\u00e3o Ordin\u00e1ria<\/a> &#8211; 28\/07\/2022<\/li>\n<li><a href=\"https:\/\/itr.ufrrj.br\/portal\/wp-content\/uploads\/2022\/06\/Ata_da_4_RO_27_de_maio_de_2022.pdf\">4\u00aa Reuni\u00e3o Ordin\u00e1ria<\/a> &#8211; 27\/05\/2022<\/li>\n<li><a href=\"https:\/\/itr.ufrrj.br\/portal\/wp-content\/uploads\/2022\/06\/Ata_da_3_RO_26_de_abril_de_2022-2.pdf\">3\u00aa Reuni\u00e3o Ordin\u00e1ria<\/a> &#8211; 26\/04\/2022<\/li>\n<li><a href=\"https:\/\/itr.ufrrj.br\/portal\/wp-content\/uploads\/2022\/04\/Ata_da_2_RO_17_de_marco_de_2022-1.pdf\">2\u00aa Reuni\u00e3o Ordin\u00e1ria<\/a>\u00a0&#8211; 17\/03\/2022<\/li>\n<li><a href=\"https:\/\/itr.ufrrj.br\/portal\/wp-content\/uploads\/2022\/03\/Ata_da_1_RO_15_de_fevereiro_de_2022-1.pdf\">1\u00aa Reuni\u00e3o Ordin\u00e1ria<\/a>\u00a0&#8211; 15\/02\/2022<\/li>\n<\/ul>\n<h2>2021<\/h2>\n<ul>\n<li><a href=\"https:\/\/itr.ufrrj.br\/portal\/wp-content\/uploads\/2021\/12\/Ata_da_9_RO_11_de_novembro_2021.pdf\">9\u00aa Reuni\u00e3o Ordin\u00e1ria<\/a>\u00a0&#8211; 11\/11\/2021<\/li>\n<li><a href=\"https:\/\/itr.ufrrj.br\/portal\/wp-content\/uploads\/2021\/12\/Ata_da_8_RO_27_de_outubro_2021.pdf\">8\u00aa Reuni\u00e3o Ordin\u00e1ria<\/a>\u00a0&#8211; 27\/10\/2021<\/li>\n<li><a href=\"https:\/\/itr.ufrrj.br\/portal\/wp-content\/uploads\/2021\/12\/Ata_da_7_RO_23_de_setembro_2021_2_alterado.pdf\">7\u00aa Reuni\u00e3o Ordin\u00e1ria<\/a>\u00a0&#8211; 23\/09\/2021<\/li>\n<li><a href=\"https:\/\/itr.ufrrj.br\/portal\/wp-content\/uploads\/2021\/09\/b-Ata_da_6_RO_19_de_agosto_2021-1.pdf\">6\u00aa Reuni\u00e3o Ordin\u00e1ria<\/a> &#8211; 19\/08\/2021<\/li>\n<li><a href=\"https:\/\/itr.ufrrj.br\/portal\/wp-content\/uploads\/2021\/08\/Ata_da_5_RO_22_de_julho_2021.pdf\">5\u00aa Reuni\u00e3o Ordin\u00e1ria<\/a>\u00a0&#8211; 22\/07\/2021<\/li>\n<li><a href=\"https:\/\/itr.ufrrj.br\/portal\/wp-content\/uploads\/2021\/07\/Ata-2a-REx-13-de-julho-2021.pdf\">2\u00aa Reuni\u00e3o Extraordin\u00e1ria<\/a>\u00a0&#8211; 13\/07\/2021<\/li>\n<li><a href=\"https:\/\/itr.ufrrj.br\/portal\/wp-content\/uploads\/2021\/07\/Ata_da_4_RO_junho_2021.pdf\">4\u00aa Reuni\u00e3o Ordin\u00e1ria<\/a>\u00a0&#8211; 15\/06\/2021<\/li>\n<li><a href=\"https:\/\/itr.ufrrj.br\/portal\/wp-content\/uploads\/2021\/07\/Ata_da_3_RO_maio_2021.pdf\">3\u00aa Reuni\u00e3o Ordin\u00e1ria<\/a> &#8211; 04\/05\/2021<\/li>\n<li><a href=\"https:\/\/itr.ufrrj.br\/portal\/wp-content\/uploads\/2021\/07\/Ata_da_2_RO_marco_2021.pdf\">2\u00aa Reuni\u00e3o Ordin\u00e1ria<\/a> &#8211; 26\/03\/2021<\/li>\n<li><a href=\"https:\/\/itr.ufrrj.br\/portal\/wp-content\/uploads\/2021\/04\/Ata-1a-REX-15-marco-2021.pdf\">1\u00aa Reuni\u00e3o Extraordin\u00e1ria<\/a>\u00a0&#8211; 15\/03\/2021<\/li>\n<li><a href=\"https:\/\/itr.ufrrj.br\/portal\/wp-content\/uploads\/2021\/04\/Ata-1a-RO-23-fevereiro-2021.pdf\">1\u00aa Reuni\u00e3o Ordin\u00e1ria<\/a> &#8211; 23\/02\/2021<\/li>\n<\/ul>\n<h2>2020<\/h2>\n<ul>\n<li><a href=\"https:\/\/itr.ufrrj.br\/portal\/wp-content\/uploads\/2021\/01\/Ata-8a-RO-01-de-dezembro-de-2020.pdf\">8\u00aa Reuni\u00e3o Ordin\u00e1ria<\/a>\u00a0&#8211; 01\/12\/2020<\/li>\n<li><a href=\"https:\/\/itr.ufrrj.br\/portal\/wp-content\/uploads\/2021\/01\/Ata-7a-RO-19-de-novembro-de-2020.pdf\">7\u00aa Reuni\u00e3o Ordin\u00e1ria<\/a>\u00a0&#8211; 19\/11\/2020<\/li>\n<li><a href=\"https:\/\/itr.ufrrj.br\/portal\/wp-content\/uploads\/2021\/01\/Ata-6a-RO-6-de-outubro-de-2020.pdf\">6\u00aa Reuni\u00e3o Ordin\u00e1ria<\/a>\u00a0&#8211; 06\/10\/2020<\/li>\n<li><a href=\"https:\/\/itr.ufrrj.br\/portal\/wp-content\/uploads\/2021\/01\/Ata-5a-RO-10-de-agosto-de-2020.pdf\">5\u00aa Reuni\u00e3o Ordin\u00e1ria<\/a>\u00a0&#8211; 10\/08\/2020<\/li>\n<li><a href=\"https:\/\/itr.ufrrj.br\/portal\/wp-content\/uploads\/2021\/01\/Ata-4a-RO-8-de-julho-de-2020.pdf\">4\u00aa Reuni\u00e3o Ordin\u00e1ria<\/a>\u00a0&#8211; 08\/07\/2020<\/li>\n<li><a href=\"https:\/\/itr.ufrrj.br\/portal\/wp-content\/uploads\/2020\/08\/Ata-3\u00aa-RO-18-de-maio-de-2020.pdf\">3\u00aa Reuni\u00e3o Ordin\u00e1ria<\/a> &#8211; 18\/05\/2020<\/li>\n<li><a href=\"https:\/\/itr.ufrrj.br\/portal\/wp-content\/uploads\/2020\/05\/Ata-1-Rex-7-de-abril-de-2020.pdf\">1\u00aa Reuni\u00e3o Extraordin\u00e1ria<\/a> &#8211; 07\/04\/2020<\/li>\n<li><a href=\"https:\/\/itr.ufrrj.br\/portal\/wp-content\/uploads\/2020\/05\/Ata-2-RO-7-de-abril-de-2020.pdf\">2\u00aa Reuni\u00e3o Ordin\u00e1ria<\/a>\u00a0&#8211; 07\/04\/2020<\/li>\n<li><a href=\"https:\/\/itr.ufrrj.br\/portal\/wp-content\/uploads\/2020\/04\/Ata-1a-RO-2020-12-de-marco-de-2020.pdf\">1\u00aa Reuni\u00e3o Ordin\u00e1ria<\/a> &#8211; 12\/03\/2020<\/li>\n<\/ul>\n<p><span style=\"color: inherit; font-size: 1.95em; font-weight: 600;\">2019<\/span><\/p>\n<ul>\n<li><a href=\"https:\/\/itr.ufrrj.br\/portal\/wp-content\/uploads\/2020\/02\/Ata-8-RO-11-de-dezembro-de-2019.pdf\">8\u00aa Reuni\u00e3o Ordin\u00e1ria &#8211; 11 de dezembro de 2019<\/a><\/li>\n<li><a href=\"https:\/\/itr.ufrrj.br\/portal\/wp-content\/uploads\/2019\/12\/Ata-7-RO-12-de-novembro-de-2019.pdf\">7\u00aa Reuni\u00e3o Ordin\u00e1ria &#8211; 12 de novembro de 2019<\/a><\/li>\n<li><a href=\"https:\/\/itr.ufrrj.br\/portal\/wp-content\/uploads\/2020\/02\/Ata-2-REx-11-de-dezembro-de-2019.pdf\">2\u00aa Reuni\u00e3o Extraordin\u00e1ria &#8211; 11 de novembro de 2019<\/a><\/li>\n<li><a href=\"https:\/\/itr.ufrrj.br\/portal\/wp-content\/uploads\/2020\/02\/Ata-1-Rex-23-de-outubro-de-2019.pdf\">1\u00aa Reuni\u00e3o Extraordin\u00e1ria &#8211; 23 de outubro de 2019<\/a><\/li>\n<li><a href=\"https:\/\/itr.ufrrj.br\/portal\/wp-content\/uploads\/2019\/12\/Ata-6-RO-23-de-outubro-de-2019.pdf\">6\u00aa Reuni\u00e3o Ordin\u00e1ria &#8211; 23 de outubro de 2019<\/a><\/li>\n<li><a href=\"https:\/\/itr.ufrrj.br\/portal\/wp-content\/uploads\/2019\/10\/Ata-5a-RO-12-de-setembro-de-2019.pdf\">5\u00aa Reuni\u00e3o Ordin\u00e1ria &#8211; 12 de setembro de 2019<\/a><\/li>\n<li><a href=\"https:\/\/itr.ufrrj.br\/portal\/wp-content\/uploads\/2019\/08\/Ata-4-RO-21-de-agosto-de-2019.pdf\">4\u00aa Reuni\u00e3o Ordin\u00e1ria \u2013 21 de agosto de 2019<\/a><\/li>\n<li><a href=\"https:\/\/itr.ufrrj.br\/portal\/wp-content\/uploads\/2019\/06\/ATA-DDHL-3RO-14052019.pdf\">3\u00aa Reuni\u00e3o Ordin\u00e1ria \u2013 14 de maio de 2019<\/a><\/li>\n<li><a href=\"https:\/\/itr.ufrrj.br\/portal\/wp-content\/uploads\/2019\/05\/Ata-2\u00aa-RO-11-de-abril-de-2019.pdf\">2\u00aa Reuni\u00e3o Ordin\u00e1ria &#8211; 11 de abril de 2019<\/a><\/li>\n<li><a href=\"https:\/\/itr.ufrrj.br\/portal\/wp-content\/uploads\/2019\/05\/Ata-1\u00aa-RO-20-de-mar\u00e7o-de-2019.pdf\">1\u00aa Reuni\u00e3o Ordin\u00e1ria &#8211; 20 de mar\u00e7o de 2019<\/a><\/li>\n<\/ul>\n<h2>2018<\/h2>\n<ul>\n<li><a href=\"https:\/\/itr.ufrrj.br\/portal\/wp-content\/uploads\/2019\/02\/ata-ddhl-1rex-17122018.pdf\">1\u00aa Reuni\u00e3o Extraordin\u00e1ria &#8211; 17 de dezembro<\/a><\/li>\n<li><a href=\"https:\/\/itr.ufrrj.br\/portal\/wp-content\/uploads\/2019\/03\/ata-8a-ro-2018-08-de-novembro-de-2018.pdf\">8\u00aa Reuni\u00e3o &#8211; 08 de novembro<\/a><\/li>\n<li><a href=\"https:\/\/itr.ufrrj.br\/portal\/wp-content\/uploads\/2018\/11\/ata-7a-ro-2018-02-de-outubro-de-2018.pdf\">7\u00aa Reuni\u00e3o &#8211; 02 de outubro<\/a><\/li>\n<li><a href=\"https:\/\/itr.ufrrj.br\/portal\/wp-content\/uploads\/2018\/10\/ata-6a-ro-2018-22-de-agosto-de-2018.pdf\">6\u00aa Reuni\u00e3o &#8211; 22 de agosto<\/a><\/li>\n<li><a href=\"https:\/\/itr.ufrrj.br\/portal\/wp-content\/uploads\/2018\/10\/ata-5a-ro-2018-11-de-julho-de-2018.pdf\">5\u00aa Reuni\u00e3o &#8211; 11 de julho<\/a><\/li>\n<li><a href=\"https:\/\/itr.ufrrj.br\/portal\/wp-content\/uploads\/2018\/10\/ata-4a-ro-2018-05-de-junho-digitalizada.pdf\">4\u00aa Reuni\u00e3o &#8211; 05 de junho<\/a><\/li>\n<li><a href=\"https:\/\/itr.ufrrj.br\/portal\/wp-content\/uploads\/2018\/10\/ata-3a-ro-2018-10-de-maio-digitalizada.pdf\">3\u00aa Reuni\u00e3o &#8211; 10 de maio<\/a><\/li>\n<li><a href=\"https:\/\/www.itr.ufrrj.br\/portal\/wp-content\/uploads\/2018\/06\/ata-2a-ro-2018-abril-digitalizada.pdf\">2\u00aa Reuni\u00e3o &#8211; 11 de abril<\/a><\/li>\n<li><a href=\"https:\/\/www.itr.ufrrj.br\/portal\/wp-content\/uploads\/2018\/06\/ata-1a-ro-2018-marc%cc%a7o-digitalizada.pdf\">1\u00aa Reuni\u00e3o &#8211; 06 de mar\u00e7o<\/a><\/li>\n<\/ul>\n<h2>2017<\/h2>\n<ul>\n<li><a href=\"https:\/\/www.itr.ufrrj.br\/portal\/wp-content\/uploads\/2018\/06\/ata-8a-ro-2017-digitalizada.pdf\">8\u00aa Reuni\u00e3o &#8211; 07 de novembro<\/a><\/li>\n<li><a href=\"https:\/\/www.itr.ufrrj.br\/portal\/wp-content\/uploads\/2018\/06\/ata-7a-ro-2017-digitalizada.pdf\">7\u00aa Reuni\u00e3o &#8211; 05 de outubro<\/a><\/li>\n<li><a href=\"https:\/\/www.itr.ufrrj.br\/portal\/wp-content\/uploads\/2018\/06\/ata-6a-ro-2017-digitalizada.pdf\">6\u00aa Reuni\u00e3o &#8211; 13 de setembro<\/a><\/li>\n<li><a href=\"https:\/\/www.itr.ufrrj.br\/portal\/wp-content\/uploads\/2018\/06\/ata-2a-rex-2017-digitalizada.pdf\">2\u00aa Reuni\u00e3o Extraordin\u00e1ria &#8211; 28 de agosto<\/a><\/li>\n<li><a href=\"https:\/\/www.itr.ufrrj.br\/portal\/wp-content\/uploads\/2018\/06\/ata-1a-rex-2017-digitalizada.pdf\">1\u00aa Reuni\u00e3o Extraordin\u00e1ria &#8211; 16 de agosto <\/a><\/li>\n<li><a href=\"https:\/\/www.itr.ufrrj.br\/portal\/wp-content\/uploads\/2018\/06\/ata-5a-ro-2017-digitalizada.pdf\">5\u00aa Reuni\u00e3o &#8211; 06 de julho<\/a><\/li>\n<li><a href=\"https:\/\/www.itr.ufrrj.br\/portal\/wp-content\/uploads\/2018\/06\/ata-4a-ro-2017-digitalizada.pdf\">4\u00aa Reuni\u00e3o &#8211; 07 de junho<\/a><\/li>\n<li><a href=\"https:\/\/www.itr.ufrrj.br\/portal\/wp-content\/uploads\/2018\/06\/ata-3a-ro-2017-digitalizada.pdf\">3\u00aa Reuni\u00e3o &#8211; 16 de maio<\/a><\/li>\n<li><a href=\"https:\/\/www.itr.ufrrj.br\/portal\/wp-content\/uploads\/2018\/06\/ata-2a-ro-2017-digitalizada.pdf\">2\u00aa Reuni\u00e3o &#8211; 06 de abril<\/a><\/li>\n<li><a href=\"https:\/\/www.itr.ufrrj.br\/portal\/wp-content\/uploads\/2018\/06\/ata-1a-ro-2017-digitalizada.pdf\">1\u00aa Reuni\u00e3o &#8211; 31 de janeiro<\/a><\/li>\n<\/ul>\n<h2>2016<\/h2>\n<ul>\n<li><a href=\"https:\/\/www.itr.ufrrj.br\/portal\/wp-content\/uploads\/2018\/06\/ata-6-ro-2016-outubro-digitalizada.pdf\">6\u00aa Reuni\u00e3o &#8211; 06 de outubro<\/a><\/li>\n<li><a href=\"https:\/\/www.itr.ufrrj.br\/portal\/wp-content\/uploads\/2018\/06\/ata-5-ro-2016-agosto-digitalizada.pdf\">5\u00aa Reuni\u00e3o &#8211; 23 de agosto <\/a><\/li>\n<li><a href=\"https:\/\/www.itr.ufrrj.br\/portal\/wp-content\/uploads\/2018\/06\/ata-4-ro-2016-junho-digitalizada.pdf\">4\u00aa Reuni\u00e3o &#8211; 28 de junho<\/a><\/li>\n<li><a href=\"https:\/\/www.itr.ufrrj.br\/portal\/wp-content\/uploads\/2018\/06\/ata-2-rex-2016-junho-digitalizada.pdf\">2\u00aa Reuni\u00e3o Extraordin\u00e1ria &#8211; 20 de junho<\/a><\/li>\n<li><a href=\"https:\/\/www.itr.ufrrj.br\/portal\/wp-content\/uploads\/2018\/06\/ata-1rex-2016-junho-digitalizada.pdf\">1\u00aa Reuni\u00e3o Extraordin\u00e1ria &#8211; 08 de junho<\/a><\/li>\n<li><a href=\"https:\/\/www.itr.ufrrj.br\/portal\/wp-content\/uploads\/2018\/06\/ata-3-ro-2016-maio-digitalizada.pdf\">3\u00aa Reuni\u00e3o &#8211; 03 de maio<\/a><\/li>\n<li><a href=\"https:\/\/www.itr.ufrrj.br\/portal\/wp-content\/uploads\/2018\/06\/ata-2-ro-2016-abril-digitalizada.pdf\">2\u00aa Reuni\u00e3o &#8211; 19 de abril<\/a><\/li>\n<li><a href=\"https:\/\/www.itr.ufrrj.br\/portal\/wp-content\/uploads\/2018\/06\/ata-1-ro-2016-marc%cc%a7o-digitalizada.pdf\">1\u00aa Reuni\u00e3o &#8211; 15 de mar\u00e7o<\/a><\/li>\n<\/ul>\n<h2>2015<\/h2>\n<ul>\n<li><a href=\"https:\/\/www.itr.ufrrj.br\/portal\/wp-content\/uploads\/2018\/06\/ata-6-ro-dezembro-digitalizada.pdf\">6\u00aa Reuni\u00e3o &#8211; 01 de dezembro<\/a><\/li>\n<li><a href=\"https:\/\/www.itr.ufrrj.br\/portal\/wp-content\/uploads\/2018\/06\/ata-5-ro-complementada.pdf\">5\u00aa Reuni\u00e3o &#8211; complementa\u00e7\u00e3o<\/a><\/li>\n<li><a href=\"https:\/\/www.itr.ufrrj.br\/portal\/wp-content\/uploads\/2018\/06\/ata-5-ro-2015-novembrodigitalizada.pdf\">5\u00aa Reuni\u00e3o &#8211; 10 de novembro<\/a><\/li>\n<li><a href=\"https:\/\/www.itr.ufrrj.br\/portal\/wp-content\/uploads\/2018\/06\/ata-4-ro-2015-setembro-digitalizada.pdf\">4\u00aa Reuni\u00e3o &#8211; 01 de setembro<\/a><\/li>\n<li><a href=\"https:\/\/www.itr.ufrrj.br\/portal\/wp-content\/uploads\/2018\/06\/ata-1-rex-agosto-digitalizada.pdf\">1\u00aa Reuni\u00e3o Extraordin\u00e1ria &#8211; 18 de agosto<\/a><\/li>\n<li><a href=\"https:\/\/www.itr.ufrrj.br\/portal\/wp-content\/uploads\/2018\/06\/ata-3-ro-2015-junho-digitalizada.pdf\">3\u00aa Reuni\u00e3o &#8211; 09 de junho <\/a><\/li>\n<li><a href=\"https:\/\/www.itr.ufrrj.br\/portal\/wp-content\/uploads\/2018\/06\/ata-2-ro-2015-maio-digitalizada.pdf\">2\u00aa Reuni\u00e3o &#8211; 05 de maio <\/a><\/li>\n<li><a href=\"https:\/\/www.itr.ufrrj.br\/portal\/wp-content\/uploads\/2018\/06\/ata-1-ro-2015-marc%cc%a7o-digitalizada.pdf\">1\u00aa Reuni\u00e3o &#8211; 24 de mar\u00e7o<\/a><\/li>\n<\/ul>\n<h2>2014<\/h2>\n<ul>\n<li><a href=\"https:\/\/www.itr.ufrrj.br\/portal\/wp-content\/uploads\/2018\/06\/ata-9-ro-2014-dezembro-digitalizada.pdf\">9\u00aa Reuni\u00e3o &#8211; 08 de dezembro<\/a><\/li>\n<li><a href=\"https:\/\/www.itr.ufrrj.br\/portal\/wp-content\/uploads\/2018\/06\/ata-8-ro-2014-novembro-digitalizada.pdf\">8\u00aa Reuni\u00e3o &#8211; 18 de novembro<\/a><\/li>\n<li><a href=\"https:\/\/www.itr.ufrrj.br\/portal\/wp-content\/uploads\/2018\/06\/ata-7-ro-2014-outubro-digitalizada.pdf\">7\u00aa Reuni\u00e3o &#8211; 07 de outubro<\/a><\/li>\n<li><a href=\"https:\/\/www.itr.ufrrj.br\/portal\/wp-content\/uploads\/2018\/06\/ata-6-ro-2014-agosto-digitalizada.pdf\">6\u00aa Reuni\u00e3o &#8211; 26 de agosto<\/a><\/li>\n<li><a href=\"https:\/\/www.itr.ufrrj.br\/portal\/wp-content\/uploads\/2018\/06\/ata-5-ro-2014-julho-digitalizada.pdf\">5\u00aa Reuni\u00e3o &#8211; 15 de julho<\/a><\/li>\n<li><a href=\"https:\/\/www.itr.ufrrj.br\/portal\/wp-content\/uploads\/2018\/06\/ata-4-ro-2014-junho-digitalizada.pdf\">4\u00aa Reuni\u00e3o &#8211; 24 de junho<\/a><\/li>\n<li><a href=\"https:\/\/www.itr.ufrrj.br\/portal\/wp-content\/uploads\/2018\/06\/ata-3-ro-2014-maio-digitalizada.pdf\">3\u00aa Reuni\u00e3o &#8211; 20 de maio<\/a><\/li>\n<li><a href=\"https:\/\/www.itr.ufrrj.br\/portal\/wp-content\/uploads\/2018\/06\/ata-1-rex-2014-abril-digitalizada.pdf\">1\u00aa Reuni\u00e3o Extraordin\u00e1ria &#8211; 15 de abril<\/a><\/li>\n<li><a href=\"https:\/\/www.itr.ufrrj.br\/portal\/wp-content\/uploads\/2018\/06\/ata-2-ro-2014-abril-digitalizada.pdf\">2\u00aa Reuni\u00e3o &#8211; 08 de abril<\/a><\/li>\n<li><a href=\"https:\/\/www.itr.ufrrj.br\/portal\/wp-content\/uploads\/2018\/06\/ata-1-ro-2014-fevereiro-digitalizada.pdf\">1\u00aa Reuni\u00e3o &#8211; 18 de fevereiro<\/a><\/li>\n<\/ul>\n","protected":false},"excerpt":{"rendered":"<p>2023 6\u00aa Reuni\u00e3o Ordin\u00e1ria &#8211; 30\/08\/2023 5\u00aa Reuni\u00e3o Ordin\u00e1ria &#8211; 11\/07\/2023 4\u00aa Reuni\u00e3o Ordin\u00e1ria &#8211; 22\/06\/2023 3\u00aa Reuni\u00e3o Ordin\u00e1ria &#8211; 24\/05\/2023 2\u00aa Reuni\u00e3o Ordin\u00e1ria &#8211; 07\/03\/2023 1\u00aa Reuni\u00e3o Ordin\u00e1ria &#8211; [&hellip;]<\/p>\n","protected":false},"author":4,"featured_media":0,"parent":23,"menu_order":0,"comment_status":"closed","ping_status":"closed","template":"page-cursos.php","meta":{"_acf_changed":false,"editor_plus_copied_stylings":"{}","footnotes":""},"class_list":["post-7726","page","type-page","status-publish","hentry"],"acf":[],"yoast_head":"<!-- This site is optimized with the Yoast SEO plugin v27.3 - https:\/\/yoast.com\/product\/yoast-seo-wordpress\/ -->\n<title>Atas de Reuni\u00f5es do DDHL - Campus Tr\u00eas Rios | UFRRJ<\/title>\n<meta name=\"robots\" content=\"index, follow, max-snippet:-1, max-image-preview:large, max-video-preview:-1\" \/>\n<link rel=\"canonical\" href=\"https:\/\/itr.ufrrj.br\/portal\/departamentos\/ddhl\/atas\/\" \/>\n<meta property=\"og:locale\" content=\"pt_BR\" \/>\n<meta property=\"og:type\" content=\"article\" \/>\n<meta property=\"og:title\" content=\"Atas de Reuni\u00f5es do DDHL - Campus Tr\u00eas Rios | UFRRJ\" \/>\n<meta property=\"og:description\" content=\"2023 6\u00aa Reuni\u00e3o Ordin\u00e1ria &#8211; 30\/08\/2023 5\u00aa Reuni\u00e3o Ordin\u00e1ria &#8211; 11\/07\/2023 4\u00aa Reuni\u00e3o Ordin\u00e1ria &#8211; 22\/06\/2023 3\u00aa Reuni\u00e3o Ordin\u00e1ria &#8211; 24\/05\/2023 2\u00aa Reuni\u00e3o Ordin\u00e1ria &#8211; 07\/03\/2023 1\u00aa Reuni\u00e3o Ordin\u00e1ria &#8211; [&hellip;]\" \/>\n<meta property=\"og:url\" content=\"https:\/\/itr.ufrrj.br\/portal\/departamentos\/ddhl\/atas\/\" \/>\n<meta property=\"og:site_name\" content=\"Campus Tr\u00eas Rios | UFRRJ\" \/>\n<meta property=\"article:publisher\" content=\"https:\/\/www.facebook.com\/itr.ufrrj\" \/>\n<meta property=\"article:modified_time\" content=\"2023-10-09T19:25:19+00:00\" \/>\n<meta name=\"twitter:card\" content=\"summary_large_image\" \/>\n<meta name=\"twitter:label1\" content=\"Est. tempo de leitura\" \/>\n\t<meta name=\"twitter:data1\" content=\"3 minutos\" \/>\n<script type=\"application\/ld+json\" class=\"yoast-schema-graph\">{\"@context\":\"https:\\\/\\\/schema.org\",\"@graph\":[{\"@type\":\"WebPage\",\"@id\":\"https:\\\/\\\/itr.ufrrj.br\\\/portal\\\/departamentos\\\/ddhl\\\/atas\\\/\",\"url\":\"https:\\\/\\\/itr.ufrrj.br\\\/portal\\\/departamentos\\\/ddhl\\\/atas\\\/\",\"name\":\"Atas de Reuni\u00f5es do DDHL - Campus Tr\u00eas Rios | UFRRJ\",\"isPartOf\":{\"@id\":\"https:\\\/\\\/itr.ufrrj.br\\\/portal\\\/#website\"},\"datePublished\":\"2018-06-12T18:53:46+00:00\",\"dateModified\":\"2023-10-09T19:25:19+00:00\",\"breadcrumb\":{\"@id\":\"https:\\\/\\\/itr.ufrrj.br\\\/portal\\\/departamentos\\\/ddhl\\\/atas\\\/#breadcrumb\"},\"inLanguage\":\"pt-BR\",\"potentialAction\":[{\"@type\":\"ReadAction\",\"target\":[\"https:\\\/\\\/itr.ufrrj.br\\\/portal\\\/departamentos\\\/ddhl\\\/atas\\\/\"]}]},{\"@type\":\"BreadcrumbList\",\"@id\":\"https:\\\/\\\/itr.ufrrj.br\\\/portal\\\/departamentos\\\/ddhl\\\/atas\\\/#breadcrumb\",\"itemListElement\":[{\"@type\":\"ListItem\",\"position\":1,\"name\":\"In\u00edcio\",\"item\":\"https:\\\/\\\/itr.ufrrj.br\\\/portal\\\/\"},{\"@type\":\"ListItem\",\"position\":2,\"name\":\"Departamentos\",\"item\":\"https:\\\/\\\/itr.ufrrj.br\\\/portal\\\/departamentos\\\/\"},{\"@type\":\"ListItem\",\"position\":3,\"name\":\"DDHL\",\"item\":\"https:\\\/\\\/itr.ufrrj.br\\\/portal\\\/departamentos\\\/ddhl\\\/\"},{\"@type\":\"ListItem\",\"position\":4,\"name\":\"Atas de Reuni\u00f5es do DDHL\"}]},{\"@type\":\"WebSite\",\"@id\":\"https:\\\/\\\/itr.ufrrj.br\\\/portal\\\/#website\",\"url\":\"https:\\\/\\\/itr.ufrrj.br\\\/portal\\\/\",\"name\":\"Campus Tr\u00eas Rios | UFRRJ\",\"description\":\"Localizado na cidade de Tr\u00eas Rios - RJ\",\"publisher\":{\"@id\":\"https:\\\/\\\/itr.ufrrj.br\\\/portal\\\/#organization\"},\"potentialAction\":[{\"@type\":\"SearchAction\",\"target\":{\"@type\":\"EntryPoint\",\"urlTemplate\":\"https:\\\/\\\/itr.ufrrj.br\\\/portal\\\/?s={search_term_string}\"},\"query-input\":{\"@type\":\"PropertyValueSpecification\",\"valueRequired\":true,\"valueName\":\"search_term_string\"}}],\"inLanguage\":\"pt-BR\"},{\"@type\":\"Organization\",\"@id\":\"https:\\\/\\\/itr.ufrrj.br\\\/portal\\\/#organization\",\"name\":\"Instituto Tr\u00eas Rios\\\/UFRRJ\",\"url\":\"https:\\\/\\\/itr.ufrrj.br\\\/portal\\\/\",\"logo\":{\"@type\":\"ImageObject\",\"inLanguage\":\"pt-BR\",\"@id\":\"https:\\\/\\\/itr.ufrrj.br\\\/portal\\\/#\\\/schema\\\/logo\\\/image\\\/\",\"url\":\"https:\\\/\\\/itr.ufrrj.br\\\/portal\\\/wp-content\\\/uploads\\\/2020\\\/04\\\/logo-institutotresrios-ufrrj.png\",\"contentUrl\":\"https:\\\/\\\/itr.ufrrj.br\\\/portal\\\/wp-content\\\/uploads\\\/2020\\\/04\\\/logo-institutotresrios-ufrrj.png\",\"width\":1067,\"height\":240,\"caption\":\"Instituto Tr\u00eas Rios\\\/UFRRJ\"},\"image\":{\"@id\":\"https:\\\/\\\/itr.ufrrj.br\\\/portal\\\/#\\\/schema\\\/logo\\\/image\\\/\"},\"sameAs\":[\"https:\\\/\\\/www.facebook.com\\\/itr.ufrrj\"]}]}<\/script>\n<!-- \/ Yoast SEO plugin. -->","yoast_head_json":{"title":"Atas de Reuni\u00f5es do DDHL - Campus Tr\u00eas Rios | UFRRJ","robots":{"index":"index","follow":"follow","max-snippet":"max-snippet:-1","max-image-preview":"max-image-preview:large","max-video-preview":"max-video-preview:-1"},"canonical":"https:\/\/itr.ufrrj.br\/portal\/departamentos\/ddhl\/atas\/","og_locale":"pt_BR","og_type":"article","og_title":"Atas de Reuni\u00f5es do DDHL - Campus Tr\u00eas Rios | UFRRJ","og_description":"2023 6\u00aa Reuni\u00e3o Ordin\u00e1ria &#8211; 30\/08\/2023 5\u00aa Reuni\u00e3o Ordin\u00e1ria &#8211; 11\/07\/2023 4\u00aa Reuni\u00e3o Ordin\u00e1ria &#8211; 22\/06\/2023 3\u00aa Reuni\u00e3o Ordin\u00e1ria &#8211; 24\/05\/2023 2\u00aa Reuni\u00e3o Ordin\u00e1ria &#8211; 07\/03\/2023 1\u00aa Reuni\u00e3o Ordin\u00e1ria &#8211; [&hellip;]","og_url":"https:\/\/itr.ufrrj.br\/portal\/departamentos\/ddhl\/atas\/","og_site_name":"Campus Tr\u00eas Rios | UFRRJ","article_publisher":"https:\/\/www.facebook.com\/itr.ufrrj","article_modified_time":"2023-10-09T19:25:19+00:00","twitter_card":"summary_large_image","twitter_misc":{"Est. tempo de leitura":"3 minutos"},"schema":{"@context":"https:\/\/schema.org","@graph":[{"@type":"WebPage","@id":"https:\/\/itr.ufrrj.br\/portal\/departamentos\/ddhl\/atas\/","url":"https:\/\/itr.ufrrj.br\/portal\/departamentos\/ddhl\/atas\/","name":"Atas de Reuni\u00f5es do DDHL - Campus Tr\u00eas Rios | UFRRJ","isPartOf":{"@id":"https:\/\/itr.ufrrj.br\/portal\/#website"},"datePublished":"2018-06-12T18:53:46+00:00","dateModified":"2023-10-09T19:25:19+00:00","breadcrumb":{"@id":"https:\/\/itr.ufrrj.br\/portal\/departamentos\/ddhl\/atas\/#breadcrumb"},"inLanguage":"pt-BR","potentialAction":[{"@type":"ReadAction","target":["https:\/\/itr.ufrrj.br\/portal\/departamentos\/ddhl\/atas\/"]}]},{"@type":"BreadcrumbList","@id":"https:\/\/itr.ufrrj.br\/portal\/departamentos\/ddhl\/atas\/#breadcrumb","itemListElement":[{"@type":"ListItem","position":1,"name":"In\u00edcio","item":"https:\/\/itr.ufrrj.br\/portal\/"},{"@type":"ListItem","position":2,"name":"Departamentos","item":"https:\/\/itr.ufrrj.br\/portal\/departamentos\/"},{"@type":"ListItem","position":3,"name":"DDHL","item":"https:\/\/itr.ufrrj.br\/portal\/departamentos\/ddhl\/"},{"@type":"ListItem","position":4,"name":"Atas de Reuni\u00f5es do DDHL"}]},{"@type":"WebSite","@id":"https:\/\/itr.ufrrj.br\/portal\/#website","url":"https:\/\/itr.ufrrj.br\/portal\/","name":"Campus Tr\u00eas Rios | UFRRJ","description":"Localizado na cidade de Tr\u00eas Rios - RJ","publisher":{"@id":"https:\/\/itr.ufrrj.br\/portal\/#organization"},"potentialAction":[{"@type":"SearchAction","target":{"@type":"EntryPoint","urlTemplate":"https:\/\/itr.ufrrj.br\/portal\/?s={search_term_string}"},"query-input":{"@type":"PropertyValueSpecification","valueRequired":true,"valueName":"search_term_string"}}],"inLanguage":"pt-BR"},{"@type":"Organization","@id":"https:\/\/itr.ufrrj.br\/portal\/#organization","name":"Instituto Tr\u00eas Rios\/UFRRJ","url":"https:\/\/itr.ufrrj.br\/portal\/","logo":{"@type":"ImageObject","inLanguage":"pt-BR","@id":"https:\/\/itr.ufrrj.br\/portal\/#\/schema\/logo\/image\/","url":"https:\/\/itr.ufrrj.br\/portal\/wp-content\/uploads\/2020\/04\/logo-institutotresrios-ufrrj.png","contentUrl":"https:\/\/itr.ufrrj.br\/portal\/wp-content\/uploads\/2020\/04\/logo-institutotresrios-ufrrj.png","width":1067,"height":240,"caption":"Instituto Tr\u00eas Rios\/UFRRJ"},"image":{"@id":"https:\/\/itr.ufrrj.br\/portal\/#\/schema\/logo\/image\/"},"sameAs":["https:\/\/www.facebook.com\/itr.ufrrj"]}]}},"jetpack_sharing_enabled":true,"amp_enabled":false,"_links":{"self":[{"href":"https:\/\/itr.ufrrj.br\/portal\/wp-json\/wp\/v2\/pages\/7726","targetHints":{"allow":["GET"]}}],"collection":[{"href":"https:\/\/itr.ufrrj.br\/portal\/wp-json\/wp\/v2\/pages"}],"about":[{"href":"https:\/\/itr.ufrrj.br\/portal\/wp-json\/wp\/v2\/types\/page"}],"author":[{"embeddable":true,"href":"https:\/\/itr.ufrrj.br\/portal\/wp-json\/wp\/v2\/users\/4"}],"replies":[{"embeddable":true,"href":"https:\/\/itr.ufrrj.br\/portal\/wp-json\/wp\/v2\/comments?post=7726"}],"version-history":[{"count":45,"href":"https:\/\/itr.ufrrj.br\/portal\/wp-json\/wp\/v2\/pages\/7726\/revisions"}],"predecessor-version":[{"id":21127,"href":"https:\/\/itr.ufrrj.br\/portal\/wp-json\/wp\/v2\/pages\/7726\/revisions\/21127"}],"up":[{"embeddable":true,"href":"https:\/\/itr.ufrrj.br\/portal\/wp-json\/wp\/v2\/pages\/23"}],"wp:attachment":[{"href":"https:\/\/itr.ufrrj.br\/portal\/wp-json\/wp\/v2\/media?parent=7726"}],"curies":[{"name":"wp","href":"https:\/\/api.w.org\/{rel}","templated":true}]}}