{"id":7450,"date":"2018-04-04T12:05:30","date_gmt":"2018-04-04T15:05:30","guid":{"rendered":"https:\/\/www.itr.ufrrj.br\/portal\/?page_id=7450"},"modified":"2019-03-11T15:06:36","modified_gmt":"2019-03-11T18:06:36","slug":"matriz-curricular-do-curso-de-administracao","status":"publish","type":"page","link":"https:\/\/itr.ufrrj.br\/portal\/cursos\/administracao\/matriz-curricular-do-curso-de-administracao\/","title":{"rendered":"Matriz Curricular do Curso de Administra\u00e7\u00e3o"},"content":{"rendered":"<p>Para visualizar as matrizes curriculares do curso de Administra\u00e7\u00e3o Noturno do Instituto Tr\u00eas Rios, condensadas em arquivos PDF \u00fanicos, selecione a op\u00e7\u00e3o abaixo:<\/p>\n<ul>\n<li><a href=\"https:\/\/itr.ufrrj.br\/portal\/wp-content\/uploads\/2019\/03\/adminstracao-matriz-curricular-2016-atualizadoem11032029.pdf\">Matriz curricular 2016-2<\/a> &#8211; atualizado em 11\/03\/2019<\/li>\n<li><a href=\"https:\/\/itr.ufrrj.br\/portal\/wp-content\/uploads\/2019\/03\/adminstracao-matriz-curricular-2008-atualizadoem11032029.pdf\">Matriz curricular 2008<\/a> &#8211; atualizado em 11\/03\/2019<\/li>\n<li><a href=\"https:\/\/itr.ufrrj.br\/portal\/wp-content\/uploads\/2018\/09\/matrizcurricular-ementas-adm-2008.pdf\">Ement\u00e1rio 2008<\/a><\/li>\n<\/ul>\n<p>Caso prefira, visualize a seguir a matriz curricular mais atual. Para ver a ementa da disciplina, clique sobre o nome da mesma.<\/p>\n<h2>Matriz curricular 2016-2<\/h2>\n<h3 style=\"text-align: center;\">DISCIPLINAS OBRIGAT\u00d3RIAS<\/h3>\n<p style=\"text-align: center;\"><span style=\"color: #ff6600;\"><strong>1\u00ba SEMESTRE<\/strong><\/span><\/p>\n<p style=\"text-align: center;\"><div id=\"footable_parent_7553\"\n         class=\" footable_parent ninja_table_wrapper loading_ninja_table wp_table_data_press_parent bootstrap3 \">\n                <table data-ninja_table_instance=\"ninja_table_instance_0\" data-footable_id=\"7553\" data-filter-delay=\"1000\" aria-label=\"ADM - 1\u00ba Semestre\"            id=\"footable_7553\"\n           data-unique_identifier=\"ninja_table_unique_id_760059999_7553\"\n           class=\" foo-table ninja_footable foo_table_7553 ninja_table_unique_id_760059999_7553 table  nt_type_ajax_table table-striped table-bordered table-hover table-condensed  footable-paging-right ninja_table_search_disabled\">\n                <colgroup>\n                            <col class=\"ninja_column_0 \">\n                            <col class=\"ninja_column_1 \">\n                            <col class=\"ninja_column_2 \">\n                            <col class=\"ninja_column_3 \">\n                            <col class=\"ninja_column_4 \">\n                    <\/colgroup>\n            <\/table>\n    \n    \n    \n<\/div>\n<\/p>\n<p style=\"text-align: center;\"><span style=\"color: #ff6600;\"><strong>2\u00ba SEMESTRE<\/strong><\/span><\/p>\n<p style=\"text-align: center;\"><div id=\"footable_parent_7563\"\n         class=\" footable_parent ninja_table_wrapper loading_ninja_table wp_table_data_press_parent bootstrap3 \">\n                <table data-ninja_table_instance=\"ninja_table_instance_1\" data-footable_id=\"7563\" data-filter-delay=\"1000\" aria-label=\"ADM - 2\u00ba Semestre\"            id=\"footable_7563\"\n           data-unique_identifier=\"ninja_table_unique_id_2868311564_7563\"\n           class=\" foo-table ninja_footable foo_table_7563 ninja_table_unique_id_2868311564_7563 table  nt_type_ajax_table table-striped table-bordered table-hover table-condensed  footable-paging-right ninja_table_search_disabled\">\n                <colgroup>\n                            <col class=\"ninja_column_0 \">\n                            <col class=\"ninja_column_1 \">\n                            <col class=\"ninja_column_2 \">\n                            <col class=\"ninja_column_3 \">\n                            <col class=\"ninja_column_4 \">\n                    <\/colgroup>\n            <\/table>\n    \n    \n    \n<\/div>\n<\/p>\n<p style=\"text-align: center;\"><span style=\"color: #ff6600;\"><strong>3\u00ba SEMESTRE<\/strong><\/span><\/p>\n<p style=\"text-align: center;\"><div id=\"footable_parent_7565\"\n         class=\" footable_parent ninja_table_wrapper loading_ninja_table wp_table_data_press_parent bootstrap3 \">\n                <table data-ninja_table_instance=\"ninja_table_instance_2\" data-footable_id=\"7565\" data-filter-delay=\"1000\" aria-label=\"ADM - 3\u00ba Semestre\"            id=\"footable_7565\"\n           data-unique_identifier=\"ninja_table_unique_id_2908935084_7565\"\n           class=\" foo-table ninja_footable foo_table_7565 ninja_table_unique_id_2908935084_7565 table  nt_type_ajax_table table-striped table-bordered table-hover table-condensed  footable-paging-right ninja_table_search_disabled\">\n                <colgroup>\n                            <col class=\"ninja_column_0 \">\n                            <col class=\"ninja_column_1 \">\n                            <col class=\"ninja_column_2 \">\n                            <col class=\"ninja_column_3 \">\n                            <col class=\"ninja_column_4 \">\n                    <\/colgroup>\n            <\/table>\n    \n    \n    \n<\/div>\n<\/p>\n<p style=\"text-align: center;\"><span style=\"color: #ff6600;\"><strong>4\u00ba SEMESTRE<\/strong><\/span><\/p>\n<p style=\"text-align: center;\"><div id=\"footable_parent_7568\"\n         class=\" footable_parent ninja_table_wrapper loading_ninja_table wp_table_data_press_parent bootstrap3 \">\n                <table data-ninja_table_instance=\"ninja_table_instance_3\" data-footable_id=\"7568\" data-filter-delay=\"1000\" aria-label=\"ADM - 4\u00ba Semestre\"            id=\"footable_7568\"\n           data-unique_identifier=\"ninja_table_unique_id_137162812_7568\"\n           class=\" foo-table ninja_footable foo_table_7568 ninja_table_unique_id_137162812_7568 table  nt_type_ajax_table table-striped table-bordered table-hover table-condensed  footable-paging-right ninja_table_search_disabled\">\n                <colgroup>\n                            <col class=\"ninja_column_0 \">\n                            <col class=\"ninja_column_1 \">\n                            <col class=\"ninja_column_2 \">\n                            <col class=\"ninja_column_3 \">\n                            <col class=\"ninja_column_4 \">\n                    <\/colgroup>\n            <\/table>\n    \n    \n    \n<\/div>\n<\/p>\n<p style=\"text-align: center;\"><span style=\"color: #ff6600;\"><strong>5\u00ba SEMESTRE<\/strong><\/span><\/p>\n<p style=\"text-align: center;\"><div id=\"footable_parent_7570\"\n         class=\" footable_parent ninja_table_wrapper loading_ninja_table wp_table_data_press_parent bootstrap3 \">\n                <table data-ninja_table_instance=\"ninja_table_instance_4\" data-footable_id=\"7570\" data-filter-delay=\"1000\" aria-label=\"ADM - 5\u00ba Semestre\"            id=\"footable_7570\"\n           data-unique_identifier=\"ninja_table_unique_id_1304757738_7570\"\n           class=\" foo-table ninja_footable foo_table_7570 ninja_table_unique_id_1304757738_7570 table  nt_type_ajax_table table-striped table-bordered table-hover table-condensed  footable-paging-right ninja_table_search_disabled\">\n                <colgroup>\n                            <col class=\"ninja_column_0 \">\n                            <col class=\"ninja_column_1 \">\n                            <col class=\"ninja_column_2 \">\n                            <col class=\"ninja_column_3 \">\n                            <col class=\"ninja_column_4 \">\n                    <\/colgroup>\n            <\/table>\n    \n    \n    \n<\/div>\n<\/p>\n<p style=\"text-align: center;\"><span style=\"color: #ff6600;\"><strong>6\u00ba SEMESTRE<\/strong><\/span><\/p>\n<p style=\"text-align: center;\"><div id=\"footable_parent_7573\"\n         class=\" footable_parent ninja_table_wrapper loading_ninja_table wp_table_data_press_parent bootstrap3 \">\n                <table data-ninja_table_instance=\"ninja_table_instance_5\" data-footable_id=\"7573\" data-filter-delay=\"1000\" aria-label=\"ADM - 6\u00ba Semestre\"            id=\"footable_7573\"\n           data-unique_identifier=\"ninja_table_unique_id_3195853936_7573\"\n           class=\" foo-table ninja_footable foo_table_7573 ninja_table_unique_id_3195853936_7573 table  nt_type_ajax_table table-striped table-bordered table-hover table-condensed  footable-paging-right ninja_table_search_disabled\">\n                <colgroup>\n                            <col class=\"ninja_column_0 \">\n                            <col class=\"ninja_column_1 \">\n                            <col class=\"ninja_column_2 \">\n                            <col class=\"ninja_column_3 \">\n                            <col class=\"ninja_column_4 \">\n                    <\/colgroup>\n            <\/table>\n    \n    \n    \n<\/div>\n<\/p>\n<p style=\"text-align: center;\"><span style=\"color: #ff6600;\"><strong>7\u00ba SEMESTRE<\/strong><\/span><\/p>\n<p style=\"text-align: center;\"><div id=\"footable_parent_7575\"\n         class=\" footable_parent ninja_table_wrapper loading_ninja_table wp_table_data_press_parent bootstrap3 \">\n                <table data-ninja_table_instance=\"ninja_table_instance_6\" data-footable_id=\"7575\" data-filter-delay=\"1000\" aria-label=\"ADM - 7\u00ba Semestre\"            id=\"footable_7575\"\n           data-unique_identifier=\"ninja_table_unique_id_650711572_7575\"\n           class=\" foo-table ninja_footable foo_table_7575 ninja_table_unique_id_650711572_7575 table  nt_type_ajax_table table-striped table-bordered table-hover table-condensed  footable-paging-right ninja_table_search_disabled\">\n                <colgroup>\n                            <col class=\"ninja_column_0 \">\n                            <col class=\"ninja_column_1 \">\n                            <col class=\"ninja_column_2 \">\n                            <col class=\"ninja_column_3 \">\n                            <col class=\"ninja_column_4 \">\n                    <\/colgroup>\n            <\/table>\n    \n    \n    \n<\/div>\n<\/p>\n<p style=\"text-align: center;\"><span style=\"color: #ff6600;\"><strong>8\u00ba SEMESTRE<\/strong><\/span><\/p>\n<p style=\"text-align: center;\"><div id=\"footable_parent_7577\"\n         class=\" footable_parent ninja_table_wrapper loading_ninja_table wp_table_data_press_parent bootstrap3 \">\n                <table data-ninja_table_instance=\"ninja_table_instance_7\" data-footable_id=\"7577\" data-filter-delay=\"1000\" aria-label=\"ADM - 8\u00ba Semestre\"            id=\"footable_7577\"\n           data-unique_identifier=\"ninja_table_unique_id_3808137282_7577\"\n           class=\" foo-table ninja_footable foo_table_7577 ninja_table_unique_id_3808137282_7577 table  nt_type_ajax_table table-striped table-bordered table-hover table-condensed  footable-paging-right ninja_table_search_disabled\">\n                <colgroup>\n                            <col class=\"ninja_column_0 \">\n                            <col class=\"ninja_column_1 \">\n                            <col class=\"ninja_column_2 \">\n                            <col class=\"ninja_column_3 \">\n                            <col class=\"ninja_column_4 \">\n                    <\/colgroup>\n            <\/table>\n    \n    \n    \n<\/div>\n<\/p>\n<h3 style=\"text-align: center;\">DISCIPLINAS OPTATIVAS<\/h3>\n<p style=\"text-align: center;\"><div id=\"footable_parent_7582\"\n         class=\" footable_parent ninja_table_wrapper loading_ninja_table wp_table_data_press_parent bootstrap3 \">\n                <table data-ninja_table_instance=\"ninja_table_instance_8\" data-footable_id=\"7582\" data-filter-delay=\"1000\" aria-label=\"ADM - Optativas\"            id=\"footable_7582\"\n           data-unique_identifier=\"ninja_table_unique_id_2547879516_7582\"\n           class=\" foo-table ninja_footable foo_table_7582 ninja_table_unique_id_2547879516_7582 table  nt_type_ajax_table table-striped table-bordered table-hover table-condensed  footable-paging-right\">\n                <colgroup>\n                            <col class=\"ninja_column_0 \">\n                            <col class=\"ninja_column_1 \">\n                            <col class=\"ninja_column_2 \">\n                            <col class=\"ninja_column_3 \">\n                            <col class=\"ninja_column_4 \">\n                    <\/colgroup>\n            <\/table>\n    \n    \n    \n<\/div>\n<\/p>\n<h2><\/h2>\n","protected":false},"excerpt":{"rendered":"<p>Para visualizar as matrizes curriculares do curso de Administra\u00e7\u00e3o Noturno do Instituto Tr\u00eas Rios, condensadas em arquivos PDF \u00fanicos, selecione a op\u00e7\u00e3o abaixo: Matriz curricular 2016-2 &#8211; atualizado em 11\/03\/2019 [&hellip;]<\/p>\n","protected":false},"author":4,"featured_media":0,"parent":7415,"menu_order":0,"comment_status":"closed","ping_status":"closed","template":"page-cursos.php","meta":{"_acf_changed":false,"editor_plus_copied_stylings":"{}","footnotes":""},"class_list":["post-7450","page","type-page","status-publish","hentry"],"acf":[],"yoast_head":"<!-- This site is optimized with the Yoast SEO plugin v27.4 - https:\/\/yoast.com\/product\/yoast-seo-wordpress\/ -->\n<title>Matriz Curricular do Curso de Administra\u00e7\u00e3o - Campus Tr\u00eas Rios | UFRRJ<\/title>\n<meta name=\"robots\" content=\"index, follow, max-snippet:-1, max-image-preview:large, max-video-preview:-1\" \/>\n<link rel=\"canonical\" href=\"https:\/\/itr.ufrrj.br\/portal\/cursos\/administracao\/matriz-curricular-do-curso-de-administracao\/\" \/>\n<meta property=\"og:locale\" content=\"pt_BR\" \/>\n<meta property=\"og:type\" content=\"article\" \/>\n<meta property=\"og:title\" content=\"Matriz Curricular do Curso de Administra\u00e7\u00e3o - Campus Tr\u00eas Rios | UFRRJ\" \/>\n<meta property=\"og:description\" content=\"Para visualizar as matrizes curriculares do curso de Administra\u00e7\u00e3o Noturno do Instituto Tr\u00eas Rios, condensadas em arquivos PDF \u00fanicos, selecione a op\u00e7\u00e3o abaixo: Matriz curricular 2016-2 &#8211; atualizado em 11\/03\/2019 [&hellip;]\" \/>\n<meta property=\"og:url\" content=\"https:\/\/itr.ufrrj.br\/portal\/cursos\/administracao\/matriz-curricular-do-curso-de-administracao\/\" \/>\n<meta property=\"og:site_name\" content=\"Campus Tr\u00eas Rios | UFRRJ\" \/>\n<meta property=\"article:publisher\" content=\"https:\/\/www.facebook.com\/itr.ufrrj\" \/>\n<meta property=\"article:modified_time\" content=\"2019-03-11T18:06:36+00:00\" \/>\n<meta name=\"twitter:card\" content=\"summary_large_image\" \/>\n<meta name=\"twitter:label1\" content=\"Est. tempo de leitura\" \/>\n\t<meta name=\"twitter:data1\" content=\"1 minuto\" \/>\n<script type=\"application\/ld+json\" class=\"yoast-schema-graph\">{\"@context\":\"https:\\\/\\\/schema.org\",\"@graph\":[{\"@type\":\"WebPage\",\"@id\":\"https:\\\/\\\/itr.ufrrj.br\\\/portal\\\/cursos\\\/administracao\\\/matriz-curricular-do-curso-de-administracao\\\/\",\"url\":\"https:\\\/\\\/itr.ufrrj.br\\\/portal\\\/cursos\\\/administracao\\\/matriz-curricular-do-curso-de-administracao\\\/\",\"name\":\"Matriz Curricular do Curso de Administra\u00e7\u00e3o - Campus Tr\u00eas Rios | UFRRJ\",\"isPartOf\":{\"@id\":\"https:\\\/\\\/itr.ufrrj.br\\\/portal\\\/#website\"},\"datePublished\":\"2018-04-04T15:05:30+00:00\",\"dateModified\":\"2019-03-11T18:06:36+00:00\",\"breadcrumb\":{\"@id\":\"https:\\\/\\\/itr.ufrrj.br\\\/portal\\\/cursos\\\/administracao\\\/matriz-curricular-do-curso-de-administracao\\\/#breadcrumb\"},\"inLanguage\":\"pt-BR\",\"potentialAction\":[{\"@type\":\"ReadAction\",\"target\":[\"https:\\\/\\\/itr.ufrrj.br\\\/portal\\\/cursos\\\/administracao\\\/matriz-curricular-do-curso-de-administracao\\\/\"]}]},{\"@type\":\"BreadcrumbList\",\"@id\":\"https:\\\/\\\/itr.ufrrj.br\\\/portal\\\/cursos\\\/administracao\\\/matriz-curricular-do-curso-de-administracao\\\/#breadcrumb\",\"itemListElement\":[{\"@type\":\"ListItem\",\"position\":1,\"name\":\"In\u00edcio\",\"item\":\"https:\\\/\\\/itr.ufrrj.br\\\/portal\\\/\"},{\"@type\":\"ListItem\",\"position\":2,\"name\":\"Cursos\",\"item\":\"https:\\\/\\\/itr.ufrrj.br\\\/portal\\\/cursos\\\/\"},{\"@type\":\"ListItem\",\"position\":3,\"name\":\"Administra\u00e7\u00e3o\",\"item\":\"https:\\\/\\\/itr.ufrrj.br\\\/portal\\\/?page_id=7415\"},{\"@type\":\"ListItem\",\"position\":4,\"name\":\"Matriz Curricular do Curso de Administra\u00e7\u00e3o\"}]},{\"@type\":\"WebSite\",\"@id\":\"https:\\\/\\\/itr.ufrrj.br\\\/portal\\\/#website\",\"url\":\"https:\\\/\\\/itr.ufrrj.br\\\/portal\\\/\",\"name\":\"Campus Tr\u00eas Rios | UFRRJ\",\"description\":\"Localizado na cidade de Tr\u00eas Rios - RJ\",\"publisher\":{\"@id\":\"https:\\\/\\\/itr.ufrrj.br\\\/portal\\\/#organization\"},\"potentialAction\":[{\"@type\":\"SearchAction\",\"target\":{\"@type\":\"EntryPoint\",\"urlTemplate\":\"https:\\\/\\\/itr.ufrrj.br\\\/portal\\\/?s={search_term_string}\"},\"query-input\":{\"@type\":\"PropertyValueSpecification\",\"valueRequired\":true,\"valueName\":\"search_term_string\"}}],\"inLanguage\":\"pt-BR\"},{\"@type\":\"Organization\",\"@id\":\"https:\\\/\\\/itr.ufrrj.br\\\/portal\\\/#organization\",\"name\":\"Instituto Tr\u00eas Rios\\\/UFRRJ\",\"url\":\"https:\\\/\\\/itr.ufrrj.br\\\/portal\\\/\",\"logo\":{\"@type\":\"ImageObject\",\"inLanguage\":\"pt-BR\",\"@id\":\"https:\\\/\\\/itr.ufrrj.br\\\/portal\\\/#\\\/schema\\\/logo\\\/image\\\/\",\"url\":\"https:\\\/\\\/itr.ufrrj.br\\\/portal\\\/wp-content\\\/uploads\\\/2020\\\/04\\\/logo-institutotresrios-ufrrj.png\",\"contentUrl\":\"https:\\\/\\\/itr.ufrrj.br\\\/portal\\\/wp-content\\\/uploads\\\/2020\\\/04\\\/logo-institutotresrios-ufrrj.png\",\"width\":1067,\"height\":240,\"caption\":\"Instituto Tr\u00eas Rios\\\/UFRRJ\"},\"image\":{\"@id\":\"https:\\\/\\\/itr.ufrrj.br\\\/portal\\\/#\\\/schema\\\/logo\\\/image\\\/\"},\"sameAs\":[\"https:\\\/\\\/www.facebook.com\\\/itr.ufrrj\"]}]}<\/script>\n<!-- \/ Yoast SEO plugin. -->","yoast_head_json":{"title":"Matriz Curricular do Curso de Administra\u00e7\u00e3o - Campus Tr\u00eas Rios | UFRRJ","robots":{"index":"index","follow":"follow","max-snippet":"max-snippet:-1","max-image-preview":"max-image-preview:large","max-video-preview":"max-video-preview:-1"},"canonical":"https:\/\/itr.ufrrj.br\/portal\/cursos\/administracao\/matriz-curricular-do-curso-de-administracao\/","og_locale":"pt_BR","og_type":"article","og_title":"Matriz Curricular do Curso de Administra\u00e7\u00e3o - Campus Tr\u00eas Rios | UFRRJ","og_description":"Para visualizar as matrizes curriculares do curso de Administra\u00e7\u00e3o Noturno do Instituto Tr\u00eas Rios, condensadas em arquivos PDF \u00fanicos, selecione a op\u00e7\u00e3o abaixo: Matriz curricular 2016-2 &#8211; atualizado em 11\/03\/2019 [&hellip;]","og_url":"https:\/\/itr.ufrrj.br\/portal\/cursos\/administracao\/matriz-curricular-do-curso-de-administracao\/","og_site_name":"Campus Tr\u00eas Rios | UFRRJ","article_publisher":"https:\/\/www.facebook.com\/itr.ufrrj","article_modified_time":"2019-03-11T18:06:36+00:00","twitter_card":"summary_large_image","twitter_misc":{"Est. tempo de leitura":"1 minuto"},"schema":{"@context":"https:\/\/schema.org","@graph":[{"@type":"WebPage","@id":"https:\/\/itr.ufrrj.br\/portal\/cursos\/administracao\/matriz-curricular-do-curso-de-administracao\/","url":"https:\/\/itr.ufrrj.br\/portal\/cursos\/administracao\/matriz-curricular-do-curso-de-administracao\/","name":"Matriz Curricular do Curso de Administra\u00e7\u00e3o - Campus Tr\u00eas Rios | UFRRJ","isPartOf":{"@id":"https:\/\/itr.ufrrj.br\/portal\/#website"},"datePublished":"2018-04-04T15:05:30+00:00","dateModified":"2019-03-11T18:06:36+00:00","breadcrumb":{"@id":"https:\/\/itr.ufrrj.br\/portal\/cursos\/administracao\/matriz-curricular-do-curso-de-administracao\/#breadcrumb"},"inLanguage":"pt-BR","potentialAction":[{"@type":"ReadAction","target":["https:\/\/itr.ufrrj.br\/portal\/cursos\/administracao\/matriz-curricular-do-curso-de-administracao\/"]}]},{"@type":"BreadcrumbList","@id":"https:\/\/itr.ufrrj.br\/portal\/cursos\/administracao\/matriz-curricular-do-curso-de-administracao\/#breadcrumb","itemListElement":[{"@type":"ListItem","position":1,"name":"In\u00edcio","item":"https:\/\/itr.ufrrj.br\/portal\/"},{"@type":"ListItem","position":2,"name":"Cursos","item":"https:\/\/itr.ufrrj.br\/portal\/cursos\/"},{"@type":"ListItem","position":3,"name":"Administra\u00e7\u00e3o","item":"https:\/\/itr.ufrrj.br\/portal\/?page_id=7415"},{"@type":"ListItem","position":4,"name":"Matriz Curricular do Curso de Administra\u00e7\u00e3o"}]},{"@type":"WebSite","@id":"https:\/\/itr.ufrrj.br\/portal\/#website","url":"https:\/\/itr.ufrrj.br\/portal\/","name":"Campus Tr\u00eas Rios | UFRRJ","description":"Localizado na cidade de Tr\u00eas Rios - RJ","publisher":{"@id":"https:\/\/itr.ufrrj.br\/portal\/#organization"},"potentialAction":[{"@type":"SearchAction","target":{"@type":"EntryPoint","urlTemplate":"https:\/\/itr.ufrrj.br\/portal\/?s={search_term_string}"},"query-input":{"@type":"PropertyValueSpecification","valueRequired":true,"valueName":"search_term_string"}}],"inLanguage":"pt-BR"},{"@type":"Organization","@id":"https:\/\/itr.ufrrj.br\/portal\/#organization","name":"Instituto Tr\u00eas Rios\/UFRRJ","url":"https:\/\/itr.ufrrj.br\/portal\/","logo":{"@type":"ImageObject","inLanguage":"pt-BR","@id":"https:\/\/itr.ufrrj.br\/portal\/#\/schema\/logo\/image\/","url":"https:\/\/itr.ufrrj.br\/portal\/wp-content\/uploads\/2020\/04\/logo-institutotresrios-ufrrj.png","contentUrl":"https:\/\/itr.ufrrj.br\/portal\/wp-content\/uploads\/2020\/04\/logo-institutotresrios-ufrrj.png","width":1067,"height":240,"caption":"Instituto Tr\u00eas Rios\/UFRRJ"},"image":{"@id":"https:\/\/itr.ufrrj.br\/portal\/#\/schema\/logo\/image\/"},"sameAs":["https:\/\/www.facebook.com\/itr.ufrrj"]}]}},"jetpack_sharing_enabled":true,"amp_enabled":false,"_links":{"self":[{"href":"https:\/\/itr.ufrrj.br\/portal\/wp-json\/wp\/v2\/pages\/7450","targetHints":{"allow":["GET"]}}],"collection":[{"href":"https:\/\/itr.ufrrj.br\/portal\/wp-json\/wp\/v2\/pages"}],"about":[{"href":"https:\/\/itr.ufrrj.br\/portal\/wp-json\/wp\/v2\/types\/page"}],"author":[{"embeddable":true,"href":"https:\/\/itr.ufrrj.br\/portal\/wp-json\/wp\/v2\/users\/4"}],"replies":[{"embeddable":true,"href":"https:\/\/itr.ufrrj.br\/portal\/wp-json\/wp\/v2\/comments?post=7450"}],"version-history":[{"count":30,"href":"https:\/\/itr.ufrrj.br\/portal\/wp-json\/wp\/v2\/pages\/7450\/revisions"}],"predecessor-version":[{"id":12285,"href":"https:\/\/itr.ufrrj.br\/portal\/wp-json\/wp\/v2\/pages\/7450\/revisions\/12285"}],"up":[{"embeddable":true,"href":"https:\/\/itr.ufrrj.br\/portal\/wp-json\/wp\/v2\/pages\/7415"}],"wp:attachment":[{"href":"https:\/\/itr.ufrrj.br\/portal\/wp-json\/wp\/v2\/media?parent=7450"}],"curies":[{"name":"wp","href":"https:\/\/api.w.org\/{rel}","templated":true}]}}