{"id":726,"date":"2013-01-30T12:33:36","date_gmt":"2013-01-30T14:33:36","guid":{"rendered":"http:\/\/www.itr.ufrrj.br\/portal\/?page_id=726"},"modified":"2021-08-13T15:21:39","modified_gmt":"2021-08-13T18:21:39","slug":"biblioteca","status":"publish","type":"page","link":"https:\/\/itr.ufrrj.br\/portal\/biblioteca\/","title":{"rendered":"Biblioteca"},"content":{"rendered":"\n<h4 class=\"wp-block-heading\"><a href=\"http:\/\/www.itr.ufrrj.br\/portal\/biblioteca\/servicos\/\" target=\"_blank\" rel=\"noopener\">Servi\u00e7os<\/a><\/h4>\n\n\n\n<h4 class=\"wp-block-heading\"><a href=\"http:\/\/www.itr.ufrrj.br\/portal\/biblioteca\/sobre-a-biblioteca-e-contatos\/\" target=\"_blank\" rel=\"noopener\">Sobre a Biblioteca e Contatos<\/a><\/h4>\n\n\n\n<h4 class=\"wp-block-heading\"><a href=\"http:\/\/www.itr.ufrrj.br\/portal\/biblioteca\/historia-da-biblioteca\/\" target=\"_blank\" rel=\"noopener\">Hist\u00f3ria da Biblioteca<\/a><\/h4>\n\n\n\n<h4 class=\"wp-block-heading\"><a href=\"http:\/\/www.itr.ufrrj.br\/portal\/biblioteca\/equipe\/\" target=\"_blank\" rel=\"noopener\">Equipe<\/a><\/h4>\n\n\n\n<h4 class=\"wp-block-heading\"><a href=\"http:\/\/www.biblioteca.ufrrj.br\/\" target=\"_blank\" rel=\"noopener\">Consulta ao Acervo<\/a><\/h4>\n\n\n\n<h4 class=\"wp-block-heading\"><a href=\"http:\/\/www.itr.ufrrj.br\/portal\/category\/tcc\/\">TCC<\/a><\/h4>\n\n\n\n<h2 class=\"wp-block-heading\">Informa\u00e7\u00f5es da nossa biblioteca<\/h2>\n\n\n\n<div class=\"box wsw\" style=\"text-align: justify;\">\n<div class=\"boxContentBorder\">\n<div class=\"boxContent\">\n<p>Somos uma biblioteca p\u00fablica e universit\u00e1ria localizada no munic\u00edpio de Tr\u00eas Rios\/RJ, e integramos uma Rede Institucional de Bibliotecas. Venha descobrir o fascinante mundo da leitura! O nosso cat\u00e1logo cont\u00e9m mais de 5.000 exemplares para todas as idades, dos 0 aos 100 anos.<\/p>\n<p>Nosso acervo \u00e9 voltado para a livre consulta do p\u00fablico em geral e dos membros de nossa comunidade acad\u00eamica, pertencente aos cursos de Bacharelado em Administra\u00e7\u00e3o; Bacharelado em Ci\u00eancias Econ\u00f4micas; Bacharelado em Gest\u00e3o Ambiental e Bacharelado em Direito.<\/p>\n<p>Temos livros dos temas mais diversos desde Hist\u00f3ria, Arte, Religi\u00e3o, Literatura, Filosofia, Auto-Ajuda, Misticismo, Sa\u00fade, Medicina e Anatomia, Biologia, Geografia, Geologia, Qu\u00edmica, Arquitetura, Meio-Ambiente,Ci\u00eancias Sociais, Desenvolvimento e Crescimento, Pedagogia, Psicologia, Esporte, at\u00e9 os temas livres e obras gerais. Estamos em constante forma\u00e7\u00e3o e desenvolvimento de nosso acervo.<\/p>\n<p>Venha nos visitar em nosso website e saber mais sobre os nossos servi\u00e7os e a nossa crescente cole\u00e7\u00e3o de livros. N\u00e3o hesite em <a href=\"http:\/\/biblioteca-tres-rios.webnode.com\/contato\/\">contatar-nos<\/a> caso pretenda um servi\u00e7o mais personalizado. Estamos \u00e0 sua disposi\u00e7\u00e3o para o ajudar a encontrar o livro mais adequado \u00e0s suas necessidades.<\/p>\n<p>Estamos em constante desenvolvimento e cria\u00e7\u00e3o de novos projetos e esperamos que voc\u00ea curta e vivencie nossas novidades.<\/p>\n<p>Fa\u00e7a-nos uma visita!<\/p>\n<p>Estamos localizados na Av. Prefeito Alberto da Silva Lavinas, 1847, Tr\u00eas Rios &#8211; Rio de Janeiro.<br \/><strong>Telefone:<\/strong> (21) 2681-4925<\/p>\n<p>e esperamos por voc\u00ea!<\/p>\n<\/div>\n<\/div>\n<\/div>\n\n\n\n<h2 class=\"wp-block-heading\">Hor\u00e1rio regular de funcionamento:<\/h2>\n\n\n\n<p>De segunda a sexta-feira, de\u00a009h \u00e0s 21h.<\/p>\n\n\n\n<div class=\"cleaner\" style=\"text-align: justify;\">\u00a0<\/div>\n","protected":false},"excerpt":{"rendered":"<p>Servi\u00e7os Sobre a Biblioteca e Contatos Hist\u00f3ria da Biblioteca Equipe Consulta ao Acervo TCC Informa\u00e7\u00f5es da nossa biblioteca Somos uma biblioteca p\u00fablica e universit\u00e1ria localizada no munic\u00edpio de Tr\u00eas Rios\/RJ, [&hellip;]<\/p>\n","protected":false},"author":1,"featured_media":0,"parent":0,"menu_order":0,"comment_status":"open","ping_status":"open","template":"","meta":{"_acf_changed":false,"editor_plus_copied_stylings":"{}","footnotes":""},"class_list":["post-726","page","type-page","status-publish","hentry"],"acf":[],"yoast_head":"<!-- This site is optimized with the Yoast SEO plugin v27.4 - https:\/\/yoast.com\/product\/yoast-seo-wordpress\/ -->\n<title>Biblioteca - Campus Tr\u00eas Rios | UFRRJ<\/title>\n<meta name=\"robots\" content=\"index, follow, max-snippet:-1, max-image-preview:large, max-video-preview:-1\" \/>\n<link rel=\"canonical\" href=\"https:\/\/itr.ufrrj.br\/portal\/biblioteca\/\" \/>\n<meta property=\"og:locale\" content=\"pt_BR\" \/>\n<meta property=\"og:type\" content=\"article\" \/>\n<meta property=\"og:title\" content=\"Biblioteca - Campus Tr\u00eas Rios | UFRRJ\" \/>\n<meta property=\"og:description\" content=\"Servi\u00e7os Sobre a Biblioteca e Contatos Hist\u00f3ria da Biblioteca Equipe Consulta ao Acervo TCC Informa\u00e7\u00f5es da nossa biblioteca Somos uma biblioteca p\u00fablica e universit\u00e1ria localizada no munic\u00edpio de Tr\u00eas Rios\/RJ, [&hellip;]\" \/>\n<meta property=\"og:url\" content=\"https:\/\/itr.ufrrj.br\/portal\/biblioteca\/\" \/>\n<meta property=\"og:site_name\" content=\"Campus Tr\u00eas Rios | UFRRJ\" \/>\n<meta property=\"article:publisher\" content=\"https:\/\/www.facebook.com\/itr.ufrrj\" \/>\n<meta property=\"article:modified_time\" content=\"2021-08-13T18:21:39+00:00\" \/>\n<meta name=\"twitter:card\" content=\"summary_large_image\" \/>\n<meta name=\"twitter:label1\" content=\"Est. tempo de leitura\" \/>\n\t<meta name=\"twitter:data1\" content=\"2 minutos\" \/>\n<script type=\"application\/ld+json\" class=\"yoast-schema-graph\">{\"@context\":\"https:\\\/\\\/schema.org\",\"@graph\":[{\"@type\":\"WebPage\",\"@id\":\"https:\\\/\\\/itr.ufrrj.br\\\/portal\\\/biblioteca\\\/\",\"url\":\"https:\\\/\\\/itr.ufrrj.br\\\/portal\\\/biblioteca\\\/\",\"name\":\"Biblioteca - Campus Tr\u00eas Rios | UFRRJ\",\"isPartOf\":{\"@id\":\"https:\\\/\\\/itr.ufrrj.br\\\/portal\\\/#website\"},\"datePublished\":\"2013-01-30T14:33:36+00:00\",\"dateModified\":\"2021-08-13T18:21:39+00:00\",\"breadcrumb\":{\"@id\":\"https:\\\/\\\/itr.ufrrj.br\\\/portal\\\/biblioteca\\\/#breadcrumb\"},\"inLanguage\":\"pt-BR\",\"potentialAction\":[{\"@type\":\"ReadAction\",\"target\":[\"https:\\\/\\\/itr.ufrrj.br\\\/portal\\\/biblioteca\\\/\"]}]},{\"@type\":\"BreadcrumbList\",\"@id\":\"https:\\\/\\\/itr.ufrrj.br\\\/portal\\\/biblioteca\\\/#breadcrumb\",\"itemListElement\":[{\"@type\":\"ListItem\",\"position\":1,\"name\":\"In\u00edcio\",\"item\":\"https:\\\/\\\/itr.ufrrj.br\\\/portal\\\/\"},{\"@type\":\"ListItem\",\"position\":2,\"name\":\"Biblioteca\"}]},{\"@type\":\"WebSite\",\"@id\":\"https:\\\/\\\/itr.ufrrj.br\\\/portal\\\/#website\",\"url\":\"https:\\\/\\\/itr.ufrrj.br\\\/portal\\\/\",\"name\":\"Campus Tr\u00eas Rios | UFRRJ\",\"description\":\"Localizado na cidade de Tr\u00eas Rios - RJ\",\"publisher\":{\"@id\":\"https:\\\/\\\/itr.ufrrj.br\\\/portal\\\/#organization\"},\"potentialAction\":[{\"@type\":\"SearchAction\",\"target\":{\"@type\":\"EntryPoint\",\"urlTemplate\":\"https:\\\/\\\/itr.ufrrj.br\\\/portal\\\/?s={search_term_string}\"},\"query-input\":{\"@type\":\"PropertyValueSpecification\",\"valueRequired\":true,\"valueName\":\"search_term_string\"}}],\"inLanguage\":\"pt-BR\"},{\"@type\":\"Organization\",\"@id\":\"https:\\\/\\\/itr.ufrrj.br\\\/portal\\\/#organization\",\"name\":\"Instituto Tr\u00eas Rios\\\/UFRRJ\",\"url\":\"https:\\\/\\\/itr.ufrrj.br\\\/portal\\\/\",\"logo\":{\"@type\":\"ImageObject\",\"inLanguage\":\"pt-BR\",\"@id\":\"https:\\\/\\\/itr.ufrrj.br\\\/portal\\\/#\\\/schema\\\/logo\\\/image\\\/\",\"url\":\"https:\\\/\\\/itr.ufrrj.br\\\/portal\\\/wp-content\\\/uploads\\\/2020\\\/04\\\/logo-institutotresrios-ufrrj.png\",\"contentUrl\":\"https:\\\/\\\/itr.ufrrj.br\\\/portal\\\/wp-content\\\/uploads\\\/2020\\\/04\\\/logo-institutotresrios-ufrrj.png\",\"width\":1067,\"height\":240,\"caption\":\"Instituto Tr\u00eas Rios\\\/UFRRJ\"},\"image\":{\"@id\":\"https:\\\/\\\/itr.ufrrj.br\\\/portal\\\/#\\\/schema\\\/logo\\\/image\\\/\"},\"sameAs\":[\"https:\\\/\\\/www.facebook.com\\\/itr.ufrrj\"]}]}<\/script>\n<!-- \/ Yoast SEO plugin. -->","yoast_head_json":{"title":"Biblioteca - Campus Tr\u00eas Rios | UFRRJ","robots":{"index":"index","follow":"follow","max-snippet":"max-snippet:-1","max-image-preview":"max-image-preview:large","max-video-preview":"max-video-preview:-1"},"canonical":"https:\/\/itr.ufrrj.br\/portal\/biblioteca\/","og_locale":"pt_BR","og_type":"article","og_title":"Biblioteca - Campus Tr\u00eas Rios | UFRRJ","og_description":"Servi\u00e7os Sobre a Biblioteca e Contatos Hist\u00f3ria da Biblioteca Equipe Consulta ao Acervo TCC Informa\u00e7\u00f5es da nossa biblioteca Somos uma biblioteca p\u00fablica e universit\u00e1ria localizada no munic\u00edpio de Tr\u00eas Rios\/RJ, [&hellip;]","og_url":"https:\/\/itr.ufrrj.br\/portal\/biblioteca\/","og_site_name":"Campus Tr\u00eas Rios | UFRRJ","article_publisher":"https:\/\/www.facebook.com\/itr.ufrrj","article_modified_time":"2021-08-13T18:21:39+00:00","twitter_card":"summary_large_image","twitter_misc":{"Est. tempo de leitura":"2 minutos"},"schema":{"@context":"https:\/\/schema.org","@graph":[{"@type":"WebPage","@id":"https:\/\/itr.ufrrj.br\/portal\/biblioteca\/","url":"https:\/\/itr.ufrrj.br\/portal\/biblioteca\/","name":"Biblioteca - Campus Tr\u00eas Rios | UFRRJ","isPartOf":{"@id":"https:\/\/itr.ufrrj.br\/portal\/#website"},"datePublished":"2013-01-30T14:33:36+00:00","dateModified":"2021-08-13T18:21:39+00:00","breadcrumb":{"@id":"https:\/\/itr.ufrrj.br\/portal\/biblioteca\/#breadcrumb"},"inLanguage":"pt-BR","potentialAction":[{"@type":"ReadAction","target":["https:\/\/itr.ufrrj.br\/portal\/biblioteca\/"]}]},{"@type":"BreadcrumbList","@id":"https:\/\/itr.ufrrj.br\/portal\/biblioteca\/#breadcrumb","itemListElement":[{"@type":"ListItem","position":1,"name":"In\u00edcio","item":"https:\/\/itr.ufrrj.br\/portal\/"},{"@type":"ListItem","position":2,"name":"Biblioteca"}]},{"@type":"WebSite","@id":"https:\/\/itr.ufrrj.br\/portal\/#website","url":"https:\/\/itr.ufrrj.br\/portal\/","name":"Campus Tr\u00eas Rios | UFRRJ","description":"Localizado na cidade de Tr\u00eas Rios - RJ","publisher":{"@id":"https:\/\/itr.ufrrj.br\/portal\/#organization"},"potentialAction":[{"@type":"SearchAction","target":{"@type":"EntryPoint","urlTemplate":"https:\/\/itr.ufrrj.br\/portal\/?s={search_term_string}"},"query-input":{"@type":"PropertyValueSpecification","valueRequired":true,"valueName":"search_term_string"}}],"inLanguage":"pt-BR"},{"@type":"Organization","@id":"https:\/\/itr.ufrrj.br\/portal\/#organization","name":"Instituto Tr\u00eas Rios\/UFRRJ","url":"https:\/\/itr.ufrrj.br\/portal\/","logo":{"@type":"ImageObject","inLanguage":"pt-BR","@id":"https:\/\/itr.ufrrj.br\/portal\/#\/schema\/logo\/image\/","url":"https:\/\/itr.ufrrj.br\/portal\/wp-content\/uploads\/2020\/04\/logo-institutotresrios-ufrrj.png","contentUrl":"https:\/\/itr.ufrrj.br\/portal\/wp-content\/uploads\/2020\/04\/logo-institutotresrios-ufrrj.png","width":1067,"height":240,"caption":"Instituto Tr\u00eas Rios\/UFRRJ"},"image":{"@id":"https:\/\/itr.ufrrj.br\/portal\/#\/schema\/logo\/image\/"},"sameAs":["https:\/\/www.facebook.com\/itr.ufrrj"]}]}},"jetpack_sharing_enabled":true,"amp_enabled":true,"_links":{"self":[{"href":"https:\/\/itr.ufrrj.br\/portal\/wp-json\/wp\/v2\/pages\/726","targetHints":{"allow":["GET"]}}],"collection":[{"href":"https:\/\/itr.ufrrj.br\/portal\/wp-json\/wp\/v2\/pages"}],"about":[{"href":"https:\/\/itr.ufrrj.br\/portal\/wp-json\/wp\/v2\/types\/page"}],"author":[{"embeddable":true,"href":"https:\/\/itr.ufrrj.br\/portal\/wp-json\/wp\/v2\/users\/1"}],"replies":[{"embeddable":true,"href":"https:\/\/itr.ufrrj.br\/portal\/wp-json\/wp\/v2\/comments?post=726"}],"version-history":[{"count":12,"href":"https:\/\/itr.ufrrj.br\/portal\/wp-json\/wp\/v2\/pages\/726\/revisions"}],"predecessor-version":[{"id":12158,"href":"https:\/\/itr.ufrrj.br\/portal\/wp-json\/wp\/v2\/pages\/726\/revisions\/12158"}],"wp:attachment":[{"href":"https:\/\/itr.ufrrj.br\/portal\/wp-json\/wp\/v2\/media?parent=726"}],"curies":[{"name":"wp","href":"https:\/\/api.w.org\/{rel}","templated":true}]}}