{"id":68,"date":"2011-02-28T13:52:50","date_gmt":"2011-02-28T16:52:50","guid":{"rendered":"http:\/\/r1.ufrrj.br\/wp\/itr\/"},"modified":"2019-03-21T11:24:04","modified_gmt":"2019-03-21T14:24:04","slug":"corpo-docente","status":"publish","type":"page","link":"https:\/\/itr.ufrrj.br\/portal\/departamentos\/dceex\/corpo-docente\/","title":{"rendered":"Corpo Docente"},"content":{"rendered":"<p style=\"text-align: justify;\">O Departamento de Ci\u00eancias Econ\u00f4micas e Exatas conta com o seguinte corpo docente:<\/p>\n<p><!--\n\n\n<h3><strong>Chefe do Departamento:<\/strong><\/h3>\n\n\n<strong><a class=\"texto_titulo_mini\" href=\"http:\/\/lattes.cnpq.br\/3044105211883314\">Roberto Salvador Santolin<\/a><\/strong>\n<a class=\"texto\">Doutor em Economia pela UFMG<\/a>\n\u00c1rea(s) de ensino: Macroeconomia e Econometria\n<a title=\"artigos do docente\" href=\"http:\/\/www.itr.ufrrj.br\/portal\/tag\/prof-roberto-salvador-santolin\/\">Pesquisas e artigos do docente<\/a>\n\n\n<h3><a style=\"font-size: 14px;\"><strong>Sub-Chefe do Departamento:<\/strong><\/a><\/h3>\n\n\n<strong><a class=\"texto_titulo_mini\" href=\"http:\/\/lattes.cnpq.br\/7121912994380369\">Cid de Oliva Botelho J\u00fanior<\/a><\/strong>\nMestre em Economia pela Unicamp (2002) e doutorando pela Unicamp\n\u00c1rea(s) de ensino: Desenvolvimento e Economia brasileira\n\n&nbsp;\n\n\n<h2 class=\"texto_titulo\"><span style=\"font-size: 16px;\"><strong>Corpo Docente em regime de Dedica\u00e7\u00e3o Exclusiva:<\/strong><\/span><\/h2>\n\n\n<strong><a class=\"texto_titulo_mini\" href=\"http:\/\/lattes.cnpq.br\/3244247289522240\">Ana Lisa Nishio<\/a><\/strong>\n<a class=\"texto\"><span style=\"color: #000000;\">Mestre em Ensino de Ci\u00eancias e Matem\u00e1tica (2008) pela UNIPLI<\/span><\/a>\n\u00c1rea(s) de ensino: Matem\u00e1tica\n\n<strong><a class=\"texto_titulo_mini\" href=\"http:\/\/lattes.cnpq.br\/2249615002909902\">C\u00edcero Augusto Prudencio Pimenteira<\/a><\/strong>\n<a class=\"texto\">Doutor em Planejamento Energ\u00e9tico com \u00eanfase em Planejamento Ambiental pela COPPE-UFRJ (2010)<\/a>\n\u00c1rea(s) de ensino: Economia do Meio Ambiente, Economia do Setor Publico, Economia Regional e Economia da Energia\n<a title=\"pesquisa\" href=\"http:\/\/www.itr.ufrrj.br\/portal\/tag\/cicero-augusto-prudencio-pimenteira\/\">Pesquisas e artigos do docente<\/a>\n\n<strong><a class=\"texto_titulo_mini\" href=\"http:\/\/lattes.cnpq.br\/2973656775835876\">Din\u00e1 Andrade Lima Ramos<\/a><\/strong>\n<a class=\"texto\"><span style=\"color: #000000;\">Mestre em Estudos Populacionais e Pesquisas Sociais pelo IBGE\/ENCE (2004)<\/span><\/a>\n<a class=\"texto\"><span style=\"color: #000000;\">\u00c1rea(s) de ensino: Macroeconomia e\u00a0Demografia (optativa)<\/span><\/a>\n\n<strong><a title=\"lattes\" href=\"http:\/\/lattes.cnpq.br\/1443557630483935\" target=\"_blank\" rel=\"noopener noreferrer\">Fernando Henrique Lemos Rodrigues<\/a><\/strong>\nMestre em Economia pela Unicamp (2006)\n\u00c1rea(s) de ensino: Desenvolvimento Econ\u00f4mico e Economia Brasileira\n\n<strong><a class=\"texto_titulo_mini\" href=\"http:\/\/lattes.cnpq.br\/6068719954474923\">Jos\u00e9 Leonardo Ribeiro Macrini<\/a><\/strong>\n<a class=\"texto\"><span style=\"color: #000000;\">Doutor em Engenharia El\u00e9trica pela PUC-RJ (2004)<\/span><\/a>\n\u00c1rea(s) de ensino:\u00a0M\u00e9todos Quantitativos\n\n<strong><a title=\"Lattes\" href=\"http:\/\/lattes.cnpq.br\/9681238655987809\" target=\"_blank\" rel=\"noopener noreferrer\">Leandro Gomes da Silva<\/a><\/strong>\nMestre pela UFRJ (2011)\n\u00c1rea(s) de ensino: Microeconomia e Economia Internacional\n\n<strong><a class=\"texto_titulo_mini\" href=\"http:\/\/lattes.cnpq.br\/5296090049853972\">Luciana Cavalcanti de Melo<\/a><\/strong>\n<a class=\"texto\"><span style=\"color: #000000;\">Doutora em Engenharia de Produ\u00e7\u00e3o pela UFRJ (2008)<\/span><\/a>\n<a class=\"texto\"><span style=\"color: #000000;\">\u00c1rea(s) de ensino: Estat\u00edstica e Econometria<\/span><\/a>\n\n<strong><a class=\"texto_titulo_mini\" href=\"http:\/\/lattes.cnpq.br\/2694779477808903\">Ludmila Macedo Corr\u00eaa<\/a><\/strong>\n<a class=\"texto\"><span style=\"color: #000000;\">Mestre em Ci\u00eancias Econ\u00f4micas pela UERJ (2007)<\/span><\/a>\n\u00c1rea(s) de ensino: Microeconomia, Economia Internacional e Economia Industrial\n\n<strong><a class=\"texto_titulo_mini\" href=\"http:\/\/lattes.cnpq.br\/9631034240228389\">Maria Helena Facirolli Sobrinho<\/a><\/strong>\n<a class=\"texto\"><span style=\"color: #000000;\">Mestrado em Economia pela UFES (2005)<\/span><\/a>\n\u00c1rea(s) de ensino: Contabilidade Social, Conjuntura Econ\u00f4mica\n<a title=\"Pesquisas e Artigos\" href=\"http:\/\/www.itr.ufrrj.br\/portal\/tag\/prof-maria-helena-facirolli-sobrinho\/\">Pesquisas e Artigos da Docente<\/a>\n\n<a title=\"lattes\" href=\"http:\/\/lattes.cnpq.br\/1113909968719767\" target=\"_blank\" rel=\"noopener noreferrer\"><strong>Paulo Jos\u00e9 Saraiva<\/strong><\/a>\nDoutor pela UFRJ (2014)\n\u00c1rea(s) de ensino: Macroeconomia e Economia do Setor P\u00fablico\n\n<strong><a class=\"texto_titulo_mini\" href=\"http:\/\/lattes.cnpq.br\/7652140452712420\">Ronaldo Rodrigues da Silva<\/a><\/strong>\n<a class=\"texto\"><span style=\"color: #000000;\">Doutor em F\u00edsica pelo CBPF (1999)<\/span><\/a>\n<a class=\"texto\"><span style=\"color: #000000;\">\u00c1rea(s) de ensino: Matem\u00e1tica<\/span><\/a>\n\n<strong><a class=\"texto_titulo_mini\" href=\"http:\/\/lattes.cnpq.br\/4426061870016227\">Sebasti\u00e3o Ferreira da Cunha<\/a><\/strong>\nD<span class=\"\">outor em Desenvolvimento Econ\u00f4mico pela UNICAMP (2013)<\/span>\n<a class=\"texto\"><span style=\"color: #000000;\">\u00c1rea(s) de ensino: Economia Pol\u00edtica, Hist\u00f3ria do Pensamento Econ\u00f4mico, Desenvolvimento Econ\u00f4mico e Economia do Trabalho<\/span><\/a>\nPesquisas e artigos do docente\n\n<strong><a title=\"Lattes\" href=\"http:\/\/lattes.cnpq.br\/8480645142519713\" target=\"_blank\" rel=\"noopener noreferrer\">Simone Fioritti Silva<\/a><\/strong>\nMestre pela USP (2007)\n\u00c1rea(s) de ensino: Macroeconomia e Economia Pol\u00edtica\n\n<strong><a class=\"texto_titulo_mini\" href=\"http:\/\/lattes.cnpq.br\/6185475112340528\">Te\u00f3filo Henrique Pereira de Paula<\/a><\/strong>\n<a class=\"texto\"><span style=\"color: #000000;\">Doutor em Economia pela UFMG (2009)<\/span><\/a>\n<a class=\"texto\"><span style=\"color: #000000;\">\u00c1rea(s) de ensino: Macroeconomia e Microeconomia<\/span><\/a>\n<a title=\"pesquisas e artigos\" href=\"http:\/\/www.itr.ufrrj.br\/portal\/tag\/prof-teofilo-henrique-paula\/\">Pesquisas e artigos do docente<\/a>\n\n\n<h5><\/h5>\n\n\n--><\/p>\n","protected":false},"excerpt":{"rendered":"<p>O Departamento de Ci\u00eancias Econ\u00f4micas e Exatas conta com o seguinte corpo docente:<\/p>\n","protected":false},"author":1,"featured_media":0,"parent":31,"menu_order":1,"comment_status":"open","ping_status":"open","template":"page-cursos.php","meta":{"_acf_changed":false,"editor_plus_copied_stylings":"{}","footnotes":""},"class_list":["post-68","page","type-page","status-publish","hentry"],"acf":[],"yoast_head":"<!-- This site is optimized with the Yoast SEO plugin v27.4 - https:\/\/yoast.com\/product\/yoast-seo-wordpress\/ -->\n<title>Corpo Docente - Campus Tr\u00eas Rios | UFRRJ<\/title>\n<meta name=\"robots\" content=\"index, follow, max-snippet:-1, max-image-preview:large, max-video-preview:-1\" \/>\n<link rel=\"canonical\" href=\"https:\/\/itr.ufrrj.br\/portal\/departamentos\/dceex\/corpo-docente\/\" \/>\n<meta property=\"og:locale\" content=\"pt_BR\" \/>\n<meta property=\"og:type\" content=\"article\" \/>\n<meta property=\"og:title\" content=\"Corpo Docente - Campus Tr\u00eas Rios | UFRRJ\" \/>\n<meta property=\"og:description\" content=\"O Departamento de Ci\u00eancias Econ\u00f4micas e Exatas conta com o seguinte corpo docente:\" \/>\n<meta property=\"og:url\" content=\"https:\/\/itr.ufrrj.br\/portal\/departamentos\/dceex\/corpo-docente\/\" \/>\n<meta property=\"og:site_name\" content=\"Campus Tr\u00eas Rios | UFRRJ\" \/>\n<meta property=\"article:publisher\" content=\"https:\/\/www.facebook.com\/itr.ufrrj\" \/>\n<meta property=\"article:modified_time\" content=\"2019-03-21T14:24:04+00:00\" \/>\n<meta name=\"twitter:card\" content=\"summary_large_image\" \/>\n<script type=\"application\/ld+json\" class=\"yoast-schema-graph\">{\"@context\":\"https:\\\/\\\/schema.org\",\"@graph\":[{\"@type\":\"WebPage\",\"@id\":\"https:\\\/\\\/itr.ufrrj.br\\\/portal\\\/departamentos\\\/dceex\\\/corpo-docente\\\/\",\"url\":\"https:\\\/\\\/itr.ufrrj.br\\\/portal\\\/departamentos\\\/dceex\\\/corpo-docente\\\/\",\"name\":\"Corpo Docente - Campus Tr\u00eas Rios | UFRRJ\",\"isPartOf\":{\"@id\":\"https:\\\/\\\/itr.ufrrj.br\\\/portal\\\/#website\"},\"datePublished\":\"2011-02-28T16:52:50+00:00\",\"dateModified\":\"2019-03-21T14:24:04+00:00\",\"breadcrumb\":{\"@id\":\"https:\\\/\\\/itr.ufrrj.br\\\/portal\\\/departamentos\\\/dceex\\\/corpo-docente\\\/#breadcrumb\"},\"inLanguage\":\"pt-BR\",\"potentialAction\":[{\"@type\":\"ReadAction\",\"target\":[\"https:\\\/\\\/itr.ufrrj.br\\\/portal\\\/departamentos\\\/dceex\\\/corpo-docente\\\/\"]}]},{\"@type\":\"BreadcrumbList\",\"@id\":\"https:\\\/\\\/itr.ufrrj.br\\\/portal\\\/departamentos\\\/dceex\\\/corpo-docente\\\/#breadcrumb\",\"itemListElement\":[{\"@type\":\"ListItem\",\"position\":1,\"name\":\"In\u00edcio\",\"item\":\"https:\\\/\\\/itr.ufrrj.br\\\/portal\\\/\"},{\"@type\":\"ListItem\",\"position\":2,\"name\":\"Departamentos\",\"item\":\"https:\\\/\\\/itr.ufrrj.br\\\/portal\\\/departamentos\\\/\"},{\"@type\":\"ListItem\",\"position\":3,\"name\":\"DCEEx\",\"item\":\"https:\\\/\\\/itr.ufrrj.br\\\/portal\\\/departamentos\\\/dceex\\\/\"},{\"@type\":\"ListItem\",\"position\":4,\"name\":\"Corpo Docente\"}]},{\"@type\":\"WebSite\",\"@id\":\"https:\\\/\\\/itr.ufrrj.br\\\/portal\\\/#website\",\"url\":\"https:\\\/\\\/itr.ufrrj.br\\\/portal\\\/\",\"name\":\"Campus Tr\u00eas Rios | UFRRJ\",\"description\":\"Localizado na cidade de Tr\u00eas Rios - RJ\",\"publisher\":{\"@id\":\"https:\\\/\\\/itr.ufrrj.br\\\/portal\\\/#organization\"},\"potentialAction\":[{\"@type\":\"SearchAction\",\"target\":{\"@type\":\"EntryPoint\",\"urlTemplate\":\"https:\\\/\\\/itr.ufrrj.br\\\/portal\\\/?s={search_term_string}\"},\"query-input\":{\"@type\":\"PropertyValueSpecification\",\"valueRequired\":true,\"valueName\":\"search_term_string\"}}],\"inLanguage\":\"pt-BR\"},{\"@type\":\"Organization\",\"@id\":\"https:\\\/\\\/itr.ufrrj.br\\\/portal\\\/#organization\",\"name\":\"Instituto Tr\u00eas Rios\\\/UFRRJ\",\"url\":\"https:\\\/\\\/itr.ufrrj.br\\\/portal\\\/\",\"logo\":{\"@type\":\"ImageObject\",\"inLanguage\":\"pt-BR\",\"@id\":\"https:\\\/\\\/itr.ufrrj.br\\\/portal\\\/#\\\/schema\\\/logo\\\/image\\\/\",\"url\":\"https:\\\/\\\/itr.ufrrj.br\\\/portal\\\/wp-content\\\/uploads\\\/2020\\\/04\\\/logo-institutotresrios-ufrrj.png\",\"contentUrl\":\"https:\\\/\\\/itr.ufrrj.br\\\/portal\\\/wp-content\\\/uploads\\\/2020\\\/04\\\/logo-institutotresrios-ufrrj.png\",\"width\":1067,\"height\":240,\"caption\":\"Instituto Tr\u00eas Rios\\\/UFRRJ\"},\"image\":{\"@id\":\"https:\\\/\\\/itr.ufrrj.br\\\/portal\\\/#\\\/schema\\\/logo\\\/image\\\/\"},\"sameAs\":[\"https:\\\/\\\/www.facebook.com\\\/itr.ufrrj\"]}]}<\/script>\n<!-- \/ Yoast SEO plugin. -->","yoast_head_json":{"title":"Corpo Docente - Campus Tr\u00eas Rios | UFRRJ","robots":{"index":"index","follow":"follow","max-snippet":"max-snippet:-1","max-image-preview":"max-image-preview:large","max-video-preview":"max-video-preview:-1"},"canonical":"https:\/\/itr.ufrrj.br\/portal\/departamentos\/dceex\/corpo-docente\/","og_locale":"pt_BR","og_type":"article","og_title":"Corpo Docente - Campus Tr\u00eas Rios | UFRRJ","og_description":"O Departamento de Ci\u00eancias Econ\u00f4micas e Exatas conta com o seguinte corpo docente:","og_url":"https:\/\/itr.ufrrj.br\/portal\/departamentos\/dceex\/corpo-docente\/","og_site_name":"Campus Tr\u00eas Rios | UFRRJ","article_publisher":"https:\/\/www.facebook.com\/itr.ufrrj","article_modified_time":"2019-03-21T14:24:04+00:00","twitter_card":"summary_large_image","schema":{"@context":"https:\/\/schema.org","@graph":[{"@type":"WebPage","@id":"https:\/\/itr.ufrrj.br\/portal\/departamentos\/dceex\/corpo-docente\/","url":"https:\/\/itr.ufrrj.br\/portal\/departamentos\/dceex\/corpo-docente\/","name":"Corpo Docente - Campus Tr\u00eas Rios | UFRRJ","isPartOf":{"@id":"https:\/\/itr.ufrrj.br\/portal\/#website"},"datePublished":"2011-02-28T16:52:50+00:00","dateModified":"2019-03-21T14:24:04+00:00","breadcrumb":{"@id":"https:\/\/itr.ufrrj.br\/portal\/departamentos\/dceex\/corpo-docente\/#breadcrumb"},"inLanguage":"pt-BR","potentialAction":[{"@type":"ReadAction","target":["https:\/\/itr.ufrrj.br\/portal\/departamentos\/dceex\/corpo-docente\/"]}]},{"@type":"BreadcrumbList","@id":"https:\/\/itr.ufrrj.br\/portal\/departamentos\/dceex\/corpo-docente\/#breadcrumb","itemListElement":[{"@type":"ListItem","position":1,"name":"In\u00edcio","item":"https:\/\/itr.ufrrj.br\/portal\/"},{"@type":"ListItem","position":2,"name":"Departamentos","item":"https:\/\/itr.ufrrj.br\/portal\/departamentos\/"},{"@type":"ListItem","position":3,"name":"DCEEx","item":"https:\/\/itr.ufrrj.br\/portal\/departamentos\/dceex\/"},{"@type":"ListItem","position":4,"name":"Corpo Docente"}]},{"@type":"WebSite","@id":"https:\/\/itr.ufrrj.br\/portal\/#website","url":"https:\/\/itr.ufrrj.br\/portal\/","name":"Campus Tr\u00eas Rios | UFRRJ","description":"Localizado na cidade de Tr\u00eas Rios - RJ","publisher":{"@id":"https:\/\/itr.ufrrj.br\/portal\/#organization"},"potentialAction":[{"@type":"SearchAction","target":{"@type":"EntryPoint","urlTemplate":"https:\/\/itr.ufrrj.br\/portal\/?s={search_term_string}"},"query-input":{"@type":"PropertyValueSpecification","valueRequired":true,"valueName":"search_term_string"}}],"inLanguage":"pt-BR"},{"@type":"Organization","@id":"https:\/\/itr.ufrrj.br\/portal\/#organization","name":"Instituto Tr\u00eas Rios\/UFRRJ","url":"https:\/\/itr.ufrrj.br\/portal\/","logo":{"@type":"ImageObject","inLanguage":"pt-BR","@id":"https:\/\/itr.ufrrj.br\/portal\/#\/schema\/logo\/image\/","url":"https:\/\/itr.ufrrj.br\/portal\/wp-content\/uploads\/2020\/04\/logo-institutotresrios-ufrrj.png","contentUrl":"https:\/\/itr.ufrrj.br\/portal\/wp-content\/uploads\/2020\/04\/logo-institutotresrios-ufrrj.png","width":1067,"height":240,"caption":"Instituto Tr\u00eas Rios\/UFRRJ"},"image":{"@id":"https:\/\/itr.ufrrj.br\/portal\/#\/schema\/logo\/image\/"},"sameAs":["https:\/\/www.facebook.com\/itr.ufrrj"]}]}},"jetpack_sharing_enabled":true,"amp_enabled":false,"_links":{"self":[{"href":"https:\/\/itr.ufrrj.br\/portal\/wp-json\/wp\/v2\/pages\/68","targetHints":{"allow":["GET"]}}],"collection":[{"href":"https:\/\/itr.ufrrj.br\/portal\/wp-json\/wp\/v2\/pages"}],"about":[{"href":"https:\/\/itr.ufrrj.br\/portal\/wp-json\/wp\/v2\/types\/page"}],"author":[{"embeddable":true,"href":"https:\/\/itr.ufrrj.br\/portal\/wp-json\/wp\/v2\/users\/1"}],"replies":[{"embeddable":true,"href":"https:\/\/itr.ufrrj.br\/portal\/wp-json\/wp\/v2\/comments?post=68"}],"version-history":[{"count":16,"href":"https:\/\/itr.ufrrj.br\/portal\/wp-json\/wp\/v2\/pages\/68\/revisions"}],"predecessor-version":[{"id":9078,"href":"https:\/\/itr.ufrrj.br\/portal\/wp-json\/wp\/v2\/pages\/68\/revisions\/9078"}],"up":[{"embeddable":true,"href":"https:\/\/itr.ufrrj.br\/portal\/wp-json\/wp\/v2\/pages\/31"}],"wp:attachment":[{"href":"https:\/\/itr.ufrrj.br\/portal\/wp-json\/wp\/v2\/media?parent=68"}],"curies":[{"name":"wp","href":"https:\/\/api.w.org\/{rel}","templated":true}]}}