{"id":5467,"date":"2017-05-11T11:46:46","date_gmt":"2017-05-11T14:46:46","guid":{"rendered":"http:\/\/www.itr.ufrrj.br\/portal\/?page_id=5467"},"modified":"2025-09-02T11:35:34","modified_gmt":"2025-09-02T14:35:34","slug":"direcao-do-campus","status":"publish","type":"page","link":"https:\/\/itr.ufrrj.br\/portal\/institucional\/direcao-do-campus\/","title":{"rendered":"Dire\u00e7\u00e3o do Campus"},"content":{"rendered":"\n<p class=\" eplus-wrapper\">E-mail de contato: <a href=\"mailto:campustr@ufrrj.br\">campustr@ufrrj.br<\/a><\/p>\n\n\n\n<h2 class=\" wp-block-heading eplus-wrapper\">Regimento Interno<\/h2>\n\n\n\n<p class=\" eplus-wrapper\">O regimento interno do Campus Tr\u00eas Rios foi aprovado no CONSU, delibera\u00e7\u00e3o n\u00ba 23 de 2017. <\/p>\n\n\n\n<div class=\" wp-block-file eplus-wrapper\"><a id=\"wp-block-file--media-8ff0da0e-ec23-4576-a4a1-90650f3200ab\" href=\"https:\/\/itr.ufrrj.br\/portal\/wp-content\/uploads\/docs\/Delib.23-2017-CONSU-Aprova_Regimento_Campus_Tres_Rios.pdf\">Clique para fazer o download<\/a><a href=\"https:\/\/itr.ufrrj.br\/portal\/wp-content\/uploads\/docs\/Delib.23-2017-CONSU-Aprova_Regimento_Campus_Tres_Rios.pdf\" class=\"wp-block-file__button wp-element-button\" download aria-describedby=\"wp-block-file--media-8ff0da0e-ec23-4576-a4a1-90650f3200ab\">Baixar<\/a><\/div>\n\n\n\n<div style=\"height:100px\" aria-hidden=\"true\" class=\" wp-block-spacer eplus-wrapper\"><\/div>\n\n\n\n<h2 class=\" wp-block-heading eplus-wrapper\">Organograma do Campus Tr\u00eas Rios<\/h2>\n\n\n\n<h3 class=\" wp-block-heading eplus-wrapper\">Dire\u00e7\u00e3o do Campus: <\/h3>\n\n\n\n<p class=\" eplus-wrapper\">Caique Ragazzi<\/p>\n\n\n\n<h3 class=\" wp-block-heading eplus-wrapper\">Secretaria Administrativa do Campus: <\/h3>\n\n\n\n<p class=\" eplus-wrapper\">Denys Coelho<\/p>\n\n\n\n<h3 class=\" wp-block-heading eplus-wrapper\">Se\u00e7\u00e3o de Manuten\u00e7\u00e3o e Apoio: <\/h3>\n\n\n\n<p class=\" eplus-wrapper\">Camila Righi de Almeida<br>Jos\u00e9 Carlos Barbosa<\/p>\n\n\n\n<h3 class=\" wp-block-heading eplus-wrapper\">Se\u00e7\u00e3o de Aquisi\u00e7\u00f5es e Servi\u00e7os: <\/h3>\n\n\n\n<p class=\" eplus-wrapper\">Hugo Gabri\u00e9lli<br>Nivaldo Dias<\/p>\n\n\n\n<h3 class=\" wp-block-heading eplus-wrapper\">Se\u00e7\u00e3o de Transportes e Concess\u00e3o de Di\u00e1rias e Passagens: <\/h3>\n\n\n\n<p class=\" eplus-wrapper\">Victor Okuyama<br>Cl\u00e1udio Duarte<br>Luis de Souza<br>Marco Aur\u00e9lio Queiroz<br><\/p>\n\n\n\n<h3 class=\" wp-block-heading eplus-wrapper\">Concess\u00e3o de Di\u00e1rias e Passagens:&nbsp;<\/h3>\n\n\n\n<p class=\" eplus-wrapper\">&#8212;<\/p>\n\n\n\n<h3 class=\" wp-block-heading eplus-wrapper\">Se\u00e7\u00e3o de Protocolo: <\/h3>\n\n\n\n<p class=\" eplus-wrapper\">Renata Pinheiro<br>D\u00falio Cardoso<\/p>\n\n\n\n<h3 class=\" wp-block-heading eplus-wrapper\">Se\u00e7\u00e3o de Tecnologia da Informa\u00e7\u00e3o e Comunica\u00e7\u00e3o: <\/h3>\n\n\n\n<p class=\" eplus-wrapper\">Diego Jesus de Oliveira<br>Elton Jones Tavares de Andrade<\/p>\n","protected":false},"excerpt":{"rendered":"<p>E-mail de contato: campustr@ufrrj.br Regimento Interno O regimento interno do Campus Tr\u00eas Rios foi aprovado no CONSU, delibera\u00e7\u00e3o n\u00ba 23 de 2017. Organograma do Campus Tr\u00eas Rios Dire\u00e7\u00e3o do Campus: [&hellip;]<\/p>\n","protected":false},"author":1,"featured_media":0,"parent":5465,"menu_order":0,"comment_status":"closed","ping_status":"closed","template":"","meta":{"_acf_changed":false,"editor_plus_copied_stylings":"{}","footnotes":""},"class_list":["post-5467","page","type-page","status-publish","hentry"],"acf":[],"yoast_head":"<!-- This site is optimized with the Yoast SEO plugin v27.3 - https:\/\/yoast.com\/product\/yoast-seo-wordpress\/ -->\n<title>Dire\u00e7\u00e3o do Campus - Campus Tr\u00eas Rios | UFRRJ<\/title>\n<meta name=\"robots\" content=\"index, follow, max-snippet:-1, max-image-preview:large, max-video-preview:-1\" \/>\n<link rel=\"canonical\" href=\"https:\/\/itr.ufrrj.br\/portal\/institucional\/direcao-do-campus\/\" \/>\n<meta property=\"og:locale\" content=\"pt_BR\" \/>\n<meta property=\"og:type\" content=\"article\" \/>\n<meta property=\"og:title\" content=\"Dire\u00e7\u00e3o do Campus\" \/>\n<meta property=\"og:description\" content=\"E-mail de contato: campustr@ufrrj.br Regimento Interno O regimento interno do Campus Tr\u00eas Rios foi aprovado no CONSU, delibera\u00e7\u00e3o n\u00ba 23 de 2017. Organograma do Campus Tr\u00eas Rios Dire\u00e7\u00e3o do Campus: [&hellip;]\" \/>\n<meta property=\"og:url\" content=\"https:\/\/itr.ufrrj.br\/portal\/institucional\/direcao-do-campus\/\" \/>\n<meta property=\"og:site_name\" content=\"Campus Tr\u00eas Rios | UFRRJ\" \/>\n<meta property=\"article:publisher\" content=\"https:\/\/www.facebook.com\/itr.ufrrj\" \/>\n<meta property=\"article:modified_time\" content=\"2025-09-02T14:35:34+00:00\" \/>\n<meta name=\"twitter:card\" content=\"summary_large_image\" \/>\n<meta name=\"twitter:title\" content=\"Dire\u00e7\u00e3o do Campus\" \/>\n<meta name=\"twitter:label1\" content=\"Est. tempo de leitura\" \/>\n\t<meta name=\"twitter:data1\" content=\"1 minuto\" \/>\n<script type=\"application\/ld+json\" class=\"yoast-schema-graph\">{\"@context\":\"https:\\\/\\\/schema.org\",\"@graph\":[{\"@type\":\"WebPage\",\"@id\":\"https:\\\/\\\/itr.ufrrj.br\\\/portal\\\/institucional\\\/direcao-do-campus\\\/\",\"url\":\"https:\\\/\\\/itr.ufrrj.br\\\/portal\\\/institucional\\\/direcao-do-campus\\\/\",\"name\":\"Dire\u00e7\u00e3o do Campus - Campus Tr\u00eas Rios | UFRRJ\",\"isPartOf\":{\"@id\":\"https:\\\/\\\/itr.ufrrj.br\\\/portal\\\/#website\"},\"datePublished\":\"2017-05-11T14:46:46+00:00\",\"dateModified\":\"2025-09-02T14:35:34+00:00\",\"breadcrumb\":{\"@id\":\"https:\\\/\\\/itr.ufrrj.br\\\/portal\\\/institucional\\\/direcao-do-campus\\\/#breadcrumb\"},\"inLanguage\":\"pt-BR\",\"potentialAction\":[{\"@type\":\"ReadAction\",\"target\":[\"https:\\\/\\\/itr.ufrrj.br\\\/portal\\\/institucional\\\/direcao-do-campus\\\/\"]}]},{\"@type\":\"BreadcrumbList\",\"@id\":\"https:\\\/\\\/itr.ufrrj.br\\\/portal\\\/institucional\\\/direcao-do-campus\\\/#breadcrumb\",\"itemListElement\":[{\"@type\":\"ListItem\",\"position\":1,\"name\":\"In\u00edcio\",\"item\":\"https:\\\/\\\/itr.ufrrj.br\\\/portal\\\/\"},{\"@type\":\"ListItem\",\"position\":2,\"name\":\"INSTITUCIONAL\",\"item\":\"https:\\\/\\\/itr.ufrrj.br\\\/portal\\\/institucional\\\/\"},{\"@type\":\"ListItem\",\"position\":3,\"name\":\"Dire\u00e7\u00e3o do Campus\"}]},{\"@type\":\"WebSite\",\"@id\":\"https:\\\/\\\/itr.ufrrj.br\\\/portal\\\/#website\",\"url\":\"https:\\\/\\\/itr.ufrrj.br\\\/portal\\\/\",\"name\":\"Campus Tr\u00eas Rios | UFRRJ\",\"description\":\"Localizado na cidade de Tr\u00eas Rios - RJ\",\"publisher\":{\"@id\":\"https:\\\/\\\/itr.ufrrj.br\\\/portal\\\/#organization\"},\"potentialAction\":[{\"@type\":\"SearchAction\",\"target\":{\"@type\":\"EntryPoint\",\"urlTemplate\":\"https:\\\/\\\/itr.ufrrj.br\\\/portal\\\/?s={search_term_string}\"},\"query-input\":{\"@type\":\"PropertyValueSpecification\",\"valueRequired\":true,\"valueName\":\"search_term_string\"}}],\"inLanguage\":\"pt-BR\"},{\"@type\":\"Organization\",\"@id\":\"https:\\\/\\\/itr.ufrrj.br\\\/portal\\\/#organization\",\"name\":\"Instituto Tr\u00eas Rios\\\/UFRRJ\",\"url\":\"https:\\\/\\\/itr.ufrrj.br\\\/portal\\\/\",\"logo\":{\"@type\":\"ImageObject\",\"inLanguage\":\"pt-BR\",\"@id\":\"https:\\\/\\\/itr.ufrrj.br\\\/portal\\\/#\\\/schema\\\/logo\\\/image\\\/\",\"url\":\"https:\\\/\\\/itr.ufrrj.br\\\/portal\\\/wp-content\\\/uploads\\\/2020\\\/04\\\/logo-institutotresrios-ufrrj.png\",\"contentUrl\":\"https:\\\/\\\/itr.ufrrj.br\\\/portal\\\/wp-content\\\/uploads\\\/2020\\\/04\\\/logo-institutotresrios-ufrrj.png\",\"width\":1067,\"height\":240,\"caption\":\"Instituto Tr\u00eas Rios\\\/UFRRJ\"},\"image\":{\"@id\":\"https:\\\/\\\/itr.ufrrj.br\\\/portal\\\/#\\\/schema\\\/logo\\\/image\\\/\"},\"sameAs\":[\"https:\\\/\\\/www.facebook.com\\\/itr.ufrrj\"]}]}<\/script>\n<!-- \/ Yoast SEO plugin. -->","yoast_head_json":{"title":"Dire\u00e7\u00e3o do Campus - Campus Tr\u00eas Rios | UFRRJ","robots":{"index":"index","follow":"follow","max-snippet":"max-snippet:-1","max-image-preview":"max-image-preview:large","max-video-preview":"max-video-preview:-1"},"canonical":"https:\/\/itr.ufrrj.br\/portal\/institucional\/direcao-do-campus\/","og_locale":"pt_BR","og_type":"article","og_title":"Dire\u00e7\u00e3o do Campus","og_description":"E-mail de contato: campustr@ufrrj.br Regimento Interno O regimento interno do Campus Tr\u00eas Rios foi aprovado no CONSU, delibera\u00e7\u00e3o n\u00ba 23 de 2017. Organograma do Campus Tr\u00eas Rios Dire\u00e7\u00e3o do Campus: [&hellip;]","og_url":"https:\/\/itr.ufrrj.br\/portal\/institucional\/direcao-do-campus\/","og_site_name":"Campus Tr\u00eas Rios | UFRRJ","article_publisher":"https:\/\/www.facebook.com\/itr.ufrrj","article_modified_time":"2025-09-02T14:35:34+00:00","twitter_card":"summary_large_image","twitter_title":"Dire\u00e7\u00e3o do Campus","twitter_misc":{"Est. tempo de leitura":"1 minuto"},"schema":{"@context":"https:\/\/schema.org","@graph":[{"@type":"WebPage","@id":"https:\/\/itr.ufrrj.br\/portal\/institucional\/direcao-do-campus\/","url":"https:\/\/itr.ufrrj.br\/portal\/institucional\/direcao-do-campus\/","name":"Dire\u00e7\u00e3o do Campus - Campus Tr\u00eas Rios | UFRRJ","isPartOf":{"@id":"https:\/\/itr.ufrrj.br\/portal\/#website"},"datePublished":"2017-05-11T14:46:46+00:00","dateModified":"2025-09-02T14:35:34+00:00","breadcrumb":{"@id":"https:\/\/itr.ufrrj.br\/portal\/institucional\/direcao-do-campus\/#breadcrumb"},"inLanguage":"pt-BR","potentialAction":[{"@type":"ReadAction","target":["https:\/\/itr.ufrrj.br\/portal\/institucional\/direcao-do-campus\/"]}]},{"@type":"BreadcrumbList","@id":"https:\/\/itr.ufrrj.br\/portal\/institucional\/direcao-do-campus\/#breadcrumb","itemListElement":[{"@type":"ListItem","position":1,"name":"In\u00edcio","item":"https:\/\/itr.ufrrj.br\/portal\/"},{"@type":"ListItem","position":2,"name":"INSTITUCIONAL","item":"https:\/\/itr.ufrrj.br\/portal\/institucional\/"},{"@type":"ListItem","position":3,"name":"Dire\u00e7\u00e3o do Campus"}]},{"@type":"WebSite","@id":"https:\/\/itr.ufrrj.br\/portal\/#website","url":"https:\/\/itr.ufrrj.br\/portal\/","name":"Campus Tr\u00eas Rios | UFRRJ","description":"Localizado na cidade de Tr\u00eas Rios - RJ","publisher":{"@id":"https:\/\/itr.ufrrj.br\/portal\/#organization"},"potentialAction":[{"@type":"SearchAction","target":{"@type":"EntryPoint","urlTemplate":"https:\/\/itr.ufrrj.br\/portal\/?s={search_term_string}"},"query-input":{"@type":"PropertyValueSpecification","valueRequired":true,"valueName":"search_term_string"}}],"inLanguage":"pt-BR"},{"@type":"Organization","@id":"https:\/\/itr.ufrrj.br\/portal\/#organization","name":"Instituto Tr\u00eas Rios\/UFRRJ","url":"https:\/\/itr.ufrrj.br\/portal\/","logo":{"@type":"ImageObject","inLanguage":"pt-BR","@id":"https:\/\/itr.ufrrj.br\/portal\/#\/schema\/logo\/image\/","url":"https:\/\/itr.ufrrj.br\/portal\/wp-content\/uploads\/2020\/04\/logo-institutotresrios-ufrrj.png","contentUrl":"https:\/\/itr.ufrrj.br\/portal\/wp-content\/uploads\/2020\/04\/logo-institutotresrios-ufrrj.png","width":1067,"height":240,"caption":"Instituto Tr\u00eas Rios\/UFRRJ"},"image":{"@id":"https:\/\/itr.ufrrj.br\/portal\/#\/schema\/logo\/image\/"},"sameAs":["https:\/\/www.facebook.com\/itr.ufrrj"]}]}},"jetpack_sharing_enabled":true,"amp_enabled":true,"_links":{"self":[{"href":"https:\/\/itr.ufrrj.br\/portal\/wp-json\/wp\/v2\/pages\/5467","targetHints":{"allow":["GET"]}}],"collection":[{"href":"https:\/\/itr.ufrrj.br\/portal\/wp-json\/wp\/v2\/pages"}],"about":[{"href":"https:\/\/itr.ufrrj.br\/portal\/wp-json\/wp\/v2\/types\/page"}],"author":[{"embeddable":true,"href":"https:\/\/itr.ufrrj.br\/portal\/wp-json\/wp\/v2\/users\/1"}],"replies":[{"embeddable":true,"href":"https:\/\/itr.ufrrj.br\/portal\/wp-json\/wp\/v2\/comments?post=5467"}],"version-history":[{"count":12,"href":"https:\/\/itr.ufrrj.br\/portal\/wp-json\/wp\/v2\/pages\/5467\/revisions"}],"predecessor-version":[{"id":54231,"href":"https:\/\/itr.ufrrj.br\/portal\/wp-json\/wp\/v2\/pages\/5467\/revisions\/54231"}],"up":[{"embeddable":true,"href":"https:\/\/itr.ufrrj.br\/portal\/wp-json\/wp\/v2\/pages\/5465"}],"wp:attachment":[{"href":"https:\/\/itr.ufrrj.br\/portal\/wp-json\/wp\/v2\/media?parent=5467"}],"curies":[{"name":"wp","href":"https:\/\/api.w.org\/{rel}","templated":true}]}}