{"id":5329,"date":"2017-03-29T14:58:47","date_gmt":"2017-03-29T17:58:47","guid":{"rendered":"http:\/\/www.itr.ufrrj.br\/portal\/?page_id=5329"},"modified":"2017-03-29T16:16:53","modified_gmt":"2017-03-29T19:16:53","slug":"bancas-de-defesa","status":"publish","type":"page","link":"https:\/\/itr.ufrrj.br\/portal\/cursos\/direito\/trabalho-de-conclusao-de-curso\/bancas-de-defesa\/","title":{"rendered":"Bancas de Defesa"},"content":{"rendered":"<p>A seguir s\u00e3o apresentadas as bancas de defesa de conclus\u00e3o do curso de Direito.<\/p>\n","protected":false},"excerpt":{"rendered":"<p>A seguir s\u00e3o apresentadas as bancas de defesa de conclus\u00e3o do curso de Direito.<\/p>\n","protected":false},"author":4,"featured_media":0,"parent":5173,"menu_order":0,"comment_status":"closed","ping_status":"closed","template":"","meta":{"_acf_changed":false,"editor_plus_copied_stylings":"{}","footnotes":""},"class_list":["post-5329","page","type-page","status-publish","hentry"],"acf":[],"yoast_head":"<!-- This site is optimized with the Yoast SEO plugin v27.4 - https:\/\/yoast.com\/product\/yoast-seo-wordpress\/ -->\n<title>Bancas de Defesa - Campus Tr\u00eas Rios | UFRRJ<\/title>\n<meta name=\"robots\" content=\"index, follow, max-snippet:-1, max-image-preview:large, max-video-preview:-1\" \/>\n<link rel=\"canonical\" href=\"https:\/\/itr.ufrrj.br\/portal\/cursos\/direito\/trabalho-de-conclusao-de-curso\/bancas-de-defesa\/\" \/>\n<meta property=\"og:locale\" content=\"pt_BR\" \/>\n<meta property=\"og:type\" content=\"article\" \/>\n<meta property=\"og:title\" content=\"Bancas de Defesa - Campus Tr\u00eas Rios | UFRRJ\" \/>\n<meta property=\"og:description\" content=\"A seguir s\u00e3o apresentadas as bancas de defesa de conclus\u00e3o do curso de Direito.\" \/>\n<meta property=\"og:url\" content=\"https:\/\/itr.ufrrj.br\/portal\/cursos\/direito\/trabalho-de-conclusao-de-curso\/bancas-de-defesa\/\" \/>\n<meta property=\"og:site_name\" content=\"Campus Tr\u00eas Rios | UFRRJ\" \/>\n<meta property=\"article:publisher\" content=\"https:\/\/www.facebook.com\/itr.ufrrj\" \/>\n<meta property=\"article:modified_time\" content=\"2017-03-29T19:16:53+00:00\" \/>\n<meta name=\"twitter:card\" content=\"summary_large_image\" \/>\n<script type=\"application\/ld+json\" class=\"yoast-schema-graph\">{\"@context\":\"https:\\\/\\\/schema.org\",\"@graph\":[{\"@type\":\"WebPage\",\"@id\":\"https:\\\/\\\/itr.ufrrj.br\\\/portal\\\/cursos\\\/direito\\\/trabalho-de-conclusao-de-curso\\\/bancas-de-defesa\\\/\",\"url\":\"https:\\\/\\\/itr.ufrrj.br\\\/portal\\\/cursos\\\/direito\\\/trabalho-de-conclusao-de-curso\\\/bancas-de-defesa\\\/\",\"name\":\"Bancas de Defesa - Campus Tr\u00eas Rios | UFRRJ\",\"isPartOf\":{\"@id\":\"https:\\\/\\\/itr.ufrrj.br\\\/portal\\\/#website\"},\"datePublished\":\"2017-03-29T17:58:47+00:00\",\"dateModified\":\"2017-03-29T19:16:53+00:00\",\"breadcrumb\":{\"@id\":\"https:\\\/\\\/itr.ufrrj.br\\\/portal\\\/cursos\\\/direito\\\/trabalho-de-conclusao-de-curso\\\/bancas-de-defesa\\\/#breadcrumb\"},\"inLanguage\":\"pt-BR\",\"potentialAction\":[{\"@type\":\"ReadAction\",\"target\":[\"https:\\\/\\\/itr.ufrrj.br\\\/portal\\\/cursos\\\/direito\\\/trabalho-de-conclusao-de-curso\\\/bancas-de-defesa\\\/\"]}]},{\"@type\":\"BreadcrumbList\",\"@id\":\"https:\\\/\\\/itr.ufrrj.br\\\/portal\\\/cursos\\\/direito\\\/trabalho-de-conclusao-de-curso\\\/bancas-de-defesa\\\/#breadcrumb\",\"itemListElement\":[{\"@type\":\"ListItem\",\"position\":1,\"name\":\"In\u00edcio\",\"item\":\"https:\\\/\\\/itr.ufrrj.br\\\/portal\\\/\"},{\"@type\":\"ListItem\",\"position\":2,\"name\":\"Cursos\",\"item\":\"https:\\\/\\\/itr.ufrrj.br\\\/portal\\\/cursos\\\/\"},{\"@type\":\"ListItem\",\"position\":3,\"name\":\"Direito\",\"item\":\"https:\\\/\\\/itr.ufrrj.br\\\/portal\\\/?page_id=8268\"},{\"@type\":\"ListItem\",\"position\":4,\"name\":\"Trabalho de Conclus\u00e3o de Curso\",\"item\":\"https:\\\/\\\/itr.ufrrj.br\\\/portal\\\/cursos\\\/direito\\\/trabalho-de-conclusao-de-curso\\\/\"},{\"@type\":\"ListItem\",\"position\":5,\"name\":\"Bancas de Defesa\"}]},{\"@type\":\"WebSite\",\"@id\":\"https:\\\/\\\/itr.ufrrj.br\\\/portal\\\/#website\",\"url\":\"https:\\\/\\\/itr.ufrrj.br\\\/portal\\\/\",\"name\":\"Campus Tr\u00eas Rios | UFRRJ\",\"description\":\"Localizado na cidade de Tr\u00eas Rios - RJ\",\"publisher\":{\"@id\":\"https:\\\/\\\/itr.ufrrj.br\\\/portal\\\/#organization\"},\"potentialAction\":[{\"@type\":\"SearchAction\",\"target\":{\"@type\":\"EntryPoint\",\"urlTemplate\":\"https:\\\/\\\/itr.ufrrj.br\\\/portal\\\/?s={search_term_string}\"},\"query-input\":{\"@type\":\"PropertyValueSpecification\",\"valueRequired\":true,\"valueName\":\"search_term_string\"}}],\"inLanguage\":\"pt-BR\"},{\"@type\":\"Organization\",\"@id\":\"https:\\\/\\\/itr.ufrrj.br\\\/portal\\\/#organization\",\"name\":\"Instituto Tr\u00eas Rios\\\/UFRRJ\",\"url\":\"https:\\\/\\\/itr.ufrrj.br\\\/portal\\\/\",\"logo\":{\"@type\":\"ImageObject\",\"inLanguage\":\"pt-BR\",\"@id\":\"https:\\\/\\\/itr.ufrrj.br\\\/portal\\\/#\\\/schema\\\/logo\\\/image\\\/\",\"url\":\"https:\\\/\\\/itr.ufrrj.br\\\/portal\\\/wp-content\\\/uploads\\\/2020\\\/04\\\/logo-institutotresrios-ufrrj.png\",\"contentUrl\":\"https:\\\/\\\/itr.ufrrj.br\\\/portal\\\/wp-content\\\/uploads\\\/2020\\\/04\\\/logo-institutotresrios-ufrrj.png\",\"width\":1067,\"height\":240,\"caption\":\"Instituto Tr\u00eas Rios\\\/UFRRJ\"},\"image\":{\"@id\":\"https:\\\/\\\/itr.ufrrj.br\\\/portal\\\/#\\\/schema\\\/logo\\\/image\\\/\"},\"sameAs\":[\"https:\\\/\\\/www.facebook.com\\\/itr.ufrrj\"]}]}<\/script>\n<!-- \/ Yoast SEO plugin. -->","yoast_head_json":{"title":"Bancas de Defesa - Campus Tr\u00eas Rios | UFRRJ","robots":{"index":"index","follow":"follow","max-snippet":"max-snippet:-1","max-image-preview":"max-image-preview:large","max-video-preview":"max-video-preview:-1"},"canonical":"https:\/\/itr.ufrrj.br\/portal\/cursos\/direito\/trabalho-de-conclusao-de-curso\/bancas-de-defesa\/","og_locale":"pt_BR","og_type":"article","og_title":"Bancas de Defesa - Campus Tr\u00eas Rios | UFRRJ","og_description":"A seguir s\u00e3o apresentadas as bancas de defesa de conclus\u00e3o do curso de Direito.","og_url":"https:\/\/itr.ufrrj.br\/portal\/cursos\/direito\/trabalho-de-conclusao-de-curso\/bancas-de-defesa\/","og_site_name":"Campus Tr\u00eas Rios | UFRRJ","article_publisher":"https:\/\/www.facebook.com\/itr.ufrrj","article_modified_time":"2017-03-29T19:16:53+00:00","twitter_card":"summary_large_image","schema":{"@context":"https:\/\/schema.org","@graph":[{"@type":"WebPage","@id":"https:\/\/itr.ufrrj.br\/portal\/cursos\/direito\/trabalho-de-conclusao-de-curso\/bancas-de-defesa\/","url":"https:\/\/itr.ufrrj.br\/portal\/cursos\/direito\/trabalho-de-conclusao-de-curso\/bancas-de-defesa\/","name":"Bancas de Defesa - Campus Tr\u00eas Rios | UFRRJ","isPartOf":{"@id":"https:\/\/itr.ufrrj.br\/portal\/#website"},"datePublished":"2017-03-29T17:58:47+00:00","dateModified":"2017-03-29T19:16:53+00:00","breadcrumb":{"@id":"https:\/\/itr.ufrrj.br\/portal\/cursos\/direito\/trabalho-de-conclusao-de-curso\/bancas-de-defesa\/#breadcrumb"},"inLanguage":"pt-BR","potentialAction":[{"@type":"ReadAction","target":["https:\/\/itr.ufrrj.br\/portal\/cursos\/direito\/trabalho-de-conclusao-de-curso\/bancas-de-defesa\/"]}]},{"@type":"BreadcrumbList","@id":"https:\/\/itr.ufrrj.br\/portal\/cursos\/direito\/trabalho-de-conclusao-de-curso\/bancas-de-defesa\/#breadcrumb","itemListElement":[{"@type":"ListItem","position":1,"name":"In\u00edcio","item":"https:\/\/itr.ufrrj.br\/portal\/"},{"@type":"ListItem","position":2,"name":"Cursos","item":"https:\/\/itr.ufrrj.br\/portal\/cursos\/"},{"@type":"ListItem","position":3,"name":"Direito","item":"https:\/\/itr.ufrrj.br\/portal\/?page_id=8268"},{"@type":"ListItem","position":4,"name":"Trabalho de Conclus\u00e3o de Curso","item":"https:\/\/itr.ufrrj.br\/portal\/cursos\/direito\/trabalho-de-conclusao-de-curso\/"},{"@type":"ListItem","position":5,"name":"Bancas de Defesa"}]},{"@type":"WebSite","@id":"https:\/\/itr.ufrrj.br\/portal\/#website","url":"https:\/\/itr.ufrrj.br\/portal\/","name":"Campus Tr\u00eas Rios | UFRRJ","description":"Localizado na cidade de Tr\u00eas Rios - RJ","publisher":{"@id":"https:\/\/itr.ufrrj.br\/portal\/#organization"},"potentialAction":[{"@type":"SearchAction","target":{"@type":"EntryPoint","urlTemplate":"https:\/\/itr.ufrrj.br\/portal\/?s={search_term_string}"},"query-input":{"@type":"PropertyValueSpecification","valueRequired":true,"valueName":"search_term_string"}}],"inLanguage":"pt-BR"},{"@type":"Organization","@id":"https:\/\/itr.ufrrj.br\/portal\/#organization","name":"Instituto Tr\u00eas Rios\/UFRRJ","url":"https:\/\/itr.ufrrj.br\/portal\/","logo":{"@type":"ImageObject","inLanguage":"pt-BR","@id":"https:\/\/itr.ufrrj.br\/portal\/#\/schema\/logo\/image\/","url":"https:\/\/itr.ufrrj.br\/portal\/wp-content\/uploads\/2020\/04\/logo-institutotresrios-ufrrj.png","contentUrl":"https:\/\/itr.ufrrj.br\/portal\/wp-content\/uploads\/2020\/04\/logo-institutotresrios-ufrrj.png","width":1067,"height":240,"caption":"Instituto Tr\u00eas Rios\/UFRRJ"},"image":{"@id":"https:\/\/itr.ufrrj.br\/portal\/#\/schema\/logo\/image\/"},"sameAs":["https:\/\/www.facebook.com\/itr.ufrrj"]}]}},"jetpack_sharing_enabled":true,"amp_enabled":true,"_links":{"self":[{"href":"https:\/\/itr.ufrrj.br\/portal\/wp-json\/wp\/v2\/pages\/5329","targetHints":{"allow":["GET"]}}],"collection":[{"href":"https:\/\/itr.ufrrj.br\/portal\/wp-json\/wp\/v2\/pages"}],"about":[{"href":"https:\/\/itr.ufrrj.br\/portal\/wp-json\/wp\/v2\/types\/page"}],"author":[{"embeddable":true,"href":"https:\/\/itr.ufrrj.br\/portal\/wp-json\/wp\/v2\/users\/4"}],"replies":[{"embeddable":true,"href":"https:\/\/itr.ufrrj.br\/portal\/wp-json\/wp\/v2\/comments?post=5329"}],"version-history":[{"count":2,"href":"https:\/\/itr.ufrrj.br\/portal\/wp-json\/wp\/v2\/pages\/5329\/revisions"}],"predecessor-version":[{"id":5331,"href":"https:\/\/itr.ufrrj.br\/portal\/wp-json\/wp\/v2\/pages\/5329\/revisions\/5331"}],"up":[{"embeddable":true,"href":"https:\/\/itr.ufrrj.br\/portal\/wp-json\/wp\/v2\/pages\/5173"}],"wp:attachment":[{"href":"https:\/\/itr.ufrrj.br\/portal\/wp-json\/wp\/v2\/media?parent=5329"}],"curies":[{"name":"wp","href":"https:\/\/api.w.org\/{rel}","templated":true}]}}