{"id":5249,"date":"2017-02-08T16:14:20","date_gmt":"2017-02-08T18:14:20","guid":{"rendered":"http:\/\/www.itr.ufrrj.br\/portal\/?page_id=5249"},"modified":"2017-02-09T16:10:45","modified_gmt":"2017-02-09T18:10:45","slug":"todos-sistemas-utilizados-na-ufrrj","status":"publish","type":"page","link":"https:\/\/itr.ufrrj.br\/portal\/todos-sistemas-utilizados-na-ufrrj\/","title":{"rendered":"Todos sistemas utilizados na UFRRJ"},"content":{"rendered":"<p>A seguir est\u00e3o listados os sistemas administrativos e acad\u00eamicos\u00a0utilizados\u00a0na UFRRJ.<\/p>\n<h2>Acad\u00eamicos<\/h2>\n<ul>\n<li><a href=\"https:\/\/sigaa.ufrrj.br\">SIGAA &#8211; Sistema Integrado de Gest\u00e3o de Atividades Acad\u00eamicas<\/a><\/li>\n<li><a href=\"http:\/\/pergamum.ufrrj.br\/biblioteca\/\">Biblioteca &#8211; Consulta ao acervo<\/a><\/li>\n<li>Sistema de Emiss\u00e3o de Carteirinhas\u00a0de Estudantes<\/li>\n<li><a href=\"http:\/\/academico.ufrrj.br\/quiosque\/aluno\/quiosque.php\">Quiosque Alunos<\/a><\/li>\n<li><a href=\"https:\/\/academico.ufrrj.br\/quiosque\/professor\/logonnovo.php\">Quiosque Professores<\/a><\/li>\n<li><a href=\"https:\/\/academico.ufrrj.br\/modulo\/academico\/autenticacao.php\">M\u00f3dulo Acad\u00eamico<\/a><\/li>\n<li><a href=\"https:\/\/servicos.ufrrj.br\/sistemas\/instalacao\/\">SCAG &#8211; P\u00e1gina de Download<\/a><\/li>\n<\/ul>\n<h2>Administrativos<\/h2>\n<ul>\n<li><a href=\"https:\/\/sipac.ufrrj.br\">SIPAC &#8211; Sistema Integrado de Patrim\u00f4nio, Administra\u00e7\u00e3o e Contratos<\/a><\/li>\n<li><a href=\"https:\/\/sigrh.ufrrj.br\">SIGRH &#8211; Sistema Integrado de Recursos Humanos<\/a><\/li>\n<li>Sistema de Emiss\u00e3o de Carteirinhas Funcionais<\/li>\n<\/ul>\n<h2>Outros<\/h2>\n<ul>\n<li><a href=\"https:\/\/ruraldrive.ufrrj.br\/\">Rural Drive &#8211; Disco virtual para armazenamento de documentos<\/a><\/li>\n<li><a href=\"http:\/\/gestao.ufrrj.br\/gescon\/doku.php\">Wiki COTIC<\/a><\/li>\n<li><a href=\"http:\/\/webconferencia.ufrrj.br\">Webconf &#8211; Sistema de Webconfer\u00eancia da UFRRJ<\/a><\/li>\n<li><a href=\"http:\/\/www.ufrrj.br\/concursos\">Portal de Concursos<\/a><\/li>\n<\/ul>\n<h2>Instituto Tr\u00eas Rios<\/h2>\n<ul>\n<li><a href=\"http:\/\/www.itr.ufrrj.br\/sem\">Sistema de Memorandos do Instituto Tr\u00eas Rios<\/a><\/li>\n<li><a href=\"https:\/\/servicos.ufrrj.br\/sistemas\/sdest\">Sistema de Est\u00e1gios do Instituto Tr\u00eas Rios<\/a><\/li>\n<li><a href=\"https:\/\/servicos.ufrrj.br\/sistemas\/servidor\/\">\u00c1rea do Servidor\u00a0&#8211; Folhas de ponto, solicita\u00e7\u00e3o de transporte, acompanhamento de processos entre outros<\/a><\/li>\n<li><a href=\"http:\/\/nuvem.itr.ufrrj.br\">Nuvem ITR &#8211;\u00a0Disco virtual para armazenamento de documentos do Instituto Tr\u00eas Rios<\/a><\/li>\n<\/ul>\n<p>&nbsp;<\/p>\n<p>&nbsp;<\/p>\n","protected":false},"excerpt":{"rendered":"<p>A seguir est\u00e3o listados os sistemas administrativos e acad\u00eamicos\u00a0utilizados\u00a0na UFRRJ. Acad\u00eamicos SIGAA &#8211; Sistema Integrado de Gest\u00e3o de Atividades Acad\u00eamicas Biblioteca &#8211; Consulta ao acervo Sistema de Emiss\u00e3o de Carteirinhas\u00a0de [&hellip;]<\/p>\n","protected":false},"author":4,"featured_media":0,"parent":0,"menu_order":0,"comment_status":"closed","ping_status":"closed","template":"","meta":{"_acf_changed":false,"editor_plus_copied_stylings":"{}","footnotes":""},"class_list":["post-5249","page","type-page","status-publish","hentry"],"acf":[],"yoast_head":"<!-- This site is optimized with the Yoast SEO plugin v27.4 - https:\/\/yoast.com\/product\/yoast-seo-wordpress\/ -->\n<title>Todos sistemas utilizados na UFRRJ - Campus Tr\u00eas Rios | UFRRJ<\/title>\n<meta name=\"robots\" content=\"index, follow, max-snippet:-1, max-image-preview:large, max-video-preview:-1\" \/>\n<link rel=\"canonical\" href=\"https:\/\/itr.ufrrj.br\/portal\/todos-sistemas-utilizados-na-ufrrj\/\" \/>\n<meta property=\"og:locale\" content=\"pt_BR\" \/>\n<meta property=\"og:type\" content=\"article\" \/>\n<meta property=\"og:title\" content=\"Todos sistemas utilizados na UFRRJ - Campus Tr\u00eas Rios | UFRRJ\" \/>\n<meta property=\"og:description\" content=\"A seguir est\u00e3o listados os sistemas administrativos e acad\u00eamicos\u00a0utilizados\u00a0na UFRRJ. Acad\u00eamicos SIGAA &#8211; Sistema Integrado de Gest\u00e3o de Atividades Acad\u00eamicas Biblioteca &#8211; Consulta ao acervo Sistema de Emiss\u00e3o de Carteirinhas\u00a0de [&hellip;]\" \/>\n<meta property=\"og:url\" content=\"https:\/\/itr.ufrrj.br\/portal\/todos-sistemas-utilizados-na-ufrrj\/\" \/>\n<meta property=\"og:site_name\" content=\"Campus Tr\u00eas Rios | UFRRJ\" \/>\n<meta property=\"article:publisher\" content=\"https:\/\/www.facebook.com\/itr.ufrrj\" \/>\n<meta property=\"article:modified_time\" content=\"2017-02-09T18:10:45+00:00\" \/>\n<meta name=\"twitter:card\" content=\"summary_large_image\" \/>\n<meta name=\"twitter:label1\" content=\"Est. tempo de leitura\" \/>\n\t<meta name=\"twitter:data1\" content=\"1 minuto\" \/>\n<script type=\"application\/ld+json\" class=\"yoast-schema-graph\">{\"@context\":\"https:\\\/\\\/schema.org\",\"@graph\":[{\"@type\":\"WebPage\",\"@id\":\"https:\\\/\\\/itr.ufrrj.br\\\/portal\\\/todos-sistemas-utilizados-na-ufrrj\\\/\",\"url\":\"https:\\\/\\\/itr.ufrrj.br\\\/portal\\\/todos-sistemas-utilizados-na-ufrrj\\\/\",\"name\":\"Todos sistemas utilizados na UFRRJ - Campus Tr\u00eas Rios | UFRRJ\",\"isPartOf\":{\"@id\":\"https:\\\/\\\/itr.ufrrj.br\\\/portal\\\/#website\"},\"datePublished\":\"2017-02-08T18:14:20+00:00\",\"dateModified\":\"2017-02-09T18:10:45+00:00\",\"breadcrumb\":{\"@id\":\"https:\\\/\\\/itr.ufrrj.br\\\/portal\\\/todos-sistemas-utilizados-na-ufrrj\\\/#breadcrumb\"},\"inLanguage\":\"pt-BR\",\"potentialAction\":[{\"@type\":\"ReadAction\",\"target\":[\"https:\\\/\\\/itr.ufrrj.br\\\/portal\\\/todos-sistemas-utilizados-na-ufrrj\\\/\"]}]},{\"@type\":\"BreadcrumbList\",\"@id\":\"https:\\\/\\\/itr.ufrrj.br\\\/portal\\\/todos-sistemas-utilizados-na-ufrrj\\\/#breadcrumb\",\"itemListElement\":[{\"@type\":\"ListItem\",\"position\":1,\"name\":\"In\u00edcio\",\"item\":\"https:\\\/\\\/itr.ufrrj.br\\\/portal\\\/\"},{\"@type\":\"ListItem\",\"position\":2,\"name\":\"Todos sistemas utilizados na UFRRJ\"}]},{\"@type\":\"WebSite\",\"@id\":\"https:\\\/\\\/itr.ufrrj.br\\\/portal\\\/#website\",\"url\":\"https:\\\/\\\/itr.ufrrj.br\\\/portal\\\/\",\"name\":\"Campus Tr\u00eas Rios | UFRRJ\",\"description\":\"Localizado na cidade de Tr\u00eas Rios - RJ\",\"publisher\":{\"@id\":\"https:\\\/\\\/itr.ufrrj.br\\\/portal\\\/#organization\"},\"potentialAction\":[{\"@type\":\"SearchAction\",\"target\":{\"@type\":\"EntryPoint\",\"urlTemplate\":\"https:\\\/\\\/itr.ufrrj.br\\\/portal\\\/?s={search_term_string}\"},\"query-input\":{\"@type\":\"PropertyValueSpecification\",\"valueRequired\":true,\"valueName\":\"search_term_string\"}}],\"inLanguage\":\"pt-BR\"},{\"@type\":\"Organization\",\"@id\":\"https:\\\/\\\/itr.ufrrj.br\\\/portal\\\/#organization\",\"name\":\"Instituto Tr\u00eas Rios\\\/UFRRJ\",\"url\":\"https:\\\/\\\/itr.ufrrj.br\\\/portal\\\/\",\"logo\":{\"@type\":\"ImageObject\",\"inLanguage\":\"pt-BR\",\"@id\":\"https:\\\/\\\/itr.ufrrj.br\\\/portal\\\/#\\\/schema\\\/logo\\\/image\\\/\",\"url\":\"https:\\\/\\\/itr.ufrrj.br\\\/portal\\\/wp-content\\\/uploads\\\/2020\\\/04\\\/logo-institutotresrios-ufrrj.png\",\"contentUrl\":\"https:\\\/\\\/itr.ufrrj.br\\\/portal\\\/wp-content\\\/uploads\\\/2020\\\/04\\\/logo-institutotresrios-ufrrj.png\",\"width\":1067,\"height\":240,\"caption\":\"Instituto Tr\u00eas Rios\\\/UFRRJ\"},\"image\":{\"@id\":\"https:\\\/\\\/itr.ufrrj.br\\\/portal\\\/#\\\/schema\\\/logo\\\/image\\\/\"},\"sameAs\":[\"https:\\\/\\\/www.facebook.com\\\/itr.ufrrj\"]}]}<\/script>\n<!-- \/ Yoast SEO plugin. -->","yoast_head_json":{"title":"Todos sistemas utilizados na UFRRJ - Campus Tr\u00eas Rios | UFRRJ","robots":{"index":"index","follow":"follow","max-snippet":"max-snippet:-1","max-image-preview":"max-image-preview:large","max-video-preview":"max-video-preview:-1"},"canonical":"https:\/\/itr.ufrrj.br\/portal\/todos-sistemas-utilizados-na-ufrrj\/","og_locale":"pt_BR","og_type":"article","og_title":"Todos sistemas utilizados na UFRRJ - Campus Tr\u00eas Rios | UFRRJ","og_description":"A seguir est\u00e3o listados os sistemas administrativos e acad\u00eamicos\u00a0utilizados\u00a0na UFRRJ. Acad\u00eamicos SIGAA &#8211; Sistema Integrado de Gest\u00e3o de Atividades Acad\u00eamicas Biblioteca &#8211; Consulta ao acervo Sistema de Emiss\u00e3o de Carteirinhas\u00a0de [&hellip;]","og_url":"https:\/\/itr.ufrrj.br\/portal\/todos-sistemas-utilizados-na-ufrrj\/","og_site_name":"Campus Tr\u00eas Rios | UFRRJ","article_publisher":"https:\/\/www.facebook.com\/itr.ufrrj","article_modified_time":"2017-02-09T18:10:45+00:00","twitter_card":"summary_large_image","twitter_misc":{"Est. tempo de leitura":"1 minuto"},"schema":{"@context":"https:\/\/schema.org","@graph":[{"@type":"WebPage","@id":"https:\/\/itr.ufrrj.br\/portal\/todos-sistemas-utilizados-na-ufrrj\/","url":"https:\/\/itr.ufrrj.br\/portal\/todos-sistemas-utilizados-na-ufrrj\/","name":"Todos sistemas utilizados na UFRRJ - Campus Tr\u00eas Rios | UFRRJ","isPartOf":{"@id":"https:\/\/itr.ufrrj.br\/portal\/#website"},"datePublished":"2017-02-08T18:14:20+00:00","dateModified":"2017-02-09T18:10:45+00:00","breadcrumb":{"@id":"https:\/\/itr.ufrrj.br\/portal\/todos-sistemas-utilizados-na-ufrrj\/#breadcrumb"},"inLanguage":"pt-BR","potentialAction":[{"@type":"ReadAction","target":["https:\/\/itr.ufrrj.br\/portal\/todos-sistemas-utilizados-na-ufrrj\/"]}]},{"@type":"BreadcrumbList","@id":"https:\/\/itr.ufrrj.br\/portal\/todos-sistemas-utilizados-na-ufrrj\/#breadcrumb","itemListElement":[{"@type":"ListItem","position":1,"name":"In\u00edcio","item":"https:\/\/itr.ufrrj.br\/portal\/"},{"@type":"ListItem","position":2,"name":"Todos sistemas utilizados na UFRRJ"}]},{"@type":"WebSite","@id":"https:\/\/itr.ufrrj.br\/portal\/#website","url":"https:\/\/itr.ufrrj.br\/portal\/","name":"Campus Tr\u00eas Rios | UFRRJ","description":"Localizado na cidade de Tr\u00eas Rios - RJ","publisher":{"@id":"https:\/\/itr.ufrrj.br\/portal\/#organization"},"potentialAction":[{"@type":"SearchAction","target":{"@type":"EntryPoint","urlTemplate":"https:\/\/itr.ufrrj.br\/portal\/?s={search_term_string}"},"query-input":{"@type":"PropertyValueSpecification","valueRequired":true,"valueName":"search_term_string"}}],"inLanguage":"pt-BR"},{"@type":"Organization","@id":"https:\/\/itr.ufrrj.br\/portal\/#organization","name":"Instituto Tr\u00eas Rios\/UFRRJ","url":"https:\/\/itr.ufrrj.br\/portal\/","logo":{"@type":"ImageObject","inLanguage":"pt-BR","@id":"https:\/\/itr.ufrrj.br\/portal\/#\/schema\/logo\/image\/","url":"https:\/\/itr.ufrrj.br\/portal\/wp-content\/uploads\/2020\/04\/logo-institutotresrios-ufrrj.png","contentUrl":"https:\/\/itr.ufrrj.br\/portal\/wp-content\/uploads\/2020\/04\/logo-institutotresrios-ufrrj.png","width":1067,"height":240,"caption":"Instituto Tr\u00eas Rios\/UFRRJ"},"image":{"@id":"https:\/\/itr.ufrrj.br\/portal\/#\/schema\/logo\/image\/"},"sameAs":["https:\/\/www.facebook.com\/itr.ufrrj"]}]}},"jetpack_sharing_enabled":true,"amp_enabled":true,"_links":{"self":[{"href":"https:\/\/itr.ufrrj.br\/portal\/wp-json\/wp\/v2\/pages\/5249","targetHints":{"allow":["GET"]}}],"collection":[{"href":"https:\/\/itr.ufrrj.br\/portal\/wp-json\/wp\/v2\/pages"}],"about":[{"href":"https:\/\/itr.ufrrj.br\/portal\/wp-json\/wp\/v2\/types\/page"}],"author":[{"embeddable":true,"href":"https:\/\/itr.ufrrj.br\/portal\/wp-json\/wp\/v2\/users\/4"}],"replies":[{"embeddable":true,"href":"https:\/\/itr.ufrrj.br\/portal\/wp-json\/wp\/v2\/comments?post=5249"}],"version-history":[{"count":5,"href":"https:\/\/itr.ufrrj.br\/portal\/wp-json\/wp\/v2\/pages\/5249\/revisions"}],"predecessor-version":[{"id":5255,"href":"https:\/\/itr.ufrrj.br\/portal\/wp-json\/wp\/v2\/pages\/5249\/revisions\/5255"}],"wp:attachment":[{"href":"https:\/\/itr.ufrrj.br\/portal\/wp-json\/wp\/v2\/media?parent=5249"}],"curies":[{"name":"wp","href":"https:\/\/api.w.org\/{rel}","templated":true}]}}