{"id":52182,"date":"2025-06-27T07:32:05","date_gmt":"2025-06-27T10:32:05","guid":{"rendered":"https:\/\/itr.ufrrj.br\/portal\/?page_id=52182"},"modified":"2025-06-27T07:58:07","modified_gmt":"2025-06-27T10:58:07","slug":"edital-de-ocupacao-de-vagas-residuais-2025-2","status":"publish","type":"page","link":"https:\/\/itr.ufrrj.br\/portal\/edital-de-ocupacao-de-vagas-residuais-2025-2\/","title":{"rendered":"Edital de Ocupa\u00e7\u00e3o de Vagas Residuais 2025-2"},"content":{"rendered":"\n<p class=\" eplus-wrapper\">Para acessar o Edital de Ocupa\u00e7\u00e3o de Vagas Residuais 2025-2 , <strong><a href=\"https:\/\/itr.ufrrj.br\/portal\/wp-content\/uploads\/2025\/06\/Edital_Vagas_Residuais_2025-2_Transferencias_Reingresso-aprovado_em__23-05-25.pdf\">clique aqui<\/a><\/strong>.<\/p>\n\n\n\n<p class=\" eplus-wrapper\">Escolha a op\u00e7\u00e3o a seguir:<\/p>\n\n\n<ul class=\" wp-block-list eplus-wrapper eplus-styles-uid-3be70d\">\n<li class=\" eplus-wrapper\"><a href=\"https:\/\/itr.ufrrj.br\/portal\/formulario-de-inscricao-na-transferencia-externa\/\">Transfer\u00eancia Externa<\/a><\/li>\n\n\n\n<li class=\" eplus-wrapper\"><a href=\"https:\/\/itr.ufrrj.br\/portal\/formulario-de-inscricao-na-transferencia-interna\/\">Transfer\u00eancia Interna<\/a><\/li>\n\n\n\n<li class=\" eplus-wrapper\"><a href=\"https:\/\/itr.ufrrj.br\/portal\/formulario-de-inscricao-reingresso-externo\/\">Reingresso Externo<\/a><\/li>\n\n\n\n<li class=\" eplus-wrapper\"><a href=\"https:\/\/itr.ufrrj.br\/portal\/formulario-de-inscricao-reingresso-interno\/\">Reingresso Interno<\/a><\/li>\n<\/ul>\n\n\n<div style=\"height:300px\" aria-hidden=\"true\" class=\" wp-block-spacer eplus-wrapper\"><\/div>\n","protected":false},"excerpt":{"rendered":"<p>Para acessar o Edital de Ocupa\u00e7\u00e3o de Vagas Residuais 2025-2 , clique aqui. Escolha a op\u00e7\u00e3o a seguir:<\/p>\n","protected":false},"author":4,"featured_media":0,"parent":0,"menu_order":0,"comment_status":"closed","ping_status":"closed","template":"page-standalone.php","meta":{"_acf_changed":false,"editor_plus_copied_stylings":"{}","footnotes":""},"class_list":["post-52182","page","type-page","status-publish","hentry"],"acf":[],"yoast_head":"<!-- This site is optimized with the Yoast SEO plugin v27.4 - https:\/\/yoast.com\/product\/yoast-seo-wordpress\/ -->\n<title>Edital de Ocupa\u00e7\u00e3o de Vagas Residuais 2025-2 - Campus Tr\u00eas Rios | UFRRJ<\/title>\n<meta name=\"robots\" content=\"index, follow, max-snippet:-1, max-image-preview:large, max-video-preview:-1\" \/>\n<link rel=\"canonical\" href=\"https:\/\/itr.ufrrj.br\/portal\/edital-de-ocupacao-de-vagas-residuais-2025-2\/\" \/>\n<meta property=\"og:locale\" content=\"pt_BR\" \/>\n<meta property=\"og:type\" content=\"article\" \/>\n<meta property=\"og:title\" content=\"Edital de Ocupa\u00e7\u00e3o de Vagas Residuais 2025-2 - Campus Tr\u00eas Rios | UFRRJ\" \/>\n<meta property=\"og:description\" content=\"Para acessar o Edital de Ocupa\u00e7\u00e3o de Vagas Residuais 2025-2 , clique aqui. Escolha a op\u00e7\u00e3o a seguir:\" \/>\n<meta property=\"og:url\" content=\"https:\/\/itr.ufrrj.br\/portal\/edital-de-ocupacao-de-vagas-residuais-2025-2\/\" \/>\n<meta property=\"og:site_name\" content=\"Campus Tr\u00eas Rios | UFRRJ\" \/>\n<meta property=\"article:publisher\" content=\"https:\/\/www.facebook.com\/itr.ufrrj\" \/>\n<meta property=\"article:modified_time\" content=\"2025-06-27T10:58:07+00:00\" \/>\n<meta name=\"twitter:card\" content=\"summary_large_image\" \/>\n<meta name=\"twitter:label1\" content=\"Est. tempo de leitura\" \/>\n\t<meta name=\"twitter:data1\" content=\"1 minuto\" \/>\n<script type=\"application\/ld+json\" class=\"yoast-schema-graph\">{\"@context\":\"https:\\\/\\\/schema.org\",\"@graph\":[{\"@type\":\"WebPage\",\"@id\":\"https:\\\/\\\/itr.ufrrj.br\\\/portal\\\/edital-de-ocupacao-de-vagas-residuais-2025-2\\\/\",\"url\":\"https:\\\/\\\/itr.ufrrj.br\\\/portal\\\/edital-de-ocupacao-de-vagas-residuais-2025-2\\\/\",\"name\":\"Edital de Ocupa\u00e7\u00e3o de Vagas Residuais 2025-2 - Campus Tr\u00eas Rios | UFRRJ\",\"isPartOf\":{\"@id\":\"https:\\\/\\\/itr.ufrrj.br\\\/portal\\\/#website\"},\"datePublished\":\"2025-06-27T10:32:05+00:00\",\"dateModified\":\"2025-06-27T10:58:07+00:00\",\"breadcrumb\":{\"@id\":\"https:\\\/\\\/itr.ufrrj.br\\\/portal\\\/edital-de-ocupacao-de-vagas-residuais-2025-2\\\/#breadcrumb\"},\"inLanguage\":\"pt-BR\",\"potentialAction\":[{\"@type\":\"ReadAction\",\"target\":[\"https:\\\/\\\/itr.ufrrj.br\\\/portal\\\/edital-de-ocupacao-de-vagas-residuais-2025-2\\\/\"]}]},{\"@type\":\"BreadcrumbList\",\"@id\":\"https:\\\/\\\/itr.ufrrj.br\\\/portal\\\/edital-de-ocupacao-de-vagas-residuais-2025-2\\\/#breadcrumb\",\"itemListElement\":[{\"@type\":\"ListItem\",\"position\":1,\"name\":\"In\u00edcio\",\"item\":\"https:\\\/\\\/itr.ufrrj.br\\\/portal\\\/\"},{\"@type\":\"ListItem\",\"position\":2,\"name\":\"Edital de Ocupa\u00e7\u00e3o de Vagas Residuais 2025-2\"}]},{\"@type\":\"WebSite\",\"@id\":\"https:\\\/\\\/itr.ufrrj.br\\\/portal\\\/#website\",\"url\":\"https:\\\/\\\/itr.ufrrj.br\\\/portal\\\/\",\"name\":\"Campus Tr\u00eas Rios | UFRRJ\",\"description\":\"Localizado na cidade de Tr\u00eas Rios - RJ\",\"publisher\":{\"@id\":\"https:\\\/\\\/itr.ufrrj.br\\\/portal\\\/#organization\"},\"potentialAction\":[{\"@type\":\"SearchAction\",\"target\":{\"@type\":\"EntryPoint\",\"urlTemplate\":\"https:\\\/\\\/itr.ufrrj.br\\\/portal\\\/?s={search_term_string}\"},\"query-input\":{\"@type\":\"PropertyValueSpecification\",\"valueRequired\":true,\"valueName\":\"search_term_string\"}}],\"inLanguage\":\"pt-BR\"},{\"@type\":\"Organization\",\"@id\":\"https:\\\/\\\/itr.ufrrj.br\\\/portal\\\/#organization\",\"name\":\"Instituto Tr\u00eas Rios\\\/UFRRJ\",\"url\":\"https:\\\/\\\/itr.ufrrj.br\\\/portal\\\/\",\"logo\":{\"@type\":\"ImageObject\",\"inLanguage\":\"pt-BR\",\"@id\":\"https:\\\/\\\/itr.ufrrj.br\\\/portal\\\/#\\\/schema\\\/logo\\\/image\\\/\",\"url\":\"https:\\\/\\\/itr.ufrrj.br\\\/portal\\\/wp-content\\\/uploads\\\/2020\\\/04\\\/logo-institutotresrios-ufrrj.png\",\"contentUrl\":\"https:\\\/\\\/itr.ufrrj.br\\\/portal\\\/wp-content\\\/uploads\\\/2020\\\/04\\\/logo-institutotresrios-ufrrj.png\",\"width\":1067,\"height\":240,\"caption\":\"Instituto Tr\u00eas Rios\\\/UFRRJ\"},\"image\":{\"@id\":\"https:\\\/\\\/itr.ufrrj.br\\\/portal\\\/#\\\/schema\\\/logo\\\/image\\\/\"},\"sameAs\":[\"https:\\\/\\\/www.facebook.com\\\/itr.ufrrj\"]}]}<\/script>\n<!-- \/ Yoast SEO plugin. -->","yoast_head_json":{"title":"Edital de Ocupa\u00e7\u00e3o de Vagas Residuais 2025-2 - Campus Tr\u00eas Rios | UFRRJ","robots":{"index":"index","follow":"follow","max-snippet":"max-snippet:-1","max-image-preview":"max-image-preview:large","max-video-preview":"max-video-preview:-1"},"canonical":"https:\/\/itr.ufrrj.br\/portal\/edital-de-ocupacao-de-vagas-residuais-2025-2\/","og_locale":"pt_BR","og_type":"article","og_title":"Edital de Ocupa\u00e7\u00e3o de Vagas Residuais 2025-2 - Campus Tr\u00eas Rios | UFRRJ","og_description":"Para acessar o Edital de Ocupa\u00e7\u00e3o de Vagas Residuais 2025-2 , clique aqui. Escolha a op\u00e7\u00e3o a seguir:","og_url":"https:\/\/itr.ufrrj.br\/portal\/edital-de-ocupacao-de-vagas-residuais-2025-2\/","og_site_name":"Campus Tr\u00eas Rios | UFRRJ","article_publisher":"https:\/\/www.facebook.com\/itr.ufrrj","article_modified_time":"2025-06-27T10:58:07+00:00","twitter_card":"summary_large_image","twitter_misc":{"Est. tempo de leitura":"1 minuto"},"schema":{"@context":"https:\/\/schema.org","@graph":[{"@type":"WebPage","@id":"https:\/\/itr.ufrrj.br\/portal\/edital-de-ocupacao-de-vagas-residuais-2025-2\/","url":"https:\/\/itr.ufrrj.br\/portal\/edital-de-ocupacao-de-vagas-residuais-2025-2\/","name":"Edital de Ocupa\u00e7\u00e3o de Vagas Residuais 2025-2 - Campus Tr\u00eas Rios | UFRRJ","isPartOf":{"@id":"https:\/\/itr.ufrrj.br\/portal\/#website"},"datePublished":"2025-06-27T10:32:05+00:00","dateModified":"2025-06-27T10:58:07+00:00","breadcrumb":{"@id":"https:\/\/itr.ufrrj.br\/portal\/edital-de-ocupacao-de-vagas-residuais-2025-2\/#breadcrumb"},"inLanguage":"pt-BR","potentialAction":[{"@type":"ReadAction","target":["https:\/\/itr.ufrrj.br\/portal\/edital-de-ocupacao-de-vagas-residuais-2025-2\/"]}]},{"@type":"BreadcrumbList","@id":"https:\/\/itr.ufrrj.br\/portal\/edital-de-ocupacao-de-vagas-residuais-2025-2\/#breadcrumb","itemListElement":[{"@type":"ListItem","position":1,"name":"In\u00edcio","item":"https:\/\/itr.ufrrj.br\/portal\/"},{"@type":"ListItem","position":2,"name":"Edital de Ocupa\u00e7\u00e3o de Vagas Residuais 2025-2"}]},{"@type":"WebSite","@id":"https:\/\/itr.ufrrj.br\/portal\/#website","url":"https:\/\/itr.ufrrj.br\/portal\/","name":"Campus Tr\u00eas Rios | UFRRJ","description":"Localizado na cidade de Tr\u00eas Rios - RJ","publisher":{"@id":"https:\/\/itr.ufrrj.br\/portal\/#organization"},"potentialAction":[{"@type":"SearchAction","target":{"@type":"EntryPoint","urlTemplate":"https:\/\/itr.ufrrj.br\/portal\/?s={search_term_string}"},"query-input":{"@type":"PropertyValueSpecification","valueRequired":true,"valueName":"search_term_string"}}],"inLanguage":"pt-BR"},{"@type":"Organization","@id":"https:\/\/itr.ufrrj.br\/portal\/#organization","name":"Instituto Tr\u00eas Rios\/UFRRJ","url":"https:\/\/itr.ufrrj.br\/portal\/","logo":{"@type":"ImageObject","inLanguage":"pt-BR","@id":"https:\/\/itr.ufrrj.br\/portal\/#\/schema\/logo\/image\/","url":"https:\/\/itr.ufrrj.br\/portal\/wp-content\/uploads\/2020\/04\/logo-institutotresrios-ufrrj.png","contentUrl":"https:\/\/itr.ufrrj.br\/portal\/wp-content\/uploads\/2020\/04\/logo-institutotresrios-ufrrj.png","width":1067,"height":240,"caption":"Instituto Tr\u00eas Rios\/UFRRJ"},"image":{"@id":"https:\/\/itr.ufrrj.br\/portal\/#\/schema\/logo\/image\/"},"sameAs":["https:\/\/www.facebook.com\/itr.ufrrj"]}]}},"jetpack_sharing_enabled":true,"amp_enabled":false,"_links":{"self":[{"href":"https:\/\/itr.ufrrj.br\/portal\/wp-json\/wp\/v2\/pages\/52182","targetHints":{"allow":["GET"]}}],"collection":[{"href":"https:\/\/itr.ufrrj.br\/portal\/wp-json\/wp\/v2\/pages"}],"about":[{"href":"https:\/\/itr.ufrrj.br\/portal\/wp-json\/wp\/v2\/types\/page"}],"author":[{"embeddable":true,"href":"https:\/\/itr.ufrrj.br\/portal\/wp-json\/wp\/v2\/users\/4"}],"replies":[{"embeddable":true,"href":"https:\/\/itr.ufrrj.br\/portal\/wp-json\/wp\/v2\/comments?post=52182"}],"version-history":[{"count":3,"href":"https:\/\/itr.ufrrj.br\/portal\/wp-json\/wp\/v2\/pages\/52182\/revisions"}],"predecessor-version":[{"id":52195,"href":"https:\/\/itr.ufrrj.br\/portal\/wp-json\/wp\/v2\/pages\/52182\/revisions\/52195"}],"wp:attachment":[{"href":"https:\/\/itr.ufrrj.br\/portal\/wp-json\/wp\/v2\/media?parent=52182"}],"curies":[{"name":"wp","href":"https:\/\/api.w.org\/{rel}","templated":true}]}}