{"id":45,"date":"2011-02-28T13:44:17","date_gmt":"2011-02-28T16:44:17","guid":{"rendered":"http:\/\/r1.ufrrj.br\/wp\/itr\/"},"modified":"2019-03-21T14:31:10","modified_gmt":"2019-03-21T17:31:10","slug":"disciplina","status":"publish","type":"page","link":"https:\/\/itr.ufrrj.br\/portal\/departamentos\/ddhl\/disciplina\/","title":{"rendered":"Pesquisas e Publica\u00e7\u00f5es do DDHL"},"content":{"rendered":"<div class=\"Tit_chamada_interno\">\n\t<span style=\"font-size:16px\"><strong>Revistas do DDHL<\/strong><\/span><\/div>\n<p>Abaixo segue os links das nossas revistas eletr\u00f4nicas publicadas:<\/p>\n<p>&nbsp;<\/p>\n<p><a href=\"http:\/\/www.ufrrj.br\/SEER\/index.php?journal=RJEDSD\">REVISTA JUR\u00cdDICA ELETR\u00d4NICA DIREITO, SOCIEDADE E DESENVOLVIMENTO<\/a><\/p>\n<p><a href=\"http:\/\/www.veredasdahistoria.com\/\">VEREDAS DA HIST\u00d3RIA<\/a><\/p>\n","protected":false},"excerpt":{"rendered":"<p>Revistas do DDHL Abaixo segue os links das nossas revistas eletr\u00f4nicas publicadas: &nbsp; REVISTA JUR\u00cdDICA ELETR\u00d4NICA DIREITO, SOCIEDADE E DESENVOLVIMENTO VEREDAS DA HIST\u00d3RIA<\/p>\n","protected":false},"author":1,"featured_media":0,"parent":23,"menu_order":2,"comment_status":"open","ping_status":"open","template":"page-cursos.php","meta":{"_acf_changed":false,"editor_plus_copied_stylings":"{}","footnotes":""},"class_list":["post-45","page","type-page","status-publish","hentry"],"acf":[],"yoast_head":"<!-- This site is optimized with the Yoast SEO plugin v27.3 - https:\/\/yoast.com\/product\/yoast-seo-wordpress\/ -->\n<title>Pesquisas e Publica\u00e7\u00f5es do DDHL - Campus Tr\u00eas Rios | UFRRJ<\/title>\n<meta name=\"robots\" content=\"index, follow, max-snippet:-1, max-image-preview:large, max-video-preview:-1\" \/>\n<link rel=\"canonical\" href=\"https:\/\/itr.ufrrj.br\/portal\/departamentos\/ddhl\/disciplina\/\" \/>\n<meta property=\"og:locale\" content=\"pt_BR\" \/>\n<meta property=\"og:type\" content=\"article\" \/>\n<meta property=\"og:title\" content=\"Pesquisas e Publica\u00e7\u00f5es do DDHL - Campus Tr\u00eas Rios | UFRRJ\" \/>\n<meta property=\"og:description\" content=\"Revistas do DDHL Abaixo segue os links das nossas revistas eletr\u00f4nicas publicadas: &nbsp; REVISTA JUR\u00cdDICA ELETR\u00d4NICA DIREITO, SOCIEDADE E DESENVOLVIMENTO VEREDAS DA HIST\u00d3RIA\" \/>\n<meta property=\"og:url\" content=\"https:\/\/itr.ufrrj.br\/portal\/departamentos\/ddhl\/disciplina\/\" \/>\n<meta property=\"og:site_name\" content=\"Campus Tr\u00eas Rios | UFRRJ\" \/>\n<meta property=\"article:publisher\" content=\"https:\/\/www.facebook.com\/itr.ufrrj\" \/>\n<meta property=\"article:modified_time\" content=\"2019-03-21T17:31:10+00:00\" \/>\n<meta name=\"twitter:card\" content=\"summary_large_image\" \/>\n<script type=\"application\/ld+json\" class=\"yoast-schema-graph\">{\"@context\":\"https:\\\/\\\/schema.org\",\"@graph\":[{\"@type\":\"WebPage\",\"@id\":\"https:\\\/\\\/itr.ufrrj.br\\\/portal\\\/departamentos\\\/ddhl\\\/disciplina\\\/\",\"url\":\"https:\\\/\\\/itr.ufrrj.br\\\/portal\\\/departamentos\\\/ddhl\\\/disciplina\\\/\",\"name\":\"Pesquisas e Publica\u00e7\u00f5es do DDHL - Campus Tr\u00eas Rios | UFRRJ\",\"isPartOf\":{\"@id\":\"https:\\\/\\\/itr.ufrrj.br\\\/portal\\\/#website\"},\"datePublished\":\"2011-02-28T16:44:17+00:00\",\"dateModified\":\"2019-03-21T17:31:10+00:00\",\"breadcrumb\":{\"@id\":\"https:\\\/\\\/itr.ufrrj.br\\\/portal\\\/departamentos\\\/ddhl\\\/disciplina\\\/#breadcrumb\"},\"inLanguage\":\"pt-BR\",\"potentialAction\":[{\"@type\":\"ReadAction\",\"target\":[\"https:\\\/\\\/itr.ufrrj.br\\\/portal\\\/departamentos\\\/ddhl\\\/disciplina\\\/\"]}]},{\"@type\":\"BreadcrumbList\",\"@id\":\"https:\\\/\\\/itr.ufrrj.br\\\/portal\\\/departamentos\\\/ddhl\\\/disciplina\\\/#breadcrumb\",\"itemListElement\":[{\"@type\":\"ListItem\",\"position\":1,\"name\":\"In\u00edcio\",\"item\":\"https:\\\/\\\/itr.ufrrj.br\\\/portal\\\/\"},{\"@type\":\"ListItem\",\"position\":2,\"name\":\"Departamentos\",\"item\":\"https:\\\/\\\/itr.ufrrj.br\\\/portal\\\/departamentos\\\/\"},{\"@type\":\"ListItem\",\"position\":3,\"name\":\"DDHL\",\"item\":\"https:\\\/\\\/itr.ufrrj.br\\\/portal\\\/departamentos\\\/ddhl\\\/\"},{\"@type\":\"ListItem\",\"position\":4,\"name\":\"Pesquisas e Publica\u00e7\u00f5es do DDHL\"}]},{\"@type\":\"WebSite\",\"@id\":\"https:\\\/\\\/itr.ufrrj.br\\\/portal\\\/#website\",\"url\":\"https:\\\/\\\/itr.ufrrj.br\\\/portal\\\/\",\"name\":\"Campus Tr\u00eas Rios | UFRRJ\",\"description\":\"Localizado na cidade de Tr\u00eas Rios - RJ\",\"publisher\":{\"@id\":\"https:\\\/\\\/itr.ufrrj.br\\\/portal\\\/#organization\"},\"potentialAction\":[{\"@type\":\"SearchAction\",\"target\":{\"@type\":\"EntryPoint\",\"urlTemplate\":\"https:\\\/\\\/itr.ufrrj.br\\\/portal\\\/?s={search_term_string}\"},\"query-input\":{\"@type\":\"PropertyValueSpecification\",\"valueRequired\":true,\"valueName\":\"search_term_string\"}}],\"inLanguage\":\"pt-BR\"},{\"@type\":\"Organization\",\"@id\":\"https:\\\/\\\/itr.ufrrj.br\\\/portal\\\/#organization\",\"name\":\"Instituto Tr\u00eas Rios\\\/UFRRJ\",\"url\":\"https:\\\/\\\/itr.ufrrj.br\\\/portal\\\/\",\"logo\":{\"@type\":\"ImageObject\",\"inLanguage\":\"pt-BR\",\"@id\":\"https:\\\/\\\/itr.ufrrj.br\\\/portal\\\/#\\\/schema\\\/logo\\\/image\\\/\",\"url\":\"https:\\\/\\\/itr.ufrrj.br\\\/portal\\\/wp-content\\\/uploads\\\/2020\\\/04\\\/logo-institutotresrios-ufrrj.png\",\"contentUrl\":\"https:\\\/\\\/itr.ufrrj.br\\\/portal\\\/wp-content\\\/uploads\\\/2020\\\/04\\\/logo-institutotresrios-ufrrj.png\",\"width\":1067,\"height\":240,\"caption\":\"Instituto Tr\u00eas Rios\\\/UFRRJ\"},\"image\":{\"@id\":\"https:\\\/\\\/itr.ufrrj.br\\\/portal\\\/#\\\/schema\\\/logo\\\/image\\\/\"},\"sameAs\":[\"https:\\\/\\\/www.facebook.com\\\/itr.ufrrj\"]}]}<\/script>\n<!-- \/ Yoast SEO plugin. -->","yoast_head_json":{"title":"Pesquisas e Publica\u00e7\u00f5es do DDHL - Campus Tr\u00eas Rios | UFRRJ","robots":{"index":"index","follow":"follow","max-snippet":"max-snippet:-1","max-image-preview":"max-image-preview:large","max-video-preview":"max-video-preview:-1"},"canonical":"https:\/\/itr.ufrrj.br\/portal\/departamentos\/ddhl\/disciplina\/","og_locale":"pt_BR","og_type":"article","og_title":"Pesquisas e Publica\u00e7\u00f5es do DDHL - Campus Tr\u00eas Rios | UFRRJ","og_description":"Revistas do DDHL Abaixo segue os links das nossas revistas eletr\u00f4nicas publicadas: &nbsp; REVISTA JUR\u00cdDICA ELETR\u00d4NICA DIREITO, SOCIEDADE E DESENVOLVIMENTO VEREDAS DA HIST\u00d3RIA","og_url":"https:\/\/itr.ufrrj.br\/portal\/departamentos\/ddhl\/disciplina\/","og_site_name":"Campus Tr\u00eas Rios | UFRRJ","article_publisher":"https:\/\/www.facebook.com\/itr.ufrrj","article_modified_time":"2019-03-21T17:31:10+00:00","twitter_card":"summary_large_image","schema":{"@context":"https:\/\/schema.org","@graph":[{"@type":"WebPage","@id":"https:\/\/itr.ufrrj.br\/portal\/departamentos\/ddhl\/disciplina\/","url":"https:\/\/itr.ufrrj.br\/portal\/departamentos\/ddhl\/disciplina\/","name":"Pesquisas e Publica\u00e7\u00f5es do DDHL - Campus Tr\u00eas Rios | UFRRJ","isPartOf":{"@id":"https:\/\/itr.ufrrj.br\/portal\/#website"},"datePublished":"2011-02-28T16:44:17+00:00","dateModified":"2019-03-21T17:31:10+00:00","breadcrumb":{"@id":"https:\/\/itr.ufrrj.br\/portal\/departamentos\/ddhl\/disciplina\/#breadcrumb"},"inLanguage":"pt-BR","potentialAction":[{"@type":"ReadAction","target":["https:\/\/itr.ufrrj.br\/portal\/departamentos\/ddhl\/disciplina\/"]}]},{"@type":"BreadcrumbList","@id":"https:\/\/itr.ufrrj.br\/portal\/departamentos\/ddhl\/disciplina\/#breadcrumb","itemListElement":[{"@type":"ListItem","position":1,"name":"In\u00edcio","item":"https:\/\/itr.ufrrj.br\/portal\/"},{"@type":"ListItem","position":2,"name":"Departamentos","item":"https:\/\/itr.ufrrj.br\/portal\/departamentos\/"},{"@type":"ListItem","position":3,"name":"DDHL","item":"https:\/\/itr.ufrrj.br\/portal\/departamentos\/ddhl\/"},{"@type":"ListItem","position":4,"name":"Pesquisas e Publica\u00e7\u00f5es do DDHL"}]},{"@type":"WebSite","@id":"https:\/\/itr.ufrrj.br\/portal\/#website","url":"https:\/\/itr.ufrrj.br\/portal\/","name":"Campus Tr\u00eas Rios | UFRRJ","description":"Localizado na cidade de Tr\u00eas Rios - RJ","publisher":{"@id":"https:\/\/itr.ufrrj.br\/portal\/#organization"},"potentialAction":[{"@type":"SearchAction","target":{"@type":"EntryPoint","urlTemplate":"https:\/\/itr.ufrrj.br\/portal\/?s={search_term_string}"},"query-input":{"@type":"PropertyValueSpecification","valueRequired":true,"valueName":"search_term_string"}}],"inLanguage":"pt-BR"},{"@type":"Organization","@id":"https:\/\/itr.ufrrj.br\/portal\/#organization","name":"Instituto Tr\u00eas Rios\/UFRRJ","url":"https:\/\/itr.ufrrj.br\/portal\/","logo":{"@type":"ImageObject","inLanguage":"pt-BR","@id":"https:\/\/itr.ufrrj.br\/portal\/#\/schema\/logo\/image\/","url":"https:\/\/itr.ufrrj.br\/portal\/wp-content\/uploads\/2020\/04\/logo-institutotresrios-ufrrj.png","contentUrl":"https:\/\/itr.ufrrj.br\/portal\/wp-content\/uploads\/2020\/04\/logo-institutotresrios-ufrrj.png","width":1067,"height":240,"caption":"Instituto Tr\u00eas Rios\/UFRRJ"},"image":{"@id":"https:\/\/itr.ufrrj.br\/portal\/#\/schema\/logo\/image\/"},"sameAs":["https:\/\/www.facebook.com\/itr.ufrrj"]}]}},"jetpack_sharing_enabled":true,"amp_enabled":false,"_links":{"self":[{"href":"https:\/\/itr.ufrrj.br\/portal\/wp-json\/wp\/v2\/pages\/45","targetHints":{"allow":["GET"]}}],"collection":[{"href":"https:\/\/itr.ufrrj.br\/portal\/wp-json\/wp\/v2\/pages"}],"about":[{"href":"https:\/\/itr.ufrrj.br\/portal\/wp-json\/wp\/v2\/types\/page"}],"author":[{"embeddable":true,"href":"https:\/\/itr.ufrrj.br\/portal\/wp-json\/wp\/v2\/users\/1"}],"replies":[{"embeddable":true,"href":"https:\/\/itr.ufrrj.br\/portal\/wp-json\/wp\/v2\/comments?post=45"}],"version-history":[{"count":4,"href":"https:\/\/itr.ufrrj.br\/portal\/wp-json\/wp\/v2\/pages\/45\/revisions"}],"predecessor-version":[{"id":9114,"href":"https:\/\/itr.ufrrj.br\/portal\/wp-json\/wp\/v2\/pages\/45\/revisions\/9114"}],"up":[{"embeddable":true,"href":"https:\/\/itr.ufrrj.br\/portal\/wp-json\/wp\/v2\/pages\/23"}],"wp:attachment":[{"href":"https:\/\/itr.ufrrj.br\/portal\/wp-json\/wp\/v2\/media?parent=45"}],"curies":[{"name":"wp","href":"https:\/\/api.w.org\/{rel}","templated":true}]}}