{"id":3663,"date":"2016-04-27T15:03:12","date_gmt":"2016-04-27T18:03:12","guid":{"rendered":"http:\/\/www.itr.ufrrj.br\/portal\/?page_id=3663"},"modified":"2017-12-06T15:54:04","modified_gmt":"2017-12-06T17:54:04","slug":"dest","status":"publish","type":"page","link":"https:\/\/itr.ufrrj.br\/portal\/dest\/","title":{"rendered":"DEST"},"content":{"rendered":"<p style=\"text-align: justify;\">A Divis\u00e3o de Est\u00e1gio (DEST) \u00e9 uma unidade administrativa de car\u00e1ter acad\u00eamico, ligada\u00a0a Pr\u00f3\u2013Reitoria de Gradua\u00e7\u00e3o da UFRRJ. S\u00e3o compet\u00eancias da DEST\/TR: controlar,\u00a0cadastrar, formalizar e organizar todos os est\u00e1gios dos estudantes do ITR\/UFRRJ, e dos\u00a0estudantes de outras Institui\u00e7\u00f5es de Ensino que efetuam seus est\u00e1gios no ITR\/UFRRJ.\u00a0Al\u00e9m dessas atividades, ficam a cargo da Divis\u00e3o o controle e o cadastro dos estudantes\u00a0participantes do Programa de Bolsas de Atividades de Apoio T\u00e9cnico\u00adAcad\u00eamico.<\/p>\n<p style=\"text-align: justify;\"><strong>Para mais informa\u00e7\u00f5es:<\/strong><br \/>\n<a href=\"mailto:mgoliveira65@yahoo.com.br\">mgoliveira65@yahoo.com.br<\/a> e <a href=\"http:\/\/institucional.ufrrj.br\/dest\/\">http:\/\/institucional.ufrrj.br\/dest\/<\/a><\/p>\n<p><strong>Telefone:<\/strong><br \/>\n(21) 2681-4920<\/p>\n<p><!--\n\n\n<h2 style=\"text-align: justify;\">Funcion\u00e1ria respons\u00e1vel pela DEST\/TR:<\/h2>\n\n\n\n\n<p style=\"text-align: justify;\"><strong><img loading=\"lazy\" decoding=\"async\" class=\"alignleft size-thumbnail wp-image-3858\" src=\"http:\/\/www.itr.ufrrj.br\/portal\/wp-content\/uploads\/2016\/04\/Maria-Oliveira-150x150.jpg\" alt=\"Maria Oliveira - ITR\/UFRRJ\" width=\"150\" height=\"150\" srcset=\"https:\/\/itr.ufrrj.br\/portal\/wp-content\/uploads\/2016\/04\/Maria-Oliveira-150x150.jpg 150w, https:\/\/itr.ufrrj.br\/portal\/wp-content\/uploads\/2016\/04\/Maria-Oliveira-200x200.jpg 200w, https:\/\/itr.ufrrj.br\/portal\/wp-content\/uploads\/2016\/04\/Maria-Oliveira-50x50.jpg 50w, https:\/\/itr.ufrrj.br\/portal\/wp-content\/uploads\/2016\/04\/Maria-Oliveira-80x80.jpg 80w\" sizes=\"auto, (max-width: 150px) 100vw, 150px\" \/>Maria das Gra\u00e7as de Oliveira<\/strong>\nEnsino M\u00e9dio\n\n--><\/p>\n","protected":false},"excerpt":{"rendered":"<p>A Divis\u00e3o de Est\u00e1gio (DEST) \u00e9 uma unidade administrativa de car\u00e1ter acad\u00eamico, ligada\u00a0a Pr\u00f3\u2013Reitoria de Gradua\u00e7\u00e3o da UFRRJ. S\u00e3o compet\u00eancias da DEST\/TR: controlar,\u00a0cadastrar, formalizar e organizar todos os est\u00e1gios dos [&hellip;]<\/p>\n","protected":false},"author":4,"featured_media":0,"parent":0,"menu_order":0,"comment_status":"closed","ping_status":"closed","template":"","meta":{"_acf_changed":false,"editor_plus_copied_stylings":"{}","footnotes":""},"class_list":["post-3663","page","type-page","status-publish","hentry"],"acf":[],"yoast_head":"<!-- This site is optimized with the Yoast SEO plugin v27.3 - https:\/\/yoast.com\/product\/yoast-seo-wordpress\/ -->\n<title>DEST - Campus Tr\u00eas Rios | UFRRJ<\/title>\n<meta name=\"robots\" content=\"index, follow, max-snippet:-1, max-image-preview:large, max-video-preview:-1\" \/>\n<link rel=\"canonical\" href=\"https:\/\/itr.ufrrj.br\/portal\/dest\/\" \/>\n<meta property=\"og:locale\" content=\"pt_BR\" \/>\n<meta property=\"og:type\" content=\"article\" \/>\n<meta property=\"og:title\" content=\"DEST - Campus Tr\u00eas Rios | UFRRJ\" \/>\n<meta property=\"og:description\" content=\"A Divis\u00e3o de Est\u00e1gio (DEST) \u00e9 uma unidade administrativa de car\u00e1ter acad\u00eamico, ligada\u00a0a Pr\u00f3\u2013Reitoria de Gradua\u00e7\u00e3o da UFRRJ. S\u00e3o compet\u00eancias da DEST\/TR: controlar,\u00a0cadastrar, formalizar e organizar todos os est\u00e1gios dos [&hellip;]\" \/>\n<meta property=\"og:url\" content=\"https:\/\/itr.ufrrj.br\/portal\/dest\/\" \/>\n<meta property=\"og:site_name\" content=\"Campus Tr\u00eas Rios | UFRRJ\" \/>\n<meta property=\"article:publisher\" content=\"https:\/\/www.facebook.com\/itr.ufrrj\" \/>\n<meta property=\"article:modified_time\" content=\"2017-12-06T17:54:04+00:00\" \/>\n<meta property=\"og:image\" content=\"http:\/\/www.itr.ufrrj.br\/portal\/wp-content\/uploads\/2016\/04\/Maria-Oliveira-150x150.jpg\" \/>\n<meta name=\"twitter:card\" content=\"summary_large_image\" \/>\n<meta name=\"twitter:label1\" content=\"Est. tempo de leitura\" \/>\n\t<meta name=\"twitter:data1\" content=\"1 minuto\" \/>\n<script type=\"application\/ld+json\" class=\"yoast-schema-graph\">{\"@context\":\"https:\\\/\\\/schema.org\",\"@graph\":[{\"@type\":\"WebPage\",\"@id\":\"https:\\\/\\\/itr.ufrrj.br\\\/portal\\\/dest\\\/\",\"url\":\"https:\\\/\\\/itr.ufrrj.br\\\/portal\\\/dest\\\/\",\"name\":\"DEST - Campus Tr\u00eas Rios | UFRRJ\",\"isPartOf\":{\"@id\":\"https:\\\/\\\/itr.ufrrj.br\\\/portal\\\/#website\"},\"primaryImageOfPage\":{\"@id\":\"https:\\\/\\\/itr.ufrrj.br\\\/portal\\\/dest\\\/#primaryimage\"},\"image\":{\"@id\":\"https:\\\/\\\/itr.ufrrj.br\\\/portal\\\/dest\\\/#primaryimage\"},\"thumbnailUrl\":\"http:\\\/\\\/www.itr.ufrrj.br\\\/portal\\\/wp-content\\\/uploads\\\/2016\\\/04\\\/Maria-Oliveira-150x150.jpg\",\"datePublished\":\"2016-04-27T18:03:12+00:00\",\"dateModified\":\"2017-12-06T17:54:04+00:00\",\"breadcrumb\":{\"@id\":\"https:\\\/\\\/itr.ufrrj.br\\\/portal\\\/dest\\\/#breadcrumb\"},\"inLanguage\":\"pt-BR\",\"potentialAction\":[{\"@type\":\"ReadAction\",\"target\":[\"https:\\\/\\\/itr.ufrrj.br\\\/portal\\\/dest\\\/\"]}]},{\"@type\":\"ImageObject\",\"inLanguage\":\"pt-BR\",\"@id\":\"https:\\\/\\\/itr.ufrrj.br\\\/portal\\\/dest\\\/#primaryimage\",\"url\":\"http:\\\/\\\/www.itr.ufrrj.br\\\/portal\\\/wp-content\\\/uploads\\\/2016\\\/04\\\/Maria-Oliveira-150x150.jpg\",\"contentUrl\":\"http:\\\/\\\/www.itr.ufrrj.br\\\/portal\\\/wp-content\\\/uploads\\\/2016\\\/04\\\/Maria-Oliveira-150x150.jpg\"},{\"@type\":\"BreadcrumbList\",\"@id\":\"https:\\\/\\\/itr.ufrrj.br\\\/portal\\\/dest\\\/#breadcrumb\",\"itemListElement\":[{\"@type\":\"ListItem\",\"position\":1,\"name\":\"In\u00edcio\",\"item\":\"https:\\\/\\\/itr.ufrrj.br\\\/portal\\\/\"},{\"@type\":\"ListItem\",\"position\":2,\"name\":\"DEST\"}]},{\"@type\":\"WebSite\",\"@id\":\"https:\\\/\\\/itr.ufrrj.br\\\/portal\\\/#website\",\"url\":\"https:\\\/\\\/itr.ufrrj.br\\\/portal\\\/\",\"name\":\"Campus Tr\u00eas Rios | UFRRJ\",\"description\":\"Localizado na cidade de Tr\u00eas Rios - RJ\",\"publisher\":{\"@id\":\"https:\\\/\\\/itr.ufrrj.br\\\/portal\\\/#organization\"},\"potentialAction\":[{\"@type\":\"SearchAction\",\"target\":{\"@type\":\"EntryPoint\",\"urlTemplate\":\"https:\\\/\\\/itr.ufrrj.br\\\/portal\\\/?s={search_term_string}\"},\"query-input\":{\"@type\":\"PropertyValueSpecification\",\"valueRequired\":true,\"valueName\":\"search_term_string\"}}],\"inLanguage\":\"pt-BR\"},{\"@type\":\"Organization\",\"@id\":\"https:\\\/\\\/itr.ufrrj.br\\\/portal\\\/#organization\",\"name\":\"Instituto Tr\u00eas Rios\\\/UFRRJ\",\"url\":\"https:\\\/\\\/itr.ufrrj.br\\\/portal\\\/\",\"logo\":{\"@type\":\"ImageObject\",\"inLanguage\":\"pt-BR\",\"@id\":\"https:\\\/\\\/itr.ufrrj.br\\\/portal\\\/#\\\/schema\\\/logo\\\/image\\\/\",\"url\":\"https:\\\/\\\/itr.ufrrj.br\\\/portal\\\/wp-content\\\/uploads\\\/2020\\\/04\\\/logo-institutotresrios-ufrrj.png\",\"contentUrl\":\"https:\\\/\\\/itr.ufrrj.br\\\/portal\\\/wp-content\\\/uploads\\\/2020\\\/04\\\/logo-institutotresrios-ufrrj.png\",\"width\":1067,\"height\":240,\"caption\":\"Instituto Tr\u00eas Rios\\\/UFRRJ\"},\"image\":{\"@id\":\"https:\\\/\\\/itr.ufrrj.br\\\/portal\\\/#\\\/schema\\\/logo\\\/image\\\/\"},\"sameAs\":[\"https:\\\/\\\/www.facebook.com\\\/itr.ufrrj\"]}]}<\/script>\n<!-- \/ Yoast SEO plugin. -->","yoast_head_json":{"title":"DEST - Campus Tr\u00eas Rios | UFRRJ","robots":{"index":"index","follow":"follow","max-snippet":"max-snippet:-1","max-image-preview":"max-image-preview:large","max-video-preview":"max-video-preview:-1"},"canonical":"https:\/\/itr.ufrrj.br\/portal\/dest\/","og_locale":"pt_BR","og_type":"article","og_title":"DEST - Campus Tr\u00eas Rios | UFRRJ","og_description":"A Divis\u00e3o de Est\u00e1gio (DEST) \u00e9 uma unidade administrativa de car\u00e1ter acad\u00eamico, ligada\u00a0a Pr\u00f3\u2013Reitoria de Gradua\u00e7\u00e3o da UFRRJ. S\u00e3o compet\u00eancias da DEST\/TR: controlar,\u00a0cadastrar, formalizar e organizar todos os est\u00e1gios dos [&hellip;]","og_url":"https:\/\/itr.ufrrj.br\/portal\/dest\/","og_site_name":"Campus Tr\u00eas Rios | UFRRJ","article_publisher":"https:\/\/www.facebook.com\/itr.ufrrj","article_modified_time":"2017-12-06T17:54:04+00:00","og_image":[{"url":"http:\/\/www.itr.ufrrj.br\/portal\/wp-content\/uploads\/2016\/04\/Maria-Oliveira-150x150.jpg","type":"","width":"","height":""}],"twitter_card":"summary_large_image","twitter_misc":{"Est. tempo de leitura":"1 minuto"},"schema":{"@context":"https:\/\/schema.org","@graph":[{"@type":"WebPage","@id":"https:\/\/itr.ufrrj.br\/portal\/dest\/","url":"https:\/\/itr.ufrrj.br\/portal\/dest\/","name":"DEST - Campus Tr\u00eas Rios | UFRRJ","isPartOf":{"@id":"https:\/\/itr.ufrrj.br\/portal\/#website"},"primaryImageOfPage":{"@id":"https:\/\/itr.ufrrj.br\/portal\/dest\/#primaryimage"},"image":{"@id":"https:\/\/itr.ufrrj.br\/portal\/dest\/#primaryimage"},"thumbnailUrl":"http:\/\/www.itr.ufrrj.br\/portal\/wp-content\/uploads\/2016\/04\/Maria-Oliveira-150x150.jpg","datePublished":"2016-04-27T18:03:12+00:00","dateModified":"2017-12-06T17:54:04+00:00","breadcrumb":{"@id":"https:\/\/itr.ufrrj.br\/portal\/dest\/#breadcrumb"},"inLanguage":"pt-BR","potentialAction":[{"@type":"ReadAction","target":["https:\/\/itr.ufrrj.br\/portal\/dest\/"]}]},{"@type":"ImageObject","inLanguage":"pt-BR","@id":"https:\/\/itr.ufrrj.br\/portal\/dest\/#primaryimage","url":"http:\/\/www.itr.ufrrj.br\/portal\/wp-content\/uploads\/2016\/04\/Maria-Oliveira-150x150.jpg","contentUrl":"http:\/\/www.itr.ufrrj.br\/portal\/wp-content\/uploads\/2016\/04\/Maria-Oliveira-150x150.jpg"},{"@type":"BreadcrumbList","@id":"https:\/\/itr.ufrrj.br\/portal\/dest\/#breadcrumb","itemListElement":[{"@type":"ListItem","position":1,"name":"In\u00edcio","item":"https:\/\/itr.ufrrj.br\/portal\/"},{"@type":"ListItem","position":2,"name":"DEST"}]},{"@type":"WebSite","@id":"https:\/\/itr.ufrrj.br\/portal\/#website","url":"https:\/\/itr.ufrrj.br\/portal\/","name":"Campus Tr\u00eas Rios | UFRRJ","description":"Localizado na cidade de Tr\u00eas Rios - RJ","publisher":{"@id":"https:\/\/itr.ufrrj.br\/portal\/#organization"},"potentialAction":[{"@type":"SearchAction","target":{"@type":"EntryPoint","urlTemplate":"https:\/\/itr.ufrrj.br\/portal\/?s={search_term_string}"},"query-input":{"@type":"PropertyValueSpecification","valueRequired":true,"valueName":"search_term_string"}}],"inLanguage":"pt-BR"},{"@type":"Organization","@id":"https:\/\/itr.ufrrj.br\/portal\/#organization","name":"Instituto Tr\u00eas Rios\/UFRRJ","url":"https:\/\/itr.ufrrj.br\/portal\/","logo":{"@type":"ImageObject","inLanguage":"pt-BR","@id":"https:\/\/itr.ufrrj.br\/portal\/#\/schema\/logo\/image\/","url":"https:\/\/itr.ufrrj.br\/portal\/wp-content\/uploads\/2020\/04\/logo-institutotresrios-ufrrj.png","contentUrl":"https:\/\/itr.ufrrj.br\/portal\/wp-content\/uploads\/2020\/04\/logo-institutotresrios-ufrrj.png","width":1067,"height":240,"caption":"Instituto Tr\u00eas Rios\/UFRRJ"},"image":{"@id":"https:\/\/itr.ufrrj.br\/portal\/#\/schema\/logo\/image\/"},"sameAs":["https:\/\/www.facebook.com\/itr.ufrrj"]}]}},"jetpack_sharing_enabled":true,"amp_enabled":true,"_links":{"self":[{"href":"https:\/\/itr.ufrrj.br\/portal\/wp-json\/wp\/v2\/pages\/3663","targetHints":{"allow":["GET"]}}],"collection":[{"href":"https:\/\/itr.ufrrj.br\/portal\/wp-json\/wp\/v2\/pages"}],"about":[{"href":"https:\/\/itr.ufrrj.br\/portal\/wp-json\/wp\/v2\/types\/page"}],"author":[{"embeddable":true,"href":"https:\/\/itr.ufrrj.br\/portal\/wp-json\/wp\/v2\/users\/4"}],"replies":[{"embeddable":true,"href":"https:\/\/itr.ufrrj.br\/portal\/wp-json\/wp\/v2\/comments?post=3663"}],"version-history":[{"count":8,"href":"https:\/\/itr.ufrrj.br\/portal\/wp-json\/wp\/v2\/pages\/3663\/revisions"}],"predecessor-version":[{"id":7262,"href":"https:\/\/itr.ufrrj.br\/portal\/wp-json\/wp\/v2\/pages\/3663\/revisions\/7262"}],"wp:attachment":[{"href":"https:\/\/itr.ufrrj.br\/portal\/wp-json\/wp\/v2\/media?parent=3663"}],"curies":[{"name":"wp","href":"https:\/\/api.w.org\/{rel}","templated":true}]}}