{"id":3658,"date":"2016-04-27T14:54:47","date_gmt":"2016-04-27T17:54:47","guid":{"rendered":"http:\/\/www.itr.ufrrj.br\/portal\/?page_id=3658"},"modified":"2022-06-15T16:30:10","modified_gmt":"2022-06-15T19:30:10","slug":"aquisicoes-e-servicos","status":"publish","type":"page","link":"https:\/\/itr.ufrrj.br\/portal\/secoes\/aquisicoes-e-servicos\/","title":{"rendered":"Se\u00e7\u00e3o de Aquisi\u00e7\u00f5es e Servi\u00e7os"},"content":{"rendered":"<p style=\"text-align: justify;\">A Se\u00e7\u00e3o de Aquisi\u00e7\u00f5es e Servi\u00e7os \u00e9 respons\u00e1vel pelas solicita\u00e7\u00f5es junto ao DMSA (Departamento de Material e Servi\u00e7os Auxiliares-UFRRJ) no que se refere \u00e0 aquisi\u00e7\u00e3o de materiais, bens permanentes, entre outros para o desenvolvimento das atividades do ITR.<\/p>\n<h2>Contato<\/h2>\n<p>Respons\u00e1vel:<br \/>\n<strong>Hugo Grabrieli F\u00edngolo Turques Patr\u00edcio<br \/>\n<\/strong><\/p>\n<p>Telefone:<br \/>\n<strong>(21) 2681-4924<\/strong><\/p>\n","protected":false},"excerpt":{"rendered":"<p>A Se\u00e7\u00e3o de Aquisi\u00e7\u00f5es e Servi\u00e7os \u00e9 respons\u00e1vel pelas solicita\u00e7\u00f5es junto ao DMSA (Departamento de Material e Servi\u00e7os Auxiliares-UFRRJ) no que se refere \u00e0 aquisi\u00e7\u00e3o de materiais, bens permanentes, entre [&hellip;]<\/p>\n","protected":false},"author":4,"featured_media":0,"parent":5449,"menu_order":0,"comment_status":"closed","ping_status":"closed","template":"","meta":{"_acf_changed":false,"editor_plus_copied_stylings":"{}","footnotes":""},"class_list":["post-3658","page","type-page","status-publish","hentry"],"acf":[],"yoast_head":"<!-- This site is optimized with the Yoast SEO plugin v27.3 - https:\/\/yoast.com\/product\/yoast-seo-wordpress\/ -->\n<title>Se\u00e7\u00e3o de Aquisi\u00e7\u00f5es e Servi\u00e7os - Campus Tr\u00eas Rios | UFRRJ<\/title>\n<meta name=\"robots\" content=\"index, follow, max-snippet:-1, max-image-preview:large, max-video-preview:-1\" \/>\n<link rel=\"canonical\" href=\"https:\/\/itr.ufrrj.br\/portal\/secoes\/aquisicoes-e-servicos\/\" \/>\n<meta property=\"og:locale\" content=\"pt_BR\" \/>\n<meta property=\"og:type\" content=\"article\" \/>\n<meta property=\"og:title\" content=\"Aquisi\u00e7\u00f5es e Servi\u00e7os\" \/>\n<meta property=\"og:description\" content=\"A Se\u00e7\u00e3o de Aquisi\u00e7\u00f5es e Servi\u00e7os \u00e9 respons\u00e1vel pelas solicita\u00e7\u00f5es junto ao DMSA (Departamento de Material e Servi\u00e7os Auxiliares-UFRRJ) no que se refere \u00e0 aquisi\u00e7\u00e3o de materiais, bens permanentes, entre [&hellip;]\" \/>\n<meta property=\"og:url\" content=\"https:\/\/itr.ufrrj.br\/portal\/secoes\/aquisicoes-e-servicos\/\" \/>\n<meta property=\"og:site_name\" content=\"Campus Tr\u00eas Rios | UFRRJ\" \/>\n<meta property=\"article:publisher\" content=\"https:\/\/www.facebook.com\/itr.ufrrj\" \/>\n<meta property=\"article:modified_time\" content=\"2022-06-15T19:30:10+00:00\" \/>\n<meta name=\"twitter:card\" content=\"summary_large_image\" \/>\n<meta name=\"twitter:label1\" content=\"Est. tempo de leitura\" \/>\n\t<meta name=\"twitter:data1\" content=\"1 minuto\" \/>\n<script type=\"application\/ld+json\" class=\"yoast-schema-graph\">{\"@context\":\"https:\\\/\\\/schema.org\",\"@graph\":[{\"@type\":\"WebPage\",\"@id\":\"https:\\\/\\\/itr.ufrrj.br\\\/portal\\\/secoes\\\/aquisicoes-e-servicos\\\/\",\"url\":\"https:\\\/\\\/itr.ufrrj.br\\\/portal\\\/secoes\\\/aquisicoes-e-servicos\\\/\",\"name\":\"Se\u00e7\u00e3o de Aquisi\u00e7\u00f5es e Servi\u00e7os - Campus Tr\u00eas Rios | UFRRJ\",\"isPartOf\":{\"@id\":\"https:\\\/\\\/itr.ufrrj.br\\\/portal\\\/#website\"},\"datePublished\":\"2016-04-27T17:54:47+00:00\",\"dateModified\":\"2022-06-15T19:30:10+00:00\",\"breadcrumb\":{\"@id\":\"https:\\\/\\\/itr.ufrrj.br\\\/portal\\\/secoes\\\/aquisicoes-e-servicos\\\/#breadcrumb\"},\"inLanguage\":\"pt-BR\",\"potentialAction\":[{\"@type\":\"ReadAction\",\"target\":[\"https:\\\/\\\/itr.ufrrj.br\\\/portal\\\/secoes\\\/aquisicoes-e-servicos\\\/\"]}]},{\"@type\":\"BreadcrumbList\",\"@id\":\"https:\\\/\\\/itr.ufrrj.br\\\/portal\\\/secoes\\\/aquisicoes-e-servicos\\\/#breadcrumb\",\"itemListElement\":[{\"@type\":\"ListItem\",\"position\":1,\"name\":\"In\u00edcio\",\"item\":\"https:\\\/\\\/itr.ufrrj.br\\\/portal\\\/\"},{\"@type\":\"ListItem\",\"position\":2,\"name\":\"Se\u00e7\u00f5es\",\"item\":\"https:\\\/\\\/itr.ufrrj.br\\\/portal\\\/secoes\\\/\"},{\"@type\":\"ListItem\",\"position\":3,\"name\":\"Se\u00e7\u00e3o de Aquisi\u00e7\u00f5es e Servi\u00e7os\"}]},{\"@type\":\"WebSite\",\"@id\":\"https:\\\/\\\/itr.ufrrj.br\\\/portal\\\/#website\",\"url\":\"https:\\\/\\\/itr.ufrrj.br\\\/portal\\\/\",\"name\":\"Campus Tr\u00eas Rios | UFRRJ\",\"description\":\"Localizado na cidade de Tr\u00eas Rios - RJ\",\"publisher\":{\"@id\":\"https:\\\/\\\/itr.ufrrj.br\\\/portal\\\/#organization\"},\"potentialAction\":[{\"@type\":\"SearchAction\",\"target\":{\"@type\":\"EntryPoint\",\"urlTemplate\":\"https:\\\/\\\/itr.ufrrj.br\\\/portal\\\/?s={search_term_string}\"},\"query-input\":{\"@type\":\"PropertyValueSpecification\",\"valueRequired\":true,\"valueName\":\"search_term_string\"}}],\"inLanguage\":\"pt-BR\"},{\"@type\":\"Organization\",\"@id\":\"https:\\\/\\\/itr.ufrrj.br\\\/portal\\\/#organization\",\"name\":\"Instituto Tr\u00eas Rios\\\/UFRRJ\",\"url\":\"https:\\\/\\\/itr.ufrrj.br\\\/portal\\\/\",\"logo\":{\"@type\":\"ImageObject\",\"inLanguage\":\"pt-BR\",\"@id\":\"https:\\\/\\\/itr.ufrrj.br\\\/portal\\\/#\\\/schema\\\/logo\\\/image\\\/\",\"url\":\"https:\\\/\\\/itr.ufrrj.br\\\/portal\\\/wp-content\\\/uploads\\\/2020\\\/04\\\/logo-institutotresrios-ufrrj.png\",\"contentUrl\":\"https:\\\/\\\/itr.ufrrj.br\\\/portal\\\/wp-content\\\/uploads\\\/2020\\\/04\\\/logo-institutotresrios-ufrrj.png\",\"width\":1067,\"height\":240,\"caption\":\"Instituto Tr\u00eas Rios\\\/UFRRJ\"},\"image\":{\"@id\":\"https:\\\/\\\/itr.ufrrj.br\\\/portal\\\/#\\\/schema\\\/logo\\\/image\\\/\"},\"sameAs\":[\"https:\\\/\\\/www.facebook.com\\\/itr.ufrrj\"]}]}<\/script>\n<!-- \/ Yoast SEO plugin. -->","yoast_head_json":{"title":"Se\u00e7\u00e3o de Aquisi\u00e7\u00f5es e Servi\u00e7os - Campus Tr\u00eas Rios | UFRRJ","robots":{"index":"index","follow":"follow","max-snippet":"max-snippet:-1","max-image-preview":"max-image-preview:large","max-video-preview":"max-video-preview:-1"},"canonical":"https:\/\/itr.ufrrj.br\/portal\/secoes\/aquisicoes-e-servicos\/","og_locale":"pt_BR","og_type":"article","og_title":"Aquisi\u00e7\u00f5es e Servi\u00e7os","og_description":"A Se\u00e7\u00e3o de Aquisi\u00e7\u00f5es e Servi\u00e7os \u00e9 respons\u00e1vel pelas solicita\u00e7\u00f5es junto ao DMSA (Departamento de Material e Servi\u00e7os Auxiliares-UFRRJ) no que se refere \u00e0 aquisi\u00e7\u00e3o de materiais, bens permanentes, entre [&hellip;]","og_url":"https:\/\/itr.ufrrj.br\/portal\/secoes\/aquisicoes-e-servicos\/","og_site_name":"Campus Tr\u00eas Rios | UFRRJ","article_publisher":"https:\/\/www.facebook.com\/itr.ufrrj","article_modified_time":"2022-06-15T19:30:10+00:00","twitter_card":"summary_large_image","twitter_misc":{"Est. tempo de leitura":"1 minuto"},"schema":{"@context":"https:\/\/schema.org","@graph":[{"@type":"WebPage","@id":"https:\/\/itr.ufrrj.br\/portal\/secoes\/aquisicoes-e-servicos\/","url":"https:\/\/itr.ufrrj.br\/portal\/secoes\/aquisicoes-e-servicos\/","name":"Se\u00e7\u00e3o de Aquisi\u00e7\u00f5es e Servi\u00e7os - Campus Tr\u00eas Rios | UFRRJ","isPartOf":{"@id":"https:\/\/itr.ufrrj.br\/portal\/#website"},"datePublished":"2016-04-27T17:54:47+00:00","dateModified":"2022-06-15T19:30:10+00:00","breadcrumb":{"@id":"https:\/\/itr.ufrrj.br\/portal\/secoes\/aquisicoes-e-servicos\/#breadcrumb"},"inLanguage":"pt-BR","potentialAction":[{"@type":"ReadAction","target":["https:\/\/itr.ufrrj.br\/portal\/secoes\/aquisicoes-e-servicos\/"]}]},{"@type":"BreadcrumbList","@id":"https:\/\/itr.ufrrj.br\/portal\/secoes\/aquisicoes-e-servicos\/#breadcrumb","itemListElement":[{"@type":"ListItem","position":1,"name":"In\u00edcio","item":"https:\/\/itr.ufrrj.br\/portal\/"},{"@type":"ListItem","position":2,"name":"Se\u00e7\u00f5es","item":"https:\/\/itr.ufrrj.br\/portal\/secoes\/"},{"@type":"ListItem","position":3,"name":"Se\u00e7\u00e3o de Aquisi\u00e7\u00f5es e Servi\u00e7os"}]},{"@type":"WebSite","@id":"https:\/\/itr.ufrrj.br\/portal\/#website","url":"https:\/\/itr.ufrrj.br\/portal\/","name":"Campus Tr\u00eas Rios | UFRRJ","description":"Localizado na cidade de Tr\u00eas Rios - RJ","publisher":{"@id":"https:\/\/itr.ufrrj.br\/portal\/#organization"},"potentialAction":[{"@type":"SearchAction","target":{"@type":"EntryPoint","urlTemplate":"https:\/\/itr.ufrrj.br\/portal\/?s={search_term_string}"},"query-input":{"@type":"PropertyValueSpecification","valueRequired":true,"valueName":"search_term_string"}}],"inLanguage":"pt-BR"},{"@type":"Organization","@id":"https:\/\/itr.ufrrj.br\/portal\/#organization","name":"Instituto Tr\u00eas Rios\/UFRRJ","url":"https:\/\/itr.ufrrj.br\/portal\/","logo":{"@type":"ImageObject","inLanguage":"pt-BR","@id":"https:\/\/itr.ufrrj.br\/portal\/#\/schema\/logo\/image\/","url":"https:\/\/itr.ufrrj.br\/portal\/wp-content\/uploads\/2020\/04\/logo-institutotresrios-ufrrj.png","contentUrl":"https:\/\/itr.ufrrj.br\/portal\/wp-content\/uploads\/2020\/04\/logo-institutotresrios-ufrrj.png","width":1067,"height":240,"caption":"Instituto Tr\u00eas Rios\/UFRRJ"},"image":{"@id":"https:\/\/itr.ufrrj.br\/portal\/#\/schema\/logo\/image\/"},"sameAs":["https:\/\/www.facebook.com\/itr.ufrrj"]}]}},"jetpack_sharing_enabled":true,"amp_enabled":true,"_links":{"self":[{"href":"https:\/\/itr.ufrrj.br\/portal\/wp-json\/wp\/v2\/pages\/3658","targetHints":{"allow":["GET"]}}],"collection":[{"href":"https:\/\/itr.ufrrj.br\/portal\/wp-json\/wp\/v2\/pages"}],"about":[{"href":"https:\/\/itr.ufrrj.br\/portal\/wp-json\/wp\/v2\/types\/page"}],"author":[{"embeddable":true,"href":"https:\/\/itr.ufrrj.br\/portal\/wp-json\/wp\/v2\/users\/4"}],"replies":[{"embeddable":true,"href":"https:\/\/itr.ufrrj.br\/portal\/wp-json\/wp\/v2\/comments?post=3658"}],"version-history":[{"count":13,"href":"https:\/\/itr.ufrrj.br\/portal\/wp-json\/wp\/v2\/pages\/3658\/revisions"}],"predecessor-version":[{"id":13223,"href":"https:\/\/itr.ufrrj.br\/portal\/wp-json\/wp\/v2\/pages\/3658\/revisions\/13223"}],"up":[{"embeddable":true,"href":"https:\/\/itr.ufrrj.br\/portal\/wp-json\/wp\/v2\/pages\/5449"}],"wp:attachment":[{"href":"https:\/\/itr.ufrrj.br\/portal\/wp-json\/wp\/v2\/media?parent=3658"}],"curies":[{"name":"wp","href":"https:\/\/api.w.org\/{rel}","templated":true}]}}