{"id":3651,"date":"2016-04-27T14:52:48","date_gmt":"2016-04-27T17:52:48","guid":{"rendered":"http:\/\/www.itr.ufrrj.br\/portal\/?page_id=3651"},"modified":"2022-06-08T14:07:11","modified_gmt":"2022-06-08T17:07:11","slug":"comunicacao","status":"publish","type":"page","link":"https:\/\/itr.ufrrj.br\/portal\/secoes\/comunicacao\/","title":{"rendered":"Se\u00e7\u00e3o de Comunica\u00e7\u00e3o"},"content":{"rendered":"\n<p>A Se\u00e7\u00e3o de Comunica\u00e7\u00e3o \u00e9 respons\u00e1vel por informar a comunidade em geral e,&nbsp;especialmente, a comunidade acad\u00eamica da UFRRJ, sobre as atividades de ensino,&nbsp;pesquisa e extens\u00e3o desenvolvidas no <em>Campus<\/em> Tr\u00eas Rios da UFRRJ.<\/p>\n\n\n\n<p>Para tanto, alimenta e atualiza os principais ve\u00edculos de comunica\u00e7\u00e3o do ITR\/UFRRJ: <\/p>\n\n\n\n<ul class=\"wp-block-list\"><li>este portal<\/li><li>p\u00e1gina no <a href=\"https:\/\/facebook.com\/UFRRJTresRios\">Facebook<\/a><\/li><li>perfil no <a href=\"https:\/\/instagram.com\/ufrrj.tresrios\">Instagram<\/a><\/li><li>p\u00e1gina no <a href=\"https:\/\/linkedin.com\/company\/11701101\/\">Linkedin<\/a><\/li><\/ul>\n\n\n\n<h2 class=\"wp-block-heading\">Envio de informa\u00e7\u00f5es para divulga\u00e7\u00e3o<\/h2>\n\n\n\n<p>Para enviar informa\u00e7\u00f5es a serem divulgadas em nosso portal e redes sociais, como <strong>not\u00edcias, eventos, editais e atas<\/strong>, <a href=\"https:\/\/itr.ufrrj.br\/portal\/envio-de-informacoes-para-divulgacao-no-portal-do-campus-tres-rios\/\">clique aqui<\/a>.<\/p>\n\n\n\n<h2 class=\"wp-block-heading\">Contato<\/h2>\n\n\n\n<p><a href=\"mailto:secom@ufrrj.br\">secom@ufrrj.br<\/a><\/p>\n","protected":false},"excerpt":{"rendered":"<p>A Se\u00e7\u00e3o de Comunica\u00e7\u00e3o \u00e9 respons\u00e1vel por informar a comunidade em geral e,&nbsp;especialmente, a comunidade acad\u00eamica da UFRRJ, sobre as atividades de ensino,&nbsp;pesquisa e extens\u00e3o desenvolvidas no Campus Tr\u00eas Rios [&hellip;]<\/p>\n","protected":false},"author":4,"featured_media":0,"parent":5449,"menu_order":0,"comment_status":"closed","ping_status":"closed","template":"","meta":{"_acf_changed":false,"editor_plus_copied_stylings":"{}","footnotes":""},"class_list":["post-3651","page","type-page","status-publish","hentry"],"acf":[],"yoast_head":"<!-- This site is optimized with the Yoast SEO plugin v27.3 - https:\/\/yoast.com\/product\/yoast-seo-wordpress\/ -->\n<title>Se\u00e7\u00e3o de Comunica\u00e7\u00e3o - Campus Tr\u00eas Rios | UFRRJ<\/title>\n<meta name=\"robots\" content=\"index, follow, max-snippet:-1, max-image-preview:large, max-video-preview:-1\" \/>\n<link rel=\"canonical\" href=\"https:\/\/itr.ufrrj.br\/portal\/secoes\/comunicacao\/\" \/>\n<meta property=\"og:locale\" content=\"pt_BR\" \/>\n<meta property=\"og:type\" content=\"article\" \/>\n<meta property=\"og:title\" content=\"Se\u00e7\u00e3o de Comunica\u00e7\u00e3o\" \/>\n<meta property=\"og:description\" content=\"A Se\u00e7\u00e3o de Comunica\u00e7\u00e3o \u00e9 respons\u00e1vel por informar a comunidade em geral e,&nbsp;especialmente, a comunidade acad\u00eamica da UFRRJ, sobre as atividades de ensino,&nbsp;pesquisa e extens\u00e3o desenvolvidas no Campus Tr\u00eas Rios [&hellip;]\" \/>\n<meta property=\"og:url\" content=\"https:\/\/itr.ufrrj.br\/portal\/secoes\/comunicacao\/\" \/>\n<meta property=\"og:site_name\" content=\"Campus Tr\u00eas Rios | UFRRJ\" \/>\n<meta property=\"article:publisher\" content=\"https:\/\/www.facebook.com\/itr.ufrrj\" \/>\n<meta property=\"article:modified_time\" content=\"2022-06-08T17:07:11+00:00\" \/>\n<meta name=\"twitter:card\" content=\"summary_large_image\" \/>\n<meta name=\"twitter:label1\" content=\"Est. tempo de leitura\" \/>\n\t<meta name=\"twitter:data1\" content=\"1 minuto\" \/>\n<script type=\"application\/ld+json\" class=\"yoast-schema-graph\">{\"@context\":\"https:\\\/\\\/schema.org\",\"@graph\":[{\"@type\":\"WebPage\",\"@id\":\"https:\\\/\\\/itr.ufrrj.br\\\/portal\\\/secoes\\\/comunicacao\\\/\",\"url\":\"https:\\\/\\\/itr.ufrrj.br\\\/portal\\\/secoes\\\/comunicacao\\\/\",\"name\":\"Se\u00e7\u00e3o de Comunica\u00e7\u00e3o - Campus Tr\u00eas Rios | UFRRJ\",\"isPartOf\":{\"@id\":\"https:\\\/\\\/itr.ufrrj.br\\\/portal\\\/#website\"},\"datePublished\":\"2016-04-27T17:52:48+00:00\",\"dateModified\":\"2022-06-08T17:07:11+00:00\",\"breadcrumb\":{\"@id\":\"https:\\\/\\\/itr.ufrrj.br\\\/portal\\\/secoes\\\/comunicacao\\\/#breadcrumb\"},\"inLanguage\":\"pt-BR\",\"potentialAction\":[{\"@type\":\"ReadAction\",\"target\":[\"https:\\\/\\\/itr.ufrrj.br\\\/portal\\\/secoes\\\/comunicacao\\\/\"]}]},{\"@type\":\"BreadcrumbList\",\"@id\":\"https:\\\/\\\/itr.ufrrj.br\\\/portal\\\/secoes\\\/comunicacao\\\/#breadcrumb\",\"itemListElement\":[{\"@type\":\"ListItem\",\"position\":1,\"name\":\"In\u00edcio\",\"item\":\"https:\\\/\\\/itr.ufrrj.br\\\/portal\\\/\"},{\"@type\":\"ListItem\",\"position\":2,\"name\":\"Se\u00e7\u00f5es\",\"item\":\"https:\\\/\\\/itr.ufrrj.br\\\/portal\\\/secoes\\\/\"},{\"@type\":\"ListItem\",\"position\":3,\"name\":\"Se\u00e7\u00e3o de Comunica\u00e7\u00e3o\"}]},{\"@type\":\"WebSite\",\"@id\":\"https:\\\/\\\/itr.ufrrj.br\\\/portal\\\/#website\",\"url\":\"https:\\\/\\\/itr.ufrrj.br\\\/portal\\\/\",\"name\":\"Campus Tr\u00eas Rios | UFRRJ\",\"description\":\"Localizado na cidade de Tr\u00eas Rios - RJ\",\"publisher\":{\"@id\":\"https:\\\/\\\/itr.ufrrj.br\\\/portal\\\/#organization\"},\"potentialAction\":[{\"@type\":\"SearchAction\",\"target\":{\"@type\":\"EntryPoint\",\"urlTemplate\":\"https:\\\/\\\/itr.ufrrj.br\\\/portal\\\/?s={search_term_string}\"},\"query-input\":{\"@type\":\"PropertyValueSpecification\",\"valueRequired\":true,\"valueName\":\"search_term_string\"}}],\"inLanguage\":\"pt-BR\"},{\"@type\":\"Organization\",\"@id\":\"https:\\\/\\\/itr.ufrrj.br\\\/portal\\\/#organization\",\"name\":\"Instituto Tr\u00eas Rios\\\/UFRRJ\",\"url\":\"https:\\\/\\\/itr.ufrrj.br\\\/portal\\\/\",\"logo\":{\"@type\":\"ImageObject\",\"inLanguage\":\"pt-BR\",\"@id\":\"https:\\\/\\\/itr.ufrrj.br\\\/portal\\\/#\\\/schema\\\/logo\\\/image\\\/\",\"url\":\"https:\\\/\\\/itr.ufrrj.br\\\/portal\\\/wp-content\\\/uploads\\\/2020\\\/04\\\/logo-institutotresrios-ufrrj.png\",\"contentUrl\":\"https:\\\/\\\/itr.ufrrj.br\\\/portal\\\/wp-content\\\/uploads\\\/2020\\\/04\\\/logo-institutotresrios-ufrrj.png\",\"width\":1067,\"height\":240,\"caption\":\"Instituto Tr\u00eas Rios\\\/UFRRJ\"},\"image\":{\"@id\":\"https:\\\/\\\/itr.ufrrj.br\\\/portal\\\/#\\\/schema\\\/logo\\\/image\\\/\"},\"sameAs\":[\"https:\\\/\\\/www.facebook.com\\\/itr.ufrrj\"]}]}<\/script>\n<!-- \/ Yoast SEO plugin. -->","yoast_head_json":{"title":"Se\u00e7\u00e3o de Comunica\u00e7\u00e3o - Campus Tr\u00eas Rios | UFRRJ","robots":{"index":"index","follow":"follow","max-snippet":"max-snippet:-1","max-image-preview":"max-image-preview:large","max-video-preview":"max-video-preview:-1"},"canonical":"https:\/\/itr.ufrrj.br\/portal\/secoes\/comunicacao\/","og_locale":"pt_BR","og_type":"article","og_title":"Se\u00e7\u00e3o de Comunica\u00e7\u00e3o","og_description":"A Se\u00e7\u00e3o de Comunica\u00e7\u00e3o \u00e9 respons\u00e1vel por informar a comunidade em geral e,&nbsp;especialmente, a comunidade acad\u00eamica da UFRRJ, sobre as atividades de ensino,&nbsp;pesquisa e extens\u00e3o desenvolvidas no Campus Tr\u00eas Rios [&hellip;]","og_url":"https:\/\/itr.ufrrj.br\/portal\/secoes\/comunicacao\/","og_site_name":"Campus Tr\u00eas Rios | UFRRJ","article_publisher":"https:\/\/www.facebook.com\/itr.ufrrj","article_modified_time":"2022-06-08T17:07:11+00:00","twitter_card":"summary_large_image","twitter_misc":{"Est. tempo de leitura":"1 minuto"},"schema":{"@context":"https:\/\/schema.org","@graph":[{"@type":"WebPage","@id":"https:\/\/itr.ufrrj.br\/portal\/secoes\/comunicacao\/","url":"https:\/\/itr.ufrrj.br\/portal\/secoes\/comunicacao\/","name":"Se\u00e7\u00e3o de Comunica\u00e7\u00e3o - Campus Tr\u00eas Rios | UFRRJ","isPartOf":{"@id":"https:\/\/itr.ufrrj.br\/portal\/#website"},"datePublished":"2016-04-27T17:52:48+00:00","dateModified":"2022-06-08T17:07:11+00:00","breadcrumb":{"@id":"https:\/\/itr.ufrrj.br\/portal\/secoes\/comunicacao\/#breadcrumb"},"inLanguage":"pt-BR","potentialAction":[{"@type":"ReadAction","target":["https:\/\/itr.ufrrj.br\/portal\/secoes\/comunicacao\/"]}]},{"@type":"BreadcrumbList","@id":"https:\/\/itr.ufrrj.br\/portal\/secoes\/comunicacao\/#breadcrumb","itemListElement":[{"@type":"ListItem","position":1,"name":"In\u00edcio","item":"https:\/\/itr.ufrrj.br\/portal\/"},{"@type":"ListItem","position":2,"name":"Se\u00e7\u00f5es","item":"https:\/\/itr.ufrrj.br\/portal\/secoes\/"},{"@type":"ListItem","position":3,"name":"Se\u00e7\u00e3o de Comunica\u00e7\u00e3o"}]},{"@type":"WebSite","@id":"https:\/\/itr.ufrrj.br\/portal\/#website","url":"https:\/\/itr.ufrrj.br\/portal\/","name":"Campus Tr\u00eas Rios | UFRRJ","description":"Localizado na cidade de Tr\u00eas Rios - RJ","publisher":{"@id":"https:\/\/itr.ufrrj.br\/portal\/#organization"},"potentialAction":[{"@type":"SearchAction","target":{"@type":"EntryPoint","urlTemplate":"https:\/\/itr.ufrrj.br\/portal\/?s={search_term_string}"},"query-input":{"@type":"PropertyValueSpecification","valueRequired":true,"valueName":"search_term_string"}}],"inLanguage":"pt-BR"},{"@type":"Organization","@id":"https:\/\/itr.ufrrj.br\/portal\/#organization","name":"Instituto Tr\u00eas Rios\/UFRRJ","url":"https:\/\/itr.ufrrj.br\/portal\/","logo":{"@type":"ImageObject","inLanguage":"pt-BR","@id":"https:\/\/itr.ufrrj.br\/portal\/#\/schema\/logo\/image\/","url":"https:\/\/itr.ufrrj.br\/portal\/wp-content\/uploads\/2020\/04\/logo-institutotresrios-ufrrj.png","contentUrl":"https:\/\/itr.ufrrj.br\/portal\/wp-content\/uploads\/2020\/04\/logo-institutotresrios-ufrrj.png","width":1067,"height":240,"caption":"Instituto Tr\u00eas Rios\/UFRRJ"},"image":{"@id":"https:\/\/itr.ufrrj.br\/portal\/#\/schema\/logo\/image\/"},"sameAs":["https:\/\/www.facebook.com\/itr.ufrrj"]}]}},"jetpack_sharing_enabled":true,"amp_enabled":true,"_links":{"self":[{"href":"https:\/\/itr.ufrrj.br\/portal\/wp-json\/wp\/v2\/pages\/3651","targetHints":{"allow":["GET"]}}],"collection":[{"href":"https:\/\/itr.ufrrj.br\/portal\/wp-json\/wp\/v2\/pages"}],"about":[{"href":"https:\/\/itr.ufrrj.br\/portal\/wp-json\/wp\/v2\/types\/page"}],"author":[{"embeddable":true,"href":"https:\/\/itr.ufrrj.br\/portal\/wp-json\/wp\/v2\/users\/4"}],"replies":[{"embeddable":true,"href":"https:\/\/itr.ufrrj.br\/portal\/wp-json\/wp\/v2\/comments?post=3651"}],"version-history":[{"count":14,"href":"https:\/\/itr.ufrrj.br\/portal\/wp-json\/wp\/v2\/pages\/3651\/revisions"}],"predecessor-version":[{"id":13130,"href":"https:\/\/itr.ufrrj.br\/portal\/wp-json\/wp\/v2\/pages\/3651\/revisions\/13130"}],"up":[{"embeddable":true,"href":"https:\/\/itr.ufrrj.br\/portal\/wp-json\/wp\/v2\/pages\/5449"}],"wp:attachment":[{"href":"https:\/\/itr.ufrrj.br\/portal\/wp-json\/wp\/v2\/media?parent=3651"}],"curies":[{"name":"wp","href":"https:\/\/api.w.org\/{rel}","templated":true}]}}