{"id":3646,"date":"2016-04-27T14:51:24","date_gmt":"2016-04-27T17:51:24","guid":{"rendered":"http:\/\/www.itr.ufrrj.br\/portal\/?page_id=3646"},"modified":"2023-05-30T16:43:39","modified_gmt":"2023-05-30T19:43:39","slug":"setrans","status":"publish","type":"page","link":"https:\/\/itr.ufrrj.br\/portal\/secoes\/setrans\/","title":{"rendered":"Se\u00e7\u00e3o de Transporte"},"content":{"rendered":"\n<p>A Se\u00e7\u00e3o de Transporte \u00e9 respons\u00e1vel pela programa\u00e7\u00e3o, coordena\u00e7\u00e3o e execu\u00e7\u00e3o dos servi\u00e7os de transporte de servidores e estudantes no <em>Campus<\/em> Tr\u00eas Rios da UFRRJ . Al\u00e9m disso, gerencia o consumo de combust\u00edvel dos carros oficiais por quil\u00f4metro; realiza a manuten\u00e7\u00e3o preventiva da frota; e fiscaliza a documenta\u00e7\u00e3o de ve\u00edculos e motoristas.<\/p>\n\n\n\n<h2 class=\"wp-block-heading\">Contato<\/h2>\n\n\n\n<p>Respons\u00e1vel:<br><strong>Victor Okuyama Lavinas<\/strong><\/p>\n\n\n\n<p>Telefone:<br><strong>(21) 2681-4924<\/strong><\/p>\n\n\n\n<p>Email:<br><strong><a href=\"mailto:victor.itr@ufrrj.br\">victor.itr@ufrrj.br<\/a><\/strong><\/p>\n\n\n\n<hr class=\"wp-block-separator has-alpha-channel-opacity\"\/>\n\n\n\n<h2 class=\"wp-block-heading\"><strong>Documentos:<\/strong><\/h2>\n\n\n\n<div class=\"wp-block-file\"><a id=\"wp-block-file--media-4a479f6c-2931-4741-9c02-26b5df77fc3a\" href=\"https:\/\/itr.ufrrj.br\/portal\/wp-content\/uploads\/2022\/07\/Formulario-PEDIDO-DE-CONCESSAO-DE-DIARIAS-E-OU-PASSAGENS-Tipo-1-SERVIDOR3.doc\">Pedido de concess\u00e3o de di\u00e1rias e\/ou passagens TIPO 1 &#8211; Servidor<\/a><a href=\"https:\/\/itr.ufrrj.br\/portal\/wp-content\/uploads\/2022\/07\/Formulario-PEDIDO-DE-CONCESSAO-DE-DIARIAS-E-OU-PASSAGENS-Tipo-1-SERVIDOR3.doc\" class=\"wp-block-file__button wp-element-button\" download aria-describedby=\"wp-block-file--media-4a479f6c-2931-4741-9c02-26b5df77fc3a\">Baixar<\/a><\/div>\n\n\n\n<div class=\"wp-block-file\"><a id=\"wp-block-file--media-f7f33874-c6a3-4d12-8d4b-2003f5f8224a\" href=\"https:\/\/itr.ufrrj.br\/portal\/wp-content\/uploads\/2022\/07\/Formulario-PEDIDO-DE-CONCESSAO-DE-DIARIAS-E-OU-PASSAGENS-Tipo-2-SERVIDOR-CONVIDADO3.doc\">Pedido de concess\u00e3o de di\u00e1rias e\/ou passagens TIPO 2 &#8211; Servidor Convidado<\/a><a href=\"https:\/\/itr.ufrrj.br\/portal\/wp-content\/uploads\/2022\/07\/Formulario-PEDIDO-DE-CONCESSAO-DE-DIARIAS-E-OU-PASSAGENS-Tipo-2-SERVIDOR-CONVIDADO3.doc\" class=\"wp-block-file__button wp-element-button\" download aria-describedby=\"wp-block-file--media-f7f33874-c6a3-4d12-8d4b-2003f5f8224a\">Baixar<\/a><\/div>\n\n\n\n<div class=\"wp-block-file\"><a id=\"wp-block-file--media-90798270-351b-4a5e-b374-f1f7d545feba\" href=\"https:\/\/itr.ufrrj.br\/portal\/wp-content\/uploads\/2022\/07\/Formulario-PEDIDO-DE-CONCESSAO-DE-DIARIAS-E-OU-PASSAGENS-Tipo-3-SERVIDOR-DE-OUTRO-PODER-OU-ESFERA4.doc\">Pedido de concess\u00e3o de di\u00e1rias e\/ou passagens TIPO 3 &#8211; Servidor de outro poder ou esfera<\/a><a href=\"https:\/\/itr.ufrrj.br\/portal\/wp-content\/uploads\/2022\/07\/Formulario-PEDIDO-DE-CONCESSAO-DE-DIARIAS-E-OU-PASSAGENS-Tipo-3-SERVIDOR-DE-OUTRO-PODER-OU-ESFERA4.doc\" class=\"wp-block-file__button wp-element-button\" download aria-describedby=\"wp-block-file--media-90798270-351b-4a5e-b374-f1f7d545feba\">Baixar<\/a><\/div>\n\n\n\n<div class=\"wp-block-file\"><a id=\"wp-block-file--media-5eece5bc-6afb-4a60-8302-4a5fe4df9a16\" href=\"https:\/\/itr.ufrrj.br\/portal\/wp-content\/uploads\/2022\/07\/Formulario-PEDIDO-DE-CONCESSAO-DE-DIARIAS-E-OU-PASSAGENS-Tipo-4-NAO-SERVIDOR4.doc\">Pedido de concess\u00e3o de di\u00e1rias e\/ou passagens TIPO 4 &#8211; N\u00e3o-Servidor<\/a><a href=\"https:\/\/itr.ufrrj.br\/portal\/wp-content\/uploads\/2022\/07\/Formulario-PEDIDO-DE-CONCESSAO-DE-DIARIAS-E-OU-PASSAGENS-Tipo-4-NAO-SERVIDOR4.doc\" class=\"wp-block-file__button wp-element-button\" download aria-describedby=\"wp-block-file--media-5eece5bc-6afb-4a60-8302-4a5fe4df9a16\">Baixar<\/a><\/div>\n\n\n\n<div class=\"wp-block-file\"><a id=\"wp-block-file--media-e527da4f-a4c7-411a-9396-53219b626fcc\" href=\"https:\/\/itr.ufrrj.br\/portal\/wp-content\/uploads\/2022\/07\/RELATORIO-DE-VIAGEM2.doc\">Relat\u00f3rio de Viagem<\/a><a href=\"https:\/\/itr.ufrrj.br\/portal\/wp-content\/uploads\/2022\/07\/RELATORIO-DE-VIAGEM2.doc\" class=\"wp-block-file__button wp-element-button\" download aria-describedby=\"wp-block-file--media-e527da4f-a4c7-411a-9396-53219b626fcc\">Baixar<\/a><\/div>\n\n\n\n<hr class=\"wp-block-separator has-alpha-channel-opacity\"\/>\n\n\n\n<h2 class=\"wp-block-heading\">Links \u00fateis:<\/h2>\n\n\n\n<ul class=\"wp-block-list\">\n<li><a href=\"https:\/\/itr.ufrrj.br\/portal\/solicitacao-de-agendamento-de-transporte-para-viagem-oficial\/\">Solicitar transporte<\/a><\/li>\n\n\n\n<li><a href=\"https:\/\/www.itr.ufrrj.br\/portal\/wp-content\/uploads\/2018\/04\/regulamento-setrans.pdf\">Normatiza\u00e7\u00e3o da SETRANS<\/a><\/li>\n<\/ul>\n","protected":false},"excerpt":{"rendered":"<p>A Se\u00e7\u00e3o de Transporte \u00e9 respons\u00e1vel pela programa\u00e7\u00e3o, coordena\u00e7\u00e3o e execu\u00e7\u00e3o dos servi\u00e7os de transporte de servidores e estudantes no Campus Tr\u00eas Rios da UFRRJ . Al\u00e9m disso, gerencia o [&hellip;]<\/p>\n","protected":false},"author":4,"featured_media":0,"parent":5449,"menu_order":0,"comment_status":"closed","ping_status":"closed","template":"","meta":{"_acf_changed":false,"editor_plus_copied_stylings":"{}","footnotes":""},"class_list":["post-3646","page","type-page","status-publish","hentry"],"acf":[],"yoast_head":"<!-- This site is optimized with the Yoast SEO plugin v27.3 - https:\/\/yoast.com\/product\/yoast-seo-wordpress\/ -->\n<title>Se\u00e7\u00e3o de Transporte - Campus Tr\u00eas Rios | UFRRJ<\/title>\n<meta name=\"robots\" content=\"index, follow, max-snippet:-1, max-image-preview:large, max-video-preview:-1\" \/>\n<link rel=\"canonical\" href=\"https:\/\/itr.ufrrj.br\/portal\/secoes\/setrans\/\" \/>\n<meta property=\"og:locale\" content=\"pt_BR\" \/>\n<meta property=\"og:type\" content=\"article\" \/>\n<meta property=\"og:title\" content=\"Se\u00e7\u00e3o de Transporte\" \/>\n<meta property=\"og:description\" content=\"A Se\u00e7\u00e3o de Transporte \u00e9 respons\u00e1vel pela programa\u00e7\u00e3o, coordena\u00e7\u00e3o e execu\u00e7\u00e3o dos servi\u00e7os de transporte de servidores e estudantes no Campus Tr\u00eas Rios da UFRRJ . Al\u00e9m disso, gerencia o [&hellip;]\" \/>\n<meta property=\"og:url\" content=\"https:\/\/itr.ufrrj.br\/portal\/secoes\/setrans\/\" \/>\n<meta property=\"og:site_name\" content=\"Campus Tr\u00eas Rios | UFRRJ\" \/>\n<meta property=\"article:publisher\" content=\"https:\/\/www.facebook.com\/itr.ufrrj\" \/>\n<meta property=\"article:modified_time\" content=\"2023-05-30T19:43:39+00:00\" \/>\n<meta name=\"twitter:card\" content=\"summary_large_image\" \/>\n<meta name=\"twitter:label1\" content=\"Est. tempo de leitura\" \/>\n\t<meta name=\"twitter:data1\" content=\"1 minuto\" \/>\n<script type=\"application\/ld+json\" class=\"yoast-schema-graph\">{\"@context\":\"https:\\\/\\\/schema.org\",\"@graph\":[{\"@type\":\"WebPage\",\"@id\":\"https:\\\/\\\/itr.ufrrj.br\\\/portal\\\/secoes\\\/setrans\\\/\",\"url\":\"https:\\\/\\\/itr.ufrrj.br\\\/portal\\\/secoes\\\/setrans\\\/\",\"name\":\"Se\u00e7\u00e3o de Transporte - Campus Tr\u00eas Rios | UFRRJ\",\"isPartOf\":{\"@id\":\"https:\\\/\\\/itr.ufrrj.br\\\/portal\\\/#website\"},\"datePublished\":\"2016-04-27T17:51:24+00:00\",\"dateModified\":\"2023-05-30T19:43:39+00:00\",\"breadcrumb\":{\"@id\":\"https:\\\/\\\/itr.ufrrj.br\\\/portal\\\/secoes\\\/setrans\\\/#breadcrumb\"},\"inLanguage\":\"pt-BR\",\"potentialAction\":[{\"@type\":\"ReadAction\",\"target\":[\"https:\\\/\\\/itr.ufrrj.br\\\/portal\\\/secoes\\\/setrans\\\/\"]}]},{\"@type\":\"BreadcrumbList\",\"@id\":\"https:\\\/\\\/itr.ufrrj.br\\\/portal\\\/secoes\\\/setrans\\\/#breadcrumb\",\"itemListElement\":[{\"@type\":\"ListItem\",\"position\":1,\"name\":\"In\u00edcio\",\"item\":\"https:\\\/\\\/itr.ufrrj.br\\\/portal\\\/\"},{\"@type\":\"ListItem\",\"position\":2,\"name\":\"Se\u00e7\u00f5es\",\"item\":\"https:\\\/\\\/itr.ufrrj.br\\\/portal\\\/secoes\\\/\"},{\"@type\":\"ListItem\",\"position\":3,\"name\":\"Se\u00e7\u00e3o de Transporte\"}]},{\"@type\":\"WebSite\",\"@id\":\"https:\\\/\\\/itr.ufrrj.br\\\/portal\\\/#website\",\"url\":\"https:\\\/\\\/itr.ufrrj.br\\\/portal\\\/\",\"name\":\"Campus Tr\u00eas Rios | UFRRJ\",\"description\":\"Localizado na cidade de Tr\u00eas Rios - RJ\",\"publisher\":{\"@id\":\"https:\\\/\\\/itr.ufrrj.br\\\/portal\\\/#organization\"},\"potentialAction\":[{\"@type\":\"SearchAction\",\"target\":{\"@type\":\"EntryPoint\",\"urlTemplate\":\"https:\\\/\\\/itr.ufrrj.br\\\/portal\\\/?s={search_term_string}\"},\"query-input\":{\"@type\":\"PropertyValueSpecification\",\"valueRequired\":true,\"valueName\":\"search_term_string\"}}],\"inLanguage\":\"pt-BR\"},{\"@type\":\"Organization\",\"@id\":\"https:\\\/\\\/itr.ufrrj.br\\\/portal\\\/#organization\",\"name\":\"Instituto Tr\u00eas Rios\\\/UFRRJ\",\"url\":\"https:\\\/\\\/itr.ufrrj.br\\\/portal\\\/\",\"logo\":{\"@type\":\"ImageObject\",\"inLanguage\":\"pt-BR\",\"@id\":\"https:\\\/\\\/itr.ufrrj.br\\\/portal\\\/#\\\/schema\\\/logo\\\/image\\\/\",\"url\":\"https:\\\/\\\/itr.ufrrj.br\\\/portal\\\/wp-content\\\/uploads\\\/2020\\\/04\\\/logo-institutotresrios-ufrrj.png\",\"contentUrl\":\"https:\\\/\\\/itr.ufrrj.br\\\/portal\\\/wp-content\\\/uploads\\\/2020\\\/04\\\/logo-institutotresrios-ufrrj.png\",\"width\":1067,\"height\":240,\"caption\":\"Instituto Tr\u00eas Rios\\\/UFRRJ\"},\"image\":{\"@id\":\"https:\\\/\\\/itr.ufrrj.br\\\/portal\\\/#\\\/schema\\\/logo\\\/image\\\/\"},\"sameAs\":[\"https:\\\/\\\/www.facebook.com\\\/itr.ufrrj\"]}]}<\/script>\n<!-- \/ Yoast SEO plugin. -->","yoast_head_json":{"title":"Se\u00e7\u00e3o de Transporte - Campus Tr\u00eas Rios | UFRRJ","robots":{"index":"index","follow":"follow","max-snippet":"max-snippet:-1","max-image-preview":"max-image-preview:large","max-video-preview":"max-video-preview:-1"},"canonical":"https:\/\/itr.ufrrj.br\/portal\/secoes\/setrans\/","og_locale":"pt_BR","og_type":"article","og_title":"Se\u00e7\u00e3o de Transporte","og_description":"A Se\u00e7\u00e3o de Transporte \u00e9 respons\u00e1vel pela programa\u00e7\u00e3o, coordena\u00e7\u00e3o e execu\u00e7\u00e3o dos servi\u00e7os de transporte de servidores e estudantes no Campus Tr\u00eas Rios da UFRRJ . Al\u00e9m disso, gerencia o [&hellip;]","og_url":"https:\/\/itr.ufrrj.br\/portal\/secoes\/setrans\/","og_site_name":"Campus Tr\u00eas Rios | UFRRJ","article_publisher":"https:\/\/www.facebook.com\/itr.ufrrj","article_modified_time":"2023-05-30T19:43:39+00:00","twitter_card":"summary_large_image","twitter_misc":{"Est. tempo de leitura":"1 minuto"},"schema":{"@context":"https:\/\/schema.org","@graph":[{"@type":"WebPage","@id":"https:\/\/itr.ufrrj.br\/portal\/secoes\/setrans\/","url":"https:\/\/itr.ufrrj.br\/portal\/secoes\/setrans\/","name":"Se\u00e7\u00e3o de Transporte - Campus Tr\u00eas Rios | UFRRJ","isPartOf":{"@id":"https:\/\/itr.ufrrj.br\/portal\/#website"},"datePublished":"2016-04-27T17:51:24+00:00","dateModified":"2023-05-30T19:43:39+00:00","breadcrumb":{"@id":"https:\/\/itr.ufrrj.br\/portal\/secoes\/setrans\/#breadcrumb"},"inLanguage":"pt-BR","potentialAction":[{"@type":"ReadAction","target":["https:\/\/itr.ufrrj.br\/portal\/secoes\/setrans\/"]}]},{"@type":"BreadcrumbList","@id":"https:\/\/itr.ufrrj.br\/portal\/secoes\/setrans\/#breadcrumb","itemListElement":[{"@type":"ListItem","position":1,"name":"In\u00edcio","item":"https:\/\/itr.ufrrj.br\/portal\/"},{"@type":"ListItem","position":2,"name":"Se\u00e7\u00f5es","item":"https:\/\/itr.ufrrj.br\/portal\/secoes\/"},{"@type":"ListItem","position":3,"name":"Se\u00e7\u00e3o de Transporte"}]},{"@type":"WebSite","@id":"https:\/\/itr.ufrrj.br\/portal\/#website","url":"https:\/\/itr.ufrrj.br\/portal\/","name":"Campus Tr\u00eas Rios | UFRRJ","description":"Localizado na cidade de Tr\u00eas Rios - RJ","publisher":{"@id":"https:\/\/itr.ufrrj.br\/portal\/#organization"},"potentialAction":[{"@type":"SearchAction","target":{"@type":"EntryPoint","urlTemplate":"https:\/\/itr.ufrrj.br\/portal\/?s={search_term_string}"},"query-input":{"@type":"PropertyValueSpecification","valueRequired":true,"valueName":"search_term_string"}}],"inLanguage":"pt-BR"},{"@type":"Organization","@id":"https:\/\/itr.ufrrj.br\/portal\/#organization","name":"Instituto Tr\u00eas Rios\/UFRRJ","url":"https:\/\/itr.ufrrj.br\/portal\/","logo":{"@type":"ImageObject","inLanguage":"pt-BR","@id":"https:\/\/itr.ufrrj.br\/portal\/#\/schema\/logo\/image\/","url":"https:\/\/itr.ufrrj.br\/portal\/wp-content\/uploads\/2020\/04\/logo-institutotresrios-ufrrj.png","contentUrl":"https:\/\/itr.ufrrj.br\/portal\/wp-content\/uploads\/2020\/04\/logo-institutotresrios-ufrrj.png","width":1067,"height":240,"caption":"Instituto Tr\u00eas Rios\/UFRRJ"},"image":{"@id":"https:\/\/itr.ufrrj.br\/portal\/#\/schema\/logo\/image\/"},"sameAs":["https:\/\/www.facebook.com\/itr.ufrrj"]}]}},"jetpack_sharing_enabled":true,"amp_enabled":true,"_links":{"self":[{"href":"https:\/\/itr.ufrrj.br\/portal\/wp-json\/wp\/v2\/pages\/3646","targetHints":{"allow":["GET"]}}],"collection":[{"href":"https:\/\/itr.ufrrj.br\/portal\/wp-json\/wp\/v2\/pages"}],"about":[{"href":"https:\/\/itr.ufrrj.br\/portal\/wp-json\/wp\/v2\/types\/page"}],"author":[{"embeddable":true,"href":"https:\/\/itr.ufrrj.br\/portal\/wp-json\/wp\/v2\/users\/4"}],"replies":[{"embeddable":true,"href":"https:\/\/itr.ufrrj.br\/portal\/wp-json\/wp\/v2\/comments?post=3646"}],"version-history":[{"count":20,"href":"https:\/\/itr.ufrrj.br\/portal\/wp-json\/wp\/v2\/pages\/3646\/revisions"}],"predecessor-version":[{"id":17960,"href":"https:\/\/itr.ufrrj.br\/portal\/wp-json\/wp\/v2\/pages\/3646\/revisions\/17960"}],"up":[{"embeddable":true,"href":"https:\/\/itr.ufrrj.br\/portal\/wp-json\/wp\/v2\/pages\/5449"}],"wp:attachment":[{"href":"https:\/\/itr.ufrrj.br\/portal\/wp-json\/wp\/v2\/media?parent=3646"}],"curies":[{"name":"wp","href":"https:\/\/api.w.org\/{rel}","templated":true}]}}