{"id":34,"date":"2011-02-28T13:29:02","date_gmt":"2011-02-28T16:29:02","guid":{"rendered":"http:\/\/r1.ufrrj.br\/wp\/itr\/"},"modified":"2022-06-15T10:24:49","modified_gmt":"2022-06-15T13:24:49","slug":"dcas","status":"publish","type":"page","link":"https:\/\/itr.ufrrj.br\/portal\/departamentos\/dcas\/","title":{"rendered":"DCAS"},"content":{"rendered":"<p style=\"text-align: justify;\">O <strong>Departamento de Ci\u00eancias Administrativas e Sociais (DCAS)<\/strong> \u00e9 a unidade do Instituto Tr\u00eas Rios da UFRRJ respons\u00e1vel pelo ensino, pesquisa e atividades de extens\u00e3o relacionados \u00e0s \u00e1reas de Administra\u00e7\u00e3o e Ci\u00eancias Sociais.&nbsp; O DCAS \u00e9 composto por 17 docentes efetivos e 1 substituto, al\u00e9m de um servidor t\u00e9cnico-administrativo.<\/p>\n<p style=\"text-align: justify;\">Nas atividades de ensino, o DCAS ministra disciplinas, principalmente, no Curso de Administra\u00e7\u00e3o, mas atua tamb\u00e9m nas demais gradua\u00e7\u00f5es do ITR\/UFRRJ: Ci\u00eancias Econ\u00f4micas, Direito e Gest\u00e3o Ambiental.<\/p>\n<p><!--\n\n\n<h2>Departamento de Ci\u00eancias Administrativas e Sociais (DCAS)<\/h2>\n\n\nChefia: Profa. Dra. Maria Cristina Drumond e Castro\ne-mail: <strong><a href=\"mailto:cristinadrumond2010@gmail.com\">cristinadrumond2010@gmail.com<\/a><\/strong>\n\nSecret\u00e1rio: Lucas Esteves Mendes\ne-mail: <strong><a href=\"mailto:lucas.esteves.mendes@hotmail.com\">lucas.esteves.mendes@hotmail.com<\/a><\/strong>\n\n\n<h2><\/h2>\n\n\n--><\/p>\n","protected":false},"excerpt":{"rendered":"<p>O Departamento de Ci\u00eancias Administrativas e Sociais (DCAS) \u00e9 a unidade do Instituto Tr\u00eas Rios da UFRRJ respons\u00e1vel pelo ensino, pesquisa e atividades de extens\u00e3o relacionados \u00e0s \u00e1reas de Administra\u00e7\u00e3o [&hellip;]<\/p>\n","protected":false},"author":1,"featured_media":3982,"parent":19,"menu_order":3,"comment_status":"open","ping_status":"open","template":"page-cursos.php","meta":{"_acf_changed":false,"editor_plus_copied_stylings":"{}","footnotes":""},"class_list":["post-34","page","type-page","status-publish","has-post-thumbnail","hentry"],"acf":[],"yoast_head":"<!-- This site is optimized with the Yoast SEO plugin v27.3 - https:\/\/yoast.com\/product\/yoast-seo-wordpress\/ -->\n<title>DCAS - Campus Tr\u00eas Rios | UFRRJ<\/title>\n<meta name=\"robots\" content=\"index, follow, max-snippet:-1, max-image-preview:large, max-video-preview:-1\" \/>\n<link rel=\"canonical\" href=\"https:\/\/itr.ufrrj.br\/portal\/departamentos\/dcas\/\" \/>\n<meta property=\"og:locale\" content=\"pt_BR\" \/>\n<meta property=\"og:type\" content=\"article\" \/>\n<meta property=\"og:title\" content=\"DCAS - Campus Tr\u00eas Rios | UFRRJ\" \/>\n<meta property=\"og:description\" content=\"O Departamento de Ci\u00eancias Administrativas e Sociais (DCAS) \u00e9 a unidade do Instituto Tr\u00eas Rios da UFRRJ respons\u00e1vel pelo ensino, pesquisa e atividades de extens\u00e3o relacionados \u00e0s \u00e1reas de Administra\u00e7\u00e3o [&hellip;]\" \/>\n<meta property=\"og:url\" content=\"https:\/\/itr.ufrrj.br\/portal\/departamentos\/dcas\/\" \/>\n<meta property=\"og:site_name\" content=\"Campus Tr\u00eas Rios | UFRRJ\" \/>\n<meta property=\"article:publisher\" content=\"https:\/\/www.facebook.com\/itr.ufrrj\" \/>\n<meta property=\"article:modified_time\" content=\"2022-06-15T13:24:49+00:00\" \/>\n<meta property=\"og:image\" content=\"https:\/\/itr.ufrrj.br\/portal\/wp-content\/uploads\/2011\/02\/topo-dcas.jpg\" \/>\n\t<meta property=\"og:image:width\" content=\"1200\" \/>\n\t<meta property=\"og:image:height\" content=\"250\" \/>\n\t<meta property=\"og:image:type\" content=\"image\/jpeg\" \/>\n<meta name=\"twitter:card\" content=\"summary_large_image\" \/>\n<meta name=\"twitter:label1\" content=\"Est. tempo de leitura\" \/>\n\t<meta name=\"twitter:data1\" content=\"1 minuto\" \/>\n<script type=\"application\/ld+json\" class=\"yoast-schema-graph\">{\"@context\":\"https:\\\/\\\/schema.org\",\"@graph\":[{\"@type\":\"WebPage\",\"@id\":\"https:\\\/\\\/itr.ufrrj.br\\\/portal\\\/departamentos\\\/dcas\\\/\",\"url\":\"https:\\\/\\\/itr.ufrrj.br\\\/portal\\\/departamentos\\\/dcas\\\/\",\"name\":\"DCAS - Campus Tr\u00eas Rios | UFRRJ\",\"isPartOf\":{\"@id\":\"https:\\\/\\\/itr.ufrrj.br\\\/portal\\\/#website\"},\"primaryImageOfPage\":{\"@id\":\"https:\\\/\\\/itr.ufrrj.br\\\/portal\\\/departamentos\\\/dcas\\\/#primaryimage\"},\"image\":{\"@id\":\"https:\\\/\\\/itr.ufrrj.br\\\/portal\\\/departamentos\\\/dcas\\\/#primaryimage\"},\"thumbnailUrl\":\"https:\\\/\\\/itr.ufrrj.br\\\/portal\\\/wp-content\\\/uploads\\\/2011\\\/02\\\/topo-dcas.jpg\",\"datePublished\":\"2011-02-28T16:29:02+00:00\",\"dateModified\":\"2022-06-15T13:24:49+00:00\",\"breadcrumb\":{\"@id\":\"https:\\\/\\\/itr.ufrrj.br\\\/portal\\\/departamentos\\\/dcas\\\/#breadcrumb\"},\"inLanguage\":\"pt-BR\",\"potentialAction\":[{\"@type\":\"ReadAction\",\"target\":[\"https:\\\/\\\/itr.ufrrj.br\\\/portal\\\/departamentos\\\/dcas\\\/\"]}]},{\"@type\":\"ImageObject\",\"inLanguage\":\"pt-BR\",\"@id\":\"https:\\\/\\\/itr.ufrrj.br\\\/portal\\\/departamentos\\\/dcas\\\/#primaryimage\",\"url\":\"https:\\\/\\\/itr.ufrrj.br\\\/portal\\\/wp-content\\\/uploads\\\/2011\\\/02\\\/topo-dcas.jpg\",\"contentUrl\":\"https:\\\/\\\/itr.ufrrj.br\\\/portal\\\/wp-content\\\/uploads\\\/2011\\\/02\\\/topo-dcas.jpg\",\"width\":1200,\"height\":250,\"caption\":\"DCAS - ITR UFRRJ\"},{\"@type\":\"BreadcrumbList\",\"@id\":\"https:\\\/\\\/itr.ufrrj.br\\\/portal\\\/departamentos\\\/dcas\\\/#breadcrumb\",\"itemListElement\":[{\"@type\":\"ListItem\",\"position\":1,\"name\":\"In\u00edcio\",\"item\":\"https:\\\/\\\/itr.ufrrj.br\\\/portal\\\/\"},{\"@type\":\"ListItem\",\"position\":2,\"name\":\"Departamentos\",\"item\":\"https:\\\/\\\/itr.ufrrj.br\\\/portal\\\/departamentos\\\/\"},{\"@type\":\"ListItem\",\"position\":3,\"name\":\"DCAS\"}]},{\"@type\":\"WebSite\",\"@id\":\"https:\\\/\\\/itr.ufrrj.br\\\/portal\\\/#website\",\"url\":\"https:\\\/\\\/itr.ufrrj.br\\\/portal\\\/\",\"name\":\"Campus Tr\u00eas Rios | UFRRJ\",\"description\":\"Localizado na cidade de Tr\u00eas Rios - RJ\",\"publisher\":{\"@id\":\"https:\\\/\\\/itr.ufrrj.br\\\/portal\\\/#organization\"},\"potentialAction\":[{\"@type\":\"SearchAction\",\"target\":{\"@type\":\"EntryPoint\",\"urlTemplate\":\"https:\\\/\\\/itr.ufrrj.br\\\/portal\\\/?s={search_term_string}\"},\"query-input\":{\"@type\":\"PropertyValueSpecification\",\"valueRequired\":true,\"valueName\":\"search_term_string\"}}],\"inLanguage\":\"pt-BR\"},{\"@type\":\"Organization\",\"@id\":\"https:\\\/\\\/itr.ufrrj.br\\\/portal\\\/#organization\",\"name\":\"Instituto Tr\u00eas Rios\\\/UFRRJ\",\"url\":\"https:\\\/\\\/itr.ufrrj.br\\\/portal\\\/\",\"logo\":{\"@type\":\"ImageObject\",\"inLanguage\":\"pt-BR\",\"@id\":\"https:\\\/\\\/itr.ufrrj.br\\\/portal\\\/#\\\/schema\\\/logo\\\/image\\\/\",\"url\":\"https:\\\/\\\/itr.ufrrj.br\\\/portal\\\/wp-content\\\/uploads\\\/2020\\\/04\\\/logo-institutotresrios-ufrrj.png\",\"contentUrl\":\"https:\\\/\\\/itr.ufrrj.br\\\/portal\\\/wp-content\\\/uploads\\\/2020\\\/04\\\/logo-institutotresrios-ufrrj.png\",\"width\":1067,\"height\":240,\"caption\":\"Instituto Tr\u00eas Rios\\\/UFRRJ\"},\"image\":{\"@id\":\"https:\\\/\\\/itr.ufrrj.br\\\/portal\\\/#\\\/schema\\\/logo\\\/image\\\/\"},\"sameAs\":[\"https:\\\/\\\/www.facebook.com\\\/itr.ufrrj\"]}]}<\/script>\n<!-- \/ Yoast SEO plugin. -->","yoast_head_json":{"title":"DCAS - Campus Tr\u00eas Rios | UFRRJ","robots":{"index":"index","follow":"follow","max-snippet":"max-snippet:-1","max-image-preview":"max-image-preview:large","max-video-preview":"max-video-preview:-1"},"canonical":"https:\/\/itr.ufrrj.br\/portal\/departamentos\/dcas\/","og_locale":"pt_BR","og_type":"article","og_title":"DCAS - Campus Tr\u00eas Rios | UFRRJ","og_description":"O Departamento de Ci\u00eancias Administrativas e Sociais (DCAS) \u00e9 a unidade do Instituto Tr\u00eas Rios da UFRRJ respons\u00e1vel pelo ensino, pesquisa e atividades de extens\u00e3o relacionados \u00e0s \u00e1reas de Administra\u00e7\u00e3o [&hellip;]","og_url":"https:\/\/itr.ufrrj.br\/portal\/departamentos\/dcas\/","og_site_name":"Campus Tr\u00eas Rios | UFRRJ","article_publisher":"https:\/\/www.facebook.com\/itr.ufrrj","article_modified_time":"2022-06-15T13:24:49+00:00","og_image":[{"width":1200,"height":250,"url":"https:\/\/itr.ufrrj.br\/portal\/wp-content\/uploads\/2011\/02\/topo-dcas.jpg","type":"image\/jpeg"}],"twitter_card":"summary_large_image","twitter_misc":{"Est. tempo de leitura":"1 minuto"},"schema":{"@context":"https:\/\/schema.org","@graph":[{"@type":"WebPage","@id":"https:\/\/itr.ufrrj.br\/portal\/departamentos\/dcas\/","url":"https:\/\/itr.ufrrj.br\/portal\/departamentos\/dcas\/","name":"DCAS - Campus Tr\u00eas Rios | UFRRJ","isPartOf":{"@id":"https:\/\/itr.ufrrj.br\/portal\/#website"},"primaryImageOfPage":{"@id":"https:\/\/itr.ufrrj.br\/portal\/departamentos\/dcas\/#primaryimage"},"image":{"@id":"https:\/\/itr.ufrrj.br\/portal\/departamentos\/dcas\/#primaryimage"},"thumbnailUrl":"https:\/\/itr.ufrrj.br\/portal\/wp-content\/uploads\/2011\/02\/topo-dcas.jpg","datePublished":"2011-02-28T16:29:02+00:00","dateModified":"2022-06-15T13:24:49+00:00","breadcrumb":{"@id":"https:\/\/itr.ufrrj.br\/portal\/departamentos\/dcas\/#breadcrumb"},"inLanguage":"pt-BR","potentialAction":[{"@type":"ReadAction","target":["https:\/\/itr.ufrrj.br\/portal\/departamentos\/dcas\/"]}]},{"@type":"ImageObject","inLanguage":"pt-BR","@id":"https:\/\/itr.ufrrj.br\/portal\/departamentos\/dcas\/#primaryimage","url":"https:\/\/itr.ufrrj.br\/portal\/wp-content\/uploads\/2011\/02\/topo-dcas.jpg","contentUrl":"https:\/\/itr.ufrrj.br\/portal\/wp-content\/uploads\/2011\/02\/topo-dcas.jpg","width":1200,"height":250,"caption":"DCAS - ITR UFRRJ"},{"@type":"BreadcrumbList","@id":"https:\/\/itr.ufrrj.br\/portal\/departamentos\/dcas\/#breadcrumb","itemListElement":[{"@type":"ListItem","position":1,"name":"In\u00edcio","item":"https:\/\/itr.ufrrj.br\/portal\/"},{"@type":"ListItem","position":2,"name":"Departamentos","item":"https:\/\/itr.ufrrj.br\/portal\/departamentos\/"},{"@type":"ListItem","position":3,"name":"DCAS"}]},{"@type":"WebSite","@id":"https:\/\/itr.ufrrj.br\/portal\/#website","url":"https:\/\/itr.ufrrj.br\/portal\/","name":"Campus Tr\u00eas Rios | UFRRJ","description":"Localizado na cidade de Tr\u00eas Rios - RJ","publisher":{"@id":"https:\/\/itr.ufrrj.br\/portal\/#organization"},"potentialAction":[{"@type":"SearchAction","target":{"@type":"EntryPoint","urlTemplate":"https:\/\/itr.ufrrj.br\/portal\/?s={search_term_string}"},"query-input":{"@type":"PropertyValueSpecification","valueRequired":true,"valueName":"search_term_string"}}],"inLanguage":"pt-BR"},{"@type":"Organization","@id":"https:\/\/itr.ufrrj.br\/portal\/#organization","name":"Instituto Tr\u00eas Rios\/UFRRJ","url":"https:\/\/itr.ufrrj.br\/portal\/","logo":{"@type":"ImageObject","inLanguage":"pt-BR","@id":"https:\/\/itr.ufrrj.br\/portal\/#\/schema\/logo\/image\/","url":"https:\/\/itr.ufrrj.br\/portal\/wp-content\/uploads\/2020\/04\/logo-institutotresrios-ufrrj.png","contentUrl":"https:\/\/itr.ufrrj.br\/portal\/wp-content\/uploads\/2020\/04\/logo-institutotresrios-ufrrj.png","width":1067,"height":240,"caption":"Instituto Tr\u00eas Rios\/UFRRJ"},"image":{"@id":"https:\/\/itr.ufrrj.br\/portal\/#\/schema\/logo\/image\/"},"sameAs":["https:\/\/www.facebook.com\/itr.ufrrj"]}]}},"jetpack_sharing_enabled":true,"amp_enabled":false,"_links":{"self":[{"href":"https:\/\/itr.ufrrj.br\/portal\/wp-json\/wp\/v2\/pages\/34","targetHints":{"allow":["GET"]}}],"collection":[{"href":"https:\/\/itr.ufrrj.br\/portal\/wp-json\/wp\/v2\/pages"}],"about":[{"href":"https:\/\/itr.ufrrj.br\/portal\/wp-json\/wp\/v2\/types\/page"}],"author":[{"embeddable":true,"href":"https:\/\/itr.ufrrj.br\/portal\/wp-json\/wp\/v2\/users\/1"}],"replies":[{"embeddable":true,"href":"https:\/\/itr.ufrrj.br\/portal\/wp-json\/wp\/v2\/comments?post=34"}],"version-history":[{"count":23,"href":"https:\/\/itr.ufrrj.br\/portal\/wp-json\/wp\/v2\/pages\/34\/revisions"}],"predecessor-version":[{"id":13198,"href":"https:\/\/itr.ufrrj.br\/portal\/wp-json\/wp\/v2\/pages\/34\/revisions\/13198"}],"up":[{"embeddable":true,"href":"https:\/\/itr.ufrrj.br\/portal\/wp-json\/wp\/v2\/pages\/19"}],"wp:featuredmedia":[{"embeddable":true,"href":"https:\/\/itr.ufrrj.br\/portal\/wp-json\/wp\/v2\/media\/3982"}],"wp:attachment":[{"href":"https:\/\/itr.ufrrj.br\/portal\/wp-json\/wp\/v2\/media?parent=34"}],"curies":[{"name":"wp","href":"https:\/\/api.w.org\/{rel}","templated":true}]}}