{"id":2485,"date":"2015-04-29T15:48:13","date_gmt":"2015-04-29T18:48:13","guid":{"rendered":"http:\/\/www.itr.ufrrj.br\/portal\/?page_id=2485"},"modified":"2015-04-29T15:51:47","modified_gmt":"2015-04-29T18:51:47","slug":"sobre-a-biblioteca-e-contatos","status":"publish","type":"page","link":"https:\/\/itr.ufrrj.br\/portal\/biblioteca\/sobre-a-biblioteca-e-contatos\/","title":{"rendered":"Sobre a Biblioteca e Contatos"},"content":{"rendered":"<h1>Sobre N\u00f3s<\/h1>\n<p style=\"text-align: justify;\">A Biblioteca Tr\u00eas Rios \u00e9 uma biblioteca p\u00fablica de segmento universit\u00e1rio, operando servi\u00e7os desde 1998 com a implanta\u00e7\u00e3o dos primeiros cursos de gradua\u00e7\u00e3o em\u00a0 atrav\u00e9s de Conv\u00eanio entre os \u00f3rg\u00e3os de poder locais e o governo federal, interessados em fomentar o desenvolvimento social e cultural dos habitantes da cidade, a Biblioteca passou a ser<\/p>\n<p style=\"text-align: justify;\">A biblioteca tem vindo a fornecer servi\u00e7os como o empr\u00e9stimo de livros nas suas instala\u00e7\u00f5es, mas tamb\u00e9m o envio de exemplares ao domic\u00edlio. Al\u00e9m disso, \u00e9 simultaneamente uma audioteca, tem uma ampla cole\u00e7\u00e3o de publica\u00e7\u00f5es peri\u00f3dicas e disponibiliza acesso \u00e0 Internet.<\/p>\n<p style=\"text-align: justify;\">Assim, com o intuito de o ajudar a usufruir de todos os servi\u00e7os e recursos dispon\u00edveis, a biblioteca Biblioteca Tr\u00eas Rios colocou \u00e0 disposi\u00e7\u00e3o dos utilizadores, uma equipa de bibliotec\u00e1rios prest\u00e1veis e profissionais.<\/p>\n<p style=\"text-align: justify;\">Esta biblioteca nasceu do desejo, que todos os envolvidos nutrem, de contribuir para o desenvolvimento social e cultural dos habitantes da cidade, pelo que s\u00e3o dinamizados v\u00e1rios projetos de car\u00e1ter sociocultural para o benef\u00edcio das comunidades. Estes projetos s\u00e3o tornados realidade por muitos volunt\u00e1rios de todas as idades, sexos, profiss\u00f5es e n\u00edveis de escolaridade, que aderem regularmente ao Programa de Voluntariado da biblioteca. Por conseguinte, o impacto social \u00e9 j\u00e1 uma realidade e o Programa de Voluntariado \u00e9 uma estrutura bem organizada dentro da Biblioteca Tr\u00eas Rios.<\/p>\n<p style=\"text-align: justify;\">Se quiser saber mais sobre a Biblioteca Tr\u00eas Rios e as suas atividades, por favor, contacte-nos.<\/p>\n<h1 style=\"text-align: justify;\">Contato<\/h1>\n<p><strong>Telefone:<\/strong> (24) 2255-3677<\/p>\n<p><strong>E-mail:<\/strong> <a href=\"mailto:librariansel@yahoo.com.br\">librariansel@yahoo.com.br<\/a><\/p>\n<p><strong>Skype Dire\u00e7\u00e3o:<\/strong> bibliotecaufrrj.tr<\/p>\n<p><strong>Skype Secretaria:<\/strong> bibliotecaitr.secretaria<\/p>\n<p><strong>Skype Refer\u00eancia:<\/strong> bibliotecatr.referencia<\/p>\n<p><strong>Skype Tratamento T\u00e9cnico:<\/strong> bibliotecatr.sptecnico<\/p>\n<p><strong>Skype Circula\u00e7\u00e3o:<\/strong> bibliotecatr.circulacao<\/p>\n<p><strong>Siga-nos no twitter:<\/strong> <a href=\"https:\/\/twitter.com\/BibliotecaITR\" target=\"_blank\"><cite class=\"_Rm\">https:\/\/twitter.com\/BibliotecaITR<\/cite><\/a><\/p>\n<p>&nbsp;<\/p>\n<p><strong>Facebook:<\/strong><\/p>\n<div class=\"mts mls uiP fsm\">\n<ul class=\"uiList _4of _4kg\">\n<li>\n<div class=\"fcb\"><a href=\"http:\/\/facebook.com\/biblioteca.itr\" target=\"_blank\">facebook.com\/<span class=\"timelineUsername fwb\">biblioteca.itr<\/span><\/a><\/div>\n<\/li>\n<\/ul>\n<\/div>\n<p><strong>Bibliotec\u00e1rio Respons\u00e1vel:<\/strong> Sergio Luis Lima de Magalh\u00e3es<\/p>\n","protected":false},"excerpt":{"rendered":"<p>Sobre N\u00f3s A Biblioteca Tr\u00eas Rios \u00e9 uma biblioteca p\u00fablica de segmento universit\u00e1rio, operando servi\u00e7os desde 1998 com a implanta\u00e7\u00e3o dos primeiros cursos de gradua\u00e7\u00e3o em\u00a0 atrav\u00e9s de Conv\u00eanio entre [&hellip;]<\/p>\n","protected":false},"author":1,"featured_media":0,"parent":726,"menu_order":0,"comment_status":"closed","ping_status":"closed","template":"","meta":{"_acf_changed":false,"editor_plus_copied_stylings":"{}","footnotes":""},"class_list":["post-2485","page","type-page","status-publish","hentry"],"acf":[],"yoast_head":"<!-- This site is optimized with the Yoast SEO plugin v27.4 - https:\/\/yoast.com\/product\/yoast-seo-wordpress\/ -->\n<title>Sobre a Biblioteca e Contatos - Campus Tr\u00eas Rios | UFRRJ<\/title>\n<meta name=\"robots\" content=\"index, follow, max-snippet:-1, max-image-preview:large, max-video-preview:-1\" \/>\n<link rel=\"canonical\" href=\"https:\/\/itr.ufrrj.br\/portal\/biblioteca\/sobre-a-biblioteca-e-contatos\/\" \/>\n<meta property=\"og:locale\" content=\"pt_BR\" \/>\n<meta property=\"og:type\" content=\"article\" \/>\n<meta property=\"og:title\" content=\"Sobre a Biblioteca e Contatos - Campus Tr\u00eas Rios | UFRRJ\" \/>\n<meta property=\"og:description\" content=\"Sobre N\u00f3s A Biblioteca Tr\u00eas Rios \u00e9 uma biblioteca p\u00fablica de segmento universit\u00e1rio, operando servi\u00e7os desde 1998 com a implanta\u00e7\u00e3o dos primeiros cursos de gradua\u00e7\u00e3o em\u00a0 atrav\u00e9s de Conv\u00eanio entre [&hellip;]\" \/>\n<meta property=\"og:url\" content=\"https:\/\/itr.ufrrj.br\/portal\/biblioteca\/sobre-a-biblioteca-e-contatos\/\" \/>\n<meta property=\"og:site_name\" content=\"Campus Tr\u00eas Rios | UFRRJ\" \/>\n<meta property=\"article:publisher\" content=\"https:\/\/www.facebook.com\/itr.ufrrj\" \/>\n<meta property=\"article:modified_time\" content=\"2015-04-29T18:51:47+00:00\" \/>\n<meta name=\"twitter:card\" content=\"summary_large_image\" \/>\n<meta name=\"twitter:label1\" content=\"Est. tempo de leitura\" \/>\n\t<meta name=\"twitter:data1\" content=\"2 minutos\" \/>\n<script type=\"application\/ld+json\" class=\"yoast-schema-graph\">{\"@context\":\"https:\\\/\\\/schema.org\",\"@graph\":[{\"@type\":\"WebPage\",\"@id\":\"https:\\\/\\\/itr.ufrrj.br\\\/portal\\\/biblioteca\\\/sobre-a-biblioteca-e-contatos\\\/\",\"url\":\"https:\\\/\\\/itr.ufrrj.br\\\/portal\\\/biblioteca\\\/sobre-a-biblioteca-e-contatos\\\/\",\"name\":\"Sobre a Biblioteca e Contatos - Campus Tr\u00eas Rios | UFRRJ\",\"isPartOf\":{\"@id\":\"https:\\\/\\\/itr.ufrrj.br\\\/portal\\\/#website\"},\"datePublished\":\"2015-04-29T18:48:13+00:00\",\"dateModified\":\"2015-04-29T18:51:47+00:00\",\"breadcrumb\":{\"@id\":\"https:\\\/\\\/itr.ufrrj.br\\\/portal\\\/biblioteca\\\/sobre-a-biblioteca-e-contatos\\\/#breadcrumb\"},\"inLanguage\":\"pt-BR\",\"potentialAction\":[{\"@type\":\"ReadAction\",\"target\":[\"https:\\\/\\\/itr.ufrrj.br\\\/portal\\\/biblioteca\\\/sobre-a-biblioteca-e-contatos\\\/\"]}]},{\"@type\":\"BreadcrumbList\",\"@id\":\"https:\\\/\\\/itr.ufrrj.br\\\/portal\\\/biblioteca\\\/sobre-a-biblioteca-e-contatos\\\/#breadcrumb\",\"itemListElement\":[{\"@type\":\"ListItem\",\"position\":1,\"name\":\"In\u00edcio\",\"item\":\"https:\\\/\\\/itr.ufrrj.br\\\/portal\\\/\"},{\"@type\":\"ListItem\",\"position\":2,\"name\":\"Biblioteca\",\"item\":\"https:\\\/\\\/itr.ufrrj.br\\\/portal\\\/biblioteca\\\/\"},{\"@type\":\"ListItem\",\"position\":3,\"name\":\"Sobre a Biblioteca e Contatos\"}]},{\"@type\":\"WebSite\",\"@id\":\"https:\\\/\\\/itr.ufrrj.br\\\/portal\\\/#website\",\"url\":\"https:\\\/\\\/itr.ufrrj.br\\\/portal\\\/\",\"name\":\"Campus Tr\u00eas Rios | UFRRJ\",\"description\":\"Localizado na cidade de Tr\u00eas Rios - RJ\",\"publisher\":{\"@id\":\"https:\\\/\\\/itr.ufrrj.br\\\/portal\\\/#organization\"},\"potentialAction\":[{\"@type\":\"SearchAction\",\"target\":{\"@type\":\"EntryPoint\",\"urlTemplate\":\"https:\\\/\\\/itr.ufrrj.br\\\/portal\\\/?s={search_term_string}\"},\"query-input\":{\"@type\":\"PropertyValueSpecification\",\"valueRequired\":true,\"valueName\":\"search_term_string\"}}],\"inLanguage\":\"pt-BR\"},{\"@type\":\"Organization\",\"@id\":\"https:\\\/\\\/itr.ufrrj.br\\\/portal\\\/#organization\",\"name\":\"Instituto Tr\u00eas Rios\\\/UFRRJ\",\"url\":\"https:\\\/\\\/itr.ufrrj.br\\\/portal\\\/\",\"logo\":{\"@type\":\"ImageObject\",\"inLanguage\":\"pt-BR\",\"@id\":\"https:\\\/\\\/itr.ufrrj.br\\\/portal\\\/#\\\/schema\\\/logo\\\/image\\\/\",\"url\":\"https:\\\/\\\/itr.ufrrj.br\\\/portal\\\/wp-content\\\/uploads\\\/2020\\\/04\\\/logo-institutotresrios-ufrrj.png\",\"contentUrl\":\"https:\\\/\\\/itr.ufrrj.br\\\/portal\\\/wp-content\\\/uploads\\\/2020\\\/04\\\/logo-institutotresrios-ufrrj.png\",\"width\":1067,\"height\":240,\"caption\":\"Instituto Tr\u00eas Rios\\\/UFRRJ\"},\"image\":{\"@id\":\"https:\\\/\\\/itr.ufrrj.br\\\/portal\\\/#\\\/schema\\\/logo\\\/image\\\/\"},\"sameAs\":[\"https:\\\/\\\/www.facebook.com\\\/itr.ufrrj\"]}]}<\/script>\n<!-- \/ Yoast SEO plugin. -->","yoast_head_json":{"title":"Sobre a Biblioteca e Contatos - Campus Tr\u00eas Rios | UFRRJ","robots":{"index":"index","follow":"follow","max-snippet":"max-snippet:-1","max-image-preview":"max-image-preview:large","max-video-preview":"max-video-preview:-1"},"canonical":"https:\/\/itr.ufrrj.br\/portal\/biblioteca\/sobre-a-biblioteca-e-contatos\/","og_locale":"pt_BR","og_type":"article","og_title":"Sobre a Biblioteca e Contatos - Campus Tr\u00eas Rios | UFRRJ","og_description":"Sobre N\u00f3s A Biblioteca Tr\u00eas Rios \u00e9 uma biblioteca p\u00fablica de segmento universit\u00e1rio, operando servi\u00e7os desde 1998 com a implanta\u00e7\u00e3o dos primeiros cursos de gradua\u00e7\u00e3o em\u00a0 atrav\u00e9s de Conv\u00eanio entre [&hellip;]","og_url":"https:\/\/itr.ufrrj.br\/portal\/biblioteca\/sobre-a-biblioteca-e-contatos\/","og_site_name":"Campus Tr\u00eas Rios | UFRRJ","article_publisher":"https:\/\/www.facebook.com\/itr.ufrrj","article_modified_time":"2015-04-29T18:51:47+00:00","twitter_card":"summary_large_image","twitter_misc":{"Est. tempo de leitura":"2 minutos"},"schema":{"@context":"https:\/\/schema.org","@graph":[{"@type":"WebPage","@id":"https:\/\/itr.ufrrj.br\/portal\/biblioteca\/sobre-a-biblioteca-e-contatos\/","url":"https:\/\/itr.ufrrj.br\/portal\/biblioteca\/sobre-a-biblioteca-e-contatos\/","name":"Sobre a Biblioteca e Contatos - Campus Tr\u00eas Rios | UFRRJ","isPartOf":{"@id":"https:\/\/itr.ufrrj.br\/portal\/#website"},"datePublished":"2015-04-29T18:48:13+00:00","dateModified":"2015-04-29T18:51:47+00:00","breadcrumb":{"@id":"https:\/\/itr.ufrrj.br\/portal\/biblioteca\/sobre-a-biblioteca-e-contatos\/#breadcrumb"},"inLanguage":"pt-BR","potentialAction":[{"@type":"ReadAction","target":["https:\/\/itr.ufrrj.br\/portal\/biblioteca\/sobre-a-biblioteca-e-contatos\/"]}]},{"@type":"BreadcrumbList","@id":"https:\/\/itr.ufrrj.br\/portal\/biblioteca\/sobre-a-biblioteca-e-contatos\/#breadcrumb","itemListElement":[{"@type":"ListItem","position":1,"name":"In\u00edcio","item":"https:\/\/itr.ufrrj.br\/portal\/"},{"@type":"ListItem","position":2,"name":"Biblioteca","item":"https:\/\/itr.ufrrj.br\/portal\/biblioteca\/"},{"@type":"ListItem","position":3,"name":"Sobre a Biblioteca e Contatos"}]},{"@type":"WebSite","@id":"https:\/\/itr.ufrrj.br\/portal\/#website","url":"https:\/\/itr.ufrrj.br\/portal\/","name":"Campus Tr\u00eas Rios | UFRRJ","description":"Localizado na cidade de Tr\u00eas Rios - RJ","publisher":{"@id":"https:\/\/itr.ufrrj.br\/portal\/#organization"},"potentialAction":[{"@type":"SearchAction","target":{"@type":"EntryPoint","urlTemplate":"https:\/\/itr.ufrrj.br\/portal\/?s={search_term_string}"},"query-input":{"@type":"PropertyValueSpecification","valueRequired":true,"valueName":"search_term_string"}}],"inLanguage":"pt-BR"},{"@type":"Organization","@id":"https:\/\/itr.ufrrj.br\/portal\/#organization","name":"Instituto Tr\u00eas Rios\/UFRRJ","url":"https:\/\/itr.ufrrj.br\/portal\/","logo":{"@type":"ImageObject","inLanguage":"pt-BR","@id":"https:\/\/itr.ufrrj.br\/portal\/#\/schema\/logo\/image\/","url":"https:\/\/itr.ufrrj.br\/portal\/wp-content\/uploads\/2020\/04\/logo-institutotresrios-ufrrj.png","contentUrl":"https:\/\/itr.ufrrj.br\/portal\/wp-content\/uploads\/2020\/04\/logo-institutotresrios-ufrrj.png","width":1067,"height":240,"caption":"Instituto Tr\u00eas Rios\/UFRRJ"},"image":{"@id":"https:\/\/itr.ufrrj.br\/portal\/#\/schema\/logo\/image\/"},"sameAs":["https:\/\/www.facebook.com\/itr.ufrrj"]}]}},"jetpack_sharing_enabled":true,"amp_enabled":true,"_links":{"self":[{"href":"https:\/\/itr.ufrrj.br\/portal\/wp-json\/wp\/v2\/pages\/2485","targetHints":{"allow":["GET"]}}],"collection":[{"href":"https:\/\/itr.ufrrj.br\/portal\/wp-json\/wp\/v2\/pages"}],"about":[{"href":"https:\/\/itr.ufrrj.br\/portal\/wp-json\/wp\/v2\/types\/page"}],"author":[{"embeddable":true,"href":"https:\/\/itr.ufrrj.br\/portal\/wp-json\/wp\/v2\/users\/1"}],"replies":[{"embeddable":true,"href":"https:\/\/itr.ufrrj.br\/portal\/wp-json\/wp\/v2\/comments?post=2485"}],"version-history":[{"count":2,"href":"https:\/\/itr.ufrrj.br\/portal\/wp-json\/wp\/v2\/pages\/2485\/revisions"}],"predecessor-version":[{"id":2490,"href":"https:\/\/itr.ufrrj.br\/portal\/wp-json\/wp\/v2\/pages\/2485\/revisions\/2490"}],"up":[{"embeddable":true,"href":"https:\/\/itr.ufrrj.br\/portal\/wp-json\/wp\/v2\/pages\/726"}],"wp:attachment":[{"href":"https:\/\/itr.ufrrj.br\/portal\/wp-json\/wp\/v2\/media?parent=2485"}],"curies":[{"name":"wp","href":"https:\/\/api.w.org\/{rel}","templated":true}]}}