{"id":2481,"date":"2015-04-29T11:32:31","date_gmt":"2015-04-29T14:32:31","guid":{"rendered":"http:\/\/www.itr.ufrrj.br\/portal\/?page_id=2481"},"modified":"2015-05-22T14:58:40","modified_gmt":"2015-05-22T17:58:40","slug":"servicos","status":"publish","type":"page","link":"https:\/\/itr.ufrrj.br\/portal\/biblioteca\/servicos\/","title":{"rendered":"Servi\u00e7os"},"content":{"rendered":"<p style=\"text-align: justify;\">A Biblioteca Tr\u00eas Rios oferece a seus usu\u00e1rios servi\u00e7os de consulta ao acervo; empr\u00e9stimo local; empr\u00e9stimo especial; reserva bibliogr\u00e1fica; acesso direto ao Portal CAPES, ponto de acesso \u00e0 Internet al\u00e9m do acesso ao material de pesquisa produzido pelos formandos (Trabalhos de Conclus\u00e3o de Curso &#8211; TCCs), este \u00faltimo possibilitado atrav\u00e9s da implementa\u00e7\u00e3o do Dep\u00f3sito Legal. Periodicamente, tamb\u00e9m projetamos filmes e pel\u00edculas de anima\u00e7\u00e3o e muito mais.<\/p>\n<p style=\"text-align: justify;\">O acervo \u00e9 constitu\u00eddo de livros novos e atualizados com cobertura sobre o ensino de cursos de\u00a0 Administra\u00e7\u00e3o; Ci\u00eancias Econ\u00f4micas; Direito e Gest\u00e3o Ambiental at\u00e9 as demais \u00e1rea da Ci\u00eancia.\u00a0 E o usu\u00e1rio conta ainda com uma literatura sobre Hist\u00f3ria, Arte, Religi\u00e3o, Literatura, Filosofia, Auto-Ajuda, Misticismo, Sa\u00fade, Medicina e Anatomia, Biologia, Geografia, Geologia, Qu\u00edmica, Arquitetura, Meio-Ambiente, Ci\u00eancias Sociais, Desenvolvimento e Crescimento, Pedagogia, Psicologia e Obras Gerais, al\u00e9m de um ambiente totalmente climatizado e agrad\u00e1vel.<\/p>\n<p style=\"text-align: justify;\">Para utilizar o m\u00e1ximo de benef\u00edcios, basta se associar a nossa biblioteca, manter seu cadastro atualizado e estar regularizado, saiba mais sobre as nossas atividades e desfrute dos nossos servi\u00e7os.<\/p>\n<p>&nbsp;<\/p>\n<h2><strong>S\u00f3cios<\/strong><\/h2>\n<p style=\"text-align: justify;\">A biblioteca oferece a todos os seus usu\u00e1rios uma ampla gama de servi\u00e7os e produtos \u00e0 comunidade, tais como: a consulta e o empr\u00e9stimo de livros; o acesso \u00e0 Internet via wifi ou a utiliza\u00e7\u00e3o de nossos computadores institucionais, al\u00e9m de proporcionar em um ambiente agrad\u00e1vel a possibilidade de voc\u00ea ler uma revista ou assistir \u00e0 toda uma programa\u00e7\u00e3o cultural em v\u00eddeo.<\/p>\n<p style=\"text-align: justify;\">Nossos usu\u00e1rios tamb\u00e9m podem contar com a implementa\u00e7\u00e3o de livros na vers\u00e3o \u00e1udio, ou ainda acessar o conteudo de nossas publica\u00e7\u00f5es peri\u00f3dicas. Por\u00e9m, se voc\u00ea quiser trazer seus materiais de estudo, tudo bem! Basta identifica-los na recep\u00e7\u00e3o e usufruir de nosso espa\u00e7o.<\/p>\n<p style=\"text-align: justify;\">Para aqueles que procuram utilizar ainda mais todos os nossos servi\u00e7os e produtos estendemos o Programa de S\u00f3cios \u00e0 aqueles que n\u00e3o s\u00e3o vinculados \u00e0 nossa Institui\u00e7\u00e3o. Desejamos com isso proporcionar \u00e0 voc\u00ea um espa\u00e7o de pesquisa, cultura e lazer. Esperamos que voc\u00ea curta, vivencie e caminhe conosco nessa jornada.<\/p>\n<p style=\"text-align: justify;\">Ficaremos felizes com a sua visita!<\/p>\n<h4 style=\"text-align: justify;\">Seja s\u00f3cio da nossa biblioteca e usufrua dos seguintes servi\u00e7os:<\/h4>\n<ul>\n<li style=\"text-align: justify;\">Consulta local;<\/li>\n<li style=\"text-align: justify;\">Empr\u00e9stimo regular;<\/li>\n<li style=\"text-align: justify;\">Empr\u00e9stimo especial;<\/li>\n<li style=\"text-align: justify;\">Receber descontos em workshops, na compra de livros com editoras parceiras;<\/li>\n<li style=\"text-align: justify;\">Reserva bibliogr\u00e1fica;<\/li>\n<li style=\"text-align: justify;\">Participar de nossas visitas t\u00e9cnicas \u00e0 Empresas parceiras, feiras e eventos, ou ainda aprimorar seu conhecimento atrav\u00e9s de nossas atividades culturais;<br \/>\ne voc\u00ea pode ainda;<\/li>\n<li style=\"text-align: justify;\">Assistir um bom filme;<\/li>\n<li style=\"text-align: justify;\">Ouvir uma boa m\u00fasica;<\/li>\n<li style=\"text-align: justify;\">Debater em grupo com nossas v\u00eddeo aulas;<\/li>\n<li style=\"text-align: justify;\">Obter descontos junto aos conveniados e parceiros da Biblioteca;<br \/>\nEntre em contato conosco. Estamos ao seu dispor para o ajudar a encontrar o livro mais adequado \u00e0s suas necessidades.<\/li>\n<\/ul>\n<p>&nbsp;<\/p>\n<h2><strong>Projetos<\/strong><\/h2>\n<p style=\"text-align: justify;\">Esta biblioteca nasceu do desejo, que todos os envolvidos nutrem, de contribuir para o desenvolvimento social e cultural dos habitantes da cidade, pelo que s\u00e3o dinamizados v\u00e1rios projetos de car\u00e1ter sociocultural para o benef\u00edcio das comunidades. Estes projetos s\u00e3o tornados realidade por nossos colaboradores e volunt\u00e1rios de todas as idades, sexos, profiss\u00f5es e n\u00edveis de escolaridade. O impacto social j\u00e1 uma realidade e o Programa de Voluntariado \u00e9 uma estrutura bem organizada dentro da Biblioteca Tr\u00eas Rios.<\/p>\n<p style=\"text-align: justify;\">Estes s\u00e3o alguns dos projetos em nossa pauta para desenvolvimento:<\/p>\n<ul style=\"text-align: justify;\">\n<li>Projeto de Desenvolvimento do acervo, Servi\u00e7os e Compet\u00eancias; (Status : Encaminhado \u00e0 aprova\u00e7\u00e3o da PROAEST em 02\/04\/2015)<\/li>\n<li>Projeto de apoio pedag\u00f3gico; capacita\u00e7\u00e3o e preparat\u00f3rio para concursos (nome provis\u00f3rio) &#8211; FASE 1 DO PROJETO; (Status: Reda\u00e7\u00e3o e discuss\u00e3o t\u00e9cnica em 06\/04\/2015);<\/li>\n<li>Projeto Cinemateca e Cineci\u00eancia (Status: Em reordenamento &#8211; abril\/2015);<\/li>\n<li>Dinamiza\u00e7\u00e3o do espa\u00e7o para todos os p\u00fablicos;<\/li>\n<li>Biblioteca inclusiva;<\/li>\n<li>Cultura na Biblioteca;<\/li>\n<li>Oficina de leitura;<\/li>\n<li>Oficina Solid\u00e1ria;<\/li>\n<li>Oficina da Alegria;<\/li>\n<li>Ponto de leitura;<\/li>\n<li>Biblioteca Extramuros;<br \/>\nAceite o nosso desafio! Apoie e venha integrar os nossos projetos com a sua participa\u00e7\u00e3o.<\/li>\n<\/ul>\n<p style=\"text-align: justify;\">Se quiser saber mais sobre n\u00f3s, a Biblioteca Tr\u00eas Rios e nossas atividades, por favor, contate-nos.<\/p>\n<h2 style=\"text-align: justify;\"><strong>Como se Associar<\/strong><\/h2>\n<p>Voc\u00ea n\u00e3o precisa ser aluno da Institui\u00e7\u00e3o para usar a Biblioteca ou se associar. Confira abaixo os documentos necess\u00e1rios:<\/p>\n<ul>\n<li><strong>Se voc\u00ea \u00e9 aluno da Institui\u00e7\u00e3o, basta trazer os seguintes documentos:<\/strong><\/li>\n<\/ul>\n<ol>\n<li>1 (uma) foto 3&#215;4 recente;<\/li>\n<li>Carteira de identidade original;<\/li>\n<li>CPF original;<\/li>\n<li>Declara\u00e7\u00e3o de matr\u00edcula do semestre corrente (original e c\u00f3pia);<\/li>\n<li>Comprovante de resid\u00eancia atual em nome do pr\u00f3prio (original e c\u00f3pia);<\/li>\n<li>Formul\u00e1rio de cadastro na Biblioteca que poder\u00e1 ser retirado na Biblioteca devidamente preenchido e assinado;<\/li>\n<li>Termo de Resposabilidade quanto a material bibliogr\u00e1fico que poder\u00e1 ser retirado na Biblioteca devidamente preenchido e assinado;<\/li>\n<\/ol>\n<p>&nbsp;<\/p>\n<ul>\n<li><strong>Se voc\u00ea N\u00c3O \u00e9 nosso aluno, basta trazer os seguintes documentos:<\/strong><\/li>\n<\/ul>\n<ol>\n<li>1 (uma) foto 3&#215;4 recente;<\/li>\n<li>Carteira de identidade (original e c\u00f3pia);<\/li>\n<li>CPF (original e c\u00f3pia);<\/li>\n<li>Declara\u00e7\u00e3o de matr\u00edcula ou de v\u00ednculo com Institui\u00e7\u00e3o parceira ou conveniada \u00e0 Biblioteca (original e c\u00f3pia);<\/li>\n<li>Comprovante de resid\u00eancia atual em nome do pr\u00f3prio (original e c\u00f3pia);<\/li>\n<li>Carteira de trabalho original acompanhada de c\u00f3pia das fls. de identifica\u00e7\u00e3o e v\u00ednculo profissional;<\/li>\n<li>Formul\u00e1rio de cadastro na Biblioteca que poder\u00e1 ser retirado na Biblioteca devidamente preenchido e assinado;<\/li>\n<li>Termo de Resposabilidade quanto a material bibliogr\u00e1fico que poder\u00e1 ser retirado na Biblioteca devidamente preenchido e assinado;<\/li>\n<\/ol>\n<p>&nbsp;<\/p>\n<ul>\n<li><strong>Da Renova\u00e7\u00e3o do Cadastro<\/strong><\/li>\n<\/ul>\n<p style=\"text-align: justify;\"><strong>Todos os usu\u00e1rios<\/strong> devem a cada semestre atualizar seus dados junto a Biblioteca. Aos <strong>usu\u00e1rios internos<\/strong> \u00e9 obrigat\u00f3ria a entrega da <u>Declara\u00e7\u00e3o de Matr\u00edcula no semestre corrente, al\u00e9m da simples atualiza\u00e7\u00e3o e confirma\u00e7\u00e3o de seus dados residenciais prestados anteriormente.<\/u><\/p>\n<p style=\"text-align: justify;\"><strong>Usu\u00e1rios externos<\/strong> dever\u00e3o igualmente<u><em> confirmar informa\u00e7\u00f5es acerca do seu v\u00ednculo profissional; residencial e acad\u00eamico, atrav\u00e9s da apresenta\u00e7\u00e3o <\/em>da c\u00f3pia destes<\/u>.<\/p>\n<p style=\"text-align: justify;\">* S\u00e3o considerados para efeitos de inscri\u00e7\u00e3o os comprovantes de resid\u00eancia emitidos por \u00f3rg\u00e3os de presta\u00e7\u00e3o de servi\u00e7os p\u00fablicos, tais como: conta de fornecimento de luz; conta de fornecimento de \u00e1gua; conta telef\u00f4nica; conta de fornecimento de g\u00e1s;<\/p>\n<p style=\"text-align: justify;\">Fa\u00e7a o download dos formul\u00e1rios inscri\u00e7\u00e3o e entregue junto aos demais documentos:<\/p>\n<p style=\"text-align: justify;\"><a href=\"http:\/\/www.itr.ufrrj.br\/portal\/wp-content\/uploads\/biblioteca\/formulario_cadastro_biblioteca.pdf\" target=\"_blank\"><img loading=\"lazy\" decoding=\"async\" class=\" size-full wp-image-136 alignleft\" src=\"http:\/\/www.itr.ufrrj.br\/portal\/wp-content\/uploads\/icones\/pdf1.png\" alt=\"pdf1\" width=\"25\" height=\"27\" \/><\/a><strong>\u00a0Formul\u00e1rio de Cadastro<\/strong><\/p>\n<p style=\"text-align: justify;\"><a href=\"http:\/\/www.itr.ufrrj.br\/portal\/wp-content\/uploads\/biblioteca\/termo_responsabilidade_biblioteca.pdf\" target=\"_blank\"><img loading=\"lazy\" decoding=\"async\" class=\" size-full wp-image-136 alignleft\" src=\"http:\/\/www.itr.ufrrj.br\/portal\/wp-content\/uploads\/icones\/pdf1.png\" alt=\"pdf1\" width=\"25\" height=\"27\" \/><\/a><strong>\u00a0Termo de Responsabilidade<\/strong><\/p>\n","protected":false},"excerpt":{"rendered":"<p>A Biblioteca Tr\u00eas Rios oferece a seus usu\u00e1rios servi\u00e7os de consulta ao acervo; empr\u00e9stimo local; empr\u00e9stimo especial; reserva bibliogr\u00e1fica; acesso direto ao Portal CAPES, ponto de acesso \u00e0 Internet al\u00e9m [&hellip;]<\/p>\n","protected":false},"author":1,"featured_media":0,"parent":726,"menu_order":0,"comment_status":"closed","ping_status":"closed","template":"","meta":{"_acf_changed":false,"editor_plus_copied_stylings":"{}","footnotes":""},"class_list":["post-2481","page","type-page","status-publish","hentry"],"acf":[],"yoast_head":"<!-- This site is optimized with the Yoast SEO plugin v27.4 - https:\/\/yoast.com\/product\/yoast-seo-wordpress\/ -->\n<title>Servi\u00e7os - Campus Tr\u00eas Rios | UFRRJ<\/title>\n<meta name=\"robots\" content=\"index, follow, max-snippet:-1, max-image-preview:large, max-video-preview:-1\" \/>\n<link rel=\"canonical\" href=\"https:\/\/itr.ufrrj.br\/portal\/biblioteca\/servicos\/\" \/>\n<meta property=\"og:locale\" content=\"pt_BR\" \/>\n<meta property=\"og:type\" content=\"article\" \/>\n<meta property=\"og:title\" content=\"Servi\u00e7os - Campus Tr\u00eas Rios | UFRRJ\" \/>\n<meta property=\"og:description\" content=\"A Biblioteca Tr\u00eas Rios oferece a seus usu\u00e1rios servi\u00e7os de consulta ao acervo; empr\u00e9stimo local; empr\u00e9stimo especial; reserva bibliogr\u00e1fica; acesso direto ao Portal CAPES, ponto de acesso \u00e0 Internet al\u00e9m [&hellip;]\" \/>\n<meta property=\"og:url\" content=\"https:\/\/itr.ufrrj.br\/portal\/biblioteca\/servicos\/\" \/>\n<meta property=\"og:site_name\" content=\"Campus Tr\u00eas Rios | UFRRJ\" \/>\n<meta property=\"article:publisher\" content=\"https:\/\/www.facebook.com\/itr.ufrrj\" \/>\n<meta property=\"article:modified_time\" content=\"2015-05-22T17:58:40+00:00\" \/>\n<meta property=\"og:image\" content=\"http:\/\/www.itr.ufrrj.br\/portal\/wp-content\/uploads\/icones\/pdf1.png\" \/>\n<meta name=\"twitter:card\" content=\"summary_large_image\" \/>\n<meta name=\"twitter:label1\" content=\"Est. tempo de leitura\" \/>\n\t<meta name=\"twitter:data1\" content=\"5 minutos\" \/>\n<script type=\"application\/ld+json\" class=\"yoast-schema-graph\">{\"@context\":\"https:\\\/\\\/schema.org\",\"@graph\":[{\"@type\":\"WebPage\",\"@id\":\"https:\\\/\\\/itr.ufrrj.br\\\/portal\\\/biblioteca\\\/servicos\\\/\",\"url\":\"https:\\\/\\\/itr.ufrrj.br\\\/portal\\\/biblioteca\\\/servicos\\\/\",\"name\":\"Servi\u00e7os - Campus Tr\u00eas Rios | UFRRJ\",\"isPartOf\":{\"@id\":\"https:\\\/\\\/itr.ufrrj.br\\\/portal\\\/#website\"},\"primaryImageOfPage\":{\"@id\":\"https:\\\/\\\/itr.ufrrj.br\\\/portal\\\/biblioteca\\\/servicos\\\/#primaryimage\"},\"image\":{\"@id\":\"https:\\\/\\\/itr.ufrrj.br\\\/portal\\\/biblioteca\\\/servicos\\\/#primaryimage\"},\"thumbnailUrl\":\"http:\\\/\\\/www.itr.ufrrj.br\\\/portal\\\/wp-content\\\/uploads\\\/icones\\\/pdf1.png\",\"datePublished\":\"2015-04-29T14:32:31+00:00\",\"dateModified\":\"2015-05-22T17:58:40+00:00\",\"breadcrumb\":{\"@id\":\"https:\\\/\\\/itr.ufrrj.br\\\/portal\\\/biblioteca\\\/servicos\\\/#breadcrumb\"},\"inLanguage\":\"pt-BR\",\"potentialAction\":[{\"@type\":\"ReadAction\",\"target\":[\"https:\\\/\\\/itr.ufrrj.br\\\/portal\\\/biblioteca\\\/servicos\\\/\"]}]},{\"@type\":\"ImageObject\",\"inLanguage\":\"pt-BR\",\"@id\":\"https:\\\/\\\/itr.ufrrj.br\\\/portal\\\/biblioteca\\\/servicos\\\/#primaryimage\",\"url\":\"http:\\\/\\\/www.itr.ufrrj.br\\\/portal\\\/wp-content\\\/uploads\\\/icones\\\/pdf1.png\",\"contentUrl\":\"http:\\\/\\\/www.itr.ufrrj.br\\\/portal\\\/wp-content\\\/uploads\\\/icones\\\/pdf1.png\"},{\"@type\":\"BreadcrumbList\",\"@id\":\"https:\\\/\\\/itr.ufrrj.br\\\/portal\\\/biblioteca\\\/servicos\\\/#breadcrumb\",\"itemListElement\":[{\"@type\":\"ListItem\",\"position\":1,\"name\":\"In\u00edcio\",\"item\":\"https:\\\/\\\/itr.ufrrj.br\\\/portal\\\/\"},{\"@type\":\"ListItem\",\"position\":2,\"name\":\"Biblioteca\",\"item\":\"https:\\\/\\\/itr.ufrrj.br\\\/portal\\\/biblioteca\\\/\"},{\"@type\":\"ListItem\",\"position\":3,\"name\":\"Servi\u00e7os\"}]},{\"@type\":\"WebSite\",\"@id\":\"https:\\\/\\\/itr.ufrrj.br\\\/portal\\\/#website\",\"url\":\"https:\\\/\\\/itr.ufrrj.br\\\/portal\\\/\",\"name\":\"Campus Tr\u00eas Rios | UFRRJ\",\"description\":\"Localizado na cidade de Tr\u00eas Rios - RJ\",\"publisher\":{\"@id\":\"https:\\\/\\\/itr.ufrrj.br\\\/portal\\\/#organization\"},\"potentialAction\":[{\"@type\":\"SearchAction\",\"target\":{\"@type\":\"EntryPoint\",\"urlTemplate\":\"https:\\\/\\\/itr.ufrrj.br\\\/portal\\\/?s={search_term_string}\"},\"query-input\":{\"@type\":\"PropertyValueSpecification\",\"valueRequired\":true,\"valueName\":\"search_term_string\"}}],\"inLanguage\":\"pt-BR\"},{\"@type\":\"Organization\",\"@id\":\"https:\\\/\\\/itr.ufrrj.br\\\/portal\\\/#organization\",\"name\":\"Instituto Tr\u00eas Rios\\\/UFRRJ\",\"url\":\"https:\\\/\\\/itr.ufrrj.br\\\/portal\\\/\",\"logo\":{\"@type\":\"ImageObject\",\"inLanguage\":\"pt-BR\",\"@id\":\"https:\\\/\\\/itr.ufrrj.br\\\/portal\\\/#\\\/schema\\\/logo\\\/image\\\/\",\"url\":\"https:\\\/\\\/itr.ufrrj.br\\\/portal\\\/wp-content\\\/uploads\\\/2020\\\/04\\\/logo-institutotresrios-ufrrj.png\",\"contentUrl\":\"https:\\\/\\\/itr.ufrrj.br\\\/portal\\\/wp-content\\\/uploads\\\/2020\\\/04\\\/logo-institutotresrios-ufrrj.png\",\"width\":1067,\"height\":240,\"caption\":\"Instituto Tr\u00eas Rios\\\/UFRRJ\"},\"image\":{\"@id\":\"https:\\\/\\\/itr.ufrrj.br\\\/portal\\\/#\\\/schema\\\/logo\\\/image\\\/\"},\"sameAs\":[\"https:\\\/\\\/www.facebook.com\\\/itr.ufrrj\"]}]}<\/script>\n<!-- \/ Yoast SEO plugin. -->","yoast_head_json":{"title":"Servi\u00e7os - Campus Tr\u00eas Rios | UFRRJ","robots":{"index":"index","follow":"follow","max-snippet":"max-snippet:-1","max-image-preview":"max-image-preview:large","max-video-preview":"max-video-preview:-1"},"canonical":"https:\/\/itr.ufrrj.br\/portal\/biblioteca\/servicos\/","og_locale":"pt_BR","og_type":"article","og_title":"Servi\u00e7os - Campus Tr\u00eas Rios | UFRRJ","og_description":"A Biblioteca Tr\u00eas Rios oferece a seus usu\u00e1rios servi\u00e7os de consulta ao acervo; empr\u00e9stimo local; empr\u00e9stimo especial; reserva bibliogr\u00e1fica; acesso direto ao Portal CAPES, ponto de acesso \u00e0 Internet al\u00e9m [&hellip;]","og_url":"https:\/\/itr.ufrrj.br\/portal\/biblioteca\/servicos\/","og_site_name":"Campus Tr\u00eas Rios | UFRRJ","article_publisher":"https:\/\/www.facebook.com\/itr.ufrrj","article_modified_time":"2015-05-22T17:58:40+00:00","og_image":[{"url":"http:\/\/www.itr.ufrrj.br\/portal\/wp-content\/uploads\/icones\/pdf1.png","type":"","width":"","height":""}],"twitter_card":"summary_large_image","twitter_misc":{"Est. tempo de leitura":"5 minutos"},"schema":{"@context":"https:\/\/schema.org","@graph":[{"@type":"WebPage","@id":"https:\/\/itr.ufrrj.br\/portal\/biblioteca\/servicos\/","url":"https:\/\/itr.ufrrj.br\/portal\/biblioteca\/servicos\/","name":"Servi\u00e7os - Campus Tr\u00eas Rios | UFRRJ","isPartOf":{"@id":"https:\/\/itr.ufrrj.br\/portal\/#website"},"primaryImageOfPage":{"@id":"https:\/\/itr.ufrrj.br\/portal\/biblioteca\/servicos\/#primaryimage"},"image":{"@id":"https:\/\/itr.ufrrj.br\/portal\/biblioteca\/servicos\/#primaryimage"},"thumbnailUrl":"http:\/\/www.itr.ufrrj.br\/portal\/wp-content\/uploads\/icones\/pdf1.png","datePublished":"2015-04-29T14:32:31+00:00","dateModified":"2015-05-22T17:58:40+00:00","breadcrumb":{"@id":"https:\/\/itr.ufrrj.br\/portal\/biblioteca\/servicos\/#breadcrumb"},"inLanguage":"pt-BR","potentialAction":[{"@type":"ReadAction","target":["https:\/\/itr.ufrrj.br\/portal\/biblioteca\/servicos\/"]}]},{"@type":"ImageObject","inLanguage":"pt-BR","@id":"https:\/\/itr.ufrrj.br\/portal\/biblioteca\/servicos\/#primaryimage","url":"http:\/\/www.itr.ufrrj.br\/portal\/wp-content\/uploads\/icones\/pdf1.png","contentUrl":"http:\/\/www.itr.ufrrj.br\/portal\/wp-content\/uploads\/icones\/pdf1.png"},{"@type":"BreadcrumbList","@id":"https:\/\/itr.ufrrj.br\/portal\/biblioteca\/servicos\/#breadcrumb","itemListElement":[{"@type":"ListItem","position":1,"name":"In\u00edcio","item":"https:\/\/itr.ufrrj.br\/portal\/"},{"@type":"ListItem","position":2,"name":"Biblioteca","item":"https:\/\/itr.ufrrj.br\/portal\/biblioteca\/"},{"@type":"ListItem","position":3,"name":"Servi\u00e7os"}]},{"@type":"WebSite","@id":"https:\/\/itr.ufrrj.br\/portal\/#website","url":"https:\/\/itr.ufrrj.br\/portal\/","name":"Campus Tr\u00eas Rios | UFRRJ","description":"Localizado na cidade de Tr\u00eas Rios - RJ","publisher":{"@id":"https:\/\/itr.ufrrj.br\/portal\/#organization"},"potentialAction":[{"@type":"SearchAction","target":{"@type":"EntryPoint","urlTemplate":"https:\/\/itr.ufrrj.br\/portal\/?s={search_term_string}"},"query-input":{"@type":"PropertyValueSpecification","valueRequired":true,"valueName":"search_term_string"}}],"inLanguage":"pt-BR"},{"@type":"Organization","@id":"https:\/\/itr.ufrrj.br\/portal\/#organization","name":"Instituto Tr\u00eas Rios\/UFRRJ","url":"https:\/\/itr.ufrrj.br\/portal\/","logo":{"@type":"ImageObject","inLanguage":"pt-BR","@id":"https:\/\/itr.ufrrj.br\/portal\/#\/schema\/logo\/image\/","url":"https:\/\/itr.ufrrj.br\/portal\/wp-content\/uploads\/2020\/04\/logo-institutotresrios-ufrrj.png","contentUrl":"https:\/\/itr.ufrrj.br\/portal\/wp-content\/uploads\/2020\/04\/logo-institutotresrios-ufrrj.png","width":1067,"height":240,"caption":"Instituto Tr\u00eas Rios\/UFRRJ"},"image":{"@id":"https:\/\/itr.ufrrj.br\/portal\/#\/schema\/logo\/image\/"},"sameAs":["https:\/\/www.facebook.com\/itr.ufrrj"]}]}},"jetpack_sharing_enabled":true,"amp_enabled":true,"_links":{"self":[{"href":"https:\/\/itr.ufrrj.br\/portal\/wp-json\/wp\/v2\/pages\/2481","targetHints":{"allow":["GET"]}}],"collection":[{"href":"https:\/\/itr.ufrrj.br\/portal\/wp-json\/wp\/v2\/pages"}],"about":[{"href":"https:\/\/itr.ufrrj.br\/portal\/wp-json\/wp\/v2\/types\/page"}],"author":[{"embeddable":true,"href":"https:\/\/itr.ufrrj.br\/portal\/wp-json\/wp\/v2\/users\/1"}],"replies":[{"embeddable":true,"href":"https:\/\/itr.ufrrj.br\/portal\/wp-json\/wp\/v2\/comments?post=2481"}],"version-history":[{"count":7,"href":"https:\/\/itr.ufrrj.br\/portal\/wp-json\/wp\/v2\/pages\/2481\/revisions"}],"predecessor-version":[{"id":2534,"href":"https:\/\/itr.ufrrj.br\/portal\/wp-json\/wp\/v2\/pages\/2481\/revisions\/2534"}],"up":[{"embeddable":true,"href":"https:\/\/itr.ufrrj.br\/portal\/wp-json\/wp\/v2\/pages\/726"}],"wp:attachment":[{"href":"https:\/\/itr.ufrrj.br\/portal\/wp-json\/wp\/v2\/media?parent=2481"}],"curies":[{"name":"wp","href":"https:\/\/api.w.org\/{rel}","templated":true}]}}