{"id":1974,"date":"2014-10-20T10:05:16","date_gmt":"2014-10-20T13:05:16","guid":{"rendered":"http:\/\/www.itr.ufrrj.br\/portal\/?page_id=1974"},"modified":"2018-03-16T15:11:21","modified_gmt":"2018-03-16T18:11:21","slug":"laboratorios-de-informatica","status":"publish","type":"page","link":"https:\/\/itr.ufrrj.br\/portal\/secoes\/setic\/laboratorios-de-informatica\/","title":{"rendered":"Laborat\u00f3rios de Inform\u00e1tica"},"content":{"rendered":"<p style=\"text-align: justify;\">Possu\u00edmos 2 laborat\u00f3rios de inform\u00e1tica no Instituto Tr\u00eas Rios. Cada laborat\u00f3rio possui 24 computadores, totalizando acesso a 48 alunos simultaneamente.<\/p>\n<p style=\"text-align: justify;\">Os equipamentos est\u00e3o com sistema operacional Ubuntu 12 ou Ubuntu 14, e todos os softwares necess\u00e1rios para acesso \u00e0 internet, e edi\u00e7\u00e3o de texto e planilhas.<\/p>\n<p>&nbsp;<\/p>\n<p><a href=\"http:\/\/www.itr.ufrrj.br\/portal\/wp-content\/uploads\/2014\/10\/2015-02-09-15.56.01.jpg\"><img loading=\"lazy\" decoding=\"async\" class=\"alignleft size-medium wp-image-2159\" src=\"http:\/\/www.itr.ufrrj.br\/portal\/wp-content\/uploads\/2014\/10\/2015-02-09-15.56.01-300x224.jpg\" alt=\"Laborat\u00f3rio da sala 113\" width=\"300\" height=\"224\" srcset=\"https:\/\/itr.ufrrj.br\/portal\/wp-content\/uploads\/2014\/10\/2015-02-09-15.56.01-300x224.jpg 300w, https:\/\/itr.ufrrj.br\/portal\/wp-content\/uploads\/2014\/10\/2015-02-09-15.56.01-1024x765.jpg 1024w, https:\/\/itr.ufrrj.br\/portal\/wp-content\/uploads\/2014\/10\/2015-02-09-15.56.01-250x187.jpg 250w, https:\/\/itr.ufrrj.br\/portal\/wp-content\/uploads\/2014\/10\/2015-02-09-15.56.01-65x50.jpg 65w, https:\/\/itr.ufrrj.br\/portal\/wp-content\/uploads\/2014\/10\/2015-02-09-15.56.01-400x300.jpg 400w, https:\/\/itr.ufrrj.br\/portal\/wp-content\/uploads\/2014\/10\/2015-02-09-15.56.01-160x120.jpg 160w\" sizes=\"auto, (max-width: 300px) 100vw, 300px\" \/><\/a> \u00a0 <a href=\"http:\/\/www.itr.ufrrj.br\/portal\/wp-content\/uploads\/2014\/10\/2015-02-09-15.55.22.jpg\"> <img loading=\"lazy\" decoding=\"async\" class=\"alignleft size-medium wp-image-2158\" src=\"http:\/\/www.itr.ufrrj.br\/portal\/wp-content\/uploads\/2014\/10\/2015-02-09-15.55.22-300x224.jpg\" alt=\"2015-02-09 15.55.22\" width=\"300\" height=\"224\" srcset=\"https:\/\/itr.ufrrj.br\/portal\/wp-content\/uploads\/2014\/10\/2015-02-09-15.55.22-300x224.jpg 300w, https:\/\/itr.ufrrj.br\/portal\/wp-content\/uploads\/2014\/10\/2015-02-09-15.55.22-1024x765.jpg 1024w, https:\/\/itr.ufrrj.br\/portal\/wp-content\/uploads\/2014\/10\/2015-02-09-15.55.22-250x187.jpg 250w, https:\/\/itr.ufrrj.br\/portal\/wp-content\/uploads\/2014\/10\/2015-02-09-15.55.22-65x50.jpg 65w, https:\/\/itr.ufrrj.br\/portal\/wp-content\/uploads\/2014\/10\/2015-02-09-15.55.22-400x300.jpg 400w, https:\/\/itr.ufrrj.br\/portal\/wp-content\/uploads\/2014\/10\/2015-02-09-15.55.22-160x120.jpg 160w\" sizes=\"auto, (max-width: 300px) 100vw, 300px\" \/><\/a><\/p>\n","protected":false},"excerpt":{"rendered":"<p>Possu\u00edmos 2 laborat\u00f3rios de inform\u00e1tica no Instituto Tr\u00eas Rios. Cada laborat\u00f3rio possui 24 computadores, totalizando acesso a 48 alunos simultaneamente. Os equipamentos est\u00e3o com sistema operacional Ubuntu 12 ou Ubuntu [&hellip;]<\/p>\n","protected":false},"author":4,"featured_media":0,"parent":1972,"menu_order":0,"comment_status":"closed","ping_status":"closed","template":"","meta":{"_acf_changed":false,"editor_plus_copied_stylings":"{}","footnotes":""},"class_list":["post-1974","page","type-page","status-publish","hentry"],"acf":[],"yoast_head":"<!-- This site is optimized with the Yoast SEO plugin v27.4 - https:\/\/yoast.com\/product\/yoast-seo-wordpress\/ -->\n<title>Laborat\u00f3rios de Inform\u00e1tica - Campus Tr\u00eas Rios | UFRRJ<\/title>\n<meta name=\"robots\" content=\"index, follow, max-snippet:-1, max-image-preview:large, max-video-preview:-1\" \/>\n<link rel=\"canonical\" href=\"https:\/\/itr.ufrrj.br\/portal\/secoes\/setic\/laboratorios-de-informatica\/\" \/>\n<meta property=\"og:locale\" content=\"pt_BR\" \/>\n<meta property=\"og:type\" content=\"article\" \/>\n<meta property=\"og:title\" content=\"Laborat\u00f3rios de Inform\u00e1tica - Campus Tr\u00eas Rios | UFRRJ\" \/>\n<meta property=\"og:description\" content=\"Possu\u00edmos 2 laborat\u00f3rios de inform\u00e1tica no Instituto Tr\u00eas Rios. Cada laborat\u00f3rio possui 24 computadores, totalizando acesso a 48 alunos simultaneamente. Os equipamentos est\u00e3o com sistema operacional Ubuntu 12 ou Ubuntu [&hellip;]\" \/>\n<meta property=\"og:url\" content=\"https:\/\/itr.ufrrj.br\/portal\/secoes\/setic\/laboratorios-de-informatica\/\" \/>\n<meta property=\"og:site_name\" content=\"Campus Tr\u00eas Rios | UFRRJ\" \/>\n<meta property=\"article:publisher\" content=\"https:\/\/www.facebook.com\/itr.ufrrj\" \/>\n<meta property=\"article:modified_time\" content=\"2018-03-16T18:11:21+00:00\" \/>\n<meta property=\"og:image\" content=\"http:\/\/www.itr.ufrrj.br\/portal\/wp-content\/uploads\/2014\/10\/2015-02-09-15.56.01-300x224.jpg\" \/>\n<meta name=\"twitter:card\" content=\"summary_large_image\" \/>\n<script type=\"application\/ld+json\" class=\"yoast-schema-graph\">{\"@context\":\"https:\\\/\\\/schema.org\",\"@graph\":[{\"@type\":\"WebPage\",\"@id\":\"https:\\\/\\\/itr.ufrrj.br\\\/portal\\\/secoes\\\/setic\\\/laboratorios-de-informatica\\\/\",\"url\":\"https:\\\/\\\/itr.ufrrj.br\\\/portal\\\/secoes\\\/setic\\\/laboratorios-de-informatica\\\/\",\"name\":\"Laborat\u00f3rios de Inform\u00e1tica - Campus Tr\u00eas Rios | UFRRJ\",\"isPartOf\":{\"@id\":\"https:\\\/\\\/itr.ufrrj.br\\\/portal\\\/#website\"},\"primaryImageOfPage\":{\"@id\":\"https:\\\/\\\/itr.ufrrj.br\\\/portal\\\/secoes\\\/setic\\\/laboratorios-de-informatica\\\/#primaryimage\"},\"image\":{\"@id\":\"https:\\\/\\\/itr.ufrrj.br\\\/portal\\\/secoes\\\/setic\\\/laboratorios-de-informatica\\\/#primaryimage\"},\"thumbnailUrl\":\"http:\\\/\\\/www.itr.ufrrj.br\\\/portal\\\/wp-content\\\/uploads\\\/2014\\\/10\\\/2015-02-09-15.56.01-300x224.jpg\",\"datePublished\":\"2014-10-20T13:05:16+00:00\",\"dateModified\":\"2018-03-16T18:11:21+00:00\",\"breadcrumb\":{\"@id\":\"https:\\\/\\\/itr.ufrrj.br\\\/portal\\\/secoes\\\/setic\\\/laboratorios-de-informatica\\\/#breadcrumb\"},\"inLanguage\":\"pt-BR\",\"potentialAction\":[{\"@type\":\"ReadAction\",\"target\":[\"https:\\\/\\\/itr.ufrrj.br\\\/portal\\\/secoes\\\/setic\\\/laboratorios-de-informatica\\\/\"]}]},{\"@type\":\"ImageObject\",\"inLanguage\":\"pt-BR\",\"@id\":\"https:\\\/\\\/itr.ufrrj.br\\\/portal\\\/secoes\\\/setic\\\/laboratorios-de-informatica\\\/#primaryimage\",\"url\":\"http:\\\/\\\/www.itr.ufrrj.br\\\/portal\\\/wp-content\\\/uploads\\\/2014\\\/10\\\/2015-02-09-15.56.01-300x224.jpg\",\"contentUrl\":\"http:\\\/\\\/www.itr.ufrrj.br\\\/portal\\\/wp-content\\\/uploads\\\/2014\\\/10\\\/2015-02-09-15.56.01-300x224.jpg\"},{\"@type\":\"BreadcrumbList\",\"@id\":\"https:\\\/\\\/itr.ufrrj.br\\\/portal\\\/secoes\\\/setic\\\/laboratorios-de-informatica\\\/#breadcrumb\",\"itemListElement\":[{\"@type\":\"ListItem\",\"position\":1,\"name\":\"In\u00edcio\",\"item\":\"https:\\\/\\\/itr.ufrrj.br\\\/portal\\\/\"},{\"@type\":\"ListItem\",\"position\":2,\"name\":\"Se\u00e7\u00f5es\",\"item\":\"https:\\\/\\\/itr.ufrrj.br\\\/portal\\\/secoes\\\/\"},{\"@type\":\"ListItem\",\"position\":3,\"name\":\"Se\u00e7\u00e3o de Tecnologia da Informa\u00e7\u00e3o e Comunica\u00e7\u00e3o\",\"item\":\"https:\\\/\\\/itr.ufrrj.br\\\/portal\\\/secoes\\\/setic\\\/\"},{\"@type\":\"ListItem\",\"position\":4,\"name\":\"Laborat\u00f3rios de Inform\u00e1tica\"}]},{\"@type\":\"WebSite\",\"@id\":\"https:\\\/\\\/itr.ufrrj.br\\\/portal\\\/#website\",\"url\":\"https:\\\/\\\/itr.ufrrj.br\\\/portal\\\/\",\"name\":\"Campus Tr\u00eas Rios | UFRRJ\",\"description\":\"Localizado na cidade de Tr\u00eas Rios - RJ\",\"publisher\":{\"@id\":\"https:\\\/\\\/itr.ufrrj.br\\\/portal\\\/#organization\"},\"potentialAction\":[{\"@type\":\"SearchAction\",\"target\":{\"@type\":\"EntryPoint\",\"urlTemplate\":\"https:\\\/\\\/itr.ufrrj.br\\\/portal\\\/?s={search_term_string}\"},\"query-input\":{\"@type\":\"PropertyValueSpecification\",\"valueRequired\":true,\"valueName\":\"search_term_string\"}}],\"inLanguage\":\"pt-BR\"},{\"@type\":\"Organization\",\"@id\":\"https:\\\/\\\/itr.ufrrj.br\\\/portal\\\/#organization\",\"name\":\"Instituto Tr\u00eas Rios\\\/UFRRJ\",\"url\":\"https:\\\/\\\/itr.ufrrj.br\\\/portal\\\/\",\"logo\":{\"@type\":\"ImageObject\",\"inLanguage\":\"pt-BR\",\"@id\":\"https:\\\/\\\/itr.ufrrj.br\\\/portal\\\/#\\\/schema\\\/logo\\\/image\\\/\",\"url\":\"https:\\\/\\\/itr.ufrrj.br\\\/portal\\\/wp-content\\\/uploads\\\/2020\\\/04\\\/logo-institutotresrios-ufrrj.png\",\"contentUrl\":\"https:\\\/\\\/itr.ufrrj.br\\\/portal\\\/wp-content\\\/uploads\\\/2020\\\/04\\\/logo-institutotresrios-ufrrj.png\",\"width\":1067,\"height\":240,\"caption\":\"Instituto Tr\u00eas Rios\\\/UFRRJ\"},\"image\":{\"@id\":\"https:\\\/\\\/itr.ufrrj.br\\\/portal\\\/#\\\/schema\\\/logo\\\/image\\\/\"},\"sameAs\":[\"https:\\\/\\\/www.facebook.com\\\/itr.ufrrj\"]}]}<\/script>\n<!-- \/ Yoast SEO plugin. -->","yoast_head_json":{"title":"Laborat\u00f3rios de Inform\u00e1tica - Campus Tr\u00eas Rios | UFRRJ","robots":{"index":"index","follow":"follow","max-snippet":"max-snippet:-1","max-image-preview":"max-image-preview:large","max-video-preview":"max-video-preview:-1"},"canonical":"https:\/\/itr.ufrrj.br\/portal\/secoes\/setic\/laboratorios-de-informatica\/","og_locale":"pt_BR","og_type":"article","og_title":"Laborat\u00f3rios de Inform\u00e1tica - Campus Tr\u00eas Rios | UFRRJ","og_description":"Possu\u00edmos 2 laborat\u00f3rios de inform\u00e1tica no Instituto Tr\u00eas Rios. Cada laborat\u00f3rio possui 24 computadores, totalizando acesso a 48 alunos simultaneamente. Os equipamentos est\u00e3o com sistema operacional Ubuntu 12 ou Ubuntu [&hellip;]","og_url":"https:\/\/itr.ufrrj.br\/portal\/secoes\/setic\/laboratorios-de-informatica\/","og_site_name":"Campus Tr\u00eas Rios | UFRRJ","article_publisher":"https:\/\/www.facebook.com\/itr.ufrrj","article_modified_time":"2018-03-16T18:11:21+00:00","og_image":[{"url":"http:\/\/www.itr.ufrrj.br\/portal\/wp-content\/uploads\/2014\/10\/2015-02-09-15.56.01-300x224.jpg","type":"","width":"","height":""}],"twitter_card":"summary_large_image","schema":{"@context":"https:\/\/schema.org","@graph":[{"@type":"WebPage","@id":"https:\/\/itr.ufrrj.br\/portal\/secoes\/setic\/laboratorios-de-informatica\/","url":"https:\/\/itr.ufrrj.br\/portal\/secoes\/setic\/laboratorios-de-informatica\/","name":"Laborat\u00f3rios de Inform\u00e1tica - Campus Tr\u00eas Rios | UFRRJ","isPartOf":{"@id":"https:\/\/itr.ufrrj.br\/portal\/#website"},"primaryImageOfPage":{"@id":"https:\/\/itr.ufrrj.br\/portal\/secoes\/setic\/laboratorios-de-informatica\/#primaryimage"},"image":{"@id":"https:\/\/itr.ufrrj.br\/portal\/secoes\/setic\/laboratorios-de-informatica\/#primaryimage"},"thumbnailUrl":"http:\/\/www.itr.ufrrj.br\/portal\/wp-content\/uploads\/2014\/10\/2015-02-09-15.56.01-300x224.jpg","datePublished":"2014-10-20T13:05:16+00:00","dateModified":"2018-03-16T18:11:21+00:00","breadcrumb":{"@id":"https:\/\/itr.ufrrj.br\/portal\/secoes\/setic\/laboratorios-de-informatica\/#breadcrumb"},"inLanguage":"pt-BR","potentialAction":[{"@type":"ReadAction","target":["https:\/\/itr.ufrrj.br\/portal\/secoes\/setic\/laboratorios-de-informatica\/"]}]},{"@type":"ImageObject","inLanguage":"pt-BR","@id":"https:\/\/itr.ufrrj.br\/portal\/secoes\/setic\/laboratorios-de-informatica\/#primaryimage","url":"http:\/\/www.itr.ufrrj.br\/portal\/wp-content\/uploads\/2014\/10\/2015-02-09-15.56.01-300x224.jpg","contentUrl":"http:\/\/www.itr.ufrrj.br\/portal\/wp-content\/uploads\/2014\/10\/2015-02-09-15.56.01-300x224.jpg"},{"@type":"BreadcrumbList","@id":"https:\/\/itr.ufrrj.br\/portal\/secoes\/setic\/laboratorios-de-informatica\/#breadcrumb","itemListElement":[{"@type":"ListItem","position":1,"name":"In\u00edcio","item":"https:\/\/itr.ufrrj.br\/portal\/"},{"@type":"ListItem","position":2,"name":"Se\u00e7\u00f5es","item":"https:\/\/itr.ufrrj.br\/portal\/secoes\/"},{"@type":"ListItem","position":3,"name":"Se\u00e7\u00e3o de Tecnologia da Informa\u00e7\u00e3o e Comunica\u00e7\u00e3o","item":"https:\/\/itr.ufrrj.br\/portal\/secoes\/setic\/"},{"@type":"ListItem","position":4,"name":"Laborat\u00f3rios de Inform\u00e1tica"}]},{"@type":"WebSite","@id":"https:\/\/itr.ufrrj.br\/portal\/#website","url":"https:\/\/itr.ufrrj.br\/portal\/","name":"Campus Tr\u00eas Rios | UFRRJ","description":"Localizado na cidade de Tr\u00eas Rios - RJ","publisher":{"@id":"https:\/\/itr.ufrrj.br\/portal\/#organization"},"potentialAction":[{"@type":"SearchAction","target":{"@type":"EntryPoint","urlTemplate":"https:\/\/itr.ufrrj.br\/portal\/?s={search_term_string}"},"query-input":{"@type":"PropertyValueSpecification","valueRequired":true,"valueName":"search_term_string"}}],"inLanguage":"pt-BR"},{"@type":"Organization","@id":"https:\/\/itr.ufrrj.br\/portal\/#organization","name":"Instituto Tr\u00eas Rios\/UFRRJ","url":"https:\/\/itr.ufrrj.br\/portal\/","logo":{"@type":"ImageObject","inLanguage":"pt-BR","@id":"https:\/\/itr.ufrrj.br\/portal\/#\/schema\/logo\/image\/","url":"https:\/\/itr.ufrrj.br\/portal\/wp-content\/uploads\/2020\/04\/logo-institutotresrios-ufrrj.png","contentUrl":"https:\/\/itr.ufrrj.br\/portal\/wp-content\/uploads\/2020\/04\/logo-institutotresrios-ufrrj.png","width":1067,"height":240,"caption":"Instituto Tr\u00eas Rios\/UFRRJ"},"image":{"@id":"https:\/\/itr.ufrrj.br\/portal\/#\/schema\/logo\/image\/"},"sameAs":["https:\/\/www.facebook.com\/itr.ufrrj"]}]}},"jetpack_sharing_enabled":true,"amp_enabled":true,"_links":{"self":[{"href":"https:\/\/itr.ufrrj.br\/portal\/wp-json\/wp\/v2\/pages\/1974","targetHints":{"allow":["GET"]}}],"collection":[{"href":"https:\/\/itr.ufrrj.br\/portal\/wp-json\/wp\/v2\/pages"}],"about":[{"href":"https:\/\/itr.ufrrj.br\/portal\/wp-json\/wp\/v2\/types\/page"}],"author":[{"embeddable":true,"href":"https:\/\/itr.ufrrj.br\/portal\/wp-json\/wp\/v2\/users\/4"}],"replies":[{"embeddable":true,"href":"https:\/\/itr.ufrrj.br\/portal\/wp-json\/wp\/v2\/comments?post=1974"}],"version-history":[{"count":5,"href":"https:\/\/itr.ufrrj.br\/portal\/wp-json\/wp\/v2\/pages\/1974\/revisions"}],"predecessor-version":[{"id":2543,"href":"https:\/\/itr.ufrrj.br\/portal\/wp-json\/wp\/v2\/pages\/1974\/revisions\/2543"}],"up":[{"embeddable":true,"href":"https:\/\/itr.ufrrj.br\/portal\/wp-json\/wp\/v2\/pages\/1972"}],"wp:attachment":[{"href":"https:\/\/itr.ufrrj.br\/portal\/wp-json\/wp\/v2\/media?parent=1974"}],"curies":[{"name":"wp","href":"https:\/\/api.w.org\/{rel}","templated":true}]}}