{"id":1972,"date":"2014-10-20T10:04:22","date_gmt":"2014-10-20T13:04:22","guid":{"rendered":"http:\/\/www.itr.ufrrj.br\/portal\/?page_id=1972"},"modified":"2022-06-15T16:31:35","modified_gmt":"2022-06-15T19:31:35","slug":"setic","status":"publish","type":"page","link":"https:\/\/itr.ufrrj.br\/portal\/secoes\/setic\/","title":{"rendered":"Se\u00e7\u00e3o de Tecnologia da Informa\u00e7\u00e3o e Comunica\u00e7\u00e3o"},"content":{"rendered":"\n<p>A Se\u00e7\u00e3o de Tecnologia da Informa\u00e7\u00e3o e Comunica\u00e7\u00e3o do <em>Campus<\/em> Tr\u00eas Rios (SETIC) \u00e9 respons\u00e1vel por assessorar a comunidade acad\u00eamica do Instituto no que refere-se, como o pr\u00f3prio nome diz, \u00e0 tecnologia da informa\u00e7\u00e3o. Dentre os servi\u00e7os executados est\u00e3o: <a href=\"https:\/\/itr.ufrrj.br\/portal\/informatica\/acesso-a-rede-sem-fio\/\">Acesso \u00e0 rede sem fio<\/a>; gerenciamento de rede e infraestrutura; <a href=\"https:\/\/itr.ufrrj.br\/portal\/informatica\/desenvolvimento-de-sistemas\/\">desenvolvimento e hospedagem de sistemas e sites<\/a>; manuten\u00e7\u00e3o e instala\u00e7\u00e3o de computadores, sistemas operacionais, su\u00edtes de escrit\u00f3rio e antiv\u00edrus; cadastro de contas de email @ufrrj.br (<a href=\"https:\/\/itr.ufrrj.br\/email\/\">solicite o seu aqui<\/a>); aquisi\u00e7\u00e3o de recursos computacionais, hardwares e softwares; consultoria na aquisi\u00e7\u00e3o de bens e servi\u00e7os de TI; gerenciamento do Data Center Institucional; suporte \u00e0 solu\u00e7\u00f5es do Portal do Software P\u00fablico Brasileiro; <a href=\"https:\/\/converse.ufrrj.br\/\">comunicador instant\u00e2neo interno \u2013 CONVERSE<\/a>; <a href=\"https:\/\/itr.ufrrj.br\/portal\/informatica\/voip\/\">VoIP \u2013 telefonia pela internet<\/a>.<\/p>\n\n\n\n<p>Vale ressaltar que, para o desenvolvimento de suas atividades , a SETIC baseia-se no <a href=\"https:\/\/itr.ufrrj.br\/portal\/wp-content\/uploads\/docs\/ANS_v3.1-ITR.pdf\"><strong>Acordo de N\u00edvel de Servi\u00e7o<\/strong><\/a>, documento que norteia a Tecnologia de Informa\u00e7\u00e3o (TI) na UFRRJ.<\/p>\n\n\n\n<p>Todos os servi\u00e7os devem ser solicitados a Se\u00e7\u00e3o de Tecnologia da Informa\u00e7\u00e3o e Comunica\u00e7\u00e3o atrav\u00e9s do GLPI: <a href=\"https:\/\/itr.ufrrj.br\/glpi\">www.itr.ufrrj.br\/glpi<\/a>.<\/p>\n\n\n\n<p>Caso tenha d\u00favidas na utiliza\u00e7\u00e3o do GLPI, acesse o <a href=\"https:\/\/itr.ufrrj.br\/portal\/wp-content\/uploads\/docs\/tutorial_GLPI.pdf\">tutorial de abertura de chamados<\/a>.<\/p>\n\n\n\n<h2 class=\"wp-block-heading\">Contato<\/h2>\n\n\n\n<p>Telefone:<br><strong>(21) 2681-4922<\/strong><\/p>\n\n\n\n<p>Email:<br><a href=\"mailto:setic@ufrrj.br\"><strong>setic@ufrrj.br<\/strong><\/a><\/p>\n\n\n\n<h2 class=\"wp-block-heading\">Documentos<\/h2>\n\n\n<div class=\"wp-block-image\">\n<figure class=\"alignleft\"><img loading=\"lazy\" decoding=\"async\" width=\"40\" height=\"14\" src=\"http:\/\/www.itr.ufrrj.br\/portal\/wp-content\/uploads\/icones\/pdf.gif\" alt=\"\" class=\"wp-image-135\"\/><\/figure><\/div>\n\n\n<p><a href=\"https:\/\/itr.ufrrj.br\/portal\/wp-content\/uploads\/2014\/10\/Delib096CONSU2014.pdf\">Pol\u00edtica de Seguran\u00e7a da Informa\u00e7\u00e3o e Comunica\u00e7\u00f5es da UFRRJ<\/a><\/p>\n","protected":false},"excerpt":{"rendered":"<p>A Se\u00e7\u00e3o de Tecnologia da Informa\u00e7\u00e3o e Comunica\u00e7\u00e3o do Campus Tr\u00eas Rios (SETIC) \u00e9 respons\u00e1vel por assessorar a comunidade acad\u00eamica do Instituto no que refere-se, como o pr\u00f3prio nome diz, [&hellip;]<\/p>\n","protected":false},"author":4,"featured_media":0,"parent":5449,"menu_order":0,"comment_status":"closed","ping_status":"closed","template":"","meta":{"_acf_changed":false,"editor_plus_copied_stylings":"{}","footnotes":""},"class_list":["post-1972","page","type-page","status-publish","hentry"],"acf":[],"yoast_head":"<!-- This site is optimized with the Yoast SEO plugin v27.3 - https:\/\/yoast.com\/product\/yoast-seo-wordpress\/ -->\n<title>Se\u00e7\u00e3o de Tecnologia da Informa\u00e7\u00e3o e Comunica\u00e7\u00e3o - Campus Tr\u00eas Rios | UFRRJ<\/title>\n<meta name=\"robots\" content=\"index, follow, max-snippet:-1, max-image-preview:large, max-video-preview:-1\" \/>\n<link rel=\"canonical\" href=\"https:\/\/itr.ufrrj.br\/portal\/secoes\/setic\/\" \/>\n<meta property=\"og:locale\" content=\"pt_BR\" \/>\n<meta property=\"og:type\" content=\"article\" \/>\n<meta property=\"og:title\" content=\"SETIC\" \/>\n<meta property=\"og:description\" content=\"A Se\u00e7\u00e3o de Tecnologia da Informa\u00e7\u00e3o e Comunica\u00e7\u00e3o do Campus Tr\u00eas Rios (SETIC) \u00e9 respons\u00e1vel por assessorar a comunidade acad\u00eamica do Instituto no que refere-se, como o pr\u00f3prio nome diz, [&hellip;]\" \/>\n<meta property=\"og:url\" content=\"https:\/\/itr.ufrrj.br\/portal\/secoes\/setic\/\" \/>\n<meta property=\"og:site_name\" content=\"Campus Tr\u00eas Rios | UFRRJ\" \/>\n<meta property=\"article:publisher\" content=\"https:\/\/www.facebook.com\/itr.ufrrj\" \/>\n<meta property=\"article:modified_time\" content=\"2022-06-15T19:31:35+00:00\" \/>\n<meta property=\"og:image\" content=\"http:\/\/www.itr.ufrrj.br\/portal\/wp-content\/uploads\/icones\/pdf.gif\" \/>\n<meta name=\"twitter:card\" content=\"summary_large_image\" \/>\n<meta name=\"twitter:label1\" content=\"Est. tempo de leitura\" \/>\n\t<meta name=\"twitter:data1\" content=\"2 minutos\" \/>\n<script type=\"application\/ld+json\" class=\"yoast-schema-graph\">{\"@context\":\"https:\\\/\\\/schema.org\",\"@graph\":[{\"@type\":\"WebPage\",\"@id\":\"https:\\\/\\\/itr.ufrrj.br\\\/portal\\\/secoes\\\/setic\\\/\",\"url\":\"https:\\\/\\\/itr.ufrrj.br\\\/portal\\\/secoes\\\/setic\\\/\",\"name\":\"Se\u00e7\u00e3o de Tecnologia da Informa\u00e7\u00e3o e Comunica\u00e7\u00e3o - Campus Tr\u00eas Rios | UFRRJ\",\"isPartOf\":{\"@id\":\"https:\\\/\\\/itr.ufrrj.br\\\/portal\\\/#website\"},\"primaryImageOfPage\":{\"@id\":\"https:\\\/\\\/itr.ufrrj.br\\\/portal\\\/secoes\\\/setic\\\/#primaryimage\"},\"image\":{\"@id\":\"https:\\\/\\\/itr.ufrrj.br\\\/portal\\\/secoes\\\/setic\\\/#primaryimage\"},\"thumbnailUrl\":\"http:\\\/\\\/www.itr.ufrrj.br\\\/portal\\\/wp-content\\\/uploads\\\/icones\\\/pdf.gif\",\"datePublished\":\"2014-10-20T13:04:22+00:00\",\"dateModified\":\"2022-06-15T19:31:35+00:00\",\"breadcrumb\":{\"@id\":\"https:\\\/\\\/itr.ufrrj.br\\\/portal\\\/secoes\\\/setic\\\/#breadcrumb\"},\"inLanguage\":\"pt-BR\",\"potentialAction\":[{\"@type\":\"ReadAction\",\"target\":[\"https:\\\/\\\/itr.ufrrj.br\\\/portal\\\/secoes\\\/setic\\\/\"]}]},{\"@type\":\"ImageObject\",\"inLanguage\":\"pt-BR\",\"@id\":\"https:\\\/\\\/itr.ufrrj.br\\\/portal\\\/secoes\\\/setic\\\/#primaryimage\",\"url\":\"http:\\\/\\\/www.itr.ufrrj.br\\\/portal\\\/wp-content\\\/uploads\\\/icones\\\/pdf.gif\",\"contentUrl\":\"http:\\\/\\\/www.itr.ufrrj.br\\\/portal\\\/wp-content\\\/uploads\\\/icones\\\/pdf.gif\"},{\"@type\":\"BreadcrumbList\",\"@id\":\"https:\\\/\\\/itr.ufrrj.br\\\/portal\\\/secoes\\\/setic\\\/#breadcrumb\",\"itemListElement\":[{\"@type\":\"ListItem\",\"position\":1,\"name\":\"In\u00edcio\",\"item\":\"https:\\\/\\\/itr.ufrrj.br\\\/portal\\\/\"},{\"@type\":\"ListItem\",\"position\":2,\"name\":\"Se\u00e7\u00f5es\",\"item\":\"https:\\\/\\\/itr.ufrrj.br\\\/portal\\\/secoes\\\/\"},{\"@type\":\"ListItem\",\"position\":3,\"name\":\"Se\u00e7\u00e3o de Tecnologia da Informa\u00e7\u00e3o e Comunica\u00e7\u00e3o\"}]},{\"@type\":\"WebSite\",\"@id\":\"https:\\\/\\\/itr.ufrrj.br\\\/portal\\\/#website\",\"url\":\"https:\\\/\\\/itr.ufrrj.br\\\/portal\\\/\",\"name\":\"Campus Tr\u00eas Rios | UFRRJ\",\"description\":\"Localizado na cidade de Tr\u00eas Rios - RJ\",\"publisher\":{\"@id\":\"https:\\\/\\\/itr.ufrrj.br\\\/portal\\\/#organization\"},\"potentialAction\":[{\"@type\":\"SearchAction\",\"target\":{\"@type\":\"EntryPoint\",\"urlTemplate\":\"https:\\\/\\\/itr.ufrrj.br\\\/portal\\\/?s={search_term_string}\"},\"query-input\":{\"@type\":\"PropertyValueSpecification\",\"valueRequired\":true,\"valueName\":\"search_term_string\"}}],\"inLanguage\":\"pt-BR\"},{\"@type\":\"Organization\",\"@id\":\"https:\\\/\\\/itr.ufrrj.br\\\/portal\\\/#organization\",\"name\":\"Instituto Tr\u00eas Rios\\\/UFRRJ\",\"url\":\"https:\\\/\\\/itr.ufrrj.br\\\/portal\\\/\",\"logo\":{\"@type\":\"ImageObject\",\"inLanguage\":\"pt-BR\",\"@id\":\"https:\\\/\\\/itr.ufrrj.br\\\/portal\\\/#\\\/schema\\\/logo\\\/image\\\/\",\"url\":\"https:\\\/\\\/itr.ufrrj.br\\\/portal\\\/wp-content\\\/uploads\\\/2020\\\/04\\\/logo-institutotresrios-ufrrj.png\",\"contentUrl\":\"https:\\\/\\\/itr.ufrrj.br\\\/portal\\\/wp-content\\\/uploads\\\/2020\\\/04\\\/logo-institutotresrios-ufrrj.png\",\"width\":1067,\"height\":240,\"caption\":\"Instituto Tr\u00eas Rios\\\/UFRRJ\"},\"image\":{\"@id\":\"https:\\\/\\\/itr.ufrrj.br\\\/portal\\\/#\\\/schema\\\/logo\\\/image\\\/\"},\"sameAs\":[\"https:\\\/\\\/www.facebook.com\\\/itr.ufrrj\"]}]}<\/script>\n<!-- \/ Yoast SEO plugin. -->","yoast_head_json":{"title":"Se\u00e7\u00e3o de Tecnologia da Informa\u00e7\u00e3o e Comunica\u00e7\u00e3o - Campus Tr\u00eas Rios | UFRRJ","robots":{"index":"index","follow":"follow","max-snippet":"max-snippet:-1","max-image-preview":"max-image-preview:large","max-video-preview":"max-video-preview:-1"},"canonical":"https:\/\/itr.ufrrj.br\/portal\/secoes\/setic\/","og_locale":"pt_BR","og_type":"article","og_title":"SETIC","og_description":"A Se\u00e7\u00e3o de Tecnologia da Informa\u00e7\u00e3o e Comunica\u00e7\u00e3o do Campus Tr\u00eas Rios (SETIC) \u00e9 respons\u00e1vel por assessorar a comunidade acad\u00eamica do Instituto no que refere-se, como o pr\u00f3prio nome diz, [&hellip;]","og_url":"https:\/\/itr.ufrrj.br\/portal\/secoes\/setic\/","og_site_name":"Campus Tr\u00eas Rios | UFRRJ","article_publisher":"https:\/\/www.facebook.com\/itr.ufrrj","article_modified_time":"2022-06-15T19:31:35+00:00","og_image":[{"url":"http:\/\/www.itr.ufrrj.br\/portal\/wp-content\/uploads\/icones\/pdf.gif","type":"","width":"","height":""}],"twitter_card":"summary_large_image","twitter_misc":{"Est. tempo de leitura":"2 minutos"},"schema":{"@context":"https:\/\/schema.org","@graph":[{"@type":"WebPage","@id":"https:\/\/itr.ufrrj.br\/portal\/secoes\/setic\/","url":"https:\/\/itr.ufrrj.br\/portal\/secoes\/setic\/","name":"Se\u00e7\u00e3o de Tecnologia da Informa\u00e7\u00e3o e Comunica\u00e7\u00e3o - Campus Tr\u00eas Rios | UFRRJ","isPartOf":{"@id":"https:\/\/itr.ufrrj.br\/portal\/#website"},"primaryImageOfPage":{"@id":"https:\/\/itr.ufrrj.br\/portal\/secoes\/setic\/#primaryimage"},"image":{"@id":"https:\/\/itr.ufrrj.br\/portal\/secoes\/setic\/#primaryimage"},"thumbnailUrl":"http:\/\/www.itr.ufrrj.br\/portal\/wp-content\/uploads\/icones\/pdf.gif","datePublished":"2014-10-20T13:04:22+00:00","dateModified":"2022-06-15T19:31:35+00:00","breadcrumb":{"@id":"https:\/\/itr.ufrrj.br\/portal\/secoes\/setic\/#breadcrumb"},"inLanguage":"pt-BR","potentialAction":[{"@type":"ReadAction","target":["https:\/\/itr.ufrrj.br\/portal\/secoes\/setic\/"]}]},{"@type":"ImageObject","inLanguage":"pt-BR","@id":"https:\/\/itr.ufrrj.br\/portal\/secoes\/setic\/#primaryimage","url":"http:\/\/www.itr.ufrrj.br\/portal\/wp-content\/uploads\/icones\/pdf.gif","contentUrl":"http:\/\/www.itr.ufrrj.br\/portal\/wp-content\/uploads\/icones\/pdf.gif"},{"@type":"BreadcrumbList","@id":"https:\/\/itr.ufrrj.br\/portal\/secoes\/setic\/#breadcrumb","itemListElement":[{"@type":"ListItem","position":1,"name":"In\u00edcio","item":"https:\/\/itr.ufrrj.br\/portal\/"},{"@type":"ListItem","position":2,"name":"Se\u00e7\u00f5es","item":"https:\/\/itr.ufrrj.br\/portal\/secoes\/"},{"@type":"ListItem","position":3,"name":"Se\u00e7\u00e3o de Tecnologia da Informa\u00e7\u00e3o e Comunica\u00e7\u00e3o"}]},{"@type":"WebSite","@id":"https:\/\/itr.ufrrj.br\/portal\/#website","url":"https:\/\/itr.ufrrj.br\/portal\/","name":"Campus Tr\u00eas Rios | UFRRJ","description":"Localizado na cidade de Tr\u00eas Rios - RJ","publisher":{"@id":"https:\/\/itr.ufrrj.br\/portal\/#organization"},"potentialAction":[{"@type":"SearchAction","target":{"@type":"EntryPoint","urlTemplate":"https:\/\/itr.ufrrj.br\/portal\/?s={search_term_string}"},"query-input":{"@type":"PropertyValueSpecification","valueRequired":true,"valueName":"search_term_string"}}],"inLanguage":"pt-BR"},{"@type":"Organization","@id":"https:\/\/itr.ufrrj.br\/portal\/#organization","name":"Instituto Tr\u00eas Rios\/UFRRJ","url":"https:\/\/itr.ufrrj.br\/portal\/","logo":{"@type":"ImageObject","inLanguage":"pt-BR","@id":"https:\/\/itr.ufrrj.br\/portal\/#\/schema\/logo\/image\/","url":"https:\/\/itr.ufrrj.br\/portal\/wp-content\/uploads\/2020\/04\/logo-institutotresrios-ufrrj.png","contentUrl":"https:\/\/itr.ufrrj.br\/portal\/wp-content\/uploads\/2020\/04\/logo-institutotresrios-ufrrj.png","width":1067,"height":240,"caption":"Instituto Tr\u00eas Rios\/UFRRJ"},"image":{"@id":"https:\/\/itr.ufrrj.br\/portal\/#\/schema\/logo\/image\/"},"sameAs":["https:\/\/www.facebook.com\/itr.ufrrj"]}]}},"jetpack_sharing_enabled":true,"amp_enabled":true,"_links":{"self":[{"href":"https:\/\/itr.ufrrj.br\/portal\/wp-json\/wp\/v2\/pages\/1972","targetHints":{"allow":["GET"]}}],"collection":[{"href":"https:\/\/itr.ufrrj.br\/portal\/wp-json\/wp\/v2\/pages"}],"about":[{"href":"https:\/\/itr.ufrrj.br\/portal\/wp-json\/wp\/v2\/types\/page"}],"author":[{"embeddable":true,"href":"https:\/\/itr.ufrrj.br\/portal\/wp-json\/wp\/v2\/users\/4"}],"replies":[{"embeddable":true,"href":"https:\/\/itr.ufrrj.br\/portal\/wp-json\/wp\/v2\/comments?post=1972"}],"version-history":[{"count":25,"href":"https:\/\/itr.ufrrj.br\/portal\/wp-json\/wp\/v2\/pages\/1972\/revisions"}],"predecessor-version":[{"id":13225,"href":"https:\/\/itr.ufrrj.br\/portal\/wp-json\/wp\/v2\/pages\/1972\/revisions\/13225"}],"up":[{"embeddable":true,"href":"https:\/\/itr.ufrrj.br\/portal\/wp-json\/wp\/v2\/pages\/5449"}],"wp:attachment":[{"href":"https:\/\/itr.ufrrj.br\/portal\/wp-json\/wp\/v2\/media?parent=1972"}],"curies":[{"name":"wp","href":"https:\/\/api.w.org\/{rel}","templated":true}]}}