{"id":1943,"date":"2014-10-16T11:48:45","date_gmt":"2014-10-16T14:48:45","guid":{"rendered":"http:\/\/www.itr.ufrrj.br\/portal\/?page_id=1943"},"modified":"2019-03-21T11:24:26","modified_gmt":"2019-03-21T14:24:26","slug":"lista-de-pesquisas-e-publicacoes-do-dceex","status":"publish","type":"page","link":"https:\/\/itr.ufrrj.br\/portal\/departamentos\/dceex\/lista-de-pesquisas-e-publicacoes-do-dceex\/","title":{"rendered":"Publica\u00e7\u00f5es do Corpo Docente &#8211; DCEEX"},"content":{"rendered":"<p style=\"text-align: left;\">S\u00e3o apresentados a seguir, artigos cient\u00edficos, cap\u00edtulos de livros e notas t\u00e9cnicas do Corpo Docente do DCEEX.<\/p>\n<hr>\n<h1 style=\"text-align: left;\"><strong>2017<\/strong><\/h1>\n<h3><a href=\"http:\/\/anpur.org.br\/xviienanpur\/principal\/publicacoes\/XVII.ENANPUR_Anais\/ST_Sessoes_Tematicas\/ST%202\/ST%202.7\/ST%202.7-01.pdf\">A conflu\u00eancia perversa e a quest\u00e3o agr\u00e1ria brasileira<\/a><\/h3>\n<p>XVII ENANPUR<strong><br \/>\nAutores:<\/strong> Din\u00e1 Andrade Lima Ramos, Carlos Frederico Bom Kraemer, Lamounier Erthal Villela<\/p>\n<hr>\n<h1 style=\"text-align: left;\"><strong>2016<\/strong><\/h1>\n<h3><a href=\"http:\/\/osocialemquestao.ser.puc-rio.br\/media\/8_OSQ_36_Ramos_Aguiar_Villela.pdf\">O PROJETO PRODUTORES DE \u00c1GUA E FLORESTA EM RIO CLARO-RJ: UMA AN\u00c1LISE DA GOVERNAN\u00c7A NO PROJETO SOB A \u00d3TICA DA GEST\u00c3O SOCIAL<\/a><\/h3>\n<p><strong>Autores:<\/strong> D. A. L Ramos, F. R. Aguiar, L. E. Villela<\/p>\n<hr>\n<h1 style=\"text-align: left;\"><strong>2015<\/strong><\/h1>\n<h3>DESENVOLVIMENTO TERRITORIAL SUSTENT\u00c1VEL E A ESCALA LOCAL DAS POL\u00cdTICAS P\u00daBLICAS PARA O ENFRETAMENTO DA COMPETITIVIDADE INTERNACIONAL<\/h3>\n<p>Revista Cient\u00edfica do Centro Universit\u00e1rio de Barra Mansa.<strong><br \/>\nAutor:&nbsp;<\/strong>D. A. L. Ramos<\/p>\n<p>&nbsp;<\/p>\n<h3>Perfil do Mercado de Trabalho Brasileiro e dos Trabalhadores na Constru\u00e7\u00e3o Civil<\/h3>\n<div>Cap\u00edtulo de Livro<\/div>\n<div><strong>Autor:<\/strong> Sebasti\u00e3o Ferreira da Cunha<\/div>\n<p>&nbsp;<\/p>\n<h3>Condicionantes Estruturais do Mercado de Trabalho Brasileiro e o Perfil do Trabalhador da Constru\u00e7\u00e3o Civil<\/h3>\n<div>Anais do XIV Encontro Nacional da ABET, Campinas (SP)<\/div>\n<div><strong>Autores:<\/strong> Sebasti\u00e3o Ferreira da Cunha e Jos\u00e9 Dari Krein<\/div>\n<div><\/div>\n<hr>\n<h1><\/h1>\n<h1><strong>2014<\/strong><\/h1>\n<h3><a title=\"artigo\" href=\"http:\/\/www.itr.ufrrj.br\/portal\/instabilidade-financeira-no-espaco-uma-abordagem-monetaria-da-dinamica-economica-regional\/\">Instabilidade Financeira no Espa\u00e7o: Uma Abordagem Monet\u00e1ria da Din\u00e2mica Econ\u00f4mica Regional<\/a><\/h3>\n<p>Revista Economia e Sociedade (no prelo)<br \/>\n<strong>Autores:<\/strong>&nbsp;Te\u00f3filo Henrique P. Paula<br \/>\nMarco Crocco<\/p>\n<p>&nbsp;<\/p>\n<h3><a title=\"artigo\" href=\"http:\/\/www.itr.ufrrj.br\/portal\/flutuacoes-ciclicas-e-seus-efeitos-no-territorio-uma-nota-sobre-a-preferencia-pela-liquidez-regional\/\">Flutua\u00e7\u00f5es c\u00edclicas e seus efeitos no territ\u00f3rio: uma nota sobre a prefer\u00eancia pela liquidez regional<\/a><\/h3>\n<p>Congresso APDR (2014)<br \/>\n<strong>Autores:<\/strong> Te\u00f3filo Henrique P. de Paula<br \/>\nMarco Crocco<\/p>\n<p>&nbsp;<\/p>\n<h3>Bases Te\u00f3ricas dos Modelos de <em>Efficiency Wages<\/em> e da Contraposi\u00e7\u00e3o entre <em>Insiders<\/em> e <em>Outsiders<\/em> e o Comportamento do Mercado de Trabalho<\/h3>\n<div>Anais do XIX Encontro Nacional de Economia Pol\u00edtica, Florian\u00f3polis (SC)<\/div>\n<div><strong>Autor:<\/strong> Sebasti\u00e3o Ferreira da Cunha<\/div>\n<p>&nbsp;<\/p>\n<h3>A influ\u00eancia da desconcentra\u00e7\u00e3o da ind\u00fastria automobil\u00edstica brasileira no perfil do trabalhador a partir da d\u00e9cada de 1990<\/h3>\n<div>Anais da II Reuni\u00e3o Anual de Inicia\u00e7\u00e3o Cient\u00edfica da UFRRJ, Serop\u00e9dica (RJ)<\/div>\n<div><strong>Autores:<\/strong> Priscila de Ara\u00fajo Lima e Sebasti\u00e3o Ferreira da Cunha<\/div>\n<p>&nbsp;<\/p>\n<h3>Das pol\u00edticas p\u00fablicas para a agricultura \u00e0 consolida\u00e7\u00e3o do agroneg\u00f3cio: uma an\u00e1lise a partir do sistema de cr\u00e9dito e financiamento brasileiros<\/h3>\n<div>Anais do IX Congresso ALASRU, Cidade do M\u00e9xico (M\u00c9XICO)<\/div>\n<div><strong>Autor:<\/strong> Sebasti\u00e3o Ferreira da Cunha e Joelson Gon\u00e7alves de Carvalho<\/div>\n<p>&nbsp;<\/p>\n<h3>Mercados institucionais e assentamentos rurais: um estudo de caso<\/h3>\n<div>Anais do IX Congresso ALASRU, Cidade do M\u00e9xico (M\u00c9XICO)<\/div>\n<div><strong>Autores:<\/strong> Joelson Gon\u00e7alves de Carvalho e Sebasti\u00e3o Ferreira da Cunha<\/div>\n<p>&nbsp;<\/p>\n<hr>\n<h1>2013<\/h1>\n<h3><a title=\"artigo\" href=\"http:\/\/www.itr.ufrrj.br\/portal\/financiamento-e-diversidade-produtiva-um-modelo-baseado-em-agentes-com-flutuacoes-ciclicas-emergentes\/\">Financiamento e diversidade produtiva: um modelo baseado em agentes com flutua\u00e7\u00f5es c\u00edclicas emergentes<\/a><\/h3>\n<p>Revista de Economia Contempor\u00e2nea (2013)<br \/>\n<strong>Autores:<\/strong> Te\u00f3filo Henrique P. de Paula<br \/>\nMarco Crocco<\/p>\n<p>&nbsp;<\/p>\n<h3><a title=\"Artigo\" href=\"http:\/\/www.itr.ufrrj.br\/portal\/impactos-economicos-da-instalacao-de-um-shopping-center-em-seu-entorno-o-caso-do-shopping-independencia-em-juiz-de-fora\/\">Impactos econ\u00f4micos da instala\u00e7\u00e3o de um shopping center em seu entorno: o caso do Shopping Independ\u00eancia em Juiz de Fora<\/a><\/h3>\n<p>Revista de Hist\u00f3ria Econ\u00f4mica e Economia Regional Aplicada (2013)<br \/>\n<strong>Autores:<\/strong> Cid de Oliva Botelho Jr.<br \/>\nMaria Helena Facirolli Sobrinho<br \/>\nGl\u00e1ucia de Paula Falco<br \/>\nRog\u00e9rio Silva de Mattos<\/p>\n<p>&nbsp;<\/p>\n<h3>Concorr\u00eancia, Capital Financeiro, Estado e Reconfigura\u00e7\u00f5es no Mundo do Trabalho<\/h3>\n<div>Anais do XIII Encontro Nacional da ABET, Curitiba (PR)<\/div>\n<div><strong>Autores:<\/strong> Sebasti\u00e3o Ferreira da Cunha e Henrique Ferreira de Sousa<\/div>\n<p>&nbsp;<\/p>\n<h3>Mudan\u00e7as no Perfil do Trabalhador Trirriense a Partir das Iniciativas de Atra\u00e7\u00e3o de Investimentos Industriais<\/h3>\n<div>Anais da XXIII Jornada de Inicia\u00e7\u00e3o Cient\u00edfica da UFRRJ, Serop\u00e9dica (RJ)<\/div>\n<div><strong>Autores:<\/strong> Priscila de Ara\u00fajo Lima e Sebasti\u00e3o Ferreira da Cunha<\/div>\n<p>&nbsp;<\/p>\n<h3>Pref\u00e1cio de Livro Depend\u00eancia e Superexplora\u00e7\u00e3o do Trabalho no Capitalismo Contempor\u00e2neo<\/h3>\n<div><strong>Autor:<\/strong> Sebasti\u00e3o Ferreira da Cunha<\/div>\n<p>&nbsp;<\/p>\n<hr>\n<h1>2012<\/h1>\n<h3><a title=\"artigo\" href=\"http:\/\/www.itr.ufrrj.br\/portal\/arranjo-produtivo-local-de-moda-intima-de-nova-friburgo-rj-perfil-atual-e-perspectivas-de-desenvolvimento\/\">Arranjo Produtivo Local de Moda \u00cdntima de Nova Friburgo (RJ): perfil atual e perspectivas de desenvolvimento<\/a><\/h3>\n<p>Ci\u00eancias Humanas e Sociais em Revista (2012)<br \/>\n<strong>Autores:<\/strong> Fernanda Cavalcante Rangel<br \/>\nTe\u00f3filo Henrique P. de Paula<\/p>\n<p>&nbsp;<\/p>\n<h3><a title=\"Artigo\" href=\"http:\/\/www.itr.ufrrj.br\/portal\/gastos-publicos-e-crescimento-economico-recente-dos-estados-brasileiros\/\">Gastos p\u00fablicos e crescimento econ\u00f4mico recente dos estados brasileiros<\/a><\/h3>\n<p>Revista Economia &amp; Tecnologia (RET) | Volume 8, N\u00famero 3, p. 19-38, Jul\/Set 2012<br \/>\n<strong>Autores:<\/strong> Guilherme Jonas Costa da Silva<br \/>\nRoberto Salvador Santolin<\/p>\n<div><\/div>\n<h3>Interst\u00edcios do Processo de Valoriza\u00e7\u00e3o Fict\u00edcia<\/h3>\n<div>Anais do 7\u00ba Encontro Nacional de Pol\u00edtica Social, Vit\u00f3ria (ES)<\/div>\n<div><strong>Autor:<\/strong> Sebasti\u00e3o Ferreira da Cunha<\/div>\n<p>&nbsp;<\/p>\n<h3>Mudan\u00e7as nas Rela\u00e7\u00f5es de Trabalho no Brasil na D\u00e9cada de 1990<\/h3>\n<div>Anais da XXII Jornada de Inicia\u00e7\u00e3o Cient\u00edfica da UFRRJ, Serop\u00e9dica (RJ)<\/div>\n<div><strong>Autor:<\/strong> Sebasti\u00e3o Ferreira da Cunha<\/div>\n<p>&nbsp;<\/p>\n<hr>\n<p>&nbsp;<\/p>\n<h1><strong>2011<\/strong><\/h1>\n<h3><a title=\"Artigo\" href=\"http:\/\/www.itr.ufrrj.br\/portal\/migration-and-economic-growth-in-brazil-empirical-applications-based-on-the-solow-swan-model\/\">Migration and Economic Growth in Brazil: Empirical Applications Based on The Solow-Swan Model<\/a><\/h3>\n<p>The Developing Economies \u00a9 2011 Institute of Developing Economies<br \/>\n<strong>Autores:<\/strong> Andr\u00e9 Braz Golgher<br \/>\nL\u00edzia DE Figueiredo<br \/>\nRoberto Santolin<\/p>\n<p>&nbsp;<\/p>\n<h3>Internacionaliza\u00e7\u00e3o do Capital Monopolista<\/h3>\n<div>Revista Cadernos de Ci\u00eancias Sociais Aplicadas<\/div>\n<div><strong>Autor:<\/strong> Sebasti\u00e3o Ferreira da Cunha<\/div>\n<p>&nbsp;<\/p>\n<h3>Trabalho, Desigualdade e Desenvolvimento<\/h3>\n<div>Anais do XII Encontro Nacional da ABET, Jo\u00e3o Pessoa (PB)<\/div>\n<div><strong>Autor:<\/strong> Sebasti\u00e3o Ferreira da Cunha<\/div>\n<p>&nbsp;<\/p>\n<h3>Reestrutura\u00e7\u00e3o Produtiva, Capital Portador de Juros e Capital Fict\u00edcio<\/h3>\n<div>Anais do XVI Encontro Nacional de Economia Pol\u00edtica<\/div>\n<div><strong>Autor:<\/strong> Sebasti\u00e3o Ferreira da Cunha<\/div>\n<p>&nbsp;<\/p>\n<h3>Reestrutura\u00e7\u00e3o Produtiva nas Telecomunica\u00e7\u00f5es &#8211; um estudo de caso<\/h3>\n<div>Anais do XII Encontro Nacional da ABET, Jo\u00e3o Pessoa (PB)<\/div>\n<div><strong>Autor:<\/strong> Sebasti\u00e3o Ferreira da Cunha<\/div>\n<p>&nbsp;<\/p>\n<hr>\n<p>&nbsp;<\/p>\n<h1><strong>2010<\/strong><\/h1>\n<h3><a title=\"Artigo\" href=\"http:\/\/www.itr.ufrrj.br\/portal\/desigualdade-interpessoal-de-renda-implicacoes-sobre-o-crescimento-economico-dos-municipios-brasileiros\/\">Desigualdade Interpessoal de Renda: Implica\u00e7\u00f5es Sobre o Crescimento Econ\u00f4mico dos Munic\u00edpios Brasileiros<\/a><\/h3>\n<p>ANPEC, 2010, Salvador. 38 Encontro Nacional de Economia, 2010<br \/>\n<strong>Autores:<\/strong> Roberto Santolin<br \/>\nL\u00edzia de Figueiredo<\/p>\n<h4><\/h4>\n<hr>\n<p>&nbsp;<\/p>\n<h1>2009<\/h1>\n<h3><a title=\"Artigo\" href=\"http:\/\/www.itr.ufrrj.br\/portal\/lei-de-responsabilidade-fiscal-e-implicacoes-na-despesa-de-pessoal-e-de-investimento-nos-municipios-mineiros-um-estudo-com-dados-em-painel-dinamico\/\">Lei de Responsabilidade Fiscal e Implica\u00e7\u00f5es na Despesa de Pessoal e de Investimento nos Munic\u00edpios Mineiros: Um Estudo com Dados em Painel Din\u00e2mico<\/a><\/h3>\n<p>EST. ECON., S\u00c3O PAULO, V. 39, N. 4, P. 895-923, OUTUBRO-DEZEMBRO 2009<br \/>\n<strong>Autores:<\/strong> Roberto Santolin<br \/>\nFrederico Gonzaga Jayme Jr.<br \/>\nJ\u00falio C\u00e9sar dos Reis<\/p>\n<p>&nbsp;<\/p>\n<h3><a title=\"Artigo\" href=\"http:\/\/www.itr.ufrrj.br\/portal\/curvas-de-salarios-dinamicas-um-estudo-dos-determinantes-da-histerese-do-desemprego-no-brasil\/\">Curvas de Sal\u00e1rios Din\u00e2micas: Um Estudo dos Determinantes da Histerese do Desemprego no Brasil<\/a><\/h3>\n<p><span class=\"a\">Belo <\/span><span class=\"a\">Horizonte: UFMG\/Cedeplar, 2009<\/span><br \/>\n<strong>Autores:<\/strong> <span class=\"a\">Roberto Santolin<\/span><br \/>\n<span class=\"a\">Mari\u00e2ngela Furlan Antigo<\/span><\/p>\n<p>&nbsp;<\/p>\n<h3>Terceiriza\u00e7\u00e3o e Desigualdade<\/h3>\n<div>Revista Cadernos de Ci\u00eancias Sociais Aplicadas<\/div>\n<div><strong>Autor:<\/strong> Sebasti\u00e3o Ferreira da Cunha<\/div>\n<p>&nbsp;<\/p>\n<h3>Economia e Sinuca de Bico<\/h3>\n<div>Jornal Folha da Cidade \u2013 Bebedouro (SP)<\/div>\n<div><strong>Autor:<\/strong> Sebasti\u00e3o Ferreira da Cunha<\/div>\n<p>&nbsp;<\/p>\n<hr>\n<p>&nbsp;<\/p>\n<h1>2008<\/h1>\n<h3><a title=\"artigo\" href=\"http:\/\/www.itr.ufrrj.br\/portal\/arranjo-produtivo-local-de-rochas-ornamentais-do-estado-do-espirito-santo-delimitacao-e-analise-dos-niveis-de-desenvolvimento-dos-municipios-constituintes\/\">Arranjo Produtivo Local de Rochas Ornamentais do Estado do Esp\u00edrito Santo: delimita\u00e7\u00e3o e an\u00e1lise dos n\u00edveis de desenvolvimento dos munic\u00edpios constituintes<\/a><\/h3>\n<p>Revista Econ\u00f4mica do Nordeste, Fortaleza, v. 39, n\u00ba 1, jan-mar. 2008<br \/>\n<strong>Autor:<\/strong> Te\u00f3\ufb01lo Henrique Pereira de Paula<\/p>\n<p>&nbsp;<\/p>\n<h3>Do que Estamos Falando?<\/h3>\n<div>Jornal Folha da Cidade \u2013 Bebedouro (SP)<\/div>\n<div><strong>Autor:<\/strong> Sebasti\u00e3o Ferreira da Cunha<\/div>\n<p>&nbsp;<\/p>\n<hr>\n<p>&nbsp;<\/p>\n<h1>2007<\/h1>\n<h3>Trabalho e Movimento Sindical nos Novos P\u00f3los Automotivos no Brasil<\/h3>\n<div>Revista Estudos de Sociologia<\/div>\n<div><strong>Autores:<\/strong> Rosana Aparecida Ribeiro e Sebasti\u00e3o Ferreira da Cunha<\/div>\n<p>&nbsp;<\/p>\n<h3>Perfil do Trabalho na Cidade de S\u00e3o Jos\u00e9 do Rio Preto<\/h3>\n<div>Cap\u00edtulo de Livro<\/div>\n<div><strong>Autor:<\/strong> Sebasti\u00e3o Ferreira da Cunha<\/div>\n<p>&nbsp;<\/p>\n<h3>Mitsubishi: Organiza\u00e7\u00e3o da Produ\u00e7\u00e3o e do Trabalho<\/h3>\n<div>Cap\u00edtulo de Livro<\/div>\n<div><strong>Autores:<\/strong> Rosana Aparecida Ribeiro e Sebasti\u00e3o Ferreira da Cunha<\/div>\n<p>&nbsp;<\/p>\n<hr>\n<p>&nbsp;<\/p>\n<h1><strong>2006<\/strong><\/h1>\n<h3><a title=\"Artigo\" href=\"http:\/\/www.itr.ufrrj.br\/portal\/integracao-na-criacao-de-frangos-de-corte-na-microrregiao-de-vicosa-mg-viabilidade-economica-e-analise-de-risco\/\">Integra\u00e7\u00e3o na cria\u00e7\u00e3o de frangos de corte na microrregi\u00e3o de Vi\u00e7osa \u2013 MG: viabilidade econ\u00f4mica e an\u00e1lise de risco<\/a><\/h3>\n<p>RER, Rio de Janeiro, vol. 44, n\u00ba 04, p. 713-730, out\/dez 2006 \u2013 Impressa em dezembro 2006<br \/>\n<strong>Autores:<\/strong> Adelson Martins Figueiredo<br \/>\nPedro Ant\u00f4nio dos Santos<br \/>\nRoberto Santolin<br \/>\nBr\u00edcio dos Santos Reis<\/p>\n<p>&nbsp;<\/p>\n<hr>\n<p>&nbsp;<\/p>\n<h1><strong>2005<\/strong><\/h1>\n<h3><a title=\"Artigo\" href=\"http:\/\/www.itr.ufrrj.br\/portal\/moeda-unica-no-mercosul-possibilidades-e-limites\/\">Moeda \u00danica no Mercosul: Possibilidades e Limites<\/a><\/h3>\n<p>REVISTA DE ECONOMIA E AGRONEG\u00d3CIO, VOL.3, N\u00ba 3<br \/>\n<strong>Autores:<\/strong> Roberto Santolin<br \/>\nRosa Fontes<\/p>\n<p>&nbsp;<\/p>\n<h3><a title=\"Artigo\" href=\"http:\/\/www.itr.ufrrj.br\/portal\/inequality-in-minas-gerais-brazil-a-study-case-on-zona-da-mata-region\/\">Inequality in Minas Gerais, Brazil: A Study Case on Zona da Mata Region<\/a><\/h3>\n<p>In: First Meeting of the Society for the Study of Economic Inequality, 2005, Palma de Maiorca. ecineq.org, 2005.<br \/>\n<strong>Autores:<\/strong> Rosa Fontes<br \/>\nPatr\u00edcio A. S. Carneiro<br \/>\nRoberto Santolin<\/p>\n<p>&nbsp;<\/p>\n<h3>Mitsubishi: organiza\u00e7\u00e3o da produ\u00e7\u00e3o e do trabalho<\/h3>\n<div>Revista da ABET<\/div>\n<div><strong>Autores:<\/strong> Rosana Aparecida Ribeiro e Sebasti\u00e3o Ferreira da Cunha<\/div>\n<p>&nbsp;<\/p>\n<h3>Perfil Socioecon\u00f4mico dos Trabalhadores na Ind\u00fastria Automotiva e o Movimento Sindical: Grande S\u00e3o Paulo e Catal\u00e3o<\/h3>\n<div>Anais do 29\u00ba Encontro Anual da ANPOCS, Caxambu (MG)<\/div>\n<div><strong>Autores:<\/strong> Rosana Aparecida Ribeiro e Sebasti\u00e3o Ferreira da Cunha<\/div>\n<p>&nbsp;<\/p>\n<h3>Rela\u00e7\u00f5es entre os Processos de Reestrutura\u00e7\u00e3o das Rela\u00e7\u00f5es de Trabalho e de Financeiriza\u00e7\u00e3o da Riqueza Brasil a partir dos Anos 80<\/h3>\n<div>Anais do V Col\u00f3quio Latinoamericano de Economistas Pol\u00edticos, Cidade do M\u00e9xico (M\u00c9XICO)<\/div>\n<div><strong>Autor:<\/strong> Sebasti\u00e3o Ferreira da Cunha<\/div>\n<p>&nbsp;<\/p>\n<h3>Crise Pol\u00edtica e Economia<\/h3>\n<div>Jornal Bom Dia \u2013 S\u00e3o Jos\u00e9 do Rio Preto (SP)<\/div>\n<div><strong>Autores:<\/strong> Sebasti\u00e3o Ferreira da Cunha e Joelson Gon\u00e7alves de Carvalho<\/div>\n<h4><\/h4>\n<hr>\n<h1>2002<\/h1>\n<h3>O Mercado de Trabalho na Cidade de Uberl\u00e2ndia<\/h3>\n<div>Anais do 10\u00ba Semin\u00e1rio sobre Economia Mineira, Diamantina (MG)<\/div>\n<div><strong>Autores:<\/strong> Rosana Aparecida Ribeiro e Sebasti\u00e3o Ferreira da Cunha<\/div>\n<p>&nbsp;<\/p>\n<hr>\n<p>&nbsp;<\/p>\n<h1>2001<\/h1>\n<h3>Estrat\u00e9gias de Acumula\u00e7\u00e3o e a Resposta dos Trabalhadores<\/h3>\n<div>Anais do X Congresso Brasileiro de Sociologia, Fortaleza (CE)<\/div>\n<div>Autor: Sebasti\u00e3o Ferreira da Cunha<\/div>\n<p>&nbsp;<\/p>\n<h3>Neoliberalismo, Sindicatos e o Fazer-se Hegem\u00f4nico do Capital<\/h3>\n<div>Anais do V Congresso de Ci\u00eancias Humanas, Letras e Artes, Ouro Preto (MG)<\/div>\n<div>Autores: Sebasti\u00e3o Ferreira da Cunha e Renata Mainenti Gomes<\/div>\n<p>&nbsp;<\/p>\n<hr>\n<p>&nbsp;<\/p>\n<h1>2000<\/h1>\n<h3>Reestrutura\u00e7\u00e3o produtiva e as Novas Rela\u00e7\u00f5es entre Capital e Trabalho<\/h3>\n<div>Anais da III Semana de Ci\u00eancias Sociais, Uberl\u00e2ndia (MG)<\/div>\n<div>Autor: Sebasti\u00e3o Ferreira da Cunha<\/div>\n<p>&nbsp;<\/p>\n","protected":false},"excerpt":{"rendered":"<p>S\u00e3o apresentados a seguir, artigos cient\u00edficos, cap\u00edtulos de livros e notas t\u00e9cnicas do Corpo Docente do DCEEX. 2017 A conflu\u00eancia perversa e a quest\u00e3o agr\u00e1ria brasileira XVII ENANPUR Autores: Din\u00e1 [&hellip;]<\/p>\n","protected":false},"author":1,"featured_media":0,"parent":31,"menu_order":0,"comment_status":"closed","ping_status":"closed","template":"page-cursos.php","meta":{"_acf_changed":false,"editor_plus_copied_stylings":"{}","footnotes":""},"class_list":["post-1943","page","type-page","status-publish","hentry"],"acf":[],"yoast_head":"<!-- This site is optimized with the Yoast SEO plugin v27.4 - https:\/\/yoast.com\/product\/yoast-seo-wordpress\/ -->\n<title>Publica\u00e7\u00f5es do Corpo Docente - DCEEX - Campus Tr\u00eas Rios | UFRRJ<\/title>\n<meta name=\"robots\" content=\"index, follow, max-snippet:-1, max-image-preview:large, max-video-preview:-1\" \/>\n<link rel=\"canonical\" href=\"https:\/\/itr.ufrrj.br\/portal\/departamentos\/dceex\/lista-de-pesquisas-e-publicacoes-do-dceex\/\" \/>\n<meta property=\"og:locale\" content=\"pt_BR\" \/>\n<meta property=\"og:type\" content=\"article\" \/>\n<meta property=\"og:title\" content=\"Publica\u00e7\u00f5es do Corpo Docente - DCEEX - Campus Tr\u00eas Rios | UFRRJ\" \/>\n<meta property=\"og:description\" content=\"S\u00e3o apresentados a seguir, artigos cient\u00edficos, cap\u00edtulos de livros e notas t\u00e9cnicas do Corpo Docente do DCEEX. 2017 A conflu\u00eancia perversa e a quest\u00e3o agr\u00e1ria brasileira XVII ENANPUR Autores: Din\u00e1 [&hellip;]\" \/>\n<meta property=\"og:url\" content=\"https:\/\/itr.ufrrj.br\/portal\/departamentos\/dceex\/lista-de-pesquisas-e-publicacoes-do-dceex\/\" \/>\n<meta property=\"og:site_name\" content=\"Campus Tr\u00eas Rios | UFRRJ\" \/>\n<meta property=\"article:publisher\" content=\"https:\/\/www.facebook.com\/itr.ufrrj\" \/>\n<meta property=\"article:modified_time\" content=\"2019-03-21T14:24:26+00:00\" \/>\n<meta name=\"twitter:card\" content=\"summary_large_image\" \/>\n<meta name=\"twitter:label1\" content=\"Est. tempo de leitura\" \/>\n\t<meta name=\"twitter:data1\" content=\"8 minutos\" \/>\n<script type=\"application\/ld+json\" class=\"yoast-schema-graph\">{\"@context\":\"https:\\\/\\\/schema.org\",\"@graph\":[{\"@type\":\"WebPage\",\"@id\":\"https:\\\/\\\/itr.ufrrj.br\\\/portal\\\/departamentos\\\/dceex\\\/lista-de-pesquisas-e-publicacoes-do-dceex\\\/\",\"url\":\"https:\\\/\\\/itr.ufrrj.br\\\/portal\\\/departamentos\\\/dceex\\\/lista-de-pesquisas-e-publicacoes-do-dceex\\\/\",\"name\":\"Publica\u00e7\u00f5es do Corpo Docente - DCEEX - Campus Tr\u00eas Rios | UFRRJ\",\"isPartOf\":{\"@id\":\"https:\\\/\\\/itr.ufrrj.br\\\/portal\\\/#website\"},\"datePublished\":\"2014-10-16T14:48:45+00:00\",\"dateModified\":\"2019-03-21T14:24:26+00:00\",\"breadcrumb\":{\"@id\":\"https:\\\/\\\/itr.ufrrj.br\\\/portal\\\/departamentos\\\/dceex\\\/lista-de-pesquisas-e-publicacoes-do-dceex\\\/#breadcrumb\"},\"inLanguage\":\"pt-BR\",\"potentialAction\":[{\"@type\":\"ReadAction\",\"target\":[\"https:\\\/\\\/itr.ufrrj.br\\\/portal\\\/departamentos\\\/dceex\\\/lista-de-pesquisas-e-publicacoes-do-dceex\\\/\"]}]},{\"@type\":\"BreadcrumbList\",\"@id\":\"https:\\\/\\\/itr.ufrrj.br\\\/portal\\\/departamentos\\\/dceex\\\/lista-de-pesquisas-e-publicacoes-do-dceex\\\/#breadcrumb\",\"itemListElement\":[{\"@type\":\"ListItem\",\"position\":1,\"name\":\"In\u00edcio\",\"item\":\"https:\\\/\\\/itr.ufrrj.br\\\/portal\\\/\"},{\"@type\":\"ListItem\",\"position\":2,\"name\":\"Departamentos\",\"item\":\"https:\\\/\\\/itr.ufrrj.br\\\/portal\\\/departamentos\\\/\"},{\"@type\":\"ListItem\",\"position\":3,\"name\":\"DCEEx\",\"item\":\"https:\\\/\\\/itr.ufrrj.br\\\/portal\\\/departamentos\\\/dceex\\\/\"},{\"@type\":\"ListItem\",\"position\":4,\"name\":\"Publica\u00e7\u00f5es do Corpo Docente &#8211; DCEEX\"}]},{\"@type\":\"WebSite\",\"@id\":\"https:\\\/\\\/itr.ufrrj.br\\\/portal\\\/#website\",\"url\":\"https:\\\/\\\/itr.ufrrj.br\\\/portal\\\/\",\"name\":\"Campus Tr\u00eas Rios | UFRRJ\",\"description\":\"Localizado na cidade de Tr\u00eas Rios - RJ\",\"publisher\":{\"@id\":\"https:\\\/\\\/itr.ufrrj.br\\\/portal\\\/#organization\"},\"potentialAction\":[{\"@type\":\"SearchAction\",\"target\":{\"@type\":\"EntryPoint\",\"urlTemplate\":\"https:\\\/\\\/itr.ufrrj.br\\\/portal\\\/?s={search_term_string}\"},\"query-input\":{\"@type\":\"PropertyValueSpecification\",\"valueRequired\":true,\"valueName\":\"search_term_string\"}}],\"inLanguage\":\"pt-BR\"},{\"@type\":\"Organization\",\"@id\":\"https:\\\/\\\/itr.ufrrj.br\\\/portal\\\/#organization\",\"name\":\"Instituto Tr\u00eas Rios\\\/UFRRJ\",\"url\":\"https:\\\/\\\/itr.ufrrj.br\\\/portal\\\/\",\"logo\":{\"@type\":\"ImageObject\",\"inLanguage\":\"pt-BR\",\"@id\":\"https:\\\/\\\/itr.ufrrj.br\\\/portal\\\/#\\\/schema\\\/logo\\\/image\\\/\",\"url\":\"https:\\\/\\\/itr.ufrrj.br\\\/portal\\\/wp-content\\\/uploads\\\/2020\\\/04\\\/logo-institutotresrios-ufrrj.png\",\"contentUrl\":\"https:\\\/\\\/itr.ufrrj.br\\\/portal\\\/wp-content\\\/uploads\\\/2020\\\/04\\\/logo-institutotresrios-ufrrj.png\",\"width\":1067,\"height\":240,\"caption\":\"Instituto Tr\u00eas Rios\\\/UFRRJ\"},\"image\":{\"@id\":\"https:\\\/\\\/itr.ufrrj.br\\\/portal\\\/#\\\/schema\\\/logo\\\/image\\\/\"},\"sameAs\":[\"https:\\\/\\\/www.facebook.com\\\/itr.ufrrj\"]}]}<\/script>\n<!-- \/ Yoast SEO plugin. -->","yoast_head_json":{"title":"Publica\u00e7\u00f5es do Corpo Docente - DCEEX - Campus Tr\u00eas Rios | UFRRJ","robots":{"index":"index","follow":"follow","max-snippet":"max-snippet:-1","max-image-preview":"max-image-preview:large","max-video-preview":"max-video-preview:-1"},"canonical":"https:\/\/itr.ufrrj.br\/portal\/departamentos\/dceex\/lista-de-pesquisas-e-publicacoes-do-dceex\/","og_locale":"pt_BR","og_type":"article","og_title":"Publica\u00e7\u00f5es do Corpo Docente - DCEEX - Campus Tr\u00eas Rios | UFRRJ","og_description":"S\u00e3o apresentados a seguir, artigos cient\u00edficos, cap\u00edtulos de livros e notas t\u00e9cnicas do Corpo Docente do DCEEX. 2017 A conflu\u00eancia perversa e a quest\u00e3o agr\u00e1ria brasileira XVII ENANPUR Autores: Din\u00e1 [&hellip;]","og_url":"https:\/\/itr.ufrrj.br\/portal\/departamentos\/dceex\/lista-de-pesquisas-e-publicacoes-do-dceex\/","og_site_name":"Campus Tr\u00eas Rios | UFRRJ","article_publisher":"https:\/\/www.facebook.com\/itr.ufrrj","article_modified_time":"2019-03-21T14:24:26+00:00","twitter_card":"summary_large_image","twitter_misc":{"Est. tempo de leitura":"8 minutos"},"schema":{"@context":"https:\/\/schema.org","@graph":[{"@type":"WebPage","@id":"https:\/\/itr.ufrrj.br\/portal\/departamentos\/dceex\/lista-de-pesquisas-e-publicacoes-do-dceex\/","url":"https:\/\/itr.ufrrj.br\/portal\/departamentos\/dceex\/lista-de-pesquisas-e-publicacoes-do-dceex\/","name":"Publica\u00e7\u00f5es do Corpo Docente - DCEEX - Campus Tr\u00eas Rios | UFRRJ","isPartOf":{"@id":"https:\/\/itr.ufrrj.br\/portal\/#website"},"datePublished":"2014-10-16T14:48:45+00:00","dateModified":"2019-03-21T14:24:26+00:00","breadcrumb":{"@id":"https:\/\/itr.ufrrj.br\/portal\/departamentos\/dceex\/lista-de-pesquisas-e-publicacoes-do-dceex\/#breadcrumb"},"inLanguage":"pt-BR","potentialAction":[{"@type":"ReadAction","target":["https:\/\/itr.ufrrj.br\/portal\/departamentos\/dceex\/lista-de-pesquisas-e-publicacoes-do-dceex\/"]}]},{"@type":"BreadcrumbList","@id":"https:\/\/itr.ufrrj.br\/portal\/departamentos\/dceex\/lista-de-pesquisas-e-publicacoes-do-dceex\/#breadcrumb","itemListElement":[{"@type":"ListItem","position":1,"name":"In\u00edcio","item":"https:\/\/itr.ufrrj.br\/portal\/"},{"@type":"ListItem","position":2,"name":"Departamentos","item":"https:\/\/itr.ufrrj.br\/portal\/departamentos\/"},{"@type":"ListItem","position":3,"name":"DCEEx","item":"https:\/\/itr.ufrrj.br\/portal\/departamentos\/dceex\/"},{"@type":"ListItem","position":4,"name":"Publica\u00e7\u00f5es do Corpo Docente &#8211; DCEEX"}]},{"@type":"WebSite","@id":"https:\/\/itr.ufrrj.br\/portal\/#website","url":"https:\/\/itr.ufrrj.br\/portal\/","name":"Campus Tr\u00eas Rios | UFRRJ","description":"Localizado na cidade de Tr\u00eas Rios - RJ","publisher":{"@id":"https:\/\/itr.ufrrj.br\/portal\/#organization"},"potentialAction":[{"@type":"SearchAction","target":{"@type":"EntryPoint","urlTemplate":"https:\/\/itr.ufrrj.br\/portal\/?s={search_term_string}"},"query-input":{"@type":"PropertyValueSpecification","valueRequired":true,"valueName":"search_term_string"}}],"inLanguage":"pt-BR"},{"@type":"Organization","@id":"https:\/\/itr.ufrrj.br\/portal\/#organization","name":"Instituto Tr\u00eas Rios\/UFRRJ","url":"https:\/\/itr.ufrrj.br\/portal\/","logo":{"@type":"ImageObject","inLanguage":"pt-BR","@id":"https:\/\/itr.ufrrj.br\/portal\/#\/schema\/logo\/image\/","url":"https:\/\/itr.ufrrj.br\/portal\/wp-content\/uploads\/2020\/04\/logo-institutotresrios-ufrrj.png","contentUrl":"https:\/\/itr.ufrrj.br\/portal\/wp-content\/uploads\/2020\/04\/logo-institutotresrios-ufrrj.png","width":1067,"height":240,"caption":"Instituto Tr\u00eas Rios\/UFRRJ"},"image":{"@id":"https:\/\/itr.ufrrj.br\/portal\/#\/schema\/logo\/image\/"},"sameAs":["https:\/\/www.facebook.com\/itr.ufrrj"]}]}},"jetpack_sharing_enabled":true,"amp_enabled":false,"_links":{"self":[{"href":"https:\/\/itr.ufrrj.br\/portal\/wp-json\/wp\/v2\/pages\/1943","targetHints":{"allow":["GET"]}}],"collection":[{"href":"https:\/\/itr.ufrrj.br\/portal\/wp-json\/wp\/v2\/pages"}],"about":[{"href":"https:\/\/itr.ufrrj.br\/portal\/wp-json\/wp\/v2\/types\/page"}],"author":[{"embeddable":true,"href":"https:\/\/itr.ufrrj.br\/portal\/wp-json\/wp\/v2\/users\/1"}],"replies":[{"embeddable":true,"href":"https:\/\/itr.ufrrj.br\/portal\/wp-json\/wp\/v2\/comments?post=1943"}],"version-history":[{"count":33,"href":"https:\/\/itr.ufrrj.br\/portal\/wp-json\/wp\/v2\/pages\/1943\/revisions"}],"predecessor-version":[{"id":9082,"href":"https:\/\/itr.ufrrj.br\/portal\/wp-json\/wp\/v2\/pages\/1943\/revisions\/9082"}],"up":[{"embeddable":true,"href":"https:\/\/itr.ufrrj.br\/portal\/wp-json\/wp\/v2\/pages\/31"}],"wp:attachment":[{"href":"https:\/\/itr.ufrrj.br\/portal\/wp-json\/wp\/v2\/media?parent=1943"}],"curies":[{"name":"wp","href":"https:\/\/api.w.org\/{rel}","templated":true}]}}