{"id":168,"date":"2011-03-02T12:13:55","date_gmt":"2011-03-02T15:13:55","guid":{"rendered":"http:\/\/r1.ufrrj.br\/wp\/itr\/"},"modified":"2018-09-13T15:03:37","modified_gmt":"2018-09-13T18:03:37","slug":"pesquisa-e-extensao","status":"publish","type":"page","link":"https:\/\/itr.ufrrj.br\/portal\/cursos\/direito\/pesquisa-e-extensao\/","title":{"rendered":"Pesquisa e Extens\u00e3o"},"content":{"rendered":"<h2 style=\"text-align: justify;\">\u00c1REA DE CONCENTRA\u00c7\u00c3O<\/h2>\n<p style=\"text-align: justify;\"><strong>DIREITO, SOCIEDADE E DESENVOLVIMENTO <\/strong><\/p>\n<p style=\"text-align: justify;\">A Ci\u00eancia Jur\u00eddica e seu estudo no campo das rela\u00e7\u00f5es sociais centra-se moderna e marcadamente no \u00e2mbito da melhoria da qualidade de vida, virtude hoje alcan\u00e7ada pelos marcos da revisada teoria do desenvolvimento1 , seja em n\u00edvel pol\u00edtico, econ\u00f4mico, social e ainda jur\u00eddico, que marcam a sociedade contempor\u00e2nea. No espectro jur\u00eddico, \u00e9 de se compreender o contributo qualitativo das normas bem como a import\u00e2ncia dos sistemas de interpreta\u00e7\u00e3o e racionaliza\u00e7\u00e3o das mesmas, necessariamente voltadas para o tecido social \u00e0 elas submisso, e ainda nas institui\u00e7\u00f5es governamentais respons\u00e1veis pela sua elabora\u00e7\u00e3o, exerc\u00edcio e cumprimento do ordenamento jur\u00eddico2 . A no\u00e7\u00e3o de desenvolvimento, por sua vez, est\u00e1 diretamente associada \u00e0 constru\u00e7\u00e3o de condi\u00e7\u00f5es para a amplia\u00e7\u00e3o da autonomia de indiv\u00edduos e sociedades, atrav\u00e9s aqui contributo de institui\u00e7\u00f5es jur\u00eddicas e judici\u00e1rias aptas \u00e0 remo\u00e7\u00e3o de obst\u00e1culos \u00e0 expans\u00e3o da qualidade de vida, fator este desencadeador de amplitude nas oportunidades individuais e coletivas geradas pelo amplia\u00e7\u00e3o do acesso ao Direito, com educa\u00e7\u00e3o qualificada, pol\u00edticas de inclus\u00e3o social e democratiza\u00e7\u00e3o dos mercados, maior participa\u00e7\u00e3o na vida p\u00fablica e ainda efetiva oferta de servi\u00e7o p\u00fablico judicante de qualidade.<\/p>\n<h2 style=\"text-align: justify;\">LINHAS DE PESQUISA<\/h2>\n<p style=\"text-align: justify;\"><strong>a) Direito, Processo e Desenvolvimento <\/strong><\/p>\n<p style=\"text-align: justify;\"><strong>Objetivos:<\/strong> Linha que se insere a pesquisa relativa ao campo do Direito como fen\u00f4meno jur\u00eddico, social econ\u00f4mico e pol\u00edtico e sua plena satisfatividade diante da rela\u00e7\u00e3o entre Estado e cidad\u00e3o; o Processo como instrumento democr\u00e1tico e adequado ao tecido social vigente e a realiza\u00e7\u00e3o das pretens\u00f5es populares; instrumentos jurisdicionais e suas muta\u00e7\u00f5es para o estabelecimento e equil\u00edbrio do devido acesso \u00e0 ordem jur\u00eddica justa, a mundializa\u00e7\u00e3o e multiplica\u00e7\u00e3o dos direitos fundamentais e os meios prop\u00edcios \u00e0 solu\u00e7\u00e3o de conflitos. O Processo como elemento propulsor ao desenvolvimento &#8211; melhoria da qualidade de vida.<\/p>\n<p style=\"text-align: justify;\"><strong>b) Direitos Fundamentais e as repercuss\u00f5es nas rela\u00e7\u00f5es de Direito Privado<\/strong><\/p>\n<p style=\"text-align: justify;\"><strong> Objetivos:<\/strong> Hodiernamente, a garantia de Direitos Fundamentais apresenta-se em evidente incid\u00eancia no campo das rela\u00e7\u00f5es privadas. Neste \u00e2mbito, objetiva a presente linha de pesquisa fomentar a pesquisa no campo das repercuss\u00f5es jur\u00eddicas dos aludidos Direitos nas diversas searas privadas, sobretudo nos campos civil, penal, laboral, consumerista, empresarial e comercial.<\/p>\n<p style=\"text-align: justify;\"><strong>c) As Dimens\u00f5es socio-econ\u00f4micas do Direito <\/strong><\/p>\n<p style=\"text-align: justify;\"><strong>Objetivos:\u00a0<\/strong>Tem por objetivo a presente linha, fomentar o aprofundamento das pesquisas em torno dos contornos e alcances projetados pela\/na Ci\u00eancia Jur\u00eddica, seja atrav\u00e9s de ambientes aos quais o pr\u00f3prio Direito, tanto em n\u00edvel substancial quanto processualmente, ainda se adequa efetivamente, tais como os fen\u00f4menos da integra\u00e7\u00e3o econ\u00f4mica e globaliza\u00e7\u00e3o de mercados com as decorrentes demandas sociais, sobretudo nas \u00e1reas laboral, civil, consumerista ambiental e tribut\u00e1ria, que da\u00ed originam, reclamando espec\u00edficas regula\u00e7\u00f5es diante de uma mundializa\u00e7\u00e3o e multiplica\u00e7\u00e3o dos direitos, seja no que toca \u00e0 pr\u00f3pria ordem jur\u00eddica interna, quando envolta a demandas decorrentes de contextos sociais diversificados, demonstrando as aptid\u00f5es ou n\u00e3o de instrumentos jur\u00eddicos cl\u00e1ssicos voltados \u00e0 normatiza\u00e7\u00e3o e enfrentamento de quest\u00f5es socioecon\u00f4micas que repercutir\u00e3o nos n\u00edveis de qualidade de vida, e por isso na consecu\u00e7\u00e3o de uma pol\u00edtica desenvolvimentista.<\/p>\n<p style=\"text-align: justify;\">Aprovado pelo DCJS\/ITR<\/p>\n","protected":false},"excerpt":{"rendered":"<p>\u00c1REA DE CONCENTRA\u00c7\u00c3O DIREITO, SOCIEDADE E DESENVOLVIMENTO A Ci\u00eancia Jur\u00eddica e seu estudo no campo das rela\u00e7\u00f5es sociais centra-se moderna e marcadamente no \u00e2mbito da melhoria da qualidade de vida, [&hellip;]<\/p>\n","protected":false},"author":1,"featured_media":0,"parent":8268,"menu_order":0,"comment_status":"open","ping_status":"open","template":"page-cursos.php","meta":{"_acf_changed":false,"editor_plus_copied_stylings":"{}","footnotes":""},"class_list":["post-168","page","type-page","status-publish","hentry"],"acf":[],"yoast_head":"<!-- This site is optimized with the Yoast SEO plugin v27.4 - https:\/\/yoast.com\/product\/yoast-seo-wordpress\/ -->\n<title>Pesquisa e Extens\u00e3o - Campus Tr\u00eas Rios | UFRRJ<\/title>\n<meta name=\"robots\" content=\"index, follow, max-snippet:-1, max-image-preview:large, max-video-preview:-1\" \/>\n<link rel=\"canonical\" href=\"https:\/\/itr.ufrrj.br\/portal\/cursos\/direito\/pesquisa-e-extensao\/\" \/>\n<meta property=\"og:locale\" content=\"pt_BR\" \/>\n<meta property=\"og:type\" content=\"article\" \/>\n<meta property=\"og:title\" content=\"Pesquisa e Extens\u00e3o - Campus Tr\u00eas Rios | UFRRJ\" \/>\n<meta property=\"og:description\" content=\"\u00c1REA DE CONCENTRA\u00c7\u00c3O DIREITO, SOCIEDADE E DESENVOLVIMENTO A Ci\u00eancia Jur\u00eddica e seu estudo no campo das rela\u00e7\u00f5es sociais centra-se moderna e marcadamente no \u00e2mbito da melhoria da qualidade de vida, [&hellip;]\" \/>\n<meta property=\"og:url\" content=\"https:\/\/itr.ufrrj.br\/portal\/cursos\/direito\/pesquisa-e-extensao\/\" \/>\n<meta property=\"og:site_name\" content=\"Campus Tr\u00eas Rios | UFRRJ\" \/>\n<meta property=\"article:publisher\" content=\"https:\/\/www.facebook.com\/itr.ufrrj\" \/>\n<meta property=\"article:modified_time\" content=\"2018-09-13T18:03:37+00:00\" \/>\n<meta name=\"twitter:card\" content=\"summary_large_image\" \/>\n<meta name=\"twitter:label1\" content=\"Est. tempo de leitura\" \/>\n\t<meta name=\"twitter:data1\" content=\"3 minutos\" \/>\n<script type=\"application\/ld+json\" class=\"yoast-schema-graph\">{\"@context\":\"https:\\\/\\\/schema.org\",\"@graph\":[{\"@type\":\"WebPage\",\"@id\":\"https:\\\/\\\/itr.ufrrj.br\\\/portal\\\/cursos\\\/direito\\\/pesquisa-e-extensao\\\/\",\"url\":\"https:\\\/\\\/itr.ufrrj.br\\\/portal\\\/cursos\\\/direito\\\/pesquisa-e-extensao\\\/\",\"name\":\"Pesquisa e Extens\u00e3o - Campus Tr\u00eas Rios | UFRRJ\",\"isPartOf\":{\"@id\":\"https:\\\/\\\/itr.ufrrj.br\\\/portal\\\/#website\"},\"datePublished\":\"2011-03-02T15:13:55+00:00\",\"dateModified\":\"2018-09-13T18:03:37+00:00\",\"breadcrumb\":{\"@id\":\"https:\\\/\\\/itr.ufrrj.br\\\/portal\\\/cursos\\\/direito\\\/pesquisa-e-extensao\\\/#breadcrumb\"},\"inLanguage\":\"pt-BR\",\"potentialAction\":[{\"@type\":\"ReadAction\",\"target\":[\"https:\\\/\\\/itr.ufrrj.br\\\/portal\\\/cursos\\\/direito\\\/pesquisa-e-extensao\\\/\"]}]},{\"@type\":\"BreadcrumbList\",\"@id\":\"https:\\\/\\\/itr.ufrrj.br\\\/portal\\\/cursos\\\/direito\\\/pesquisa-e-extensao\\\/#breadcrumb\",\"itemListElement\":[{\"@type\":\"ListItem\",\"position\":1,\"name\":\"In\u00edcio\",\"item\":\"https:\\\/\\\/itr.ufrrj.br\\\/portal\\\/\"},{\"@type\":\"ListItem\",\"position\":2,\"name\":\"Cursos\",\"item\":\"https:\\\/\\\/itr.ufrrj.br\\\/portal\\\/cursos\\\/\"},{\"@type\":\"ListItem\",\"position\":3,\"name\":\"Direito\",\"item\":\"https:\\\/\\\/itr.ufrrj.br\\\/portal\\\/?page_id=8268\"},{\"@type\":\"ListItem\",\"position\":4,\"name\":\"Pesquisa e Extens\u00e3o\"}]},{\"@type\":\"WebSite\",\"@id\":\"https:\\\/\\\/itr.ufrrj.br\\\/portal\\\/#website\",\"url\":\"https:\\\/\\\/itr.ufrrj.br\\\/portal\\\/\",\"name\":\"Campus Tr\u00eas Rios | UFRRJ\",\"description\":\"Localizado na cidade de Tr\u00eas Rios - RJ\",\"publisher\":{\"@id\":\"https:\\\/\\\/itr.ufrrj.br\\\/portal\\\/#organization\"},\"potentialAction\":[{\"@type\":\"SearchAction\",\"target\":{\"@type\":\"EntryPoint\",\"urlTemplate\":\"https:\\\/\\\/itr.ufrrj.br\\\/portal\\\/?s={search_term_string}\"},\"query-input\":{\"@type\":\"PropertyValueSpecification\",\"valueRequired\":true,\"valueName\":\"search_term_string\"}}],\"inLanguage\":\"pt-BR\"},{\"@type\":\"Organization\",\"@id\":\"https:\\\/\\\/itr.ufrrj.br\\\/portal\\\/#organization\",\"name\":\"Instituto Tr\u00eas Rios\\\/UFRRJ\",\"url\":\"https:\\\/\\\/itr.ufrrj.br\\\/portal\\\/\",\"logo\":{\"@type\":\"ImageObject\",\"inLanguage\":\"pt-BR\",\"@id\":\"https:\\\/\\\/itr.ufrrj.br\\\/portal\\\/#\\\/schema\\\/logo\\\/image\\\/\",\"url\":\"https:\\\/\\\/itr.ufrrj.br\\\/portal\\\/wp-content\\\/uploads\\\/2020\\\/04\\\/logo-institutotresrios-ufrrj.png\",\"contentUrl\":\"https:\\\/\\\/itr.ufrrj.br\\\/portal\\\/wp-content\\\/uploads\\\/2020\\\/04\\\/logo-institutotresrios-ufrrj.png\",\"width\":1067,\"height\":240,\"caption\":\"Instituto Tr\u00eas Rios\\\/UFRRJ\"},\"image\":{\"@id\":\"https:\\\/\\\/itr.ufrrj.br\\\/portal\\\/#\\\/schema\\\/logo\\\/image\\\/\"},\"sameAs\":[\"https:\\\/\\\/www.facebook.com\\\/itr.ufrrj\"]}]}<\/script>\n<!-- \/ Yoast SEO plugin. -->","yoast_head_json":{"title":"Pesquisa e Extens\u00e3o - Campus Tr\u00eas Rios | UFRRJ","robots":{"index":"index","follow":"follow","max-snippet":"max-snippet:-1","max-image-preview":"max-image-preview:large","max-video-preview":"max-video-preview:-1"},"canonical":"https:\/\/itr.ufrrj.br\/portal\/cursos\/direito\/pesquisa-e-extensao\/","og_locale":"pt_BR","og_type":"article","og_title":"Pesquisa e Extens\u00e3o - Campus Tr\u00eas Rios | UFRRJ","og_description":"\u00c1REA DE CONCENTRA\u00c7\u00c3O DIREITO, SOCIEDADE E DESENVOLVIMENTO A Ci\u00eancia Jur\u00eddica e seu estudo no campo das rela\u00e7\u00f5es sociais centra-se moderna e marcadamente no \u00e2mbito da melhoria da qualidade de vida, [&hellip;]","og_url":"https:\/\/itr.ufrrj.br\/portal\/cursos\/direito\/pesquisa-e-extensao\/","og_site_name":"Campus Tr\u00eas Rios | UFRRJ","article_publisher":"https:\/\/www.facebook.com\/itr.ufrrj","article_modified_time":"2018-09-13T18:03:37+00:00","twitter_card":"summary_large_image","twitter_misc":{"Est. tempo de leitura":"3 minutos"},"schema":{"@context":"https:\/\/schema.org","@graph":[{"@type":"WebPage","@id":"https:\/\/itr.ufrrj.br\/portal\/cursos\/direito\/pesquisa-e-extensao\/","url":"https:\/\/itr.ufrrj.br\/portal\/cursos\/direito\/pesquisa-e-extensao\/","name":"Pesquisa e Extens\u00e3o - Campus Tr\u00eas Rios | UFRRJ","isPartOf":{"@id":"https:\/\/itr.ufrrj.br\/portal\/#website"},"datePublished":"2011-03-02T15:13:55+00:00","dateModified":"2018-09-13T18:03:37+00:00","breadcrumb":{"@id":"https:\/\/itr.ufrrj.br\/portal\/cursos\/direito\/pesquisa-e-extensao\/#breadcrumb"},"inLanguage":"pt-BR","potentialAction":[{"@type":"ReadAction","target":["https:\/\/itr.ufrrj.br\/portal\/cursos\/direito\/pesquisa-e-extensao\/"]}]},{"@type":"BreadcrumbList","@id":"https:\/\/itr.ufrrj.br\/portal\/cursos\/direito\/pesquisa-e-extensao\/#breadcrumb","itemListElement":[{"@type":"ListItem","position":1,"name":"In\u00edcio","item":"https:\/\/itr.ufrrj.br\/portal\/"},{"@type":"ListItem","position":2,"name":"Cursos","item":"https:\/\/itr.ufrrj.br\/portal\/cursos\/"},{"@type":"ListItem","position":3,"name":"Direito","item":"https:\/\/itr.ufrrj.br\/portal\/?page_id=8268"},{"@type":"ListItem","position":4,"name":"Pesquisa e Extens\u00e3o"}]},{"@type":"WebSite","@id":"https:\/\/itr.ufrrj.br\/portal\/#website","url":"https:\/\/itr.ufrrj.br\/portal\/","name":"Campus Tr\u00eas Rios | UFRRJ","description":"Localizado na cidade de Tr\u00eas Rios - RJ","publisher":{"@id":"https:\/\/itr.ufrrj.br\/portal\/#organization"},"potentialAction":[{"@type":"SearchAction","target":{"@type":"EntryPoint","urlTemplate":"https:\/\/itr.ufrrj.br\/portal\/?s={search_term_string}"},"query-input":{"@type":"PropertyValueSpecification","valueRequired":true,"valueName":"search_term_string"}}],"inLanguage":"pt-BR"},{"@type":"Organization","@id":"https:\/\/itr.ufrrj.br\/portal\/#organization","name":"Instituto Tr\u00eas Rios\/UFRRJ","url":"https:\/\/itr.ufrrj.br\/portal\/","logo":{"@type":"ImageObject","inLanguage":"pt-BR","@id":"https:\/\/itr.ufrrj.br\/portal\/#\/schema\/logo\/image\/","url":"https:\/\/itr.ufrrj.br\/portal\/wp-content\/uploads\/2020\/04\/logo-institutotresrios-ufrrj.png","contentUrl":"https:\/\/itr.ufrrj.br\/portal\/wp-content\/uploads\/2020\/04\/logo-institutotresrios-ufrrj.png","width":1067,"height":240,"caption":"Instituto Tr\u00eas Rios\/UFRRJ"},"image":{"@id":"https:\/\/itr.ufrrj.br\/portal\/#\/schema\/logo\/image\/"},"sameAs":["https:\/\/www.facebook.com\/itr.ufrrj"]}]}},"jetpack_sharing_enabled":true,"amp_enabled":false,"_links":{"self":[{"href":"https:\/\/itr.ufrrj.br\/portal\/wp-json\/wp\/v2\/pages\/168","targetHints":{"allow":["GET"]}}],"collection":[{"href":"https:\/\/itr.ufrrj.br\/portal\/wp-json\/wp\/v2\/pages"}],"about":[{"href":"https:\/\/itr.ufrrj.br\/portal\/wp-json\/wp\/v2\/types\/page"}],"author":[{"embeddable":true,"href":"https:\/\/itr.ufrrj.br\/portal\/wp-json\/wp\/v2\/users\/1"}],"replies":[{"embeddable":true,"href":"https:\/\/itr.ufrrj.br\/portal\/wp-json\/wp\/v2\/comments?post=168"}],"version-history":[{"count":10,"href":"https:\/\/itr.ufrrj.br\/portal\/wp-json\/wp\/v2\/pages\/168\/revisions"}],"predecessor-version":[{"id":8378,"href":"https:\/\/itr.ufrrj.br\/portal\/wp-json\/wp\/v2\/pages\/168\/revisions\/8378"}],"up":[{"embeddable":true,"href":"https:\/\/itr.ufrrj.br\/portal\/wp-json\/wp\/v2\/pages\/8268"}],"wp:attachment":[{"href":"https:\/\/itr.ufrrj.br\/portal\/wp-json\/wp\/v2\/media?parent=168"}],"curies":[{"name":"wp","href":"https:\/\/api.w.org\/{rel}","templated":true}]}}