{"id":163,"date":"2011-03-02T12:10:40","date_gmt":"2011-03-02T15:10:40","guid":{"rendered":"http:\/\/r1.ufrrj.br\/wp\/itr\/"},"modified":"2018-09-13T10:59:57","modified_gmt":"2018-09-13T13:59:57","slug":"historia-do-curso-de-direito","status":"publish","type":"page","link":"https:\/\/itr.ufrrj.br\/portal\/cursos\/direito\/historia-do-curso-de-direito\/","title":{"rendered":"Hist\u00f3ria do curso de Direito"},"content":{"rendered":"<h2 style=\"text-align: justify;\">HIST\u00d3RICO DO CURSO<b><br \/>\n<\/b><\/h2>\n<p style=\"text-align: justify;\">A Universidade Federal Rural do Rio de Janeiro (UFRRJ) \u00e9 uma centen\u00e1ria Institui\u00e7\u00e3o de Ensino Superior brasileira localizada no munic\u00edpio de Serop\u00e9dica no km 7 da BR-465, Rio de Janeiro. \u00c9 a universidade com o maior campus universit\u00e1rio da Am\u00e9rica Latina com aproximadamente 3024 hectares e um conjunto arquitet\u00f4nico de 131346 metros quadrados de \u00e1rea constru\u00edda. Historicamente \u00e9 conhecida como Universidade Rural do Brasil, por ter estabelecido as bases do ensino agropecu\u00e1rio no pa\u00eds.<\/p>\n<p style=\"text-align: justify;\">Ao longo de sua hist\u00f3ria, teve algumas atividades desenvolvidas em campi distantes da sede, localizada em Serop\u00e9dica. Foi assim com a experi\u00eancia com o campus avan\u00e7ado de Macap\u00e1, no ent\u00e3o territ\u00f3rio do Amap\u00e1, nas d\u00e9cadas de 70 e 80, onde foram desenvolvidas atividades de extens\u00e3o e oferecidos cursos de gradua\u00e7\u00e3o. Com a eleva\u00e7\u00e3o do territ\u00f3rio a estado da federa\u00e7\u00e3o e a cria\u00e7\u00e3o da Universidade Federal do Amap\u00e1, o campus foi incorporado a esta.<\/p>\n<p style=\"text-align: justify;\">No final dos anos 90, uma experi\u00eancia de expans\u00e3o associada a conv\u00eanios com municipalidades levou a UFRRJ a oferecer turmas fora de sede em Paracambi, Tr\u00eas Rios, Quatis, Nova Igua\u00e7u e Volta Redonda. Esta experi\u00eancia teve curta dura\u00e7\u00e3o por ser marcadamente inst\u00e1vel e n\u00e3o sustent\u00e1vel, carecendo de uma pol\u00edtica institucional que garantisse a qualidade do ensino indissociada da pesquisa e extens\u00e3o.<\/p>\n<p style=\"text-align: justify;\">A hist\u00f3ria da Rural, em Tr\u00eas Rios, teve in\u00edcio em 1998, apoiado no REUNI, programa derivado da ado\u00e7\u00e3o de uma pol\u00edtica p\u00fablica de governo que visa a expans\u00e3o da educa\u00e7\u00e3o superior presencial nas Institui\u00e7\u00f5es Federais de Educa\u00e7\u00e3o Superior (IFES). Trata-se de um Programa de expans\u00e3o de vagas e cursos de gradua\u00e7\u00e3o, novos campi e Institui\u00e7\u00f5es, inclusive no interior do pa\u00eds e regi\u00f5es perif\u00e9ricas das metr\u00f3poles.<\/p>\n<p style=\"text-align: justify;\">Sobre o guarda-chuva do REUNI, cada IFES expandiu com um Programa pr\u00f3prio, gestado dentro da Comunidade Universit\u00e1ria. A UFRRJ aprovou, a partir das indica\u00e7\u00f5es de departamentos e institutos, o Programa de Reestrutura\u00e7\u00e3o e Expans\u00e3o (PRE\/UFRRJ).<\/p>\n<p style=\"text-align: justify;\">Neste diapas\u00e3o, o Instituto de Tr\u00eas Rios foi inicialmente instalado no pr\u00e9dio do Col\u00e9gio \u201cEntre Rios\u201d e, posteriormente, no pr\u00e9dio do \u201cCol\u00e9gio Ruy Barbosa\u201d, oferecendo em janeiro de 2009 de 45 vagas para bacharelado em Direito. Hoje, o curso est\u00e1 instalado em sede pr\u00f3pria do Instituto de Tr\u00eas Rios, em uma edifica\u00e7\u00e3o nova inaugurada em abril de 2011 onde hoje est\u00e3o abrigados os cursos de Direito, Gest\u00e3o Ambiental, Economia e Administra\u00e7\u00e3o.<\/p>\n<p style=\"text-align: justify;\">\n<h2 style=\"text-align: justify;\">Ato Normativo de Autoriza\u00e7\u00e3o do Curso:<\/h2>\n<p style=\"text-align: justify;\">O Secret\u00e1rio de Regula\u00e7\u00e3o e Supervis\u00e3o da Educa\u00e7\u00e3o Superior, no uso da compet\u00eancia que lhe foi conferida pelo Decreto n\u00ba 7.480, de 16 de maio de 2011, tendo em vista o Decreto n\u00ba 5.773, de 9 de maio de 2006, e suas altera\u00e7\u00f5es, e a Portaria Normativa n\u00ba 40, de 12 de dezembro de 2007, republicada em 29 de dezembro de 2010, do Minist\u00e9rio da Educa\u00e7\u00e3o, resolve:<\/p>\n<p style=\"text-align: justify;\">Art. 1o Autorizar os cursos superiores de gradua\u00e7\u00e3o, conforme planilha anexa, ministrados pelas Institui\u00e7\u00f5es de Ensino Superior, nos termos do disposto no artigo 35, do Decreto n\u00ba 5.773, de 9 de maio de 2006, alterado pelo Decreto n\u00ba 6.303, de 12 de dezembro de 2007.<\/p>\n<p style=\"text-align: justify;\">Par\u00e1grafo \u00fanico. As autoriza\u00e7\u00f5es a que se refere esta Portaria s\u00e3o v\u00e1lidas exclusivamente para os cursos ministrados nos endere\u00e7os citados na planilha anexa.<\/p>\n","protected":false},"excerpt":{"rendered":"<p>HIST\u00d3RICO DO CURSO A Universidade Federal Rural do Rio de Janeiro (UFRRJ) \u00e9 uma centen\u00e1ria Institui\u00e7\u00e3o de Ensino Superior brasileira localizada no munic\u00edpio de Serop\u00e9dica no km 7 da BR-465, [&hellip;]<\/p>\n","protected":false},"author":1,"featured_media":0,"parent":8268,"menu_order":0,"comment_status":"open","ping_status":"open","template":"page-cursos.php","meta":{"_acf_changed":false,"editor_plus_copied_stylings":"{}","footnotes":""},"class_list":["post-163","page","type-page","status-publish","hentry"],"acf":[],"yoast_head":"<!-- This site is optimized with the Yoast SEO plugin v27.4 - https:\/\/yoast.com\/product\/yoast-seo-wordpress\/ -->\n<title>Hist\u00f3ria do curso de Direito - Campus Tr\u00eas Rios | UFRRJ<\/title>\n<meta name=\"robots\" content=\"index, follow, max-snippet:-1, max-image-preview:large, max-video-preview:-1\" \/>\n<link rel=\"canonical\" href=\"https:\/\/itr.ufrrj.br\/portal\/cursos\/direito\/historia-do-curso-de-direito\/\" \/>\n<meta property=\"og:locale\" content=\"pt_BR\" \/>\n<meta property=\"og:type\" content=\"article\" \/>\n<meta property=\"og:title\" content=\"Hist\u00f3ria do curso de Direito - Campus Tr\u00eas Rios | UFRRJ\" \/>\n<meta property=\"og:description\" content=\"HIST\u00d3RICO DO CURSO A Universidade Federal Rural do Rio de Janeiro (UFRRJ) \u00e9 uma centen\u00e1ria Institui\u00e7\u00e3o de Ensino Superior brasileira localizada no munic\u00edpio de Serop\u00e9dica no km 7 da BR-465, [&hellip;]\" \/>\n<meta property=\"og:url\" content=\"https:\/\/itr.ufrrj.br\/portal\/cursos\/direito\/historia-do-curso-de-direito\/\" \/>\n<meta property=\"og:site_name\" content=\"Campus Tr\u00eas Rios | UFRRJ\" \/>\n<meta property=\"article:publisher\" content=\"https:\/\/www.facebook.com\/itr.ufrrj\" \/>\n<meta property=\"article:modified_time\" content=\"2018-09-13T13:59:57+00:00\" \/>\n<meta name=\"twitter:card\" content=\"summary_large_image\" \/>\n<meta name=\"twitter:label1\" content=\"Est. tempo de leitura\" \/>\n\t<meta name=\"twitter:data1\" content=\"3 minutos\" \/>\n<script type=\"application\/ld+json\" class=\"yoast-schema-graph\">{\"@context\":\"https:\\\/\\\/schema.org\",\"@graph\":[{\"@type\":\"WebPage\",\"@id\":\"https:\\\/\\\/itr.ufrrj.br\\\/portal\\\/cursos\\\/direito\\\/historia-do-curso-de-direito\\\/\",\"url\":\"https:\\\/\\\/itr.ufrrj.br\\\/portal\\\/cursos\\\/direito\\\/historia-do-curso-de-direito\\\/\",\"name\":\"Hist\u00f3ria do curso de Direito - Campus Tr\u00eas Rios | UFRRJ\",\"isPartOf\":{\"@id\":\"https:\\\/\\\/itr.ufrrj.br\\\/portal\\\/#website\"},\"datePublished\":\"2011-03-02T15:10:40+00:00\",\"dateModified\":\"2018-09-13T13:59:57+00:00\",\"breadcrumb\":{\"@id\":\"https:\\\/\\\/itr.ufrrj.br\\\/portal\\\/cursos\\\/direito\\\/historia-do-curso-de-direito\\\/#breadcrumb\"},\"inLanguage\":\"pt-BR\",\"potentialAction\":[{\"@type\":\"ReadAction\",\"target\":[\"https:\\\/\\\/itr.ufrrj.br\\\/portal\\\/cursos\\\/direito\\\/historia-do-curso-de-direito\\\/\"]}]},{\"@type\":\"BreadcrumbList\",\"@id\":\"https:\\\/\\\/itr.ufrrj.br\\\/portal\\\/cursos\\\/direito\\\/historia-do-curso-de-direito\\\/#breadcrumb\",\"itemListElement\":[{\"@type\":\"ListItem\",\"position\":1,\"name\":\"In\u00edcio\",\"item\":\"https:\\\/\\\/itr.ufrrj.br\\\/portal\\\/\"},{\"@type\":\"ListItem\",\"position\":2,\"name\":\"Cursos\",\"item\":\"https:\\\/\\\/itr.ufrrj.br\\\/portal\\\/cursos\\\/\"},{\"@type\":\"ListItem\",\"position\":3,\"name\":\"Direito\",\"item\":\"https:\\\/\\\/itr.ufrrj.br\\\/portal\\\/?page_id=8268\"},{\"@type\":\"ListItem\",\"position\":4,\"name\":\"Hist\u00f3ria do curso de Direito\"}]},{\"@type\":\"WebSite\",\"@id\":\"https:\\\/\\\/itr.ufrrj.br\\\/portal\\\/#website\",\"url\":\"https:\\\/\\\/itr.ufrrj.br\\\/portal\\\/\",\"name\":\"Campus Tr\u00eas Rios | UFRRJ\",\"description\":\"Localizado na cidade de Tr\u00eas Rios - RJ\",\"publisher\":{\"@id\":\"https:\\\/\\\/itr.ufrrj.br\\\/portal\\\/#organization\"},\"potentialAction\":[{\"@type\":\"SearchAction\",\"target\":{\"@type\":\"EntryPoint\",\"urlTemplate\":\"https:\\\/\\\/itr.ufrrj.br\\\/portal\\\/?s={search_term_string}\"},\"query-input\":{\"@type\":\"PropertyValueSpecification\",\"valueRequired\":true,\"valueName\":\"search_term_string\"}}],\"inLanguage\":\"pt-BR\"},{\"@type\":\"Organization\",\"@id\":\"https:\\\/\\\/itr.ufrrj.br\\\/portal\\\/#organization\",\"name\":\"Instituto Tr\u00eas Rios\\\/UFRRJ\",\"url\":\"https:\\\/\\\/itr.ufrrj.br\\\/portal\\\/\",\"logo\":{\"@type\":\"ImageObject\",\"inLanguage\":\"pt-BR\",\"@id\":\"https:\\\/\\\/itr.ufrrj.br\\\/portal\\\/#\\\/schema\\\/logo\\\/image\\\/\",\"url\":\"https:\\\/\\\/itr.ufrrj.br\\\/portal\\\/wp-content\\\/uploads\\\/2020\\\/04\\\/logo-institutotresrios-ufrrj.png\",\"contentUrl\":\"https:\\\/\\\/itr.ufrrj.br\\\/portal\\\/wp-content\\\/uploads\\\/2020\\\/04\\\/logo-institutotresrios-ufrrj.png\",\"width\":1067,\"height\":240,\"caption\":\"Instituto Tr\u00eas Rios\\\/UFRRJ\"},\"image\":{\"@id\":\"https:\\\/\\\/itr.ufrrj.br\\\/portal\\\/#\\\/schema\\\/logo\\\/image\\\/\"},\"sameAs\":[\"https:\\\/\\\/www.facebook.com\\\/itr.ufrrj\"]}]}<\/script>\n<!-- \/ Yoast SEO plugin. -->","yoast_head_json":{"title":"Hist\u00f3ria do curso de Direito - Campus Tr\u00eas Rios | UFRRJ","robots":{"index":"index","follow":"follow","max-snippet":"max-snippet:-1","max-image-preview":"max-image-preview:large","max-video-preview":"max-video-preview:-1"},"canonical":"https:\/\/itr.ufrrj.br\/portal\/cursos\/direito\/historia-do-curso-de-direito\/","og_locale":"pt_BR","og_type":"article","og_title":"Hist\u00f3ria do curso de Direito - Campus Tr\u00eas Rios | UFRRJ","og_description":"HIST\u00d3RICO DO CURSO A Universidade Federal Rural do Rio de Janeiro (UFRRJ) \u00e9 uma centen\u00e1ria Institui\u00e7\u00e3o de Ensino Superior brasileira localizada no munic\u00edpio de Serop\u00e9dica no km 7 da BR-465, [&hellip;]","og_url":"https:\/\/itr.ufrrj.br\/portal\/cursos\/direito\/historia-do-curso-de-direito\/","og_site_name":"Campus Tr\u00eas Rios | UFRRJ","article_publisher":"https:\/\/www.facebook.com\/itr.ufrrj","article_modified_time":"2018-09-13T13:59:57+00:00","twitter_card":"summary_large_image","twitter_misc":{"Est. tempo de leitura":"3 minutos"},"schema":{"@context":"https:\/\/schema.org","@graph":[{"@type":"WebPage","@id":"https:\/\/itr.ufrrj.br\/portal\/cursos\/direito\/historia-do-curso-de-direito\/","url":"https:\/\/itr.ufrrj.br\/portal\/cursos\/direito\/historia-do-curso-de-direito\/","name":"Hist\u00f3ria do curso de Direito - Campus Tr\u00eas Rios | UFRRJ","isPartOf":{"@id":"https:\/\/itr.ufrrj.br\/portal\/#website"},"datePublished":"2011-03-02T15:10:40+00:00","dateModified":"2018-09-13T13:59:57+00:00","breadcrumb":{"@id":"https:\/\/itr.ufrrj.br\/portal\/cursos\/direito\/historia-do-curso-de-direito\/#breadcrumb"},"inLanguage":"pt-BR","potentialAction":[{"@type":"ReadAction","target":["https:\/\/itr.ufrrj.br\/portal\/cursos\/direito\/historia-do-curso-de-direito\/"]}]},{"@type":"BreadcrumbList","@id":"https:\/\/itr.ufrrj.br\/portal\/cursos\/direito\/historia-do-curso-de-direito\/#breadcrumb","itemListElement":[{"@type":"ListItem","position":1,"name":"In\u00edcio","item":"https:\/\/itr.ufrrj.br\/portal\/"},{"@type":"ListItem","position":2,"name":"Cursos","item":"https:\/\/itr.ufrrj.br\/portal\/cursos\/"},{"@type":"ListItem","position":3,"name":"Direito","item":"https:\/\/itr.ufrrj.br\/portal\/?page_id=8268"},{"@type":"ListItem","position":4,"name":"Hist\u00f3ria do curso de Direito"}]},{"@type":"WebSite","@id":"https:\/\/itr.ufrrj.br\/portal\/#website","url":"https:\/\/itr.ufrrj.br\/portal\/","name":"Campus Tr\u00eas Rios | UFRRJ","description":"Localizado na cidade de Tr\u00eas Rios - RJ","publisher":{"@id":"https:\/\/itr.ufrrj.br\/portal\/#organization"},"potentialAction":[{"@type":"SearchAction","target":{"@type":"EntryPoint","urlTemplate":"https:\/\/itr.ufrrj.br\/portal\/?s={search_term_string}"},"query-input":{"@type":"PropertyValueSpecification","valueRequired":true,"valueName":"search_term_string"}}],"inLanguage":"pt-BR"},{"@type":"Organization","@id":"https:\/\/itr.ufrrj.br\/portal\/#organization","name":"Instituto Tr\u00eas Rios\/UFRRJ","url":"https:\/\/itr.ufrrj.br\/portal\/","logo":{"@type":"ImageObject","inLanguage":"pt-BR","@id":"https:\/\/itr.ufrrj.br\/portal\/#\/schema\/logo\/image\/","url":"https:\/\/itr.ufrrj.br\/portal\/wp-content\/uploads\/2020\/04\/logo-institutotresrios-ufrrj.png","contentUrl":"https:\/\/itr.ufrrj.br\/portal\/wp-content\/uploads\/2020\/04\/logo-institutotresrios-ufrrj.png","width":1067,"height":240,"caption":"Instituto Tr\u00eas Rios\/UFRRJ"},"image":{"@id":"https:\/\/itr.ufrrj.br\/portal\/#\/schema\/logo\/image\/"},"sameAs":["https:\/\/www.facebook.com\/itr.ufrrj"]}]}},"jetpack_sharing_enabled":true,"amp_enabled":false,"_links":{"self":[{"href":"https:\/\/itr.ufrrj.br\/portal\/wp-json\/wp\/v2\/pages\/163","targetHints":{"allow":["GET"]}}],"collection":[{"href":"https:\/\/itr.ufrrj.br\/portal\/wp-json\/wp\/v2\/pages"}],"about":[{"href":"https:\/\/itr.ufrrj.br\/portal\/wp-json\/wp\/v2\/types\/page"}],"author":[{"embeddable":true,"href":"https:\/\/itr.ufrrj.br\/portal\/wp-json\/wp\/v2\/users\/1"}],"replies":[{"embeddable":true,"href":"https:\/\/itr.ufrrj.br\/portal\/wp-json\/wp\/v2\/comments?post=163"}],"version-history":[{"count":2,"href":"https:\/\/itr.ufrrj.br\/portal\/wp-json\/wp\/v2\/pages\/163\/revisions"}],"predecessor-version":[{"id":8346,"href":"https:\/\/itr.ufrrj.br\/portal\/wp-json\/wp\/v2\/pages\/163\/revisions\/8346"}],"up":[{"embeddable":true,"href":"https:\/\/itr.ufrrj.br\/portal\/wp-json\/wp\/v2\/pages\/8268"}],"wp:attachment":[{"href":"https:\/\/itr.ufrrj.br\/portal\/wp-json\/wp\/v2\/media?parent=163"}],"curies":[{"name":"wp","href":"https:\/\/api.w.org\/{rel}","templated":true}]}}