{"id":1503,"date":"2014-02-18T16:00:28","date_gmt":"2014-02-18T19:00:28","guid":{"rendered":"http:\/\/www.itr.ufrrj.br\/portal\/?page_id=1503"},"modified":"2019-03-20T15:31:01","modified_gmt":"2019-03-20T18:31:01","slug":"links-uteis","status":"publish","type":"page","link":"https:\/\/itr.ufrrj.br\/portal\/npj\/links-uteis\/","title":{"rendered":"Links \u00fateis"},"content":{"rendered":"<h2>Revistas<\/h2>\n<ul>\n<li>Revista Jur\u00eddica Eletr\u00f4nica Direito, Sociedade e Desenvolvimento &#8211;&nbsp;<a href=\"http:\/\/www.ufrrj.br\/SEER\/index.php?journal=RJEDSD\">www.ufrrj.br\/SEER\/index.php?journal=RJEDSD<\/a><\/li>\n<\/ul>\n<p>&nbsp;<\/p>\n<h2>Links<\/h2>\n<ul>\n<li>STF &#8211; Supremo Tribunal Federal &#8211; <a href=\"http:\/\/www.stf.gov.br\/\u200e\">www.stf.gov.br<\/a><\/li>\n<li>STJ &#8211; Supremo Tribunal de Justi\u00e7a &#8211; <a href=\"http:\/\/www.stj.gov.br\/\u200e\">www.stj.gov.br<\/a><\/li>\n<li>TJ\/RJ &#8211; Tribunal de Justi\u00e7a do Estado do Rio de Janeiro &#8211; <a href=\"http:\/\/www.tjrj.jus.br\/\u200e\">http:\/\/www.tjrj.jus.br<\/a><\/li>\n<li>CNJ &#8211; Conselho Nacional de Justi\u00e7a &#8211; <a href=\"http:\/\/www.cnj.jus.br\/\u200e\">www.cnj.jus.br<\/a><\/li>\n<li>Dom\u00ednio P\u00fablico &#8211; <a href=\"http:\/\/www.dominiopublico.gov.br\/\u200e\">www.dominiopublico.gov.br<\/a><\/li>\n<li>Funda\u00e7\u00e3o Biblioteca Nacional &#8211; <a href=\"http:\/\/www.bn.br\">www.bn.br<\/a><\/li>\n<li>MPF &#8211; Minist\u00e9rio P\u00fablico Federal &#8211; <a href=\"http:\/\/www.mpf.mp.br\/\u200e\">www.mpf.mp.br<\/a><\/li>\n<li>MP\/RJ &#8211; Minist\u00e9rio P\u00fablico do Estado do Rio de Janeiro &#8211; <a href=\"http:\/\/www.mprj.mp.br\/\u200e\">www.mprj.mp.br<\/a><\/li>\n<li>DPU &#8211; Defensoria P\u00fablica da Uni\u00e3o &#8211; <a href=\"http:\/\/www.dpu.gov.br\/\">www.dpu.gov.br<\/a><\/li>\n<\/ul>\n","protected":false},"excerpt":{"rendered":"<p>Revistas Revista Jur\u00eddica Eletr\u00f4nica Direito, Sociedade e Desenvolvimento &#8211;&nbsp;www.ufrrj.br\/SEER\/index.php?journal=RJEDSD &nbsp; Links STF &#8211; Supremo Tribunal Federal &#8211; www.stf.gov.br STJ &#8211; Supremo Tribunal de Justi\u00e7a &#8211; www.stj.gov.br TJ\/RJ &#8211; Tribunal de [&hellip;]<\/p>\n","protected":false},"author":1,"featured_media":0,"parent":8200,"menu_order":0,"comment_status":"closed","ping_status":"closed","template":"page-cursos.php","meta":{"_acf_changed":false,"editor_plus_copied_stylings":"{}","footnotes":""},"class_list":["post-1503","page","type-page","status-publish","hentry"],"acf":[],"yoast_head":"<!-- This site is optimized with the Yoast SEO plugin v27.4 - https:\/\/yoast.com\/product\/yoast-seo-wordpress\/ -->\n<title>Links \u00fateis - Campus Tr\u00eas Rios | UFRRJ<\/title>\n<meta name=\"robots\" content=\"index, follow, max-snippet:-1, max-image-preview:large, max-video-preview:-1\" \/>\n<link rel=\"canonical\" href=\"https:\/\/itr.ufrrj.br\/portal\/npj\/links-uteis\/\" \/>\n<meta property=\"og:locale\" content=\"pt_BR\" \/>\n<meta property=\"og:type\" content=\"article\" \/>\n<meta property=\"og:title\" content=\"Links \u00fateis - Campus Tr\u00eas Rios | UFRRJ\" \/>\n<meta property=\"og:description\" content=\"Revistas Revista Jur\u00eddica Eletr\u00f4nica Direito, Sociedade e Desenvolvimento &#8211;&nbsp;www.ufrrj.br\/SEER\/index.php?journal=RJEDSD &nbsp; Links STF &#8211; Supremo Tribunal Federal &#8211; www.stf.gov.br STJ &#8211; Supremo Tribunal de Justi\u00e7a &#8211; www.stj.gov.br TJ\/RJ &#8211; Tribunal de [&hellip;]\" \/>\n<meta property=\"og:url\" content=\"https:\/\/itr.ufrrj.br\/portal\/npj\/links-uteis\/\" \/>\n<meta property=\"og:site_name\" content=\"Campus Tr\u00eas Rios | UFRRJ\" \/>\n<meta property=\"article:publisher\" content=\"https:\/\/www.facebook.com\/itr.ufrrj\" \/>\n<meta property=\"article:modified_time\" content=\"2019-03-20T18:31:01+00:00\" \/>\n<meta name=\"twitter:card\" content=\"summary_large_image\" \/>\n<meta name=\"twitter:label1\" content=\"Est. tempo de leitura\" \/>\n\t<meta name=\"twitter:data1\" content=\"1 minuto\" \/>\n<script type=\"application\/ld+json\" class=\"yoast-schema-graph\">{\"@context\":\"https:\\\/\\\/schema.org\",\"@graph\":[{\"@type\":\"WebPage\",\"@id\":\"https:\\\/\\\/itr.ufrrj.br\\\/portal\\\/npj\\\/links-uteis\\\/\",\"url\":\"https:\\\/\\\/itr.ufrrj.br\\\/portal\\\/npj\\\/links-uteis\\\/\",\"name\":\"Links \u00fateis - Campus Tr\u00eas Rios | UFRRJ\",\"isPartOf\":{\"@id\":\"https:\\\/\\\/itr.ufrrj.br\\\/portal\\\/#website\"},\"datePublished\":\"2014-02-18T19:00:28+00:00\",\"dateModified\":\"2019-03-20T18:31:01+00:00\",\"breadcrumb\":{\"@id\":\"https:\\\/\\\/itr.ufrrj.br\\\/portal\\\/npj\\\/links-uteis\\\/#breadcrumb\"},\"inLanguage\":\"pt-BR\",\"potentialAction\":[{\"@type\":\"ReadAction\",\"target\":[\"https:\\\/\\\/itr.ufrrj.br\\\/portal\\\/npj\\\/links-uteis\\\/\"]}]},{\"@type\":\"BreadcrumbList\",\"@id\":\"https:\\\/\\\/itr.ufrrj.br\\\/portal\\\/npj\\\/links-uteis\\\/#breadcrumb\",\"itemListElement\":[{\"@type\":\"ListItem\",\"position\":1,\"name\":\"In\u00edcio\",\"item\":\"https:\\\/\\\/itr.ufrrj.br\\\/portal\\\/\"},{\"@type\":\"ListItem\",\"position\":2,\"name\":\"NPJ &#8211; N\u00facleo de Pr\u00e1tica Jur\u00eddica\",\"item\":\"https:\\\/\\\/itr.ufrrj.br\\\/portal\\\/npj\\\/\"},{\"@type\":\"ListItem\",\"position\":3,\"name\":\"Links \u00fateis\"}]},{\"@type\":\"WebSite\",\"@id\":\"https:\\\/\\\/itr.ufrrj.br\\\/portal\\\/#website\",\"url\":\"https:\\\/\\\/itr.ufrrj.br\\\/portal\\\/\",\"name\":\"Campus Tr\u00eas Rios | UFRRJ\",\"description\":\"Localizado na cidade de Tr\u00eas Rios - RJ\",\"publisher\":{\"@id\":\"https:\\\/\\\/itr.ufrrj.br\\\/portal\\\/#organization\"},\"potentialAction\":[{\"@type\":\"SearchAction\",\"target\":{\"@type\":\"EntryPoint\",\"urlTemplate\":\"https:\\\/\\\/itr.ufrrj.br\\\/portal\\\/?s={search_term_string}\"},\"query-input\":{\"@type\":\"PropertyValueSpecification\",\"valueRequired\":true,\"valueName\":\"search_term_string\"}}],\"inLanguage\":\"pt-BR\"},{\"@type\":\"Organization\",\"@id\":\"https:\\\/\\\/itr.ufrrj.br\\\/portal\\\/#organization\",\"name\":\"Instituto Tr\u00eas Rios\\\/UFRRJ\",\"url\":\"https:\\\/\\\/itr.ufrrj.br\\\/portal\\\/\",\"logo\":{\"@type\":\"ImageObject\",\"inLanguage\":\"pt-BR\",\"@id\":\"https:\\\/\\\/itr.ufrrj.br\\\/portal\\\/#\\\/schema\\\/logo\\\/image\\\/\",\"url\":\"https:\\\/\\\/itr.ufrrj.br\\\/portal\\\/wp-content\\\/uploads\\\/2020\\\/04\\\/logo-institutotresrios-ufrrj.png\",\"contentUrl\":\"https:\\\/\\\/itr.ufrrj.br\\\/portal\\\/wp-content\\\/uploads\\\/2020\\\/04\\\/logo-institutotresrios-ufrrj.png\",\"width\":1067,\"height\":240,\"caption\":\"Instituto Tr\u00eas Rios\\\/UFRRJ\"},\"image\":{\"@id\":\"https:\\\/\\\/itr.ufrrj.br\\\/portal\\\/#\\\/schema\\\/logo\\\/image\\\/\"},\"sameAs\":[\"https:\\\/\\\/www.facebook.com\\\/itr.ufrrj\"]}]}<\/script>\n<!-- \/ Yoast SEO plugin. -->","yoast_head_json":{"title":"Links \u00fateis - Campus Tr\u00eas Rios | UFRRJ","robots":{"index":"index","follow":"follow","max-snippet":"max-snippet:-1","max-image-preview":"max-image-preview:large","max-video-preview":"max-video-preview:-1"},"canonical":"https:\/\/itr.ufrrj.br\/portal\/npj\/links-uteis\/","og_locale":"pt_BR","og_type":"article","og_title":"Links \u00fateis - Campus Tr\u00eas Rios | UFRRJ","og_description":"Revistas Revista Jur\u00eddica Eletr\u00f4nica Direito, Sociedade e Desenvolvimento &#8211;&nbsp;www.ufrrj.br\/SEER\/index.php?journal=RJEDSD &nbsp; Links STF &#8211; Supremo Tribunal Federal &#8211; www.stf.gov.br STJ &#8211; Supremo Tribunal de Justi\u00e7a &#8211; www.stj.gov.br TJ\/RJ &#8211; Tribunal de [&hellip;]","og_url":"https:\/\/itr.ufrrj.br\/portal\/npj\/links-uteis\/","og_site_name":"Campus Tr\u00eas Rios | UFRRJ","article_publisher":"https:\/\/www.facebook.com\/itr.ufrrj","article_modified_time":"2019-03-20T18:31:01+00:00","twitter_card":"summary_large_image","twitter_misc":{"Est. tempo de leitura":"1 minuto"},"schema":{"@context":"https:\/\/schema.org","@graph":[{"@type":"WebPage","@id":"https:\/\/itr.ufrrj.br\/portal\/npj\/links-uteis\/","url":"https:\/\/itr.ufrrj.br\/portal\/npj\/links-uteis\/","name":"Links \u00fateis - Campus Tr\u00eas Rios | UFRRJ","isPartOf":{"@id":"https:\/\/itr.ufrrj.br\/portal\/#website"},"datePublished":"2014-02-18T19:00:28+00:00","dateModified":"2019-03-20T18:31:01+00:00","breadcrumb":{"@id":"https:\/\/itr.ufrrj.br\/portal\/npj\/links-uteis\/#breadcrumb"},"inLanguage":"pt-BR","potentialAction":[{"@type":"ReadAction","target":["https:\/\/itr.ufrrj.br\/portal\/npj\/links-uteis\/"]}]},{"@type":"BreadcrumbList","@id":"https:\/\/itr.ufrrj.br\/portal\/npj\/links-uteis\/#breadcrumb","itemListElement":[{"@type":"ListItem","position":1,"name":"In\u00edcio","item":"https:\/\/itr.ufrrj.br\/portal\/"},{"@type":"ListItem","position":2,"name":"NPJ &#8211; N\u00facleo de Pr\u00e1tica Jur\u00eddica","item":"https:\/\/itr.ufrrj.br\/portal\/npj\/"},{"@type":"ListItem","position":3,"name":"Links \u00fateis"}]},{"@type":"WebSite","@id":"https:\/\/itr.ufrrj.br\/portal\/#website","url":"https:\/\/itr.ufrrj.br\/portal\/","name":"Campus Tr\u00eas Rios | UFRRJ","description":"Localizado na cidade de Tr\u00eas Rios - RJ","publisher":{"@id":"https:\/\/itr.ufrrj.br\/portal\/#organization"},"potentialAction":[{"@type":"SearchAction","target":{"@type":"EntryPoint","urlTemplate":"https:\/\/itr.ufrrj.br\/portal\/?s={search_term_string}"},"query-input":{"@type":"PropertyValueSpecification","valueRequired":true,"valueName":"search_term_string"}}],"inLanguage":"pt-BR"},{"@type":"Organization","@id":"https:\/\/itr.ufrrj.br\/portal\/#organization","name":"Instituto Tr\u00eas Rios\/UFRRJ","url":"https:\/\/itr.ufrrj.br\/portal\/","logo":{"@type":"ImageObject","inLanguage":"pt-BR","@id":"https:\/\/itr.ufrrj.br\/portal\/#\/schema\/logo\/image\/","url":"https:\/\/itr.ufrrj.br\/portal\/wp-content\/uploads\/2020\/04\/logo-institutotresrios-ufrrj.png","contentUrl":"https:\/\/itr.ufrrj.br\/portal\/wp-content\/uploads\/2020\/04\/logo-institutotresrios-ufrrj.png","width":1067,"height":240,"caption":"Instituto Tr\u00eas Rios\/UFRRJ"},"image":{"@id":"https:\/\/itr.ufrrj.br\/portal\/#\/schema\/logo\/image\/"},"sameAs":["https:\/\/www.facebook.com\/itr.ufrrj"]}]}},"jetpack_sharing_enabled":true,"amp_enabled":false,"_links":{"self":[{"href":"https:\/\/itr.ufrrj.br\/portal\/wp-json\/wp\/v2\/pages\/1503","targetHints":{"allow":["GET"]}}],"collection":[{"href":"https:\/\/itr.ufrrj.br\/portal\/wp-json\/wp\/v2\/pages"}],"about":[{"href":"https:\/\/itr.ufrrj.br\/portal\/wp-json\/wp\/v2\/types\/page"}],"author":[{"embeddable":true,"href":"https:\/\/itr.ufrrj.br\/portal\/wp-json\/wp\/v2\/users\/1"}],"replies":[{"embeddable":true,"href":"https:\/\/itr.ufrrj.br\/portal\/wp-json\/wp\/v2\/comments?post=1503"}],"version-history":[{"count":5,"href":"https:\/\/itr.ufrrj.br\/portal\/wp-json\/wp\/v2\/pages\/1503\/revisions"}],"predecessor-version":[{"id":9053,"href":"https:\/\/itr.ufrrj.br\/portal\/wp-json\/wp\/v2\/pages\/1503\/revisions\/9053"}],"up":[{"embeddable":true,"href":"https:\/\/itr.ufrrj.br\/portal\/wp-json\/wp\/v2\/pages\/8200"}],"wp:attachment":[{"href":"https:\/\/itr.ufrrj.br\/portal\/wp-json\/wp\/v2\/media?parent=1503"}],"curies":[{"name":"wp","href":"https:\/\/api.w.org\/{rel}","templated":true}]}}