{"id":1488,"date":"2014-02-18T12:55:34","date_gmt":"2014-02-18T15:55:34","guid":{"rendered":"http:\/\/www.itr.ufrrj.br\/portal\/?page_id=1488"},"modified":"2019-03-20T15:31:04","modified_gmt":"2019-03-20T18:31:04","slug":"formularios-do-npj","status":"publish","type":"page","link":"https:\/\/itr.ufrrj.br\/portal\/npj\/formularios-do-npj\/","title":{"rendered":"Formul\u00e1rios do NPJ"},"content":{"rendered":"<p>Abaixo est\u00e3o os formul\u00e1rios utilizados no N\u00facleo de Pr\u00e1tica Jur\u00eddica:<\/p>\n<ul>\n<li><a href=\"https:\/\/itr.ufrrj.br\/portal\/wp-content\/uploads\/cursos\/direito\/ficha_atendimento_cliente.pdf\">Ficha de Atendimento ao Cliente<\/a><\/li>\n<li><a href=\"https:\/\/itr.ufrrj.br\/portal\/wp-content\/uploads\/cursos\/direito\/ficha_controle_plantoes_atendimento.pdf\">Ficha de Controle de Plant\u00f5es de Atendimento no NPJ<\/a><\/li>\n<li><a href=\"https:\/\/itr.ufrrj.br\/portal\/wp-content\/uploads\/cursos\/direito\/relatorio_audiencia.pdf\">Relat\u00f3rio de Audi\u00eancia<\/a><\/li>\n<li><a href=\"https:\/\/itr.ufrrj.br\/portal\/wp-content\/uploads\/cursos\/direito\/relatorio_acompanhamento_processo.pdf\">Relat\u00f3rio de Acompanhamento de Processo<\/a><\/li>\n<li><a href=\"https:\/\/itr.ufrrj.br\/portal\/wp-content\/uploads\/cursos\/direito\/relatorio_visita_orientada.pdf\">Relat\u00f3rio de Visita Orientada<\/a><\/li>\n<li><a href=\"https:\/\/itr.ufrrj.br\/portal\/wp-content\/uploads\/cursos\/direito\/relatorio_final_contagem_horas_estagio.pdf\">Relat\u00f3rio Final de Contagem das Horas de Est\u00e1gio<\/a><\/li>\n<li><a href=\"https:\/\/itr.ufrrj.br\/portal\/wp-content\/uploads\/cursos\/direito\/req_homologacao_impedimento_incompatibilidade.pdf\">Requisi\u00e7\u00e3o de Homologa\u00e7\u00e3o de Impedimento ou Incompatibilidade<\/a><\/li>\n<li><a href=\"https:\/\/itr.ufrrj.br\/portal\/wp-content\/uploads\/cursos\/direito\/req_reconhecimento_estagiopraticajuridica.pdf\">Requisi\u00e7\u00e3o Reconhecimento de Est\u00e1gio como Pr\u00e1tica Jur\u00eddica<\/a><\/li>\n<li><a href=\"http:\/\/www.itr.ufrrj.br\/portal\/wp-content\/uploads\/cursos\/direito\/solicitacoes_diversas.pdf\">Solicita\u00e7\u00f5es Diversas<\/a><\/li>\n<li><a href=\"https:\/\/itr.ufrrj.br\/portal\/wp-content\/uploads\/cursos\/direito\/termoinformacaoclientenpj_itrjuizadoespecial.pdf\">Termo de Informa\u00e7\u00e3o ao Cliente do NPJ-ITR Juizado Especial<\/a><\/li>\n<li><a href=\"http:\/\/www.itr.ufrrj.br\/portal\/wp-content\/uploads\/cursos\/direito\/termo_compromisso_estagio.pdf\">Termo de Compromisso de Est\u00e1gio<\/a><\/li>\n<li><a href=\"https:\/\/itr.ufrrj.br\/portal\/wp-content\/uploads\/2018\/09\/declaracao-de-hipossuficiencia.pdf\">Declara\u00e7\u00e3o de Hipossufici\u00eancia<\/a><\/li>\n<li><a href=\"https:\/\/itr.ufrrj.br\/portal\/wp-content\/uploads\/2018\/09\/modelo-de-procuracao-npj.pdf\">Modelo de Procura\u00e7\u00e3o NPJ<\/a><\/li>\n<li><a href=\"https:\/\/itr.ufrrj.br\/portal\/wp-content\/uploads\/2018\/09\/relatorio-de-tribunal-de-juri.pdf\">Relato\u0301rio de Tribunal de Juri<\/a><\/li>\n<\/ul>\n","protected":false},"excerpt":{"rendered":"<p>Abaixo est\u00e3o os formul\u00e1rios utilizados no N\u00facleo de Pr\u00e1tica Jur\u00eddica: Ficha de Atendimento ao Cliente Ficha de Controle de Plant\u00f5es de Atendimento no NPJ Relat\u00f3rio de Audi\u00eancia Relat\u00f3rio de Acompanhamento [&hellip;]<\/p>\n","protected":false},"author":1,"featured_media":0,"parent":8200,"menu_order":0,"comment_status":"closed","ping_status":"closed","template":"page-cursos.php","meta":{"_acf_changed":false,"editor_plus_copied_stylings":"{}","footnotes":""},"class_list":["post-1488","page","type-page","status-publish","hentry"],"acf":[],"yoast_head":"<!-- This site is optimized with the Yoast SEO plugin v27.4 - https:\/\/yoast.com\/product\/yoast-seo-wordpress\/ -->\n<title>Formul\u00e1rios do NPJ - Campus Tr\u00eas Rios | UFRRJ<\/title>\n<meta name=\"robots\" content=\"index, follow, max-snippet:-1, max-image-preview:large, max-video-preview:-1\" \/>\n<link rel=\"canonical\" href=\"https:\/\/itr.ufrrj.br\/portal\/npj\/formularios-do-npj\/\" \/>\n<meta property=\"og:locale\" content=\"pt_BR\" \/>\n<meta property=\"og:type\" content=\"article\" \/>\n<meta property=\"og:title\" content=\"Formul\u00e1rios do NPJ\" \/>\n<meta property=\"og:description\" content=\"Abaixo est\u00e3o os formul\u00e1rios utilizados no N\u00facleo de Pr\u00e1tica Jur\u00eddica: Ficha de Atendimento ao Cliente Ficha de Controle de Plant\u00f5es de Atendimento no NPJ Relat\u00f3rio de Audi\u00eancia Relat\u00f3rio de Acompanhamento [&hellip;]\" \/>\n<meta property=\"og:url\" content=\"https:\/\/itr.ufrrj.br\/portal\/npj\/formularios-do-npj\/\" \/>\n<meta property=\"og:site_name\" content=\"Campus Tr\u00eas Rios | UFRRJ\" \/>\n<meta property=\"article:publisher\" content=\"https:\/\/www.facebook.com\/itr.ufrrj\" \/>\n<meta property=\"article:modified_time\" content=\"2019-03-20T18:31:04+00:00\" \/>\n<meta name=\"twitter:card\" content=\"summary_large_image\" \/>\n<meta name=\"twitter:title\" content=\"Formul\u00e1rios do NPJ\" \/>\n<meta name=\"twitter:label1\" content=\"Est. tempo de leitura\" \/>\n\t<meta name=\"twitter:data1\" content=\"1 minuto\" \/>\n<script type=\"application\/ld+json\" class=\"yoast-schema-graph\">{\"@context\":\"https:\\\/\\\/schema.org\",\"@graph\":[{\"@type\":\"WebPage\",\"@id\":\"https:\\\/\\\/itr.ufrrj.br\\\/portal\\\/npj\\\/formularios-do-npj\\\/\",\"url\":\"https:\\\/\\\/itr.ufrrj.br\\\/portal\\\/npj\\\/formularios-do-npj\\\/\",\"name\":\"Formul\u00e1rios do NPJ - Campus Tr\u00eas Rios | UFRRJ\",\"isPartOf\":{\"@id\":\"https:\\\/\\\/itr.ufrrj.br\\\/portal\\\/#website\"},\"datePublished\":\"2014-02-18T15:55:34+00:00\",\"dateModified\":\"2019-03-20T18:31:04+00:00\",\"breadcrumb\":{\"@id\":\"https:\\\/\\\/itr.ufrrj.br\\\/portal\\\/npj\\\/formularios-do-npj\\\/#breadcrumb\"},\"inLanguage\":\"pt-BR\",\"potentialAction\":[{\"@type\":\"ReadAction\",\"target\":[\"https:\\\/\\\/itr.ufrrj.br\\\/portal\\\/npj\\\/formularios-do-npj\\\/\"]}]},{\"@type\":\"BreadcrumbList\",\"@id\":\"https:\\\/\\\/itr.ufrrj.br\\\/portal\\\/npj\\\/formularios-do-npj\\\/#breadcrumb\",\"itemListElement\":[{\"@type\":\"ListItem\",\"position\":1,\"name\":\"In\u00edcio\",\"item\":\"https:\\\/\\\/itr.ufrrj.br\\\/portal\\\/\"},{\"@type\":\"ListItem\",\"position\":2,\"name\":\"NPJ &#8211; N\u00facleo de Pr\u00e1tica Jur\u00eddica\",\"item\":\"https:\\\/\\\/itr.ufrrj.br\\\/portal\\\/npj\\\/\"},{\"@type\":\"ListItem\",\"position\":3,\"name\":\"Formul\u00e1rios do NPJ\"}]},{\"@type\":\"WebSite\",\"@id\":\"https:\\\/\\\/itr.ufrrj.br\\\/portal\\\/#website\",\"url\":\"https:\\\/\\\/itr.ufrrj.br\\\/portal\\\/\",\"name\":\"Campus Tr\u00eas Rios | UFRRJ\",\"description\":\"Localizado na cidade de Tr\u00eas Rios - RJ\",\"publisher\":{\"@id\":\"https:\\\/\\\/itr.ufrrj.br\\\/portal\\\/#organization\"},\"potentialAction\":[{\"@type\":\"SearchAction\",\"target\":{\"@type\":\"EntryPoint\",\"urlTemplate\":\"https:\\\/\\\/itr.ufrrj.br\\\/portal\\\/?s={search_term_string}\"},\"query-input\":{\"@type\":\"PropertyValueSpecification\",\"valueRequired\":true,\"valueName\":\"search_term_string\"}}],\"inLanguage\":\"pt-BR\"},{\"@type\":\"Organization\",\"@id\":\"https:\\\/\\\/itr.ufrrj.br\\\/portal\\\/#organization\",\"name\":\"Instituto Tr\u00eas Rios\\\/UFRRJ\",\"url\":\"https:\\\/\\\/itr.ufrrj.br\\\/portal\\\/\",\"logo\":{\"@type\":\"ImageObject\",\"inLanguage\":\"pt-BR\",\"@id\":\"https:\\\/\\\/itr.ufrrj.br\\\/portal\\\/#\\\/schema\\\/logo\\\/image\\\/\",\"url\":\"https:\\\/\\\/itr.ufrrj.br\\\/portal\\\/wp-content\\\/uploads\\\/2020\\\/04\\\/logo-institutotresrios-ufrrj.png\",\"contentUrl\":\"https:\\\/\\\/itr.ufrrj.br\\\/portal\\\/wp-content\\\/uploads\\\/2020\\\/04\\\/logo-institutotresrios-ufrrj.png\",\"width\":1067,\"height\":240,\"caption\":\"Instituto Tr\u00eas Rios\\\/UFRRJ\"},\"image\":{\"@id\":\"https:\\\/\\\/itr.ufrrj.br\\\/portal\\\/#\\\/schema\\\/logo\\\/image\\\/\"},\"sameAs\":[\"https:\\\/\\\/www.facebook.com\\\/itr.ufrrj\"]}]}<\/script>\n<!-- \/ Yoast SEO plugin. -->","yoast_head_json":{"title":"Formul\u00e1rios do NPJ - Campus Tr\u00eas Rios | UFRRJ","robots":{"index":"index","follow":"follow","max-snippet":"max-snippet:-1","max-image-preview":"max-image-preview:large","max-video-preview":"max-video-preview:-1"},"canonical":"https:\/\/itr.ufrrj.br\/portal\/npj\/formularios-do-npj\/","og_locale":"pt_BR","og_type":"article","og_title":"Formul\u00e1rios do NPJ","og_description":"Abaixo est\u00e3o os formul\u00e1rios utilizados no N\u00facleo de Pr\u00e1tica Jur\u00eddica: Ficha de Atendimento ao Cliente Ficha de Controle de Plant\u00f5es de Atendimento no NPJ Relat\u00f3rio de Audi\u00eancia Relat\u00f3rio de Acompanhamento [&hellip;]","og_url":"https:\/\/itr.ufrrj.br\/portal\/npj\/formularios-do-npj\/","og_site_name":"Campus Tr\u00eas Rios | UFRRJ","article_publisher":"https:\/\/www.facebook.com\/itr.ufrrj","article_modified_time":"2019-03-20T18:31:04+00:00","twitter_card":"summary_large_image","twitter_title":"Formul\u00e1rios do NPJ","twitter_misc":{"Est. tempo de leitura":"1 minuto"},"schema":{"@context":"https:\/\/schema.org","@graph":[{"@type":"WebPage","@id":"https:\/\/itr.ufrrj.br\/portal\/npj\/formularios-do-npj\/","url":"https:\/\/itr.ufrrj.br\/portal\/npj\/formularios-do-npj\/","name":"Formul\u00e1rios do NPJ - Campus Tr\u00eas Rios | UFRRJ","isPartOf":{"@id":"https:\/\/itr.ufrrj.br\/portal\/#website"},"datePublished":"2014-02-18T15:55:34+00:00","dateModified":"2019-03-20T18:31:04+00:00","breadcrumb":{"@id":"https:\/\/itr.ufrrj.br\/portal\/npj\/formularios-do-npj\/#breadcrumb"},"inLanguage":"pt-BR","potentialAction":[{"@type":"ReadAction","target":["https:\/\/itr.ufrrj.br\/portal\/npj\/formularios-do-npj\/"]}]},{"@type":"BreadcrumbList","@id":"https:\/\/itr.ufrrj.br\/portal\/npj\/formularios-do-npj\/#breadcrumb","itemListElement":[{"@type":"ListItem","position":1,"name":"In\u00edcio","item":"https:\/\/itr.ufrrj.br\/portal\/"},{"@type":"ListItem","position":2,"name":"NPJ &#8211; N\u00facleo de Pr\u00e1tica Jur\u00eddica","item":"https:\/\/itr.ufrrj.br\/portal\/npj\/"},{"@type":"ListItem","position":3,"name":"Formul\u00e1rios do NPJ"}]},{"@type":"WebSite","@id":"https:\/\/itr.ufrrj.br\/portal\/#website","url":"https:\/\/itr.ufrrj.br\/portal\/","name":"Campus Tr\u00eas Rios | UFRRJ","description":"Localizado na cidade de Tr\u00eas Rios - RJ","publisher":{"@id":"https:\/\/itr.ufrrj.br\/portal\/#organization"},"potentialAction":[{"@type":"SearchAction","target":{"@type":"EntryPoint","urlTemplate":"https:\/\/itr.ufrrj.br\/portal\/?s={search_term_string}"},"query-input":{"@type":"PropertyValueSpecification","valueRequired":true,"valueName":"search_term_string"}}],"inLanguage":"pt-BR"},{"@type":"Organization","@id":"https:\/\/itr.ufrrj.br\/portal\/#organization","name":"Instituto Tr\u00eas Rios\/UFRRJ","url":"https:\/\/itr.ufrrj.br\/portal\/","logo":{"@type":"ImageObject","inLanguage":"pt-BR","@id":"https:\/\/itr.ufrrj.br\/portal\/#\/schema\/logo\/image\/","url":"https:\/\/itr.ufrrj.br\/portal\/wp-content\/uploads\/2020\/04\/logo-institutotresrios-ufrrj.png","contentUrl":"https:\/\/itr.ufrrj.br\/portal\/wp-content\/uploads\/2020\/04\/logo-institutotresrios-ufrrj.png","width":1067,"height":240,"caption":"Instituto Tr\u00eas Rios\/UFRRJ"},"image":{"@id":"https:\/\/itr.ufrrj.br\/portal\/#\/schema\/logo\/image\/"},"sameAs":["https:\/\/www.facebook.com\/itr.ufrrj"]}]}},"jetpack_sharing_enabled":true,"amp_enabled":false,"_links":{"self":[{"href":"https:\/\/itr.ufrrj.br\/portal\/wp-json\/wp\/v2\/pages\/1488","targetHints":{"allow":["GET"]}}],"collection":[{"href":"https:\/\/itr.ufrrj.br\/portal\/wp-json\/wp\/v2\/pages"}],"about":[{"href":"https:\/\/itr.ufrrj.br\/portal\/wp-json\/wp\/v2\/types\/page"}],"author":[{"embeddable":true,"href":"https:\/\/itr.ufrrj.br\/portal\/wp-json\/wp\/v2\/users\/1"}],"replies":[{"embeddable":true,"href":"https:\/\/itr.ufrrj.br\/portal\/wp-json\/wp\/v2\/comments?post=1488"}],"version-history":[{"count":13,"href":"https:\/\/itr.ufrrj.br\/portal\/wp-json\/wp\/v2\/pages\/1488\/revisions"}],"predecessor-version":[{"id":8402,"href":"https:\/\/itr.ufrrj.br\/portal\/wp-json\/wp\/v2\/pages\/1488\/revisions\/8402"}],"up":[{"embeddable":true,"href":"https:\/\/itr.ufrrj.br\/portal\/wp-json\/wp\/v2\/pages\/8200"}],"wp:attachment":[{"href":"https:\/\/itr.ufrrj.br\/portal\/wp-json\/wp\/v2\/media?parent=1488"}],"curies":[{"name":"wp","href":"https:\/\/api.w.org\/{rel}","templated":true}]}}