{"id":14095,"date":"2024-06-26T11:56:44","date_gmt":"2024-06-26T14:56:44","guid":{"rendered":"https:\/\/itr.ufrrj.br\/portal\/?page_id=14095"},"modified":"2025-06-27T07:50:31","modified_gmt":"2025-06-27T10:50:31","slug":"formulario-de-inscricao-na-transferencia-externa","status":"publish","type":"page","link":"https:\/\/itr.ufrrj.br\/portal\/formulario-de-inscricao-na-transferencia-externa\/","title":{"rendered":"Formul\u00e1rio de Inscri\u00e7\u00e3o &#8211; Transfer\u00eancia Externa"},"content":{"rendered":"\n<div class=\"wp-block-contact-form-7-contact-form-selector\">\n<div class=\"wpcf7 no-js\" id=\"wpcf7-f52185-o1\" lang=\"pt-BR\" dir=\"ltr\" data-wpcf7-id=\"52185\">\n<div class=\"screen-reader-response\"><p role=\"status\" aria-live=\"polite\" aria-atomic=\"true\"><\/p> <ul><\/ul><\/div>\n<form action=\"\/portal\/wp-json\/wp\/v2\/pages\/14095#wpcf7-f52185-o1\" method=\"post\" class=\"wpcf7-form init\" aria-label=\"Formul\u00e1rios de contato\" enctype=\"multipart\/form-data\" novalidate=\"novalidate\" data-status=\"init\">\n<fieldset class=\"hidden-fields-container\"><input type=\"hidden\" name=\"_wpcf7\" value=\"52185\" \/><input type=\"hidden\" name=\"_wpcf7_version\" value=\"6.1.5\" \/><input type=\"hidden\" name=\"_wpcf7_locale\" value=\"pt_BR\" \/><input type=\"hidden\" name=\"_wpcf7_unit_tag\" value=\"wpcf7-f52185-o1\" \/><input type=\"hidden\" name=\"_wpcf7_container_post\" value=\"0\" \/><input type=\"hidden\" name=\"_wpcf7_posted_data_hash\" value=\"\" \/><input type=\"hidden\" name=\"_wpcf7cf_hidden_group_fields\" value=\"[]\" \/><input type=\"hidden\" name=\"_wpcf7cf_hidden_groups\" value=\"[]\" \/><input type=\"hidden\" name=\"_wpcf7cf_visible_groups\" value=\"[]\" \/><input type=\"hidden\" name=\"_wpcf7cf_repeaters\" value=\"[]\" \/><input type=\"hidden\" name=\"_wpcf7cf_steps\" value=\"{}\" \/><input type=\"hidden\" name=\"_wpcf7cf_options\" value=\"{&quot;form_id&quot;:52185,&quot;conditions&quot;:[],&quot;settings&quot;:{&quot;animation&quot;:&quot;yes&quot;,&quot;animation_intime&quot;:&quot;200&quot;,&quot;animation_outtime&quot;:&quot;200&quot;,&quot;conditions_ui&quot;:&quot;normal&quot;,&quot;notice_dismissed&quot;:&quot;&quot;}}\" \/><input type=\"hidden\" name=\"_uacf7_hidden_conditional_fields\" value=\"\" \/>\n<\/fieldset>\n<div class=\"uacf7-form-wrapper-container uacf7-form-52185  \"><h2>Dados Pessoais<\/h2>\n\n<label>DIGITAR o CPF do candidato * <br \/>\n<span class=\"wpcf7-form-control-wrap\" data-name=\"cpf\"><input size=\"40\" maxlength=\"400\" class=\"wpcf7-form-control wpcf7-text wpcf7-validates-as-required size-50\" aria-required=\"true\" aria-invalid=\"false\" placeholder=\"000.000.000-00\" value=\"\" type=\"text\" name=\"cpf\" \/><\/span>\n<\/label>\n\n<label>DIGITAR o nome completo do candidato * <br \/>\n<span class=\"wpcf7-form-control-wrap\" data-name=\"nome\"><input size=\"40\" maxlength=\"400\" class=\"wpcf7-form-control wpcf7-text wpcf7-validates-as-required\" aria-required=\"true\" aria-invalid=\"false\" value=\"\" type=\"text\" name=\"nome\" \/><\/span>\n<\/label>\n\n<label>DIGITAR o endere\u00e7o de e-mail do candidato * <br \/>\n<span class=\"wpcf7-form-control-wrap\" data-name=\"email\"><input size=\"40\" maxlength=\"400\" class=\"wpcf7-form-control wpcf7-email wpcf7-validates-as-required wpcf7-text wpcf7-validates-as-email size-50\" aria-required=\"true\" aria-invalid=\"false\" value=\"\" type=\"email\" name=\"email\" \/><\/span>\n<\/label>\n\n<label>DIGITAR o n\u00famero do documento de identifica\u00e7\u00e3o do candidato * <br \/>\n<span class=\"wpcf7-form-control-wrap\" data-name=\"identificacao\"><input size=\"40\" maxlength=\"400\" class=\"wpcf7-form-control wpcf7-text wpcf7-validates-as-required size-50\" aria-required=\"true\" aria-invalid=\"false\" value=\"\" type=\"text\" name=\"identificacao\" \/><\/span>\n<\/label>\n\n\n<hr \/>\n\n\n<h2>Informa\u00e7\u00f5es Acad\u00eamicas<\/h2>\n\n<label>DIGITAR por extenso o nome da Institui\u00e7\u00e3o de Origem (Universidade\/Faculdade) *\n<span class=\"wpcf7-form-control-wrap\" data-name=\"instituicao_origem\"><input size=\"40\" maxlength=\"400\" class=\"wpcf7-form-control wpcf7-text wpcf7-validates-as-required\" aria-required=\"true\" aria-invalid=\"false\" value=\"\" type=\"text\" name=\"instituicao_origem\" \/><\/span>\n<\/label>\n\n<label>DIGITAR o nome do Curso de Gradua\u00e7\u00e3o de origem *\n<span class=\"wpcf7-form-control-wrap\" data-name=\"curso_graduacao_origem\"><input size=\"40\" maxlength=\"400\" class=\"wpcf7-form-control wpcf7-text wpcf7-validates-as-required\" aria-required=\"true\" aria-invalid=\"false\" value=\"\" type=\"text\" name=\"curso_graduacao_origem\" \/><\/span>\n<\/label>\n\n<label>DIGITAR o ano de realiza\u00e7\u00e3o do ENEM com cujas notas participar\u00e1 do processo seletivo *\n<span class=\"wpcf7-form-control-wrap\" data-name=\"ano_enem\"><input class=\"wpcf7-form-control wpcf7-number wpcf7-validates-as-required wpcf7-validates-as-number size-25\" min=\"2009\" max=\"2024\" aria-required=\"true\" aria-invalid=\"false\" value=\"\" type=\"number\" name=\"ano_enem\" \/><\/span>\n<\/label>\n\n<label>SELECIONAR para qual Curso de Gradua\u00e7\u00e3o deseja se candidatar *\n<span class=\"wpcf7-form-control-wrap\" data-name=\"curso\"><select class=\"wpcf7-form-control wpcf7-select wpcf7-validates-as-required\" aria-required=\"true\" aria-invalid=\"false\" name=\"curso\"><option value=\"\">&#8212;Escolha uma op\u00e7\u00e3o&#8212;<\/option><option value=\"Nova Igua\u00e7u - Ci\u00eancias Econ\u00f4micas (Noturno)\">Nova Igua\u00e7u - Ci\u00eancias Econ\u00f4micas (Noturno)<\/option><option value=\"Nova Igua\u00e7u - Direito (Matutino)\">Nova Igua\u00e7u - Direito (Matutino)<\/option><option value=\"Nova Igua\u00e7u - Educa\u00e7\u00e3o Especial (EaD \u2013 P\u00f3lo Campos dos Goytacazes)\">Nova Igua\u00e7u - Educa\u00e7\u00e3o Especial (EaD \u2013 P\u00f3lo Campos dos Goytacazes)<\/option><option value=\"Nova Igua\u00e7u - Educa\u00e7\u00e3o Especial (EaD \u2013 P\u00f3lo Nova Igua\u00e7u)\">Nova Igua\u00e7u - Educa\u00e7\u00e3o Especial (EaD \u2013 P\u00f3lo Nova Igua\u00e7u)<\/option><option value=\"Nova Igua\u00e7u - Educa\u00e7\u00e3o Especial (EaD \u2013 P\u00f3lo Presidente Vargas)\">Nova Igua\u00e7u - Educa\u00e7\u00e3o Especial (EaD \u2013 P\u00f3lo Presidente Vargas)<\/option><option value=\"Nova Igua\u00e7u - Educa\u00e7\u00e3o Especial (EaD \u2013 P\u00f3lo Serop\u00e9dica)\">Nova Igua\u00e7u - Educa\u00e7\u00e3o Especial (EaD \u2013 P\u00f3lo Serop\u00e9dica)<\/option><option value=\"Nova Igua\u00e7u - Educa\u00e7\u00e3o Especial (EaD \u2013 P\u00f3lo Tr\u00eas Rios)\">Nova Igua\u00e7u - Educa\u00e7\u00e3o Especial (EaD \u2013 P\u00f3lo Tr\u00eas Rios)<\/option><option value=\"Nova Igua\u00e7u - Geografia (Matutino)\">Nova Igua\u00e7u - Geografia (Matutino)<\/option><option value=\"Nova Igua\u00e7u - Letras Portugu\u00eas\/Espanhol\/Literaturas (Matutino)\">Nova Igua\u00e7u - Letras Portugu\u00eas\/Espanhol\/Literaturas (Matutino)<\/option><option value=\"Nova Igua\u00e7u - Letras Portugu\u00eas\/Literaturas (Matutino)\">Nova Igua\u00e7u - Letras Portugu\u00eas\/Literaturas (Matutino)<\/option><option value=\"Nova Igua\u00e7u - Matem\u00e1tica (Noturno)\">Nova Igua\u00e7u - Matem\u00e1tica (Noturno)<\/option><option value=\"Nova Igua\u00e7u - Pedagogia\">Nova Igua\u00e7u - Pedagogia<\/option><option value=\"Nova Igua\u00e7u - Turismo (Noturno)\">Nova Igua\u00e7u - Turismo (Noturno)<\/option><option value=\"Serop\u00e9dica - Administra\u00e7\u00e3o (Noturno)\">Serop\u00e9dica - Administra\u00e7\u00e3o (Noturno)<\/option><option value=\"Serop\u00e9dica - Administra\u00e7\u00e3o P\u00fablica (Noturno)\">Serop\u00e9dica - Administra\u00e7\u00e3o P\u00fablica (Noturno)<\/option><option value=\"Serop\u00e9dica - Administra\u00e7\u00e3o\">Serop\u00e9dica - Administra\u00e7\u00e3o<\/option><option value=\"Serop\u00e9dica - Agronomia\">Serop\u00e9dica - Agronomia<\/option><option value=\"Serop\u00e9dica - Arquitetura e Urbanismo\">Serop\u00e9dica - Arquitetura e Urbanismo<\/option><option value=\"Serop\u00e9dica - Ci\u00eancias Agr\u00edcolas\">Serop\u00e9dica - Ci\u00eancias Agr\u00edcolas<\/option><option value=\"Serop\u00e9dica - Ci\u00eancias Cont\u00e1beis\">Serop\u00e9dica - Ci\u00eancias Cont\u00e1beis<\/option><option value=\"Serop\u00e9dica - Ci\u00eancias Econ\u00f4micas\">Serop\u00e9dica - Ci\u00eancias Econ\u00f4micas<\/option><option value=\"Serop\u00e9dica - Ci\u00eancias Sociais (Vespertino)\">Serop\u00e9dica - Ci\u00eancias Sociais (Vespertino)<\/option><option value=\"Serop\u00e9dica - Educa\u00e7\u00e3o do Campo\">Serop\u00e9dica - Educa\u00e7\u00e3o do Campo<\/option><option value=\"Serop\u00e9dica - Engenharia Agr\u00edcola e Ambiental\">Serop\u00e9dica - Engenharia Agr\u00edcola e Ambiental<\/option><option value=\"Serop\u00e9dica - Engenharia de Agrimensura e Cartogr\u00e1fica\">Serop\u00e9dica - Engenharia de Agrimensura e Cartogr\u00e1fica<\/option><option value=\"Serop\u00e9dica - Engenharia de Alimentos\">Serop\u00e9dica - Engenharia de Alimentos<\/option><option value=\"Serop\u00e9dica - Engenharia de Materiais\">Serop\u00e9dica - Engenharia de Materiais<\/option><option value=\"Serop\u00e9dica - Engenharia Florestal\">Serop\u00e9dica - Engenharia Florestal<\/option><option value=\"Serop\u00e9dica - Engenharia Qu\u00edmica\">Serop\u00e9dica - Engenharia Qu\u00edmica<\/option><option value=\"Serop\u00e9dica - Farm\u00e1cia\">Serop\u00e9dica - Farm\u00e1cia<\/option><option value=\"Serop\u00e9dica - Filosofia (Noturno)\">Serop\u00e9dica - Filosofia (Noturno)<\/option><option value=\"Serop\u00e9dica - F\u00edsica\">Serop\u00e9dica - F\u00edsica<\/option><option value=\"Serop\u00e9dica - Geografia (Vespertino)\">Serop\u00e9dica - Geografia (Vespertino)<\/option><option value=\"Serop\u00e9dica - Geologia\">Serop\u00e9dica - Geologia<\/option><option value=\"Serop\u00e9dica - Hist\u00f3ria (Noturno)\">Serop\u00e9dica - Hist\u00f3ria (Noturno)<\/option><option value=\"Serop\u00e9dica - Hist\u00f3ria (Vespertino)\">Serop\u00e9dica - Hist\u00f3ria (Vespertino)<\/option><option value=\"Serop\u00e9dica - Hotelaria (Noturno)\">Serop\u00e9dica - Hotelaria (Noturno)<\/option><option value=\"Serop\u00e9dica - Letras Portugu\u00eas\/Ingl\u00eas\/Literaturas (Noturno)\">Serop\u00e9dica - Letras Portugu\u00eas\/Ingl\u00eas\/Literaturas (Noturno)<\/option><option value=\"Serop\u00e9dica - Letras Portugu\u00eas\/Literaturas (Noturno)\">Serop\u00e9dica - Letras Portugu\u00eas\/Literaturas (Noturno)<\/option><option value=\"Serop\u00e9dica - Matem\u00e1tica\">Serop\u00e9dica - Matem\u00e1tica<\/option><option value=\"Serop\u00e9dica - Psicologia\">Serop\u00e9dica - Psicologia<\/option><option value=\"Serop\u00e9dica - Qu\u00edmica\">Serop\u00e9dica - Qu\u00edmica<\/option><option value=\"Serop\u00e9dica - Qu\u00edmica (Noturno)\">Serop\u00e9dica - Qu\u00edmica (Noturno)<\/option><option value=\"Serop\u00e9dica - Servi\u00e7o Social\">Serop\u00e9dica - Servi\u00e7o Social<\/option><option value=\"Serop\u00e9dica - Zootecnia\">Serop\u00e9dica - Zootecnia<\/option><option value=\"Tr\u00eas Rios - Ci\u00eancias Econ\u00f4micas (Noturno)\">Tr\u00eas Rios - Ci\u00eancias Econ\u00f4micas (Noturno)<\/option><option value=\"Tr\u00eas Rios - Direito (Noturno)\">Tr\u00eas Rios - Direito (Noturno)<\/option><option value=\"Tr\u00eas Rios - Gest\u00e3o Ambiental\">Tr\u00eas Rios - Gest\u00e3o Ambiental<\/option><\/select><\/span>\n<\/label>\n\n<hr \/>\n\n<h2>Envio de documentos comprobat\u00f3rios<\/h2>\n\n<label>ANEXAR c\u00f3pia digitalizada do documento de identifica\u00e7\u00e3o *\n<small>Tamanho m\u00e1ximo: 10mb \/ Arquivos aceitos: PDF, DOC, DOCX, JPG, PNG<\/small>\n<span class=\"wpcf7-form-control-wrap\" data-name=\"anexo-identificacao\"><input size=\"40\" class=\"wpcf7-form-control wpcf7-file wpcf7-validates-as-required\" accept=\".pdf,.doc,.docx,.jpg,.jpeg,.png\" aria-required=\"true\" aria-invalid=\"false\" type=\"file\" name=\"anexo-identificacao\" \/><\/span>\n<\/label>\n\n<label>ANEXAR c\u00f3pia digitalizada do Hist\u00f3rico Escolar com a carga hor\u00e1ria j\u00e1 integralizada *\n<small>Tamanho m\u00e1ximo: 10mb \/ Arquivos aceitos: PDF, DOC, DOCX, JPG, PNG<\/small>\n<span class=\"wpcf7-form-control-wrap\" data-name=\"anexo-historico\"><input size=\"40\" class=\"wpcf7-form-control wpcf7-file wpcf7-validates-as-required\" accept=\".pdf,.doc,.docx,.jpg,.jpeg,.png\" aria-required=\"true\" aria-invalid=\"false\" type=\"file\" name=\"anexo-historico\" \/><\/span>\n<\/label>\n\n<label>ANEXAR c\u00f3pia da p\u00e1gina de avalia\u00e7\u00e3o da INSTITUI\u00c7\u00c3O no s\u00edtio do MEC *\n<small>Tamanho m\u00e1ximo: 10mb \/ Arquivos aceitos: PDF, DOC, DOCX, JPG, PNG<\/small>\n<span class=\"wpcf7-form-control-wrap\" data-name=\"anexo-avaliacao-instituicao\"><input size=\"40\" class=\"wpcf7-form-control wpcf7-file wpcf7-validates-as-required\" accept=\".pdf,.doc,.docx,.jpg,.jpeg,.png\" aria-required=\"true\" aria-invalid=\"false\" type=\"file\" name=\"anexo-avaliacao-instituicao\" \/><\/span>\n<\/label>\n\n<label>ANEXAR c\u00f3pia da p\u00e1gina de avalia\u00e7\u00e3o do CURSO no s\u00edtio do MEC ou documento similar conforme ANEXO II do edital do processo seletivo *\n<small>Tamanho m\u00e1ximo: 10mb \/ Arquivos aceitos: PDF, DOC, DOCX, JPG, PNG<\/small>\n<span class=\"wpcf7-form-control-wrap\" data-name=\"anexo-avaliacao-curso\"><input size=\"40\" class=\"wpcf7-form-control wpcf7-file wpcf7-validates-as-required\" accept=\".pdf,.doc,.docx,.jpg,.jpeg,.png\" aria-required=\"true\" aria-invalid=\"false\" type=\"file\" name=\"anexo-avaliacao-curso\" \/><\/span>\n<\/label>\n\n<label>ANEXAR documento da institui\u00e7\u00e3o de origem contendo a carga hor\u00e1ria total do curso (pode ser dispensado caso no Hist\u00f3rico Escolar conste esta informa\u00e7\u00e3o) (opcional)\n<small>Tamanho m\u00e1ximo: 10mb \/ Arquivos aceitos: PDF, DOC, DOCX, JPG, PNG<\/small>\n<span class=\"wpcf7-form-control-wrap\" data-name=\"anexo-carga-horaria\"><input size=\"40\" class=\"wpcf7-form-control wpcf7-file\" accept=\".pdf,.doc,.docx,.jpg,.jpeg,.png\" aria-invalid=\"false\" type=\"file\" name=\"anexo-carga-horaria\" \/><\/span>\n<\/label>\n\n\n\n<input class=\"wpcf7-form-control wpcf7-submit has-spinner\" type=\"submit\" value=\"Enviar\" \/><\/div><div class=\"wpcf7-response-output\" aria-hidden=\"true\"><\/div>\n<\/form>\n<\/div>\n<\/div>\n\n\n\n<p class=\" eplus-wrapper\"><\/p>\n","protected":false},"excerpt":{"rendered":"","protected":false},"author":4,"featured_media":0,"parent":0,"menu_order":0,"comment_status":"closed","ping_status":"closed","template":"page-standalone.php","meta":{"_acf_changed":false,"editor_plus_copied_stylings":"{}","footnotes":""},"class_list":["post-14095","page","type-page","status-publish","hentry"],"acf":[],"yoast_head":"<!-- This site is optimized with the Yoast SEO plugin v27.4 - https:\/\/yoast.com\/product\/yoast-seo-wordpress\/ -->\n<title>Formul\u00e1rio de Inscri\u00e7\u00e3o - Transfer\u00eancia Externa - Campus Tr\u00eas Rios | UFRRJ<\/title>\n<meta name=\"robots\" content=\"index, follow, max-snippet:-1, max-image-preview:large, max-video-preview:-1\" \/>\n<link rel=\"canonical\" href=\"https:\/\/itr.ufrrj.br\/portal\/formulario-de-inscricao-na-transferencia-externa\/\" \/>\n<meta property=\"og:locale\" content=\"pt_BR\" \/>\n<meta property=\"og:type\" content=\"article\" \/>\n<meta property=\"og:title\" content=\"Formul\u00e1rio de Inscri\u00e7\u00e3o - Transfer\u00eancia Externa - Campus Tr\u00eas Rios | UFRRJ\" \/>\n<meta property=\"og:url\" content=\"https:\/\/itr.ufrrj.br\/portal\/formulario-de-inscricao-na-transferencia-externa\/\" \/>\n<meta property=\"og:site_name\" content=\"Campus Tr\u00eas Rios | UFRRJ\" \/>\n<meta property=\"article:publisher\" content=\"https:\/\/www.facebook.com\/itr.ufrrj\" \/>\n<meta property=\"article:modified_time\" content=\"2025-06-27T10:50:31+00:00\" \/>\n<meta name=\"twitter:card\" content=\"summary_large_image\" \/>\n<meta name=\"twitter:label1\" content=\"Est. tempo de leitura\" \/>\n\t<meta name=\"twitter:data1\" content=\"1 minuto\" \/>\n<script type=\"application\/ld+json\" class=\"yoast-schema-graph\">{\"@context\":\"https:\\\/\\\/schema.org\",\"@graph\":[{\"@type\":\"WebPage\",\"@id\":\"https:\\\/\\\/itr.ufrrj.br\\\/portal\\\/formulario-de-inscricao-na-transferencia-externa\\\/\",\"url\":\"https:\\\/\\\/itr.ufrrj.br\\\/portal\\\/formulario-de-inscricao-na-transferencia-externa\\\/\",\"name\":\"Formul\u00e1rio de Inscri\u00e7\u00e3o - Transfer\u00eancia Externa - Campus Tr\u00eas Rios | UFRRJ\",\"isPartOf\":{\"@id\":\"https:\\\/\\\/itr.ufrrj.br\\\/portal\\\/#website\"},\"datePublished\":\"2024-06-26T14:56:44+00:00\",\"dateModified\":\"2025-06-27T10:50:31+00:00\",\"breadcrumb\":{\"@id\":\"https:\\\/\\\/itr.ufrrj.br\\\/portal\\\/formulario-de-inscricao-na-transferencia-externa\\\/#breadcrumb\"},\"inLanguage\":\"pt-BR\",\"potentialAction\":[{\"@type\":\"ReadAction\",\"target\":[\"https:\\\/\\\/itr.ufrrj.br\\\/portal\\\/formulario-de-inscricao-na-transferencia-externa\\\/\"]}]},{\"@type\":\"BreadcrumbList\",\"@id\":\"https:\\\/\\\/itr.ufrrj.br\\\/portal\\\/formulario-de-inscricao-na-transferencia-externa\\\/#breadcrumb\",\"itemListElement\":[{\"@type\":\"ListItem\",\"position\":1,\"name\":\"In\u00edcio\",\"item\":\"https:\\\/\\\/itr.ufrrj.br\\\/portal\\\/\"},{\"@type\":\"ListItem\",\"position\":2,\"name\":\"Formul\u00e1rio de Inscri\u00e7\u00e3o &#8211; Transfer\u00eancia Externa\"}]},{\"@type\":\"WebSite\",\"@id\":\"https:\\\/\\\/itr.ufrrj.br\\\/portal\\\/#website\",\"url\":\"https:\\\/\\\/itr.ufrrj.br\\\/portal\\\/\",\"name\":\"Campus Tr\u00eas Rios | UFRRJ\",\"description\":\"Localizado na cidade de Tr\u00eas Rios - RJ\",\"publisher\":{\"@id\":\"https:\\\/\\\/itr.ufrrj.br\\\/portal\\\/#organization\"},\"potentialAction\":[{\"@type\":\"SearchAction\",\"target\":{\"@type\":\"EntryPoint\",\"urlTemplate\":\"https:\\\/\\\/itr.ufrrj.br\\\/portal\\\/?s={search_term_string}\"},\"query-input\":{\"@type\":\"PropertyValueSpecification\",\"valueRequired\":true,\"valueName\":\"search_term_string\"}}],\"inLanguage\":\"pt-BR\"},{\"@type\":\"Organization\",\"@id\":\"https:\\\/\\\/itr.ufrrj.br\\\/portal\\\/#organization\",\"name\":\"Instituto Tr\u00eas Rios\\\/UFRRJ\",\"url\":\"https:\\\/\\\/itr.ufrrj.br\\\/portal\\\/\",\"logo\":{\"@type\":\"ImageObject\",\"inLanguage\":\"pt-BR\",\"@id\":\"https:\\\/\\\/itr.ufrrj.br\\\/portal\\\/#\\\/schema\\\/logo\\\/image\\\/\",\"url\":\"https:\\\/\\\/itr.ufrrj.br\\\/portal\\\/wp-content\\\/uploads\\\/2020\\\/04\\\/logo-institutotresrios-ufrrj.png\",\"contentUrl\":\"https:\\\/\\\/itr.ufrrj.br\\\/portal\\\/wp-content\\\/uploads\\\/2020\\\/04\\\/logo-institutotresrios-ufrrj.png\",\"width\":1067,\"height\":240,\"caption\":\"Instituto Tr\u00eas Rios\\\/UFRRJ\"},\"image\":{\"@id\":\"https:\\\/\\\/itr.ufrrj.br\\\/portal\\\/#\\\/schema\\\/logo\\\/image\\\/\"},\"sameAs\":[\"https:\\\/\\\/www.facebook.com\\\/itr.ufrrj\"]}]}<\/script>\n<!-- \/ Yoast SEO plugin. -->","yoast_head_json":{"title":"Formul\u00e1rio de Inscri\u00e7\u00e3o - Transfer\u00eancia Externa - Campus Tr\u00eas Rios | UFRRJ","robots":{"index":"index","follow":"follow","max-snippet":"max-snippet:-1","max-image-preview":"max-image-preview:large","max-video-preview":"max-video-preview:-1"},"canonical":"https:\/\/itr.ufrrj.br\/portal\/formulario-de-inscricao-na-transferencia-externa\/","og_locale":"pt_BR","og_type":"article","og_title":"Formul\u00e1rio de Inscri\u00e7\u00e3o - Transfer\u00eancia Externa - Campus Tr\u00eas Rios | UFRRJ","og_url":"https:\/\/itr.ufrrj.br\/portal\/formulario-de-inscricao-na-transferencia-externa\/","og_site_name":"Campus Tr\u00eas Rios | UFRRJ","article_publisher":"https:\/\/www.facebook.com\/itr.ufrrj","article_modified_time":"2025-06-27T10:50:31+00:00","twitter_card":"summary_large_image","twitter_misc":{"Est. tempo de leitura":"1 minuto"},"schema":{"@context":"https:\/\/schema.org","@graph":[{"@type":"WebPage","@id":"https:\/\/itr.ufrrj.br\/portal\/formulario-de-inscricao-na-transferencia-externa\/","url":"https:\/\/itr.ufrrj.br\/portal\/formulario-de-inscricao-na-transferencia-externa\/","name":"Formul\u00e1rio de Inscri\u00e7\u00e3o - Transfer\u00eancia Externa - Campus Tr\u00eas Rios | UFRRJ","isPartOf":{"@id":"https:\/\/itr.ufrrj.br\/portal\/#website"},"datePublished":"2024-06-26T14:56:44+00:00","dateModified":"2025-06-27T10:50:31+00:00","breadcrumb":{"@id":"https:\/\/itr.ufrrj.br\/portal\/formulario-de-inscricao-na-transferencia-externa\/#breadcrumb"},"inLanguage":"pt-BR","potentialAction":[{"@type":"ReadAction","target":["https:\/\/itr.ufrrj.br\/portal\/formulario-de-inscricao-na-transferencia-externa\/"]}]},{"@type":"BreadcrumbList","@id":"https:\/\/itr.ufrrj.br\/portal\/formulario-de-inscricao-na-transferencia-externa\/#breadcrumb","itemListElement":[{"@type":"ListItem","position":1,"name":"In\u00edcio","item":"https:\/\/itr.ufrrj.br\/portal\/"},{"@type":"ListItem","position":2,"name":"Formul\u00e1rio de Inscri\u00e7\u00e3o &#8211; Transfer\u00eancia Externa"}]},{"@type":"WebSite","@id":"https:\/\/itr.ufrrj.br\/portal\/#website","url":"https:\/\/itr.ufrrj.br\/portal\/","name":"Campus Tr\u00eas Rios | UFRRJ","description":"Localizado na cidade de Tr\u00eas Rios - RJ","publisher":{"@id":"https:\/\/itr.ufrrj.br\/portal\/#organization"},"potentialAction":[{"@type":"SearchAction","target":{"@type":"EntryPoint","urlTemplate":"https:\/\/itr.ufrrj.br\/portal\/?s={search_term_string}"},"query-input":{"@type":"PropertyValueSpecification","valueRequired":true,"valueName":"search_term_string"}}],"inLanguage":"pt-BR"},{"@type":"Organization","@id":"https:\/\/itr.ufrrj.br\/portal\/#organization","name":"Instituto Tr\u00eas Rios\/UFRRJ","url":"https:\/\/itr.ufrrj.br\/portal\/","logo":{"@type":"ImageObject","inLanguage":"pt-BR","@id":"https:\/\/itr.ufrrj.br\/portal\/#\/schema\/logo\/image\/","url":"https:\/\/itr.ufrrj.br\/portal\/wp-content\/uploads\/2020\/04\/logo-institutotresrios-ufrrj.png","contentUrl":"https:\/\/itr.ufrrj.br\/portal\/wp-content\/uploads\/2020\/04\/logo-institutotresrios-ufrrj.png","width":1067,"height":240,"caption":"Instituto Tr\u00eas Rios\/UFRRJ"},"image":{"@id":"https:\/\/itr.ufrrj.br\/portal\/#\/schema\/logo\/image\/"},"sameAs":["https:\/\/www.facebook.com\/itr.ufrrj"]}]}},"jetpack_sharing_enabled":true,"amp_enabled":false,"_links":{"self":[{"href":"https:\/\/itr.ufrrj.br\/portal\/wp-json\/wp\/v2\/pages\/14095","targetHints":{"allow":["GET"]}}],"collection":[{"href":"https:\/\/itr.ufrrj.br\/portal\/wp-json\/wp\/v2\/pages"}],"about":[{"href":"https:\/\/itr.ufrrj.br\/portal\/wp-json\/wp\/v2\/types\/page"}],"author":[{"embeddable":true,"href":"https:\/\/itr.ufrrj.br\/portal\/wp-json\/wp\/v2\/users\/4"}],"replies":[{"embeddable":true,"href":"https:\/\/itr.ufrrj.br\/portal\/wp-json\/wp\/v2\/comments?post=14095"}],"version-history":[{"count":8,"href":"https:\/\/itr.ufrrj.br\/portal\/wp-json\/wp\/v2\/pages\/14095\/revisions"}],"predecessor-version":[{"id":52191,"href":"https:\/\/itr.ufrrj.br\/portal\/wp-json\/wp\/v2\/pages\/14095\/revisions\/52191"}],"wp:attachment":[{"href":"https:\/\/itr.ufrrj.br\/portal\/wp-json\/wp\/v2\/media?parent=14095"}],"curies":[{"name":"wp","href":"https:\/\/api.w.org\/{rel}","templated":true}]}}