{"id":13268,"date":"2022-06-27T09:13:52","date_gmt":"2022-06-27T12:13:52","guid":{"rendered":"https:\/\/itr.ufrrj.br\/portal\/?page_id=13268"},"modified":"2023-04-10T11:11:15","modified_gmt":"2023-04-10T14:11:15","slug":"acoes-de-extensao","status":"publish","type":"page","link":"https:\/\/itr.ufrrj.br\/portal\/npj\/acoes-de-extensao\/","title":{"rendered":"A\u00e7\u00f5es de Extens\u00e3o"},"content":{"rendered":"\n<h2 class=\"wp-block-heading\"><strong>Feir\u00e3o SERASA Limpa Nome<\/strong><\/h2>\n\n\n\n<p>O Laborat\u00f3rio de Pr\u00e1ticas Consensuais do NPJ\/ITR\/UFRRJ do Curso de Direito do ITR\/UFRRJ participou com uma equipe de discentes volunt\u00e1rios do <strong>II Feir\u00e3o Limpa Nomes de Tr\u00eas Rios,<\/strong> promovido pelo CEJUSC (Centro Judici\u00e1rio de Solu\u00e7\u00e3o de Conflitos e Cidadania) de Tr\u00eas Rios, vinculado ao Tribunal de Justi\u00e7a do Rio de Janeiro.&nbsp;<\/p>\n\n\n\n<p>O evento ocorreu nos dias 01, 02 e 03 de junho de 2022 nas depend\u00eancias do Clube Atl\u00e9tico Entre Rios. V\u00e1rias Empresas e Institui\u00e7\u00f5es Comerciais, de Ensino e Financeiras, participaram do evento, que teve como objetivo viabilizar acordos que pudessem colocar fim a d\u00edvidas de consumidores, permitindo que os mesmos sa\u00edssem dos cadastros restritivos de cr\u00e9dito.&nbsp;<\/p>\n\n\n\n<p>Professores e alunos do ITR desempenharam variadas tarefas, atuando como conciliadores na solu\u00e7\u00e3o de disputas entre empresas e consumidores, ou mesmo verificando a validade jur\u00eddica dos acordos celebrados.&nbsp;<\/p>\n\n\n\n<p>Destaca-se a atua\u00e7\u00e3o bolsista de extens\u00e3o do Laborat\u00f3rio de Pr\u00e1ticas Consensuais Pedro Henrique Campos, que atuou na concilia\u00e7\u00e3o e celebra\u00e7\u00e3o de quase cem acordos, durante os tr\u00eas dias de evento.<\/p>\n\n\n\n<p>Os professores \u00c9rica Guerra e Klever Filpo atuaram como advogados, orientando os consumidores na celebra\u00e7\u00e3o dos acordos e assinando os termos de acordo para dar-lhes validade jur\u00eddica, antes da homologa\u00e7\u00e3o da Ju\u00edza, Dra Ellen de Freitas Barbosa, que organizou e supervisionou todo o evento.<\/p>\n\n\n\n<p><strong>O Curso de Direito do ITR deu uma expressiva contribui\u00e7\u00e3o para o sucesso dessa a\u00e7\u00e3o social.<\/strong><\/p>\n\n\n\r\n    <div style=\"max-width:500px;\">        \r\n    <video id=\"plyr69e2db480ae8e\" controls class=\"easy-video-player\">\r\n       <source src=\"https:\/\/itr.ufrrj.br\/videos\/feiraolimpanome2022.mp4\" type=\"video\/mp4\" \/>\r\n    <\/video>\r\n    <\/div>    <script>\r\n        const evplayerplyr69e2db480ae8e = new Plyr(document.getElementById('plyr69e2db480ae8e'));\r\n        evplayerplyr69e2db480ae8e.ratio = '0.75';\r\n        evplayerplyr69e2db480ae8e.iconUrl = 'https:\/\/itr.ufrrj.br\/portal\/wp-content\/plugins\/easy-video-player\/lib\/plyr.svg';\r\n        evplayerplyr69e2db480ae8e.blankVideo = 'https:\/\/itr.ufrrj.br\/portal\/wp-content\/plugins\/easy-video-player\/lib\/blank.mp4';  \r\n    <\/script>\n\n\n\n<div style=\"height:100px\" aria-hidden=\"true\" class=\"wp-block-spacer\"><\/div>\n\n\n\n<hr class=\"wp-block-separator has-alpha-channel-opacity is-style-wide\"\/>\n\n\n\n<div style=\"height:100px\" aria-hidden=\"true\" class=\"wp-block-spacer\"><\/div>\n\n\n\n<h2 class=\"wp-block-heading\">Fortalecendo a Cultura de Direitos Humanos e da Cidadania na Agricultura Familiar<\/h2>\n\n\n\n<p>No dia 16 de junho de 2022, no <strong>N\u00daCLEO DE PR\u00c1TICA JUR\u00cdDICA J\u00c9SSICA PHILIPP GIUSTI<\/strong>, localizado no Campus Tr\u00eas Rios da UFRRJ, foi realizado o primeiro atendimento jur\u00eddico do Projeto de extens\u00e3o \u201cFortalecendo a Cultura de Direitos Humanos e da Cidadania na Agricultura Familiar\u201d, vinculado ao \u201cPrograma de Fortalecimento da Agricultura Familiar na Baixada Fluminense e Centro Sul do Estado do Rio de Janeiro\u201d.<\/p>\n\n\n\n<p>O Projeto de Extens\u00e3o tem como objetivo prestar Assist\u00eancia Jur\u00eddica gratuita a pequenos produtores rurais, orientando-os e auxiliando-os em quest\u00f5es jur\u00eddicas referentes \u00e0 sua propriedade, bem como outros direitos e \u00e9 fruto da parceria da UFRRJ-ITR com a Emater Tr\u00eas Rios e as Prefeituras dos munic\u00edpios de Tr\u00eas Rios, Areal e Levy Gasparian.<\/p>\n\n\n\n<figure class=\"wp-block-image\"><img decoding=\"async\" src=\"https:\/\/lh5.googleusercontent.com\/NLK0Huz8yZs7i-SVLhN5GpPeTmXjCAdffNlL2BiqBqf3hv3dCa7hKj9qIHz83mUIxChkF01tPSZlKyvdHTPnKg_fI2EHNQ7gzHkbNXk1kmIAhqgkOwGVKXMEoyzn9Gs8_XCkvXRvMl6wM8ttDw\" alt=\"E:\\NPJ\\Docentes\\Rulian\\Processo Aula 2021 I\\IMG-20220614-WA0011.jpg\"\/><figcaption class=\"wp-element-caption\">1\u2070 ATENDIMENTO AOS ASSISTIDOS PELO NPJ<\/figcaption><\/figure>\n\n\n\n<p><\/p>\n\n\n\n<figure class=\"wp-block-image\"><img decoding=\"async\" src=\"https:\/\/lh3.googleusercontent.com\/7e5hDuwmgEUEGuLvgMoWGOZ73ZyQ3H6cKgEYGEd08vZUImlZjnLbp9DVmia9CS1nM8WCvRkBWT0pBCCuzqKa3KOkcKOQdYOveOWWJegTF848E0pQalf5ulHe98msUEegpRaDVAnH2ZsPiDjiwg\" alt=\"E:\\NPJ\\Docentes\\Rulian\\Equipe Emater.jpg\"\/><figcaption class=\"wp-element-caption\">Integrantes do Projeto, Discentes do Curso de Direito e Assistidos<\/figcaption><\/figure>\n\n\n\n<div style=\"height:100px\" aria-hidden=\"true\" class=\"wp-block-spacer\"><\/div>\n\n\n\n<hr class=\"wp-block-separator has-alpha-channel-opacity\"\/>\n\n\n\n<div style=\"height:100px\" aria-hidden=\"true\" class=\"wp-block-spacer\"><\/div>\n\n\n\n<h2 class=\"wp-block-heading\">Laborat\u00f3rio de Pr\u00e1ticas Consensuais de Administra\u00e7\u00e3o de Conflitos<\/h2>\n\n\n\n<figure class=\"wp-block-image size-large\"><img loading=\"lazy\" decoding=\"async\" width=\"1024\" height=\"768\" src=\"https:\/\/itr.ufrrj.br\/portal\/wp-content\/uploads\/2023\/04\/imagem-4-1024x768.jpeg\" alt=\"\" class=\"wp-image-17704\" srcset=\"https:\/\/itr.ufrrj.br\/portal\/wp-content\/uploads\/2023\/04\/imagem-4-1024x768.jpeg 1024w, https:\/\/itr.ufrrj.br\/portal\/wp-content\/uploads\/2023\/04\/imagem-4-300x225.jpeg 300w, https:\/\/itr.ufrrj.br\/portal\/wp-content\/uploads\/2023\/04\/imagem-4-768x576.jpeg 768w, https:\/\/itr.ufrrj.br\/portal\/wp-content\/uploads\/2023\/04\/imagem-4-1536x1152.jpeg 1536w, https:\/\/itr.ufrrj.br\/portal\/wp-content\/uploads\/2023\/04\/imagem-4-450x337.jpeg 450w, https:\/\/itr.ufrrj.br\/portal\/wp-content\/uploads\/2023\/04\/imagem-4-150x113.jpeg 150w, https:\/\/itr.ufrrj.br\/portal\/wp-content\/uploads\/2023\/04\/imagem-4.jpeg 1600w\" sizes=\"auto, (max-width: 1024px) 100vw, 1024px\" \/><\/figure>\n\n\n\n<p>O LABORAT\u00d3RIO DE PR\u00c1TICAS CONSENSUAIS DE ADMINISTRA\u00c7\u00c3O DE CONFLITOS \u00e9 um projeto de extens\u00e3o que vem sendo desenvolvido no \u00e2mbito do NPJ\/ITR\/UFRRJ, utilizando a metodologia participativa que visa promover atividades de ensino, pesquisa e extens\u00e3o relacionadas a pr\u00e1ticas consensuais de administra\u00e7\u00e3o de conflitos, especialmente a media\u00e7\u00e3o e a concilia\u00e7\u00e3o, formas de solu\u00e7\u00e3o de conflitos alternativas ao Poder Judici\u00e1rio. O projeto \u00e9 coordenado pelo Prof. Dr. Klever Paulo Leal Filpo em conjunto com a Profa. Dra. \u00c9rica Guerra da Silva e formado por uma equipe t\u00e9cnica diversificada de professores, t\u00e9cnicos e estudantes. As atividades s\u00e3o desenvolvidas proporcionando espa\u00e7o de acolhimento, orienta\u00e7\u00e3o e administra\u00e7\u00e3o de conflitos, vindo ao encontro de interesses e necessidades da popula\u00e7\u00e3o do munic\u00edpio de Tr\u00eas Rios, em especial grupos vulner\u00e1veis incluindo idosos e pessoas de pouca instru\u00e7\u00e3o e baixa renda, as quais padecem de diferentes problemas jur\u00eddicos\/sociais, ferindo a sua dignidade, por exemplo: situa\u00e7\u00e3o de superendividamento; vulnerabilidade e fragilidade nas rela\u00e7\u00f5es de consumo; dentre outros. S\u00e3o situa\u00e7\u00f5es que demandam atendimento espec\u00edfico e direcionado e talvez possam ser melhor enfrentadas pela media\u00e7\u00e3o e concilia\u00e7\u00e3o do que pelo processo judicial convencional.<\/p>\n\n\n\n<p>O C\u00f3digo Processual Civil de 2015 traz grandes avan\u00e7os na regulamenta\u00e7\u00e3o dos meios alternativos de resolu\u00e7\u00e3o de conflitos, reconhecendo a efetividade e o prest\u00edgio das t\u00e9cnicas de media\u00e7\u00e3o e concilia\u00e7\u00e3o. No entanto, ainda n\u00e3o existe entre n\u00f3s uma cultura de solu\u00e7\u00f5es consensuais, tampouco profissionais capacitados em n\u00famero suficiente para fazer com que mais quest\u00f5es possam ser equacionadas por meio do emprego das t\u00e9cnicas mediativas, que apresentam vantagens quando comparadas \u00e0 via judicial. De forma a superar esse cen\u00e1rio, o grupo de extens\u00e3o objetiva difundir a qualifica\u00e7\u00e3o de profissionais nas t\u00e9cnicas de media\u00e7\u00e3o e concilia\u00e7\u00e3o de forma mais abrangente, atendendo a suas especificidades, a fim de contribuir com oportunidades de acesso a justi\u00e7a que beneficiem o desenvolvimento da comunidade local. Assim, o Laborat\u00f3rio tem investido em iniciativas de forma\u00e7\u00e3o de mediadores e conciliadores desde 2019, com o curso Atualidades Sobre Media\u00e7\u00e3o de Conflitos: m\u00faltiplas aplica\u00e7\u00f5es e perspectivas, que ocorreu em 2021, em parceria com a Escola de Extens\u00e3o da UFRRJ, e resultou em uma colet\u00e2nea que est\u00e1 para ser publicada pela Edur, agora em fase de editora\u00e7\u00e3o. Outra importante atividade realizada foi a participa\u00e7\u00e3o da equipe em duas edi\u00e7\u00f5es do Feir\u00e3o Limpa Nomes, em parceria com o Centro Judici\u00e1rio de Solu\u00e7\u00e3o de Conflitos e Cidadania do TJERJ em Tr\u00eas Rios, em que o grupo trabalhou na celebra\u00e7\u00e3o dos acordos entre consumidores superendividados e empresas da cidade. . Al\u00e9m disso, o Professor proponente \u00e9 l\u00edder do grupo de Pesquisa FOCA\/ITR, que privilegiando abordagens emp\u00edricas das atividades do NPJ, articula a integra\u00e7\u00e3o das atividades de pesquisa do grupo FOCA, proporcionando oportunidade de refletir criticamente sobre os dados provenientes das a\u00e7\u00f5es, e reunindo os dados emp\u00edricos para a publica\u00e7\u00e3o de artigos cient\u00edficos. Desse modo, o projeto de exten\u00e7\u00e3o se empenha no alcance de um modelo de constru\u00e7\u00e3o social do conhecimento, utilizando a rela\u00e7\u00e3o usual entre a pesquisa baseada em diagn\u00f3stico de situa\u00e7\u00f5es reais coletado em atividades de extens\u00e3o proporcionadas pelo Laborat\u00f3rio, com a aplica\u00e7\u00e3o de capacita\u00e7\u00f5es de ensino e forma\u00e7\u00e3o dos alunos da universidade nas formas consensuais de solu\u00e7\u00e3o de conflitos e o est\u00edmulo da publica\u00e7\u00e3o e divulga\u00e7\u00e3o dos trabalhos.<\/p>\n\n\n\n<p><strong>Participantes:<\/strong><\/p>\n\n\n\n<ul class=\"wp-block-list\">\n<li>Prof. Dr. Klever Paulo Leal Filpo; <\/li>\n\n\n\n<li>Profa. Dra. \u00c9rica Guerra da Silva <\/li>\n\n\n\n<li>Prof. Dr. Rulian Emmerick<\/li>\n\n\n\n<li>Profa. Dra. Marcela Siqueira Miguens <\/li>\n\n\n\n<li>T\u00e9cnico Jorge Baptista Canavez Jr<\/li>\n\n\n\n<li>Graduanda Anna Laura Thomaz Gomes Heleno <\/li>\n\n\n\n<li>Graduanda Ana Paula Miranda de Souza<\/li>\n\n\n\n<li>Graduando Pedro Henrique Campos <\/li>\n\n\n\n<li>Graduanda Dara Ribeiro Rezende<\/li>\n\n\n\n<li>Graduanda Geovana de Azevedo Alves<\/li>\n<\/ul>\n\n\n\n<figure class=\"wp-block-gallery has-nested-images columns-default is-cropped wp-block-gallery-1 is-layout-flex wp-block-gallery-is-layout-flex\">\n<figure class=\"wp-block-image size-large\"><a href=\"https:\/\/itr.ufrrj.br\/portal\/wp-content\/uploads\/2023\/04\/imagem-2.jpeg\"><img loading=\"lazy\" decoding=\"async\" width=\"768\" height=\"1024\" data-id=\"17706\" src=\"https:\/\/itr.ufrrj.br\/portal\/wp-content\/uploads\/2023\/04\/imagem-2.jpeg\" alt=\"\" class=\"wp-image-17706\" srcset=\"https:\/\/itr.ufrrj.br\/portal\/wp-content\/uploads\/2023\/04\/imagem-2.jpeg 768w, https:\/\/itr.ufrrj.br\/portal\/wp-content\/uploads\/2023\/04\/imagem-2-225x300.jpeg 225w, https:\/\/itr.ufrrj.br\/portal\/wp-content\/uploads\/2023\/04\/imagem-2-640x853.jpeg 640w, https:\/\/itr.ufrrj.br\/portal\/wp-content\/uploads\/2023\/04\/imagem-2-150x200.jpeg 150w\" sizes=\"auto, (max-width: 768px) 100vw, 768px\" \/><\/a><\/figure>\n\n\n\n<figure class=\"wp-block-image size-large\"><a href=\"https:\/\/itr.ufrrj.br\/portal\/wp-content\/uploads\/2023\/04\/imagem-3.jpeg\"><img loading=\"lazy\" decoding=\"async\" width=\"1024\" height=\"768\" data-id=\"17707\" src=\"https:\/\/itr.ufrrj.br\/portal\/wp-content\/uploads\/2023\/04\/imagem-3.jpeg\" alt=\"\" class=\"wp-image-17707\" srcset=\"https:\/\/itr.ufrrj.br\/portal\/wp-content\/uploads\/2023\/04\/imagem-3.jpeg 1024w, https:\/\/itr.ufrrj.br\/portal\/wp-content\/uploads\/2023\/04\/imagem-3-300x225.jpeg 300w, https:\/\/itr.ufrrj.br\/portal\/wp-content\/uploads\/2023\/04\/imagem-3-768x576.jpeg 768w, https:\/\/itr.ufrrj.br\/portal\/wp-content\/uploads\/2023\/04\/imagem-3-450x337.jpeg 450w, https:\/\/itr.ufrrj.br\/portal\/wp-content\/uploads\/2023\/04\/imagem-3-150x113.jpeg 150w\" sizes=\"auto, (max-width: 1024px) 100vw, 1024px\" \/><\/a><\/figure>\n\n\n\n<figure class=\"wp-block-image size-large\"><a href=\"https:\/\/itr.ufrrj.br\/portal\/wp-content\/uploads\/2023\/04\/imagem-6.jpeg\"><img loading=\"lazy\" decoding=\"async\" width=\"1024\" height=\"926\" data-id=\"17708\" src=\"https:\/\/itr.ufrrj.br\/portal\/wp-content\/uploads\/2023\/04\/imagem-6.jpeg\" alt=\"\" class=\"wp-image-17708\" srcset=\"https:\/\/itr.ufrrj.br\/portal\/wp-content\/uploads\/2023\/04\/imagem-6.jpeg 1024w, https:\/\/itr.ufrrj.br\/portal\/wp-content\/uploads\/2023\/04\/imagem-6-300x271.jpeg 300w, https:\/\/itr.ufrrj.br\/portal\/wp-content\/uploads\/2023\/04\/imagem-6-768x695.jpeg 768w, https:\/\/itr.ufrrj.br\/portal\/wp-content\/uploads\/2023\/04\/imagem-6-150x136.jpeg 150w\" sizes=\"auto, (max-width: 1024px) 100vw, 1024px\" \/><\/a><\/figure>\n\n\n\n<figure class=\"wp-block-image size-large\"><a href=\"https:\/\/itr.ufrrj.br\/portal\/wp-content\/uploads\/2023\/04\/imagem-1.jpeg\"><img loading=\"lazy\" decoding=\"async\" width=\"500\" height=\"500\" data-id=\"17705\" src=\"https:\/\/itr.ufrrj.br\/portal\/wp-content\/uploads\/2023\/04\/imagem-1.jpeg\" alt=\"\" class=\"wp-image-17705\" srcset=\"https:\/\/itr.ufrrj.br\/portal\/wp-content\/uploads\/2023\/04\/imagem-1.jpeg 500w, https:\/\/itr.ufrrj.br\/portal\/wp-content\/uploads\/2023\/04\/imagem-1-300x300.jpeg 300w, https:\/\/itr.ufrrj.br\/portal\/wp-content\/uploads\/2023\/04\/imagem-1-150x150.jpeg 150w, https:\/\/itr.ufrrj.br\/portal\/wp-content\/uploads\/2023\/04\/imagem-1-96x96.jpeg 96w\" sizes=\"auto, (max-width: 500px) 100vw, 500px\" \/><\/a><\/figure>\n<\/figure>\n","protected":false},"excerpt":{"rendered":"<p>Feir\u00e3o SERASA Limpa Nome O Laborat\u00f3rio de Pr\u00e1ticas Consensuais do NPJ\/ITR\/UFRRJ do Curso de Direito do ITR\/UFRRJ participou com uma equipe de discentes volunt\u00e1rios do II Feir\u00e3o Limpa Nomes de [&hellip;]<\/p>\n","protected":false},"author":4,"featured_media":0,"parent":8200,"menu_order":0,"comment_status":"closed","ping_status":"closed","template":"page-cursos.php","meta":{"_acf_changed":false,"editor_plus_copied_stylings":"{}","footnotes":""},"class_list":["post-13268","page","type-page","status-publish","hentry"],"acf":[],"yoast_head":"<!-- This site is optimized with the Yoast SEO plugin v27.4 - https:\/\/yoast.com\/product\/yoast-seo-wordpress\/ -->\n<title>A\u00e7\u00f5es de Extens\u00e3o - Campus Tr\u00eas Rios | UFRRJ<\/title>\n<meta name=\"robots\" content=\"index, follow, max-snippet:-1, max-image-preview:large, max-video-preview:-1\" \/>\n<link rel=\"canonical\" href=\"https:\/\/itr.ufrrj.br\/portal\/npj\/acoes-de-extensao\/\" \/>\n<meta property=\"og:locale\" content=\"pt_BR\" \/>\n<meta property=\"og:type\" content=\"article\" \/>\n<meta property=\"og:title\" content=\"A\u00e7\u00f5es de Extens\u00e3o - Campus Tr\u00eas Rios | UFRRJ\" \/>\n<meta property=\"og:description\" content=\"Feir\u00e3o SERASA Limpa Nome O Laborat\u00f3rio de Pr\u00e1ticas Consensuais do NPJ\/ITR\/UFRRJ do Curso de Direito do ITR\/UFRRJ participou com uma equipe de discentes volunt\u00e1rios do II Feir\u00e3o Limpa Nomes de [&hellip;]\" \/>\n<meta property=\"og:url\" content=\"https:\/\/itr.ufrrj.br\/portal\/npj\/acoes-de-extensao\/\" \/>\n<meta property=\"og:site_name\" content=\"Campus Tr\u00eas Rios | UFRRJ\" \/>\n<meta property=\"article:publisher\" content=\"https:\/\/www.facebook.com\/itr.ufrrj\" \/>\n<meta property=\"article:modified_time\" content=\"2023-04-10T14:11:15+00:00\" \/>\n<meta property=\"og:image\" content=\"https:\/\/lh5.googleusercontent.com\/NLK0Huz8yZs7i-SVLhN5GpPeTmXjCAdffNlL2BiqBqf3hv3dCa7hKj9qIHz83mUIxChkF01tPSZlKyvdHTPnKg_fI2EHNQ7gzHkbNXk1kmIAhqgkOwGVKXMEoyzn9Gs8_XCkvXRvMl6wM8ttDw\" \/>\n<meta name=\"twitter:card\" content=\"summary_large_image\" \/>\n<meta name=\"twitter:label1\" content=\"Est. tempo de leitura\" \/>\n\t<meta name=\"twitter:data1\" content=\"7 minutos\" \/>\n<script type=\"application\/ld+json\" class=\"yoast-schema-graph\">{\"@context\":\"https:\\\/\\\/schema.org\",\"@graph\":[{\"@type\":\"WebPage\",\"@id\":\"https:\\\/\\\/itr.ufrrj.br\\\/portal\\\/npj\\\/acoes-de-extensao\\\/\",\"url\":\"https:\\\/\\\/itr.ufrrj.br\\\/portal\\\/npj\\\/acoes-de-extensao\\\/\",\"name\":\"A\u00e7\u00f5es de Extens\u00e3o - Campus Tr\u00eas Rios | UFRRJ\",\"isPartOf\":{\"@id\":\"https:\\\/\\\/itr.ufrrj.br\\\/portal\\\/#website\"},\"primaryImageOfPage\":{\"@id\":\"https:\\\/\\\/itr.ufrrj.br\\\/portal\\\/npj\\\/acoes-de-extensao\\\/#primaryimage\"},\"image\":{\"@id\":\"https:\\\/\\\/itr.ufrrj.br\\\/portal\\\/npj\\\/acoes-de-extensao\\\/#primaryimage\"},\"thumbnailUrl\":\"https:\\\/\\\/lh5.googleusercontent.com\\\/NLK0Huz8yZs7i-SVLhN5GpPeTmXjCAdffNlL2BiqBqf3hv3dCa7hKj9qIHz83mUIxChkF01tPSZlKyvdHTPnKg_fI2EHNQ7gzHkbNXk1kmIAhqgkOwGVKXMEoyzn9Gs8_XCkvXRvMl6wM8ttDw\",\"datePublished\":\"2022-06-27T12:13:52+00:00\",\"dateModified\":\"2023-04-10T14:11:15+00:00\",\"breadcrumb\":{\"@id\":\"https:\\\/\\\/itr.ufrrj.br\\\/portal\\\/npj\\\/acoes-de-extensao\\\/#breadcrumb\"},\"inLanguage\":\"pt-BR\",\"potentialAction\":[{\"@type\":\"ReadAction\",\"target\":[\"https:\\\/\\\/itr.ufrrj.br\\\/portal\\\/npj\\\/acoes-de-extensao\\\/\"]}]},{\"@type\":\"ImageObject\",\"inLanguage\":\"pt-BR\",\"@id\":\"https:\\\/\\\/itr.ufrrj.br\\\/portal\\\/npj\\\/acoes-de-extensao\\\/#primaryimage\",\"url\":\"https:\\\/\\\/lh5.googleusercontent.com\\\/NLK0Huz8yZs7i-SVLhN5GpPeTmXjCAdffNlL2BiqBqf3hv3dCa7hKj9qIHz83mUIxChkF01tPSZlKyvdHTPnKg_fI2EHNQ7gzHkbNXk1kmIAhqgkOwGVKXMEoyzn9Gs8_XCkvXRvMl6wM8ttDw\",\"contentUrl\":\"https:\\\/\\\/lh5.googleusercontent.com\\\/NLK0Huz8yZs7i-SVLhN5GpPeTmXjCAdffNlL2BiqBqf3hv3dCa7hKj9qIHz83mUIxChkF01tPSZlKyvdHTPnKg_fI2EHNQ7gzHkbNXk1kmIAhqgkOwGVKXMEoyzn9Gs8_XCkvXRvMl6wM8ttDw\"},{\"@type\":\"BreadcrumbList\",\"@id\":\"https:\\\/\\\/itr.ufrrj.br\\\/portal\\\/npj\\\/acoes-de-extensao\\\/#breadcrumb\",\"itemListElement\":[{\"@type\":\"ListItem\",\"position\":1,\"name\":\"In\u00edcio\",\"item\":\"https:\\\/\\\/itr.ufrrj.br\\\/portal\\\/\"},{\"@type\":\"ListItem\",\"position\":2,\"name\":\"NPJ &#8211; N\u00facleo de Pr\u00e1tica Jur\u00eddica\",\"item\":\"https:\\\/\\\/itr.ufrrj.br\\\/portal\\\/npj\\\/\"},{\"@type\":\"ListItem\",\"position\":3,\"name\":\"A\u00e7\u00f5es de Extens\u00e3o\"}]},{\"@type\":\"WebSite\",\"@id\":\"https:\\\/\\\/itr.ufrrj.br\\\/portal\\\/#website\",\"url\":\"https:\\\/\\\/itr.ufrrj.br\\\/portal\\\/\",\"name\":\"Campus Tr\u00eas Rios | UFRRJ\",\"description\":\"Localizado na cidade de Tr\u00eas Rios - RJ\",\"publisher\":{\"@id\":\"https:\\\/\\\/itr.ufrrj.br\\\/portal\\\/#organization\"},\"potentialAction\":[{\"@type\":\"SearchAction\",\"target\":{\"@type\":\"EntryPoint\",\"urlTemplate\":\"https:\\\/\\\/itr.ufrrj.br\\\/portal\\\/?s={search_term_string}\"},\"query-input\":{\"@type\":\"PropertyValueSpecification\",\"valueRequired\":true,\"valueName\":\"search_term_string\"}}],\"inLanguage\":\"pt-BR\"},{\"@type\":\"Organization\",\"@id\":\"https:\\\/\\\/itr.ufrrj.br\\\/portal\\\/#organization\",\"name\":\"Instituto Tr\u00eas Rios\\\/UFRRJ\",\"url\":\"https:\\\/\\\/itr.ufrrj.br\\\/portal\\\/\",\"logo\":{\"@type\":\"ImageObject\",\"inLanguage\":\"pt-BR\",\"@id\":\"https:\\\/\\\/itr.ufrrj.br\\\/portal\\\/#\\\/schema\\\/logo\\\/image\\\/\",\"url\":\"https:\\\/\\\/itr.ufrrj.br\\\/portal\\\/wp-content\\\/uploads\\\/2020\\\/04\\\/logo-institutotresrios-ufrrj.png\",\"contentUrl\":\"https:\\\/\\\/itr.ufrrj.br\\\/portal\\\/wp-content\\\/uploads\\\/2020\\\/04\\\/logo-institutotresrios-ufrrj.png\",\"width\":1067,\"height\":240,\"caption\":\"Instituto Tr\u00eas Rios\\\/UFRRJ\"},\"image\":{\"@id\":\"https:\\\/\\\/itr.ufrrj.br\\\/portal\\\/#\\\/schema\\\/logo\\\/image\\\/\"},\"sameAs\":[\"https:\\\/\\\/www.facebook.com\\\/itr.ufrrj\"]}]}<\/script>\n<!-- \/ Yoast SEO plugin. -->","yoast_head_json":{"title":"A\u00e7\u00f5es de Extens\u00e3o - Campus Tr\u00eas Rios | UFRRJ","robots":{"index":"index","follow":"follow","max-snippet":"max-snippet:-1","max-image-preview":"max-image-preview:large","max-video-preview":"max-video-preview:-1"},"canonical":"https:\/\/itr.ufrrj.br\/portal\/npj\/acoes-de-extensao\/","og_locale":"pt_BR","og_type":"article","og_title":"A\u00e7\u00f5es de Extens\u00e3o - Campus Tr\u00eas Rios | UFRRJ","og_description":"Feir\u00e3o SERASA Limpa Nome O Laborat\u00f3rio de Pr\u00e1ticas Consensuais do NPJ\/ITR\/UFRRJ do Curso de Direito do ITR\/UFRRJ participou com uma equipe de discentes volunt\u00e1rios do II Feir\u00e3o Limpa Nomes de [&hellip;]","og_url":"https:\/\/itr.ufrrj.br\/portal\/npj\/acoes-de-extensao\/","og_site_name":"Campus Tr\u00eas Rios | UFRRJ","article_publisher":"https:\/\/www.facebook.com\/itr.ufrrj","article_modified_time":"2023-04-10T14:11:15+00:00","og_image":[{"url":"https:\/\/lh5.googleusercontent.com\/NLK0Huz8yZs7i-SVLhN5GpPeTmXjCAdffNlL2BiqBqf3hv3dCa7hKj9qIHz83mUIxChkF01tPSZlKyvdHTPnKg_fI2EHNQ7gzHkbNXk1kmIAhqgkOwGVKXMEoyzn9Gs8_XCkvXRvMl6wM8ttDw","type":"","width":"","height":""}],"twitter_card":"summary_large_image","twitter_misc":{"Est. tempo de leitura":"7 minutos"},"schema":{"@context":"https:\/\/schema.org","@graph":[{"@type":"WebPage","@id":"https:\/\/itr.ufrrj.br\/portal\/npj\/acoes-de-extensao\/","url":"https:\/\/itr.ufrrj.br\/portal\/npj\/acoes-de-extensao\/","name":"A\u00e7\u00f5es de Extens\u00e3o - Campus Tr\u00eas Rios | UFRRJ","isPartOf":{"@id":"https:\/\/itr.ufrrj.br\/portal\/#website"},"primaryImageOfPage":{"@id":"https:\/\/itr.ufrrj.br\/portal\/npj\/acoes-de-extensao\/#primaryimage"},"image":{"@id":"https:\/\/itr.ufrrj.br\/portal\/npj\/acoes-de-extensao\/#primaryimage"},"thumbnailUrl":"https:\/\/lh5.googleusercontent.com\/NLK0Huz8yZs7i-SVLhN5GpPeTmXjCAdffNlL2BiqBqf3hv3dCa7hKj9qIHz83mUIxChkF01tPSZlKyvdHTPnKg_fI2EHNQ7gzHkbNXk1kmIAhqgkOwGVKXMEoyzn9Gs8_XCkvXRvMl6wM8ttDw","datePublished":"2022-06-27T12:13:52+00:00","dateModified":"2023-04-10T14:11:15+00:00","breadcrumb":{"@id":"https:\/\/itr.ufrrj.br\/portal\/npj\/acoes-de-extensao\/#breadcrumb"},"inLanguage":"pt-BR","potentialAction":[{"@type":"ReadAction","target":["https:\/\/itr.ufrrj.br\/portal\/npj\/acoes-de-extensao\/"]}]},{"@type":"ImageObject","inLanguage":"pt-BR","@id":"https:\/\/itr.ufrrj.br\/portal\/npj\/acoes-de-extensao\/#primaryimage","url":"https:\/\/lh5.googleusercontent.com\/NLK0Huz8yZs7i-SVLhN5GpPeTmXjCAdffNlL2BiqBqf3hv3dCa7hKj9qIHz83mUIxChkF01tPSZlKyvdHTPnKg_fI2EHNQ7gzHkbNXk1kmIAhqgkOwGVKXMEoyzn9Gs8_XCkvXRvMl6wM8ttDw","contentUrl":"https:\/\/lh5.googleusercontent.com\/NLK0Huz8yZs7i-SVLhN5GpPeTmXjCAdffNlL2BiqBqf3hv3dCa7hKj9qIHz83mUIxChkF01tPSZlKyvdHTPnKg_fI2EHNQ7gzHkbNXk1kmIAhqgkOwGVKXMEoyzn9Gs8_XCkvXRvMl6wM8ttDw"},{"@type":"BreadcrumbList","@id":"https:\/\/itr.ufrrj.br\/portal\/npj\/acoes-de-extensao\/#breadcrumb","itemListElement":[{"@type":"ListItem","position":1,"name":"In\u00edcio","item":"https:\/\/itr.ufrrj.br\/portal\/"},{"@type":"ListItem","position":2,"name":"NPJ &#8211; N\u00facleo de Pr\u00e1tica Jur\u00eddica","item":"https:\/\/itr.ufrrj.br\/portal\/npj\/"},{"@type":"ListItem","position":3,"name":"A\u00e7\u00f5es de Extens\u00e3o"}]},{"@type":"WebSite","@id":"https:\/\/itr.ufrrj.br\/portal\/#website","url":"https:\/\/itr.ufrrj.br\/portal\/","name":"Campus Tr\u00eas Rios | UFRRJ","description":"Localizado na cidade de Tr\u00eas Rios - RJ","publisher":{"@id":"https:\/\/itr.ufrrj.br\/portal\/#organization"},"potentialAction":[{"@type":"SearchAction","target":{"@type":"EntryPoint","urlTemplate":"https:\/\/itr.ufrrj.br\/portal\/?s={search_term_string}"},"query-input":{"@type":"PropertyValueSpecification","valueRequired":true,"valueName":"search_term_string"}}],"inLanguage":"pt-BR"},{"@type":"Organization","@id":"https:\/\/itr.ufrrj.br\/portal\/#organization","name":"Instituto Tr\u00eas Rios\/UFRRJ","url":"https:\/\/itr.ufrrj.br\/portal\/","logo":{"@type":"ImageObject","inLanguage":"pt-BR","@id":"https:\/\/itr.ufrrj.br\/portal\/#\/schema\/logo\/image\/","url":"https:\/\/itr.ufrrj.br\/portal\/wp-content\/uploads\/2020\/04\/logo-institutotresrios-ufrrj.png","contentUrl":"https:\/\/itr.ufrrj.br\/portal\/wp-content\/uploads\/2020\/04\/logo-institutotresrios-ufrrj.png","width":1067,"height":240,"caption":"Instituto Tr\u00eas Rios\/UFRRJ"},"image":{"@id":"https:\/\/itr.ufrrj.br\/portal\/#\/schema\/logo\/image\/"},"sameAs":["https:\/\/www.facebook.com\/itr.ufrrj"]}]}},"jetpack_sharing_enabled":true,"amp_enabled":false,"_links":{"self":[{"href":"https:\/\/itr.ufrrj.br\/portal\/wp-json\/wp\/v2\/pages\/13268","targetHints":{"allow":["GET"]}}],"collection":[{"href":"https:\/\/itr.ufrrj.br\/portal\/wp-json\/wp\/v2\/pages"}],"about":[{"href":"https:\/\/itr.ufrrj.br\/portal\/wp-json\/wp\/v2\/types\/page"}],"author":[{"embeddable":true,"href":"https:\/\/itr.ufrrj.br\/portal\/wp-json\/wp\/v2\/users\/4"}],"replies":[{"embeddable":true,"href":"https:\/\/itr.ufrrj.br\/portal\/wp-json\/wp\/v2\/comments?post=13268"}],"version-history":[{"count":9,"href":"https:\/\/itr.ufrrj.br\/portal\/wp-json\/wp\/v2\/pages\/13268\/revisions"}],"predecessor-version":[{"id":17709,"href":"https:\/\/itr.ufrrj.br\/portal\/wp-json\/wp\/v2\/pages\/13268\/revisions\/17709"}],"up":[{"embeddable":true,"href":"https:\/\/itr.ufrrj.br\/portal\/wp-json\/wp\/v2\/pages\/8200"}],"wp:attachment":[{"href":"https:\/\/itr.ufrrj.br\/portal\/wp-json\/wp\/v2\/media?parent=13268"}],"curies":[{"name":"wp","href":"https:\/\/api.w.org\/{rel}","templated":true}]}}